{"id":24582,"date":"2022-09-05T14:28:50","date_gmt":"2022-09-05T14:28:50","guid":{"rendered":"https:\/\/www.checkedholidays.com\/home\/"},"modified":"2026-02-23T13:22:54","modified_gmt":"2026-02-23T13:22:54","slug":"home","status":"publish","type":"page","link":"https:\/\/www.checkedholidays.com\/sv\/","title":{"rendered":"Hemsida"},"content":{"rendered":"\n<h2 class=\"wp-block-heading has-text-align-center\"><strong>Hitta din perfekta semester p\u00e5 de spanska \u00f6arna<\/strong><\/h2>\n\n<p class=\"wp-block-paragraph\">Bra \u00e5ret runt<\/p>\n\n<ul class=\"wp-block-list\">\n<li><strong><u><a href=\"https:\/\/www.checkedholidays.com\/sv\/tag\/teneriffa-sv\/\" type=\"category\" id=\"59\">Teneriffa<\/a><\/u><\/strong> &#8211; B\u00e4st f\u00f6r familjer som vill ha variation, attraktioner och bekv\u00e4mlighet.<\/li>\n\n\n\n<li><strong><u><a href=\"https:\/\/www.checkedholidays.com\/sv\/tag\/gran-canaria-sv\/\" type=\"category\" id=\"60\">Gran Canaria<\/a><\/u><\/strong> &#8211; B\u00e4st f\u00f6r par och vuxna som vill ha nattliv, restauranger och shopping.<\/li>\n\n\n\n<li><strong><u><a href=\"https:\/\/www.checkedholidays.com\/sv\/tag\/lanzarote-sv\/\" type=\"category\" id=\"61\">Lanzarote<\/a><\/u><\/strong> &#8211; B\u00e4st f\u00f6r all inclusive-semester och avkopplande semester.<\/li>\n\n\n\n<li><strong><u><a href=\"https:\/\/www.checkedholidays.com\/sv\/tag\/fuerteventura-sv\/\" type=\"category\" id=\"309\">Fuerteventura<\/a><\/u><\/strong> &#8211; B\u00e4st f\u00f6r strandsemester med gott om utrymme.<\/li>\n<\/ul>\n\n<p class=\"wp-block-paragraph\">B\u00e4st fr\u00e5n maj till oktober<\/p>\n\n<ul class=\"wp-block-list\">\n<li><strong><u><a href=\"https:\/\/www.checkedholidays.com\/sv\/tag\/mallorca-sv\/\" type=\"category\" id=\"57\">Mallorca<\/a><\/u><\/strong> &#8211; B\u00e4st f\u00f6r familjer och variationss\u00f6kare som vill ha str\u00e4nder, utflykter och m\u00e5nga valm\u00f6jligheter.<\/li>\n\n\n\n<li><strong><u><a href=\"https:\/\/www.checkedholidays.com\/sv\/tag\/menorca-sv\/\" type=\"category\" id=\"91\">Menorca<\/a><\/u><\/strong> &#8211; B\u00e4st f\u00f6r lugna, avslappnade och familjev\u00e4nliga semestrar med autentisk charm.  <\/li>\n\n\n\n<li><strong><u><a href=\"https:\/\/www.checkedholidays.com\/sv\/guide\/ibiza-sv\/\" type=\"category\" id=\"633\">Ibiza<\/a><\/u><\/strong> &#8211; B\u00e4st f\u00f6r vuxna, par, nattliv, strandklubbar och eleganta semesterm\u00e5l.<\/li>\n<\/ul>\n","protected":false},"excerpt":{"rendered":"<p>Hitta din perfekta semester p\u00e5 de spanska \u00f6arna Bra \u00e5ret runt B\u00e4st fr\u00e5n maj till oktober<\/p>\n","protected":false},"author":1,"featured_media":0,"parent":0,"menu_order":0,"comment_status":"closed","ping_status":"closed","template":"","meta":{"_crdt_document":"","footnotes":""},"class_list":["post-24582","page","type-page","status-publish","hentry"],"yoast_head":"<!-- This site is optimized with the Yoast SEO plugin v27.5 - https:\/\/yoast.com\/product\/yoast-seo-wordpress\/ -->\n<title>Hitta din perfekta semester p\u00e5 de spanska \u00f6arna<\/title>\n<meta name=\"description\" content=\"Uppt\u00e4ck din perfekta semester p\u00e5 de spanska \u00f6arna, guidad av en expert med \u00f6ver 20 \u00e5rs erfarenhet.\" \/>\n<meta name=\"robots\" content=\"index, follow, max-snippet:-1, max-image-preview:large, max-video-preview:-1\" \/>\n<link rel=\"canonical\" href=\"https:\/\/www.checkedholidays.com\/sv\/\" \/>\n<meta property=\"og:locale\" content=\"sv_SE\" \/>\n<meta property=\"og:type\" content=\"article\" \/>\n<meta property=\"og:title\" content=\"Hitta din perfekta semester p\u00e5 de spanska \u00f6arna\" \/>\n<meta property=\"og:description\" content=\"Uppt\u00e4ck din perfekta semester p\u00e5 de spanska \u00f6arna, guidad av en expert med \u00f6ver 20 \u00e5rs erfarenhet.\" \/>\n<meta property=\"og:url\" content=\"https:\/\/www.checkedholidays.com\/sv\/\" \/>\n<meta property=\"og:site_name\" content=\"CheckedHolidays\" \/>\n<meta property=\"article:publisher\" content=\"http:\/\/www.facebook.com\/checkedholidays\" \/>\n<meta property=\"article:modified_time\" content=\"2026-02-23T13:22:54+00:00\" \/>\n<meta name=\"twitter:card\" content=\"summary_large_image\" \/>\n<meta name=\"twitter:site\" content=\"@checkedholidays\" \/>\n<meta name=\"twitter:label1\" content=\"Ber\u00e4knad l\u00e4stid\" \/>\n\t<meta name=\"twitter:data1\" content=\"1 minut\" \/>\n<script type=\"application\/ld+json\" class=\"yoast-schema-graph\">{\"@context\":\"https:\\\/\\\/schema.org\",\"@graph\":[{\"@type\":\"WebPage\",\"@id\":\"https:\\\/\\\/www.checkedholidays.com\\\/sv\\\/\",\"url\":\"https:\\\/\\\/www.checkedholidays.com\\\/sv\\\/\",\"name\":\"Hitta din perfekta semester p\u00e5 de spanska \u00f6arna\",\"isPartOf\":{\"@id\":\"https:\\\/\\\/www.checkedholidays.com\\\/sv\\\/#website\"},\"datePublished\":\"2022-09-05T14:28:50+00:00\",\"dateModified\":\"2026-02-23T13:22:54+00:00\",\"description\":\"Uppt\u00e4ck din perfekta semester p\u00e5 de spanska \u00f6arna, guidad av en expert med \u00f6ver 20 \u00e5rs erfarenhet.\",\"breadcrumb\":{\"@id\":\"https:\\\/\\\/www.checkedholidays.com\\\/sv\\\/#breadcrumb\"},\"inLanguage\":\"sv-SE\",\"potentialAction\":[{\"@type\":\"ReadAction\",\"target\":[\"https:\\\/\\\/www.checkedholidays.com\\\/sv\\\/\"]}]},{\"@type\":\"BreadcrumbList\",\"@id\":\"https:\\\/\\\/www.checkedholidays.com\\\/sv\\\/#breadcrumb\",\"itemListElement\":[{\"@type\":\"ListItem\",\"position\":1,\"name\":\"Home\",\"item\":\"https:\\\/\\\/www.checkedholidays.com\\\/sv\\\/\"},{\"@type\":\"ListItem\",\"position\":2,\"name\":\"Hemsida\"}]},{\"@type\":\"WebSite\",\"@id\":\"https:\\\/\\\/www.checkedholidays.com\\\/sv\\\/#website\",\"url\":\"https:\\\/\\\/www.checkedholidays.com\\\/sv\\\/\",\"name\":\"CheckedHolidays\",\"description\":\"Spanish island holidays... but better!\",\"potentialAction\":[{\"@type\":\"SearchAction\",\"target\":{\"@type\":\"EntryPoint\",\"urlTemplate\":\"https:\\\/\\\/www.checkedholidays.com\\\/sv\\\/?s={search_term_string}\"},\"query-input\":{\"@type\":\"PropertyValueSpecification\",\"valueRequired\":true,\"valueName\":\"search_term_string\"}}],\"inLanguage\":\"sv-SE\"}]}<\/script>\n<!-- \/ Yoast SEO plugin. -->","yoast_head_json":{"title":"Hitta din perfekta semester p\u00e5 de spanska \u00f6arna","description":"Uppt\u00e4ck din perfekta semester p\u00e5 de spanska \u00f6arna, guidad av en expert med \u00f6ver 20 \u00e5rs erfarenhet.","robots":{"index":"index","follow":"follow","max-snippet":"max-snippet:-1","max-image-preview":"max-image-preview:large","max-video-preview":"max-video-preview:-1"},"canonical":"https:\/\/www.checkedholidays.com\/sv\/","og_locale":"sv_SE","og_type":"article","og_title":"Hitta din perfekta semester p\u00e5 de spanska \u00f6arna","og_description":"Uppt\u00e4ck din perfekta semester p\u00e5 de spanska \u00f6arna, guidad av en expert med \u00f6ver 20 \u00e5rs erfarenhet.","og_url":"https:\/\/www.checkedholidays.com\/sv\/","og_site_name":"CheckedHolidays","article_publisher":"http:\/\/www.facebook.com\/checkedholidays","article_modified_time":"2026-02-23T13:22:54+00:00","twitter_card":"summary_large_image","twitter_site":"@checkedholidays","twitter_misc":{"Ber\u00e4knad l\u00e4stid":"1 minut"},"schema":{"@context":"https:\/\/schema.org","@graph":[{"@type":"WebPage","@id":"https:\/\/www.checkedholidays.com\/sv\/","url":"https:\/\/www.checkedholidays.com\/sv\/","name":"Hitta din perfekta semester p\u00e5 de spanska \u00f6arna","isPartOf":{"@id":"https:\/\/www.checkedholidays.com\/sv\/#website"},"datePublished":"2022-09-05T14:28:50+00:00","dateModified":"2026-02-23T13:22:54+00:00","description":"Uppt\u00e4ck din perfekta semester p\u00e5 de spanska \u00f6arna, guidad av en expert med \u00f6ver 20 \u00e5rs erfarenhet.","breadcrumb":{"@id":"https:\/\/www.checkedholidays.com\/sv\/#breadcrumb"},"inLanguage":"sv-SE","potentialAction":[{"@type":"ReadAction","target":["https:\/\/www.checkedholidays.com\/sv\/"]}]},{"@type":"BreadcrumbList","@id":"https:\/\/www.checkedholidays.com\/sv\/#breadcrumb","itemListElement":[{"@type":"ListItem","position":1,"name":"Home","item":"https:\/\/www.checkedholidays.com\/sv\/"},{"@type":"ListItem","position":2,"name":"Hemsida"}]},{"@type":"WebSite","@id":"https:\/\/www.checkedholidays.com\/sv\/#website","url":"https:\/\/www.checkedholidays.com\/sv\/","name":"CheckedHolidays","description":"Spanish island holidays... but better!","potentialAction":[{"@type":"SearchAction","target":{"@type":"EntryPoint","urlTemplate":"https:\/\/www.checkedholidays.com\/sv\/?s={search_term_string}"},"query-input":{"@type":"PropertyValueSpecification","valueRequired":true,"valueName":"search_term_string"}}],"inLanguage":"sv-SE"}]}},"jetpack_sharing_enabled":true,"_links":{"self":[{"href":"https:\/\/www.checkedholidays.com\/sv\/wp-json\/wp\/v2\/pages\/24582","targetHints":{"allow":["GET"]}}],"collection":[{"href":"https:\/\/www.checkedholidays.com\/sv\/wp-json\/wp\/v2\/pages"}],"about":[{"href":"https:\/\/www.checkedholidays.com\/sv\/wp-json\/wp\/v2\/types\/page"}],"author":[{"embeddable":true,"href":"https:\/\/www.checkedholidays.com\/sv\/wp-json\/wp\/v2\/users\/1"}],"replies":[{"embeddable":true,"href":"https:\/\/www.checkedholidays.com\/sv\/wp-json\/wp\/v2\/comments?post=24582"}],"version-history":[{"count":5,"href":"https:\/\/www.checkedholidays.com\/sv\/wp-json\/wp\/v2\/pages\/24582\/revisions"}],"predecessor-version":[{"id":113861,"href":"https:\/\/www.checkedholidays.com\/sv\/wp-json\/wp\/v2\/pages\/24582\/revisions\/113861"}],"wp:attachment":[{"href":"https:\/\/www.checkedholidays.com\/sv\/wp-json\/wp\/v2\/media?parent=24582"}],"curies":[{"name":"wp","href":"https:\/\/api.w.org\/{rel}","templated":true}]}}