{"id":24522,"date":"2022-09-05T12:51:34","date_gmt":"2022-09-05T12:51:34","guid":{"rendered":"https:\/\/www.checkedholidays.com\/affiliate-disclaimer\/"},"modified":"2022-09-05T12:51:35","modified_gmt":"2022-09-05T12:51:35","slug":"affiliate-disclaimer","status":"publish","type":"page","link":"https:\/\/www.checkedholidays.com\/sv\/affiliate-disclaimer\/","title":{"rendered":"Den h\u00e4r webbplatsen anv\u00e4nder affiliatel\u00e4nkar"},"content":{"rendered":"\n<p class=\"wp-block-paragraph\">Om du \u00e4r hj\u00e4lpt av min Youtube-kanal, webbplats <g class=\"gr_ gr_4 gr-alert gr_gramm gr_inline_cards gr_disable_anim_appear Punctuation only-ins replaceWithoutSep\" id=\"4\" data-gr-id=\"4\">och<\/g> guider och vill <strong>hj\u00e4lpa mig att hj\u00e4lpa dig<\/strong>&#8230; s\u00e5 \u00e4r det b\u00e4sta <strong>GRATIS<\/strong> s\u00e4ttet att anv\u00e4nda mina affiliatel\u00e4nkar.<\/p>\n\n<p class=\"wp-block-paragraph\">Affiliate-l\u00e4nkar \u00e4r mycket vanliga och anv\u00e4nds ofta, men jag tycker att det \u00e4r viktigt att du \u00e4r informerad om dem.<\/p>\n\n<p class=\"wp-block-paragraph\">Affiliate-l\u00e4nkar ser ut som vanliga l\u00e4nkar, men de informerar webbplatsen du g\u00e5r till om att du kom fr\u00e5n min webbplats. Om du k\u00f6per n\u00e5got p\u00e5 den webbplats som jag l\u00e4nkat till f\u00e5r jag en liten provision f\u00f6r att hj\u00e4lpa till att h\u00e5lla den h\u00e4r webbplatsen ig\u00e5ng.  <\/p>\n\n<p class=\"wp-block-paragraph\">Du betalar dock alltid samma pris som du brukar betala och ibland f\u00e5r du till och med en rabatt eller f\u00f6rdel om du anv\u00e4nder mina affiliate-l\u00e4nkar. Provisionen betalas av den andra webbplats\u00e4garen, inte av dig.<\/p>\n\n<p class=\"wp-block-paragraph\">Tack s\u00e5 mycket f\u00f6r att du anv\u00e4nder mina affiliatel\u00e4nkar och g\u00f6r det m\u00f6jligt f\u00f6r mig, webbplatsen och YouTube-kanalen att hj\u00e4lpa miljontals andra som du att f\u00e5 en \u00e4nnu b\u00e4ttre semester!<\/p>\n\n<p class=\"wp-block-paragraph\"><g class=\"gr_ gr_4 gr-alert gr_spell gr_inline_cards gr_run_anim ContextualSpelling ins-del multiReplace\" id=\"4\" data-gr-id=\"4\"><a href=\"https:\/\/www.checkedholidays.com\/sv\/om\/\">Ive<\/a><\/g><\/p>\n","protected":false},"excerpt":{"rendered":"<p>Om du \u00e4r hj\u00e4lpt av min Youtube-kanal, webbplats och guider och vill hj\u00e4lpa mig att hj\u00e4lpa dig&#8230; s\u00e5 \u00e4r det b\u00e4sta GRATIS s\u00e4ttet att anv\u00e4nda mina affiliatel\u00e4nkar. Affiliate-l\u00e4nkar \u00e4r mycket vanliga och anv\u00e4nds ofta, men jag tycker att det \u00e4r viktigt att du \u00e4r informerad om dem. Affiliate-l\u00e4nkar ser ut som vanliga l\u00e4nkar, men de [&hellip;]<\/p>\n","protected":false},"author":1,"featured_media":0,"parent":0,"menu_order":0,"comment_status":"closed","ping_status":"closed","template":"","meta":{"_crdt_document":"","footnotes":""},"class_list":["post-24522","page","type-page","status-publish","hentry"],"yoast_head":"<!-- This site is optimized with the Yoast SEO plugin v27.2 - https:\/\/yoast.com\/product\/yoast-seo-wordpress\/ -->\n<title>Den h\u00e4r webbplatsen anv\u00e4nder affiliatel\u00e4nkar - CheckedHolidays<\/title>\n<meta name=\"robots\" content=\"index, follow, max-snippet:-1, max-image-preview:large, max-video-preview:-1\" \/>\n<link rel=\"canonical\" href=\"https:\/\/www.checkedholidays.com\/sv\/affiliate-disclaimer\/\" \/>\n<meta property=\"og:locale\" content=\"sv_SE\" \/>\n<meta property=\"og:type\" content=\"article\" \/>\n<meta property=\"og:title\" content=\"Den h\u00e4r webbplatsen anv\u00e4nder affiliatel\u00e4nkar - CheckedHolidays\" \/>\n<meta property=\"og:description\" content=\"Om du \u00e4r hj\u00e4lpt av min Youtube-kanal, webbplats och guider och vill hj\u00e4lpa mig att hj\u00e4lpa dig&#8230; s\u00e5 \u00e4r det b\u00e4sta GRATIS s\u00e4ttet att anv\u00e4nda mina affiliatel\u00e4nkar. Affiliate-l\u00e4nkar \u00e4r mycket vanliga och anv\u00e4nds ofta, men jag tycker att det \u00e4r viktigt att du \u00e4r informerad om dem. Affiliate-l\u00e4nkar ser ut som vanliga l\u00e4nkar, men de [&hellip;]\" \/>\n<meta property=\"og:url\" content=\"https:\/\/www.checkedholidays.com\/sv\/affiliate-disclaimer\/\" \/>\n<meta property=\"og:site_name\" content=\"CheckedHolidays\" \/>\n<meta property=\"article:publisher\" content=\"http:\/\/www.facebook.com\/checkedholidays\" \/>\n<meta property=\"article:modified_time\" content=\"2022-09-05T12:51:35+00:00\" \/>\n<meta name=\"twitter:card\" content=\"summary_large_image\" \/>\n<meta name=\"twitter:site\" content=\"@checkedholidays\" \/>\n<meta name=\"twitter:label1\" content=\"Ber\u00e4knad l\u00e4stid\" \/>\n\t<meta name=\"twitter:data1\" content=\"1 minut\" \/>\n<script type=\"application\/ld+json\" class=\"yoast-schema-graph\">{\"@context\":\"https:\/\/schema.org\",\"@graph\":[{\"@type\":\"WebPage\",\"@id\":\"https:\/\/www.checkedholidays.com\/sv\/affiliate-disclaimer\/\",\"url\":\"https:\/\/www.checkedholidays.com\/sv\/affiliate-disclaimer\/\",\"name\":\"Den h\u00e4r webbplatsen anv\u00e4nder affiliatel\u00e4nkar - CheckedHolidays\",\"isPartOf\":{\"@id\":\"https:\/\/www.checkedholidays.com\/sv\/#website\"},\"datePublished\":\"2022-09-05T12:51:34+00:00\",\"dateModified\":\"2022-09-05T12:51:35+00:00\",\"breadcrumb\":{\"@id\":\"https:\/\/www.checkedholidays.com\/sv\/affiliate-disclaimer\/#breadcrumb\"},\"inLanguage\":\"sv-SE\",\"potentialAction\":[{\"@type\":\"ReadAction\",\"target\":[\"https:\/\/www.checkedholidays.com\/sv\/affiliate-disclaimer\/\"]}]},{\"@type\":\"BreadcrumbList\",\"@id\":\"https:\/\/www.checkedholidays.com\/sv\/affiliate-disclaimer\/#breadcrumb\",\"itemListElement\":[{\"@type\":\"ListItem\",\"position\":1,\"name\":\"Home\",\"item\":\"https:\/\/www.checkedholidays.com\/sv\/\"},{\"@type\":\"ListItem\",\"position\":2,\"name\":\"Den h\u00e4r webbplatsen anv\u00e4nder affiliatel\u00e4nkar\"}]},{\"@type\":\"WebSite\",\"@id\":\"https:\/\/www.checkedholidays.com\/sv\/#website\",\"url\":\"https:\/\/www.checkedholidays.com\/sv\/\",\"name\":\"CheckedHolidays\",\"description\":\"Spanish island holidays... but better!\",\"potentialAction\":[{\"@type\":\"SearchAction\",\"target\":{\"@type\":\"EntryPoint\",\"urlTemplate\":\"https:\/\/www.checkedholidays.com\/sv\/?s={search_term_string}\"},\"query-input\":{\"@type\":\"PropertyValueSpecification\",\"valueRequired\":true,\"valueName\":\"search_term_string\"}}],\"inLanguage\":\"sv-SE\"}]}<\/script>\n<!-- \/ Yoast SEO plugin. -->","yoast_head_json":{"title":"Den h\u00e4r webbplatsen anv\u00e4nder affiliatel\u00e4nkar - CheckedHolidays","robots":{"index":"index","follow":"follow","max-snippet":"max-snippet:-1","max-image-preview":"max-image-preview:large","max-video-preview":"max-video-preview:-1"},"canonical":"https:\/\/www.checkedholidays.com\/sv\/affiliate-disclaimer\/","og_locale":"sv_SE","og_type":"article","og_title":"Den h\u00e4r webbplatsen anv\u00e4nder affiliatel\u00e4nkar - CheckedHolidays","og_description":"Om du \u00e4r hj\u00e4lpt av min Youtube-kanal, webbplats och guider och vill hj\u00e4lpa mig att hj\u00e4lpa dig&#8230; s\u00e5 \u00e4r det b\u00e4sta GRATIS s\u00e4ttet att anv\u00e4nda mina affiliatel\u00e4nkar. Affiliate-l\u00e4nkar \u00e4r mycket vanliga och anv\u00e4nds ofta, men jag tycker att det \u00e4r viktigt att du \u00e4r informerad om dem. Affiliate-l\u00e4nkar ser ut som vanliga l\u00e4nkar, men de [&hellip;]","og_url":"https:\/\/www.checkedholidays.com\/sv\/affiliate-disclaimer\/","og_site_name":"CheckedHolidays","article_publisher":"http:\/\/www.facebook.com\/checkedholidays","article_modified_time":"2022-09-05T12:51:35+00:00","twitter_card":"summary_large_image","twitter_site":"@checkedholidays","twitter_misc":{"Ber\u00e4knad l\u00e4stid":"1 minut"},"schema":{"@context":"https:\/\/schema.org","@graph":[{"@type":"WebPage","@id":"https:\/\/www.checkedholidays.com\/sv\/affiliate-disclaimer\/","url":"https:\/\/www.checkedholidays.com\/sv\/affiliate-disclaimer\/","name":"Den h\u00e4r webbplatsen anv\u00e4nder affiliatel\u00e4nkar - CheckedHolidays","isPartOf":{"@id":"https:\/\/www.checkedholidays.com\/sv\/#website"},"datePublished":"2022-09-05T12:51:34+00:00","dateModified":"2022-09-05T12:51:35+00:00","breadcrumb":{"@id":"https:\/\/www.checkedholidays.com\/sv\/affiliate-disclaimer\/#breadcrumb"},"inLanguage":"sv-SE","potentialAction":[{"@type":"ReadAction","target":["https:\/\/www.checkedholidays.com\/sv\/affiliate-disclaimer\/"]}]},{"@type":"BreadcrumbList","@id":"https:\/\/www.checkedholidays.com\/sv\/affiliate-disclaimer\/#breadcrumb","itemListElement":[{"@type":"ListItem","position":1,"name":"Home","item":"https:\/\/www.checkedholidays.com\/sv\/"},{"@type":"ListItem","position":2,"name":"Den h\u00e4r webbplatsen anv\u00e4nder affiliatel\u00e4nkar"}]},{"@type":"WebSite","@id":"https:\/\/www.checkedholidays.com\/sv\/#website","url":"https:\/\/www.checkedholidays.com\/sv\/","name":"CheckedHolidays","description":"Spanish island holidays... but better!","potentialAction":[{"@type":"SearchAction","target":{"@type":"EntryPoint","urlTemplate":"https:\/\/www.checkedholidays.com\/sv\/?s={search_term_string}"},"query-input":{"@type":"PropertyValueSpecification","valueRequired":true,"valueName":"search_term_string"}}],"inLanguage":"sv-SE"}]}},"jetpack_sharing_enabled":true,"_links":{"self":[{"href":"https:\/\/www.checkedholidays.com\/sv\/wp-json\/wp\/v2\/pages\/24522","targetHints":{"allow":["GET"]}}],"collection":[{"href":"https:\/\/www.checkedholidays.com\/sv\/wp-json\/wp\/v2\/pages"}],"about":[{"href":"https:\/\/www.checkedholidays.com\/sv\/wp-json\/wp\/v2\/types\/page"}],"author":[{"embeddable":true,"href":"https:\/\/www.checkedholidays.com\/sv\/wp-json\/wp\/v2\/users\/1"}],"replies":[{"embeddable":true,"href":"https:\/\/www.checkedholidays.com\/sv\/wp-json\/wp\/v2\/comments?post=24522"}],"version-history":[{"count":1,"href":"https:\/\/www.checkedholidays.com\/sv\/wp-json\/wp\/v2\/pages\/24522\/revisions"}],"predecessor-version":[{"id":24523,"href":"https:\/\/www.checkedholidays.com\/sv\/wp-json\/wp\/v2\/pages\/24522\/revisions\/24523"}],"wp:attachment":[{"href":"https:\/\/www.checkedholidays.com\/sv\/wp-json\/wp\/v2\/media?parent=24522"}],"curies":[{"name":"wp","href":"https:\/\/api.w.org\/{rel}","templated":true}]}}