{"id":24504,"date":"2022-09-05T12:45:02","date_gmt":"2022-09-05T12:45:02","guid":{"rendered":"https:\/\/www.checkedholidays.com\/cookie-policy\/"},"modified":"2025-03-17T09:53:19","modified_gmt":"2025-03-17T09:53:19","slug":"cookie-policy","status":"publish","type":"page","link":"https:\/\/www.checkedholidays.com\/sv\/cookie-policy\/","title":{"rendered":"Cookie policy"},"content":{"rendered":"\n<h2 class=\"wp-block-heading\">Vad \u00e4r cookies?<\/h2>\n\n<p class=\"wp-block-paragraph\">Denna cookiepolicy f\u00f6rklarar vad cookies \u00e4r och hur vi anv\u00e4nder dem, vilka typer av cookies vi anv\u00e4nder, dvs. vilken information vi samlar in med hj\u00e4lp av cookies och hur den informationen anv\u00e4nds, samt hur du hanterar cookieinst\u00e4llningarna.<\/p>\n\n<p class=\"wp-block-paragraph\">Cookies \u00e4r sm\u00e5 textfiler som anv\u00e4nds f\u00f6r att lagra sm\u00e5 bitar av information. De lagras p\u00e5 din enhet n\u00e4r webbplatsen laddas i din webbl\u00e4sare. Dessa cookies hj\u00e4lper oss att f\u00e5 webbplatsen att fungera korrekt, g\u00f6ra den s\u00e4krare, ge en b\u00e4ttre anv\u00e4ndarupplevelse och f\u00f6rst\u00e5 hur webbplatsen fungerar och analysera vad som fungerar och var den beh\u00f6ver f\u00f6rb\u00e4ttras.<\/p>\n\n<h2 class=\"wp-block-heading\">Hur anv\u00e4nder vi cookies?<\/h2>\n\n<p class=\"wp-block-paragraph\">Liksom de flesta onlinetj\u00e4nster anv\u00e4nder v\u00e5r webbplats f\u00f6rstaparts- och tredjepartscookies f\u00f6r olika \u00e4ndam\u00e5l. F\u00f6rstapartscookies \u00e4r oftast n\u00f6dv\u00e4ndiga f\u00f6r att webbplatsen ska fungera p\u00e5 r\u00e4tt s\u00e4tt, och de samlar inte in n\u00e5gra av dina personligt identifierbara uppgifter.<\/p>\n\n<p class=\"wp-block-paragraph\">De tredjepartscookies som anv\u00e4nds p\u00e5 v\u00e5r webbplats anv\u00e4nds fr\u00e4mst f\u00f6r att f\u00f6rst\u00e5 hur webbplatsen fungerar, hur du interagerar med v\u00e5r webbplats, f\u00f6r att h\u00e5lla v\u00e5ra tj\u00e4nster s\u00e4kra, f\u00f6r att tillhandah\u00e5lla annonser som \u00e4r relevanta f\u00f6r dig och f\u00f6r att ge dig en b\u00e4ttre och f\u00f6rb\u00e4ttrad anv\u00e4ndarupplevelse och f\u00f6r att p\u00e5skynda dina framtida interaktioner med v\u00e5r webbplats.<\/p>\n\n<h2 class=\"wp-block-heading\">Typer av cookies som vi anv\u00e4nder<\/h2>\n\n<style>\n    a.cky-banner-element {\n        padding: 8px 30px;\n        background: #F8F9FA;\n        color: #858A8F;\n        border: 1px solid #DEE2E6;\n        box-sizing: border-box;\n        border-radius: 2px;\n        cursor: pointer;\n}\n<\/style>\n\n    <div class=\"cky-audit-table-element\"><\/div>\n\n<h2 class=\"wp-block-heading\">Hantera cookiepreferenser<\/h2>\n\n<a class=\"cky-banner-element\">Inst\u00e4llningar f\u00f6r cookies<\/a> <br\/>\n<p>\n<\/p>\n<p class=\"wp-block-paragraph\">Du kan \u00e4ndra dina cookiepreferenser n\u00e4r som helst genom att klicka p\u00e5 knappen ovan. D\u00e5 kan du \u00e5terg\u00e5 till bannern f\u00f6r samtycke till cookies och \u00e4ndra dina inst\u00e4llningar eller \u00e5terkalla ditt samtycke direkt.   <\/p>\n\n<p class=\"wp-block-paragraph\">Dessutom erbjuder olika webbl\u00e4sare olika metoder f\u00f6r att blockera och radera cookies som anv\u00e4nds av webbplatser. Du kan \u00e4ndra inst\u00e4llningarna i din webbl\u00e4sare f\u00f6r att blockera\/radera cookies.  <\/p>\n","protected":false},"excerpt":{"rendered":"<p>Vad \u00e4r cookies? Denna cookiepolicy f\u00f6rklarar vad cookies \u00e4r och hur vi anv\u00e4nder dem, vilka typer av cookies vi anv\u00e4nder, dvs. vilken information vi samlar in med hj\u00e4lp av cookies och hur den informationen anv\u00e4nds, samt hur du hanterar cookieinst\u00e4llningarna. Cookies \u00e4r sm\u00e5 textfiler som anv\u00e4nds f\u00f6r att lagra sm\u00e5 bitar av information. De lagras [&hellip;]<\/p>\n","protected":false},"author":1,"featured_media":0,"parent":0,"menu_order":0,"comment_status":"closed","ping_status":"closed","template":"","meta":{"_crdt_document":"","footnotes":""},"class_list":["post-24504","page","type-page","status-publish","hentry"],"yoast_head":"<!-- This site is optimized with the Yoast SEO plugin v27.2 - https:\/\/yoast.com\/product\/yoast-seo-wordpress\/ -->\n<title>Cookie policy<\/title>\n<meta name=\"robots\" content=\"index, follow, max-snippet:-1, max-image-preview:large, max-video-preview:-1\" \/>\n<link rel=\"canonical\" href=\"https:\/\/www.checkedholidays.com\/sv\/cookie-policy\/\" \/>\n<meta property=\"og:locale\" content=\"sv_SE\" \/>\n<meta property=\"og:type\" content=\"article\" \/>\n<meta property=\"og:title\" content=\"Cookie policy\" \/>\n<meta property=\"og:description\" content=\"Vad \u00e4r cookies? Denna cookiepolicy f\u00f6rklarar vad cookies \u00e4r och hur vi anv\u00e4nder dem, vilka typer av cookies vi anv\u00e4nder, dvs. vilken information vi samlar in med hj\u00e4lp av cookies och hur den informationen anv\u00e4nds, samt hur du hanterar cookieinst\u00e4llningarna. Cookies \u00e4r sm\u00e5 textfiler som anv\u00e4nds f\u00f6r att lagra sm\u00e5 bitar av information. De lagras [&hellip;]\" \/>\n<meta property=\"og:url\" content=\"https:\/\/www.checkedholidays.com\/sv\/cookie-policy\/\" \/>\n<meta property=\"og:site_name\" content=\"CheckedHolidays\" \/>\n<meta property=\"article:publisher\" content=\"http:\/\/www.facebook.com\/checkedholidays\" \/>\n<meta property=\"article:modified_time\" content=\"2025-03-17T09:53:19+00:00\" \/>\n<meta name=\"twitter:card\" content=\"summary_large_image\" \/>\n<meta name=\"twitter:site\" content=\"@checkedholidays\" \/>\n<meta name=\"twitter:label1\" content=\"Ber\u00e4knad l\u00e4stid\" \/>\n\t<meta name=\"twitter:data1\" content=\"2 minuter\" \/>\n<script type=\"application\/ld+json\" class=\"yoast-schema-graph\">{\"@context\":\"https:\/\/schema.org\",\"@graph\":[{\"@type\":\"WebPage\",\"@id\":\"https:\/\/www.checkedholidays.com\/sv\/cookie-policy\/\",\"url\":\"https:\/\/www.checkedholidays.com\/sv\/cookie-policy\/\",\"name\":\"Cookie policy\",\"isPartOf\":{\"@id\":\"https:\/\/www.checkedholidays.com\/sv\/#website\"},\"datePublished\":\"2022-09-05T12:45:02+00:00\",\"dateModified\":\"2025-03-17T09:53:19+00:00\",\"breadcrumb\":{\"@id\":\"https:\/\/www.checkedholidays.com\/sv\/cookie-policy\/#breadcrumb\"},\"inLanguage\":\"sv-SE\",\"potentialAction\":[{\"@type\":\"ReadAction\",\"target\":[\"https:\/\/www.checkedholidays.com\/sv\/cookie-policy\/\"]}]},{\"@type\":\"BreadcrumbList\",\"@id\":\"https:\/\/www.checkedholidays.com\/sv\/cookie-policy\/#breadcrumb\",\"itemListElement\":[{\"@type\":\"ListItem\",\"position\":1,\"name\":\"Home\",\"item\":\"https:\/\/www.checkedholidays.com\/sv\/\"},{\"@type\":\"ListItem\",\"position\":2,\"name\":\"Cookie policy\"}]},{\"@type\":\"WebSite\",\"@id\":\"https:\/\/www.checkedholidays.com\/sv\/#website\",\"url\":\"https:\/\/www.checkedholidays.com\/sv\/\",\"name\":\"CheckedHolidays\",\"description\":\"Spanish island holidays... but better!\",\"potentialAction\":[{\"@type\":\"SearchAction\",\"target\":{\"@type\":\"EntryPoint\",\"urlTemplate\":\"https:\/\/www.checkedholidays.com\/sv\/?s={search_term_string}\"},\"query-input\":{\"@type\":\"PropertyValueSpecification\",\"valueRequired\":true,\"valueName\":\"search_term_string\"}}],\"inLanguage\":\"sv-SE\"}]}<\/script>\n<!-- \/ Yoast SEO plugin. -->","yoast_head_json":{"title":"Cookie policy","robots":{"index":"index","follow":"follow","max-snippet":"max-snippet:-1","max-image-preview":"max-image-preview:large","max-video-preview":"max-video-preview:-1"},"canonical":"https:\/\/www.checkedholidays.com\/sv\/cookie-policy\/","og_locale":"sv_SE","og_type":"article","og_title":"Cookie policy","og_description":"Vad \u00e4r cookies? Denna cookiepolicy f\u00f6rklarar vad cookies \u00e4r och hur vi anv\u00e4nder dem, vilka typer av cookies vi anv\u00e4nder, dvs. vilken information vi samlar in med hj\u00e4lp av cookies och hur den informationen anv\u00e4nds, samt hur du hanterar cookieinst\u00e4llningarna. Cookies \u00e4r sm\u00e5 textfiler som anv\u00e4nds f\u00f6r att lagra sm\u00e5 bitar av information. De lagras [&hellip;]","og_url":"https:\/\/www.checkedholidays.com\/sv\/cookie-policy\/","og_site_name":"CheckedHolidays","article_publisher":"http:\/\/www.facebook.com\/checkedholidays","article_modified_time":"2025-03-17T09:53:19+00:00","twitter_card":"summary_large_image","twitter_site":"@checkedholidays","twitter_misc":{"Ber\u00e4knad l\u00e4stid":"2 minuter"},"schema":{"@context":"https:\/\/schema.org","@graph":[{"@type":"WebPage","@id":"https:\/\/www.checkedholidays.com\/sv\/cookie-policy\/","url":"https:\/\/www.checkedholidays.com\/sv\/cookie-policy\/","name":"Cookie policy","isPartOf":{"@id":"https:\/\/www.checkedholidays.com\/sv\/#website"},"datePublished":"2022-09-05T12:45:02+00:00","dateModified":"2025-03-17T09:53:19+00:00","breadcrumb":{"@id":"https:\/\/www.checkedholidays.com\/sv\/cookie-policy\/#breadcrumb"},"inLanguage":"sv-SE","potentialAction":[{"@type":"ReadAction","target":["https:\/\/www.checkedholidays.com\/sv\/cookie-policy\/"]}]},{"@type":"BreadcrumbList","@id":"https:\/\/www.checkedholidays.com\/sv\/cookie-policy\/#breadcrumb","itemListElement":[{"@type":"ListItem","position":1,"name":"Home","item":"https:\/\/www.checkedholidays.com\/sv\/"},{"@type":"ListItem","position":2,"name":"Cookie policy"}]},{"@type":"WebSite","@id":"https:\/\/www.checkedholidays.com\/sv\/#website","url":"https:\/\/www.checkedholidays.com\/sv\/","name":"CheckedHolidays","description":"Spanish island holidays... but better!","potentialAction":[{"@type":"SearchAction","target":{"@type":"EntryPoint","urlTemplate":"https:\/\/www.checkedholidays.com\/sv\/?s={search_term_string}"},"query-input":{"@type":"PropertyValueSpecification","valueRequired":true,"valueName":"search_term_string"}}],"inLanguage":"sv-SE"}]}},"jetpack_sharing_enabled":true,"_links":{"self":[{"href":"https:\/\/www.checkedholidays.com\/sv\/wp-json\/wp\/v2\/pages\/24504","targetHints":{"allow":["GET"]}}],"collection":[{"href":"https:\/\/www.checkedholidays.com\/sv\/wp-json\/wp\/v2\/pages"}],"about":[{"href":"https:\/\/www.checkedholidays.com\/sv\/wp-json\/wp\/v2\/types\/page"}],"author":[{"embeddable":true,"href":"https:\/\/www.checkedholidays.com\/sv\/wp-json\/wp\/v2\/users\/1"}],"replies":[{"embeddable":true,"href":"https:\/\/www.checkedholidays.com\/sv\/wp-json\/wp\/v2\/comments?post=24504"}],"version-history":[{"count":2,"href":"https:\/\/www.checkedholidays.com\/sv\/wp-json\/wp\/v2\/pages\/24504\/revisions"}],"predecessor-version":[{"id":103219,"href":"https:\/\/www.checkedholidays.com\/sv\/wp-json\/wp\/v2\/pages\/24504\/revisions\/103219"}],"wp:attachment":[{"href":"https:\/\/www.checkedholidays.com\/sv\/wp-json\/wp\/v2\/media?parent=24504"}],"curies":[{"name":"wp","href":"https:\/\/api.w.org\/{rel}","templated":true}]}}