{"id":24490,"date":"2022-09-05T12:39:17","date_gmt":"2022-09-05T12:39:17","guid":{"rendered":"https:\/\/www.checkedholidays.com\/om-checkedholidays\/"},"modified":"2023-12-02T12:37:32","modified_gmt":"2023-12-02T12:37:32","slug":"om-checkedholidays","status":"publish","type":"page","link":"https:\/\/www.checkedholidays.com\/sv\/om-checkedholidays\/","title":{"rendered":"Om CheckedHolidays"},"content":{"rendered":"\n<p class=\"wp-block-paragraph\">CheckedHolidays grundades 2012 efter att ha m\u00e4rkt att det fanns mycket felaktig information p\u00e5 internet om semester p\u00e5 de spanska \u00f6arna. Denna felaktiga information p\u00e5verkade m\u00e4nniskors semester negativt, s\u00e5 vi gjorde en YouTube-video f\u00f6r att korrigera denna felaktiga information. Efter att den hade tagits upp och presenterats i Express n\u00e5dde den \u00f6ver 100 000 tittare. D\u00e4refter blev vi inspirerade att g\u00f6ra mer!<\/p>\n\n<p class=\"has-text-align-center has-large-font-size wp-block-paragraph\"><strong>Kontakta<\/strong><\/p>\n\n<p class=\"has-text-align-center has-large-font-size wp-block-paragraph\"><strong>info(at)CheckedHolidays.com<\/strong><\/p>\n\n<h2 class=\"wp-block-heading\">Webbplats<\/h2>\n\n<p class=\"wp-block-paragraph\">2019 var det f\u00f6rsta hela \u00e5ret f\u00f6r webbplatsen, som n\u00e5dde cirka 1 000 l\u00e4sare varje m\u00e5nad. Nu, 2022, finns det \u00f6ver 30 000 unika engelskspr\u00e5kiga l\u00e4sare varje m\u00e5nad.  <\/p>\n\n<p class=\"wp-block-paragraph\">Sedan augusti 2022 finns webbplatsen tillg\u00e4nglig p\u00e5 alla st\u00f6rre europeiska spr\u00e5k, vilket g\u00f6r att antalet l\u00e4sare \u00f6kar \u00e4nnu snabbare.<\/p>\n\n<p class=\"wp-block-paragraph\">M\u00e5let f\u00f6r denna webbplats \u00e5r 2023 \u00e4r att hj\u00e4lpa \u00f6ver <strong>\n  <span style=\"text-decoration: underline;\">EN HALV MILJON<\/span>\n<\/strong> m\u00e4nniskor att f\u00e5 en b\u00e4ttre semester!<\/p>\n\n<figure class=\"wp-block-image size-large\"><img data-recalc-dims=\"1\" loading=\"lazy\" decoding=\"async\" width=\"1024\" height=\"233\" src=\"https:\/\/i0.wp.com\/www.checkedholidays.com\/wp-content\/uploads\/2023\/01\/Screenshot-2023-01-28-at-20.09.55.png?resize=1024%2C233&#038;ssl=1\" alt=\"\" class=\"wp-image-37413\" srcset=\"https:\/\/i0.wp.com\/www.checkedholidays.com\/wp-content\/uploads\/2023\/01\/Screenshot-2023-01-28-at-20.09.55.png?resize=1024%2C233&amp;ssl=1 1024w, https:\/\/i0.wp.com\/www.checkedholidays.com\/wp-content\/uploads\/2023\/01\/Screenshot-2023-01-28-at-20.09.55.png?resize=300%2C68&amp;ssl=1 300w, https:\/\/i0.wp.com\/www.checkedholidays.com\/wp-content\/uploads\/2023\/01\/Screenshot-2023-01-28-at-20.09.55.png?resize=768%2C175&amp;ssl=1 768w, https:\/\/i0.wp.com\/www.checkedholidays.com\/wp-content\/uploads\/2023\/01\/Screenshot-2023-01-28-at-20.09.55.png?resize=1536%2C350&amp;ssl=1 1536w, https:\/\/i0.wp.com\/www.checkedholidays.com\/wp-content\/uploads\/2023\/01\/Screenshot-2023-01-28-at-20.09.55.png?resize=1920%2C437&amp;ssl=1 1920w, https:\/\/i0.wp.com\/www.checkedholidays.com\/wp-content\/uploads\/2023\/01\/Screenshot-2023-01-28-at-20.09.55.png?resize=600%2C137&amp;ssl=1 600w, https:\/\/i0.wp.com\/www.checkedholidays.com\/wp-content\/uploads\/2023\/01\/Screenshot-2023-01-28-at-20.09.55.png?resize=800%2C182&amp;ssl=1 800w, https:\/\/i0.wp.com\/www.checkedholidays.com\/wp-content\/uploads\/2023\/01\/Screenshot-2023-01-28-at-20.09.55.png?w=1968&amp;ssl=1 1968w\" sizes=\"auto, (max-width: 1024px) 100vw, 1024px\" \/><\/figure>\n\n<h2 class=\"wp-block-heading\">YouTube<\/h2>\n\n<p class=\"wp-block-paragraph\"> <a href=\"http:\/\/youtube.com\/checkedholidays\">YouTube-kanalen<\/a> startade 2012 men fick fler videor 2015 och \u00e4nnu fler 2018. Efter en enorm nedg\u00e5ng i antalet visningar 2020 p\u00e5 grund av reserestriktioner n\u00e5r den f\u00f6r n\u00e4rvarande \u00f6ver 125 000 tittare varje m\u00e5nad och v\u00e4xer.<\/p>\n\n<figure class=\"wp-block-image size-large\"><img data-recalc-dims=\"1\" loading=\"lazy\" decoding=\"async\" width=\"1024\" height=\"230\" src=\"https:\/\/i0.wp.com\/www.checkedholidays.com\/wp-content\/uploads\/2023\/01\/Screenshot-2023-01-28-at-20.14.02.png?resize=1024%2C230&#038;ssl=1\" alt=\"\" class=\"wp-image-37429\" srcset=\"https:\/\/i0.wp.com\/www.checkedholidays.com\/wp-content\/uploads\/2023\/01\/Screenshot-2023-01-28-at-20.14.02.png?resize=1024%2C230&amp;ssl=1 1024w, https:\/\/i0.wp.com\/www.checkedholidays.com\/wp-content\/uploads\/2023\/01\/Screenshot-2023-01-28-at-20.14.02.png?resize=300%2C67&amp;ssl=1 300w, https:\/\/i0.wp.com\/www.checkedholidays.com\/wp-content\/uploads\/2023\/01\/Screenshot-2023-01-28-at-20.14.02.png?resize=768%2C172&amp;ssl=1 768w, https:\/\/i0.wp.com\/www.checkedholidays.com\/wp-content\/uploads\/2023\/01\/Screenshot-2023-01-28-at-20.14.02.png?resize=1536%2C345&amp;ssl=1 1536w, https:\/\/i0.wp.com\/www.checkedholidays.com\/wp-content\/uploads\/2023\/01\/Screenshot-2023-01-28-at-20.14.02.png?resize=2048%2C460&amp;ssl=1 2048w, https:\/\/i0.wp.com\/www.checkedholidays.com\/wp-content\/uploads\/2023\/01\/Screenshot-2023-01-28-at-20.14.02.png?resize=1920%2C431&amp;ssl=1 1920w, https:\/\/i0.wp.com\/www.checkedholidays.com\/wp-content\/uploads\/2023\/01\/Screenshot-2023-01-28-at-20.14.02.png?resize=600%2C135&amp;ssl=1 600w, https:\/\/i0.wp.com\/www.checkedholidays.com\/wp-content\/uploads\/2023\/01\/Screenshot-2023-01-28-at-20.14.02.png?resize=800%2C180&amp;ssl=1 800w, https:\/\/i0.wp.com\/www.checkedholidays.com\/wp-content\/uploads\/2023\/01\/Screenshot-2023-01-28-at-20.14.02.png?w=2388&amp;ssl=1 2388w\" sizes=\"auto, (max-width: 1024px) 100vw, 1024px\" \/><\/figure>\n\n<h2 class=\"wp-block-heading\">Samarbeten och reklam<\/h2>\n\n<p class=\"wp-block-paragraph\">P\u00e5 CheckedHolidays.com pratar vi om bra och d\u00e5liga semesterm\u00e5l f\u00f6r att kunna ge de b\u00e4sta semesterr\u00e5den. Det \u00e4r en av anledningarna till att v\u00e5r webbplats \u00e4r<strong> betrodd och \u00e4lskad av en st\u00e4ndigt v\u00e4xande l\u00e4sekrets<\/strong>. F\u00f6r att kunna forts\u00e4tta erbjuda h\u00f6gkvalitativ och oberoende semesterr\u00e5dgivning g\u00f6r vi inga betalda kampanjer f\u00f6r produkter eller tj\u00e4nster som vi inte tror p\u00e5. Men om du tycker att vi har f\u00f6rbisett ditt hotell, din resort, attraktion, utflykt eller tj\u00e4nst och vill att vi ska ta med det gratis p\u00e5 webbplatsen. Kontakta oss, s\u00e5 kan du efter en personlig granskning bli utvald.<\/p>\n\n<p class=\"has-text-align-center has-large-font-size wp-block-paragraph\"><strong>Kontakta<\/strong><\/p>\n\n<p class=\"has-text-align-center has-large-font-size wp-block-paragraph\"><strong>info(at)CheckedHolidays.com<\/strong><\/p>\n","protected":false},"excerpt":{"rendered":"<p>CheckedHolidays grundades 2012 efter att ha m\u00e4rkt att det fanns mycket felaktig information p\u00e5 internet om semester p\u00e5 de spanska \u00f6arna. Denna felaktiga information p\u00e5verkade m\u00e4nniskors semester negativt, s\u00e5 vi gjorde en YouTube-video f\u00f6r att korrigera denna felaktiga information. Efter att den hade tagits upp och presenterats i Express n\u00e5dde den \u00f6ver 100 000 tittare. [&hellip;]<\/p>\n","protected":false},"author":1,"featured_media":18806,"parent":0,"menu_order":0,"comment_status":"closed","ping_status":"closed","template":"","meta":{"_crdt_document":"","footnotes":""},"class_list":["post-24490","page","type-page","status-publish","has-post-thumbnail","hentry"],"yoast_head":"<!-- This site is optimized with the Yoast SEO plugin v27.2 - https:\/\/yoast.com\/product\/yoast-seo-wordpress\/ -->\n<title>Om CheckedHolidays<\/title>\n<meta name=\"robots\" content=\"index, follow, max-snippet:-1, max-image-preview:large, max-video-preview:-1\" \/>\n<link rel=\"canonical\" href=\"https:\/\/www.checkedholidays.com\/sv\/om-checkedholidays\/\" \/>\n<meta property=\"og:locale\" content=\"sv_SE\" \/>\n<meta property=\"og:type\" content=\"article\" \/>\n<meta property=\"og:title\" content=\"Om CheckedHolidays\" \/>\n<meta property=\"og:description\" content=\"CheckedHolidays grundades 2012 efter att ha m\u00e4rkt att det fanns mycket felaktig information p\u00e5 internet om semester p\u00e5 de spanska \u00f6arna. Denna felaktiga information p\u00e5verkade m\u00e4nniskors semester negativt, s\u00e5 vi gjorde en YouTube-video f\u00f6r att korrigera denna felaktiga information. Efter att den hade tagits upp och presenterats i Express n\u00e5dde den \u00f6ver 100 000 tittare. [&hellip;]\" \/>\n<meta property=\"og:url\" content=\"https:\/\/www.checkedholidays.com\/sv\/om-checkedholidays\/\" \/>\n<meta property=\"og:site_name\" content=\"CheckedHolidays\" \/>\n<meta property=\"article:publisher\" content=\"http:\/\/www.facebook.com\/checkedholidays\" \/>\n<meta property=\"article:modified_time\" content=\"2023-12-02T12:37:32+00:00\" \/>\n<meta property=\"og:image\" content=\"https:\/\/i0.wp.com\/www.checkedholidays.com\/wp-content\/uploads\/2022\/06\/Website-growth.png?fit=1874%2C452&ssl=1\" \/>\n\t<meta property=\"og:image:width\" content=\"1874\" \/>\n\t<meta property=\"og:image:height\" content=\"452\" \/>\n\t<meta property=\"og:image:type\" content=\"image\/png\" \/>\n<meta name=\"twitter:card\" content=\"summary_large_image\" \/>\n<meta name=\"twitter:site\" content=\"@checkedholidays\" \/>\n<meta name=\"twitter:label1\" content=\"Ber\u00e4knad l\u00e4stid\" \/>\n\t<meta name=\"twitter:data1\" content=\"2 minuter\" \/>\n<script type=\"application\/ld+json\" class=\"yoast-schema-graph\">{\"@context\":\"https:\/\/schema.org\",\"@graph\":[{\"@type\":\"WebPage\",\"@id\":\"https:\/\/www.checkedholidays.com\/sv\/om-checkedholidays\/\",\"url\":\"https:\/\/www.checkedholidays.com\/sv\/om-checkedholidays\/\",\"name\":\"Om CheckedHolidays\",\"isPartOf\":{\"@id\":\"https:\/\/www.checkedholidays.com\/sv\/#website\"},\"primaryImageOfPage\":{\"@id\":\"https:\/\/www.checkedholidays.com\/sv\/om-checkedholidays\/#primaryimage\"},\"image\":{\"@id\":\"https:\/\/www.checkedholidays.com\/sv\/om-checkedholidays\/#primaryimage\"},\"thumbnailUrl\":\"https:\/\/i0.wp.com\/www.checkedholidays.com\/wp-content\/uploads\/2022\/06\/Website-growth.png?fit=1874%2C452&ssl=1\",\"datePublished\":\"2022-09-05T12:39:17+00:00\",\"dateModified\":\"2023-12-02T12:37:32+00:00\",\"breadcrumb\":{\"@id\":\"https:\/\/www.checkedholidays.com\/sv\/om-checkedholidays\/#breadcrumb\"},\"inLanguage\":\"sv-SE\",\"potentialAction\":[{\"@type\":\"ReadAction\",\"target\":[\"https:\/\/www.checkedholidays.com\/sv\/om-checkedholidays\/\"]}]},{\"@type\":\"ImageObject\",\"inLanguage\":\"sv-SE\",\"@id\":\"https:\/\/www.checkedholidays.com\/sv\/om-checkedholidays\/#primaryimage\",\"url\":\"https:\/\/i0.wp.com\/www.checkedholidays.com\/wp-content\/uploads\/2022\/06\/Website-growth.png?fit=1874%2C452&ssl=1\",\"contentUrl\":\"https:\/\/i0.wp.com\/www.checkedholidays.com\/wp-content\/uploads\/2022\/06\/Website-growth.png?fit=1874%2C452&ssl=1\",\"width\":1874,\"height\":452},{\"@type\":\"BreadcrumbList\",\"@id\":\"https:\/\/www.checkedholidays.com\/sv\/om-checkedholidays\/#breadcrumb\",\"itemListElement\":[{\"@type\":\"ListItem\",\"position\":1,\"name\":\"Home\",\"item\":\"https:\/\/www.checkedholidays.com\/sv\/\"},{\"@type\":\"ListItem\",\"position\":2,\"name\":\"Om CheckedHolidays\"}]},{\"@type\":\"WebSite\",\"@id\":\"https:\/\/www.checkedholidays.com\/sv\/#website\",\"url\":\"https:\/\/www.checkedholidays.com\/sv\/\",\"name\":\"CheckedHolidays\",\"description\":\"Spanish island holidays... but better!\",\"potentialAction\":[{\"@type\":\"SearchAction\",\"target\":{\"@type\":\"EntryPoint\",\"urlTemplate\":\"https:\/\/www.checkedholidays.com\/sv\/?s={search_term_string}\"},\"query-input\":{\"@type\":\"PropertyValueSpecification\",\"valueRequired\":true,\"valueName\":\"search_term_string\"}}],\"inLanguage\":\"sv-SE\"}]}<\/script>\n<!-- \/ Yoast SEO plugin. -->","yoast_head_json":{"title":"Om CheckedHolidays","robots":{"index":"index","follow":"follow","max-snippet":"max-snippet:-1","max-image-preview":"max-image-preview:large","max-video-preview":"max-video-preview:-1"},"canonical":"https:\/\/www.checkedholidays.com\/sv\/om-checkedholidays\/","og_locale":"sv_SE","og_type":"article","og_title":"Om CheckedHolidays","og_description":"CheckedHolidays grundades 2012 efter att ha m\u00e4rkt att det fanns mycket felaktig information p\u00e5 internet om semester p\u00e5 de spanska \u00f6arna. Denna felaktiga information p\u00e5verkade m\u00e4nniskors semester negativt, s\u00e5 vi gjorde en YouTube-video f\u00f6r att korrigera denna felaktiga information. Efter att den hade tagits upp och presenterats i Express n\u00e5dde den \u00f6ver 100 000 tittare. [&hellip;]","og_url":"https:\/\/www.checkedholidays.com\/sv\/om-checkedholidays\/","og_site_name":"CheckedHolidays","article_publisher":"http:\/\/www.facebook.com\/checkedholidays","article_modified_time":"2023-12-02T12:37:32+00:00","og_image":[{"width":1874,"height":452,"url":"https:\/\/i0.wp.com\/www.checkedholidays.com\/wp-content\/uploads\/2022\/06\/Website-growth.png?fit=1874%2C452&ssl=1","type":"image\/png"}],"twitter_card":"summary_large_image","twitter_site":"@checkedholidays","twitter_misc":{"Ber\u00e4knad l\u00e4stid":"2 minuter"},"schema":{"@context":"https:\/\/schema.org","@graph":[{"@type":"WebPage","@id":"https:\/\/www.checkedholidays.com\/sv\/om-checkedholidays\/","url":"https:\/\/www.checkedholidays.com\/sv\/om-checkedholidays\/","name":"Om CheckedHolidays","isPartOf":{"@id":"https:\/\/www.checkedholidays.com\/sv\/#website"},"primaryImageOfPage":{"@id":"https:\/\/www.checkedholidays.com\/sv\/om-checkedholidays\/#primaryimage"},"image":{"@id":"https:\/\/www.checkedholidays.com\/sv\/om-checkedholidays\/#primaryimage"},"thumbnailUrl":"https:\/\/i0.wp.com\/www.checkedholidays.com\/wp-content\/uploads\/2022\/06\/Website-growth.png?fit=1874%2C452&ssl=1","datePublished":"2022-09-05T12:39:17+00:00","dateModified":"2023-12-02T12:37:32+00:00","breadcrumb":{"@id":"https:\/\/www.checkedholidays.com\/sv\/om-checkedholidays\/#breadcrumb"},"inLanguage":"sv-SE","potentialAction":[{"@type":"ReadAction","target":["https:\/\/www.checkedholidays.com\/sv\/om-checkedholidays\/"]}]},{"@type":"ImageObject","inLanguage":"sv-SE","@id":"https:\/\/www.checkedholidays.com\/sv\/om-checkedholidays\/#primaryimage","url":"https:\/\/i0.wp.com\/www.checkedholidays.com\/wp-content\/uploads\/2022\/06\/Website-growth.png?fit=1874%2C452&ssl=1","contentUrl":"https:\/\/i0.wp.com\/www.checkedholidays.com\/wp-content\/uploads\/2022\/06\/Website-growth.png?fit=1874%2C452&ssl=1","width":1874,"height":452},{"@type":"BreadcrumbList","@id":"https:\/\/www.checkedholidays.com\/sv\/om-checkedholidays\/#breadcrumb","itemListElement":[{"@type":"ListItem","position":1,"name":"Home","item":"https:\/\/www.checkedholidays.com\/sv\/"},{"@type":"ListItem","position":2,"name":"Om CheckedHolidays"}]},{"@type":"WebSite","@id":"https:\/\/www.checkedholidays.com\/sv\/#website","url":"https:\/\/www.checkedholidays.com\/sv\/","name":"CheckedHolidays","description":"Spanish island holidays... but better!","potentialAction":[{"@type":"SearchAction","target":{"@type":"EntryPoint","urlTemplate":"https:\/\/www.checkedholidays.com\/sv\/?s={search_term_string}"},"query-input":{"@type":"PropertyValueSpecification","valueRequired":true,"valueName":"search_term_string"}}],"inLanguage":"sv-SE"}]}},"jetpack_sharing_enabled":true,"_links":{"self":[{"href":"https:\/\/www.checkedholidays.com\/sv\/wp-json\/wp\/v2\/pages\/24490","targetHints":{"allow":["GET"]}}],"collection":[{"href":"https:\/\/www.checkedholidays.com\/sv\/wp-json\/wp\/v2\/pages"}],"about":[{"href":"https:\/\/www.checkedholidays.com\/sv\/wp-json\/wp\/v2\/types\/page"}],"author":[{"embeddable":true,"href":"https:\/\/www.checkedholidays.com\/sv\/wp-json\/wp\/v2\/users\/1"}],"replies":[{"embeddable":true,"href":"https:\/\/www.checkedholidays.com\/sv\/wp-json\/wp\/v2\/comments?post=24490"}],"version-history":[{"count":5,"href":"https:\/\/www.checkedholidays.com\/sv\/wp-json\/wp\/v2\/pages\/24490\/revisions"}],"predecessor-version":[{"id":78421,"href":"https:\/\/www.checkedholidays.com\/sv\/wp-json\/wp\/v2\/pages\/24490\/revisions\/78421"}],"wp:featuredmedia":[{"embeddable":true,"href":"https:\/\/www.checkedholidays.com\/sv\/wp-json\/wp\/v2\/media\/18806"}],"wp:attachment":[{"href":"https:\/\/www.checkedholidays.com\/sv\/wp-json\/wp\/v2\/media?parent=24490"}],"curies":[{"name":"wp","href":"https:\/\/api.w.org\/{rel}","templated":true}]}}