{"id":24470,"date":"2022-09-05T12:35:46","date_gmt":"2022-09-05T12:35:46","guid":{"rendered":"https:\/\/www.checkedholidays.com\/om\/"},"modified":"2022-09-05T12:35:52","modified_gmt":"2022-09-05T12:35:52","slug":"om","status":"publish","type":"page","link":"https:\/\/www.checkedholidays.com\/sv\/om\/","title":{"rendered":"Om mig"},"content":{"rendered":"\n<p class=\"has-text-align-left wp-block-paragraph\">Ja, CheckHolidays \u00e4r jag, en vanlig person i verkligheten&#8230; mitt riktiga namn \u00e4r Ive. Jag skriver, filmar, redigerar, skapar och publicerar alla mina semesterguider (99 %) sj\u00e4lv. Men n\u00e4r jag b\u00f6rjade ville jag ha ett namn som s\u00e5g &#8220;professionellt&#8221; ut&#8230; nu \u00e4r jag fast med det. P\u00e5 den h\u00e4r sidan vill jag ber\u00e4tta lite mer om mig sj\u00e4lv och visa att jag \u00e4r en vanlig person som genom omst\u00e4ndigheterna blev en av de mest framst\u00e5ende semesterr\u00e5dgivarna om de spanska \u00f6arna.  <\/p>\n<div class=\"wp-block-image\">\n<figure class=\"aligncenter is-resized\"><img loading=\"lazy\" decoding=\"async\" src=\"https:\/\/i1.wp.com\/www.checkedholidays.com\/wp-content\/uploads\/2019\/03\/IMG_20141017_152816-MOTION.gif?fit=768%2C1024&amp;ssl=1\" alt=\"\" class=\"wp-image-3075\" width=\"384\" height=\"512\"\/><figcaption class=\"wp-element-caption\">15 \u00e5r i Spanien: Random swim<\/figcaption><\/figure>\n<\/div>\n<p class=\"has-text-align-left wp-block-paragraph\">Allt detta b\u00f6rjade efter att ha bott och arbetat \u00f6ver hela Spanien som hotellunderh\u00e5llare, bartender, kameraman och ljudtekniker i \u00f6ver 15 \u00e5r. Men efter m\u00e5nga \u00e5r med olika arbeten p\u00e5 de spanska \u00f6arna hade jag sv\u00e5rt att hitta n\u00e5got som jag tyckte om och brann f\u00f6r.<\/p>\n\n<p class=\"has-text-align-left wp-block-paragraph\">S\u00e5 jag satte mig ner och f\u00f6rs\u00f6kte ta reda p\u00e5 vad jag tyckte om att g\u00f6ra. N\u00e4r jag tittade tillbaka p\u00e5 de jobb jag redan hade gjort kom jag fram till tv\u00e5 saker som jag verkligen gillade. De gav m\u00e4nniskor en fantastisk semester och skapade saker. B\u00e5da dessa saker gjorde jag i mina tidigare arbeten, men jag kunde naturligtvis inte arbeta som en 30+ drygt 30-\u00e5rig hotellunderh\u00e5llare i all evighet. Efter ett tag blir det konstigt. S\u00e5 jag best\u00e4mde mig f\u00f6r att satsa helt och h\u00e5llet p\u00e5 min YouTube-kanal med endast fem videor om Mallorca f\u00f6r att se om det skulle fungera eller inte.<\/p>\n\n<p class=\"has-text-align-left wp-block-paragraph\">Det tog n\u00e5gra \u00e5r, men f\u00f6r n\u00e4rvarande (2022) hj\u00e4lper jag mer \u00e4n <strong>\n  <u>4 miljoner m\u00e4nniskor varje \u00e5r.<\/u>\n  <span style=\"text-decoration: underline;\">med sin semester till Spanien.<\/span>\n<\/strong> \u00c4ven om det \u00e4r fantastiskt, handlar det inte om siffror f\u00f6r mig. Det handlar om att ge \u00e4rliga semesterr\u00e5d som \u00e4r sv\u00e5ra att hitta p\u00e5 internet. Eftersom de flesta av sidorna d\u00e4r ute \u00e4r fr\u00e5n resebolag, bloggare eller Instagram-modeller som vill att allt ska se perfekt ut, f\u00f6rs\u00f6ker jag g\u00f6ra raka motsatsen. Jag kommer att visa den f\u00f6r dig precis som den \u00e4r, s\u00e5 att du kan avg\u00f6ra om den passar dig eller inte.  <\/p>\n","protected":false},"excerpt":{"rendered":"<p>Ja, CheckHolidays \u00e4r jag, en vanlig person i verkligheten&#8230; mitt riktiga namn \u00e4r Ive. Jag skriver, filmar, redigerar, skapar och publicerar alla mina semesterguider (99 %) sj\u00e4lv. Men n\u00e4r jag b\u00f6rjade ville jag ha ett namn som s\u00e5g &#8220;professionellt&#8221; ut&#8230; nu \u00e4r jag fast med det. P\u00e5 den h\u00e4r sidan vill jag ber\u00e4tta lite mer [&hellip;]<\/p>\n","protected":false},"author":1,"featured_media":13209,"parent":0,"menu_order":0,"comment_status":"closed","ping_status":"closed","template":"template-authors.php","meta":{"_crdt_document":"","footnotes":""},"class_list":["post-24470","page","type-page","status-publish","has-post-thumbnail","hentry"],"yoast_head":"<!-- This site is optimized with the Yoast SEO plugin v27.5 - https:\/\/yoast.com\/product\/yoast-seo-wordpress\/ -->\n<title>Om mig<\/title>\n<meta name=\"robots\" content=\"index, follow, max-snippet:-1, max-image-preview:large, max-video-preview:-1\" \/>\n<link rel=\"canonical\" href=\"https:\/\/www.checkedholidays.com\/sv\/om\/\" \/>\n<meta property=\"og:locale\" content=\"sv_SE\" \/>\n<meta property=\"og:type\" content=\"article\" \/>\n<meta property=\"og:title\" content=\"Om mig\" \/>\n<meta property=\"og:description\" content=\"Ja, CheckHolidays \u00e4r jag, en vanlig person i verkligheten&#8230; mitt riktiga namn \u00e4r Ive. Jag skriver, filmar, redigerar, skapar och publicerar alla mina semesterguider (99 %) sj\u00e4lv. Men n\u00e4r jag b\u00f6rjade ville jag ha ett namn som s\u00e5g &#8220;professionellt&#8221; ut&#8230; nu \u00e4r jag fast med det. P\u00e5 den h\u00e4r sidan vill jag ber\u00e4tta lite mer [&hellip;]\" \/>\n<meta property=\"og:url\" content=\"https:\/\/www.checkedholidays.com\/sv\/om\/\" \/>\n<meta property=\"og:site_name\" content=\"CheckedHolidays\" \/>\n<meta property=\"article:publisher\" content=\"http:\/\/www.facebook.com\/checkedholidays\" \/>\n<meta property=\"article:modified_time\" content=\"2022-09-05T12:35:52+00:00\" \/>\n<meta property=\"og:image\" content=\"https:\/\/i0.wp.com\/www.checkedholidays.com\/wp-content\/uploads\/2018\/12\/IMG_20141011_135122-600x450.jpg?fit=600%2C450&ssl=1\" \/>\n\t<meta property=\"og:image:width\" content=\"600\" \/>\n\t<meta property=\"og:image:height\" content=\"450\" \/>\n\t<meta property=\"og:image:type\" content=\"image\/jpeg\" \/>\n<meta name=\"twitter:card\" content=\"summary_large_image\" \/>\n<meta name=\"twitter:site\" content=\"@checkedholidays\" \/>\n<meta name=\"twitter:label1\" content=\"Ber\u00e4knad l\u00e4stid\" \/>\n\t<meta name=\"twitter:data1\" content=\"2 minuter\" \/>\n<script type=\"application\/ld+json\" class=\"yoast-schema-graph\">{\"@context\":\"https:\\\/\\\/schema.org\",\"@graph\":[{\"@type\":\"WebPage\",\"@id\":\"https:\\\/\\\/www.checkedholidays.com\\\/sv\\\/om\\\/\",\"url\":\"https:\\\/\\\/www.checkedholidays.com\\\/sv\\\/om\\\/\",\"name\":\"Om mig\",\"isPartOf\":{\"@id\":\"https:\\\/\\\/www.checkedholidays.com\\\/sv\\\/#website\"},\"primaryImageOfPage\":{\"@id\":\"https:\\\/\\\/www.checkedholidays.com\\\/sv\\\/om\\\/#primaryimage\"},\"image\":{\"@id\":\"https:\\\/\\\/www.checkedholidays.com\\\/sv\\\/om\\\/#primaryimage\"},\"thumbnailUrl\":\"https:\\\/\\\/i0.wp.com\\\/www.checkedholidays.com\\\/wp-content\\\/uploads\\\/2018\\\/12\\\/IMG_20141011_135122-600x450.jpg?fit=600%2C450&ssl=1\",\"datePublished\":\"2022-09-05T12:35:46+00:00\",\"dateModified\":\"2022-09-05T12:35:52+00:00\",\"breadcrumb\":{\"@id\":\"https:\\\/\\\/www.checkedholidays.com\\\/sv\\\/om\\\/#breadcrumb\"},\"inLanguage\":\"sv-SE\",\"potentialAction\":[{\"@type\":\"ReadAction\",\"target\":[\"https:\\\/\\\/www.checkedholidays.com\\\/sv\\\/om\\\/\"]}]},{\"@type\":\"ImageObject\",\"inLanguage\":\"sv-SE\",\"@id\":\"https:\\\/\\\/www.checkedholidays.com\\\/sv\\\/om\\\/#primaryimage\",\"url\":\"https:\\\/\\\/i0.wp.com\\\/www.checkedholidays.com\\\/wp-content\\\/uploads\\\/2018\\\/12\\\/IMG_20141011_135122-600x450.jpg?fit=600%2C450&ssl=1\",\"contentUrl\":\"https:\\\/\\\/i0.wp.com\\\/www.checkedholidays.com\\\/wp-content\\\/uploads\\\/2018\\\/12\\\/IMG_20141011_135122-600x450.jpg?fit=600%2C450&ssl=1\",\"width\":600,\"height\":450},{\"@type\":\"BreadcrumbList\",\"@id\":\"https:\\\/\\\/www.checkedholidays.com\\\/sv\\\/om\\\/#breadcrumb\",\"itemListElement\":[{\"@type\":\"ListItem\",\"position\":1,\"name\":\"Home\",\"item\":\"https:\\\/\\\/www.checkedholidays.com\\\/sv\\\/\"},{\"@type\":\"ListItem\",\"position\":2,\"name\":\"Om mig\"}]},{\"@type\":\"WebSite\",\"@id\":\"https:\\\/\\\/www.checkedholidays.com\\\/sv\\\/#website\",\"url\":\"https:\\\/\\\/www.checkedholidays.com\\\/sv\\\/\",\"name\":\"CheckedHolidays\",\"description\":\"Spanish island holidays... but better!\",\"potentialAction\":[{\"@type\":\"SearchAction\",\"target\":{\"@type\":\"EntryPoint\",\"urlTemplate\":\"https:\\\/\\\/www.checkedholidays.com\\\/sv\\\/?s={search_term_string}\"},\"query-input\":{\"@type\":\"PropertyValueSpecification\",\"valueRequired\":true,\"valueName\":\"search_term_string\"}}],\"inLanguage\":\"sv-SE\"}]}<\/script>\n<!-- \/ Yoast SEO plugin. -->","yoast_head_json":{"title":"Om mig","robots":{"index":"index","follow":"follow","max-snippet":"max-snippet:-1","max-image-preview":"max-image-preview:large","max-video-preview":"max-video-preview:-1"},"canonical":"https:\/\/www.checkedholidays.com\/sv\/om\/","og_locale":"sv_SE","og_type":"article","og_title":"Om mig","og_description":"Ja, CheckHolidays \u00e4r jag, en vanlig person i verkligheten&#8230; mitt riktiga namn \u00e4r Ive. Jag skriver, filmar, redigerar, skapar och publicerar alla mina semesterguider (99 %) sj\u00e4lv. Men n\u00e4r jag b\u00f6rjade ville jag ha ett namn som s\u00e5g &#8220;professionellt&#8221; ut&#8230; nu \u00e4r jag fast med det. P\u00e5 den h\u00e4r sidan vill jag ber\u00e4tta lite mer [&hellip;]","og_url":"https:\/\/www.checkedholidays.com\/sv\/om\/","og_site_name":"CheckedHolidays","article_publisher":"http:\/\/www.facebook.com\/checkedholidays","article_modified_time":"2022-09-05T12:35:52+00:00","og_image":[{"width":600,"height":450,"url":"https:\/\/i0.wp.com\/www.checkedholidays.com\/wp-content\/uploads\/2018\/12\/IMG_20141011_135122-600x450.jpg?fit=600%2C450&ssl=1","type":"image\/jpeg"}],"twitter_card":"summary_large_image","twitter_site":"@checkedholidays","twitter_misc":{"Ber\u00e4knad l\u00e4stid":"2 minuter"},"schema":{"@context":"https:\/\/schema.org","@graph":[{"@type":"WebPage","@id":"https:\/\/www.checkedholidays.com\/sv\/om\/","url":"https:\/\/www.checkedholidays.com\/sv\/om\/","name":"Om mig","isPartOf":{"@id":"https:\/\/www.checkedholidays.com\/sv\/#website"},"primaryImageOfPage":{"@id":"https:\/\/www.checkedholidays.com\/sv\/om\/#primaryimage"},"image":{"@id":"https:\/\/www.checkedholidays.com\/sv\/om\/#primaryimage"},"thumbnailUrl":"https:\/\/i0.wp.com\/www.checkedholidays.com\/wp-content\/uploads\/2018\/12\/IMG_20141011_135122-600x450.jpg?fit=600%2C450&ssl=1","datePublished":"2022-09-05T12:35:46+00:00","dateModified":"2022-09-05T12:35:52+00:00","breadcrumb":{"@id":"https:\/\/www.checkedholidays.com\/sv\/om\/#breadcrumb"},"inLanguage":"sv-SE","potentialAction":[{"@type":"ReadAction","target":["https:\/\/www.checkedholidays.com\/sv\/om\/"]}]},{"@type":"ImageObject","inLanguage":"sv-SE","@id":"https:\/\/www.checkedholidays.com\/sv\/om\/#primaryimage","url":"https:\/\/i0.wp.com\/www.checkedholidays.com\/wp-content\/uploads\/2018\/12\/IMG_20141011_135122-600x450.jpg?fit=600%2C450&ssl=1","contentUrl":"https:\/\/i0.wp.com\/www.checkedholidays.com\/wp-content\/uploads\/2018\/12\/IMG_20141011_135122-600x450.jpg?fit=600%2C450&ssl=1","width":600,"height":450},{"@type":"BreadcrumbList","@id":"https:\/\/www.checkedholidays.com\/sv\/om\/#breadcrumb","itemListElement":[{"@type":"ListItem","position":1,"name":"Home","item":"https:\/\/www.checkedholidays.com\/sv\/"},{"@type":"ListItem","position":2,"name":"Om mig"}]},{"@type":"WebSite","@id":"https:\/\/www.checkedholidays.com\/sv\/#website","url":"https:\/\/www.checkedholidays.com\/sv\/","name":"CheckedHolidays","description":"Spanish island holidays... but better!","potentialAction":[{"@type":"SearchAction","target":{"@type":"EntryPoint","urlTemplate":"https:\/\/www.checkedholidays.com\/sv\/?s={search_term_string}"},"query-input":{"@type":"PropertyValueSpecification","valueRequired":true,"valueName":"search_term_string"}}],"inLanguage":"sv-SE"}]}},"jetpack_sharing_enabled":true,"_links":{"self":[{"href":"https:\/\/www.checkedholidays.com\/sv\/wp-json\/wp\/v2\/pages\/24470","targetHints":{"allow":["GET"]}}],"collection":[{"href":"https:\/\/www.checkedholidays.com\/sv\/wp-json\/wp\/v2\/pages"}],"about":[{"href":"https:\/\/www.checkedholidays.com\/sv\/wp-json\/wp\/v2\/types\/page"}],"author":[{"embeddable":true,"href":"https:\/\/www.checkedholidays.com\/sv\/wp-json\/wp\/v2\/users\/1"}],"replies":[{"embeddable":true,"href":"https:\/\/www.checkedholidays.com\/sv\/wp-json\/wp\/v2\/comments?post=24470"}],"version-history":[{"count":3,"href":"https:\/\/www.checkedholidays.com\/sv\/wp-json\/wp\/v2\/pages\/24470\/revisions"}],"predecessor-version":[{"id":24473,"href":"https:\/\/www.checkedholidays.com\/sv\/wp-json\/wp\/v2\/pages\/24470\/revisions\/24473"}],"wp:featuredmedia":[{"embeddable":true,"href":"https:\/\/www.checkedholidays.com\/sv\/wp-json\/wp\/v2\/media\/13209"}],"wp:attachment":[{"href":"https:\/\/www.checkedholidays.com\/sv\/wp-json\/wp\/v2\/media?parent=24470"}],"curies":[{"name":"wp","href":"https:\/\/api.w.org\/{rel}","templated":true}]}}