{"id":72764,"date":"2023-10-28T09:33:52","date_gmt":"2023-10-28T09:33:52","guid":{"rendered":"https:\/\/www.checkedholidays.com\/affiliate-disclaimer\/"},"modified":"2023-10-28T09:33:52","modified_gmt":"2023-10-28T09:33:52","slug":"affiliate-disclaimer","status":"publish","type":"page","link":"https:\/\/www.checkedholidays.com\/sl\/affiliate-disclaimer\/","title":{"rendered":"Ta spletna stran uporablja affiliate povezave"},"content":{"rendered":"\n<p class=\"wp-block-paragraph\">\u010ce vam pomagajo moj kanal Youtube, spletna stran <g class=\"gr_ gr_4 gr-alert gr_gramm gr_inline_cards gr_disable_anim_appear Punctuation only-ins replaceWithoutSep\" id=\"4\" data-gr-id=\"4\">in<\/g> vodniki ter \u017eelite <strong>pomagati meni, pomagati vam<\/strong>&#8230; potem je uporaba mojih partnerskih povezav najbolj\u0161i <strong>BREZPLA\u010cNI<\/strong> na\u010din, da to storite.<\/p>\n\n<p class=\"wp-block-paragraph\">Partnerske povezave so zelo standardne in se pogosto uporabljajo, vendar menim, da je pomembno, da ste o njih obve\u0161\u010deni.<\/p>\n\n<p class=\"wp-block-paragraph\">Partnerske povezave so videti kot obi\u010dajne povezave, vendar obvestijo spletno mesto, na katerega greste, da ste pri\u0161li z mojega spletnega mesta. \u010ce kupite nekaj na spletni strani, na katero sem se povezal, bom prejel majhno provizijo, ki bo pomagala ohraniti to spletno mesto v delovanju.  <\/p>\n\n<p class=\"wp-block-paragraph\">Vendar boste vedno pla\u010dali enako ceno kot obi\u010dajno, v\u010dasih pa boste imeli celo popust ali ugodnost, \u010de boste uporabili moje partnerske povezave. Provizijo pla\u010da drugi lastnik spletnega mesta in ne vi.<\/p>\n\n<p class=\"wp-block-paragraph\">Najlep\u0161a hvala, ker ste uporabili moje partnerske povezave in tako omogo\u010dili, da lahko jaz, spletna stran in kanal YouTube pomagamo milijonom drugih, kot ste vi, do \u0161e lep\u0161ih po\u010ditnic!<\/p>\n\n<p class=\"wp-block-paragraph\"><g class=\"gr_ gr_4 gr-alert gr_spell gr_inline_cards gr_run_anim ContextualSpelling ins-del multiReplace\" id=\"4\" data-gr-id=\"4\"><a href=\"https:\/\/www.checkedholidays.com\/sl\/about\/\">Ive<\/a><\/g><\/p>\n","protected":false},"excerpt":{"rendered":"<p>\u010ce vam pomagajo moj kanal Youtube, spletna stran in vodniki ter \u017eelite pomagati meni, pomagati vam&#8230; potem je uporaba mojih partnerskih povezav najbolj\u0161i BREZPLA\u010cNI na\u010din, da to storite. Partnerske povezave so zelo standardne in se pogosto uporabljajo, vendar menim, da je pomembno, da ste o njih obve\u0161\u010deni. Partnerske povezave so videti kot obi\u010dajne povezave, vendar [&hellip;]<\/p>\n","protected":false},"author":1,"featured_media":0,"parent":0,"menu_order":0,"comment_status":"closed","ping_status":"closed","template":"","meta":{"_crdt_document":"","footnotes":""},"class_list":["post-72764","page","type-page","status-publish","hentry"],"yoast_head":"<!-- This site is optimized with the Yoast SEO plugin v27.2 - https:\/\/yoast.com\/product\/yoast-seo-wordpress\/ -->\n<title>Ta spletna stran uporablja affiliate povezave - CheckedHolidays<\/title>\n<meta name=\"robots\" content=\"index, follow, max-snippet:-1, max-image-preview:large, max-video-preview:-1\" \/>\n<link rel=\"canonical\" href=\"https:\/\/www.checkedholidays.com\/sl\/affiliate-disclaimer\/\" \/>\n<meta property=\"og:locale\" content=\"sl_SI\" \/>\n<meta property=\"og:type\" content=\"article\" \/>\n<meta property=\"og:title\" content=\"Ta spletna stran uporablja affiliate povezave - CheckedHolidays\" \/>\n<meta property=\"og:description\" content=\"\u010ce vam pomagajo moj kanal Youtube, spletna stran in vodniki ter \u017eelite pomagati meni, pomagati vam&#8230; potem je uporaba mojih partnerskih povezav najbolj\u0161i BREZPLA\u010cNI na\u010din, da to storite. Partnerske povezave so zelo standardne in se pogosto uporabljajo, vendar menim, da je pomembno, da ste o njih obve\u0161\u010deni. Partnerske povezave so videti kot obi\u010dajne povezave, vendar [&hellip;]\" \/>\n<meta property=\"og:url\" content=\"https:\/\/www.checkedholidays.com\/sl\/affiliate-disclaimer\/\" \/>\n<meta property=\"og:site_name\" content=\"CheckedHolidays\" \/>\n<meta property=\"article:publisher\" content=\"http:\/\/www.facebook.com\/checkedholidays\" \/>\n<meta name=\"twitter:card\" content=\"summary_large_image\" \/>\n<meta name=\"twitter:site\" content=\"@checkedholidays\" \/>\n<meta name=\"twitter:label1\" content=\"Est. reading time\" \/>\n\t<meta name=\"twitter:data1\" content=\"1 minuta\" \/>\n<script type=\"application\/ld+json\" class=\"yoast-schema-graph\">{\"@context\":\"https:\/\/schema.org\",\"@graph\":[{\"@type\":\"WebPage\",\"@id\":\"https:\/\/www.checkedholidays.com\/sl\/affiliate-disclaimer\/\",\"url\":\"https:\/\/www.checkedholidays.com\/sl\/affiliate-disclaimer\/\",\"name\":\"Ta spletna stran uporablja affiliate povezave - CheckedHolidays\",\"isPartOf\":{\"@id\":\"https:\/\/www.checkedholidays.com\/sl\/#website\"},\"datePublished\":\"2023-10-28T09:33:52+00:00\",\"breadcrumb\":{\"@id\":\"https:\/\/www.checkedholidays.com\/sl\/affiliate-disclaimer\/#breadcrumb\"},\"inLanguage\":\"sl-SI\",\"potentialAction\":[{\"@type\":\"ReadAction\",\"target\":[\"https:\/\/www.checkedholidays.com\/sl\/affiliate-disclaimer\/\"]}]},{\"@type\":\"BreadcrumbList\",\"@id\":\"https:\/\/www.checkedholidays.com\/sl\/affiliate-disclaimer\/#breadcrumb\",\"itemListElement\":[{\"@type\":\"ListItem\",\"position\":1,\"name\":\"Home\",\"item\":\"https:\/\/www.checkedholidays.com\/sl\/\"},{\"@type\":\"ListItem\",\"position\":2,\"name\":\"Ta spletna stran uporablja affiliate povezave\"}]},{\"@type\":\"WebSite\",\"@id\":\"https:\/\/www.checkedholidays.com\/sl\/#website\",\"url\":\"https:\/\/www.checkedholidays.com\/sl\/\",\"name\":\"CheckedHolidays\",\"description\":\"Spanish island holidays... but better!\",\"potentialAction\":[{\"@type\":\"SearchAction\",\"target\":{\"@type\":\"EntryPoint\",\"urlTemplate\":\"https:\/\/www.checkedholidays.com\/sl\/?s={search_term_string}\"},\"query-input\":{\"@type\":\"PropertyValueSpecification\",\"valueRequired\":true,\"valueName\":\"search_term_string\"}}],\"inLanguage\":\"sl-SI\"}]}<\/script>\n<!-- \/ Yoast SEO plugin. -->","yoast_head_json":{"title":"Ta spletna stran uporablja affiliate povezave - CheckedHolidays","robots":{"index":"index","follow":"follow","max-snippet":"max-snippet:-1","max-image-preview":"max-image-preview:large","max-video-preview":"max-video-preview:-1"},"canonical":"https:\/\/www.checkedholidays.com\/sl\/affiliate-disclaimer\/","og_locale":"sl_SI","og_type":"article","og_title":"Ta spletna stran uporablja affiliate povezave - CheckedHolidays","og_description":"\u010ce vam pomagajo moj kanal Youtube, spletna stran in vodniki ter \u017eelite pomagati meni, pomagati vam&#8230; potem je uporaba mojih partnerskih povezav najbolj\u0161i BREZPLA\u010cNI na\u010din, da to storite. Partnerske povezave so zelo standardne in se pogosto uporabljajo, vendar menim, da je pomembno, da ste o njih obve\u0161\u010deni. Partnerske povezave so videti kot obi\u010dajne povezave, vendar [&hellip;]","og_url":"https:\/\/www.checkedholidays.com\/sl\/affiliate-disclaimer\/","og_site_name":"CheckedHolidays","article_publisher":"http:\/\/www.facebook.com\/checkedholidays","twitter_card":"summary_large_image","twitter_site":"@checkedholidays","twitter_misc":{"Est. reading time":"1 minuta"},"schema":{"@context":"https:\/\/schema.org","@graph":[{"@type":"WebPage","@id":"https:\/\/www.checkedholidays.com\/sl\/affiliate-disclaimer\/","url":"https:\/\/www.checkedholidays.com\/sl\/affiliate-disclaimer\/","name":"Ta spletna stran uporablja affiliate povezave - CheckedHolidays","isPartOf":{"@id":"https:\/\/www.checkedholidays.com\/sl\/#website"},"datePublished":"2023-10-28T09:33:52+00:00","breadcrumb":{"@id":"https:\/\/www.checkedholidays.com\/sl\/affiliate-disclaimer\/#breadcrumb"},"inLanguage":"sl-SI","potentialAction":[{"@type":"ReadAction","target":["https:\/\/www.checkedholidays.com\/sl\/affiliate-disclaimer\/"]}]},{"@type":"BreadcrumbList","@id":"https:\/\/www.checkedholidays.com\/sl\/affiliate-disclaimer\/#breadcrumb","itemListElement":[{"@type":"ListItem","position":1,"name":"Home","item":"https:\/\/www.checkedholidays.com\/sl\/"},{"@type":"ListItem","position":2,"name":"Ta spletna stran uporablja affiliate povezave"}]},{"@type":"WebSite","@id":"https:\/\/www.checkedholidays.com\/sl\/#website","url":"https:\/\/www.checkedholidays.com\/sl\/","name":"CheckedHolidays","description":"Spanish island holidays... but better!","potentialAction":[{"@type":"SearchAction","target":{"@type":"EntryPoint","urlTemplate":"https:\/\/www.checkedholidays.com\/sl\/?s={search_term_string}"},"query-input":{"@type":"PropertyValueSpecification","valueRequired":true,"valueName":"search_term_string"}}],"inLanguage":"sl-SI"}]}},"jetpack_sharing_enabled":true,"_links":{"self":[{"href":"https:\/\/www.checkedholidays.com\/sl\/wp-json\/wp\/v2\/pages\/72764","targetHints":{"allow":["GET"]}}],"collection":[{"href":"https:\/\/www.checkedholidays.com\/sl\/wp-json\/wp\/v2\/pages"}],"about":[{"href":"https:\/\/www.checkedholidays.com\/sl\/wp-json\/wp\/v2\/types\/page"}],"author":[{"embeddable":true,"href":"https:\/\/www.checkedholidays.com\/sl\/wp-json\/wp\/v2\/users\/1"}],"replies":[{"embeddable":true,"href":"https:\/\/www.checkedholidays.com\/sl\/wp-json\/wp\/v2\/comments?post=72764"}],"version-history":[{"count":1,"href":"https:\/\/www.checkedholidays.com\/sl\/wp-json\/wp\/v2\/pages\/72764\/revisions"}],"predecessor-version":[{"id":72765,"href":"https:\/\/www.checkedholidays.com\/sl\/wp-json\/wp\/v2\/pages\/72764\/revisions\/72765"}],"wp:attachment":[{"href":"https:\/\/www.checkedholidays.com\/sl\/wp-json\/wp\/v2\/media?parent=72764"}],"curies":[{"name":"wp","href":"https:\/\/api.w.org\/{rel}","templated":true}]}}