{"id":72753,"date":"2023-10-28T09:27:51","date_gmt":"2023-10-28T09:27:51","guid":{"rendered":"https:\/\/www.checkedholidays.com\/home\/"},"modified":"2026-02-23T13:23:38","modified_gmt":"2026-02-23T13:23:38","slug":"home","status":"publish","type":"page","link":"https:\/\/www.checkedholidays.com\/sl\/","title":{"rendered":"Doma\u010da stran"},"content":{"rendered":"\n<h2 class=\"wp-block-heading has-text-align-center\"><strong>Poi\u0161\u010dite idealne po\u010ditnice na \u0161panskih otokih<\/strong><\/h2>\n\n<p class=\"wp-block-paragraph\">Odli\u010dno skozi vse leto<\/p>\n\n<ul class=\"wp-block-list\">\n<li><strong><u><a href=\"https:\/\/www.checkedholidays.com\/sl\/tag\/tenerife-sl\/\" type=\"category\" id=\"59\">Tenerife<\/a><\/u><\/strong> &#8211; Najbolj\u0161e za dru\u017eine, ki si \u017eelijo raznolikosti, zanimivosti in udobja.<\/li>\n\n\n\n<li><strong><u><a href=\"https:\/\/www.checkedholidays.com\/sl\/tag\/gran-canaria-sl\/\" type=\"category\" id=\"60\">Gran Canaria<\/a><\/u><\/strong> &#8211; Najbolj\u0161i za pare in odrasle, ki si \u017eelijo no\u010dnega \u017eivljenja, ve\u010derje in nakupovanja.<\/li>\n\n\n\n<li><strong><u><a href=\"https:\/\/www.checkedholidays.com\/sl\/tag\/lanzarote-sl\/\" type=\"category\" id=\"61\">Lanzarote<\/a><\/u><\/strong> &#8211; Najbolj\u0161i kraj za all-inclusive po\u010ditnice in spro\u0161\u010dujo\u010de po\u010ditnice.<\/li>\n\n\n\n<li><strong><u><a href=\"https:\/\/www.checkedholidays.com\/sl\/tag\/fuerteventura-sl\/\" type=\"category\" id=\"309\">Fuerteventura<\/a><\/u><\/strong> &#8211; Najbolj\u0161e za po\u010ditnice na pla\u017ei z veliko prostora.<\/li>\n<\/ul>\n\n<p class=\"wp-block-paragraph\">Najbolje od maja do oktobra<\/p>\n\n<ul class=\"wp-block-list\">\n<li><strong><u><a href=\"https:\/\/www.checkedholidays.com\/sl\/tag\/mallorca-sl\/\" type=\"category\" id=\"57\">Mallorca<\/a><\/u><\/strong> &#8211; Najbolj\u0161i za dru\u017eine in iskalce raznolikosti, ki si \u017eelijo pla\u017e, izletov in velike izbire.<\/li>\n\n\n\n<li><strong><u><a href=\"https:\/\/www.checkedholidays.com\/sl\/tag\/menorca-sl\/\" type=\"category\" id=\"91\">Menorca<\/a><\/u><\/strong> &#8211; Najbolj\u0161a za mirnej\u0161e, spro\u0161\u010dene, dru\u017eini prijazne po\u010ditnice s pristnim \u0161armom.  <\/li>\n\n\n\n<li><strong><u><a href=\"https:\/\/www.checkedholidays.com\/sl\/guide\/ibiza-sl\/\" type=\"category\" id=\"633\">Ibiza<\/a><\/u><\/strong> &#8211; Najbolj\u0161e za odrasle, pare, no\u010dno \u017eivljenje, klube na pla\u017ei in elegantne po\u010ditni\u0161ke destinacije.<\/li>\n<\/ul>\n","protected":false},"excerpt":{"rendered":"<p>Poi\u0161\u010dite idealne po\u010ditnice na \u0161panskih otokih Odli\u010dno skozi vse leto Najbolje od maja do oktobra<\/p>\n","protected":false},"author":1,"featured_media":0,"parent":0,"menu_order":0,"comment_status":"closed","ping_status":"closed","template":"","meta":{"_crdt_document":"","footnotes":""},"class_list":["post-72753","page","type-page","status-publish","hentry"],"yoast_head":"<!-- This site is optimized with the Yoast SEO plugin v27.2 - https:\/\/yoast.com\/product\/yoast-seo-wordpress\/ -->\n<title>Poi\u0161\u010dite idealne po\u010ditnice na \u0161panskih otokih<\/title>\n<meta name=\"description\" content=\"Odkrijte svoje idealne po\u010ditnice na \u0161panskih otokih pod vodstvom strokovnjaka z ve\u010d kot 20-letnimi izku\u0161njami.\" \/>\n<meta name=\"robots\" content=\"index, follow, max-snippet:-1, max-image-preview:large, max-video-preview:-1\" \/>\n<link rel=\"canonical\" href=\"https:\/\/www.checkedholidays.com\/sl\/\" \/>\n<meta property=\"og:locale\" content=\"sl_SI\" \/>\n<meta property=\"og:type\" content=\"article\" \/>\n<meta property=\"og:title\" content=\"Poi\u0161\u010dite idealne po\u010ditnice na \u0161panskih otokih\" \/>\n<meta property=\"og:description\" content=\"Odkrijte svoje idealne po\u010ditnice na \u0161panskih otokih pod vodstvom strokovnjaka z ve\u010d kot 20-letnimi izku\u0161njami.\" \/>\n<meta property=\"og:url\" content=\"https:\/\/www.checkedholidays.com\/sl\/\" \/>\n<meta property=\"og:site_name\" content=\"CheckedHolidays\" \/>\n<meta property=\"article:publisher\" content=\"http:\/\/www.facebook.com\/checkedholidays\" \/>\n<meta property=\"article:modified_time\" content=\"2026-02-23T13:23:38+00:00\" \/>\n<meta name=\"twitter:card\" content=\"summary_large_image\" \/>\n<meta name=\"twitter:site\" content=\"@checkedholidays\" \/>\n<meta name=\"twitter:label1\" content=\"Est. reading time\" \/>\n\t<meta name=\"twitter:data1\" content=\"1 minuta\" \/>\n<script type=\"application\/ld+json\" class=\"yoast-schema-graph\">{\"@context\":\"https:\/\/schema.org\",\"@graph\":[{\"@type\":\"WebPage\",\"@id\":\"https:\/\/www.checkedholidays.com\/sl\/\",\"url\":\"https:\/\/www.checkedholidays.com\/sl\/\",\"name\":\"Poi\u0161\u010dite idealne po\u010ditnice na \u0161panskih otokih\",\"isPartOf\":{\"@id\":\"https:\/\/www.checkedholidays.com\/sl\/#website\"},\"datePublished\":\"2023-10-28T09:27:51+00:00\",\"dateModified\":\"2026-02-23T13:23:38+00:00\",\"description\":\"Odkrijte svoje idealne po\u010ditnice na \u0161panskih otokih pod vodstvom strokovnjaka z ve\u010d kot 20-letnimi izku\u0161njami.\",\"breadcrumb\":{\"@id\":\"https:\/\/www.checkedholidays.com\/sl\/#breadcrumb\"},\"inLanguage\":\"sl-SI\",\"potentialAction\":[{\"@type\":\"ReadAction\",\"target\":[\"https:\/\/www.checkedholidays.com\/sl\/\"]}]},{\"@type\":\"BreadcrumbList\",\"@id\":\"https:\/\/www.checkedholidays.com\/sl\/#breadcrumb\",\"itemListElement\":[{\"@type\":\"ListItem\",\"position\":1,\"name\":\"Home\",\"item\":\"https:\/\/www.checkedholidays.com\/sl\/\"},{\"@type\":\"ListItem\",\"position\":2,\"name\":\"Doma\u010da stran\"}]},{\"@type\":\"WebSite\",\"@id\":\"https:\/\/www.checkedholidays.com\/sl\/#website\",\"url\":\"https:\/\/www.checkedholidays.com\/sl\/\",\"name\":\"CheckedHolidays\",\"description\":\"Spanish island holidays... but better!\",\"potentialAction\":[{\"@type\":\"SearchAction\",\"target\":{\"@type\":\"EntryPoint\",\"urlTemplate\":\"https:\/\/www.checkedholidays.com\/sl\/?s={search_term_string}\"},\"query-input\":{\"@type\":\"PropertyValueSpecification\",\"valueRequired\":true,\"valueName\":\"search_term_string\"}}],\"inLanguage\":\"sl-SI\"}]}<\/script>\n<!-- \/ Yoast SEO plugin. -->","yoast_head_json":{"title":"Poi\u0161\u010dite idealne po\u010ditnice na \u0161panskih otokih","description":"Odkrijte svoje idealne po\u010ditnice na \u0161panskih otokih pod vodstvom strokovnjaka z ve\u010d kot 20-letnimi izku\u0161njami.","robots":{"index":"index","follow":"follow","max-snippet":"max-snippet:-1","max-image-preview":"max-image-preview:large","max-video-preview":"max-video-preview:-1"},"canonical":"https:\/\/www.checkedholidays.com\/sl\/","og_locale":"sl_SI","og_type":"article","og_title":"Poi\u0161\u010dite idealne po\u010ditnice na \u0161panskih otokih","og_description":"Odkrijte svoje idealne po\u010ditnice na \u0161panskih otokih pod vodstvom strokovnjaka z ve\u010d kot 20-letnimi izku\u0161njami.","og_url":"https:\/\/www.checkedholidays.com\/sl\/","og_site_name":"CheckedHolidays","article_publisher":"http:\/\/www.facebook.com\/checkedholidays","article_modified_time":"2026-02-23T13:23:38+00:00","twitter_card":"summary_large_image","twitter_site":"@checkedholidays","twitter_misc":{"Est. reading time":"1 minuta"},"schema":{"@context":"https:\/\/schema.org","@graph":[{"@type":"WebPage","@id":"https:\/\/www.checkedholidays.com\/sl\/","url":"https:\/\/www.checkedholidays.com\/sl\/","name":"Poi\u0161\u010dite idealne po\u010ditnice na \u0161panskih otokih","isPartOf":{"@id":"https:\/\/www.checkedholidays.com\/sl\/#website"},"datePublished":"2023-10-28T09:27:51+00:00","dateModified":"2026-02-23T13:23:38+00:00","description":"Odkrijte svoje idealne po\u010ditnice na \u0161panskih otokih pod vodstvom strokovnjaka z ve\u010d kot 20-letnimi izku\u0161njami.","breadcrumb":{"@id":"https:\/\/www.checkedholidays.com\/sl\/#breadcrumb"},"inLanguage":"sl-SI","potentialAction":[{"@type":"ReadAction","target":["https:\/\/www.checkedholidays.com\/sl\/"]}]},{"@type":"BreadcrumbList","@id":"https:\/\/www.checkedholidays.com\/sl\/#breadcrumb","itemListElement":[{"@type":"ListItem","position":1,"name":"Home","item":"https:\/\/www.checkedholidays.com\/sl\/"},{"@type":"ListItem","position":2,"name":"Doma\u010da stran"}]},{"@type":"WebSite","@id":"https:\/\/www.checkedholidays.com\/sl\/#website","url":"https:\/\/www.checkedholidays.com\/sl\/","name":"CheckedHolidays","description":"Spanish island holidays... but better!","potentialAction":[{"@type":"SearchAction","target":{"@type":"EntryPoint","urlTemplate":"https:\/\/www.checkedholidays.com\/sl\/?s={search_term_string}"},"query-input":{"@type":"PropertyValueSpecification","valueRequired":true,"valueName":"search_term_string"}}],"inLanguage":"sl-SI"}]}},"jetpack_sharing_enabled":true,"_links":{"self":[{"href":"https:\/\/www.checkedholidays.com\/sl\/wp-json\/wp\/v2\/pages\/72753","targetHints":{"allow":["GET"]}}],"collection":[{"href":"https:\/\/www.checkedholidays.com\/sl\/wp-json\/wp\/v2\/pages"}],"about":[{"href":"https:\/\/www.checkedholidays.com\/sl\/wp-json\/wp\/v2\/types\/page"}],"author":[{"embeddable":true,"href":"https:\/\/www.checkedholidays.com\/sl\/wp-json\/wp\/v2\/users\/1"}],"replies":[{"embeddable":true,"href":"https:\/\/www.checkedholidays.com\/sl\/wp-json\/wp\/v2\/comments?post=72753"}],"version-history":[{"count":5,"href":"https:\/\/www.checkedholidays.com\/sl\/wp-json\/wp\/v2\/pages\/72753\/revisions"}],"predecessor-version":[{"id":113866,"href":"https:\/\/www.checkedholidays.com\/sl\/wp-json\/wp\/v2\/pages\/72753\/revisions\/113866"}],"wp:attachment":[{"href":"https:\/\/www.checkedholidays.com\/sl\/wp-json\/wp\/v2\/media?parent=72753"}],"curies":[{"name":"wp","href":"https:\/\/api.w.org\/{rel}","templated":true}]}}