{"id":72745,"date":"2023-10-28T09:25:23","date_gmt":"2023-10-28T09:25:23","guid":{"rendered":"https:\/\/www.checkedholidays.com\/cookie-policy\/"},"modified":"2025-03-17T09:56:23","modified_gmt":"2025-03-17T09:56:23","slug":"cookie-policy","status":"publish","type":"page","link":"https:\/\/www.checkedholidays.com\/sl\/cookie-policy\/","title":{"rendered":"Pravilnik o pi\u0161kotkih"},"content":{"rendered":"\n<h2 class=\"wp-block-heading\">Kaj so pi\u0161kotki?<\/h2>\n\n<p class=\"wp-block-paragraph\">Ta pravilnik o pi\u0161kotkih pojasnjuje, kaj so pi\u0161kotki in kako jih uporabljamo, katere vrste pi\u0161kotkov uporabljamo, tj. katere podatke zbiramo s pi\u0161kotki in kako jih uporabljamo ter kako upravljati nastavitve pi\u0161kotkov.<\/p>\n\n<p class=\"wp-block-paragraph\">Pi\u0161kotki so majhne besedilne datoteke, ki se uporabljajo za shranjevanje majhnih informacij. V va\u0161o napravo se shranijo, ko se spletno mesto nalo\u017ei v va\u0161 brskalnik. Ti pi\u0161kotki nam pomagajo zagotoviti pravilno delovanje spletnega mesta, njegovo ve\u010djo varnost, bolj\u0161o uporabni\u0161ko izku\u0161njo in razumevanje delovanja spletnega mesta ter analizo, kaj deluje in kje so potrebne izbolj\u0161ave.<\/p>\n\n<h2 class=\"wp-block-heading\">Kako uporabljamo pi\u0161kotke?<\/h2>\n\n<p class=\"wp-block-paragraph\">Kot ve\u010dina spletnih storitev tudi na\u0161e spletno mesto uporablja pi\u0161kotke prve in tretje osebe za razli\u010dne namene. Pi\u0161kotki prve osebe so ve\u010dinoma potrebni za pravilno delovanje spletnega mesta in ne zbirajo va\u0161ih osebnih podatkov.<\/p>\n\n<p class=\"wp-block-paragraph\">Pi\u0161kotki tretjih oseb, ki se uporabljajo na na\u0161em spletnem mestu, so namenjeni predvsem za razumevanje delovanja spletnega mesta, interakcije z na\u0161im spletnim mestom, zagotavljanje varnosti na\u0161ih storitev, zagotavljanje oglasov, ki so za vas pomembni, ter za zagotavljanje bolj\u0161e in izbolj\u0161ane uporabni\u0161ke izku\u0161nje in pospe\u0161evanje va\u0161ih prihodnjih interakcij z na\u0161im spletnim mestom.<\/p>\n\n<h2 class=\"wp-block-heading\">Vrste pi\u0161kotkov, ki jih uporabljamo<\/h2>\n\n<style>\n    a.cky-banner-element {\n        padding: 8px 30px;\n        background: #F8F9FA;\n        color: #858A8F;\n        border: 1px solid #DEE2E6;\n        box-sizing: border-box;\n        border-radius: 2px;\n        cursor: pointer;\n}\n<\/style>\n\n    <div class=\"cky-audit-table-element\"><\/div>\n\n<h2 class=\"wp-block-heading\">Upravljanje nastavitev pi\u0161kotkov<\/h2>\n\n<a class=\"cky-banner-element\">Nastavitve pi\u0161kotkov<\/a> <br\/>\n<p>\n<\/p>\n<p class=\"wp-block-paragraph\">Svoje nastavitve pi\u0161kotkov lahko kadar koli spremenite s klikom na zgornji gumb. Tako boste lahko ponovno obiskali pasico s soglasjem za pi\u0161kotke in spremenili svoje nastavitve ali takoj preklicali svoje soglasje.   <\/p>\n\n<p class=\"wp-block-paragraph\">Poleg tega razli\u010dni brskalniki omogo\u010dajo razli\u010dne na\u010dine blokiranja in brisanja pi\u0161kotkov, ki jih uporabljajo spletna mesta. Nastavitve brskalnika lahko spremenite tako, da blokirate\/izbri\u0161ete pi\u0161kotke.  <\/p>\n","protected":false},"excerpt":{"rendered":"<p>Kaj so pi\u0161kotki? Ta pravilnik o pi\u0161kotkih pojasnjuje, kaj so pi\u0161kotki in kako jih uporabljamo, katere vrste pi\u0161kotkov uporabljamo, tj. katere podatke zbiramo s pi\u0161kotki in kako jih uporabljamo ter kako upravljati nastavitve pi\u0161kotkov. Pi\u0161kotki so majhne besedilne datoteke, ki se uporabljajo za shranjevanje majhnih informacij. V va\u0161o napravo se shranijo, ko se spletno mesto [&hellip;]<\/p>\n","protected":false},"author":1,"featured_media":0,"parent":0,"menu_order":0,"comment_status":"closed","ping_status":"closed","template":"","meta":{"_crdt_document":"","footnotes":""},"class_list":["post-72745","page","type-page","status-publish","hentry"],"yoast_head":"<!-- This site is optimized with the Yoast SEO plugin v27.2 - https:\/\/yoast.com\/product\/yoast-seo-wordpress\/ -->\n<title>Pravilnik o pi\u0161kotkih<\/title>\n<meta name=\"robots\" content=\"index, follow, max-snippet:-1, max-image-preview:large, max-video-preview:-1\" \/>\n<link rel=\"canonical\" href=\"https:\/\/www.checkedholidays.com\/sl\/cookie-policy\/\" \/>\n<meta property=\"og:locale\" content=\"sl_SI\" \/>\n<meta property=\"og:type\" content=\"article\" \/>\n<meta property=\"og:title\" content=\"Pravilnik o pi\u0161kotkih\" \/>\n<meta property=\"og:description\" content=\"Kaj so pi\u0161kotki? Ta pravilnik o pi\u0161kotkih pojasnjuje, kaj so pi\u0161kotki in kako jih uporabljamo, katere vrste pi\u0161kotkov uporabljamo, tj. katere podatke zbiramo s pi\u0161kotki in kako jih uporabljamo ter kako upravljati nastavitve pi\u0161kotkov. Pi\u0161kotki so majhne besedilne datoteke, ki se uporabljajo za shranjevanje majhnih informacij. V va\u0161o napravo se shranijo, ko se spletno mesto [&hellip;]\" \/>\n<meta property=\"og:url\" content=\"https:\/\/www.checkedholidays.com\/sl\/cookie-policy\/\" \/>\n<meta property=\"og:site_name\" content=\"CheckedHolidays\" \/>\n<meta property=\"article:publisher\" content=\"http:\/\/www.facebook.com\/checkedholidays\" \/>\n<meta property=\"article:modified_time\" content=\"2025-03-17T09:56:23+00:00\" \/>\n<meta name=\"twitter:card\" content=\"summary_large_image\" \/>\n<meta name=\"twitter:site\" content=\"@checkedholidays\" \/>\n<meta name=\"twitter:label1\" content=\"Est. reading time\" \/>\n\t<meta name=\"twitter:data1\" content=\"1 minuta\" \/>\n<script type=\"application\/ld+json\" class=\"yoast-schema-graph\">{\"@context\":\"https:\/\/schema.org\",\"@graph\":[{\"@type\":\"WebPage\",\"@id\":\"https:\/\/www.checkedholidays.com\/sl\/cookie-policy\/\",\"url\":\"https:\/\/www.checkedholidays.com\/sl\/cookie-policy\/\",\"name\":\"Pravilnik o pi\u0161kotkih\",\"isPartOf\":{\"@id\":\"https:\/\/www.checkedholidays.com\/sl\/#website\"},\"datePublished\":\"2023-10-28T09:25:23+00:00\",\"dateModified\":\"2025-03-17T09:56:23+00:00\",\"breadcrumb\":{\"@id\":\"https:\/\/www.checkedholidays.com\/sl\/cookie-policy\/#breadcrumb\"},\"inLanguage\":\"sl-SI\",\"potentialAction\":[{\"@type\":\"ReadAction\",\"target\":[\"https:\/\/www.checkedholidays.com\/sl\/cookie-policy\/\"]}]},{\"@type\":\"BreadcrumbList\",\"@id\":\"https:\/\/www.checkedholidays.com\/sl\/cookie-policy\/#breadcrumb\",\"itemListElement\":[{\"@type\":\"ListItem\",\"position\":1,\"name\":\"Home\",\"item\":\"https:\/\/www.checkedholidays.com\/sl\/\"},{\"@type\":\"ListItem\",\"position\":2,\"name\":\"Pravilnik o pi\u0161kotkih\"}]},{\"@type\":\"WebSite\",\"@id\":\"https:\/\/www.checkedholidays.com\/sl\/#website\",\"url\":\"https:\/\/www.checkedholidays.com\/sl\/\",\"name\":\"CheckedHolidays\",\"description\":\"Spanish island holidays... but better!\",\"potentialAction\":[{\"@type\":\"SearchAction\",\"target\":{\"@type\":\"EntryPoint\",\"urlTemplate\":\"https:\/\/www.checkedholidays.com\/sl\/?s={search_term_string}\"},\"query-input\":{\"@type\":\"PropertyValueSpecification\",\"valueRequired\":true,\"valueName\":\"search_term_string\"}}],\"inLanguage\":\"sl-SI\"}]}<\/script>\n<!-- \/ Yoast SEO plugin. -->","yoast_head_json":{"title":"Pravilnik o pi\u0161kotkih","robots":{"index":"index","follow":"follow","max-snippet":"max-snippet:-1","max-image-preview":"max-image-preview:large","max-video-preview":"max-video-preview:-1"},"canonical":"https:\/\/www.checkedholidays.com\/sl\/cookie-policy\/","og_locale":"sl_SI","og_type":"article","og_title":"Pravilnik o pi\u0161kotkih","og_description":"Kaj so pi\u0161kotki? Ta pravilnik o pi\u0161kotkih pojasnjuje, kaj so pi\u0161kotki in kako jih uporabljamo, katere vrste pi\u0161kotkov uporabljamo, tj. katere podatke zbiramo s pi\u0161kotki in kako jih uporabljamo ter kako upravljati nastavitve pi\u0161kotkov. Pi\u0161kotki so majhne besedilne datoteke, ki se uporabljajo za shranjevanje majhnih informacij. V va\u0161o napravo se shranijo, ko se spletno mesto [&hellip;]","og_url":"https:\/\/www.checkedholidays.com\/sl\/cookie-policy\/","og_site_name":"CheckedHolidays","article_publisher":"http:\/\/www.facebook.com\/checkedholidays","article_modified_time":"2025-03-17T09:56:23+00:00","twitter_card":"summary_large_image","twitter_site":"@checkedholidays","twitter_misc":{"Est. reading time":"1 minuta"},"schema":{"@context":"https:\/\/schema.org","@graph":[{"@type":"WebPage","@id":"https:\/\/www.checkedholidays.com\/sl\/cookie-policy\/","url":"https:\/\/www.checkedholidays.com\/sl\/cookie-policy\/","name":"Pravilnik o pi\u0161kotkih","isPartOf":{"@id":"https:\/\/www.checkedholidays.com\/sl\/#website"},"datePublished":"2023-10-28T09:25:23+00:00","dateModified":"2025-03-17T09:56:23+00:00","breadcrumb":{"@id":"https:\/\/www.checkedholidays.com\/sl\/cookie-policy\/#breadcrumb"},"inLanguage":"sl-SI","potentialAction":[{"@type":"ReadAction","target":["https:\/\/www.checkedholidays.com\/sl\/cookie-policy\/"]}]},{"@type":"BreadcrumbList","@id":"https:\/\/www.checkedholidays.com\/sl\/cookie-policy\/#breadcrumb","itemListElement":[{"@type":"ListItem","position":1,"name":"Home","item":"https:\/\/www.checkedholidays.com\/sl\/"},{"@type":"ListItem","position":2,"name":"Pravilnik o pi\u0161kotkih"}]},{"@type":"WebSite","@id":"https:\/\/www.checkedholidays.com\/sl\/#website","url":"https:\/\/www.checkedholidays.com\/sl\/","name":"CheckedHolidays","description":"Spanish island holidays... but better!","potentialAction":[{"@type":"SearchAction","target":{"@type":"EntryPoint","urlTemplate":"https:\/\/www.checkedholidays.com\/sl\/?s={search_term_string}"},"query-input":{"@type":"PropertyValueSpecification","valueRequired":true,"valueName":"search_term_string"}}],"inLanguage":"sl-SI"}]}},"jetpack_sharing_enabled":true,"_links":{"self":[{"href":"https:\/\/www.checkedholidays.com\/sl\/wp-json\/wp\/v2\/pages\/72745","targetHints":{"allow":["GET"]}}],"collection":[{"href":"https:\/\/www.checkedholidays.com\/sl\/wp-json\/wp\/v2\/pages"}],"about":[{"href":"https:\/\/www.checkedholidays.com\/sl\/wp-json\/wp\/v2\/types\/page"}],"author":[{"embeddable":true,"href":"https:\/\/www.checkedholidays.com\/sl\/wp-json\/wp\/v2\/users\/1"}],"replies":[{"embeddable":true,"href":"https:\/\/www.checkedholidays.com\/sl\/wp-json\/wp\/v2\/comments?post=72745"}],"version-history":[{"count":2,"href":"https:\/\/www.checkedholidays.com\/sl\/wp-json\/wp\/v2\/pages\/72745\/revisions"}],"predecessor-version":[{"id":103227,"href":"https:\/\/www.checkedholidays.com\/sl\/wp-json\/wp\/v2\/pages\/72745\/revisions\/103227"}],"wp:attachment":[{"href":"https:\/\/www.checkedholidays.com\/sl\/wp-json\/wp\/v2\/media?parent=72745"}],"curies":[{"name":"wp","href":"https:\/\/api.w.org\/{rel}","templated":true}]}}