{"id":72732,"date":"2023-10-28T09:22:47","date_gmt":"2023-10-28T09:22:47","guid":{"rendered":"https:\/\/www.checkedholidays.com\/about\/"},"modified":"2024-01-28T21:43:03","modified_gmt":"2024-01-28T21:43:03","slug":"about","status":"publish","type":"page","link":"https:\/\/www.checkedholidays.com\/sl\/about\/","title":{"rendered":"O meni"},"content":{"rendered":"\n<p class=\"has-text-align-left wp-block-paragraph\">Da, CheckHolidays sem jaz, povpre\u010dna oseba iz resni\u010dnega \u017eivljenja&#8230; moje pravo ime je Ive. Vse svoje po\u010ditni\u0161ke vodnike (99 %) pi\u0161em, snemam, urejam, ustvarjam in objavljam sam. Toda ko sem za\u010dela, sem \u017eelela ime, ki bi bilo videti &#8220;profesionalno&#8221;&#8230; zdaj sem se z njim ujela. Na tej strani vam \u017eelim povedati nekaj ve\u010d o sebi in vam pokazati, da sem le povpre\u010dna oseba, ki je po spletu okoli\u0161\u010din postala ena izmed najvidnej\u0161ih svetovalk za po\u010ditnice na \u0161panskih otokih.  <\/p>\n<div class=\"wp-block-image\">\n<figure class=\"aligncenter is-resized\"><img loading=\"lazy\" decoding=\"async\" src=\"https:\/\/i1.wp.com\/www.checkedholidays.com\/wp-content\/uploads\/2019\/03\/IMG_20141017_152816-MOTION.gif?fit=768%2C1024&amp;ssl=1\" alt=\"\" class=\"wp-image-3075\" width=\"384\" height=\"512\"\/><figcaption class=\"wp-element-caption\">15 let v \u0160paniji: Naklju\u010dno plavanje<\/figcaption><\/figure>\n<\/div>\n<p class=\"has-text-align-left wp-block-paragraph\">Vse to se je za\u010delo, ko je ve\u010d kot 15 let \u017eivel in delal po vsej \u0160paniji kot hotelski animator, barman, snemalec in zvo\u010dni tehnik. Toda po ve\u010d letih opravljanja razli\u010dnih del na \u0161panskih otokih sem le s te\u017eavo na\u0161el nekaj, kar me je veselilo in mi je bilo pri srcu.<\/p>\n\n<p class=\"has-text-align-left wp-block-paragraph\">Zato sem se usedel in posku\u0161al ugotoviti, kaj bi rad po\u010del. Ko sem se oziral po opravljenih delih, sem na\u0161el dve stvari, v katerih sem resni\u010dno u\u017eival. Ti so ljudem omogo\u010dali \u010dudovite po\u010ditnice in ustvarjali stvari. Oboje sem opravljal v prej\u0161njih slu\u017ebah, vendar seveda nisem mogel ve\u010dno delati kot hotelski animator v starosti 30 let in ve\u010d. \u010cez nekaj \u010dasa to postane \u010dudno. Zato sem se odlo\u010dil, da bom na svojem kanalu na YouTubu objavil le 5 videoposnetkov o Mallorci in preveril, ali se bo to obneslo ali ne.<\/p>\n\n<p class=\"has-text-align-left wp-block-paragraph\">Trajalo je nekaj let, vendar trenutno (2022) pomagam ve\u010d kot <strong>\n  <u>4 milijonom ljudi vsako leto z<\/u>\n  <span style=\"text-decoration: underline;\">po\u010ditnicami v \u0160paniji.<\/span>\n<\/strong> \u010ceprav je to odli\u010dno, mi ne gre za \u0161tevilke. Gre za po\u0161tene nasvete o po\u010ditnicah, ki jih je na spletu te\u017eko najti. Ker je ve\u010dina strani turisti\u010dnih podjetij, blogerjev ali Instagram modelov, ki \u017eelijo, da je vse videti popolno, se trudim delati ravno nasprotno. Pokazal vam ga bom takega, kot je, da se boste lahko odlo\u010dili, ali je pravi za vas ali ne.  <\/p>\n","protected":false},"excerpt":{"rendered":"<p>Da, CheckHolidays sem jaz, povpre\u010dna oseba iz resni\u010dnega \u017eivljenja&#8230; moje pravo ime je Ive. Vse svoje po\u010ditni\u0161ke vodnike (99 %) pi\u0161em, snemam, urejam, ustvarjam in objavljam sam. Toda ko sem za\u010dela, sem \u017eelela ime, ki bi bilo videti &#8220;profesionalno&#8221;&#8230; zdaj sem se z njim ujela. Na tej strani vam \u017eelim povedati nekaj ve\u010d o sebi [&hellip;]<\/p>\n","protected":false},"author":1,"featured_media":72738,"parent":0,"menu_order":0,"comment_status":"closed","ping_status":"closed","template":"template-authors.php","meta":{"_crdt_document":"","footnotes":""},"class_list":["post-72732","page","type-page","status-publish","has-post-thumbnail","hentry"],"yoast_head":"<!-- This site is optimized with the Yoast SEO plugin v27.2 - https:\/\/yoast.com\/product\/yoast-seo-wordpress\/ -->\n<title>O meni<\/title>\n<meta name=\"robots\" content=\"index, follow, max-snippet:-1, max-image-preview:large, max-video-preview:-1\" \/>\n<link rel=\"canonical\" href=\"https:\/\/www.checkedholidays.com\/sl\/about\/\" \/>\n<meta property=\"og:locale\" content=\"sl_SI\" \/>\n<meta property=\"og:type\" content=\"article\" \/>\n<meta property=\"og:title\" content=\"O meni\" \/>\n<meta property=\"og:description\" content=\"Da, CheckHolidays sem jaz, povpre\u010dna oseba iz resni\u010dnega \u017eivljenja&#8230; moje pravo ime je Ive. Vse svoje po\u010ditni\u0161ke vodnike (99 %) pi\u0161em, snemam, urejam, ustvarjam in objavljam sam. Toda ko sem za\u010dela, sem \u017eelela ime, ki bi bilo videti &#8220;profesionalno&#8221;&#8230; zdaj sem se z njim ujela. Na tej strani vam \u017eelim povedati nekaj ve\u010d o sebi [&hellip;]\" \/>\n<meta property=\"og:url\" content=\"https:\/\/www.checkedholidays.com\/sl\/about\/\" \/>\n<meta property=\"og:site_name\" content=\"CheckedHolidays\" \/>\n<meta property=\"article:publisher\" content=\"http:\/\/www.facebook.com\/checkedholidays\" \/>\n<meta property=\"article:modified_time\" content=\"2024-01-28T21:43:03+00:00\" \/>\n<meta property=\"og:image\" content=\"https:\/\/www.checkedholidays.com\/wp-content\/uploads\/2018\/12\/IMG_20141011_135122-600x450.jpg\" \/>\n\t<meta property=\"og:image:width\" content=\"600\" \/>\n\t<meta property=\"og:image:height\" content=\"450\" \/>\n\t<meta property=\"og:image:type\" content=\"image\/jpeg\" \/>\n<meta name=\"twitter:card\" content=\"summary_large_image\" \/>\n<meta name=\"twitter:site\" content=\"@checkedholidays\" \/>\n<meta name=\"twitter:label1\" content=\"Est. reading time\" \/>\n\t<meta name=\"twitter:data1\" content=\"2 minuti\" \/>\n<script type=\"application\/ld+json\" class=\"yoast-schema-graph\">{\"@context\":\"https:\/\/schema.org\",\"@graph\":[{\"@type\":\"WebPage\",\"@id\":\"https:\/\/www.checkedholidays.com\/sl\/about\/\",\"url\":\"https:\/\/www.checkedholidays.com\/sl\/about\/\",\"name\":\"O meni\",\"isPartOf\":{\"@id\":\"https:\/\/www.checkedholidays.com\/sl\/#website\"},\"primaryImageOfPage\":{\"@id\":\"https:\/\/www.checkedholidays.com\/sl\/about\/#primaryimage\"},\"image\":{\"@id\":\"https:\/\/www.checkedholidays.com\/sl\/about\/#primaryimage\"},\"thumbnailUrl\":\"https:\/\/i0.wp.com\/www.checkedholidays.com\/wp-content\/uploads\/2018\/12\/IMG_20141011_135122-600x450.jpg?fit=600%2C450&ssl=1\",\"datePublished\":\"2023-10-28T09:22:47+00:00\",\"dateModified\":\"2024-01-28T21:43:03+00:00\",\"breadcrumb\":{\"@id\":\"https:\/\/www.checkedholidays.com\/sl\/about\/#breadcrumb\"},\"inLanguage\":\"sl-SI\",\"potentialAction\":[{\"@type\":\"ReadAction\",\"target\":[\"https:\/\/www.checkedholidays.com\/sl\/about\/\"]}]},{\"@type\":\"ImageObject\",\"inLanguage\":\"sl-SI\",\"@id\":\"https:\/\/www.checkedholidays.com\/sl\/about\/#primaryimage\",\"url\":\"https:\/\/i0.wp.com\/www.checkedholidays.com\/wp-content\/uploads\/2018\/12\/IMG_20141011_135122-600x450.jpg?fit=600%2C450&ssl=1\",\"contentUrl\":\"https:\/\/i0.wp.com\/www.checkedholidays.com\/wp-content\/uploads\/2018\/12\/IMG_20141011_135122-600x450.jpg?fit=600%2C450&ssl=1\",\"width\":600,\"height\":450},{\"@type\":\"BreadcrumbList\",\"@id\":\"https:\/\/www.checkedholidays.com\/sl\/about\/#breadcrumb\",\"itemListElement\":[{\"@type\":\"ListItem\",\"position\":1,\"name\":\"Home\",\"item\":\"https:\/\/www.checkedholidays.com\/sl\/\"},{\"@type\":\"ListItem\",\"position\":2,\"name\":\"O meni\"}]},{\"@type\":\"WebSite\",\"@id\":\"https:\/\/www.checkedholidays.com\/sl\/#website\",\"url\":\"https:\/\/www.checkedholidays.com\/sl\/\",\"name\":\"CheckedHolidays\",\"description\":\"Spanish island holidays... but better!\",\"potentialAction\":[{\"@type\":\"SearchAction\",\"target\":{\"@type\":\"EntryPoint\",\"urlTemplate\":\"https:\/\/www.checkedholidays.com\/sl\/?s={search_term_string}\"},\"query-input\":{\"@type\":\"PropertyValueSpecification\",\"valueRequired\":true,\"valueName\":\"search_term_string\"}}],\"inLanguage\":\"sl-SI\"}]}<\/script>\n<!-- \/ Yoast SEO plugin. -->","yoast_head_json":{"title":"O meni","robots":{"index":"index","follow":"follow","max-snippet":"max-snippet:-1","max-image-preview":"max-image-preview:large","max-video-preview":"max-video-preview:-1"},"canonical":"https:\/\/www.checkedholidays.com\/sl\/about\/","og_locale":"sl_SI","og_type":"article","og_title":"O meni","og_description":"Da, CheckHolidays sem jaz, povpre\u010dna oseba iz resni\u010dnega \u017eivljenja&#8230; moje pravo ime je Ive. Vse svoje po\u010ditni\u0161ke vodnike (99 %) pi\u0161em, snemam, urejam, ustvarjam in objavljam sam. Toda ko sem za\u010dela, sem \u017eelela ime, ki bi bilo videti &#8220;profesionalno&#8221;&#8230; zdaj sem se z njim ujela. Na tej strani vam \u017eelim povedati nekaj ve\u010d o sebi [&hellip;]","og_url":"https:\/\/www.checkedholidays.com\/sl\/about\/","og_site_name":"CheckedHolidays","article_publisher":"http:\/\/www.facebook.com\/checkedholidays","article_modified_time":"2024-01-28T21:43:03+00:00","og_image":[{"width":600,"height":450,"url":"https:\/\/www.checkedholidays.com\/wp-content\/uploads\/2018\/12\/IMG_20141011_135122-600x450.jpg","type":"image\/jpeg"}],"twitter_card":"summary_large_image","twitter_site":"@checkedholidays","twitter_misc":{"Est. reading time":"2 minuti"},"schema":{"@context":"https:\/\/schema.org","@graph":[{"@type":"WebPage","@id":"https:\/\/www.checkedholidays.com\/sl\/about\/","url":"https:\/\/www.checkedholidays.com\/sl\/about\/","name":"O meni","isPartOf":{"@id":"https:\/\/www.checkedholidays.com\/sl\/#website"},"primaryImageOfPage":{"@id":"https:\/\/www.checkedholidays.com\/sl\/about\/#primaryimage"},"image":{"@id":"https:\/\/www.checkedholidays.com\/sl\/about\/#primaryimage"},"thumbnailUrl":"https:\/\/i0.wp.com\/www.checkedholidays.com\/wp-content\/uploads\/2018\/12\/IMG_20141011_135122-600x450.jpg?fit=600%2C450&ssl=1","datePublished":"2023-10-28T09:22:47+00:00","dateModified":"2024-01-28T21:43:03+00:00","breadcrumb":{"@id":"https:\/\/www.checkedholidays.com\/sl\/about\/#breadcrumb"},"inLanguage":"sl-SI","potentialAction":[{"@type":"ReadAction","target":["https:\/\/www.checkedholidays.com\/sl\/about\/"]}]},{"@type":"ImageObject","inLanguage":"sl-SI","@id":"https:\/\/www.checkedholidays.com\/sl\/about\/#primaryimage","url":"https:\/\/i0.wp.com\/www.checkedholidays.com\/wp-content\/uploads\/2018\/12\/IMG_20141011_135122-600x450.jpg?fit=600%2C450&ssl=1","contentUrl":"https:\/\/i0.wp.com\/www.checkedholidays.com\/wp-content\/uploads\/2018\/12\/IMG_20141011_135122-600x450.jpg?fit=600%2C450&ssl=1","width":600,"height":450},{"@type":"BreadcrumbList","@id":"https:\/\/www.checkedholidays.com\/sl\/about\/#breadcrumb","itemListElement":[{"@type":"ListItem","position":1,"name":"Home","item":"https:\/\/www.checkedholidays.com\/sl\/"},{"@type":"ListItem","position":2,"name":"O meni"}]},{"@type":"WebSite","@id":"https:\/\/www.checkedholidays.com\/sl\/#website","url":"https:\/\/www.checkedholidays.com\/sl\/","name":"CheckedHolidays","description":"Spanish island holidays... but better!","potentialAction":[{"@type":"SearchAction","target":{"@type":"EntryPoint","urlTemplate":"https:\/\/www.checkedholidays.com\/sl\/?s={search_term_string}"},"query-input":{"@type":"PropertyValueSpecification","valueRequired":true,"valueName":"search_term_string"}}],"inLanguage":"sl-SI"}]}},"jetpack_sharing_enabled":true,"_links":{"self":[{"href":"https:\/\/www.checkedholidays.com\/sl\/wp-json\/wp\/v2\/pages\/72732","targetHints":{"allow":["GET"]}}],"collection":[{"href":"https:\/\/www.checkedholidays.com\/sl\/wp-json\/wp\/v2\/pages"}],"about":[{"href":"https:\/\/www.checkedholidays.com\/sl\/wp-json\/wp\/v2\/types\/page"}],"author":[{"embeddable":true,"href":"https:\/\/www.checkedholidays.com\/sl\/wp-json\/wp\/v2\/users\/1"}],"replies":[{"embeddable":true,"href":"https:\/\/www.checkedholidays.com\/sl\/wp-json\/wp\/v2\/comments?post=72732"}],"version-history":[{"count":1,"href":"https:\/\/www.checkedholidays.com\/sl\/wp-json\/wp\/v2\/pages\/72732\/revisions"}],"predecessor-version":[{"id":72739,"href":"https:\/\/www.checkedholidays.com\/sl\/wp-json\/wp\/v2\/pages\/72732\/revisions\/72739"}],"wp:featuredmedia":[{"embeddable":true,"href":"https:\/\/www.checkedholidays.com\/sl\/wp-json\/wp\/v2\/media\/72738"}],"wp:attachment":[{"href":"https:\/\/www.checkedholidays.com\/sl\/wp-json\/wp\/v2\/media?parent=72732"}],"curies":[{"name":"wp","href":"https:\/\/api.w.org\/{rel}","templated":true}]}}