{"id":72711,"date":"2023-10-28T09:21:56","date_gmt":"2023-10-28T09:21:56","guid":{"rendered":"https:\/\/www.checkedholidays.com\/about-checkedholidays\/"},"modified":"2023-12-02T12:37:00","modified_gmt":"2023-12-02T12:37:00","slug":"about-checkedholidays","status":"publish","type":"page","link":"https:\/\/www.checkedholidays.com\/sl\/about-checkedholidays\/","title":{"rendered":"O CheckedHolidays"},"content":{"rendered":"\n<p class=\"wp-block-paragraph\">CheckedHolidays je bil ustanovljen leta 2012, potem ko smo na spletu opazili veliko napa\u010dnih informacij o po\u010ditnicah na \u0161panskih otokih. Te napa\u010dne informacije so negativno vplivale na po\u010ditnice ljudi, zato smo posneli videoposnetek na YouTubu, da bi te napa\u010dne informacije popravili. Ko je bil posnetek prevzet in predstavljen v \u010dasopisu Express, si ga je ogledalo ve\u010d kot 100 000 gledalcev. Od tam smo dobili navdih za ve\u010d!<\/p>\n\n<p class=\"has-text-align-center has-large-font-size wp-block-paragraph\"><strong>Pi\u0161ite na<\/strong><\/p>\n\n<p class=\"has-text-align-center has-large-font-size wp-block-paragraph\"><strong>info(at)CheckedHolidays.com<\/strong><\/p>\n\n<h2 class=\"wp-block-heading\">Spletna stran<\/h2>\n\n<p class=\"wp-block-paragraph\">Leto 2019 je bilo prvo polno leto delovanja spletnega mesta, ki je vsak mesec doseglo pribli\u017eno 1 000 bralcev. Zdaj, leta 2022, je vsak mesec ve\u010d kot 30.000 edinstvenih bralcev v angle\u0161kem jeziku.  <\/p>\n\n<p class=\"wp-block-paragraph\">Od avgusta 2022 je spletna stran na voljo v vseh glavnih evropskih jezikih, s \u010dimer se \u0161tevilo bralcev \u0161e hitreje pove\u010duje.<\/p>\n\n<p class=\"wp-block-paragraph\">Cilj tega spletnega mesta v letu 2023 je pomagati ve\u010d kot <strong>\n  <span style=\"text-decoration: underline;\">POLOVICO MILIJONA<\/span>\n<\/strong> ljudem omogo\u010diti bolj\u0161e po\u010ditnice!<\/p>\n\n<figure class=\"wp-block-image size-large\"><img data-recalc-dims=\"1\" loading=\"lazy\" decoding=\"async\" width=\"1024\" height=\"233\" src=\"https:\/\/i0.wp.com\/www.checkedholidays.com\/wp-content\/uploads\/2023\/01\/Screenshot-2023-01-28-at-20.09.55.png?resize=1024%2C233&#038;ssl=1\" alt=\"\" class=\"wp-image-37413\" srcset=\"https:\/\/i0.wp.com\/www.checkedholidays.com\/wp-content\/uploads\/2023\/01\/Screenshot-2023-01-28-at-20.09.55.png?resize=1024%2C233&amp;ssl=1 1024w, https:\/\/i0.wp.com\/www.checkedholidays.com\/wp-content\/uploads\/2023\/01\/Screenshot-2023-01-28-at-20.09.55.png?resize=300%2C68&amp;ssl=1 300w, https:\/\/i0.wp.com\/www.checkedholidays.com\/wp-content\/uploads\/2023\/01\/Screenshot-2023-01-28-at-20.09.55.png?resize=768%2C175&amp;ssl=1 768w, https:\/\/i0.wp.com\/www.checkedholidays.com\/wp-content\/uploads\/2023\/01\/Screenshot-2023-01-28-at-20.09.55.png?resize=1536%2C350&amp;ssl=1 1536w, https:\/\/i0.wp.com\/www.checkedholidays.com\/wp-content\/uploads\/2023\/01\/Screenshot-2023-01-28-at-20.09.55.png?resize=1920%2C437&amp;ssl=1 1920w, https:\/\/i0.wp.com\/www.checkedholidays.com\/wp-content\/uploads\/2023\/01\/Screenshot-2023-01-28-at-20.09.55.png?resize=600%2C137&amp;ssl=1 600w, https:\/\/i0.wp.com\/www.checkedholidays.com\/wp-content\/uploads\/2023\/01\/Screenshot-2023-01-28-at-20.09.55.png?resize=800%2C182&amp;ssl=1 800w, https:\/\/i0.wp.com\/www.checkedholidays.com\/wp-content\/uploads\/2023\/01\/Screenshot-2023-01-28-at-20.09.55.png?w=1968&amp;ssl=1 1968w\" sizes=\"auto, (max-width: 1024px) 100vw, 1024px\" \/><\/figure>\n\n<h2 class=\"wp-block-heading\">YouTube<\/h2>\n\n<p class=\"wp-block-paragraph\">Kanal <a href=\"http:\/\/youtube.com\/checkedholidays\">YouTube<\/a> je za\u010del delovati leta 2012, vendar je leta 2015 dobil ve\u010d videoposnetkov, leta 2018 pa \u0161e ve\u010d. Po velikem upadu \u0161tevila ogledov leta 2020 zaradi omejitev potovanj si ga zdaj vsak mesec ogleda ve\u010d kot 125 000 gledalcev, \u0161tevilo pa \u0161e nara\u0161\u010da.<\/p>\n\n<figure class=\"wp-block-image size-large\"><img data-recalc-dims=\"1\" loading=\"lazy\" decoding=\"async\" width=\"1024\" height=\"230\" src=\"https:\/\/i0.wp.com\/www.checkedholidays.com\/wp-content\/uploads\/2023\/01\/Screenshot-2023-01-28-at-20.14.02.png?resize=1024%2C230&#038;ssl=1\" alt=\"\" class=\"wp-image-37429\" srcset=\"https:\/\/i0.wp.com\/www.checkedholidays.com\/wp-content\/uploads\/2023\/01\/Screenshot-2023-01-28-at-20.14.02.png?resize=1024%2C230&amp;ssl=1 1024w, https:\/\/i0.wp.com\/www.checkedholidays.com\/wp-content\/uploads\/2023\/01\/Screenshot-2023-01-28-at-20.14.02.png?resize=300%2C67&amp;ssl=1 300w, https:\/\/i0.wp.com\/www.checkedholidays.com\/wp-content\/uploads\/2023\/01\/Screenshot-2023-01-28-at-20.14.02.png?resize=768%2C172&amp;ssl=1 768w, https:\/\/i0.wp.com\/www.checkedholidays.com\/wp-content\/uploads\/2023\/01\/Screenshot-2023-01-28-at-20.14.02.png?resize=1536%2C345&amp;ssl=1 1536w, https:\/\/i0.wp.com\/www.checkedholidays.com\/wp-content\/uploads\/2023\/01\/Screenshot-2023-01-28-at-20.14.02.png?resize=2048%2C460&amp;ssl=1 2048w, https:\/\/i0.wp.com\/www.checkedholidays.com\/wp-content\/uploads\/2023\/01\/Screenshot-2023-01-28-at-20.14.02.png?resize=1920%2C431&amp;ssl=1 1920w, https:\/\/i0.wp.com\/www.checkedholidays.com\/wp-content\/uploads\/2023\/01\/Screenshot-2023-01-28-at-20.14.02.png?resize=600%2C135&amp;ssl=1 600w, https:\/\/i0.wp.com\/www.checkedholidays.com\/wp-content\/uploads\/2023\/01\/Screenshot-2023-01-28-at-20.14.02.png?resize=800%2C180&amp;ssl=1 800w, https:\/\/i0.wp.com\/www.checkedholidays.com\/wp-content\/uploads\/2023\/01\/Screenshot-2023-01-28-at-20.14.02.png?w=2388&amp;ssl=1 2388w\" sizes=\"auto, (max-width: 1024px) 100vw, 1024px\" \/><\/figure>\n\n<h2 class=\"wp-block-heading\">Sodelovanja in ogla\u0161evanje<\/h2>\n\n<p class=\"wp-block-paragraph\">Na CheckedHolidays.com govorimo o slabih in dobrih straneh po\u010ditni\u0161kih destinacij, da bi vam dali najbolj\u0161e nasvete za po\u010ditnice. To je eden od razlogov, zakaj na\u0161e spletno mesto<strong> u\u017eiva zaupanje in ljubezen vedno ve\u010djega \u0161tevila bralcev<\/strong>. Da bi \u0161e naprej ponujali visokokakovostne in neodvisne nasvete o po\u010ditnicah, ne izvajamo pla\u010danih promocij izdelkov ali storitev, v katere ne verjamemo. \u010ce menite, da smo spregledali va\u0161 hotel, letovi\u0161\u010de, znamenitost, izlet ali storitev, in \u017eelite, da jih brezpla\u010dno vklju\u010dimo na spletno stran. Stopite v stik z nami in po osebnem pregledu boste morda vklju\u010deni.<\/p>\n\n<p class=\"has-text-align-center has-large-font-size wp-block-paragraph\"><strong>Pi\u0161ite na<\/strong><\/p>\n\n<p class=\"has-text-align-center has-large-font-size wp-block-paragraph\"><strong>info(at)CheckedHolidays.com<\/strong><\/p>\n","protected":false},"excerpt":{"rendered":"<p>CheckedHolidays je bil ustanovljen leta 2012, potem ko smo na spletu opazili veliko napa\u010dnih informacij o po\u010ditnicah na \u0161panskih otokih. Te napa\u010dne informacije so negativno vplivale na po\u010ditnice ljudi, zato smo posneli videoposnetek na YouTubu, da bi te napa\u010dne informacije popravili. Ko je bil posnetek prevzet in predstavljen v \u010dasopisu Express, si ga je ogledalo [&hellip;]<\/p>\n","protected":false},"author":1,"featured_media":72714,"parent":0,"menu_order":0,"comment_status":"closed","ping_status":"closed","template":"","meta":{"_crdt_document":"","footnotes":""},"class_list":["post-72711","page","type-page","status-publish","has-post-thumbnail","hentry"],"yoast_head":"<!-- This site is optimized with the Yoast SEO plugin v27.2 - https:\/\/yoast.com\/product\/yoast-seo-wordpress\/ -->\n<title>O CheckedHolidays<\/title>\n<meta name=\"robots\" content=\"index, follow, max-snippet:-1, max-image-preview:large, max-video-preview:-1\" \/>\n<link rel=\"canonical\" href=\"https:\/\/www.checkedholidays.com\/sl\/about-checkedholidays\/\" \/>\n<meta property=\"og:locale\" content=\"sl_SI\" \/>\n<meta property=\"og:type\" content=\"article\" \/>\n<meta property=\"og:title\" content=\"O CheckedHolidays\" \/>\n<meta property=\"og:description\" content=\"CheckedHolidays je bil ustanovljen leta 2012, potem ko smo na spletu opazili veliko napa\u010dnih informacij o po\u010ditnicah na \u0161panskih otokih. Te napa\u010dne informacije so negativno vplivale na po\u010ditnice ljudi, zato smo posneli videoposnetek na YouTubu, da bi te napa\u010dne informacije popravili. Ko je bil posnetek prevzet in predstavljen v \u010dasopisu Express, si ga je ogledalo [&hellip;]\" \/>\n<meta property=\"og:url\" content=\"https:\/\/www.checkedholidays.com\/sl\/about-checkedholidays\/\" \/>\n<meta property=\"og:site_name\" content=\"CheckedHolidays\" \/>\n<meta property=\"article:publisher\" content=\"http:\/\/www.facebook.com\/checkedholidays\" \/>\n<meta property=\"article:modified_time\" content=\"2023-12-02T12:37:00+00:00\" \/>\n<meta property=\"og:image\" content=\"https:\/\/i0.wp.com\/www.checkedholidays.com\/wp-content\/uploads\/2022\/06\/Website-growth.png?fit=1874%2C452&ssl=1\" \/>\n\t<meta property=\"og:image:width\" content=\"1874\" \/>\n\t<meta property=\"og:image:height\" content=\"452\" \/>\n\t<meta property=\"og:image:type\" content=\"image\/png\" \/>\n<meta name=\"twitter:card\" content=\"summary_large_image\" \/>\n<meta name=\"twitter:site\" content=\"@checkedholidays\" \/>\n<meta name=\"twitter:label1\" content=\"Est. reading time\" \/>\n\t<meta name=\"twitter:data1\" content=\"2 minuti\" \/>\n<script type=\"application\/ld+json\" class=\"yoast-schema-graph\">{\"@context\":\"https:\/\/schema.org\",\"@graph\":[{\"@type\":\"WebPage\",\"@id\":\"https:\/\/www.checkedholidays.com\/sl\/about-checkedholidays\/\",\"url\":\"https:\/\/www.checkedholidays.com\/sl\/about-checkedholidays\/\",\"name\":\"O CheckedHolidays\",\"isPartOf\":{\"@id\":\"https:\/\/www.checkedholidays.com\/sl\/#website\"},\"primaryImageOfPage\":{\"@id\":\"https:\/\/www.checkedholidays.com\/sl\/about-checkedholidays\/#primaryimage\"},\"image\":{\"@id\":\"https:\/\/www.checkedholidays.com\/sl\/about-checkedholidays\/#primaryimage\"},\"thumbnailUrl\":\"https:\/\/i0.wp.com\/www.checkedholidays.com\/wp-content\/uploads\/2022\/06\/Website-growth.png?fit=1874%2C452&ssl=1\",\"datePublished\":\"2023-10-28T09:21:56+00:00\",\"dateModified\":\"2023-12-02T12:37:00+00:00\",\"breadcrumb\":{\"@id\":\"https:\/\/www.checkedholidays.com\/sl\/about-checkedholidays\/#breadcrumb\"},\"inLanguage\":\"sl-SI\",\"potentialAction\":[{\"@type\":\"ReadAction\",\"target\":[\"https:\/\/www.checkedholidays.com\/sl\/about-checkedholidays\/\"]}]},{\"@type\":\"ImageObject\",\"inLanguage\":\"sl-SI\",\"@id\":\"https:\/\/www.checkedholidays.com\/sl\/about-checkedholidays\/#primaryimage\",\"url\":\"https:\/\/i0.wp.com\/www.checkedholidays.com\/wp-content\/uploads\/2022\/06\/Website-growth.png?fit=1874%2C452&ssl=1\",\"contentUrl\":\"https:\/\/i0.wp.com\/www.checkedholidays.com\/wp-content\/uploads\/2022\/06\/Website-growth.png?fit=1874%2C452&ssl=1\",\"width\":1874,\"height\":452},{\"@type\":\"BreadcrumbList\",\"@id\":\"https:\/\/www.checkedholidays.com\/sl\/about-checkedholidays\/#breadcrumb\",\"itemListElement\":[{\"@type\":\"ListItem\",\"position\":1,\"name\":\"Home\",\"item\":\"https:\/\/www.checkedholidays.com\/sl\/\"},{\"@type\":\"ListItem\",\"position\":2,\"name\":\"O CheckedHolidays\"}]},{\"@type\":\"WebSite\",\"@id\":\"https:\/\/www.checkedholidays.com\/sl\/#website\",\"url\":\"https:\/\/www.checkedholidays.com\/sl\/\",\"name\":\"CheckedHolidays\",\"description\":\"Spanish island holidays... but better!\",\"potentialAction\":[{\"@type\":\"SearchAction\",\"target\":{\"@type\":\"EntryPoint\",\"urlTemplate\":\"https:\/\/www.checkedholidays.com\/sl\/?s={search_term_string}\"},\"query-input\":{\"@type\":\"PropertyValueSpecification\",\"valueRequired\":true,\"valueName\":\"search_term_string\"}}],\"inLanguage\":\"sl-SI\"}]}<\/script>\n<!-- \/ Yoast SEO plugin. -->","yoast_head_json":{"title":"O CheckedHolidays","robots":{"index":"index","follow":"follow","max-snippet":"max-snippet:-1","max-image-preview":"max-image-preview:large","max-video-preview":"max-video-preview:-1"},"canonical":"https:\/\/www.checkedholidays.com\/sl\/about-checkedholidays\/","og_locale":"sl_SI","og_type":"article","og_title":"O CheckedHolidays","og_description":"CheckedHolidays je bil ustanovljen leta 2012, potem ko smo na spletu opazili veliko napa\u010dnih informacij o po\u010ditnicah na \u0161panskih otokih. Te napa\u010dne informacije so negativno vplivale na po\u010ditnice ljudi, zato smo posneli videoposnetek na YouTubu, da bi te napa\u010dne informacije popravili. Ko je bil posnetek prevzet in predstavljen v \u010dasopisu Express, si ga je ogledalo [&hellip;]","og_url":"https:\/\/www.checkedholidays.com\/sl\/about-checkedholidays\/","og_site_name":"CheckedHolidays","article_publisher":"http:\/\/www.facebook.com\/checkedholidays","article_modified_time":"2023-12-02T12:37:00+00:00","og_image":[{"width":1874,"height":452,"url":"https:\/\/i0.wp.com\/www.checkedholidays.com\/wp-content\/uploads\/2022\/06\/Website-growth.png?fit=1874%2C452&ssl=1","type":"image\/png"}],"twitter_card":"summary_large_image","twitter_site":"@checkedholidays","twitter_misc":{"Est. reading time":"2 minuti"},"schema":{"@context":"https:\/\/schema.org","@graph":[{"@type":"WebPage","@id":"https:\/\/www.checkedholidays.com\/sl\/about-checkedholidays\/","url":"https:\/\/www.checkedholidays.com\/sl\/about-checkedholidays\/","name":"O CheckedHolidays","isPartOf":{"@id":"https:\/\/www.checkedholidays.com\/sl\/#website"},"primaryImageOfPage":{"@id":"https:\/\/www.checkedholidays.com\/sl\/about-checkedholidays\/#primaryimage"},"image":{"@id":"https:\/\/www.checkedholidays.com\/sl\/about-checkedholidays\/#primaryimage"},"thumbnailUrl":"https:\/\/i0.wp.com\/www.checkedholidays.com\/wp-content\/uploads\/2022\/06\/Website-growth.png?fit=1874%2C452&ssl=1","datePublished":"2023-10-28T09:21:56+00:00","dateModified":"2023-12-02T12:37:00+00:00","breadcrumb":{"@id":"https:\/\/www.checkedholidays.com\/sl\/about-checkedholidays\/#breadcrumb"},"inLanguage":"sl-SI","potentialAction":[{"@type":"ReadAction","target":["https:\/\/www.checkedholidays.com\/sl\/about-checkedholidays\/"]}]},{"@type":"ImageObject","inLanguage":"sl-SI","@id":"https:\/\/www.checkedholidays.com\/sl\/about-checkedholidays\/#primaryimage","url":"https:\/\/i0.wp.com\/www.checkedholidays.com\/wp-content\/uploads\/2022\/06\/Website-growth.png?fit=1874%2C452&ssl=1","contentUrl":"https:\/\/i0.wp.com\/www.checkedholidays.com\/wp-content\/uploads\/2022\/06\/Website-growth.png?fit=1874%2C452&ssl=1","width":1874,"height":452},{"@type":"BreadcrumbList","@id":"https:\/\/www.checkedholidays.com\/sl\/about-checkedholidays\/#breadcrumb","itemListElement":[{"@type":"ListItem","position":1,"name":"Home","item":"https:\/\/www.checkedholidays.com\/sl\/"},{"@type":"ListItem","position":2,"name":"O CheckedHolidays"}]},{"@type":"WebSite","@id":"https:\/\/www.checkedholidays.com\/sl\/#website","url":"https:\/\/www.checkedholidays.com\/sl\/","name":"CheckedHolidays","description":"Spanish island holidays... but better!","potentialAction":[{"@type":"SearchAction","target":{"@type":"EntryPoint","urlTemplate":"https:\/\/www.checkedholidays.com\/sl\/?s={search_term_string}"},"query-input":{"@type":"PropertyValueSpecification","valueRequired":true,"valueName":"search_term_string"}}],"inLanguage":"sl-SI"}]}},"jetpack_sharing_enabled":true,"_links":{"self":[{"href":"https:\/\/www.checkedholidays.com\/sl\/wp-json\/wp\/v2\/pages\/72711","targetHints":{"allow":["GET"]}}],"collection":[{"href":"https:\/\/www.checkedholidays.com\/sl\/wp-json\/wp\/v2\/pages"}],"about":[{"href":"https:\/\/www.checkedholidays.com\/sl\/wp-json\/wp\/v2\/types\/page"}],"author":[{"embeddable":true,"href":"https:\/\/www.checkedholidays.com\/sl\/wp-json\/wp\/v2\/users\/1"}],"replies":[{"embeddable":true,"href":"https:\/\/www.checkedholidays.com\/sl\/wp-json\/wp\/v2\/comments?post=72711"}],"version-history":[{"count":4,"href":"https:\/\/www.checkedholidays.com\/sl\/wp-json\/wp\/v2\/pages\/72711\/revisions"}],"predecessor-version":[{"id":78419,"href":"https:\/\/www.checkedholidays.com\/sl\/wp-json\/wp\/v2\/pages\/72711\/revisions\/78419"}],"wp:featuredmedia":[{"embeddable":true,"href":"https:\/\/www.checkedholidays.com\/sl\/wp-json\/wp\/v2\/media\/72714"}],"wp:attachment":[{"href":"https:\/\/www.checkedholidays.com\/sl\/wp-json\/wp\/v2\/media?parent=72711"}],"curies":[{"name":"wp","href":"https:\/\/api.w.org\/{rel}","templated":true}]}}