{"id":42250,"date":"2023-05-07T12:50:39","date_gmt":"2023-05-07T12:50:39","guid":{"rendered":"https:\/\/www.checkedholidays.com\/affiliate-disclaimer\/"},"modified":"2023-05-07T12:50:41","modified_gmt":"2023-05-07T12:50:41","slug":"affiliate-disclaimer","status":"publish","type":"page","link":"https:\/\/www.checkedholidays.com\/sk\/affiliate-disclaimer\/","title":{"rendered":"T\u00e1to webov\u00e1 str\u00e1nka pou\u017e\u00edva partnersk\u00e9 odkazy"},"content":{"rendered":"\n<p class=\"wp-block-paragraph\">Ak v\u00e1m m\u00f4j kan\u00e1l Youtube, webov\u00e1 str\u00e1nka <g class=\"gr_ gr_4 gr-alert gr_gramm gr_inline_cards gr_disable_anim_appear Punctuation only-ins replaceWithoutSep\" id=\"4\" data-gr-id=\"4\">a<\/g> sprievodcovia pom\u00e1haj\u00fa a chcete <strong>mi pom\u00f4c\u0165, pom\u00f4c\u0165 v\u00e1m<\/strong>&#8230; potom je pou\u017eitie mojich partnersk\u00fdch odkazov najlep\u0161\u00edm sp\u00f4sobom, ako to urobi\u0165 <strong>ZDARMA<\/strong>.<\/p>\n\n<p class=\"wp-block-paragraph\">Affiliate odkazy s\u00fa ve\u013emi \u0161tandardn\u00e9 a \u0161iroko pou\u017e\u00edvan\u00e9, ale mysl\u00edm si, \u017ee je d\u00f4le\u017eit\u00e9, aby ste o nich boli informovan\u00ed.<\/p>\n\n<p class=\"wp-block-paragraph\">Affiliate odkazy vyzeraj\u00fa ako be\u017en\u00e9 odkazy, ale informuj\u00fa webov\u00fa str\u00e1nku, na ktor\u00fa idete, \u017ee ste pri\u0161li z mojej webovej str\u00e1nky. Ak si nie\u010do k\u00fapite na webovej str\u00e1nke, na ktor\u00fa som odk\u00e1zal, dostanem mal\u00fa prov\u00edziu, ktor\u00e1 pom\u00f4\u017ee udr\u017ea\u0165 t\u00fato webov\u00fa str\u00e1nku v prev\u00e1dzke.  <\/p>\n\n<p class=\"wp-block-paragraph\">V\u017edy v\u0161ak zaplat\u00edte rovnak\u00fa cenu ako zvy\u010dajne a niekedy je pre v\u00e1s dokonca pripraven\u00e1 z\u013eava alebo v\u00fdhoda, ak pou\u017eijete moje partnersk\u00e9 odkazy. Prov\u00edziu plat\u00ed majite\u013e inej webovej str\u00e1nky, nie vy.<\/p>\n\n<p class=\"wp-block-paragraph\">\u010eakujem v\u00e1m, \u017ee ste pou\u017eili moje partnersk\u00e9 odkazy a umo\u017enili tak mne, webovej str\u00e1nke a kan\u00e1lu YouTube pom\u00f4c\u0165 mili\u00f3nom \u010fal\u0161\u00edch \u013eud\u00ed, ako ste vy, pre\u017ei\u0165 e\u0161te lep\u0161iu dovolenku!<\/p>\n\n<p class=\"wp-block-paragraph\"><g class=\"gr_ gr_4 gr-alert gr_spell gr_inline_cards gr_run_anim ContextualSpelling ins-del multiReplace\" id=\"4\" data-gr-id=\"4\"><a href=\"https:\/\/www.checkedholidays.com\/sk\/about\/\">Ive<\/a><\/g><\/p>\n","protected":false},"excerpt":{"rendered":"<p>Ak v\u00e1m m\u00f4j kan\u00e1l Youtube, webov\u00e1 str\u00e1nka a sprievodcovia pom\u00e1haj\u00fa a chcete mi pom\u00f4c\u0165, pom\u00f4c\u0165 v\u00e1m&#8230; potom je pou\u017eitie mojich partnersk\u00fdch odkazov najlep\u0161\u00edm sp\u00f4sobom, ako to urobi\u0165 ZDARMA. Affiliate odkazy s\u00fa ve\u013emi \u0161tandardn\u00e9 a \u0161iroko pou\u017e\u00edvan\u00e9, ale mysl\u00edm si, \u017ee je d\u00f4le\u017eit\u00e9, aby ste o nich boli informovan\u00ed. Affiliate odkazy vyzeraj\u00fa ako be\u017en\u00e9 odkazy, ale [&hellip;]<\/p>\n","protected":false},"author":1,"featured_media":0,"parent":0,"menu_order":0,"comment_status":"closed","ping_status":"closed","template":"","meta":{"_crdt_document":"","footnotes":""},"class_list":["post-42250","page","type-page","status-publish","hentry"],"yoast_head":"<!-- This site is optimized with the Yoast SEO plugin v27.2 - https:\/\/yoast.com\/product\/yoast-seo-wordpress\/ -->\n<title>T\u00e1to webov\u00e1 str\u00e1nka pou\u017e\u00edva partnersk\u00e9 odkazy - CheckedHolidays<\/title>\n<meta name=\"robots\" content=\"index, follow, max-snippet:-1, max-image-preview:large, max-video-preview:-1\" \/>\n<link rel=\"canonical\" href=\"https:\/\/www.checkedholidays.com\/sk\/affiliate-disclaimer\/\" \/>\n<meta property=\"og:locale\" content=\"sk_SK\" \/>\n<meta property=\"og:type\" content=\"article\" \/>\n<meta property=\"og:title\" content=\"T\u00e1to webov\u00e1 str\u00e1nka pou\u017e\u00edva partnersk\u00e9 odkazy - CheckedHolidays\" \/>\n<meta property=\"og:description\" content=\"Ak v\u00e1m m\u00f4j kan\u00e1l Youtube, webov\u00e1 str\u00e1nka a sprievodcovia pom\u00e1haj\u00fa a chcete mi pom\u00f4c\u0165, pom\u00f4c\u0165 v\u00e1m&#8230; potom je pou\u017eitie mojich partnersk\u00fdch odkazov najlep\u0161\u00edm sp\u00f4sobom, ako to urobi\u0165 ZDARMA. Affiliate odkazy s\u00fa ve\u013emi \u0161tandardn\u00e9 a \u0161iroko pou\u017e\u00edvan\u00e9, ale mysl\u00edm si, \u017ee je d\u00f4le\u017eit\u00e9, aby ste o nich boli informovan\u00ed. Affiliate odkazy vyzeraj\u00fa ako be\u017en\u00e9 odkazy, ale [&hellip;]\" \/>\n<meta property=\"og:url\" content=\"https:\/\/www.checkedholidays.com\/sk\/affiliate-disclaimer\/\" \/>\n<meta property=\"og:site_name\" content=\"CheckedHolidays\" \/>\n<meta property=\"article:publisher\" content=\"http:\/\/www.facebook.com\/checkedholidays\" \/>\n<meta property=\"article:modified_time\" content=\"2023-05-07T12:50:41+00:00\" \/>\n<meta name=\"twitter:card\" content=\"summary_large_image\" \/>\n<meta name=\"twitter:site\" content=\"@checkedholidays\" \/>\n<meta name=\"twitter:label1\" content=\"Predpokladan\u00fd \u010das \u010d\u00edtania\" \/>\n\t<meta name=\"twitter:data1\" content=\"1 min\u00fata\" \/>\n<script type=\"application\/ld+json\" class=\"yoast-schema-graph\">{\"@context\":\"https:\/\/schema.org\",\"@graph\":[{\"@type\":\"WebPage\",\"@id\":\"https:\/\/www.checkedholidays.com\/sk\/affiliate-disclaimer\/\",\"url\":\"https:\/\/www.checkedholidays.com\/sk\/affiliate-disclaimer\/\",\"name\":\"T\u00e1to webov\u00e1 str\u00e1nka pou\u017e\u00edva partnersk\u00e9 odkazy - CheckedHolidays\",\"isPartOf\":{\"@id\":\"https:\/\/www.checkedholidays.com\/sk\/#website\"},\"datePublished\":\"2023-05-07T12:50:39+00:00\",\"dateModified\":\"2023-05-07T12:50:41+00:00\",\"breadcrumb\":{\"@id\":\"https:\/\/www.checkedholidays.com\/sk\/affiliate-disclaimer\/#breadcrumb\"},\"inLanguage\":\"sk-SK\",\"potentialAction\":[{\"@type\":\"ReadAction\",\"target\":[\"https:\/\/www.checkedholidays.com\/sk\/affiliate-disclaimer\/\"]}]},{\"@type\":\"BreadcrumbList\",\"@id\":\"https:\/\/www.checkedholidays.com\/sk\/affiliate-disclaimer\/#breadcrumb\",\"itemListElement\":[{\"@type\":\"ListItem\",\"position\":1,\"name\":\"Home\",\"item\":\"https:\/\/www.checkedholidays.com\/sk\/\"},{\"@type\":\"ListItem\",\"position\":2,\"name\":\"T\u00e1to webov\u00e1 str\u00e1nka pou\u017e\u00edva partnersk\u00e9 odkazy\"}]},{\"@type\":\"WebSite\",\"@id\":\"https:\/\/www.checkedholidays.com\/sk\/#website\",\"url\":\"https:\/\/www.checkedholidays.com\/sk\/\",\"name\":\"CheckedHolidays\",\"description\":\"Spanish island holidays... but better!\",\"potentialAction\":[{\"@type\":\"SearchAction\",\"target\":{\"@type\":\"EntryPoint\",\"urlTemplate\":\"https:\/\/www.checkedholidays.com\/sk\/?s={search_term_string}\"},\"query-input\":{\"@type\":\"PropertyValueSpecification\",\"valueRequired\":true,\"valueName\":\"search_term_string\"}}],\"inLanguage\":\"sk-SK\"}]}<\/script>\n<!-- \/ Yoast SEO plugin. -->","yoast_head_json":{"title":"T\u00e1to webov\u00e1 str\u00e1nka pou\u017e\u00edva partnersk\u00e9 odkazy - CheckedHolidays","robots":{"index":"index","follow":"follow","max-snippet":"max-snippet:-1","max-image-preview":"max-image-preview:large","max-video-preview":"max-video-preview:-1"},"canonical":"https:\/\/www.checkedholidays.com\/sk\/affiliate-disclaimer\/","og_locale":"sk_SK","og_type":"article","og_title":"T\u00e1to webov\u00e1 str\u00e1nka pou\u017e\u00edva partnersk\u00e9 odkazy - CheckedHolidays","og_description":"Ak v\u00e1m m\u00f4j kan\u00e1l Youtube, webov\u00e1 str\u00e1nka a sprievodcovia pom\u00e1haj\u00fa a chcete mi pom\u00f4c\u0165, pom\u00f4c\u0165 v\u00e1m&#8230; potom je pou\u017eitie mojich partnersk\u00fdch odkazov najlep\u0161\u00edm sp\u00f4sobom, ako to urobi\u0165 ZDARMA. Affiliate odkazy s\u00fa ve\u013emi \u0161tandardn\u00e9 a \u0161iroko pou\u017e\u00edvan\u00e9, ale mysl\u00edm si, \u017ee je d\u00f4le\u017eit\u00e9, aby ste o nich boli informovan\u00ed. Affiliate odkazy vyzeraj\u00fa ako be\u017en\u00e9 odkazy, ale [&hellip;]","og_url":"https:\/\/www.checkedholidays.com\/sk\/affiliate-disclaimer\/","og_site_name":"CheckedHolidays","article_publisher":"http:\/\/www.facebook.com\/checkedholidays","article_modified_time":"2023-05-07T12:50:41+00:00","twitter_card":"summary_large_image","twitter_site":"@checkedholidays","twitter_misc":{"Predpokladan\u00fd \u010das \u010d\u00edtania":"1 min\u00fata"},"schema":{"@context":"https:\/\/schema.org","@graph":[{"@type":"WebPage","@id":"https:\/\/www.checkedholidays.com\/sk\/affiliate-disclaimer\/","url":"https:\/\/www.checkedholidays.com\/sk\/affiliate-disclaimer\/","name":"T\u00e1to webov\u00e1 str\u00e1nka pou\u017e\u00edva partnersk\u00e9 odkazy - CheckedHolidays","isPartOf":{"@id":"https:\/\/www.checkedholidays.com\/sk\/#website"},"datePublished":"2023-05-07T12:50:39+00:00","dateModified":"2023-05-07T12:50:41+00:00","breadcrumb":{"@id":"https:\/\/www.checkedholidays.com\/sk\/affiliate-disclaimer\/#breadcrumb"},"inLanguage":"sk-SK","potentialAction":[{"@type":"ReadAction","target":["https:\/\/www.checkedholidays.com\/sk\/affiliate-disclaimer\/"]}]},{"@type":"BreadcrumbList","@id":"https:\/\/www.checkedholidays.com\/sk\/affiliate-disclaimer\/#breadcrumb","itemListElement":[{"@type":"ListItem","position":1,"name":"Home","item":"https:\/\/www.checkedholidays.com\/sk\/"},{"@type":"ListItem","position":2,"name":"T\u00e1to webov\u00e1 str\u00e1nka pou\u017e\u00edva partnersk\u00e9 odkazy"}]},{"@type":"WebSite","@id":"https:\/\/www.checkedholidays.com\/sk\/#website","url":"https:\/\/www.checkedholidays.com\/sk\/","name":"CheckedHolidays","description":"Spanish island holidays... but better!","potentialAction":[{"@type":"SearchAction","target":{"@type":"EntryPoint","urlTemplate":"https:\/\/www.checkedholidays.com\/sk\/?s={search_term_string}"},"query-input":{"@type":"PropertyValueSpecification","valueRequired":true,"valueName":"search_term_string"}}],"inLanguage":"sk-SK"}]}},"jetpack_sharing_enabled":true,"_links":{"self":[{"href":"https:\/\/www.checkedholidays.com\/sk\/wp-json\/wp\/v2\/pages\/42250","targetHints":{"allow":["GET"]}}],"collection":[{"href":"https:\/\/www.checkedholidays.com\/sk\/wp-json\/wp\/v2\/pages"}],"about":[{"href":"https:\/\/www.checkedholidays.com\/sk\/wp-json\/wp\/v2\/types\/page"}],"author":[{"embeddable":true,"href":"https:\/\/www.checkedholidays.com\/sk\/wp-json\/wp\/v2\/users\/1"}],"replies":[{"embeddable":true,"href":"https:\/\/www.checkedholidays.com\/sk\/wp-json\/wp\/v2\/comments?post=42250"}],"version-history":[{"count":1,"href":"https:\/\/www.checkedholidays.com\/sk\/wp-json\/wp\/v2\/pages\/42250\/revisions"}],"predecessor-version":[{"id":42251,"href":"https:\/\/www.checkedholidays.com\/sk\/wp-json\/wp\/v2\/pages\/42250\/revisions\/42251"}],"wp:attachment":[{"href":"https:\/\/www.checkedholidays.com\/sk\/wp-json\/wp\/v2\/media?parent=42250"}],"curies":[{"name":"wp","href":"https:\/\/api.w.org\/{rel}","templated":true}]}}