{"id":42246,"date":"2023-05-07T12:50:08","date_gmt":"2023-05-07T12:50:08","guid":{"rendered":"https:\/\/www.checkedholidays.com\/home\/"},"modified":"2026-02-23T13:20:59","modified_gmt":"2026-02-23T13:20:59","slug":"home","status":"publish","type":"page","link":"https:\/\/www.checkedholidays.com\/sk\/","title":{"rendered":"Domovsk\u00e1 str\u00e1nka"},"content":{"rendered":"\n<h2 class=\"wp-block-heading has-text-align-center\"><strong>N\u00e1jdite si ide\u00e1lnu dovolenku na \u0161panielskych ostrovoch<\/strong><\/h2>\n\n<p class=\"wp-block-paragraph\">Skvel\u00e9 po\u010das cel\u00e9ho roka<\/p>\n\n<ul class=\"wp-block-list\">\n<li><strong><u><a href=\"https:\/\/www.checkedholidays.com\/sk\/tag\/tenerife-sk\/\" type=\"category\" id=\"59\">Tenerife<\/a><\/u><\/strong> &#8211; Najlep\u0161ie pre rodiny, ktor\u00e9 chc\u00fa rozmanitos\u0165, atrakcie a pohodlie.<\/li>\n\n\n\n<li><strong><u><a href=\"https:\/\/www.checkedholidays.com\/sk\/tag\/gran-canaria-sk\/\" type=\"category\" id=\"60\">Gran Canaria<\/a><\/u><\/strong> &#8211; Najlep\u0161ie pre p\u00e1ry a dospel\u00fdch, ktor\u00ed t\u00fa\u017eia po no\u010dnom \u017eivote, stravovan\u00ed a nakupovan\u00ed.<\/li>\n\n\n\n<li><strong><u><a href=\"https:\/\/www.checkedholidays.com\/sk\/tag\/lanzarote-sk\/\" type=\"category\" id=\"61\">Lanzarote<\/a><\/u><\/strong> &#8211; Najlep\u0161ie pre all-inclusive dovolenku a jednoduch\u00fa relaxa\u010dn\u00fa dovolenku.<\/li>\n\n\n\n<li><strong><u><a href=\"https:\/\/www.checkedholidays.com\/sk\/tag\/fuerteventura-sk\/\" type=\"category\" id=\"309\">Fuerteventura<\/a><\/u><\/strong> &#8211; Najlep\u0161ie pre dovolenku na pl\u00e1\u017ei s dostatkom priestoru.<\/li>\n<\/ul>\n\n<p class=\"wp-block-paragraph\">Najlep\u0161ie od m\u00e1ja do okt\u00f3bra<\/p>\n\n<ul class=\"wp-block-list\">\n<li><strong><u><a href=\"https:\/\/www.checkedholidays.com\/sk\/tag\/mallorca-sk\/\" type=\"category\" id=\"57\">Mallorca<\/a><\/u><\/strong> &#8211; Najlep\u0161ie pre rodiny a milovn\u00edkov rozmanitosti, ktor\u00ed chc\u00fa pl\u00e1\u017ee, v\u00fdlety a bohat\u00fd v\u00fdber.<\/li>\n\n\n\n<li><strong><u><a href=\"https:\/\/www.checkedholidays.com\/sk\/tag\/menorca-sk\/\" type=\"category\" id=\"91\">Menorca<\/a><\/u><\/strong> &#8211; Najlep\u0161ie pre pokojn\u00fa, uvo\u013enen\u00fa dovolenku s rodinou a autentick\u00fdm \u0161armom.  <\/li>\n\n\n\n<li><strong><u><a href=\"https:\/\/www.checkedholidays.com\/sk\/guide\/ibiza-sk\/\" type=\"category\" id=\"633\">Ibiza<\/a><\/u><\/strong> &#8211; Najlep\u0161ie pre dospel\u00fdch, p\u00e1ry, no\u010dn\u00fd \u017eivot, pl\u00e1\u017eov\u00e9 kluby a \u0161t\u00fdlov\u00e9 dovolenkov\u00e9 destin\u00e1cie.<\/li>\n<\/ul>\n","protected":false},"excerpt":{"rendered":"<p>N\u00e1jdite si ide\u00e1lnu dovolenku na \u0161panielskych ostrovoch Skvel\u00e9 po\u010das cel\u00e9ho roka Najlep\u0161ie od m\u00e1ja do okt\u00f3bra<\/p>\n","protected":false},"author":1,"featured_media":0,"parent":0,"menu_order":0,"comment_status":"closed","ping_status":"closed","template":"","meta":{"_crdt_document":"","footnotes":""},"class_list":["post-42246","page","type-page","status-publish","hentry"],"yoast_head":"<!-- This site is optimized with the Yoast SEO plugin v27.2 - https:\/\/yoast.com\/product\/yoast-seo-wordpress\/ -->\n<title>N\u00e1jdite si ide\u00e1lnu dovolenku na \u0161panielskych ostrovoch<\/title>\n<meta name=\"description\" content=\"Objavte svoju ide\u00e1lnu dovolenku na \u0161panielskych ostrovoch pod veden\u00edm odborn\u00edka s viac ako 20-ro\u010dn\u00fdmi sk\u00fasenos\u0165ami.\" \/>\n<meta name=\"robots\" content=\"index, follow, max-snippet:-1, max-image-preview:large, max-video-preview:-1\" \/>\n<link rel=\"canonical\" href=\"https:\/\/www.checkedholidays.com\/sk\/\" \/>\n<meta property=\"og:locale\" content=\"sk_SK\" \/>\n<meta property=\"og:type\" content=\"article\" \/>\n<meta property=\"og:title\" content=\"N\u00e1jdite si ide\u00e1lnu dovolenku na \u0161panielskych ostrovoch\" \/>\n<meta property=\"og:description\" content=\"Objavte svoju ide\u00e1lnu dovolenku na \u0161panielskych ostrovoch pod veden\u00edm odborn\u00edka s viac ako 20-ro\u010dn\u00fdmi sk\u00fasenos\u0165ami.\" \/>\n<meta property=\"og:url\" content=\"https:\/\/www.checkedholidays.com\/sk\/\" \/>\n<meta property=\"og:site_name\" content=\"CheckedHolidays\" \/>\n<meta property=\"article:publisher\" content=\"http:\/\/www.facebook.com\/checkedholidays\" \/>\n<meta property=\"article:modified_time\" content=\"2026-02-23T13:20:59+00:00\" \/>\n<meta name=\"twitter:card\" content=\"summary_large_image\" \/>\n<meta name=\"twitter:site\" content=\"@checkedholidays\" \/>\n<meta name=\"twitter:label1\" content=\"Predpokladan\u00fd \u010das \u010d\u00edtania\" \/>\n\t<meta name=\"twitter:data1\" content=\"1 min\u00fata\" \/>\n<script type=\"application\/ld+json\" class=\"yoast-schema-graph\">{\"@context\":\"https:\/\/schema.org\",\"@graph\":[{\"@type\":\"WebPage\",\"@id\":\"https:\/\/www.checkedholidays.com\/sk\/\",\"url\":\"https:\/\/www.checkedholidays.com\/sk\/\",\"name\":\"N\u00e1jdite si ide\u00e1lnu dovolenku na \u0161panielskych ostrovoch\",\"isPartOf\":{\"@id\":\"https:\/\/www.checkedholidays.com\/sk\/#website\"},\"datePublished\":\"2023-05-07T12:50:08+00:00\",\"dateModified\":\"2026-02-23T13:20:59+00:00\",\"description\":\"Objavte svoju ide\u00e1lnu dovolenku na \u0161panielskych ostrovoch pod veden\u00edm odborn\u00edka s viac ako 20-ro\u010dn\u00fdmi sk\u00fasenos\u0165ami.\",\"breadcrumb\":{\"@id\":\"https:\/\/www.checkedholidays.com\/sk\/#breadcrumb\"},\"inLanguage\":\"sk-SK\",\"potentialAction\":[{\"@type\":\"ReadAction\",\"target\":[\"https:\/\/www.checkedholidays.com\/sk\/\"]}]},{\"@type\":\"BreadcrumbList\",\"@id\":\"https:\/\/www.checkedholidays.com\/sk\/#breadcrumb\",\"itemListElement\":[{\"@type\":\"ListItem\",\"position\":1,\"name\":\"Home\",\"item\":\"https:\/\/www.checkedholidays.com\/sk\/\"},{\"@type\":\"ListItem\",\"position\":2,\"name\":\"Domovsk\u00e1 str\u00e1nka\"}]},{\"@type\":\"WebSite\",\"@id\":\"https:\/\/www.checkedholidays.com\/sk\/#website\",\"url\":\"https:\/\/www.checkedholidays.com\/sk\/\",\"name\":\"CheckedHolidays\",\"description\":\"Spanish island holidays... but better!\",\"potentialAction\":[{\"@type\":\"SearchAction\",\"target\":{\"@type\":\"EntryPoint\",\"urlTemplate\":\"https:\/\/www.checkedholidays.com\/sk\/?s={search_term_string}\"},\"query-input\":{\"@type\":\"PropertyValueSpecification\",\"valueRequired\":true,\"valueName\":\"search_term_string\"}}],\"inLanguage\":\"sk-SK\"}]}<\/script>\n<!-- \/ Yoast SEO plugin. -->","yoast_head_json":{"title":"N\u00e1jdite si ide\u00e1lnu dovolenku na \u0161panielskych ostrovoch","description":"Objavte svoju ide\u00e1lnu dovolenku na \u0161panielskych ostrovoch pod veden\u00edm odborn\u00edka s viac ako 20-ro\u010dn\u00fdmi sk\u00fasenos\u0165ami.","robots":{"index":"index","follow":"follow","max-snippet":"max-snippet:-1","max-image-preview":"max-image-preview:large","max-video-preview":"max-video-preview:-1"},"canonical":"https:\/\/www.checkedholidays.com\/sk\/","og_locale":"sk_SK","og_type":"article","og_title":"N\u00e1jdite si ide\u00e1lnu dovolenku na \u0161panielskych ostrovoch","og_description":"Objavte svoju ide\u00e1lnu dovolenku na \u0161panielskych ostrovoch pod veden\u00edm odborn\u00edka s viac ako 20-ro\u010dn\u00fdmi sk\u00fasenos\u0165ami.","og_url":"https:\/\/www.checkedholidays.com\/sk\/","og_site_name":"CheckedHolidays","article_publisher":"http:\/\/www.facebook.com\/checkedholidays","article_modified_time":"2026-02-23T13:20:59+00:00","twitter_card":"summary_large_image","twitter_site":"@checkedholidays","twitter_misc":{"Predpokladan\u00fd \u010das \u010d\u00edtania":"1 min\u00fata"},"schema":{"@context":"https:\/\/schema.org","@graph":[{"@type":"WebPage","@id":"https:\/\/www.checkedholidays.com\/sk\/","url":"https:\/\/www.checkedholidays.com\/sk\/","name":"N\u00e1jdite si ide\u00e1lnu dovolenku na \u0161panielskych ostrovoch","isPartOf":{"@id":"https:\/\/www.checkedholidays.com\/sk\/#website"},"datePublished":"2023-05-07T12:50:08+00:00","dateModified":"2026-02-23T13:20:59+00:00","description":"Objavte svoju ide\u00e1lnu dovolenku na \u0161panielskych ostrovoch pod veden\u00edm odborn\u00edka s viac ako 20-ro\u010dn\u00fdmi sk\u00fasenos\u0165ami.","breadcrumb":{"@id":"https:\/\/www.checkedholidays.com\/sk\/#breadcrumb"},"inLanguage":"sk-SK","potentialAction":[{"@type":"ReadAction","target":["https:\/\/www.checkedholidays.com\/sk\/"]}]},{"@type":"BreadcrumbList","@id":"https:\/\/www.checkedholidays.com\/sk\/#breadcrumb","itemListElement":[{"@type":"ListItem","position":1,"name":"Home","item":"https:\/\/www.checkedholidays.com\/sk\/"},{"@type":"ListItem","position":2,"name":"Domovsk\u00e1 str\u00e1nka"}]},{"@type":"WebSite","@id":"https:\/\/www.checkedholidays.com\/sk\/#website","url":"https:\/\/www.checkedholidays.com\/sk\/","name":"CheckedHolidays","description":"Spanish island holidays... but better!","potentialAction":[{"@type":"SearchAction","target":{"@type":"EntryPoint","urlTemplate":"https:\/\/www.checkedholidays.com\/sk\/?s={search_term_string}"},"query-input":{"@type":"PropertyValueSpecification","valueRequired":true,"valueName":"search_term_string"}}],"inLanguage":"sk-SK"}]}},"jetpack_sharing_enabled":true,"_links":{"self":[{"href":"https:\/\/www.checkedholidays.com\/sk\/wp-json\/wp\/v2\/pages\/42246","targetHints":{"allow":["GET"]}}],"collection":[{"href":"https:\/\/www.checkedholidays.com\/sk\/wp-json\/wp\/v2\/pages"}],"about":[{"href":"https:\/\/www.checkedholidays.com\/sk\/wp-json\/wp\/v2\/types\/page"}],"author":[{"embeddable":true,"href":"https:\/\/www.checkedholidays.com\/sk\/wp-json\/wp\/v2\/users\/1"}],"replies":[{"embeddable":true,"href":"https:\/\/www.checkedholidays.com\/sk\/wp-json\/wp\/v2\/comments?post=42246"}],"version-history":[{"count":5,"href":"https:\/\/www.checkedholidays.com\/sk\/wp-json\/wp\/v2\/pages\/42246\/revisions"}],"predecessor-version":[{"id":113854,"href":"https:\/\/www.checkedholidays.com\/sk\/wp-json\/wp\/v2\/pages\/42246\/revisions\/113854"}],"wp:attachment":[{"href":"https:\/\/www.checkedholidays.com\/sk\/wp-json\/wp\/v2\/media?parent=42246"}],"curies":[{"name":"wp","href":"https:\/\/api.w.org\/{rel}","templated":true}]}}