{"id":42245,"date":"2023-05-07T12:49:51","date_gmt":"2023-05-07T12:49:51","guid":{"rendered":"https:\/\/www.checkedholidays.com\/cookie-policy\/"},"modified":"2025-03-17T09:56:04","modified_gmt":"2025-03-17T09:56:04","slug":"cookie-policy","status":"publish","type":"page","link":"https:\/\/www.checkedholidays.com\/sk\/cookie-policy\/","title":{"rendered":"Z\u00e1sady pou\u017e\u00edvania s\u00faborov cookie"},"content":{"rendered":"\n<h2 class=\"wp-block-heading\">\u010co s\u00fa to s\u00fabory cookie?<\/h2>\n\n<p class=\"wp-block-paragraph\">Tieto z\u00e1sady pou\u017e\u00edvania s\u00faborov cookie vysvet\u013euj\u00fa, \u010do s\u00fa s\u00fabory cookie a ako ich pou\u017e\u00edvame, ak\u00e9 typy s\u00faborov cookie pou\u017e\u00edvame, t. j. ak\u00e9 inform\u00e1cie zhroma\u017e\u010fujeme pomocou s\u00faborov cookie a ako sa tieto inform\u00e1cie pou\u017e\u00edvaj\u00fa, a ako spravova\u0165 nastavenia s\u00faborov cookie.<\/p>\n\n<p class=\"wp-block-paragraph\">S\u00fabory cookie s\u00fa mal\u00e9 textov\u00e9 s\u00fabory, ktor\u00e9 sa pou\u017e\u00edvaj\u00fa na ukladanie mal\u00fdch inform\u00e1ci\u00ed. Ukladaj\u00fa sa do v\u00e1\u0161ho zariadenia pri na\u010d\u00edtan\u00ed webovej str\u00e1nky v prehliada\u010di. Tieto s\u00fabory cookie n\u00e1m pom\u00e1haj\u00fa zabezpe\u010di\u0165 spr\u00e1vne fungovanie webovej lokality, zv\u00fd\u0161i\u0165 jej bezpe\u010dnos\u0165, poskytn\u00fa\u0165 pou\u017e\u00edvate\u013eom lep\u0161\u00ed z\u00e1\u017eitok, pochopi\u0165, ako webov\u00e1 lokalita funguje, a analyzova\u0165, \u010do funguje a kde je potrebn\u00e9 zlep\u0161enie.<\/p>\n\n<h2 class=\"wp-block-heading\">Ako pou\u017e\u00edvame s\u00fabory cookie?<\/h2>\n\n<p class=\"wp-block-paragraph\">Ako v\u00e4\u010d\u0161ina online slu\u017eieb, aj na\u0161a webov\u00e1 str\u00e1nka pou\u017e\u00edva s\u00fabory cookie prvej strany a tret\u00edch str\u00e1n na viacer\u00e9 \u00fa\u010dely. S\u00fabory cookie prvej strany s\u00fa v\u00e4\u010d\u0161inou potrebn\u00e9 na spr\u00e1vne fungovanie webovej str\u00e1nky a nezhroma\u017e\u010fuj\u00fa \u017eiadne va\u0161e osobn\u00e9 \u00fadaje.<\/p>\n\n<p class=\"wp-block-paragraph\">S\u00fabory cookie tret\u00edch str\u00e1n pou\u017e\u00edvan\u00e9 na na\u0161ej webovej lokalite sl\u00fa\u017eia najm\u00e4 na pochopenie toho, ako webov\u00e1 lokalita funguje, ako s \u0148ou komunikujete, na udr\u017eiavanie bezpe\u010dnosti na\u0161ich slu\u017eieb, na poskytovanie rekl\u00e1m, ktor\u00e9 s\u00fa pre v\u00e1s relevantn\u00e9, a celkovo v\u00e1m poskytuj\u00fa lep\u0161\u00ed a lep\u0161\u00ed pou\u017e\u00edvate\u013esk\u00fd z\u00e1\u017eitok a pom\u00e1haj\u00fa ur\u00fdchli\u0165 va\u0161e bud\u00face interakcie s na\u0161ou webovou lokalitou.<\/p>\n\n<h2 class=\"wp-block-heading\">Typy s\u00faborov cookie, ktor\u00e9 pou\u017e\u00edvame<\/h2>\n\n<style>\n    a.cky-banner-element {\n        padding: 8px 30px;\n        background: #F8F9FA;\n        color: #858A8F;\n        border: 1px solid #DEE2E6;\n        box-sizing: border-box;\n        border-radius: 2px;\n        cursor: pointer;\n}\n<\/style>\n\n    <div class=\"cky-audit-table-element\"><\/div>\n\n<h2 class=\"wp-block-heading\">Spravovanie predvolieb s\u00faborov cookie<\/h2>\n\n<a class=\"cky-banner-element\">Nastavenia s\u00faborov cookie<\/a> <br\/>\n<p>\n<\/p>\n<p class=\"wp-block-paragraph\">Svoje nastavenia s\u00faborov cookie m\u00f4\u017eete kedyko\u013evek zmeni\u0165 kliknut\u00edm na vy\u0161\u0161ie uveden\u00e9 tla\u010didlo. To v\u00e1m umo\u017en\u00ed op\u00e4tovne nav\u0161t\u00edvi\u0165 banner so s\u00fahlasom so s\u00fabormi cookie a zmeni\u0165 svoje preferencie alebo svoj s\u00fahlas hne\u010f odvola\u0165.   <\/p>\n\n<p class=\"wp-block-paragraph\">Okrem toho r\u00f4zne prehliada\u010de poskytuj\u00fa r\u00f4zne sp\u00f4soby blokovania a odstra\u0148ovania s\u00faborov cookie pou\u017e\u00edvan\u00fdch webov\u00fdmi str\u00e1nkami. M\u00f4\u017eete zmeni\u0165 nastavenia prehliada\u010da a zablokova\u0165\/vymaza\u0165 s\u00fabory cookie.  <\/p>\n","protected":false},"excerpt":{"rendered":"<p>\u010co s\u00fa to s\u00fabory cookie? Tieto z\u00e1sady pou\u017e\u00edvania s\u00faborov cookie vysvet\u013euj\u00fa, \u010do s\u00fa s\u00fabory cookie a ako ich pou\u017e\u00edvame, ak\u00e9 typy s\u00faborov cookie pou\u017e\u00edvame, t. j. ak\u00e9 inform\u00e1cie zhroma\u017e\u010fujeme pomocou s\u00faborov cookie a ako sa tieto inform\u00e1cie pou\u017e\u00edvaj\u00fa, a ako spravova\u0165 nastavenia s\u00faborov cookie. S\u00fabory cookie s\u00fa mal\u00e9 textov\u00e9 s\u00fabory, ktor\u00e9 sa pou\u017e\u00edvaj\u00fa na ukladanie [&hellip;]<\/p>\n","protected":false},"author":1,"featured_media":0,"parent":0,"menu_order":0,"comment_status":"closed","ping_status":"closed","template":"","meta":{"_crdt_document":"","footnotes":""},"class_list":["post-42245","page","type-page","status-publish","hentry"],"yoast_head":"<!-- This site is optimized with the Yoast SEO plugin v27.2 - https:\/\/yoast.com\/product\/yoast-seo-wordpress\/ -->\n<title>Z\u00e1sady pou\u017e\u00edvania s\u00faborov cookie<\/title>\n<meta name=\"robots\" content=\"index, follow, max-snippet:-1, max-image-preview:large, max-video-preview:-1\" \/>\n<link rel=\"canonical\" href=\"https:\/\/www.checkedholidays.com\/sk\/cookie-policy\/\" \/>\n<meta property=\"og:locale\" content=\"sk_SK\" \/>\n<meta property=\"og:type\" content=\"article\" \/>\n<meta property=\"og:title\" content=\"Z\u00e1sady pou\u017e\u00edvania s\u00faborov cookie\" \/>\n<meta property=\"og:description\" content=\"\u010co s\u00fa to s\u00fabory cookie? Tieto z\u00e1sady pou\u017e\u00edvania s\u00faborov cookie vysvet\u013euj\u00fa, \u010do s\u00fa s\u00fabory cookie a ako ich pou\u017e\u00edvame, ak\u00e9 typy s\u00faborov cookie pou\u017e\u00edvame, t. j. ak\u00e9 inform\u00e1cie zhroma\u017e\u010fujeme pomocou s\u00faborov cookie a ako sa tieto inform\u00e1cie pou\u017e\u00edvaj\u00fa, a ako spravova\u0165 nastavenia s\u00faborov cookie. S\u00fabory cookie s\u00fa mal\u00e9 textov\u00e9 s\u00fabory, ktor\u00e9 sa pou\u017e\u00edvaj\u00fa na ukladanie [&hellip;]\" \/>\n<meta property=\"og:url\" content=\"https:\/\/www.checkedholidays.com\/sk\/cookie-policy\/\" \/>\n<meta property=\"og:site_name\" content=\"CheckedHolidays\" \/>\n<meta property=\"article:publisher\" content=\"http:\/\/www.facebook.com\/checkedholidays\" \/>\n<meta property=\"article:modified_time\" content=\"2025-03-17T09:56:04+00:00\" \/>\n<meta name=\"twitter:card\" content=\"summary_large_image\" \/>\n<meta name=\"twitter:site\" content=\"@checkedholidays\" \/>\n<meta name=\"twitter:label1\" content=\"Predpokladan\u00fd \u010das \u010d\u00edtania\" \/>\n\t<meta name=\"twitter:data1\" content=\"2 min\u00faty\" \/>\n<script type=\"application\/ld+json\" class=\"yoast-schema-graph\">{\"@context\":\"https:\/\/schema.org\",\"@graph\":[{\"@type\":\"WebPage\",\"@id\":\"https:\/\/www.checkedholidays.com\/sk\/cookie-policy\/\",\"url\":\"https:\/\/www.checkedholidays.com\/sk\/cookie-policy\/\",\"name\":\"Z\u00e1sady pou\u017e\u00edvania s\u00faborov cookie\",\"isPartOf\":{\"@id\":\"https:\/\/www.checkedholidays.com\/sk\/#website\"},\"datePublished\":\"2023-05-07T12:49:51+00:00\",\"dateModified\":\"2025-03-17T09:56:04+00:00\",\"breadcrumb\":{\"@id\":\"https:\/\/www.checkedholidays.com\/sk\/cookie-policy\/#breadcrumb\"},\"inLanguage\":\"sk-SK\",\"potentialAction\":[{\"@type\":\"ReadAction\",\"target\":[\"https:\/\/www.checkedholidays.com\/sk\/cookie-policy\/\"]}]},{\"@type\":\"BreadcrumbList\",\"@id\":\"https:\/\/www.checkedholidays.com\/sk\/cookie-policy\/#breadcrumb\",\"itemListElement\":[{\"@type\":\"ListItem\",\"position\":1,\"name\":\"Home\",\"item\":\"https:\/\/www.checkedholidays.com\/sk\/\"},{\"@type\":\"ListItem\",\"position\":2,\"name\":\"Z\u00e1sady pou\u017e\u00edvania s\u00faborov cookie\"}]},{\"@type\":\"WebSite\",\"@id\":\"https:\/\/www.checkedholidays.com\/sk\/#website\",\"url\":\"https:\/\/www.checkedholidays.com\/sk\/\",\"name\":\"CheckedHolidays\",\"description\":\"Spanish island holidays... but better!\",\"potentialAction\":[{\"@type\":\"SearchAction\",\"target\":{\"@type\":\"EntryPoint\",\"urlTemplate\":\"https:\/\/www.checkedholidays.com\/sk\/?s={search_term_string}\"},\"query-input\":{\"@type\":\"PropertyValueSpecification\",\"valueRequired\":true,\"valueName\":\"search_term_string\"}}],\"inLanguage\":\"sk-SK\"}]}<\/script>\n<!-- \/ Yoast SEO plugin. -->","yoast_head_json":{"title":"Z\u00e1sady pou\u017e\u00edvania s\u00faborov cookie","robots":{"index":"index","follow":"follow","max-snippet":"max-snippet:-1","max-image-preview":"max-image-preview:large","max-video-preview":"max-video-preview:-1"},"canonical":"https:\/\/www.checkedholidays.com\/sk\/cookie-policy\/","og_locale":"sk_SK","og_type":"article","og_title":"Z\u00e1sady pou\u017e\u00edvania s\u00faborov cookie","og_description":"\u010co s\u00fa to s\u00fabory cookie? Tieto z\u00e1sady pou\u017e\u00edvania s\u00faborov cookie vysvet\u013euj\u00fa, \u010do s\u00fa s\u00fabory cookie a ako ich pou\u017e\u00edvame, ak\u00e9 typy s\u00faborov cookie pou\u017e\u00edvame, t. j. ak\u00e9 inform\u00e1cie zhroma\u017e\u010fujeme pomocou s\u00faborov cookie a ako sa tieto inform\u00e1cie pou\u017e\u00edvaj\u00fa, a ako spravova\u0165 nastavenia s\u00faborov cookie. S\u00fabory cookie s\u00fa mal\u00e9 textov\u00e9 s\u00fabory, ktor\u00e9 sa pou\u017e\u00edvaj\u00fa na ukladanie [&hellip;]","og_url":"https:\/\/www.checkedholidays.com\/sk\/cookie-policy\/","og_site_name":"CheckedHolidays","article_publisher":"http:\/\/www.facebook.com\/checkedholidays","article_modified_time":"2025-03-17T09:56:04+00:00","twitter_card":"summary_large_image","twitter_site":"@checkedholidays","twitter_misc":{"Predpokladan\u00fd \u010das \u010d\u00edtania":"2 min\u00faty"},"schema":{"@context":"https:\/\/schema.org","@graph":[{"@type":"WebPage","@id":"https:\/\/www.checkedholidays.com\/sk\/cookie-policy\/","url":"https:\/\/www.checkedholidays.com\/sk\/cookie-policy\/","name":"Z\u00e1sady pou\u017e\u00edvania s\u00faborov cookie","isPartOf":{"@id":"https:\/\/www.checkedholidays.com\/sk\/#website"},"datePublished":"2023-05-07T12:49:51+00:00","dateModified":"2025-03-17T09:56:04+00:00","breadcrumb":{"@id":"https:\/\/www.checkedholidays.com\/sk\/cookie-policy\/#breadcrumb"},"inLanguage":"sk-SK","potentialAction":[{"@type":"ReadAction","target":["https:\/\/www.checkedholidays.com\/sk\/cookie-policy\/"]}]},{"@type":"BreadcrumbList","@id":"https:\/\/www.checkedholidays.com\/sk\/cookie-policy\/#breadcrumb","itemListElement":[{"@type":"ListItem","position":1,"name":"Home","item":"https:\/\/www.checkedholidays.com\/sk\/"},{"@type":"ListItem","position":2,"name":"Z\u00e1sady pou\u017e\u00edvania s\u00faborov cookie"}]},{"@type":"WebSite","@id":"https:\/\/www.checkedholidays.com\/sk\/#website","url":"https:\/\/www.checkedholidays.com\/sk\/","name":"CheckedHolidays","description":"Spanish island holidays... but better!","potentialAction":[{"@type":"SearchAction","target":{"@type":"EntryPoint","urlTemplate":"https:\/\/www.checkedholidays.com\/sk\/?s={search_term_string}"},"query-input":{"@type":"PropertyValueSpecification","valueRequired":true,"valueName":"search_term_string"}}],"inLanguage":"sk-SK"}]}},"jetpack_sharing_enabled":true,"_links":{"self":[{"href":"https:\/\/www.checkedholidays.com\/sk\/wp-json\/wp\/v2\/pages\/42245","targetHints":{"allow":["GET"]}}],"collection":[{"href":"https:\/\/www.checkedholidays.com\/sk\/wp-json\/wp\/v2\/pages"}],"about":[{"href":"https:\/\/www.checkedholidays.com\/sk\/wp-json\/wp\/v2\/types\/page"}],"author":[{"embeddable":true,"href":"https:\/\/www.checkedholidays.com\/sk\/wp-json\/wp\/v2\/users\/1"}],"replies":[{"embeddable":true,"href":"https:\/\/www.checkedholidays.com\/sk\/wp-json\/wp\/v2\/comments?post=42245"}],"version-history":[{"count":2,"href":"https:\/\/www.checkedholidays.com\/sk\/wp-json\/wp\/v2\/pages\/42245\/revisions"}],"predecessor-version":[{"id":103225,"href":"https:\/\/www.checkedholidays.com\/sk\/wp-json\/wp\/v2\/pages\/42245\/revisions\/103225"}],"wp:attachment":[{"href":"https:\/\/www.checkedholidays.com\/sk\/wp-json\/wp\/v2\/media?parent=42245"}],"curies":[{"name":"wp","href":"https:\/\/api.w.org\/{rel}","templated":true}]}}