{"id":42243,"date":"2023-05-07T12:49:40","date_gmt":"2023-05-07T12:49:40","guid":{"rendered":"https:\/\/www.checkedholidays.com\/about\/"},"modified":"2024-01-28T21:43:02","modified_gmt":"2024-01-28T21:43:02","slug":"about","status":"publish","type":"page","link":"https:\/\/www.checkedholidays.com\/sk\/about\/","title":{"rendered":"O mne"},"content":{"rendered":"\n<p class=\"has-text-align-left wp-block-paragraph\">\u00c1no, CheckHolidays som ja, be\u017en\u00fd \u010dlovek v re\u00e1lnom \u017eivote&#8230; moje skuto\u010dn\u00e9 meno je Ive. V\u0161etky svoje dovolenkov\u00e9 pr\u00edru\u010dky (99 %) p\u00ed\u0161em, nat\u00e1\u010dam, upravujem, vytv\u00e1ram a publikujem s\u00e1m. Ale ke\u010f som za\u010d\u00ednala, chcela som meno, ktor\u00e9 by vyzeralo &#8220;profesion\u00e1lne&#8221;&#8230; teraz som s n\u00edm zaseknut\u00e1. Na tejto str\u00e1nke v\u00e1m chcem o sebe poveda\u0165 trochu viac a uk\u00e1za\u0165 v\u00e1m, \u017ee som len oby\u010dajn\u00fd \u010dlovek, ktor\u00fd sa v\u010faka okolnostiam stal jedn\u00fdm z najv\u00fdznamnej\u0161\u00edch dovolenkov\u00fdch poradcov o \u0161panielskych ostrovoch.  <\/p>\n<div class=\"wp-block-image\">\n<figure class=\"aligncenter is-resized\"><img loading=\"lazy\" decoding=\"async\" src=\"https:\/\/i1.wp.com\/www.checkedholidays.com\/wp-content\/uploads\/2019\/03\/IMG_20141017_152816-MOTION.gif?fit=768%2C1024&amp;ssl=1\" alt=\"\" class=\"wp-image-3075\" width=\"384\" height=\"512\"\/><figcaption class=\"wp-element-caption\">15 rokov v \u0160panielsku: N\u00e1hodn\u00e9 pl\u00e1vanie<\/figcaption><\/figure>\n<\/div>\n<p class=\"has-text-align-left wp-block-paragraph\">To v\u0161etko sa za\u010dalo po viac ako 15 rokoch \u017eivota a pr\u00e1ce v celom \u0160panielsku ako hotelov\u00fd anim\u00e1tor, barman, kameraman a zvukov\u00fd technik. Ale po mnoh\u00fdch rokoch vykon\u00e1vania r\u00f4znych pr\u00e1c na \u0161panielskych ostrovoch som mal probl\u00e9m n\u00e1js\u0165 nie\u010do, \u010do by ma bavilo a \u010do by ma bavilo.<\/p>\n\n<p class=\"has-text-align-left wp-block-paragraph\">Tak som si sadol a sna\u017eil sa zisti\u0165, \u010do ma bav\u00ed. Ke\u010f som si sp\u00e4tne pre\u0161iel \u00falohy, ktor\u00e9 som u\u017e vykonal, pri\u0161iel som na dve veci, ktor\u00e9 ma naozaj bavili. T\u00edto \u013eudia mali skvel\u00fa dovolenku a vytv\u00e1rali veci. Oboje som robil vo svojich predch\u00e1dzaj\u00facich zamestnaniach, ale samozrejme, nemohol som pracova\u0165 ako hotelov\u00fd anim\u00e1tor 30+ ve\u010dne. Po chv\u00edli to za\u010dne by\u0165 divn\u00e9. Preto som sa rozhodol, \u017ee na svojom kan\u00e1li YouTube budem ma\u0165 v tom \u010dase len 5 vide\u00ed o Malorke, aby som zistil, \u010di to bude fungova\u0165 alebo nie.<\/p>\n\n<p class=\"has-text-align-left wp-block-paragraph\">Trvalo to nieko\u013eko rokov, ale v s\u00fa\u010dasnosti (2022) pom\u00e1ham viac ako <strong>\n  <u>4 mili\u00f3nom \u013eud\u00ed ro\u010dne.<\/u>\n  <span style=\"text-decoration: underline;\">s ich dovolenkami v \u0160panielsku.<\/span>\n<\/strong> Aj ke\u010f je to skvel\u00e9, pre m\u0148a to nie je o \u010d\u00edslach. Ide o poskytovanie \u00faprimn\u00e9ho poradenstva v oblasti dovolenky, ktor\u00e9 je na internete \u0165a\u017ek\u00e9 n\u00e1js\u0165. Ke\u010f\u017ee v\u00e4\u010d\u0161ina str\u00e1nok je od cestovn\u00fdch kancel\u00e1ri\u00ed, blogerov alebo modeliek z Instagramu, ktor\u00ed chc\u00fa, aby v\u0161etko vyzeralo dokonale, ja sa sna\u017e\u00edm o prav\u00fd opak. Uk\u00e1\u017eem v\u00e1m ju tak\u00fa, ak\u00e1 je, aby ste sa mohli rozhodn\u00fa\u0165, \u010di je pre v\u00e1s vhodn\u00e1 alebo nie.  <\/p>\n","protected":false},"excerpt":{"rendered":"<p>\u00c1no, CheckHolidays som ja, be\u017en\u00fd \u010dlovek v re\u00e1lnom \u017eivote&#8230; moje skuto\u010dn\u00e9 meno je Ive. V\u0161etky svoje dovolenkov\u00e9 pr\u00edru\u010dky (99 %) p\u00ed\u0161em, nat\u00e1\u010dam, upravujem, vytv\u00e1ram a publikujem s\u00e1m. Ale ke\u010f som za\u010d\u00ednala, chcela som meno, ktor\u00e9 by vyzeralo &#8220;profesion\u00e1lne&#8221;&#8230; teraz som s n\u00edm zaseknut\u00e1. Na tejto str\u00e1nke v\u00e1m chcem o sebe poveda\u0165 trochu viac a uk\u00e1za\u0165 [&hellip;]<\/p>\n","protected":false},"author":1,"featured_media":37695,"parent":0,"menu_order":0,"comment_status":"closed","ping_status":"closed","template":"template-authors.php","meta":{"_crdt_document":"","footnotes":""},"class_list":["post-42243","page","type-page","status-publish","has-post-thumbnail","hentry"],"yoast_head":"<!-- This site is optimized with the Yoast SEO plugin v27.2 - https:\/\/yoast.com\/product\/yoast-seo-wordpress\/ -->\n<title>O mne<\/title>\n<meta name=\"robots\" content=\"index, follow, max-snippet:-1, max-image-preview:large, max-video-preview:-1\" \/>\n<link rel=\"canonical\" href=\"https:\/\/www.checkedholidays.com\/sk\/about\/\" \/>\n<meta property=\"og:locale\" content=\"sk_SK\" \/>\n<meta property=\"og:type\" content=\"article\" \/>\n<meta property=\"og:title\" content=\"O mne\" \/>\n<meta property=\"og:description\" content=\"\u00c1no, CheckHolidays som ja, be\u017en\u00fd \u010dlovek v re\u00e1lnom \u017eivote&#8230; moje skuto\u010dn\u00e9 meno je Ive. V\u0161etky svoje dovolenkov\u00e9 pr\u00edru\u010dky (99 %) p\u00ed\u0161em, nat\u00e1\u010dam, upravujem, vytv\u00e1ram a publikujem s\u00e1m. Ale ke\u010f som za\u010d\u00ednala, chcela som meno, ktor\u00e9 by vyzeralo &#8220;profesion\u00e1lne&#8221;&#8230; teraz som s n\u00edm zaseknut\u00e1. Na tejto str\u00e1nke v\u00e1m chcem o sebe poveda\u0165 trochu viac a uk\u00e1za\u0165 [&hellip;]\" \/>\n<meta property=\"og:url\" content=\"https:\/\/www.checkedholidays.com\/sk\/about\/\" \/>\n<meta property=\"og:site_name\" content=\"CheckedHolidays\" \/>\n<meta property=\"article:publisher\" content=\"http:\/\/www.facebook.com\/checkedholidays\" \/>\n<meta property=\"article:modified_time\" content=\"2024-01-28T21:43:02+00:00\" \/>\n<meta property=\"og:image\" content=\"https:\/\/www.checkedholidays.com\/wp-content\/uploads\/2018\/12\/IMG_20141011_135122-600x450.jpg\" \/>\n\t<meta property=\"og:image:width\" content=\"600\" \/>\n\t<meta property=\"og:image:height\" content=\"450\" \/>\n\t<meta property=\"og:image:type\" content=\"image\/jpeg\" \/>\n<meta name=\"twitter:card\" content=\"summary_large_image\" \/>\n<meta name=\"twitter:site\" content=\"@checkedholidays\" \/>\n<meta name=\"twitter:label1\" content=\"Predpokladan\u00fd \u010das \u010d\u00edtania\" \/>\n\t<meta name=\"twitter:data1\" content=\"2 min\u00faty\" \/>\n<script type=\"application\/ld+json\" class=\"yoast-schema-graph\">{\"@context\":\"https:\/\/schema.org\",\"@graph\":[{\"@type\":\"WebPage\",\"@id\":\"https:\/\/www.checkedholidays.com\/sk\/about\/\",\"url\":\"https:\/\/www.checkedholidays.com\/sk\/about\/\",\"name\":\"O mne\",\"isPartOf\":{\"@id\":\"https:\/\/www.checkedholidays.com\/sk\/#website\"},\"primaryImageOfPage\":{\"@id\":\"https:\/\/www.checkedholidays.com\/sk\/about\/#primaryimage\"},\"image\":{\"@id\":\"https:\/\/www.checkedholidays.com\/sk\/about\/#primaryimage\"},\"thumbnailUrl\":\"https:\/\/i0.wp.com\/www.checkedholidays.com\/wp-content\/uploads\/2018\/12\/IMG_20141011_135122-600x450.jpg?fit=600%2C450&ssl=1\",\"datePublished\":\"2023-05-07T12:49:40+00:00\",\"dateModified\":\"2024-01-28T21:43:02+00:00\",\"breadcrumb\":{\"@id\":\"https:\/\/www.checkedholidays.com\/sk\/about\/#breadcrumb\"},\"inLanguage\":\"sk-SK\",\"potentialAction\":[{\"@type\":\"ReadAction\",\"target\":[\"https:\/\/www.checkedholidays.com\/sk\/about\/\"]}]},{\"@type\":\"ImageObject\",\"inLanguage\":\"sk-SK\",\"@id\":\"https:\/\/www.checkedholidays.com\/sk\/about\/#primaryimage\",\"url\":\"https:\/\/i0.wp.com\/www.checkedholidays.com\/wp-content\/uploads\/2018\/12\/IMG_20141011_135122-600x450.jpg?fit=600%2C450&ssl=1\",\"contentUrl\":\"https:\/\/i0.wp.com\/www.checkedholidays.com\/wp-content\/uploads\/2018\/12\/IMG_20141011_135122-600x450.jpg?fit=600%2C450&ssl=1\",\"width\":600,\"height\":450},{\"@type\":\"BreadcrumbList\",\"@id\":\"https:\/\/www.checkedholidays.com\/sk\/about\/#breadcrumb\",\"itemListElement\":[{\"@type\":\"ListItem\",\"position\":1,\"name\":\"Home\",\"item\":\"https:\/\/www.checkedholidays.com\/sk\/\"},{\"@type\":\"ListItem\",\"position\":2,\"name\":\"O mne\"}]},{\"@type\":\"WebSite\",\"@id\":\"https:\/\/www.checkedholidays.com\/sk\/#website\",\"url\":\"https:\/\/www.checkedholidays.com\/sk\/\",\"name\":\"CheckedHolidays\",\"description\":\"Spanish island holidays... but better!\",\"potentialAction\":[{\"@type\":\"SearchAction\",\"target\":{\"@type\":\"EntryPoint\",\"urlTemplate\":\"https:\/\/www.checkedholidays.com\/sk\/?s={search_term_string}\"},\"query-input\":{\"@type\":\"PropertyValueSpecification\",\"valueRequired\":true,\"valueName\":\"search_term_string\"}}],\"inLanguage\":\"sk-SK\"}]}<\/script>\n<!-- \/ Yoast SEO plugin. -->","yoast_head_json":{"title":"O mne","robots":{"index":"index","follow":"follow","max-snippet":"max-snippet:-1","max-image-preview":"max-image-preview:large","max-video-preview":"max-video-preview:-1"},"canonical":"https:\/\/www.checkedholidays.com\/sk\/about\/","og_locale":"sk_SK","og_type":"article","og_title":"O mne","og_description":"\u00c1no, CheckHolidays som ja, be\u017en\u00fd \u010dlovek v re\u00e1lnom \u017eivote&#8230; moje skuto\u010dn\u00e9 meno je Ive. V\u0161etky svoje dovolenkov\u00e9 pr\u00edru\u010dky (99 %) p\u00ed\u0161em, nat\u00e1\u010dam, upravujem, vytv\u00e1ram a publikujem s\u00e1m. Ale ke\u010f som za\u010d\u00ednala, chcela som meno, ktor\u00e9 by vyzeralo &#8220;profesion\u00e1lne&#8221;&#8230; teraz som s n\u00edm zaseknut\u00e1. Na tejto str\u00e1nke v\u00e1m chcem o sebe poveda\u0165 trochu viac a uk\u00e1za\u0165 [&hellip;]","og_url":"https:\/\/www.checkedholidays.com\/sk\/about\/","og_site_name":"CheckedHolidays","article_publisher":"http:\/\/www.facebook.com\/checkedholidays","article_modified_time":"2024-01-28T21:43:02+00:00","og_image":[{"width":600,"height":450,"url":"https:\/\/www.checkedholidays.com\/wp-content\/uploads\/2018\/12\/IMG_20141011_135122-600x450.jpg","type":"image\/jpeg"}],"twitter_card":"summary_large_image","twitter_site":"@checkedholidays","twitter_misc":{"Predpokladan\u00fd \u010das \u010d\u00edtania":"2 min\u00faty"},"schema":{"@context":"https:\/\/schema.org","@graph":[{"@type":"WebPage","@id":"https:\/\/www.checkedholidays.com\/sk\/about\/","url":"https:\/\/www.checkedholidays.com\/sk\/about\/","name":"O mne","isPartOf":{"@id":"https:\/\/www.checkedholidays.com\/sk\/#website"},"primaryImageOfPage":{"@id":"https:\/\/www.checkedholidays.com\/sk\/about\/#primaryimage"},"image":{"@id":"https:\/\/www.checkedholidays.com\/sk\/about\/#primaryimage"},"thumbnailUrl":"https:\/\/i0.wp.com\/www.checkedholidays.com\/wp-content\/uploads\/2018\/12\/IMG_20141011_135122-600x450.jpg?fit=600%2C450&ssl=1","datePublished":"2023-05-07T12:49:40+00:00","dateModified":"2024-01-28T21:43:02+00:00","breadcrumb":{"@id":"https:\/\/www.checkedholidays.com\/sk\/about\/#breadcrumb"},"inLanguage":"sk-SK","potentialAction":[{"@type":"ReadAction","target":["https:\/\/www.checkedholidays.com\/sk\/about\/"]}]},{"@type":"ImageObject","inLanguage":"sk-SK","@id":"https:\/\/www.checkedholidays.com\/sk\/about\/#primaryimage","url":"https:\/\/i0.wp.com\/www.checkedholidays.com\/wp-content\/uploads\/2018\/12\/IMG_20141011_135122-600x450.jpg?fit=600%2C450&ssl=1","contentUrl":"https:\/\/i0.wp.com\/www.checkedholidays.com\/wp-content\/uploads\/2018\/12\/IMG_20141011_135122-600x450.jpg?fit=600%2C450&ssl=1","width":600,"height":450},{"@type":"BreadcrumbList","@id":"https:\/\/www.checkedholidays.com\/sk\/about\/#breadcrumb","itemListElement":[{"@type":"ListItem","position":1,"name":"Home","item":"https:\/\/www.checkedholidays.com\/sk\/"},{"@type":"ListItem","position":2,"name":"O mne"}]},{"@type":"WebSite","@id":"https:\/\/www.checkedholidays.com\/sk\/#website","url":"https:\/\/www.checkedholidays.com\/sk\/","name":"CheckedHolidays","description":"Spanish island holidays... but better!","potentialAction":[{"@type":"SearchAction","target":{"@type":"EntryPoint","urlTemplate":"https:\/\/www.checkedholidays.com\/sk\/?s={search_term_string}"},"query-input":{"@type":"PropertyValueSpecification","valueRequired":true,"valueName":"search_term_string"}}],"inLanguage":"sk-SK"}]}},"jetpack_sharing_enabled":true,"_links":{"self":[{"href":"https:\/\/www.checkedholidays.com\/sk\/wp-json\/wp\/v2\/pages\/42243","targetHints":{"allow":["GET"]}}],"collection":[{"href":"https:\/\/www.checkedholidays.com\/sk\/wp-json\/wp\/v2\/pages"}],"about":[{"href":"https:\/\/www.checkedholidays.com\/sk\/wp-json\/wp\/v2\/types\/page"}],"author":[{"embeddable":true,"href":"https:\/\/www.checkedholidays.com\/sk\/wp-json\/wp\/v2\/users\/1"}],"replies":[{"embeddable":true,"href":"https:\/\/www.checkedholidays.com\/sk\/wp-json\/wp\/v2\/comments?post=42243"}],"version-history":[{"count":1,"href":"https:\/\/www.checkedholidays.com\/sk\/wp-json\/wp\/v2\/pages\/42243\/revisions"}],"predecessor-version":[{"id":42244,"href":"https:\/\/www.checkedholidays.com\/sk\/wp-json\/wp\/v2\/pages\/42243\/revisions\/42244"}],"wp:featuredmedia":[{"embeddable":true,"href":"https:\/\/www.checkedholidays.com\/sk\/wp-json\/wp\/v2\/media\/37695"}],"wp:attachment":[{"href":"https:\/\/www.checkedholidays.com\/sk\/wp-json\/wp\/v2\/media?parent=42243"}],"curies":[{"name":"wp","href":"https:\/\/api.w.org\/{rel}","templated":true}]}}