{"id":42241,"date":"2023-05-07T12:49:29","date_gmt":"2023-05-07T12:49:29","guid":{"rendered":"https:\/\/www.checkedholidays.com\/about-checkedholidays\/"},"modified":"2023-12-02T12:36:45","modified_gmt":"2023-12-02T12:36:45","slug":"about-checkedholidays","status":"publish","type":"page","link":"https:\/\/www.checkedholidays.com\/sk\/about-checkedholidays\/","title":{"rendered":"O CheckedHolidays"},"content":{"rendered":"\n<p class=\"wp-block-paragraph\">Spolo\u010dnos\u0165 CheckedHolidays bola zalo\u017een\u00e1 v roku 2012 po tom, \u010do si v\u0161imla mno\u017estvo dezinform\u00e1ci\u00ed na internete o dovolenke na \u0161panielskych ostrovoch. Tieto dezinform\u00e1cie negat\u00edvne ovplyvnili dovolenku \u013eud\u00ed, preto sme na YouTube nato\u010dili video, aby sme tieto dezinform\u00e1cie opravili. Po prevzat\u00ed a uveden\u00ed v \u010dasopise Express dosiahol viac ako 100 000 div\u00e1kov. Odtia\u013e sme sa in\u0161pirovali k \u010fal\u0161\u00edm aktivit\u00e1m!<\/p>\n\n<p class=\"has-text-align-center has-large-font-size wp-block-paragraph\"><strong>Kontakt<\/strong><\/p>\n\n<p class=\"has-text-align-center has-large-font-size wp-block-paragraph\"><strong>info(at)CheckedHolidays.com<\/strong><\/p>\n\n<h2 class=\"wp-block-heading\">Webov\u00e1 lokalita<\/h2>\n\n<p class=\"wp-block-paragraph\">Rok 2019 bol prv\u00fdm cel\u00fdm rokom fungovania webovej str\u00e1nky, ktor\u00e1 mesa\u010dne oslovila pribli\u017ene 1 000 \u010ditate\u013eov. Teraz, v roku 2022, je to viac ako 30 000 jedine\u010dn\u00fdch \u010ditate\u013eov v anglickom jazyku ka\u017ed\u00fd mesiac.  <\/p>\n\n<p class=\"wp-block-paragraph\">Od augusta 2022 je webov\u00e1 str\u00e1nka dostupn\u00e1 vo v\u0161etk\u00fdch hlavn\u00fdch eur\u00f3pskych jazykoch, \u010d\u00edm sa po\u010det \u010ditate\u013eov e\u0161te viac zvy\u0161uje.<\/p>\n\n<p class=\"wp-block-paragraph\">Cie\u013eom tejto webovej str\u00e1nky v roku 2023 je pom\u00f4c\u0165 viac ako <strong>\n  <span style=\"text-decoration: underline;\">P\u00d4L MILI\u00d3NU<\/span>\n<\/strong> \u013eud\u00ed pre\u017ei\u0165 lep\u0161iu dovolenku!<\/p>\n\n<figure class=\"wp-block-image size-large\"><img data-recalc-dims=\"1\" loading=\"lazy\" decoding=\"async\" width=\"1024\" height=\"233\" src=\"https:\/\/i0.wp.com\/www.checkedholidays.com\/wp-content\/uploads\/2023\/01\/Screenshot-2023-01-28-at-20.09.55.png?resize=1024%2C233&#038;ssl=1\" alt=\"\" class=\"wp-image-37413\" srcset=\"https:\/\/i0.wp.com\/www.checkedholidays.com\/wp-content\/uploads\/2023\/01\/Screenshot-2023-01-28-at-20.09.55.png?resize=1024%2C233&amp;ssl=1 1024w, https:\/\/i0.wp.com\/www.checkedholidays.com\/wp-content\/uploads\/2023\/01\/Screenshot-2023-01-28-at-20.09.55.png?resize=300%2C68&amp;ssl=1 300w, https:\/\/i0.wp.com\/www.checkedholidays.com\/wp-content\/uploads\/2023\/01\/Screenshot-2023-01-28-at-20.09.55.png?resize=768%2C175&amp;ssl=1 768w, https:\/\/i0.wp.com\/www.checkedholidays.com\/wp-content\/uploads\/2023\/01\/Screenshot-2023-01-28-at-20.09.55.png?resize=1536%2C350&amp;ssl=1 1536w, https:\/\/i0.wp.com\/www.checkedholidays.com\/wp-content\/uploads\/2023\/01\/Screenshot-2023-01-28-at-20.09.55.png?resize=1920%2C437&amp;ssl=1 1920w, https:\/\/i0.wp.com\/www.checkedholidays.com\/wp-content\/uploads\/2023\/01\/Screenshot-2023-01-28-at-20.09.55.png?resize=600%2C137&amp;ssl=1 600w, https:\/\/i0.wp.com\/www.checkedholidays.com\/wp-content\/uploads\/2023\/01\/Screenshot-2023-01-28-at-20.09.55.png?resize=800%2C182&amp;ssl=1 800w, https:\/\/i0.wp.com\/www.checkedholidays.com\/wp-content\/uploads\/2023\/01\/Screenshot-2023-01-28-at-20.09.55.png?w=1968&amp;ssl=1 1968w\" sizes=\"auto, (max-width: 1024px) 100vw, 1024px\" \/><\/figure>\n\n<h2 class=\"wp-block-heading\">YouTube<\/h2>\n\n<p class=\"wp-block-paragraph\">Kan\u00e1l <a href=\"http:\/\/youtube.com\/checkedholidays\">YouTube<\/a> za\u010dal fungova\u0165 v roku 2012, ale viac vide\u00ed pribudlo a\u017e v roku 2015 a e\u0161te viac v roku 2018. Po obrovskom poklese sledovanosti v roku 2020 z d\u00f4vodu cestovn\u00fdch obmedzen\u00ed m\u00e1 v s\u00fa\u010dasnosti mesa\u010dne viac ako 125 000 div\u00e1kov a st\u00e1le rastie.<\/p>\n\n<figure class=\"wp-block-image size-large\"><img data-recalc-dims=\"1\" loading=\"lazy\" decoding=\"async\" width=\"1024\" height=\"230\" src=\"https:\/\/i0.wp.com\/www.checkedholidays.com\/wp-content\/uploads\/2023\/01\/Screenshot-2023-01-28-at-20.14.02.png?resize=1024%2C230&#038;ssl=1\" alt=\"\" class=\"wp-image-37429\" srcset=\"https:\/\/i0.wp.com\/www.checkedholidays.com\/wp-content\/uploads\/2023\/01\/Screenshot-2023-01-28-at-20.14.02.png?resize=1024%2C230&amp;ssl=1 1024w, https:\/\/i0.wp.com\/www.checkedholidays.com\/wp-content\/uploads\/2023\/01\/Screenshot-2023-01-28-at-20.14.02.png?resize=300%2C67&amp;ssl=1 300w, https:\/\/i0.wp.com\/www.checkedholidays.com\/wp-content\/uploads\/2023\/01\/Screenshot-2023-01-28-at-20.14.02.png?resize=768%2C172&amp;ssl=1 768w, https:\/\/i0.wp.com\/www.checkedholidays.com\/wp-content\/uploads\/2023\/01\/Screenshot-2023-01-28-at-20.14.02.png?resize=1536%2C345&amp;ssl=1 1536w, https:\/\/i0.wp.com\/www.checkedholidays.com\/wp-content\/uploads\/2023\/01\/Screenshot-2023-01-28-at-20.14.02.png?resize=2048%2C460&amp;ssl=1 2048w, https:\/\/i0.wp.com\/www.checkedholidays.com\/wp-content\/uploads\/2023\/01\/Screenshot-2023-01-28-at-20.14.02.png?resize=1920%2C431&amp;ssl=1 1920w, https:\/\/i0.wp.com\/www.checkedholidays.com\/wp-content\/uploads\/2023\/01\/Screenshot-2023-01-28-at-20.14.02.png?resize=600%2C135&amp;ssl=1 600w, https:\/\/i0.wp.com\/www.checkedholidays.com\/wp-content\/uploads\/2023\/01\/Screenshot-2023-01-28-at-20.14.02.png?resize=800%2C180&amp;ssl=1 800w, https:\/\/i0.wp.com\/www.checkedholidays.com\/wp-content\/uploads\/2023\/01\/Screenshot-2023-01-28-at-20.14.02.png?w=2388&amp;ssl=1 2388w\" sizes=\"auto, (max-width: 1024px) 100vw, 1024px\" \/><\/figure>\n\n<h2 class=\"wp-block-heading\">Spolupr\u00e1ca a reklama<\/h2>\n\n<p class=\"wp-block-paragraph\">Na str\u00e1nke CheckedHolidays.com hovor\u00edme o zl\u00fdch a dobr\u00fdch str\u00e1nkach dovolenkov\u00fdch destin\u00e1ci\u00ed, aby sme v\u00e1m poskytli tie najlep\u0161ie rady na dovolenku. Je to jeden z d\u00f4vodov, pre\u010do na\u0161ej str\u00e1nke<strong> d\u00f4veruje a ob\u013e\u00fabilo si ju \u010doraz viac \u010ditate\u013eov<\/strong>. Aby sme aj na\u010falej pon\u00fakali vysokokvalitn\u00e9 a nez\u00e1visl\u00e9 dovolenkov\u00e9 poradenstvo, nerob\u00edme platen\u00e9 propaga\u010dn\u00e9 akcie na produkty alebo slu\u017eby, ktor\u00fdm never\u00edme. Ak si v\u0161ak mysl\u00edte, \u017ee sme v\u00e1\u0161 hotel, letovisko, atrakciu, v\u00fdlet alebo slu\u017ebu prehliadli, a chcete, aby sme ich bezplatne uviedli na webovej str\u00e1nke. Kontaktujte n\u00e1s a po osobnom presk\u00faman\u00ed m\u00f4\u017eete by\u0165 zaraden\u00ed.<\/p>\n\n<p class=\"has-text-align-center has-large-font-size wp-block-paragraph\"><strong>Kontakt<\/strong><\/p>\n\n<p class=\"has-text-align-center has-large-font-size wp-block-paragraph\"><strong>info(at)CheckedHolidays.com<\/strong><\/p>\n","protected":false},"excerpt":{"rendered":"<p>Spolo\u010dnos\u0165 CheckedHolidays bola zalo\u017een\u00e1 v roku 2012 po tom, \u010do si v\u0161imla mno\u017estvo dezinform\u00e1ci\u00ed na internete o dovolenke na \u0161panielskych ostrovoch. Tieto dezinform\u00e1cie negat\u00edvne ovplyvnili dovolenku \u013eud\u00ed, preto sme na YouTube nato\u010dili video, aby sme tieto dezinform\u00e1cie opravili. Po prevzat\u00ed a uveden\u00ed v \u010dasopise Express dosiahol viac ako 100 000 div\u00e1kov. Odtia\u013e sme sa in\u0161pirovali [&hellip;]<\/p>\n","protected":false},"author":1,"featured_media":40680,"parent":0,"menu_order":0,"comment_status":"closed","ping_status":"closed","template":"","meta":{"_crdt_document":"","footnotes":""},"class_list":["post-42241","page","type-page","status-publish","has-post-thumbnail","hentry"],"yoast_head":"<!-- This site is optimized with the Yoast SEO plugin v27.2 - https:\/\/yoast.com\/product\/yoast-seo-wordpress\/ -->\n<title>O CheckedHolidays<\/title>\n<meta name=\"robots\" content=\"index, follow, max-snippet:-1, max-image-preview:large, max-video-preview:-1\" \/>\n<link rel=\"canonical\" href=\"https:\/\/www.checkedholidays.com\/sk\/about-checkedholidays\/\" \/>\n<meta property=\"og:locale\" content=\"sk_SK\" \/>\n<meta property=\"og:type\" content=\"article\" \/>\n<meta property=\"og:title\" content=\"O CheckedHolidays\" \/>\n<meta property=\"og:description\" content=\"Spolo\u010dnos\u0165 CheckedHolidays bola zalo\u017een\u00e1 v roku 2012 po tom, \u010do si v\u0161imla mno\u017estvo dezinform\u00e1ci\u00ed na internete o dovolenke na \u0161panielskych ostrovoch. Tieto dezinform\u00e1cie negat\u00edvne ovplyvnili dovolenku \u013eud\u00ed, preto sme na YouTube nato\u010dili video, aby sme tieto dezinform\u00e1cie opravili. Po prevzat\u00ed a uveden\u00ed v \u010dasopise Express dosiahol viac ako 100 000 div\u00e1kov. Odtia\u013e sme sa in\u0161pirovali [&hellip;]\" \/>\n<meta property=\"og:url\" content=\"https:\/\/www.checkedholidays.com\/sk\/about-checkedholidays\/\" \/>\n<meta property=\"og:site_name\" content=\"CheckedHolidays\" \/>\n<meta property=\"article:publisher\" content=\"http:\/\/www.facebook.com\/checkedholidays\" \/>\n<meta property=\"article:modified_time\" content=\"2023-12-02T12:36:45+00:00\" \/>\n<meta property=\"og:image\" content=\"https:\/\/i0.wp.com\/www.checkedholidays.com\/wp-content\/uploads\/2022\/06\/Website-growth.png?fit=1874%2C452&ssl=1\" \/>\n\t<meta property=\"og:image:width\" content=\"1874\" \/>\n\t<meta property=\"og:image:height\" content=\"452\" \/>\n\t<meta property=\"og:image:type\" content=\"image\/png\" \/>\n<meta name=\"twitter:card\" content=\"summary_large_image\" \/>\n<meta name=\"twitter:site\" content=\"@checkedholidays\" \/>\n<meta name=\"twitter:label1\" content=\"Predpokladan\u00fd \u010das \u010d\u00edtania\" \/>\n\t<meta name=\"twitter:data1\" content=\"2 min\u00faty\" \/>\n<script type=\"application\/ld+json\" class=\"yoast-schema-graph\">{\"@context\":\"https:\/\/schema.org\",\"@graph\":[{\"@type\":\"WebPage\",\"@id\":\"https:\/\/www.checkedholidays.com\/sk\/about-checkedholidays\/\",\"url\":\"https:\/\/www.checkedholidays.com\/sk\/about-checkedholidays\/\",\"name\":\"O CheckedHolidays\",\"isPartOf\":{\"@id\":\"https:\/\/www.checkedholidays.com\/sk\/#website\"},\"primaryImageOfPage\":{\"@id\":\"https:\/\/www.checkedholidays.com\/sk\/about-checkedholidays\/#primaryimage\"},\"image\":{\"@id\":\"https:\/\/www.checkedholidays.com\/sk\/about-checkedholidays\/#primaryimage\"},\"thumbnailUrl\":\"https:\/\/i0.wp.com\/www.checkedholidays.com\/wp-content\/uploads\/2022\/06\/Website-growth.png?fit=1874%2C452&ssl=1\",\"datePublished\":\"2023-05-07T12:49:29+00:00\",\"dateModified\":\"2023-12-02T12:36:45+00:00\",\"breadcrumb\":{\"@id\":\"https:\/\/www.checkedholidays.com\/sk\/about-checkedholidays\/#breadcrumb\"},\"inLanguage\":\"sk-SK\",\"potentialAction\":[{\"@type\":\"ReadAction\",\"target\":[\"https:\/\/www.checkedholidays.com\/sk\/about-checkedholidays\/\"]}]},{\"@type\":\"ImageObject\",\"inLanguage\":\"sk-SK\",\"@id\":\"https:\/\/www.checkedholidays.com\/sk\/about-checkedholidays\/#primaryimage\",\"url\":\"https:\/\/i0.wp.com\/www.checkedholidays.com\/wp-content\/uploads\/2022\/06\/Website-growth.png?fit=1874%2C452&ssl=1\",\"contentUrl\":\"https:\/\/i0.wp.com\/www.checkedholidays.com\/wp-content\/uploads\/2022\/06\/Website-growth.png?fit=1874%2C452&ssl=1\",\"width\":1874,\"height\":452},{\"@type\":\"BreadcrumbList\",\"@id\":\"https:\/\/www.checkedholidays.com\/sk\/about-checkedholidays\/#breadcrumb\",\"itemListElement\":[{\"@type\":\"ListItem\",\"position\":1,\"name\":\"Home\",\"item\":\"https:\/\/www.checkedholidays.com\/sk\/\"},{\"@type\":\"ListItem\",\"position\":2,\"name\":\"O CheckedHolidays\"}]},{\"@type\":\"WebSite\",\"@id\":\"https:\/\/www.checkedholidays.com\/sk\/#website\",\"url\":\"https:\/\/www.checkedholidays.com\/sk\/\",\"name\":\"CheckedHolidays\",\"description\":\"Spanish island holidays... but better!\",\"potentialAction\":[{\"@type\":\"SearchAction\",\"target\":{\"@type\":\"EntryPoint\",\"urlTemplate\":\"https:\/\/www.checkedholidays.com\/sk\/?s={search_term_string}\"},\"query-input\":{\"@type\":\"PropertyValueSpecification\",\"valueRequired\":true,\"valueName\":\"search_term_string\"}}],\"inLanguage\":\"sk-SK\"}]}<\/script>\n<!-- \/ Yoast SEO plugin. -->","yoast_head_json":{"title":"O CheckedHolidays","robots":{"index":"index","follow":"follow","max-snippet":"max-snippet:-1","max-image-preview":"max-image-preview:large","max-video-preview":"max-video-preview:-1"},"canonical":"https:\/\/www.checkedholidays.com\/sk\/about-checkedholidays\/","og_locale":"sk_SK","og_type":"article","og_title":"O CheckedHolidays","og_description":"Spolo\u010dnos\u0165 CheckedHolidays bola zalo\u017een\u00e1 v roku 2012 po tom, \u010do si v\u0161imla mno\u017estvo dezinform\u00e1ci\u00ed na internete o dovolenke na \u0161panielskych ostrovoch. Tieto dezinform\u00e1cie negat\u00edvne ovplyvnili dovolenku \u013eud\u00ed, preto sme na YouTube nato\u010dili video, aby sme tieto dezinform\u00e1cie opravili. Po prevzat\u00ed a uveden\u00ed v \u010dasopise Express dosiahol viac ako 100 000 div\u00e1kov. Odtia\u013e sme sa in\u0161pirovali [&hellip;]","og_url":"https:\/\/www.checkedholidays.com\/sk\/about-checkedholidays\/","og_site_name":"CheckedHolidays","article_publisher":"http:\/\/www.facebook.com\/checkedholidays","article_modified_time":"2023-12-02T12:36:45+00:00","og_image":[{"width":1874,"height":452,"url":"https:\/\/i0.wp.com\/www.checkedholidays.com\/wp-content\/uploads\/2022\/06\/Website-growth.png?fit=1874%2C452&ssl=1","type":"image\/png"}],"twitter_card":"summary_large_image","twitter_site":"@checkedholidays","twitter_misc":{"Predpokladan\u00fd \u010das \u010d\u00edtania":"2 min\u00faty"},"schema":{"@context":"https:\/\/schema.org","@graph":[{"@type":"WebPage","@id":"https:\/\/www.checkedholidays.com\/sk\/about-checkedholidays\/","url":"https:\/\/www.checkedholidays.com\/sk\/about-checkedholidays\/","name":"O CheckedHolidays","isPartOf":{"@id":"https:\/\/www.checkedholidays.com\/sk\/#website"},"primaryImageOfPage":{"@id":"https:\/\/www.checkedholidays.com\/sk\/about-checkedholidays\/#primaryimage"},"image":{"@id":"https:\/\/www.checkedholidays.com\/sk\/about-checkedholidays\/#primaryimage"},"thumbnailUrl":"https:\/\/i0.wp.com\/www.checkedholidays.com\/wp-content\/uploads\/2022\/06\/Website-growth.png?fit=1874%2C452&ssl=1","datePublished":"2023-05-07T12:49:29+00:00","dateModified":"2023-12-02T12:36:45+00:00","breadcrumb":{"@id":"https:\/\/www.checkedholidays.com\/sk\/about-checkedholidays\/#breadcrumb"},"inLanguage":"sk-SK","potentialAction":[{"@type":"ReadAction","target":["https:\/\/www.checkedholidays.com\/sk\/about-checkedholidays\/"]}]},{"@type":"ImageObject","inLanguage":"sk-SK","@id":"https:\/\/www.checkedholidays.com\/sk\/about-checkedholidays\/#primaryimage","url":"https:\/\/i0.wp.com\/www.checkedholidays.com\/wp-content\/uploads\/2022\/06\/Website-growth.png?fit=1874%2C452&ssl=1","contentUrl":"https:\/\/i0.wp.com\/www.checkedholidays.com\/wp-content\/uploads\/2022\/06\/Website-growth.png?fit=1874%2C452&ssl=1","width":1874,"height":452},{"@type":"BreadcrumbList","@id":"https:\/\/www.checkedholidays.com\/sk\/about-checkedholidays\/#breadcrumb","itemListElement":[{"@type":"ListItem","position":1,"name":"Home","item":"https:\/\/www.checkedholidays.com\/sk\/"},{"@type":"ListItem","position":2,"name":"O CheckedHolidays"}]},{"@type":"WebSite","@id":"https:\/\/www.checkedholidays.com\/sk\/#website","url":"https:\/\/www.checkedholidays.com\/sk\/","name":"CheckedHolidays","description":"Spanish island holidays... but better!","potentialAction":[{"@type":"SearchAction","target":{"@type":"EntryPoint","urlTemplate":"https:\/\/www.checkedholidays.com\/sk\/?s={search_term_string}"},"query-input":{"@type":"PropertyValueSpecification","valueRequired":true,"valueName":"search_term_string"}}],"inLanguage":"sk-SK"}]}},"jetpack_sharing_enabled":true,"_links":{"self":[{"href":"https:\/\/www.checkedholidays.com\/sk\/wp-json\/wp\/v2\/pages\/42241","targetHints":{"allow":["GET"]}}],"collection":[{"href":"https:\/\/www.checkedholidays.com\/sk\/wp-json\/wp\/v2\/pages"}],"about":[{"href":"https:\/\/www.checkedholidays.com\/sk\/wp-json\/wp\/v2\/types\/page"}],"author":[{"embeddable":true,"href":"https:\/\/www.checkedholidays.com\/sk\/wp-json\/wp\/v2\/users\/1"}],"replies":[{"embeddable":true,"href":"https:\/\/www.checkedholidays.com\/sk\/wp-json\/wp\/v2\/comments?post=42241"}],"version-history":[{"count":5,"href":"https:\/\/www.checkedholidays.com\/sk\/wp-json\/wp\/v2\/pages\/42241\/revisions"}],"predecessor-version":[{"id":78418,"href":"https:\/\/www.checkedholidays.com\/sk\/wp-json\/wp\/v2\/pages\/42241\/revisions\/78418"}],"wp:featuredmedia":[{"embeddable":true,"href":"https:\/\/www.checkedholidays.com\/sk\/wp-json\/wp\/v2\/media\/40680"}],"wp:attachment":[{"href":"https:\/\/www.checkedholidays.com\/sk\/wp-json\/wp\/v2\/media?parent=42241"}],"curies":[{"name":"wp","href":"https:\/\/api.w.org\/{rel}","templated":true}]}}