{"id":32133,"date":"2022-11-11T18:21:32","date_gmt":"2022-11-11T18:21:32","guid":{"rendered":"https:\/\/www.checkedholidays.com\/cookie-policy\/"},"modified":"2025-03-17T09:53:01","modified_gmt":"2025-03-17T09:53:01","slug":"cookie-policy","status":"publish","type":"page","link":"https:\/\/www.checkedholidays.com\/ro\/cookie-policy\/","title":{"rendered":"Politica privind cookie-urile"},"content":{"rendered":"\n<h2 class=\"wp-block-heading\">Ce sunt fursecurile?<\/h2>\n\n<p class=\"wp-block-paragraph\">Aceast\u0103 Politic\u0103 privind modulele cookie explic\u0103 ce sunt modulele cookie \u0219i cum le folosim, tipurile de module cookie pe care le folosim, adic\u0103 informa\u021biile pe care le colect\u0103m cu ajutorul modulelor cookie \u0219i cum sunt folosite aceste informa\u021bii, precum \u0219i modul de gestionare a set\u0103rilor modulelor cookie.<\/p>\n\n<p class=\"wp-block-paragraph\">Cookie-urile sunt fi\u0219iere text de mici dimensiuni care sunt utilizate pentru a stoca mici p\u0103r\u021bi de informa\u021bii. Acestea sunt stocate pe dispozitivul dumneavoastr\u0103 atunci c\u00e2nd site-ul web este \u00eenc\u0103rcat \u00een browserul dumneavoastr\u0103. Aceste module cookie ne ajut\u0103 s\u0103 facem ca site-ul web s\u0103 func\u021bioneze corect, s\u0103 \u00eel facem mai sigur, s\u0103 oferim o experien\u021b\u0103 mai bun\u0103 pentru utilizator \u0219i s\u0103 \u00een\u021belegem cum func\u021bioneaz\u0103 site-ul web \u0219i s\u0103 analiz\u0103m ce func\u021bioneaz\u0103 \u0219i unde este nevoie de \u00eembun\u0103t\u0103\u021biri.<\/p>\n\n<h2 class=\"wp-block-heading\">Cum folosim modulele cookie?<\/h2>\n\n<p class=\"wp-block-paragraph\">La fel ca majoritatea serviciilor online, site-ul nostru utilizeaz\u0103 cookie-uri de la prima parte \u0219i de la ter\u021bi \u00een mai multe scopuri. Modulele cookie de tip &#8220;first-party&#8221; sunt \u00een mare parte necesare pentru ca site-ul web s\u0103 func\u021bioneze \u00een mod corespunz\u0103tor \u0219i nu colecteaz\u0103 niciun fel de date care s\u0103 v\u0103 identifice personal.<\/p>\n\n<p class=\"wp-block-paragraph\">Modulele cookie ale ter\u021bilor utilizate pe site-ul nostru web sunt utilizate \u00een principal pentru a \u00een\u021belege modul \u00een care func\u021bioneaz\u0103 site-ul web, modul \u00een care interac\u021biona\u021bi cu site-ul nostru web, pentru a men\u021bine serviciile noastre \u00een siguran\u021b\u0103, pentru a v\u0103 oferi reclame relevante pentru dvs. \u0219i, \u00een general, pentru a v\u0103 oferi o experien\u021b\u0103 de utilizare mai bun\u0103 \u0219i \u00eembun\u0103t\u0103\u021bit\u0103 \u0219i pentru a v\u0103 ajuta s\u0103 accelera\u021bi interac\u021biunile viitoare cu site-ul nostru web.<\/p>\n\n<h2 class=\"wp-block-heading\">Tipuri de module cookie pe care le utiliz\u0103m<\/h2>\n\n<style>\n    a.cky-banner-element {\n        padding: 8px 30px;\n        background: #F8F9FA;\n        color: #858A8F;\n        border: 1px solid #DEE2E6;\n        box-sizing: border-box;\n        border-radius: 2px;\n        cursor: pointer;\n}\n<\/style>\n\n    <div class=\"cky-audit-table-element\"><\/div>\n\n<h2 class=\"wp-block-heading\">Gestionarea preferin\u021belor cookie<\/h2>\n\n<a class=\"cky-banner-element\">Set\u0103ri cookie<\/a> <br\/>\n<p>\n<\/p>\n<p class=\"wp-block-paragraph\">V\u0103 pute\u021bi schimba preferin\u021bele privind modulele cookie \u00een orice moment f\u0103c\u00e2nd clic pe butonul de mai sus. Acest lucru v\u0103 va permite s\u0103 reveni\u021bi la bannerul de consim\u021b\u0103m\u00e2nt privind cookie-urile \u0219i s\u0103 v\u0103 schimba\u021bi preferin\u021bele sau s\u0103 v\u0103 retrage\u021bi consim\u021b\u0103m\u00e2ntul imediat.   <\/p>\n\n<p class=\"wp-block-paragraph\">\u00cen plus, diferitele browsere ofer\u0103 diferite metode de blocare \u0219i \u0219tergere a modulelor cookie utilizate de site-urile web. Pute\u021bi modifica set\u0103rile browserului dvs. pentru a bloca\/\u0219terge modulele cookie.  <\/p>\n","protected":false},"excerpt":{"rendered":"<p>Ce sunt fursecurile? Aceast\u0103 Politic\u0103 privind modulele cookie explic\u0103 ce sunt modulele cookie \u0219i cum le folosim, tipurile de module cookie pe care le folosim, adic\u0103 informa\u021biile pe care le colect\u0103m cu ajutorul modulelor cookie \u0219i cum sunt folosite aceste informa\u021bii, precum \u0219i modul de gestionare a set\u0103rilor modulelor cookie. Cookie-urile sunt fi\u0219iere text de [&hellip;]<\/p>\n","protected":false},"author":1,"featured_media":0,"parent":0,"menu_order":0,"comment_status":"closed","ping_status":"closed","template":"","meta":{"_crdt_document":"","footnotes":""},"class_list":["post-32133","page","type-page","status-publish","hentry"],"yoast_head":"<!-- This site is optimized with the Yoast SEO plugin v27.2 - https:\/\/yoast.com\/product\/yoast-seo-wordpress\/ -->\n<title>Politica privind cookie-urile<\/title>\n<meta name=\"robots\" content=\"index, follow, max-snippet:-1, max-image-preview:large, max-video-preview:-1\" \/>\n<link rel=\"canonical\" href=\"https:\/\/www.checkedholidays.com\/ro\/cookie-policy\/\" \/>\n<meta property=\"og:locale\" content=\"ro_RO\" \/>\n<meta property=\"og:type\" content=\"article\" \/>\n<meta property=\"og:title\" content=\"Politica privind cookie-urile\" \/>\n<meta property=\"og:description\" content=\"Ce sunt fursecurile? Aceast\u0103 Politic\u0103 privind modulele cookie explic\u0103 ce sunt modulele cookie \u0219i cum le folosim, tipurile de module cookie pe care le folosim, adic\u0103 informa\u021biile pe care le colect\u0103m cu ajutorul modulelor cookie \u0219i cum sunt folosite aceste informa\u021bii, precum \u0219i modul de gestionare a set\u0103rilor modulelor cookie. Cookie-urile sunt fi\u0219iere text de [&hellip;]\" \/>\n<meta property=\"og:url\" content=\"https:\/\/www.checkedholidays.com\/ro\/cookie-policy\/\" \/>\n<meta property=\"og:site_name\" content=\"CheckedHolidays\" \/>\n<meta property=\"article:publisher\" content=\"http:\/\/www.facebook.com\/checkedholidays\" \/>\n<meta property=\"article:modified_time\" content=\"2025-03-17T09:53:01+00:00\" \/>\n<meta name=\"twitter:card\" content=\"summary_large_image\" \/>\n<meta name=\"twitter:site\" content=\"@checkedholidays\" \/>\n<meta name=\"twitter:label1\" content=\"Timp estimat pentru citire\" \/>\n\t<meta name=\"twitter:data1\" content=\"2 minute\" \/>\n<script type=\"application\/ld+json\" class=\"yoast-schema-graph\">{\"@context\":\"https:\/\/schema.org\",\"@graph\":[{\"@type\":\"WebPage\",\"@id\":\"https:\/\/www.checkedholidays.com\/ro\/cookie-policy\/\",\"url\":\"https:\/\/www.checkedholidays.com\/ro\/cookie-policy\/\",\"name\":\"Politica privind cookie-urile\",\"isPartOf\":{\"@id\":\"https:\/\/www.checkedholidays.com\/ro\/#website\"},\"datePublished\":\"2022-11-11T18:21:32+00:00\",\"dateModified\":\"2025-03-17T09:53:01+00:00\",\"breadcrumb\":{\"@id\":\"https:\/\/www.checkedholidays.com\/ro\/cookie-policy\/#breadcrumb\"},\"inLanguage\":\"ro-RO\",\"potentialAction\":[{\"@type\":\"ReadAction\",\"target\":[\"https:\/\/www.checkedholidays.com\/ro\/cookie-policy\/\"]}]},{\"@type\":\"BreadcrumbList\",\"@id\":\"https:\/\/www.checkedholidays.com\/ro\/cookie-policy\/#breadcrumb\",\"itemListElement\":[{\"@type\":\"ListItem\",\"position\":1,\"name\":\"Home\",\"item\":\"https:\/\/www.checkedholidays.com\/ro\/\"},{\"@type\":\"ListItem\",\"position\":2,\"name\":\"Politica privind cookie-urile\"}]},{\"@type\":\"WebSite\",\"@id\":\"https:\/\/www.checkedholidays.com\/ro\/#website\",\"url\":\"https:\/\/www.checkedholidays.com\/ro\/\",\"name\":\"CheckedHolidays\",\"description\":\"Spanish island holidays... but better!\",\"potentialAction\":[{\"@type\":\"SearchAction\",\"target\":{\"@type\":\"EntryPoint\",\"urlTemplate\":\"https:\/\/www.checkedholidays.com\/ro\/?s={search_term_string}\"},\"query-input\":{\"@type\":\"PropertyValueSpecification\",\"valueRequired\":true,\"valueName\":\"search_term_string\"}}],\"inLanguage\":\"ro-RO\"}]}<\/script>\n<!-- \/ Yoast SEO plugin. -->","yoast_head_json":{"title":"Politica privind cookie-urile","robots":{"index":"index","follow":"follow","max-snippet":"max-snippet:-1","max-image-preview":"max-image-preview:large","max-video-preview":"max-video-preview:-1"},"canonical":"https:\/\/www.checkedholidays.com\/ro\/cookie-policy\/","og_locale":"ro_RO","og_type":"article","og_title":"Politica privind cookie-urile","og_description":"Ce sunt fursecurile? Aceast\u0103 Politic\u0103 privind modulele cookie explic\u0103 ce sunt modulele cookie \u0219i cum le folosim, tipurile de module cookie pe care le folosim, adic\u0103 informa\u021biile pe care le colect\u0103m cu ajutorul modulelor cookie \u0219i cum sunt folosite aceste informa\u021bii, precum \u0219i modul de gestionare a set\u0103rilor modulelor cookie. Cookie-urile sunt fi\u0219iere text de [&hellip;]","og_url":"https:\/\/www.checkedholidays.com\/ro\/cookie-policy\/","og_site_name":"CheckedHolidays","article_publisher":"http:\/\/www.facebook.com\/checkedholidays","article_modified_time":"2025-03-17T09:53:01+00:00","twitter_card":"summary_large_image","twitter_site":"@checkedholidays","twitter_misc":{"Timp estimat pentru citire":"2 minute"},"schema":{"@context":"https:\/\/schema.org","@graph":[{"@type":"WebPage","@id":"https:\/\/www.checkedholidays.com\/ro\/cookie-policy\/","url":"https:\/\/www.checkedholidays.com\/ro\/cookie-policy\/","name":"Politica privind cookie-urile","isPartOf":{"@id":"https:\/\/www.checkedholidays.com\/ro\/#website"},"datePublished":"2022-11-11T18:21:32+00:00","dateModified":"2025-03-17T09:53:01+00:00","breadcrumb":{"@id":"https:\/\/www.checkedholidays.com\/ro\/cookie-policy\/#breadcrumb"},"inLanguage":"ro-RO","potentialAction":[{"@type":"ReadAction","target":["https:\/\/www.checkedholidays.com\/ro\/cookie-policy\/"]}]},{"@type":"BreadcrumbList","@id":"https:\/\/www.checkedholidays.com\/ro\/cookie-policy\/#breadcrumb","itemListElement":[{"@type":"ListItem","position":1,"name":"Home","item":"https:\/\/www.checkedholidays.com\/ro\/"},{"@type":"ListItem","position":2,"name":"Politica privind cookie-urile"}]},{"@type":"WebSite","@id":"https:\/\/www.checkedholidays.com\/ro\/#website","url":"https:\/\/www.checkedholidays.com\/ro\/","name":"CheckedHolidays","description":"Spanish island holidays... but better!","potentialAction":[{"@type":"SearchAction","target":{"@type":"EntryPoint","urlTemplate":"https:\/\/www.checkedholidays.com\/ro\/?s={search_term_string}"},"query-input":{"@type":"PropertyValueSpecification","valueRequired":true,"valueName":"search_term_string"}}],"inLanguage":"ro-RO"}]}},"jetpack_sharing_enabled":true,"_links":{"self":[{"href":"https:\/\/www.checkedholidays.com\/ro\/wp-json\/wp\/v2\/pages\/32133","targetHints":{"allow":["GET"]}}],"collection":[{"href":"https:\/\/www.checkedholidays.com\/ro\/wp-json\/wp\/v2\/pages"}],"about":[{"href":"https:\/\/www.checkedholidays.com\/ro\/wp-json\/wp\/v2\/types\/page"}],"author":[{"embeddable":true,"href":"https:\/\/www.checkedholidays.com\/ro\/wp-json\/wp\/v2\/users\/1"}],"replies":[{"embeddable":true,"href":"https:\/\/www.checkedholidays.com\/ro\/wp-json\/wp\/v2\/comments?post=32133"}],"version-history":[{"count":2,"href":"https:\/\/www.checkedholidays.com\/ro\/wp-json\/wp\/v2\/pages\/32133\/revisions"}],"predecessor-version":[{"id":103217,"href":"https:\/\/www.checkedholidays.com\/ro\/wp-json\/wp\/v2\/pages\/32133\/revisions\/103217"}],"wp:attachment":[{"href":"https:\/\/www.checkedholidays.com\/ro\/wp-json\/wp\/v2\/media?parent=32133"}],"curies":[{"name":"wp","href":"https:\/\/api.w.org\/{rel}","templated":true}]}}