{"id":32132,"date":"2022-11-11T18:21:31","date_gmt":"2022-11-11T18:21:31","guid":{"rendered":"https:\/\/www.checkedholidays.com\/home\/"},"modified":"2026-02-23T13:22:40","modified_gmt":"2026-02-23T13:22:40","slug":"home","status":"publish","type":"page","link":"https:\/\/www.checkedholidays.com\/ro\/","title":{"rendered":"Pagina de start"},"content":{"rendered":"\n<h2 class=\"wp-block-heading has-text-align-center\"><strong>G\u0103se\u0219te-\u021bi vacan\u021ba ideal\u0103 \u00een Insulele Spaniole<\/strong><\/h2>\n\n<p class=\"wp-block-paragraph\">Excelent pe tot parcursul anului<\/p>\n\n<ul class=\"wp-block-list\">\n<li><strong><u><a href=\"https:\/\/www.checkedholidays.com\/ro\/tag\/tenerife-ro\/\" type=\"category\" id=\"59\">Tenerife<\/a><\/u><\/strong> &#8211; Cel mai bun pentru familiile care doresc varietate, atrac\u021bii \u0219i confort.<\/li>\n\n\n\n<li><strong><u><a href=\"https:\/\/www.checkedholidays.com\/ro\/tag\/gran-canaria-ro\/\" type=\"category\" id=\"60\">Gran Canaria<\/a><\/u><\/strong> &#8211; Ideal pentru cupluri \u0219i adul\u021bi care doresc via\u021b\u0103 de noapte, mese \u0219i cump\u0103r\u0103turi.<\/li>\n\n\n\n<li><strong><u><a href=\"https:\/\/www.checkedholidays.com\/ro\/tag\/lanzarote-ro\/\" type=\"category\" id=\"61\">Lanzarote<\/a><\/u><\/strong> &#8211; Cea mai bun\u0103 pentru vacan\u021be all-inclusive \u0219i vacan\u021be relaxante u\u0219oare.<\/li>\n\n\n\n<li><strong><u><a href=\"https:\/\/www.checkedholidays.com\/ro\/tag\/fuerteventura-ro\/\" type=\"category\" id=\"309\">Fuerteventura<\/a><\/u><\/strong> &#8211; Ideal pentru vacan\u021be pe plaj\u0103 cu mult spa\u021biu.<\/li>\n<\/ul>\n\n<p class=\"wp-block-paragraph\">Cel mai bine din mai p\u00e2n\u0103 \u00een octombrie<\/p>\n\n<ul class=\"wp-block-list\">\n<li><strong><u><a href=\"https:\/\/www.checkedholidays.com\/ro\/tag\/mallorca-ro\/\" type=\"category\" id=\"57\">Mallorca<\/a><\/u><\/strong> &#8211; Ideal pentru familii \u0219i pentru cei care caut\u0103 varietate \u0219i doresc plaje, excursii \u0219i multe op\u021biuni.<\/li>\n\n\n\n<li><strong><u><a href=\"https:\/\/www.checkedholidays.com\/ro\/tag\/menorca-ro\/\" type=\"category\" id=\"91\">Menorca<\/a><\/u><\/strong> &#8211; Cea mai bun\u0103 pentru vacan\u021be mai lini\u0219tite, relaxate, de familie, cu farmec autentic.  <\/li>\n\n\n\n<li><strong><u><a href=\"https:\/\/www.checkedholidays.com\/ro\/guide\/ibiza-ro\/\" type=\"category\" id=\"633\">Ibiza<\/a><\/u><\/strong> &#8211; Cea mai bun\u0103 pentru adul\u021bi, cupluri, via\u021b\u0103 de noapte, cluburi pe plaj\u0103 \u0219i destina\u021bii de vacan\u021b\u0103 elegante.<\/li>\n<\/ul>\n","protected":false},"excerpt":{"rendered":"<p>G\u0103se\u0219te-\u021bi vacan\u021ba ideal\u0103 \u00een Insulele Spaniole Excelent pe tot parcursul anului Cel mai bine din mai p\u00e2n\u0103 \u00een octombrie<\/p>\n","protected":false},"author":1,"featured_media":0,"parent":0,"menu_order":0,"comment_status":"closed","ping_status":"closed","template":"","meta":{"_crdt_document":"","footnotes":""},"class_list":["post-32132","page","type-page","status-publish","hentry"],"yoast_head":"<!-- This site is optimized with the Yoast SEO plugin v27.2 - https:\/\/yoast.com\/product\/yoast-seo-wordpress\/ -->\n<title>G\u0103se\u0219te-\u021bi vacan\u021ba ideal\u0103 \u00een Insulele Spaniole<\/title>\n<meta name=\"description\" content=\"Descoperi\u021bi vacan\u021ba dvs. ideal\u0103 \u00een insulele spaniole, ghidat\u0103 de un expert cu peste 20 de ani de experien\u021b\u0103.\" \/>\n<meta name=\"robots\" content=\"index, follow, max-snippet:-1, max-image-preview:large, max-video-preview:-1\" \/>\n<link rel=\"canonical\" href=\"https:\/\/www.checkedholidays.com\/ro\/\" \/>\n<meta property=\"og:locale\" content=\"ro_RO\" \/>\n<meta property=\"og:type\" content=\"article\" \/>\n<meta property=\"og:title\" content=\"G\u0103se\u0219te-\u021bi vacan\u021ba ideal\u0103 \u00een Insulele Spaniole\" \/>\n<meta property=\"og:description\" content=\"Descoperi\u021bi vacan\u021ba dvs. ideal\u0103 \u00een insulele spaniole, ghidat\u0103 de un expert cu peste 20 de ani de experien\u021b\u0103.\" \/>\n<meta property=\"og:url\" content=\"https:\/\/www.checkedholidays.com\/ro\/\" \/>\n<meta property=\"og:site_name\" content=\"CheckedHolidays\" \/>\n<meta property=\"article:publisher\" content=\"http:\/\/www.facebook.com\/checkedholidays\" \/>\n<meta property=\"article:modified_time\" content=\"2026-02-23T13:22:40+00:00\" \/>\n<meta name=\"twitter:card\" content=\"summary_large_image\" \/>\n<meta name=\"twitter:site\" content=\"@checkedholidays\" \/>\n<meta name=\"twitter:label1\" content=\"Timp estimat pentru citire\" \/>\n\t<meta name=\"twitter:data1\" content=\"1 minut\" \/>\n<script type=\"application\/ld+json\" class=\"yoast-schema-graph\">{\"@context\":\"https:\/\/schema.org\",\"@graph\":[{\"@type\":\"WebPage\",\"@id\":\"https:\/\/www.checkedholidays.com\/ro\/\",\"url\":\"https:\/\/www.checkedholidays.com\/ro\/\",\"name\":\"G\u0103se\u0219te-\u021bi vacan\u021ba ideal\u0103 \u00een Insulele Spaniole\",\"isPartOf\":{\"@id\":\"https:\/\/www.checkedholidays.com\/ro\/#website\"},\"datePublished\":\"2022-11-11T18:21:31+00:00\",\"dateModified\":\"2026-02-23T13:22:40+00:00\",\"description\":\"Descoperi\u021bi vacan\u021ba dvs. ideal\u0103 \u00een insulele spaniole, ghidat\u0103 de un expert cu peste 20 de ani de experien\u021b\u0103.\",\"breadcrumb\":{\"@id\":\"https:\/\/www.checkedholidays.com\/ro\/#breadcrumb\"},\"inLanguage\":\"ro-RO\",\"potentialAction\":[{\"@type\":\"ReadAction\",\"target\":[\"https:\/\/www.checkedholidays.com\/ro\/\"]}]},{\"@type\":\"BreadcrumbList\",\"@id\":\"https:\/\/www.checkedholidays.com\/ro\/#breadcrumb\",\"itemListElement\":[{\"@type\":\"ListItem\",\"position\":1,\"name\":\"Home\",\"item\":\"https:\/\/www.checkedholidays.com\/ro\/\"},{\"@type\":\"ListItem\",\"position\":2,\"name\":\"Pagina de start\"}]},{\"@type\":\"WebSite\",\"@id\":\"https:\/\/www.checkedholidays.com\/ro\/#website\",\"url\":\"https:\/\/www.checkedholidays.com\/ro\/\",\"name\":\"CheckedHolidays\",\"description\":\"Spanish island holidays... but better!\",\"potentialAction\":[{\"@type\":\"SearchAction\",\"target\":{\"@type\":\"EntryPoint\",\"urlTemplate\":\"https:\/\/www.checkedholidays.com\/ro\/?s={search_term_string}\"},\"query-input\":{\"@type\":\"PropertyValueSpecification\",\"valueRequired\":true,\"valueName\":\"search_term_string\"}}],\"inLanguage\":\"ro-RO\"}]}<\/script>\n<!-- \/ Yoast SEO plugin. -->","yoast_head_json":{"title":"G\u0103se\u0219te-\u021bi vacan\u021ba ideal\u0103 \u00een Insulele Spaniole","description":"Descoperi\u021bi vacan\u021ba dvs. ideal\u0103 \u00een insulele spaniole, ghidat\u0103 de un expert cu peste 20 de ani de experien\u021b\u0103.","robots":{"index":"index","follow":"follow","max-snippet":"max-snippet:-1","max-image-preview":"max-image-preview:large","max-video-preview":"max-video-preview:-1"},"canonical":"https:\/\/www.checkedholidays.com\/ro\/","og_locale":"ro_RO","og_type":"article","og_title":"G\u0103se\u0219te-\u021bi vacan\u021ba ideal\u0103 \u00een Insulele Spaniole","og_description":"Descoperi\u021bi vacan\u021ba dvs. ideal\u0103 \u00een insulele spaniole, ghidat\u0103 de un expert cu peste 20 de ani de experien\u021b\u0103.","og_url":"https:\/\/www.checkedholidays.com\/ro\/","og_site_name":"CheckedHolidays","article_publisher":"http:\/\/www.facebook.com\/checkedholidays","article_modified_time":"2026-02-23T13:22:40+00:00","twitter_card":"summary_large_image","twitter_site":"@checkedholidays","twitter_misc":{"Timp estimat pentru citire":"1 minut"},"schema":{"@context":"https:\/\/schema.org","@graph":[{"@type":"WebPage","@id":"https:\/\/www.checkedholidays.com\/ro\/","url":"https:\/\/www.checkedholidays.com\/ro\/","name":"G\u0103se\u0219te-\u021bi vacan\u021ba ideal\u0103 \u00een Insulele Spaniole","isPartOf":{"@id":"https:\/\/www.checkedholidays.com\/ro\/#website"},"datePublished":"2022-11-11T18:21:31+00:00","dateModified":"2026-02-23T13:22:40+00:00","description":"Descoperi\u021bi vacan\u021ba dvs. ideal\u0103 \u00een insulele spaniole, ghidat\u0103 de un expert cu peste 20 de ani de experien\u021b\u0103.","breadcrumb":{"@id":"https:\/\/www.checkedholidays.com\/ro\/#breadcrumb"},"inLanguage":"ro-RO","potentialAction":[{"@type":"ReadAction","target":["https:\/\/www.checkedholidays.com\/ro\/"]}]},{"@type":"BreadcrumbList","@id":"https:\/\/www.checkedholidays.com\/ro\/#breadcrumb","itemListElement":[{"@type":"ListItem","position":1,"name":"Home","item":"https:\/\/www.checkedholidays.com\/ro\/"},{"@type":"ListItem","position":2,"name":"Pagina de start"}]},{"@type":"WebSite","@id":"https:\/\/www.checkedholidays.com\/ro\/#website","url":"https:\/\/www.checkedholidays.com\/ro\/","name":"CheckedHolidays","description":"Spanish island holidays... but better!","potentialAction":[{"@type":"SearchAction","target":{"@type":"EntryPoint","urlTemplate":"https:\/\/www.checkedholidays.com\/ro\/?s={search_term_string}"},"query-input":{"@type":"PropertyValueSpecification","valueRequired":true,"valueName":"search_term_string"}}],"inLanguage":"ro-RO"}]}},"jetpack_sharing_enabled":true,"_links":{"self":[{"href":"https:\/\/www.checkedholidays.com\/ro\/wp-json\/wp\/v2\/pages\/32132","targetHints":{"allow":["GET"]}}],"collection":[{"href":"https:\/\/www.checkedholidays.com\/ro\/wp-json\/wp\/v2\/pages"}],"about":[{"href":"https:\/\/www.checkedholidays.com\/ro\/wp-json\/wp\/v2\/types\/page"}],"author":[{"embeddable":true,"href":"https:\/\/www.checkedholidays.com\/ro\/wp-json\/wp\/v2\/users\/1"}],"replies":[{"embeddable":true,"href":"https:\/\/www.checkedholidays.com\/ro\/wp-json\/wp\/v2\/comments?post=32132"}],"version-history":[{"count":5,"href":"https:\/\/www.checkedholidays.com\/ro\/wp-json\/wp\/v2\/pages\/32132\/revisions"}],"predecessor-version":[{"id":113860,"href":"https:\/\/www.checkedholidays.com\/ro\/wp-json\/wp\/v2\/pages\/32132\/revisions\/113860"}],"wp:attachment":[{"href":"https:\/\/www.checkedholidays.com\/ro\/wp-json\/wp\/v2\/media?parent=32132"}],"curies":[{"name":"wp","href":"https:\/\/api.w.org\/{rel}","templated":true}]}}