{"id":32130,"date":"2022-11-11T18:19:35","date_gmt":"2022-11-11T18:19:35","guid":{"rendered":"https:\/\/www.checkedholidays.com\/about\/"},"modified":"2024-01-28T21:42:59","modified_gmt":"2024-01-28T21:42:59","slug":"about","status":"publish","type":"page","link":"https:\/\/www.checkedholidays.com\/ro\/about\/","title":{"rendered":"Despre mine"},"content":{"rendered":"\n<p class=\"has-text-align-left wp-block-paragraph\">Da, CheckHolidays sunt eu, o persoan\u0103 obi\u0219nuit\u0103 din via\u021ba real\u0103&#8230; numele meu real este Ive. Scriu, filmez, editez, creez \u0219i public toate ghidurile mele de vacan\u021b\u0103 (99%) de unul singur. Dar c\u00e2nd am \u00eenceput, am vrut un nume care s\u0103 par\u0103 &#8220;profesional&#8221;&#8230; acum am r\u0103mas cu asta. A\u0219adar, pe aceast\u0103 pagin\u0103, vreau s\u0103 v\u0103 spun ceva mai multe despre mine \u0219i s\u0103 v\u0103 ar\u0103t c\u0103 sunt doar o persoan\u0103 obi\u0219nuit\u0103 care, prin circumstan\u021be, a devenit unul dintre cei mai proeminen\u021bi consilieri de vacan\u021b\u0103 despre Insulele Spaniole.  <\/p>\n<div class=\"wp-block-image\">\n<figure class=\"aligncenter is-resized\"><img loading=\"lazy\" decoding=\"async\" src=\"https:\/\/i1.wp.com\/www.checkedholidays.com\/wp-content\/uploads\/2019\/03\/IMG_20141017_152816-MOTION.gif?fit=768%2C1024&amp;ssl=1\" alt=\"\" class=\"wp-image-3075\" width=\"384\" height=\"512\"\/><figcaption class=\"wp-element-caption\">15 ani \u00een Spania: \u00cenot aleatoriu<\/figcaption><\/figure>\n<\/div>\n<p class=\"has-text-align-left wp-block-paragraph\">Toate acestea au \u00eenceput dup\u0103 ce a tr\u0103it \u0219i a lucrat \u00een toat\u0103 Spania ca animator de hotel, barman, cameraman \u0219i tehnician de sunet timp de peste 15 ani. Dar, dup\u0103 mul\u021bi ani \u00een care am avut diverse locuri de munc\u0103 \u00een toate insulele spaniole, mi-a fost greu s\u0103 g\u0103sesc ceva care s\u0103 m\u0103 bucure \u0219i s\u0103 m\u0103 pasioneze.<\/p>\n\n<p class=\"has-text-align-left wp-block-paragraph\">A\u0219a c\u0103 m-am a\u0219ezat \u0219i am \u00eencercat s\u0103-mi dau seama ce-mi pl\u0103cea s\u0103 fac. Privind \u00een urm\u0103 la locurile de munc\u0103 pe care le f\u0103cusem deja, am g\u0103sit dou\u0103 lucruri care \u00eemi pl\u0103ceau cu adev\u0103rat. Ace\u0219tia ofereau oamenilor o vacan\u021b\u0103 minunat\u0103 \u0219i creau lucruri. Am\u00e2ndou\u0103 aceste lucruri le f\u0103ceam \u00een slujbele mele anterioare, dar, desigur, nu puteam s\u0103 lucrez la nesf\u00e2r\u0219it ca animator de hotel de peste 30 de ani. Dup\u0103 un timp, devine ciudat. A\u0219a c\u0103 am decis s\u0103 m\u0103 ocup \u00een \u00eentregime de canalul meu de YouTube, cu doar 5 videoclipuri despre Mallorca la momentul respectiv, pentru a vedea dac\u0103 va func\u021biona sau nu.<\/p>\n\n<p class=\"has-text-align-left wp-block-paragraph\">A durat c\u00e2\u021biva ani, dar, \u00een prezent (2022), ajut peste <strong>\n  <u>4 milioane de persoane \u00een fiecare an cu<\/u>\n  <span style=\"text-decoration: underline;\">cu vacan\u021bele lor \u00een Spania.<\/span>\n<\/strong> De\u0219i acest lucru este minunat, pentru mine nu este vorba de cifre. Este vorba de a oferi sfaturi de vacan\u021b\u0103 oneste, care sunt greu de g\u0103sit pe internet. \u00cen condi\u021biile \u00een care majoritatea paginilor sunt ale companiilor de turism, ale bloggerilor sau ale modelelor de pe Instagram, c\u0103rora le place s\u0103 fac\u0103 totul s\u0103 arate perfect, eu \u00eencerc s\u0103 fac exact opusul. Vi-l voi ar\u0103ta exact a\u0219a cum este, astfel \u00eenc\u00e2t s\u0103 pute\u021bi decide dac\u0103 este potrivit pentru dumneavoastr\u0103 sau nu.  <\/p>\n","protected":false},"excerpt":{"rendered":"<p>Da, CheckHolidays sunt eu, o persoan\u0103 obi\u0219nuit\u0103 din via\u021ba real\u0103&#8230; numele meu real este Ive. Scriu, filmez, editez, creez \u0219i public toate ghidurile mele de vacan\u021b\u0103 (99%) de unul singur. Dar c\u00e2nd am \u00eenceput, am vrut un nume care s\u0103 par\u0103 &#8220;profesional&#8221;&#8230; acum am r\u0103mas cu asta. A\u0219adar, pe aceast\u0103 pagin\u0103, vreau s\u0103 v\u0103 spun [&hellip;]<\/p>\n","protected":false},"author":1,"featured_media":27974,"parent":0,"menu_order":0,"comment_status":"closed","ping_status":"closed","template":"template-authors.php","meta":{"_crdt_document":"","footnotes":""},"class_list":["post-32130","page","type-page","status-publish","has-post-thumbnail","hentry"],"yoast_head":"<!-- This site is optimized with the Yoast SEO plugin v27.2 - https:\/\/yoast.com\/product\/yoast-seo-wordpress\/ -->\n<title>Despre mine<\/title>\n<meta name=\"robots\" content=\"index, follow, max-snippet:-1, max-image-preview:large, max-video-preview:-1\" \/>\n<link rel=\"canonical\" href=\"https:\/\/www.checkedholidays.com\/ro\/about\/\" \/>\n<meta property=\"og:locale\" content=\"ro_RO\" \/>\n<meta property=\"og:type\" content=\"article\" \/>\n<meta property=\"og:title\" content=\"Despre mine\" \/>\n<meta property=\"og:description\" content=\"Da, CheckHolidays sunt eu, o persoan\u0103 obi\u0219nuit\u0103 din via\u021ba real\u0103&#8230; numele meu real este Ive. Scriu, filmez, editez, creez \u0219i public toate ghidurile mele de vacan\u021b\u0103 (99%) de unul singur. Dar c\u00e2nd am \u00eenceput, am vrut un nume care s\u0103 par\u0103 &#8220;profesional&#8221;&#8230; acum am r\u0103mas cu asta. A\u0219adar, pe aceast\u0103 pagin\u0103, vreau s\u0103 v\u0103 spun [&hellip;]\" \/>\n<meta property=\"og:url\" content=\"https:\/\/www.checkedholidays.com\/ro\/about\/\" \/>\n<meta property=\"og:site_name\" content=\"CheckedHolidays\" \/>\n<meta property=\"article:publisher\" content=\"http:\/\/www.facebook.com\/checkedholidays\" \/>\n<meta property=\"article:modified_time\" content=\"2024-01-28T21:42:59+00:00\" \/>\n<meta property=\"og:image\" content=\"https:\/\/www.checkedholidays.com\/wp-content\/uploads\/2018\/12\/IMG_20141011_135122-600x450.jpg\" \/>\n\t<meta property=\"og:image:width\" content=\"600\" \/>\n\t<meta property=\"og:image:height\" content=\"450\" \/>\n\t<meta property=\"og:image:type\" content=\"image\/jpeg\" \/>\n<meta name=\"twitter:card\" content=\"summary_large_image\" \/>\n<meta name=\"twitter:site\" content=\"@checkedholidays\" \/>\n<meta name=\"twitter:label1\" content=\"Timp estimat pentru citire\" \/>\n\t<meta name=\"twitter:data1\" content=\"2 minute\" \/>\n<script type=\"application\/ld+json\" class=\"yoast-schema-graph\">{\"@context\":\"https:\/\/schema.org\",\"@graph\":[{\"@type\":\"WebPage\",\"@id\":\"https:\/\/www.checkedholidays.com\/ro\/about\/\",\"url\":\"https:\/\/www.checkedholidays.com\/ro\/about\/\",\"name\":\"Despre mine\",\"isPartOf\":{\"@id\":\"https:\/\/www.checkedholidays.com\/ro\/#website\"},\"primaryImageOfPage\":{\"@id\":\"https:\/\/www.checkedholidays.com\/ro\/about\/#primaryimage\"},\"image\":{\"@id\":\"https:\/\/www.checkedholidays.com\/ro\/about\/#primaryimage\"},\"thumbnailUrl\":\"https:\/\/i0.wp.com\/www.checkedholidays.com\/wp-content\/uploads\/2018\/12\/IMG_20141011_135122-600x450.jpg?fit=600%2C450&ssl=1\",\"datePublished\":\"2022-11-11T18:19:35+00:00\",\"dateModified\":\"2024-01-28T21:42:59+00:00\",\"breadcrumb\":{\"@id\":\"https:\/\/www.checkedholidays.com\/ro\/about\/#breadcrumb\"},\"inLanguage\":\"ro-RO\",\"potentialAction\":[{\"@type\":\"ReadAction\",\"target\":[\"https:\/\/www.checkedholidays.com\/ro\/about\/\"]}]},{\"@type\":\"ImageObject\",\"inLanguage\":\"ro-RO\",\"@id\":\"https:\/\/www.checkedholidays.com\/ro\/about\/#primaryimage\",\"url\":\"https:\/\/i0.wp.com\/www.checkedholidays.com\/wp-content\/uploads\/2018\/12\/IMG_20141011_135122-600x450.jpg?fit=600%2C450&ssl=1\",\"contentUrl\":\"https:\/\/i0.wp.com\/www.checkedholidays.com\/wp-content\/uploads\/2018\/12\/IMG_20141011_135122-600x450.jpg?fit=600%2C450&ssl=1\",\"width\":600,\"height\":450},{\"@type\":\"BreadcrumbList\",\"@id\":\"https:\/\/www.checkedholidays.com\/ro\/about\/#breadcrumb\",\"itemListElement\":[{\"@type\":\"ListItem\",\"position\":1,\"name\":\"Home\",\"item\":\"https:\/\/www.checkedholidays.com\/ro\/\"},{\"@type\":\"ListItem\",\"position\":2,\"name\":\"Despre mine\"}]},{\"@type\":\"WebSite\",\"@id\":\"https:\/\/www.checkedholidays.com\/ro\/#website\",\"url\":\"https:\/\/www.checkedholidays.com\/ro\/\",\"name\":\"CheckedHolidays\",\"description\":\"Spanish island holidays... but better!\",\"potentialAction\":[{\"@type\":\"SearchAction\",\"target\":{\"@type\":\"EntryPoint\",\"urlTemplate\":\"https:\/\/www.checkedholidays.com\/ro\/?s={search_term_string}\"},\"query-input\":{\"@type\":\"PropertyValueSpecification\",\"valueRequired\":true,\"valueName\":\"search_term_string\"}}],\"inLanguage\":\"ro-RO\"}]}<\/script>\n<!-- \/ Yoast SEO plugin. -->","yoast_head_json":{"title":"Despre mine","robots":{"index":"index","follow":"follow","max-snippet":"max-snippet:-1","max-image-preview":"max-image-preview:large","max-video-preview":"max-video-preview:-1"},"canonical":"https:\/\/www.checkedholidays.com\/ro\/about\/","og_locale":"ro_RO","og_type":"article","og_title":"Despre mine","og_description":"Da, CheckHolidays sunt eu, o persoan\u0103 obi\u0219nuit\u0103 din via\u021ba real\u0103&#8230; numele meu real este Ive. Scriu, filmez, editez, creez \u0219i public toate ghidurile mele de vacan\u021b\u0103 (99%) de unul singur. Dar c\u00e2nd am \u00eenceput, am vrut un nume care s\u0103 par\u0103 &#8220;profesional&#8221;&#8230; acum am r\u0103mas cu asta. A\u0219adar, pe aceast\u0103 pagin\u0103, vreau s\u0103 v\u0103 spun [&hellip;]","og_url":"https:\/\/www.checkedholidays.com\/ro\/about\/","og_site_name":"CheckedHolidays","article_publisher":"http:\/\/www.facebook.com\/checkedholidays","article_modified_time":"2024-01-28T21:42:59+00:00","og_image":[{"width":600,"height":450,"url":"https:\/\/www.checkedholidays.com\/wp-content\/uploads\/2018\/12\/IMG_20141011_135122-600x450.jpg","type":"image\/jpeg"}],"twitter_card":"summary_large_image","twitter_site":"@checkedholidays","twitter_misc":{"Timp estimat pentru citire":"2 minute"},"schema":{"@context":"https:\/\/schema.org","@graph":[{"@type":"WebPage","@id":"https:\/\/www.checkedholidays.com\/ro\/about\/","url":"https:\/\/www.checkedholidays.com\/ro\/about\/","name":"Despre mine","isPartOf":{"@id":"https:\/\/www.checkedholidays.com\/ro\/#website"},"primaryImageOfPage":{"@id":"https:\/\/www.checkedholidays.com\/ro\/about\/#primaryimage"},"image":{"@id":"https:\/\/www.checkedholidays.com\/ro\/about\/#primaryimage"},"thumbnailUrl":"https:\/\/i0.wp.com\/www.checkedholidays.com\/wp-content\/uploads\/2018\/12\/IMG_20141011_135122-600x450.jpg?fit=600%2C450&ssl=1","datePublished":"2022-11-11T18:19:35+00:00","dateModified":"2024-01-28T21:42:59+00:00","breadcrumb":{"@id":"https:\/\/www.checkedholidays.com\/ro\/about\/#breadcrumb"},"inLanguage":"ro-RO","potentialAction":[{"@type":"ReadAction","target":["https:\/\/www.checkedholidays.com\/ro\/about\/"]}]},{"@type":"ImageObject","inLanguage":"ro-RO","@id":"https:\/\/www.checkedholidays.com\/ro\/about\/#primaryimage","url":"https:\/\/i0.wp.com\/www.checkedholidays.com\/wp-content\/uploads\/2018\/12\/IMG_20141011_135122-600x450.jpg?fit=600%2C450&ssl=1","contentUrl":"https:\/\/i0.wp.com\/www.checkedholidays.com\/wp-content\/uploads\/2018\/12\/IMG_20141011_135122-600x450.jpg?fit=600%2C450&ssl=1","width":600,"height":450},{"@type":"BreadcrumbList","@id":"https:\/\/www.checkedholidays.com\/ro\/about\/#breadcrumb","itemListElement":[{"@type":"ListItem","position":1,"name":"Home","item":"https:\/\/www.checkedholidays.com\/ro\/"},{"@type":"ListItem","position":2,"name":"Despre mine"}]},{"@type":"WebSite","@id":"https:\/\/www.checkedholidays.com\/ro\/#website","url":"https:\/\/www.checkedholidays.com\/ro\/","name":"CheckedHolidays","description":"Spanish island holidays... but better!","potentialAction":[{"@type":"SearchAction","target":{"@type":"EntryPoint","urlTemplate":"https:\/\/www.checkedholidays.com\/ro\/?s={search_term_string}"},"query-input":{"@type":"PropertyValueSpecification","valueRequired":true,"valueName":"search_term_string"}}],"inLanguage":"ro-RO"}]}},"jetpack_sharing_enabled":true,"_links":{"self":[{"href":"https:\/\/www.checkedholidays.com\/ro\/wp-json\/wp\/v2\/pages\/32130","targetHints":{"allow":["GET"]}}],"collection":[{"href":"https:\/\/www.checkedholidays.com\/ro\/wp-json\/wp\/v2\/pages"}],"about":[{"href":"https:\/\/www.checkedholidays.com\/ro\/wp-json\/wp\/v2\/types\/page"}],"author":[{"embeddable":true,"href":"https:\/\/www.checkedholidays.com\/ro\/wp-json\/wp\/v2\/users\/1"}],"replies":[{"embeddable":true,"href":"https:\/\/www.checkedholidays.com\/ro\/wp-json\/wp\/v2\/comments?post=32130"}],"version-history":[{"count":1,"href":"https:\/\/www.checkedholidays.com\/ro\/wp-json\/wp\/v2\/pages\/32130\/revisions"}],"predecessor-version":[{"id":32131,"href":"https:\/\/www.checkedholidays.com\/ro\/wp-json\/wp\/v2\/pages\/32130\/revisions\/32131"}],"wp:featuredmedia":[{"embeddable":true,"href":"https:\/\/www.checkedholidays.com\/ro\/wp-json\/wp\/v2\/media\/27974"}],"wp:attachment":[{"href":"https:\/\/www.checkedholidays.com\/ro\/wp-json\/wp\/v2\/media?parent=32130"}],"curies":[{"name":"wp","href":"https:\/\/api.w.org\/{rel}","templated":true}]}}