{"id":32128,"date":"2022-11-11T18:18:52","date_gmt":"2022-11-11T18:18:52","guid":{"rendered":"https:\/\/www.checkedholidays.com\/about-checkedholidays\/"},"modified":"2023-12-02T12:36:20","modified_gmt":"2023-12-02T12:36:20","slug":"about-checkedholidays","status":"publish","type":"page","link":"https:\/\/www.checkedholidays.com\/ro\/about-checkedholidays\/","title":{"rendered":"Despre CheckedHolidays"},"content":{"rendered":"\n<p class=\"wp-block-paragraph\">CheckedHolidays a fost fondat\u0103 \u00een 2012, dup\u0103 ce a observat o mul\u021bime de dezinform\u0103ri pe internet despre vacan\u021bele \u00een insulele spaniole. Aceast\u0103 dezinformare a avut un impact negativ asupra vacan\u021belor oamenilor, a\u0219a c\u0103 am realizat un videoclip pe YouTube pentru a corecta aceast\u0103 dezinformare. Dup\u0103 ce a fost preluat \u0219i prezentat \u00een Express, a ajuns la peste 100 000 de telespectatori. De acolo, am fost inspira\u021bi s\u0103 facem mai mult!<\/p>\n\n<p class=\"has-text-align-center has-large-font-size wp-block-paragraph\"><strong>Contacta\u021bi<\/strong><\/p>\n\n<p class=\"has-text-align-center has-large-font-size wp-block-paragraph\"><strong>info(at)CheckedHolidays.com<\/strong><\/p>\n\n<h2 class=\"wp-block-heading\">Site web<\/h2>\n\n<p class=\"wp-block-paragraph\">2019 a fost primul an complet pentru site-ul web, ajung\u00e2nd la aproximativ 1 000 de cititori \u00een fiecare lun\u0103. Acum, \u00een 2022, exist\u0103 peste 30.000 de cititori unici de limb\u0103 englez\u0103 \u00een fiecare lun\u0103.  <\/p>\n\n<p class=\"wp-block-paragraph\">Din august 2022, site-ul este disponibil \u00een toate limbile europene importante, ceea ce a dus la o cre\u0219tere \u0219i mai rapid\u0103 a num\u0103rului de cititori.<\/p>\n\n<p class=\"wp-block-paragraph\">Obiectivul acestui site \u00een 2023 este de a ajuta peste <strong>\n  <span style=\"text-decoration: underline;\">JUM\u0102TATE DE MILION<\/span>\n<\/strong> de oameni s\u0103 aib\u0103 vacan\u021be mai bune!<\/p>\n\n<figure class=\"wp-block-image size-large\"><img data-recalc-dims=\"1\" loading=\"lazy\" decoding=\"async\" width=\"1024\" height=\"233\" src=\"https:\/\/i0.wp.com\/www.checkedholidays.com\/wp-content\/uploads\/2023\/01\/Screenshot-2023-01-28-at-20.09.55.png?resize=1024%2C233&#038;ssl=1\" alt=\"\" class=\"wp-image-37413\" srcset=\"https:\/\/i0.wp.com\/www.checkedholidays.com\/wp-content\/uploads\/2023\/01\/Screenshot-2023-01-28-at-20.09.55.png?resize=1024%2C233&amp;ssl=1 1024w, https:\/\/i0.wp.com\/www.checkedholidays.com\/wp-content\/uploads\/2023\/01\/Screenshot-2023-01-28-at-20.09.55.png?resize=300%2C68&amp;ssl=1 300w, https:\/\/i0.wp.com\/www.checkedholidays.com\/wp-content\/uploads\/2023\/01\/Screenshot-2023-01-28-at-20.09.55.png?resize=768%2C175&amp;ssl=1 768w, https:\/\/i0.wp.com\/www.checkedholidays.com\/wp-content\/uploads\/2023\/01\/Screenshot-2023-01-28-at-20.09.55.png?resize=1536%2C350&amp;ssl=1 1536w, https:\/\/i0.wp.com\/www.checkedholidays.com\/wp-content\/uploads\/2023\/01\/Screenshot-2023-01-28-at-20.09.55.png?resize=1920%2C437&amp;ssl=1 1920w, https:\/\/i0.wp.com\/www.checkedholidays.com\/wp-content\/uploads\/2023\/01\/Screenshot-2023-01-28-at-20.09.55.png?resize=600%2C137&amp;ssl=1 600w, https:\/\/i0.wp.com\/www.checkedholidays.com\/wp-content\/uploads\/2023\/01\/Screenshot-2023-01-28-at-20.09.55.png?resize=800%2C182&amp;ssl=1 800w, https:\/\/i0.wp.com\/www.checkedholidays.com\/wp-content\/uploads\/2023\/01\/Screenshot-2023-01-28-at-20.09.55.png?w=1968&amp;ssl=1 1968w\" sizes=\"auto, (max-width: 1024px) 100vw, 1024px\" \/><\/figure>\n\n<h2 class=\"wp-block-heading\">YouTube<\/h2>\n\n<p class=\"wp-block-paragraph\">Canalul <a href=\"http:\/\/youtube.com\/checkedholidays\">YouTube<\/a> a \u00eenceput \u00een 2012, dar a primit mai multe videoclipuri doar \u00een 2015 \u0219i chiar mai multe \u00een 2018. Dup\u0103 o sc\u0103dere uria\u0219\u0103 a num\u0103rului de vizualiz\u0103ri \u00een 2020, din cauza restric\u021biilor de c\u0103l\u0103torie, \u00een prezent ajunge la peste 125 000 de telespectatori \u00een fiecare lun\u0103 \u0219i este \u00een cre\u0219tere.<\/p>\n\n<figure class=\"wp-block-image size-large\"><img data-recalc-dims=\"1\" loading=\"lazy\" decoding=\"async\" width=\"1024\" height=\"230\" src=\"https:\/\/i0.wp.com\/www.checkedholidays.com\/wp-content\/uploads\/2023\/01\/Screenshot-2023-01-28-at-20.14.02.png?resize=1024%2C230&#038;ssl=1\" alt=\"\" class=\"wp-image-37429\" srcset=\"https:\/\/i0.wp.com\/www.checkedholidays.com\/wp-content\/uploads\/2023\/01\/Screenshot-2023-01-28-at-20.14.02.png?resize=1024%2C230&amp;ssl=1 1024w, https:\/\/i0.wp.com\/www.checkedholidays.com\/wp-content\/uploads\/2023\/01\/Screenshot-2023-01-28-at-20.14.02.png?resize=300%2C67&amp;ssl=1 300w, https:\/\/i0.wp.com\/www.checkedholidays.com\/wp-content\/uploads\/2023\/01\/Screenshot-2023-01-28-at-20.14.02.png?resize=768%2C172&amp;ssl=1 768w, https:\/\/i0.wp.com\/www.checkedholidays.com\/wp-content\/uploads\/2023\/01\/Screenshot-2023-01-28-at-20.14.02.png?resize=1536%2C345&amp;ssl=1 1536w, https:\/\/i0.wp.com\/www.checkedholidays.com\/wp-content\/uploads\/2023\/01\/Screenshot-2023-01-28-at-20.14.02.png?resize=2048%2C460&amp;ssl=1 2048w, https:\/\/i0.wp.com\/www.checkedholidays.com\/wp-content\/uploads\/2023\/01\/Screenshot-2023-01-28-at-20.14.02.png?resize=1920%2C431&amp;ssl=1 1920w, https:\/\/i0.wp.com\/www.checkedholidays.com\/wp-content\/uploads\/2023\/01\/Screenshot-2023-01-28-at-20.14.02.png?resize=600%2C135&amp;ssl=1 600w, https:\/\/i0.wp.com\/www.checkedholidays.com\/wp-content\/uploads\/2023\/01\/Screenshot-2023-01-28-at-20.14.02.png?resize=800%2C180&amp;ssl=1 800w, https:\/\/i0.wp.com\/www.checkedholidays.com\/wp-content\/uploads\/2023\/01\/Screenshot-2023-01-28-at-20.14.02.png?w=2388&amp;ssl=1 2388w\" sizes=\"auto, (max-width: 1024px) 100vw, 1024px\" \/><\/figure>\n\n<h2 class=\"wp-block-heading\">Colabor\u0103ri \u0219i publicitate<\/h2>\n\n<p class=\"wp-block-paragraph\">Pe CheckedHolidays.com, discut\u0103m despre bune \u0219i relele destina\u021biilor de vacan\u021b\u0103 pentru a v\u0103 oferi cele mai bune sfaturi de vacan\u021b\u0103. Acesta este unul dintre motivele pentru care site-ul nostru este de<strong> \u00eencredere \u0219i apreciat de un num\u0103r tot mai mare de cititori<\/strong>. Pentru a continua s\u0103 oferim sfaturi de vacan\u021b\u0103 de \u00eenalt\u0103 calitate \u0219i independente, nu facem promo\u021bii pl\u0103tite pentru produse sau servicii \u00een care nu credem. Cu toate acestea, dac\u0103 crede\u021bi c\u0103 am trecut cu vederea hotelul, sta\u021biunea, atrac\u021bia, excursia sau serviciul dvs. \u0219i dori\u021bi s\u0103 \u00eel includem gratuit pe site. V\u0103 rug\u0103m s\u0103 ne contacta\u021bi \u0219i, dup\u0103 o examinare \u00een persoan\u0103, s-ar putea s\u0103 fi\u021bi inclus.<\/p>\n\n<p class=\"has-text-align-center has-large-font-size wp-block-paragraph\"><strong>Contacta\u021bi<\/strong><\/p>\n\n<p class=\"has-text-align-center has-large-font-size wp-block-paragraph\"><strong>info(at)CheckedHolidays.com<\/strong><\/p>\n","protected":false},"excerpt":{"rendered":"<p>CheckedHolidays a fost fondat\u0103 \u00een 2012, dup\u0103 ce a observat o mul\u021bime de dezinform\u0103ri pe internet despre vacan\u021bele \u00een insulele spaniole. Aceast\u0103 dezinformare a avut un impact negativ asupra vacan\u021belor oamenilor, a\u0219a c\u0103 am realizat un videoclip pe YouTube pentru a corecta aceast\u0103 dezinformare. Dup\u0103 ce a fost preluat \u0219i prezentat \u00een Express, a ajuns [&hellip;]<\/p>\n","protected":false},"author":1,"featured_media":29750,"parent":0,"menu_order":0,"comment_status":"closed","ping_status":"closed","template":"","meta":{"_crdt_document":"","footnotes":""},"class_list":["post-32128","page","type-page","status-publish","has-post-thumbnail","hentry"],"yoast_head":"<!-- This site is optimized with the Yoast SEO plugin v27.6 - https:\/\/yoast.com\/product\/yoast-seo-wordpress\/ -->\n<title>Despre CheckedHolidays<\/title>\n<meta name=\"robots\" content=\"index, follow, max-snippet:-1, max-image-preview:large, max-video-preview:-1\" \/>\n<link rel=\"canonical\" href=\"https:\/\/www.checkedholidays.com\/ro\/about-checkedholidays\/\" \/>\n<meta property=\"og:locale\" content=\"ro_RO\" \/>\n<meta property=\"og:type\" content=\"article\" \/>\n<meta property=\"og:title\" content=\"Despre CheckedHolidays\" \/>\n<meta property=\"og:description\" content=\"CheckedHolidays a fost fondat\u0103 \u00een 2012, dup\u0103 ce a observat o mul\u021bime de dezinform\u0103ri pe internet despre vacan\u021bele \u00een insulele spaniole. Aceast\u0103 dezinformare a avut un impact negativ asupra vacan\u021belor oamenilor, a\u0219a c\u0103 am realizat un videoclip pe YouTube pentru a corecta aceast\u0103 dezinformare. Dup\u0103 ce a fost preluat \u0219i prezentat \u00een Express, a ajuns [&hellip;]\" \/>\n<meta property=\"og:url\" content=\"https:\/\/www.checkedholidays.com\/ro\/about-checkedholidays\/\" \/>\n<meta property=\"og:site_name\" content=\"CheckedHolidays\" \/>\n<meta property=\"article:publisher\" content=\"http:\/\/www.facebook.com\/checkedholidays\" \/>\n<meta property=\"article:modified_time\" content=\"2023-12-02T12:36:20+00:00\" \/>\n<meta property=\"og:image\" content=\"https:\/\/i0.wp.com\/www.checkedholidays.com\/wp-content\/uploads\/2022\/06\/Website-growth.png?fit=1874%2C452&ssl=1\" \/>\n\t<meta property=\"og:image:width\" content=\"1874\" \/>\n\t<meta property=\"og:image:height\" content=\"452\" \/>\n\t<meta property=\"og:image:type\" content=\"image\/png\" \/>\n<meta name=\"twitter:card\" content=\"summary_large_image\" \/>\n<meta name=\"twitter:site\" content=\"@checkedholidays\" \/>\n<meta name=\"twitter:label1\" content=\"Timp estimat pentru citire\" \/>\n\t<meta name=\"twitter:data1\" content=\"2 minute\" \/>\n<script type=\"application\/ld+json\" class=\"yoast-schema-graph\">{\"@context\":\"https:\\\/\\\/schema.org\",\"@graph\":[{\"@type\":\"WebPage\",\"@id\":\"https:\\\/\\\/www.checkedholidays.com\\\/ro\\\/about-checkedholidays\\\/\",\"url\":\"https:\\\/\\\/www.checkedholidays.com\\\/ro\\\/about-checkedholidays\\\/\",\"name\":\"Despre CheckedHolidays\",\"isPartOf\":{\"@id\":\"https:\\\/\\\/www.checkedholidays.com\\\/ro\\\/#website\"},\"primaryImageOfPage\":{\"@id\":\"https:\\\/\\\/www.checkedholidays.com\\\/ro\\\/about-checkedholidays\\\/#primaryimage\"},\"image\":{\"@id\":\"https:\\\/\\\/www.checkedholidays.com\\\/ro\\\/about-checkedholidays\\\/#primaryimage\"},\"thumbnailUrl\":\"https:\\\/\\\/i0.wp.com\\\/www.checkedholidays.com\\\/wp-content\\\/uploads\\\/2022\\\/06\\\/Website-growth.png?fit=1874%2C452&ssl=1\",\"datePublished\":\"2022-11-11T18:18:52+00:00\",\"dateModified\":\"2023-12-02T12:36:20+00:00\",\"breadcrumb\":{\"@id\":\"https:\\\/\\\/www.checkedholidays.com\\\/ro\\\/about-checkedholidays\\\/#breadcrumb\"},\"inLanguage\":\"ro-RO\",\"potentialAction\":[{\"@type\":\"ReadAction\",\"target\":[\"https:\\\/\\\/www.checkedholidays.com\\\/ro\\\/about-checkedholidays\\\/\"]}]},{\"@type\":\"ImageObject\",\"inLanguage\":\"ro-RO\",\"@id\":\"https:\\\/\\\/www.checkedholidays.com\\\/ro\\\/about-checkedholidays\\\/#primaryimage\",\"url\":\"https:\\\/\\\/i0.wp.com\\\/www.checkedholidays.com\\\/wp-content\\\/uploads\\\/2022\\\/06\\\/Website-growth.png?fit=1874%2C452&ssl=1\",\"contentUrl\":\"https:\\\/\\\/i0.wp.com\\\/www.checkedholidays.com\\\/wp-content\\\/uploads\\\/2022\\\/06\\\/Website-growth.png?fit=1874%2C452&ssl=1\",\"width\":1874,\"height\":452},{\"@type\":\"BreadcrumbList\",\"@id\":\"https:\\\/\\\/www.checkedholidays.com\\\/ro\\\/about-checkedholidays\\\/#breadcrumb\",\"itemListElement\":[{\"@type\":\"ListItem\",\"position\":1,\"name\":\"Home\",\"item\":\"https:\\\/\\\/www.checkedholidays.com\\\/ro\\\/\"},{\"@type\":\"ListItem\",\"position\":2,\"name\":\"Despre CheckedHolidays\"}]},{\"@type\":\"WebSite\",\"@id\":\"https:\\\/\\\/www.checkedholidays.com\\\/ro\\\/#website\",\"url\":\"https:\\\/\\\/www.checkedholidays.com\\\/ro\\\/\",\"name\":\"CheckedHolidays\",\"description\":\"Spanish island holidays... but better!\",\"potentialAction\":[{\"@type\":\"SearchAction\",\"target\":{\"@type\":\"EntryPoint\",\"urlTemplate\":\"https:\\\/\\\/www.checkedholidays.com\\\/ro\\\/?s={search_term_string}\"},\"query-input\":{\"@type\":\"PropertyValueSpecification\",\"valueRequired\":true,\"valueName\":\"search_term_string\"}}],\"inLanguage\":\"ro-RO\"}]}<\/script>\n<!-- \/ Yoast SEO plugin. -->","yoast_head_json":{"title":"Despre CheckedHolidays","robots":{"index":"index","follow":"follow","max-snippet":"max-snippet:-1","max-image-preview":"max-image-preview:large","max-video-preview":"max-video-preview:-1"},"canonical":"https:\/\/www.checkedholidays.com\/ro\/about-checkedholidays\/","og_locale":"ro_RO","og_type":"article","og_title":"Despre CheckedHolidays","og_description":"CheckedHolidays a fost fondat\u0103 \u00een 2012, dup\u0103 ce a observat o mul\u021bime de dezinform\u0103ri pe internet despre vacan\u021bele \u00een insulele spaniole. Aceast\u0103 dezinformare a avut un impact negativ asupra vacan\u021belor oamenilor, a\u0219a c\u0103 am realizat un videoclip pe YouTube pentru a corecta aceast\u0103 dezinformare. Dup\u0103 ce a fost preluat \u0219i prezentat \u00een Express, a ajuns [&hellip;]","og_url":"https:\/\/www.checkedholidays.com\/ro\/about-checkedholidays\/","og_site_name":"CheckedHolidays","article_publisher":"http:\/\/www.facebook.com\/checkedholidays","article_modified_time":"2023-12-02T12:36:20+00:00","og_image":[{"width":1874,"height":452,"url":"https:\/\/i0.wp.com\/www.checkedholidays.com\/wp-content\/uploads\/2022\/06\/Website-growth.png?fit=1874%2C452&ssl=1","type":"image\/png"}],"twitter_card":"summary_large_image","twitter_site":"@checkedholidays","twitter_misc":{"Timp estimat pentru citire":"2 minute"},"schema":{"@context":"https:\/\/schema.org","@graph":[{"@type":"WebPage","@id":"https:\/\/www.checkedholidays.com\/ro\/about-checkedholidays\/","url":"https:\/\/www.checkedholidays.com\/ro\/about-checkedholidays\/","name":"Despre CheckedHolidays","isPartOf":{"@id":"https:\/\/www.checkedholidays.com\/ro\/#website"},"primaryImageOfPage":{"@id":"https:\/\/www.checkedholidays.com\/ro\/about-checkedholidays\/#primaryimage"},"image":{"@id":"https:\/\/www.checkedholidays.com\/ro\/about-checkedholidays\/#primaryimage"},"thumbnailUrl":"https:\/\/i0.wp.com\/www.checkedholidays.com\/wp-content\/uploads\/2022\/06\/Website-growth.png?fit=1874%2C452&ssl=1","datePublished":"2022-11-11T18:18:52+00:00","dateModified":"2023-12-02T12:36:20+00:00","breadcrumb":{"@id":"https:\/\/www.checkedholidays.com\/ro\/about-checkedholidays\/#breadcrumb"},"inLanguage":"ro-RO","potentialAction":[{"@type":"ReadAction","target":["https:\/\/www.checkedholidays.com\/ro\/about-checkedholidays\/"]}]},{"@type":"ImageObject","inLanguage":"ro-RO","@id":"https:\/\/www.checkedholidays.com\/ro\/about-checkedholidays\/#primaryimage","url":"https:\/\/i0.wp.com\/www.checkedholidays.com\/wp-content\/uploads\/2022\/06\/Website-growth.png?fit=1874%2C452&ssl=1","contentUrl":"https:\/\/i0.wp.com\/www.checkedholidays.com\/wp-content\/uploads\/2022\/06\/Website-growth.png?fit=1874%2C452&ssl=1","width":1874,"height":452},{"@type":"BreadcrumbList","@id":"https:\/\/www.checkedholidays.com\/ro\/about-checkedholidays\/#breadcrumb","itemListElement":[{"@type":"ListItem","position":1,"name":"Home","item":"https:\/\/www.checkedholidays.com\/ro\/"},{"@type":"ListItem","position":2,"name":"Despre CheckedHolidays"}]},{"@type":"WebSite","@id":"https:\/\/www.checkedholidays.com\/ro\/#website","url":"https:\/\/www.checkedholidays.com\/ro\/","name":"CheckedHolidays","description":"Spanish island holidays... but better!","potentialAction":[{"@type":"SearchAction","target":{"@type":"EntryPoint","urlTemplate":"https:\/\/www.checkedholidays.com\/ro\/?s={search_term_string}"},"query-input":{"@type":"PropertyValueSpecification","valueRequired":true,"valueName":"search_term_string"}}],"inLanguage":"ro-RO"}]}},"jetpack_sharing_enabled":true,"_links":{"self":[{"href":"https:\/\/www.checkedholidays.com\/ro\/wp-json\/wp\/v2\/pages\/32128","targetHints":{"allow":["GET"]}}],"collection":[{"href":"https:\/\/www.checkedholidays.com\/ro\/wp-json\/wp\/v2\/pages"}],"about":[{"href":"https:\/\/www.checkedholidays.com\/ro\/wp-json\/wp\/v2\/types\/page"}],"author":[{"embeddable":true,"href":"https:\/\/www.checkedholidays.com\/ro\/wp-json\/wp\/v2\/users\/1"}],"replies":[{"embeddable":true,"href":"https:\/\/www.checkedholidays.com\/ro\/wp-json\/wp\/v2\/comments?post=32128"}],"version-history":[{"count":3,"href":"https:\/\/www.checkedholidays.com\/ro\/wp-json\/wp\/v2\/pages\/32128\/revisions"}],"predecessor-version":[{"id":78416,"href":"https:\/\/www.checkedholidays.com\/ro\/wp-json\/wp\/v2\/pages\/32128\/revisions\/78416"}],"wp:featuredmedia":[{"embeddable":true,"href":"https:\/\/www.checkedholidays.com\/ro\/wp-json\/wp\/v2\/media\/29750"}],"wp:attachment":[{"href":"https:\/\/www.checkedholidays.com\/ro\/wp-json\/wp\/v2\/media?parent=32128"}],"curies":[{"name":"wp","href":"https:\/\/api.w.org\/{rel}","templated":true}]}}