{"id":24576,"date":"2022-09-05T14:28:14","date_gmt":"2022-09-05T14:28:14","guid":{"rendered":"https:\/\/www.checkedholidays.com\/home\/"},"modified":"2026-02-23T13:22:12","modified_gmt":"2026-02-23T13:22:12","slug":"home","status":"publish","type":"page","link":"https:\/\/www.checkedholidays.com\/pt-pt\/","title":{"rendered":"P\u00e1gina inicial"},"content":{"rendered":"\n<h2 class=\"wp-block-heading has-text-align-center\"><strong>Encontra as tuas f\u00e9rias ideais nas ilhas espanholas<\/strong><\/h2>\n\n<p class=\"wp-block-paragraph\">\u00d3timo durante todo o ano<\/p>\n\n<ul class=\"wp-block-list\">\n<li><strong><u><a href=\"https:\/\/www.checkedholidays.com\/pt-pt\/tag\/tenerife-pt-pt\/\" type=\"category\" id=\"59\">Tenerife<\/a><\/u><\/strong> &#8211; Ideal para fam\u00edlias que procuram variedade, atrac\u00e7\u00f5es e conveni\u00eancia.<\/li>\n\n\n\n<li><strong><u><a href=\"https:\/\/www.checkedholidays.com\/pt-pt\/tag\/gran-canaria-pt-pt\/\" type=\"category\" id=\"60\">Gran Canaria<\/a><\/u><\/strong> &#8211; Ideal para casais e adultos que procuram vida nocturna, restaurantes e compras.<\/li>\n\n\n\n<li><strong><u><a href=\"https:\/\/www.checkedholidays.com\/pt-pt\/tag\/lanzarote-pt-pt\/\" type=\"category\" id=\"61\">Lanzarote<\/a><\/u><\/strong> &#8211; A melhor op\u00e7\u00e3o para f\u00e9rias com tudo inclu\u00eddo e f\u00e9rias relaxantes.<\/li>\n\n\n\n<li><strong><u><a href=\"https:\/\/www.checkedholidays.com\/pt-pt\/tag\/fuerteventura-pt-pt\/\" type=\"category\" id=\"309\">Fuerteventura<\/a><\/u><\/strong> &#8211; Ideal para f\u00e9rias na praia com muito espa\u00e7o.<\/li>\n<\/ul>\n\n<p class=\"wp-block-paragraph\">Melhor de maio a outubro<\/p>\n\n<ul class=\"wp-block-list\">\n<li><strong><u><a href=\"https:\/\/www.checkedholidays.com\/pt-pt\/guide\/maiorca-pt-pt\/\" type=\"category\" id=\"57\">Maiorca<\/a><\/u><\/strong> &#8211; Ideal para fam\u00edlias e para quem procura variedade, quer praias, excurs\u00f5es e muita escolha.<\/li>\n\n\n\n<li><strong><u><a href=\"https:\/\/www.checkedholidays.com\/pt-pt\/tag\/menorca-pt-pt\/\" type=\"category\" id=\"91\">Menorca<\/a><\/u><\/strong> &#8211; Ideal para umas f\u00e9rias mais calmas, descontra\u00eddas e familiares, com um encanto aut\u00eantico.  <\/li>\n\n\n\n<li><strong><u><a href=\"https:\/\/www.checkedholidays.com\/pt-pt\/guide\/ibiza-pt-pt\/\" type=\"category\" id=\"633\">Ibiza<\/a><\/u><\/strong> &#8211; O melhor para adultos, casais, vida nocturna, clubes de praia e destinos de f\u00e9rias com estilo.<\/li>\n<\/ul>\n","protected":false},"excerpt":{"rendered":"<p>Encontra as tuas f\u00e9rias ideais nas ilhas espanholas \u00d3timo durante todo o ano Melhor de maio a outubro<\/p>\n","protected":false},"author":1,"featured_media":0,"parent":0,"menu_order":0,"comment_status":"closed","ping_status":"closed","template":"","meta":{"_crdt_document":"","footnotes":""},"class_list":["post-24576","page","type-page","status-publish","hentry"],"yoast_head":"<!-- This site is optimized with the Yoast SEO plugin v27.2 - https:\/\/yoast.com\/product\/yoast-seo-wordpress\/ -->\n<title>Encontra as tuas f\u00e9rias ideais nas ilhas espanholas<\/title>\n<meta name=\"description\" content=\"Descobre as tuas f\u00e9rias ideais nas ilhas espanholas, guiado por um especialista com mais de 20 anos de experi\u00eancia.\" \/>\n<meta name=\"robots\" content=\"index, follow, max-snippet:-1, max-image-preview:large, max-video-preview:-1\" \/>\n<link rel=\"canonical\" href=\"https:\/\/www.checkedholidays.com\/pt-pt\/\" \/>\n<meta property=\"og:locale\" content=\"pt_PT\" \/>\n<meta property=\"og:type\" content=\"article\" \/>\n<meta property=\"og:title\" content=\"Encontra as tuas f\u00e9rias ideais nas ilhas espanholas\" \/>\n<meta property=\"og:description\" content=\"Descobre as tuas f\u00e9rias ideais nas ilhas espanholas, guiado por um especialista com mais de 20 anos de experi\u00eancia.\" \/>\n<meta property=\"og:url\" content=\"https:\/\/www.checkedholidays.com\/pt-pt\/\" \/>\n<meta property=\"og:site_name\" content=\"CheckedHolidays\" \/>\n<meta property=\"article:publisher\" content=\"http:\/\/www.facebook.com\/checkedholidays\" \/>\n<meta property=\"article:modified_time\" content=\"2026-02-23T13:22:12+00:00\" \/>\n<meta name=\"twitter:card\" content=\"summary_large_image\" \/>\n<meta name=\"twitter:site\" content=\"@checkedholidays\" \/>\n<meta name=\"twitter:label1\" content=\"Tempo estimado de leitura\" \/>\n\t<meta name=\"twitter:data1\" content=\"1 minuto\" \/>\n<script type=\"application\/ld+json\" class=\"yoast-schema-graph\">{\"@context\":\"https:\/\/schema.org\",\"@graph\":[{\"@type\":\"WebPage\",\"@id\":\"https:\/\/www.checkedholidays.com\/pt-pt\/\",\"url\":\"https:\/\/www.checkedholidays.com\/pt-pt\/\",\"name\":\"Encontra as tuas f\u00e9rias ideais nas ilhas espanholas\",\"isPartOf\":{\"@id\":\"https:\/\/www.checkedholidays.com\/pt-pt\/#website\"},\"datePublished\":\"2022-09-05T14:28:14+00:00\",\"dateModified\":\"2026-02-23T13:22:12+00:00\",\"description\":\"Descobre as tuas f\u00e9rias ideais nas ilhas espanholas, guiado por um especialista com mais de 20 anos de experi\u00eancia.\",\"breadcrumb\":{\"@id\":\"https:\/\/www.checkedholidays.com\/pt-pt\/#breadcrumb\"},\"inLanguage\":\"pt-PT\",\"potentialAction\":[{\"@type\":\"ReadAction\",\"target\":[\"https:\/\/www.checkedholidays.com\/pt-pt\/\"]}]},{\"@type\":\"BreadcrumbList\",\"@id\":\"https:\/\/www.checkedholidays.com\/pt-pt\/#breadcrumb\",\"itemListElement\":[{\"@type\":\"ListItem\",\"position\":1,\"name\":\"Home\",\"item\":\"https:\/\/www.checkedholidays.com\/pt-pt\/\"},{\"@type\":\"ListItem\",\"position\":2,\"name\":\"P\u00e1gina inicial\"}]},{\"@type\":\"WebSite\",\"@id\":\"https:\/\/www.checkedholidays.com\/pt-pt\/#website\",\"url\":\"https:\/\/www.checkedholidays.com\/pt-pt\/\",\"name\":\"CheckedHolidays\",\"description\":\"Spanish island holidays... but better!\",\"potentialAction\":[{\"@type\":\"SearchAction\",\"target\":{\"@type\":\"EntryPoint\",\"urlTemplate\":\"https:\/\/www.checkedholidays.com\/pt-pt\/?s={search_term_string}\"},\"query-input\":{\"@type\":\"PropertyValueSpecification\",\"valueRequired\":true,\"valueName\":\"search_term_string\"}}],\"inLanguage\":\"pt-PT\"}]}<\/script>\n<!-- \/ Yoast SEO plugin. -->","yoast_head_json":{"title":"Encontra as tuas f\u00e9rias ideais nas ilhas espanholas","description":"Descobre as tuas f\u00e9rias ideais nas ilhas espanholas, guiado por um especialista com mais de 20 anos de experi\u00eancia.","robots":{"index":"index","follow":"follow","max-snippet":"max-snippet:-1","max-image-preview":"max-image-preview:large","max-video-preview":"max-video-preview:-1"},"canonical":"https:\/\/www.checkedholidays.com\/pt-pt\/","og_locale":"pt_PT","og_type":"article","og_title":"Encontra as tuas f\u00e9rias ideais nas ilhas espanholas","og_description":"Descobre as tuas f\u00e9rias ideais nas ilhas espanholas, guiado por um especialista com mais de 20 anos de experi\u00eancia.","og_url":"https:\/\/www.checkedholidays.com\/pt-pt\/","og_site_name":"CheckedHolidays","article_publisher":"http:\/\/www.facebook.com\/checkedholidays","article_modified_time":"2026-02-23T13:22:12+00:00","twitter_card":"summary_large_image","twitter_site":"@checkedholidays","twitter_misc":{"Tempo estimado de leitura":"1 minuto"},"schema":{"@context":"https:\/\/schema.org","@graph":[{"@type":"WebPage","@id":"https:\/\/www.checkedholidays.com\/pt-pt\/","url":"https:\/\/www.checkedholidays.com\/pt-pt\/","name":"Encontra as tuas f\u00e9rias ideais nas ilhas espanholas","isPartOf":{"@id":"https:\/\/www.checkedholidays.com\/pt-pt\/#website"},"datePublished":"2022-09-05T14:28:14+00:00","dateModified":"2026-02-23T13:22:12+00:00","description":"Descobre as tuas f\u00e9rias ideais nas ilhas espanholas, guiado por um especialista com mais de 20 anos de experi\u00eancia.","breadcrumb":{"@id":"https:\/\/www.checkedholidays.com\/pt-pt\/#breadcrumb"},"inLanguage":"pt-PT","potentialAction":[{"@type":"ReadAction","target":["https:\/\/www.checkedholidays.com\/pt-pt\/"]}]},{"@type":"BreadcrumbList","@id":"https:\/\/www.checkedholidays.com\/pt-pt\/#breadcrumb","itemListElement":[{"@type":"ListItem","position":1,"name":"Home","item":"https:\/\/www.checkedholidays.com\/pt-pt\/"},{"@type":"ListItem","position":2,"name":"P\u00e1gina inicial"}]},{"@type":"WebSite","@id":"https:\/\/www.checkedholidays.com\/pt-pt\/#website","url":"https:\/\/www.checkedholidays.com\/pt-pt\/","name":"CheckedHolidays","description":"Spanish island holidays... but better!","potentialAction":[{"@type":"SearchAction","target":{"@type":"EntryPoint","urlTemplate":"https:\/\/www.checkedholidays.com\/pt-pt\/?s={search_term_string}"},"query-input":{"@type":"PropertyValueSpecification","valueRequired":true,"valueName":"search_term_string"}}],"inLanguage":"pt-PT"}]}},"jetpack_sharing_enabled":true,"_links":{"self":[{"href":"https:\/\/www.checkedholidays.com\/pt-pt\/wp-json\/wp\/v2\/pages\/24576","targetHints":{"allow":["GET"]}}],"collection":[{"href":"https:\/\/www.checkedholidays.com\/pt-pt\/wp-json\/wp\/v2\/pages"}],"about":[{"href":"https:\/\/www.checkedholidays.com\/pt-pt\/wp-json\/wp\/v2\/types\/page"}],"author":[{"embeddable":true,"href":"https:\/\/www.checkedholidays.com\/pt-pt\/wp-json\/wp\/v2\/users\/1"}],"replies":[{"embeddable":true,"href":"https:\/\/www.checkedholidays.com\/pt-pt\/wp-json\/wp\/v2\/comments?post=24576"}],"version-history":[{"count":5,"href":"https:\/\/www.checkedholidays.com\/pt-pt\/wp-json\/wp\/v2\/pages\/24576\/revisions"}],"predecessor-version":[{"id":113859,"href":"https:\/\/www.checkedholidays.com\/pt-pt\/wp-json\/wp\/v2\/pages\/24576\/revisions\/113859"}],"wp:attachment":[{"href":"https:\/\/www.checkedholidays.com\/pt-pt\/wp-json\/wp\/v2\/media?parent=24576"}],"curies":[{"name":"wp","href":"https:\/\/api.w.org\/{rel}","templated":true}]}}