{"id":24502,"date":"2022-09-05T12:43:29","date_gmt":"2022-09-05T12:43:29","guid":{"rendered":"https:\/\/www.checkedholidays.com\/cookie-policy\/"},"modified":"2025-03-17T10:02:17","modified_gmt":"2025-03-17T10:02:17","slug":"cookie-policy","status":"publish","type":"page","link":"https:\/\/www.checkedholidays.com\/pt-pt\/cookie-policy\/","title":{"rendered":"Pol\u00edtica de Cookies"},"content":{"rendered":"\n<h2 class=\"wp-block-heading\">O que s\u00e3o Cookies?<\/h2>\n\n<p class=\"wp-block-paragraph\">Esta Pol\u00edtica de Cookies explica o que s\u00e3o cookies e como os utilizamos, os tipos de cookies que utilizamos, ou seja, as informa\u00e7\u00f5es que recolhemos atrav\u00e9s dos cookies e como essas informa\u00e7\u00f5es s\u00e3o utilizadas, e como gerir as defini\u00e7\u00f5es dos cookies.<\/p>\n\n<p class=\"wp-block-paragraph\">Os cookies s\u00e3o pequenos ficheiros de texto que s\u00e3o utilizados para armazenar pequenas pe\u00e7as de informa\u00e7\u00e3o. S\u00e3o armazenados no seu dispositivo quando o website \u00e9 carregado no seu browser. Estes cookies ajudam-nos a fazer o website funcionar correctamente, torn\u00e1-lo mais seguro, proporcionar uma melhor experi\u00eancia ao utilizador, e compreender como o website funciona e analisar o que funciona e onde precisa de ser melhorado.<\/p>\n\n<h2 class=\"wp-block-heading\">Como \u00e9 que utilizamos os cookies?<\/h2>\n\n<p class=\"wp-block-paragraph\">Como a maioria dos servi\u00e7os online, o nosso website utiliza cookies de primeira m\u00e3o e de terceiros para diversos fins. Os cookies de primeira m\u00e3o s\u00e3o sobretudo necess\u00e1rios para que o website funcione da forma correcta, e n\u00e3o recolhem nenhum dos seus dados pessoais identific\u00e1veis.<\/p>\n\n<p class=\"wp-block-paragraph\">Os cookies de terceiros utilizados no nosso website servem principalmente para compreender o modo como o website funciona, como interage com o nosso website, mantendo os nossos servi\u00e7os seguros, fornecendo an\u00fancios que s\u00e3o relevantes para si, e em suma, proporcionando-lhe uma melhor e melhor experi\u00eancia de utilizador e ajudando a acelerar as suas futuras interac\u00e7\u00f5es com o nosso website.<\/p>\n\n<h2 class=\"wp-block-heading\">Tipos de cookies que utilizamos<\/h2>\n\n<style>\n    a.cky-banner-element {\n        padding: 8px 30px;\n        background: #F8F9FA;\n        color: #858A8F;\n        border: 1px solid #DEE2E6;\n        box-sizing: border-box;\n        border-radius: 2px;\n        cursor: pointer;\n}\n<\/style>\n\n    <div class=\"cky-audit-table-element\"><\/div>\n\n<h2 class=\"wp-block-heading\">Gerir as prefer\u00eancias de cookies<\/h2>\n\n<a class=\"cky-banner-element\">Defini\u00e7\u00f5es de cookies<\/a> <br\/>\n<p>\n<\/p>\n<p class=\"wp-block-paragraph\">Podes alterar as tuas prefer\u00eancias de cookies em qualquer altura, clicando no bot\u00e3o acima. Isto permitir-te-\u00e1 voltar a visitar a faixa de consentimento de cookies e alterar as tuas prefer\u00eancias ou retirar o teu consentimento imediatamente.   <\/p>\n\n<p class=\"wp-block-paragraph\">Al\u00e9m disso, diferentes navegadores fornecem diferentes m\u00e9todos para bloquear e eliminar cookies utilizados pelos s\u00edtios web. Podes alterar as defini\u00e7\u00f5es do teu browser para bloquear\/eliminar os cookies.  <\/p>\n","protected":false},"excerpt":{"rendered":"<p>O que s\u00e3o Cookies? Esta Pol\u00edtica de Cookies explica o que s\u00e3o cookies e como os utilizamos, os tipos de cookies que utilizamos, ou seja, as informa\u00e7\u00f5es que recolhemos atrav\u00e9s dos cookies e como essas informa\u00e7\u00f5es s\u00e3o utilizadas, e como gerir as defini\u00e7\u00f5es dos cookies. Os cookies s\u00e3o pequenos ficheiros de texto que s\u00e3o utilizados [&hellip;]<\/p>\n","protected":false},"author":1,"featured_media":0,"parent":0,"menu_order":0,"comment_status":"closed","ping_status":"closed","template":"","meta":{"_crdt_document":"","footnotes":""},"class_list":["post-24502","page","type-page","status-publish","hentry"],"yoast_head":"<!-- This site is optimized with the Yoast SEO plugin v27.6 - https:\/\/yoast.com\/product\/yoast-seo-wordpress\/ -->\n<title>Pol\u00edtica de Cookies<\/title>\n<meta name=\"robots\" content=\"index, follow, max-snippet:-1, max-image-preview:large, max-video-preview:-1\" \/>\n<link rel=\"canonical\" href=\"https:\/\/www.checkedholidays.com\/pt-pt\/cookie-policy\/\" \/>\n<meta property=\"og:locale\" content=\"pt_PT\" \/>\n<meta property=\"og:type\" content=\"article\" \/>\n<meta property=\"og:title\" content=\"Pol\u00edtica de Cookies\" \/>\n<meta property=\"og:description\" content=\"O que s\u00e3o Cookies? Esta Pol\u00edtica de Cookies explica o que s\u00e3o cookies e como os utilizamos, os tipos de cookies que utilizamos, ou seja, as informa\u00e7\u00f5es que recolhemos atrav\u00e9s dos cookies e como essas informa\u00e7\u00f5es s\u00e3o utilizadas, e como gerir as defini\u00e7\u00f5es dos cookies. Os cookies s\u00e3o pequenos ficheiros de texto que s\u00e3o utilizados [&hellip;]\" \/>\n<meta property=\"og:url\" content=\"https:\/\/www.checkedholidays.com\/pt-pt\/cookie-policy\/\" \/>\n<meta property=\"og:site_name\" content=\"CheckedHolidays\" \/>\n<meta property=\"article:publisher\" content=\"http:\/\/www.facebook.com\/checkedholidays\" \/>\n<meta property=\"article:modified_time\" content=\"2025-03-17T10:02:17+00:00\" \/>\n<meta name=\"twitter:card\" content=\"summary_large_image\" \/>\n<meta name=\"twitter:site\" content=\"@checkedholidays\" \/>\n<meta name=\"twitter:label1\" content=\"Tempo estimado de leitura\" \/>\n\t<meta name=\"twitter:data1\" content=\"2 minutos\" \/>\n<script type=\"application\/ld+json\" class=\"yoast-schema-graph\">{\"@context\":\"https:\\\/\\\/schema.org\",\"@graph\":[{\"@type\":\"WebPage\",\"@id\":\"https:\\\/\\\/www.checkedholidays.com\\\/pt-pt\\\/cookie-policy\\\/\",\"url\":\"https:\\\/\\\/www.checkedholidays.com\\\/pt-pt\\\/cookie-policy\\\/\",\"name\":\"Pol\u00edtica de Cookies\",\"isPartOf\":{\"@id\":\"https:\\\/\\\/www.checkedholidays.com\\\/pt-pt\\\/#website\"},\"datePublished\":\"2022-09-05T12:43:29+00:00\",\"dateModified\":\"2025-03-17T10:02:17+00:00\",\"breadcrumb\":{\"@id\":\"https:\\\/\\\/www.checkedholidays.com\\\/pt-pt\\\/cookie-policy\\\/#breadcrumb\"},\"inLanguage\":\"pt-PT\",\"potentialAction\":[{\"@type\":\"ReadAction\",\"target\":[\"https:\\\/\\\/www.checkedholidays.com\\\/pt-pt\\\/cookie-policy\\\/\"]}]},{\"@type\":\"BreadcrumbList\",\"@id\":\"https:\\\/\\\/www.checkedholidays.com\\\/pt-pt\\\/cookie-policy\\\/#breadcrumb\",\"itemListElement\":[{\"@type\":\"ListItem\",\"position\":1,\"name\":\"Home\",\"item\":\"https:\\\/\\\/www.checkedholidays.com\\\/pt-pt\\\/\"},{\"@type\":\"ListItem\",\"position\":2,\"name\":\"Pol\u00edtica de Cookies\"}]},{\"@type\":\"WebSite\",\"@id\":\"https:\\\/\\\/www.checkedholidays.com\\\/pt-pt\\\/#website\",\"url\":\"https:\\\/\\\/www.checkedholidays.com\\\/pt-pt\\\/\",\"name\":\"CheckedHolidays\",\"description\":\"Spanish island holidays... but better!\",\"potentialAction\":[{\"@type\":\"SearchAction\",\"target\":{\"@type\":\"EntryPoint\",\"urlTemplate\":\"https:\\\/\\\/www.checkedholidays.com\\\/pt-pt\\\/?s={search_term_string}\"},\"query-input\":{\"@type\":\"PropertyValueSpecification\",\"valueRequired\":true,\"valueName\":\"search_term_string\"}}],\"inLanguage\":\"pt-PT\"}]}<\/script>\n<!-- \/ Yoast SEO plugin. -->","yoast_head_json":{"title":"Pol\u00edtica de Cookies","robots":{"index":"index","follow":"follow","max-snippet":"max-snippet:-1","max-image-preview":"max-image-preview:large","max-video-preview":"max-video-preview:-1"},"canonical":"https:\/\/www.checkedholidays.com\/pt-pt\/cookie-policy\/","og_locale":"pt_PT","og_type":"article","og_title":"Pol\u00edtica de Cookies","og_description":"O que s\u00e3o Cookies? Esta Pol\u00edtica de Cookies explica o que s\u00e3o cookies e como os utilizamos, os tipos de cookies que utilizamos, ou seja, as informa\u00e7\u00f5es que recolhemos atrav\u00e9s dos cookies e como essas informa\u00e7\u00f5es s\u00e3o utilizadas, e como gerir as defini\u00e7\u00f5es dos cookies. Os cookies s\u00e3o pequenos ficheiros de texto que s\u00e3o utilizados [&hellip;]","og_url":"https:\/\/www.checkedholidays.com\/pt-pt\/cookie-policy\/","og_site_name":"CheckedHolidays","article_publisher":"http:\/\/www.facebook.com\/checkedholidays","article_modified_time":"2025-03-17T10:02:17+00:00","twitter_card":"summary_large_image","twitter_site":"@checkedholidays","twitter_misc":{"Tempo estimado de leitura":"2 minutos"},"schema":{"@context":"https:\/\/schema.org","@graph":[{"@type":"WebPage","@id":"https:\/\/www.checkedholidays.com\/pt-pt\/cookie-policy\/","url":"https:\/\/www.checkedholidays.com\/pt-pt\/cookie-policy\/","name":"Pol\u00edtica de Cookies","isPartOf":{"@id":"https:\/\/www.checkedholidays.com\/pt-pt\/#website"},"datePublished":"2022-09-05T12:43:29+00:00","dateModified":"2025-03-17T10:02:17+00:00","breadcrumb":{"@id":"https:\/\/www.checkedholidays.com\/pt-pt\/cookie-policy\/#breadcrumb"},"inLanguage":"pt-PT","potentialAction":[{"@type":"ReadAction","target":["https:\/\/www.checkedholidays.com\/pt-pt\/cookie-policy\/"]}]},{"@type":"BreadcrumbList","@id":"https:\/\/www.checkedholidays.com\/pt-pt\/cookie-policy\/#breadcrumb","itemListElement":[{"@type":"ListItem","position":1,"name":"Home","item":"https:\/\/www.checkedholidays.com\/pt-pt\/"},{"@type":"ListItem","position":2,"name":"Pol\u00edtica de Cookies"}]},{"@type":"WebSite","@id":"https:\/\/www.checkedholidays.com\/pt-pt\/#website","url":"https:\/\/www.checkedholidays.com\/pt-pt\/","name":"CheckedHolidays","description":"Spanish island holidays... but better!","potentialAction":[{"@type":"SearchAction","target":{"@type":"EntryPoint","urlTemplate":"https:\/\/www.checkedholidays.com\/pt-pt\/?s={search_term_string}"},"query-input":{"@type":"PropertyValueSpecification","valueRequired":true,"valueName":"search_term_string"}}],"inLanguage":"pt-PT"}]}},"jetpack_sharing_enabled":true,"_links":{"self":[{"href":"https:\/\/www.checkedholidays.com\/pt-pt\/wp-json\/wp\/v2\/pages\/24502","targetHints":{"allow":["GET"]}}],"collection":[{"href":"https:\/\/www.checkedholidays.com\/pt-pt\/wp-json\/wp\/v2\/pages"}],"about":[{"href":"https:\/\/www.checkedholidays.com\/pt-pt\/wp-json\/wp\/v2\/types\/page"}],"author":[{"embeddable":true,"href":"https:\/\/www.checkedholidays.com\/pt-pt\/wp-json\/wp\/v2\/users\/1"}],"replies":[{"embeddable":true,"href":"https:\/\/www.checkedholidays.com\/pt-pt\/wp-json\/wp\/v2\/comments?post=24502"}],"version-history":[{"count":2,"href":"https:\/\/www.checkedholidays.com\/pt-pt\/wp-json\/wp\/v2\/pages\/24502\/revisions"}],"predecessor-version":[{"id":103246,"href":"https:\/\/www.checkedholidays.com\/pt-pt\/wp-json\/wp\/v2\/pages\/24502\/revisions\/103246"}],"wp:attachment":[{"href":"https:\/\/www.checkedholidays.com\/pt-pt\/wp-json\/wp\/v2\/media?parent=24502"}],"curies":[{"name":"wp","href":"https:\/\/api.w.org\/{rel}","templated":true}]}}