{"id":24484,"date":"2022-09-05T12:38:45","date_gmt":"2022-09-05T12:38:45","guid":{"rendered":"https:\/\/www.checkedholidays.com\/about-checkedholidays\/"},"modified":"2023-12-02T12:35:57","modified_gmt":"2023-12-02T12:35:57","slug":"about-checkedholidays","status":"publish","type":"page","link":"https:\/\/www.checkedholidays.com\/pt-pt\/about-checkedholidays\/","title":{"rendered":"Sobre CheckedHolidays"},"content":{"rendered":"\n<p class=\"wp-block-paragraph\">A CheckedHolidays foi fundada em 2012, depois de teres reparado que havia muita desinforma\u00e7\u00e3o na Internet sobre f\u00e9rias nas ilhas espanholas. Esta informa\u00e7\u00e3o incorrecta teve um impacto negativo nas f\u00e9rias das pessoas, pelo que cri\u00e1mos um v\u00eddeo no YouTube para corrigir esta informa\u00e7\u00e3o incorrecta. Ap\u00f3s ter sido recolhido e apresentado no Express, atingiu mais de 100 000 espectadores. A partir da\u00ed, fic\u00e1mos inspirados para fazer mais!<\/p>\n\n<p class=\"has-text-align-center has-large-font-size wp-block-paragraph\"><strong>Contacto<\/strong><\/p>\n\n<p class=\"has-text-align-center has-large-font-size wp-block-paragraph\"><strong>info(at)CheckedHolidays.com<\/strong><\/p>\n\n<h2 class=\"wp-block-heading\">S\u00edtio Web<\/h2>\n\n<p class=\"wp-block-paragraph\">2019 foi o primeiro ano completo do s\u00edtio Web, que atingiu cerca de 1 000 leitores por m\u00eas. Agora, em 2022, h\u00e1 mais de 30.000 leitores \u00fanicos de l\u00edngua inglesa por m\u00eas.  <\/p>\n\n<p class=\"wp-block-paragraph\">Desde agosto de 2022, o s\u00edtio Web est\u00e1 dispon\u00edvel em todas as principais l\u00ednguas europeias, aumentando ainda mais rapidamente o n\u00famero de leitores.<\/p>\n\n<p class=\"wp-block-paragraph\">O objetivo para este s\u00edtio Web em 2023 \u00e9 ajudar mais de <strong>\n  <span style=\"text-decoration: underline;\">MEIO MILH\u00c3O<\/span>\n<\/strong> pessoas a terem f\u00e9rias melhores!<\/p>\n\n<figure class=\"wp-block-image size-large\"><img data-recalc-dims=\"1\" loading=\"lazy\" decoding=\"async\" width=\"1024\" height=\"233\" src=\"https:\/\/i0.wp.com\/www.checkedholidays.com\/wp-content\/uploads\/2023\/01\/Screenshot-2023-01-28-at-20.09.55.png?resize=1024%2C233&#038;ssl=1\" alt=\"\" class=\"wp-image-37413\" srcset=\"https:\/\/i0.wp.com\/www.checkedholidays.com\/wp-content\/uploads\/2023\/01\/Screenshot-2023-01-28-at-20.09.55.png?resize=1024%2C233&amp;ssl=1 1024w, https:\/\/i0.wp.com\/www.checkedholidays.com\/wp-content\/uploads\/2023\/01\/Screenshot-2023-01-28-at-20.09.55.png?resize=300%2C68&amp;ssl=1 300w, https:\/\/i0.wp.com\/www.checkedholidays.com\/wp-content\/uploads\/2023\/01\/Screenshot-2023-01-28-at-20.09.55.png?resize=768%2C175&amp;ssl=1 768w, https:\/\/i0.wp.com\/www.checkedholidays.com\/wp-content\/uploads\/2023\/01\/Screenshot-2023-01-28-at-20.09.55.png?resize=1536%2C350&amp;ssl=1 1536w, https:\/\/i0.wp.com\/www.checkedholidays.com\/wp-content\/uploads\/2023\/01\/Screenshot-2023-01-28-at-20.09.55.png?resize=1920%2C437&amp;ssl=1 1920w, https:\/\/i0.wp.com\/www.checkedholidays.com\/wp-content\/uploads\/2023\/01\/Screenshot-2023-01-28-at-20.09.55.png?resize=600%2C137&amp;ssl=1 600w, https:\/\/i0.wp.com\/www.checkedholidays.com\/wp-content\/uploads\/2023\/01\/Screenshot-2023-01-28-at-20.09.55.png?resize=800%2C182&amp;ssl=1 800w, https:\/\/i0.wp.com\/www.checkedholidays.com\/wp-content\/uploads\/2023\/01\/Screenshot-2023-01-28-at-20.09.55.png?w=1968&amp;ssl=1 1968w\" sizes=\"auto, (max-width: 1024px) 100vw, 1024px\" \/><\/figure>\n\n<h2 class=\"wp-block-heading\">YouTube<\/h2>\n\n<p class=\"wp-block-paragraph\">O canal <a href=\"http:\/\/youtube.com\/checkedholidays\">YouTube<\/a> come\u00e7ou em 2012, mas s\u00f3 recebeu mais v\u00eddeos em 2015 e ainda mais em 2018. Depois de um enorme decl\u00ednio nas visualiza\u00e7\u00f5es em 2020 devido \u00e0s restri\u00e7\u00f5es de viagem, atinge atualmente mais de 125 000 espectadores por m\u00eas e est\u00e1 a crescer.<\/p>\n\n<figure class=\"wp-block-image size-large\"><img data-recalc-dims=\"1\" loading=\"lazy\" decoding=\"async\" width=\"1024\" height=\"230\" src=\"https:\/\/i0.wp.com\/www.checkedholidays.com\/wp-content\/uploads\/2023\/01\/Screenshot-2023-01-28-at-20.14.02.png?resize=1024%2C230&#038;ssl=1\" alt=\"\" class=\"wp-image-37429\" srcset=\"https:\/\/i0.wp.com\/www.checkedholidays.com\/wp-content\/uploads\/2023\/01\/Screenshot-2023-01-28-at-20.14.02.png?resize=1024%2C230&amp;ssl=1 1024w, https:\/\/i0.wp.com\/www.checkedholidays.com\/wp-content\/uploads\/2023\/01\/Screenshot-2023-01-28-at-20.14.02.png?resize=300%2C67&amp;ssl=1 300w, https:\/\/i0.wp.com\/www.checkedholidays.com\/wp-content\/uploads\/2023\/01\/Screenshot-2023-01-28-at-20.14.02.png?resize=768%2C172&amp;ssl=1 768w, https:\/\/i0.wp.com\/www.checkedholidays.com\/wp-content\/uploads\/2023\/01\/Screenshot-2023-01-28-at-20.14.02.png?resize=1536%2C345&amp;ssl=1 1536w, https:\/\/i0.wp.com\/www.checkedholidays.com\/wp-content\/uploads\/2023\/01\/Screenshot-2023-01-28-at-20.14.02.png?resize=2048%2C460&amp;ssl=1 2048w, https:\/\/i0.wp.com\/www.checkedholidays.com\/wp-content\/uploads\/2023\/01\/Screenshot-2023-01-28-at-20.14.02.png?resize=1920%2C431&amp;ssl=1 1920w, https:\/\/i0.wp.com\/www.checkedholidays.com\/wp-content\/uploads\/2023\/01\/Screenshot-2023-01-28-at-20.14.02.png?resize=600%2C135&amp;ssl=1 600w, https:\/\/i0.wp.com\/www.checkedholidays.com\/wp-content\/uploads\/2023\/01\/Screenshot-2023-01-28-at-20.14.02.png?resize=800%2C180&amp;ssl=1 800w, https:\/\/i0.wp.com\/www.checkedholidays.com\/wp-content\/uploads\/2023\/01\/Screenshot-2023-01-28-at-20.14.02.png?w=2388&amp;ssl=1 2388w\" sizes=\"auto, (max-width: 1024px) 100vw, 1024px\" \/><\/figure>\n\n<h2 class=\"wp-block-heading\">Colabora\u00e7\u00f5es e publicidade<\/h2>\n\n<p class=\"wp-block-paragraph\">No CheckedHolidays.com, falamos sobre o bom e o mau dos destinos de f\u00e9rias para te dar os melhores conselhos de f\u00e9rias. \u00c9 uma das raz\u00f5es pelas quais o nosso site \u00e9<strong> confiado e amado por um p\u00fablico leitor cada vez mais numeroso<\/strong>. Para continuar a oferecer conselhos de f\u00e9rias de alta qualidade e independentes, n\u00e3o fazemos promo\u00e7\u00f5es pagas por produtos ou servi\u00e7os em que n\u00e3o acreditamos. No entanto, se considerares que o teu hotel, est\u00e2ncia, atra\u00e7\u00e3o, excurs\u00e3o ou servi\u00e7o n\u00e3o foi mencionado e quiseres que o incluamos gratuitamente no s\u00edtio Web. Entra em contacto connosco e, ap\u00f3s uma an\u00e1lise presencial, poder\u00e1s ser inclu\u00eddo.<\/p>\n\n<p class=\"has-text-align-center has-large-font-size wp-block-paragraph\"><strong>Contacto<\/strong><\/p>\n\n<p class=\"has-text-align-center has-large-font-size wp-block-paragraph\"><strong>info(at)CheckedHolidays.com<\/strong><\/p>\n","protected":false},"excerpt":{"rendered":"<p>A CheckedHolidays foi fundada em 2012, depois de teres reparado que havia muita desinforma\u00e7\u00e3o na Internet sobre f\u00e9rias nas ilhas espanholas. Esta informa\u00e7\u00e3o incorrecta teve um impacto negativo nas f\u00e9rias das pessoas, pelo que cri\u00e1mos um v\u00eddeo no YouTube para corrigir esta informa\u00e7\u00e3o incorrecta. Ap\u00f3s ter sido recolhido e apresentado no Express, atingiu mais de [&hellip;]<\/p>\n","protected":false},"author":1,"featured_media":24080,"parent":0,"menu_order":0,"comment_status":"closed","ping_status":"closed","template":"","meta":{"_crdt_document":"","footnotes":""},"class_list":["post-24484","page","type-page","status-publish","has-post-thumbnail","hentry"],"yoast_head":"<!-- This site is optimized with the Yoast SEO plugin v27.2 - https:\/\/yoast.com\/product\/yoast-seo-wordpress\/ -->\n<title>Sobre CheckedHolidays<\/title>\n<meta name=\"robots\" content=\"index, follow, max-snippet:-1, max-image-preview:large, max-video-preview:-1\" \/>\n<link rel=\"canonical\" href=\"https:\/\/www.checkedholidays.com\/pt-pt\/about-checkedholidays\/\" \/>\n<meta property=\"og:locale\" content=\"pt_PT\" \/>\n<meta property=\"og:type\" content=\"article\" \/>\n<meta property=\"og:title\" content=\"Sobre CheckedHolidays\" \/>\n<meta property=\"og:description\" content=\"A CheckedHolidays foi fundada em 2012, depois de teres reparado que havia muita desinforma\u00e7\u00e3o na Internet sobre f\u00e9rias nas ilhas espanholas. Esta informa\u00e7\u00e3o incorrecta teve um impacto negativo nas f\u00e9rias das pessoas, pelo que cri\u00e1mos um v\u00eddeo no YouTube para corrigir esta informa\u00e7\u00e3o incorrecta. Ap\u00f3s ter sido recolhido e apresentado no Express, atingiu mais de [&hellip;]\" \/>\n<meta property=\"og:url\" content=\"https:\/\/www.checkedholidays.com\/pt-pt\/about-checkedholidays\/\" \/>\n<meta property=\"og:site_name\" content=\"CheckedHolidays\" \/>\n<meta property=\"article:publisher\" content=\"http:\/\/www.facebook.com\/checkedholidays\" \/>\n<meta property=\"article:modified_time\" content=\"2023-12-02T12:35:57+00:00\" \/>\n<meta property=\"og:image\" content=\"https:\/\/i0.wp.com\/www.checkedholidays.com\/wp-content\/uploads\/2022\/06\/Website-growth.png?fit=1874%2C452&ssl=1\" \/>\n\t<meta property=\"og:image:width\" content=\"1874\" \/>\n\t<meta property=\"og:image:height\" content=\"452\" \/>\n\t<meta property=\"og:image:type\" content=\"image\/png\" \/>\n<meta name=\"twitter:card\" content=\"summary_large_image\" \/>\n<meta name=\"twitter:site\" content=\"@checkedholidays\" \/>\n<meta name=\"twitter:label1\" content=\"Tempo estimado de leitura\" \/>\n\t<meta name=\"twitter:data1\" content=\"2 minutos\" \/>\n<script type=\"application\/ld+json\" class=\"yoast-schema-graph\">{\"@context\":\"https:\/\/schema.org\",\"@graph\":[{\"@type\":\"WebPage\",\"@id\":\"https:\/\/www.checkedholidays.com\/pt-pt\/about-checkedholidays\/\",\"url\":\"https:\/\/www.checkedholidays.com\/pt-pt\/about-checkedholidays\/\",\"name\":\"Sobre CheckedHolidays\",\"isPartOf\":{\"@id\":\"https:\/\/www.checkedholidays.com\/pt-pt\/#website\"},\"primaryImageOfPage\":{\"@id\":\"https:\/\/www.checkedholidays.com\/pt-pt\/about-checkedholidays\/#primaryimage\"},\"image\":{\"@id\":\"https:\/\/www.checkedholidays.com\/pt-pt\/about-checkedholidays\/#primaryimage\"},\"thumbnailUrl\":\"https:\/\/i0.wp.com\/www.checkedholidays.com\/wp-content\/uploads\/2022\/06\/Website-growth.png?fit=1874%2C452&ssl=1\",\"datePublished\":\"2022-09-05T12:38:45+00:00\",\"dateModified\":\"2023-12-02T12:35:57+00:00\",\"breadcrumb\":{\"@id\":\"https:\/\/www.checkedholidays.com\/pt-pt\/about-checkedholidays\/#breadcrumb\"},\"inLanguage\":\"pt-PT\",\"potentialAction\":[{\"@type\":\"ReadAction\",\"target\":[\"https:\/\/www.checkedholidays.com\/pt-pt\/about-checkedholidays\/\"]}]},{\"@type\":\"ImageObject\",\"inLanguage\":\"pt-PT\",\"@id\":\"https:\/\/www.checkedholidays.com\/pt-pt\/about-checkedholidays\/#primaryimage\",\"url\":\"https:\/\/i0.wp.com\/www.checkedholidays.com\/wp-content\/uploads\/2022\/06\/Website-growth.png?fit=1874%2C452&ssl=1\",\"contentUrl\":\"https:\/\/i0.wp.com\/www.checkedholidays.com\/wp-content\/uploads\/2022\/06\/Website-growth.png?fit=1874%2C452&ssl=1\",\"width\":1874,\"height\":452},{\"@type\":\"BreadcrumbList\",\"@id\":\"https:\/\/www.checkedholidays.com\/pt-pt\/about-checkedholidays\/#breadcrumb\",\"itemListElement\":[{\"@type\":\"ListItem\",\"position\":1,\"name\":\"Home\",\"item\":\"https:\/\/www.checkedholidays.com\/pt-pt\/\"},{\"@type\":\"ListItem\",\"position\":2,\"name\":\"Sobre CheckedHolidays\"}]},{\"@type\":\"WebSite\",\"@id\":\"https:\/\/www.checkedholidays.com\/pt-pt\/#website\",\"url\":\"https:\/\/www.checkedholidays.com\/pt-pt\/\",\"name\":\"CheckedHolidays\",\"description\":\"Spanish island holidays... but better!\",\"potentialAction\":[{\"@type\":\"SearchAction\",\"target\":{\"@type\":\"EntryPoint\",\"urlTemplate\":\"https:\/\/www.checkedholidays.com\/pt-pt\/?s={search_term_string}\"},\"query-input\":{\"@type\":\"PropertyValueSpecification\",\"valueRequired\":true,\"valueName\":\"search_term_string\"}}],\"inLanguage\":\"pt-PT\"}]}<\/script>\n<!-- \/ Yoast SEO plugin. -->","yoast_head_json":{"title":"Sobre CheckedHolidays","robots":{"index":"index","follow":"follow","max-snippet":"max-snippet:-1","max-image-preview":"max-image-preview:large","max-video-preview":"max-video-preview:-1"},"canonical":"https:\/\/www.checkedholidays.com\/pt-pt\/about-checkedholidays\/","og_locale":"pt_PT","og_type":"article","og_title":"Sobre CheckedHolidays","og_description":"A CheckedHolidays foi fundada em 2012, depois de teres reparado que havia muita desinforma\u00e7\u00e3o na Internet sobre f\u00e9rias nas ilhas espanholas. Esta informa\u00e7\u00e3o incorrecta teve um impacto negativo nas f\u00e9rias das pessoas, pelo que cri\u00e1mos um v\u00eddeo no YouTube para corrigir esta informa\u00e7\u00e3o incorrecta. Ap\u00f3s ter sido recolhido e apresentado no Express, atingiu mais de [&hellip;]","og_url":"https:\/\/www.checkedholidays.com\/pt-pt\/about-checkedholidays\/","og_site_name":"CheckedHolidays","article_publisher":"http:\/\/www.facebook.com\/checkedholidays","article_modified_time":"2023-12-02T12:35:57+00:00","og_image":[{"width":1874,"height":452,"url":"https:\/\/i0.wp.com\/www.checkedholidays.com\/wp-content\/uploads\/2022\/06\/Website-growth.png?fit=1874%2C452&ssl=1","type":"image\/png"}],"twitter_card":"summary_large_image","twitter_site":"@checkedholidays","twitter_misc":{"Tempo estimado de leitura":"2 minutos"},"schema":{"@context":"https:\/\/schema.org","@graph":[{"@type":"WebPage","@id":"https:\/\/www.checkedholidays.com\/pt-pt\/about-checkedholidays\/","url":"https:\/\/www.checkedholidays.com\/pt-pt\/about-checkedholidays\/","name":"Sobre CheckedHolidays","isPartOf":{"@id":"https:\/\/www.checkedholidays.com\/pt-pt\/#website"},"primaryImageOfPage":{"@id":"https:\/\/www.checkedholidays.com\/pt-pt\/about-checkedholidays\/#primaryimage"},"image":{"@id":"https:\/\/www.checkedholidays.com\/pt-pt\/about-checkedholidays\/#primaryimage"},"thumbnailUrl":"https:\/\/i0.wp.com\/www.checkedholidays.com\/wp-content\/uploads\/2022\/06\/Website-growth.png?fit=1874%2C452&ssl=1","datePublished":"2022-09-05T12:38:45+00:00","dateModified":"2023-12-02T12:35:57+00:00","breadcrumb":{"@id":"https:\/\/www.checkedholidays.com\/pt-pt\/about-checkedholidays\/#breadcrumb"},"inLanguage":"pt-PT","potentialAction":[{"@type":"ReadAction","target":["https:\/\/www.checkedholidays.com\/pt-pt\/about-checkedholidays\/"]}]},{"@type":"ImageObject","inLanguage":"pt-PT","@id":"https:\/\/www.checkedholidays.com\/pt-pt\/about-checkedholidays\/#primaryimage","url":"https:\/\/i0.wp.com\/www.checkedholidays.com\/wp-content\/uploads\/2022\/06\/Website-growth.png?fit=1874%2C452&ssl=1","contentUrl":"https:\/\/i0.wp.com\/www.checkedholidays.com\/wp-content\/uploads\/2022\/06\/Website-growth.png?fit=1874%2C452&ssl=1","width":1874,"height":452},{"@type":"BreadcrumbList","@id":"https:\/\/www.checkedholidays.com\/pt-pt\/about-checkedholidays\/#breadcrumb","itemListElement":[{"@type":"ListItem","position":1,"name":"Home","item":"https:\/\/www.checkedholidays.com\/pt-pt\/"},{"@type":"ListItem","position":2,"name":"Sobre CheckedHolidays"}]},{"@type":"WebSite","@id":"https:\/\/www.checkedholidays.com\/pt-pt\/#website","url":"https:\/\/www.checkedholidays.com\/pt-pt\/","name":"CheckedHolidays","description":"Spanish island holidays... but better!","potentialAction":[{"@type":"SearchAction","target":{"@type":"EntryPoint","urlTemplate":"https:\/\/www.checkedholidays.com\/pt-pt\/?s={search_term_string}"},"query-input":{"@type":"PropertyValueSpecification","valueRequired":true,"valueName":"search_term_string"}}],"inLanguage":"pt-PT"}]}},"jetpack_sharing_enabled":true,"_links":{"self":[{"href":"https:\/\/www.checkedholidays.com\/pt-pt\/wp-json\/wp\/v2\/pages\/24484","targetHints":{"allow":["GET"]}}],"collection":[{"href":"https:\/\/www.checkedholidays.com\/pt-pt\/wp-json\/wp\/v2\/pages"}],"about":[{"href":"https:\/\/www.checkedholidays.com\/pt-pt\/wp-json\/wp\/v2\/types\/page"}],"author":[{"embeddable":true,"href":"https:\/\/www.checkedholidays.com\/pt-pt\/wp-json\/wp\/v2\/users\/1"}],"replies":[{"embeddable":true,"href":"https:\/\/www.checkedholidays.com\/pt-pt\/wp-json\/wp\/v2\/comments?post=24484"}],"version-history":[{"count":5,"href":"https:\/\/www.checkedholidays.com\/pt-pt\/wp-json\/wp\/v2\/pages\/24484\/revisions"}],"predecessor-version":[{"id":78415,"href":"https:\/\/www.checkedholidays.com\/pt-pt\/wp-json\/wp\/v2\/pages\/24484\/revisions\/78415"}],"wp:featuredmedia":[{"embeddable":true,"href":"https:\/\/www.checkedholidays.com\/pt-pt\/wp-json\/wp\/v2\/media\/24080"}],"wp:attachment":[{"href":"https:\/\/www.checkedholidays.com\/pt-pt\/wp-json\/wp\/v2\/media?parent=24484"}],"curies":[{"name":"wp","href":"https:\/\/api.w.org\/{rel}","templated":true}]}}