{"id":24464,"date":"2022-09-05T12:35:38","date_gmt":"2022-09-05T12:35:38","guid":{"rendered":"https:\/\/www.checkedholidays.com\/sobre\/"},"modified":"2022-09-05T12:35:44","modified_gmt":"2022-09-05T12:35:44","slug":"sobre","status":"publish","type":"page","link":"https:\/\/www.checkedholidays.com\/pt-pt\/sobre\/","title":{"rendered":"Sobre mim"},"content":{"rendered":"\n<p class=\"has-text-align-left wp-block-paragraph\">Sim, CheckHolidays sou eu, uma pessoa normal da vida real&#8230; o meu nome verdadeiro \u00e9 Ive. Escrevo, filmo, edito, crio e publico todos os meus guias de f\u00e9rias (99%) sozinho. Mas quando comecei, eu queria um nome que parecesse &#8220;profissional&#8221;&#8230; agora estou preso a isso. Assim, nesta p\u00e1gina, quero falar-vos um pouco mais sobre mim e mostrar-vos que sou apenas uma pessoa normal que, atrav\u00e9s das circunst\u00e2ncias, se tornou um dos mais proeminentes conselheiros de f\u00e9rias sobre as ilhas espanholas.  <\/p>\n<div class=\"wp-block-image\">\n<figure class=\"aligncenter is-resized\"><img loading=\"lazy\" decoding=\"async\" src=\"https:\/\/i1.wp.com\/www.checkedholidays.com\/wp-content\/uploads\/2019\/03\/IMG_20141017_152816-MOTION.gif?fit=768%2C1024&amp;ssl=1\" alt=\"\" class=\"wp-image-3075\" width=\"384\" height=\"512\"\/><figcaption class=\"wp-element-caption\">15 anos em Espanha: Nado aleat\u00f3rio<\/figcaption><\/figure>\n<\/div>\n<p class=\"has-text-align-left wp-block-paragraph\">Tudo isto come\u00e7ou depois de viver e trabalhar em toda a Espanha como animador de hotel, barman, operador de c\u00e2mara e t\u00e9cnico de som durante mais de 15 anos. Mas depois de muitos anos a fazer v\u00e1rios trabalhos em todas as ilhas espanholas, tive dificuldade em encontrar algo que gostasse de fazer e pelo qual me sentisse apaixonado.<\/p>\n\n<p class=\"has-text-align-left wp-block-paragraph\">Por isso, sentei-me e tentei perceber o que gostava de fazer. Olhando retrospectivamente para os trabalhos que j\u00e1 tinha feito, cheguei \u00e0 conclus\u00e3o de duas coisas que realmente gostei. Estes estavam a dar \u00e0s pessoas umas grandes f\u00e9rias e a criar coisas. Ambos os trabalhos que fiz nos meus trabalhos anteriores, mas claro que n\u00e3o podia trabalhar como animador de hotel com mais de 30 anos para sempre. Passado algum tempo, isso torna-se estranho. Por isso, decidi entrar inteiramente no meu canal YouTube com apenas 5 v\u00eddeos sobre Mallorca na altura para ver se isso funcionava ou n\u00e3o.<\/p>\n\n<p class=\"has-text-align-left wp-block-paragraph\">Demorou alguns anos, mas actualmente (2022), estou a ajudar mais de <strong>\n  <u>4 milh\u00f5es de pessoas por ano com<\/u>\n  <span style=\"text-decoration: underline;\">s suas f\u00e9rias em Espanha.<\/span>\n<\/strong> Embora isso seja \u00f3ptimo, n\u00e3o se trata dos n\u00fameros para mim. Trata-se de dar conselhos honestos de f\u00e9rias que \u00e9 dif\u00edcil de encontrar na Internet. Com a maioria das p\u00e1ginas por a\u00ed sendo de empresas de viagens, bloggers ou modelos Instagram que gostam de fazer tudo parecer perfeito, tento fazer exactamente o oposto. Mostrar-lho-ei tal como est\u00e1, para que possa decidir se \u00e9 ou n\u00e3o adequado para si.  <\/p>\n","protected":false},"excerpt":{"rendered":"<p>Sim, CheckHolidays sou eu, uma pessoa normal da vida real&#8230; o meu nome verdadeiro \u00e9 Ive. Escrevo, filmo, edito, crio e publico todos os meus guias de f\u00e9rias (99%) sozinho. Mas quando comecei, eu queria um nome que parecesse &#8220;profissional&#8221;&#8230; agora estou preso a isso. Assim, nesta p\u00e1gina, quero falar-vos um pouco mais sobre mim [&hellip;]<\/p>\n","protected":false},"author":1,"featured_media":22117,"parent":0,"menu_order":0,"comment_status":"closed","ping_status":"closed","template":"template-authors.php","meta":{"_crdt_document":"","footnotes":""},"class_list":["post-24464","page","type-page","status-publish","has-post-thumbnail","hentry"],"yoast_head":"<!-- This site is optimized with the Yoast SEO plugin v27.2 - https:\/\/yoast.com\/product\/yoast-seo-wordpress\/ -->\n<title>Sobre mim<\/title>\n<meta name=\"robots\" content=\"index, follow, max-snippet:-1, max-image-preview:large, max-video-preview:-1\" \/>\n<link rel=\"canonical\" href=\"https:\/\/www.checkedholidays.com\/pt-pt\/sobre\/\" \/>\n<meta property=\"og:locale\" content=\"pt_PT\" \/>\n<meta property=\"og:type\" content=\"article\" \/>\n<meta property=\"og:title\" content=\"Sobre mim\" \/>\n<meta property=\"og:description\" content=\"Sim, CheckHolidays sou eu, uma pessoa normal da vida real&#8230; o meu nome verdadeiro \u00e9 Ive. Escrevo, filmo, edito, crio e publico todos os meus guias de f\u00e9rias (99%) sozinho. Mas quando comecei, eu queria um nome que parecesse &#8220;profissional&#8221;&#8230; agora estou preso a isso. Assim, nesta p\u00e1gina, quero falar-vos um pouco mais sobre mim [&hellip;]\" \/>\n<meta property=\"og:url\" content=\"https:\/\/www.checkedholidays.com\/pt-pt\/sobre\/\" \/>\n<meta property=\"og:site_name\" content=\"CheckedHolidays\" \/>\n<meta property=\"article:publisher\" content=\"http:\/\/www.facebook.com\/checkedholidays\" \/>\n<meta property=\"article:modified_time\" content=\"2022-09-05T12:35:44+00:00\" \/>\n<meta property=\"og:image\" content=\"https:\/\/i0.wp.com\/www.checkedholidays.com\/wp-content\/uploads\/2018\/12\/IMG_20141011_135122-600x450.jpg?fit=600%2C450&ssl=1\" \/>\n\t<meta property=\"og:image:width\" content=\"600\" \/>\n\t<meta property=\"og:image:height\" content=\"450\" \/>\n\t<meta property=\"og:image:type\" content=\"image\/jpeg\" \/>\n<meta name=\"twitter:card\" content=\"summary_large_image\" \/>\n<meta name=\"twitter:site\" content=\"@checkedholidays\" \/>\n<meta name=\"twitter:label1\" content=\"Tempo estimado de leitura\" \/>\n\t<meta name=\"twitter:data1\" content=\"2 minutos\" \/>\n<script type=\"application\/ld+json\" class=\"yoast-schema-graph\">{\"@context\":\"https:\/\/schema.org\",\"@graph\":[{\"@type\":\"WebPage\",\"@id\":\"https:\/\/www.checkedholidays.com\/pt-pt\/sobre\/\",\"url\":\"https:\/\/www.checkedholidays.com\/pt-pt\/sobre\/\",\"name\":\"Sobre mim\",\"isPartOf\":{\"@id\":\"https:\/\/www.checkedholidays.com\/pt-pt\/#website\"},\"primaryImageOfPage\":{\"@id\":\"https:\/\/www.checkedholidays.com\/pt-pt\/sobre\/#primaryimage\"},\"image\":{\"@id\":\"https:\/\/www.checkedholidays.com\/pt-pt\/sobre\/#primaryimage\"},\"thumbnailUrl\":\"https:\/\/i0.wp.com\/www.checkedholidays.com\/wp-content\/uploads\/2018\/12\/IMG_20141011_135122-600x450.jpg?fit=600%2C450&ssl=1\",\"datePublished\":\"2022-09-05T12:35:38+00:00\",\"dateModified\":\"2022-09-05T12:35:44+00:00\",\"breadcrumb\":{\"@id\":\"https:\/\/www.checkedholidays.com\/pt-pt\/sobre\/#breadcrumb\"},\"inLanguage\":\"pt-PT\",\"potentialAction\":[{\"@type\":\"ReadAction\",\"target\":[\"https:\/\/www.checkedholidays.com\/pt-pt\/sobre\/\"]}]},{\"@type\":\"ImageObject\",\"inLanguage\":\"pt-PT\",\"@id\":\"https:\/\/www.checkedholidays.com\/pt-pt\/sobre\/#primaryimage\",\"url\":\"https:\/\/i0.wp.com\/www.checkedholidays.com\/wp-content\/uploads\/2018\/12\/IMG_20141011_135122-600x450.jpg?fit=600%2C450&ssl=1\",\"contentUrl\":\"https:\/\/i0.wp.com\/www.checkedholidays.com\/wp-content\/uploads\/2018\/12\/IMG_20141011_135122-600x450.jpg?fit=600%2C450&ssl=1\",\"width\":600,\"height\":450},{\"@type\":\"BreadcrumbList\",\"@id\":\"https:\/\/www.checkedholidays.com\/pt-pt\/sobre\/#breadcrumb\",\"itemListElement\":[{\"@type\":\"ListItem\",\"position\":1,\"name\":\"Home\",\"item\":\"https:\/\/www.checkedholidays.com\/pt-pt\/\"},{\"@type\":\"ListItem\",\"position\":2,\"name\":\"Sobre mim\"}]},{\"@type\":\"WebSite\",\"@id\":\"https:\/\/www.checkedholidays.com\/pt-pt\/#website\",\"url\":\"https:\/\/www.checkedholidays.com\/pt-pt\/\",\"name\":\"CheckedHolidays\",\"description\":\"Spanish island holidays... but better!\",\"potentialAction\":[{\"@type\":\"SearchAction\",\"target\":{\"@type\":\"EntryPoint\",\"urlTemplate\":\"https:\/\/www.checkedholidays.com\/pt-pt\/?s={search_term_string}\"},\"query-input\":{\"@type\":\"PropertyValueSpecification\",\"valueRequired\":true,\"valueName\":\"search_term_string\"}}],\"inLanguage\":\"pt-PT\"}]}<\/script>\n<!-- \/ Yoast SEO plugin. -->","yoast_head_json":{"title":"Sobre mim","robots":{"index":"index","follow":"follow","max-snippet":"max-snippet:-1","max-image-preview":"max-image-preview:large","max-video-preview":"max-video-preview:-1"},"canonical":"https:\/\/www.checkedholidays.com\/pt-pt\/sobre\/","og_locale":"pt_PT","og_type":"article","og_title":"Sobre mim","og_description":"Sim, CheckHolidays sou eu, uma pessoa normal da vida real&#8230; o meu nome verdadeiro \u00e9 Ive. Escrevo, filmo, edito, crio e publico todos os meus guias de f\u00e9rias (99%) sozinho. Mas quando comecei, eu queria um nome que parecesse &#8220;profissional&#8221;&#8230; agora estou preso a isso. Assim, nesta p\u00e1gina, quero falar-vos um pouco mais sobre mim [&hellip;]","og_url":"https:\/\/www.checkedholidays.com\/pt-pt\/sobre\/","og_site_name":"CheckedHolidays","article_publisher":"http:\/\/www.facebook.com\/checkedholidays","article_modified_time":"2022-09-05T12:35:44+00:00","og_image":[{"width":600,"height":450,"url":"https:\/\/i0.wp.com\/www.checkedholidays.com\/wp-content\/uploads\/2018\/12\/IMG_20141011_135122-600x450.jpg?fit=600%2C450&ssl=1","type":"image\/jpeg"}],"twitter_card":"summary_large_image","twitter_site":"@checkedholidays","twitter_misc":{"Tempo estimado de leitura":"2 minutos"},"schema":{"@context":"https:\/\/schema.org","@graph":[{"@type":"WebPage","@id":"https:\/\/www.checkedholidays.com\/pt-pt\/sobre\/","url":"https:\/\/www.checkedholidays.com\/pt-pt\/sobre\/","name":"Sobre mim","isPartOf":{"@id":"https:\/\/www.checkedholidays.com\/pt-pt\/#website"},"primaryImageOfPage":{"@id":"https:\/\/www.checkedholidays.com\/pt-pt\/sobre\/#primaryimage"},"image":{"@id":"https:\/\/www.checkedholidays.com\/pt-pt\/sobre\/#primaryimage"},"thumbnailUrl":"https:\/\/i0.wp.com\/www.checkedholidays.com\/wp-content\/uploads\/2018\/12\/IMG_20141011_135122-600x450.jpg?fit=600%2C450&ssl=1","datePublished":"2022-09-05T12:35:38+00:00","dateModified":"2022-09-05T12:35:44+00:00","breadcrumb":{"@id":"https:\/\/www.checkedholidays.com\/pt-pt\/sobre\/#breadcrumb"},"inLanguage":"pt-PT","potentialAction":[{"@type":"ReadAction","target":["https:\/\/www.checkedholidays.com\/pt-pt\/sobre\/"]}]},{"@type":"ImageObject","inLanguage":"pt-PT","@id":"https:\/\/www.checkedholidays.com\/pt-pt\/sobre\/#primaryimage","url":"https:\/\/i0.wp.com\/www.checkedholidays.com\/wp-content\/uploads\/2018\/12\/IMG_20141011_135122-600x450.jpg?fit=600%2C450&ssl=1","contentUrl":"https:\/\/i0.wp.com\/www.checkedholidays.com\/wp-content\/uploads\/2018\/12\/IMG_20141011_135122-600x450.jpg?fit=600%2C450&ssl=1","width":600,"height":450},{"@type":"BreadcrumbList","@id":"https:\/\/www.checkedholidays.com\/pt-pt\/sobre\/#breadcrumb","itemListElement":[{"@type":"ListItem","position":1,"name":"Home","item":"https:\/\/www.checkedholidays.com\/pt-pt\/"},{"@type":"ListItem","position":2,"name":"Sobre mim"}]},{"@type":"WebSite","@id":"https:\/\/www.checkedholidays.com\/pt-pt\/#website","url":"https:\/\/www.checkedholidays.com\/pt-pt\/","name":"CheckedHolidays","description":"Spanish island holidays... but better!","potentialAction":[{"@type":"SearchAction","target":{"@type":"EntryPoint","urlTemplate":"https:\/\/www.checkedholidays.com\/pt-pt\/?s={search_term_string}"},"query-input":{"@type":"PropertyValueSpecification","valueRequired":true,"valueName":"search_term_string"}}],"inLanguage":"pt-PT"}]}},"jetpack_sharing_enabled":true,"_links":{"self":[{"href":"https:\/\/www.checkedholidays.com\/pt-pt\/wp-json\/wp\/v2\/pages\/24464","targetHints":{"allow":["GET"]}}],"collection":[{"href":"https:\/\/www.checkedholidays.com\/pt-pt\/wp-json\/wp\/v2\/pages"}],"about":[{"href":"https:\/\/www.checkedholidays.com\/pt-pt\/wp-json\/wp\/v2\/types\/page"}],"author":[{"embeddable":true,"href":"https:\/\/www.checkedholidays.com\/pt-pt\/wp-json\/wp\/v2\/users\/1"}],"replies":[{"embeddable":true,"href":"https:\/\/www.checkedholidays.com\/pt-pt\/wp-json\/wp\/v2\/comments?post=24464"}],"version-history":[{"count":3,"href":"https:\/\/www.checkedholidays.com\/pt-pt\/wp-json\/wp\/v2\/pages\/24464\/revisions"}],"predecessor-version":[{"id":24468,"href":"https:\/\/www.checkedholidays.com\/pt-pt\/wp-json\/wp\/v2\/pages\/24464\/revisions\/24468"}],"wp:featuredmedia":[{"embeddable":true,"href":"https:\/\/www.checkedholidays.com\/pt-pt\/wp-json\/wp\/v2\/media\/22117"}],"wp:attachment":[{"href":"https:\/\/www.checkedholidays.com\/pt-pt\/wp-json\/wp\/v2\/media?parent=24464"}],"curies":[{"name":"wp","href":"https:\/\/api.w.org\/{rel}","templated":true}]}}