{"id":32141,"date":"2022-11-11T18:22:12","date_gmt":"2022-11-11T18:22:12","guid":{"rendered":"https:\/\/www.checkedholidays.com\/affiliate-disclaimer\/"},"modified":"2022-11-11T18:22:12","modified_gmt":"2022-11-11T18:22:12","slug":"affiliate-disclaimer","status":"publish","type":"page","link":"https:\/\/www.checkedholidays.com\/pl\/affiliate-disclaimer\/","title":{"rendered":"Ta strona wykorzystuje linki partnerskie"},"content":{"rendered":"\n<p class=\"wp-block-paragraph\">Je\u015bli m\u00f3j kana\u0142 na Youtube, strona internetowa <g class=\"gr_ gr_4 gr-alert gr_gramm gr_inline_cards gr_disable_anim_appear Punctuation only-ins replaceWithoutSep\" id=\"4\" data-gr-id=\"4\">i<\/g> poradniki pomog\u0142y ci i chcesz <strong>pom\u00f3c mi, pom\u00f3c<\/strong> sobie&#8230; to u\u017cycie moich link\u00f3w partnerskich jest najlepszym <strong>DARMOWYM<\/strong> sposobem, aby to zrobi\u0107.<\/p>\n\n<p class=\"wp-block-paragraph\">Linki afiliacyjne s\u0105 bardzo standardowe i powszechnie stosowane, ale uwa\u017cam, \u017ce wa\u017cne jest, aby\u015b by\u0142 o nich poinformowany.<\/p>\n\n<p class=\"wp-block-paragraph\">Linki afiliacyjne wygl\u0105daj\u0105 jak zwyk\u0142e linki, ale informuj\u0105 stron\u0119, na kt\u00f3r\u0105 wchodzisz, \u017ce trafi\u0142e\u015b z mojej strony. Je\u015bli kupisz co\u015b na stronie, do kt\u00f3rej poda\u0142em link, otrzymam niewielk\u0105 prowizj\u0119, kt\u00f3ra pomo\u017ce utrzyma\u0107 t\u0119 stron\u0119 w ruchu.  <\/p>\n\n<p class=\"wp-block-paragraph\">Zawsze jednak zap\u0142acisz tak\u0105 sam\u0105 cen\u0119, jak\u0105 p\u0142acisz, a czasem nawet otrzymasz zni\u017ck\u0119 lub korzy\u015b\u0107, je\u015bli skorzystasz z moich link\u00f3w partnerskich. Prowizj\u0119 p\u0142aci w\u0142a\u015bciciel innej strony, nie Ty.<\/p>\n\n<p class=\"wp-block-paragraph\">Bardzo dzi\u0119kuj\u0119 za skorzystanie z moich link\u00f3w partnerskich i umo\u017cliwienie mi, stronie internetowej i kana\u0142owi YouTube, pom\u00f3c milionom os\u00f3b takich jak Ty sp\u0119dzi\u0107 jeszcze lepsze wakacje!<\/p>\n\n<p class=\"wp-block-paragraph\"><g class=\"gr_ gr_4 gr-alert gr_spell gr_inline_cards gr_run_anim ContextualSpelling ins-del multiReplace\" id=\"4\" data-gr-id=\"4\"><a href=\"https:\/\/www.checkedholidays.com\/pl\/about\/\">Ive<\/a><\/g><\/p>\n","protected":false},"excerpt":{"rendered":"<p>Je\u015bli m\u00f3j kana\u0142 na Youtube, strona internetowa i poradniki pomog\u0142y ci i chcesz pom\u00f3c mi, pom\u00f3c sobie&#8230; to u\u017cycie moich link\u00f3w partnerskich jest najlepszym DARMOWYM sposobem, aby to zrobi\u0107. Linki afiliacyjne s\u0105 bardzo standardowe i powszechnie stosowane, ale uwa\u017cam, \u017ce wa\u017cne jest, aby\u015b by\u0142 o nich poinformowany. Linki afiliacyjne wygl\u0105daj\u0105 jak zwyk\u0142e linki, ale informuj\u0105 [&hellip;]<\/p>\n","protected":false},"author":1,"featured_media":0,"parent":0,"menu_order":0,"comment_status":"closed","ping_status":"closed","template":"","meta":{"_crdt_document":"","footnotes":""},"class_list":["post-32141","page","type-page","status-publish","hentry"],"yoast_head":"<!-- This site is optimized with the Yoast SEO plugin v27.5 - https:\/\/yoast.com\/product\/yoast-seo-wordpress\/ -->\n<title>Ta strona wykorzystuje linki partnerskie - CheckedHolidays<\/title>\n<meta name=\"robots\" content=\"index, follow, max-snippet:-1, max-image-preview:large, max-video-preview:-1\" \/>\n<link rel=\"canonical\" href=\"https:\/\/www.checkedholidays.com\/pl\/affiliate-disclaimer\/\" \/>\n<meta property=\"og:locale\" content=\"pl_PL\" \/>\n<meta property=\"og:type\" content=\"article\" \/>\n<meta property=\"og:title\" content=\"Ta strona wykorzystuje linki partnerskie - CheckedHolidays\" \/>\n<meta property=\"og:description\" content=\"Je\u015bli m\u00f3j kana\u0142 na Youtube, strona internetowa i poradniki pomog\u0142y ci i chcesz pom\u00f3c mi, pom\u00f3c sobie&#8230; to u\u017cycie moich link\u00f3w partnerskich jest najlepszym DARMOWYM sposobem, aby to zrobi\u0107. Linki afiliacyjne s\u0105 bardzo standardowe i powszechnie stosowane, ale uwa\u017cam, \u017ce wa\u017cne jest, aby\u015b by\u0142 o nich poinformowany. Linki afiliacyjne wygl\u0105daj\u0105 jak zwyk\u0142e linki, ale informuj\u0105 [&hellip;]\" \/>\n<meta property=\"og:url\" content=\"https:\/\/www.checkedholidays.com\/pl\/affiliate-disclaimer\/\" \/>\n<meta property=\"og:site_name\" content=\"CheckedHolidays\" \/>\n<meta property=\"article:publisher\" content=\"http:\/\/www.facebook.com\/checkedholidays\" \/>\n<meta name=\"twitter:card\" content=\"summary_large_image\" \/>\n<meta name=\"twitter:site\" content=\"@checkedholidays\" \/>\n<meta name=\"twitter:label1\" content=\"Szacowany czas czytania\" \/>\n\t<meta name=\"twitter:data1\" content=\"1 minuta\" \/>\n<script type=\"application\/ld+json\" class=\"yoast-schema-graph\">{\"@context\":\"https:\\\/\\\/schema.org\",\"@graph\":[{\"@type\":\"WebPage\",\"@id\":\"https:\\\/\\\/www.checkedholidays.com\\\/pl\\\/affiliate-disclaimer\\\/\",\"url\":\"https:\\\/\\\/www.checkedholidays.com\\\/pl\\\/affiliate-disclaimer\\\/\",\"name\":\"Ta strona wykorzystuje linki partnerskie - CheckedHolidays\",\"isPartOf\":{\"@id\":\"https:\\\/\\\/www.checkedholidays.com\\\/pl\\\/#website\"},\"datePublished\":\"2022-11-11T18:22:12+00:00\",\"breadcrumb\":{\"@id\":\"https:\\\/\\\/www.checkedholidays.com\\\/pl\\\/affiliate-disclaimer\\\/#breadcrumb\"},\"inLanguage\":\"pl-PL\",\"potentialAction\":[{\"@type\":\"ReadAction\",\"target\":[\"https:\\\/\\\/www.checkedholidays.com\\\/pl\\\/affiliate-disclaimer\\\/\"]}]},{\"@type\":\"BreadcrumbList\",\"@id\":\"https:\\\/\\\/www.checkedholidays.com\\\/pl\\\/affiliate-disclaimer\\\/#breadcrumb\",\"itemListElement\":[{\"@type\":\"ListItem\",\"position\":1,\"name\":\"Home\",\"item\":\"https:\\\/\\\/www.checkedholidays.com\\\/pl\\\/\"},{\"@type\":\"ListItem\",\"position\":2,\"name\":\"Ta strona wykorzystuje linki partnerskie\"}]},{\"@type\":\"WebSite\",\"@id\":\"https:\\\/\\\/www.checkedholidays.com\\\/pl\\\/#website\",\"url\":\"https:\\\/\\\/www.checkedholidays.com\\\/pl\\\/\",\"name\":\"CheckedHolidays\",\"description\":\"Spanish island holidays... but better!\",\"potentialAction\":[{\"@type\":\"SearchAction\",\"target\":{\"@type\":\"EntryPoint\",\"urlTemplate\":\"https:\\\/\\\/www.checkedholidays.com\\\/pl\\\/?s={search_term_string}\"},\"query-input\":{\"@type\":\"PropertyValueSpecification\",\"valueRequired\":true,\"valueName\":\"search_term_string\"}}],\"inLanguage\":\"pl-PL\"}]}<\/script>\n<!-- \/ Yoast SEO plugin. -->","yoast_head_json":{"title":"Ta strona wykorzystuje linki partnerskie - CheckedHolidays","robots":{"index":"index","follow":"follow","max-snippet":"max-snippet:-1","max-image-preview":"max-image-preview:large","max-video-preview":"max-video-preview:-1"},"canonical":"https:\/\/www.checkedholidays.com\/pl\/affiliate-disclaimer\/","og_locale":"pl_PL","og_type":"article","og_title":"Ta strona wykorzystuje linki partnerskie - CheckedHolidays","og_description":"Je\u015bli m\u00f3j kana\u0142 na Youtube, strona internetowa i poradniki pomog\u0142y ci i chcesz pom\u00f3c mi, pom\u00f3c sobie&#8230; to u\u017cycie moich link\u00f3w partnerskich jest najlepszym DARMOWYM sposobem, aby to zrobi\u0107. Linki afiliacyjne s\u0105 bardzo standardowe i powszechnie stosowane, ale uwa\u017cam, \u017ce wa\u017cne jest, aby\u015b by\u0142 o nich poinformowany. Linki afiliacyjne wygl\u0105daj\u0105 jak zwyk\u0142e linki, ale informuj\u0105 [&hellip;]","og_url":"https:\/\/www.checkedholidays.com\/pl\/affiliate-disclaimer\/","og_site_name":"CheckedHolidays","article_publisher":"http:\/\/www.facebook.com\/checkedholidays","twitter_card":"summary_large_image","twitter_site":"@checkedholidays","twitter_misc":{"Szacowany czas czytania":"1 minuta"},"schema":{"@context":"https:\/\/schema.org","@graph":[{"@type":"WebPage","@id":"https:\/\/www.checkedholidays.com\/pl\/affiliate-disclaimer\/","url":"https:\/\/www.checkedholidays.com\/pl\/affiliate-disclaimer\/","name":"Ta strona wykorzystuje linki partnerskie - CheckedHolidays","isPartOf":{"@id":"https:\/\/www.checkedholidays.com\/pl\/#website"},"datePublished":"2022-11-11T18:22:12+00:00","breadcrumb":{"@id":"https:\/\/www.checkedholidays.com\/pl\/affiliate-disclaimer\/#breadcrumb"},"inLanguage":"pl-PL","potentialAction":[{"@type":"ReadAction","target":["https:\/\/www.checkedholidays.com\/pl\/affiliate-disclaimer\/"]}]},{"@type":"BreadcrumbList","@id":"https:\/\/www.checkedholidays.com\/pl\/affiliate-disclaimer\/#breadcrumb","itemListElement":[{"@type":"ListItem","position":1,"name":"Home","item":"https:\/\/www.checkedholidays.com\/pl\/"},{"@type":"ListItem","position":2,"name":"Ta strona wykorzystuje linki partnerskie"}]},{"@type":"WebSite","@id":"https:\/\/www.checkedholidays.com\/pl\/#website","url":"https:\/\/www.checkedholidays.com\/pl\/","name":"CheckedHolidays","description":"Spanish island holidays... but better!","potentialAction":[{"@type":"SearchAction","target":{"@type":"EntryPoint","urlTemplate":"https:\/\/www.checkedholidays.com\/pl\/?s={search_term_string}"},"query-input":{"@type":"PropertyValueSpecification","valueRequired":true,"valueName":"search_term_string"}}],"inLanguage":"pl-PL"}]}},"jetpack_sharing_enabled":true,"_links":{"self":[{"href":"https:\/\/www.checkedholidays.com\/pl\/wp-json\/wp\/v2\/pages\/32141","targetHints":{"allow":["GET"]}}],"collection":[{"href":"https:\/\/www.checkedholidays.com\/pl\/wp-json\/wp\/v2\/pages"}],"about":[{"href":"https:\/\/www.checkedholidays.com\/pl\/wp-json\/wp\/v2\/types\/page"}],"author":[{"embeddable":true,"href":"https:\/\/www.checkedholidays.com\/pl\/wp-json\/wp\/v2\/users\/1"}],"replies":[{"embeddable":true,"href":"https:\/\/www.checkedholidays.com\/pl\/wp-json\/wp\/v2\/comments?post=32141"}],"version-history":[{"count":1,"href":"https:\/\/www.checkedholidays.com\/pl\/wp-json\/wp\/v2\/pages\/32141\/revisions"}],"predecessor-version":[{"id":32142,"href":"https:\/\/www.checkedholidays.com\/pl\/wp-json\/wp\/v2\/pages\/32141\/revisions\/32142"}],"wp:attachment":[{"href":"https:\/\/www.checkedholidays.com\/pl\/wp-json\/wp\/v2\/media?parent=32141"}],"curies":[{"name":"wp","href":"https:\/\/api.w.org\/{rel}","templated":true}]}}