{"id":32137,"date":"2022-11-11T18:21:38","date_gmt":"2022-11-11T18:21:38","guid":{"rendered":"https:\/\/www.checkedholidays.com\/home\/"},"modified":"2026-02-23T13:22:04","modified_gmt":"2026-02-23T13:22:04","slug":"home","status":"publish","type":"page","link":"https:\/\/www.checkedholidays.com\/pl\/","title":{"rendered":"Strona g\u0142\u00f3wna"},"content":{"rendered":"\n<h2 class=\"wp-block-heading has-text-align-center\"><strong>Znajd\u017a swoje idealne wakacje na hiszpa\u0144skich wyspach<\/strong><\/h2>\n\n<p class=\"wp-block-paragraph\">\u015awietny przez ca\u0142y rok<\/p>\n\n<ul class=\"wp-block-list\">\n<li><strong><u><a href=\"https:\/\/www.checkedholidays.com\/pl\/tag\/teneryfa\/\" type=\"category\" id=\"59\">Teneryfa<\/a><\/u><\/strong> &#8211; Najlepszy dla rodzin szukaj\u0105cych r\u00f3\u017cnorodno\u015bci, atrakcji i wygody.<\/li>\n\n\n\n<li><strong><u><a href=\"https:\/\/www.checkedholidays.com\/pl\/tag\/gran-canaria-pl\/\" type=\"category\" id=\"60\">Gran Canaria<\/a><\/u><\/strong> &#8211; Najlepsza dla par i doros\u0142ych, kt\u00f3rzy pragn\u0105 \u017cycia nocnego, restauracji i zakup\u00f3w.<\/li>\n\n\n\n<li><strong><u><a href=\"https:\/\/www.checkedholidays.com\/pl\/tag\/lanzarote-pl\/\" type=\"category\" id=\"61\">Lanzarote<\/a><\/u><\/strong> &#8211; Najlepsze na wakacje all inclusive i \u0142atwe, relaksuj\u0105ce wakacje.<\/li>\n\n\n\n<li><strong><u><a href=\"https:\/\/www.checkedholidays.com\/pl\/tag\/fuerteventura-pl\/\" type=\"category\" id=\"309\">Fuerteventura<\/a><\/u><\/strong> &#8211; Najlepszy na wakacje na pla\u017cy z du\u017c\u0105 ilo\u015bci\u0105 miejsca.<\/li>\n<\/ul>\n\n<p class=\"wp-block-paragraph\">Najlepiej od maja do pa\u017adziernika<\/p>\n\n<ul class=\"wp-block-list\">\n<li><strong><u><a href=\"https:\/\/www.checkedholidays.com\/pl\/tag\/majorka\/\" type=\"category\" id=\"57\">Majorka<\/a><\/u><\/strong> &#8211; Najlepszy dla rodzin i os\u00f3b szukaj\u0105cych r\u00f3\u017cnorodno\u015bci, pla\u017c, wycieczek i du\u017cego wyboru.<\/li>\n\n\n\n<li><strong><u><a href=\"https:\/\/www.checkedholidays.com\/pl\/guide\/minorka\/\" type=\"category\" id=\"91\">Minorka<\/a><\/u><\/strong> &#8211; Najlepsze na spokojniejsze, relaksuj\u0105ce, rodzinne wakacje z autentycznym urokiem.  <\/li>\n\n\n\n<li><strong><u><a href=\"https:\/\/www.checkedholidays.com\/pl\/guide\/ibiza-pl\/\" type=\"category\" id=\"633\">Ibiza<\/a><\/u><\/strong> &#8211; Najlepsze dla doros\u0142ych, par, \u017cycia nocnego, klub\u00f3w pla\u017cowych i stylowych miejsc na wakacje.<\/li>\n<\/ul>\n","protected":false},"excerpt":{"rendered":"<p>Znajd\u017a swoje idealne wakacje na hiszpa\u0144skich wyspach \u015awietny przez ca\u0142y rok Najlepiej od maja do pa\u017adziernika<\/p>\n","protected":false},"author":1,"featured_media":0,"parent":0,"menu_order":0,"comment_status":"closed","ping_status":"closed","template":"","meta":{"_crdt_document":"","footnotes":""},"class_list":["post-32137","page","type-page","status-publish","hentry"],"yoast_head":"<!-- This site is optimized with the Yoast SEO plugin v27.5 - https:\/\/yoast.com\/product\/yoast-seo-wordpress\/ -->\n<title>Znajd\u017a swoje idealne wakacje na hiszpa\u0144skich wyspach<\/title>\n<meta name=\"description\" content=\"Odkryj swoje idealne wakacje na Wyspach Hiszpa\u0144skich pod okiem eksperta z ponad 20-letnim do\u015bwiadczeniem.\" \/>\n<meta name=\"robots\" content=\"index, follow, max-snippet:-1, max-image-preview:large, max-video-preview:-1\" \/>\n<link rel=\"canonical\" href=\"https:\/\/www.checkedholidays.com\/pl\/\" \/>\n<meta property=\"og:locale\" content=\"pl_PL\" \/>\n<meta property=\"og:type\" content=\"article\" \/>\n<meta property=\"og:title\" content=\"Znajd\u017a swoje idealne wakacje na hiszpa\u0144skich wyspach\" \/>\n<meta property=\"og:description\" content=\"Odkryj swoje idealne wakacje na Wyspach Hiszpa\u0144skich pod okiem eksperta z ponad 20-letnim do\u015bwiadczeniem.\" \/>\n<meta property=\"og:url\" content=\"https:\/\/www.checkedholidays.com\/pl\/\" \/>\n<meta property=\"og:site_name\" content=\"CheckedHolidays\" \/>\n<meta property=\"article:publisher\" content=\"http:\/\/www.facebook.com\/checkedholidays\" \/>\n<meta property=\"article:modified_time\" content=\"2026-02-23T13:22:04+00:00\" \/>\n<meta name=\"twitter:card\" content=\"summary_large_image\" \/>\n<meta name=\"twitter:site\" content=\"@checkedholidays\" \/>\n<meta name=\"twitter:label1\" content=\"Szacowany czas czytania\" \/>\n\t<meta name=\"twitter:data1\" content=\"1 minuta\" \/>\n<script type=\"application\/ld+json\" class=\"yoast-schema-graph\">{\"@context\":\"https:\\\/\\\/schema.org\",\"@graph\":[{\"@type\":\"WebPage\",\"@id\":\"https:\\\/\\\/www.checkedholidays.com\\\/pl\\\/\",\"url\":\"https:\\\/\\\/www.checkedholidays.com\\\/pl\\\/\",\"name\":\"Znajd\u017a swoje idealne wakacje na hiszpa\u0144skich wyspach\",\"isPartOf\":{\"@id\":\"https:\\\/\\\/www.checkedholidays.com\\\/pl\\\/#website\"},\"datePublished\":\"2022-11-11T18:21:38+00:00\",\"dateModified\":\"2026-02-23T13:22:04+00:00\",\"description\":\"Odkryj swoje idealne wakacje na Wyspach Hiszpa\u0144skich pod okiem eksperta z ponad 20-letnim do\u015bwiadczeniem.\",\"breadcrumb\":{\"@id\":\"https:\\\/\\\/www.checkedholidays.com\\\/pl\\\/#breadcrumb\"},\"inLanguage\":\"pl-PL\",\"potentialAction\":[{\"@type\":\"ReadAction\",\"target\":[\"https:\\\/\\\/www.checkedholidays.com\\\/pl\\\/\"]}]},{\"@type\":\"BreadcrumbList\",\"@id\":\"https:\\\/\\\/www.checkedholidays.com\\\/pl\\\/#breadcrumb\",\"itemListElement\":[{\"@type\":\"ListItem\",\"position\":1,\"name\":\"Home\",\"item\":\"https:\\\/\\\/www.checkedholidays.com\\\/pl\\\/\"},{\"@type\":\"ListItem\",\"position\":2,\"name\":\"Strona g\u0142\u00f3wna\"}]},{\"@type\":\"WebSite\",\"@id\":\"https:\\\/\\\/www.checkedholidays.com\\\/pl\\\/#website\",\"url\":\"https:\\\/\\\/www.checkedholidays.com\\\/pl\\\/\",\"name\":\"CheckedHolidays\",\"description\":\"Spanish island holidays... but better!\",\"potentialAction\":[{\"@type\":\"SearchAction\",\"target\":{\"@type\":\"EntryPoint\",\"urlTemplate\":\"https:\\\/\\\/www.checkedholidays.com\\\/pl\\\/?s={search_term_string}\"},\"query-input\":{\"@type\":\"PropertyValueSpecification\",\"valueRequired\":true,\"valueName\":\"search_term_string\"}}],\"inLanguage\":\"pl-PL\"}]}<\/script>\n<!-- \/ Yoast SEO plugin. -->","yoast_head_json":{"title":"Znajd\u017a swoje idealne wakacje na hiszpa\u0144skich wyspach","description":"Odkryj swoje idealne wakacje na Wyspach Hiszpa\u0144skich pod okiem eksperta z ponad 20-letnim do\u015bwiadczeniem.","robots":{"index":"index","follow":"follow","max-snippet":"max-snippet:-1","max-image-preview":"max-image-preview:large","max-video-preview":"max-video-preview:-1"},"canonical":"https:\/\/www.checkedholidays.com\/pl\/","og_locale":"pl_PL","og_type":"article","og_title":"Znajd\u017a swoje idealne wakacje na hiszpa\u0144skich wyspach","og_description":"Odkryj swoje idealne wakacje na Wyspach Hiszpa\u0144skich pod okiem eksperta z ponad 20-letnim do\u015bwiadczeniem.","og_url":"https:\/\/www.checkedholidays.com\/pl\/","og_site_name":"CheckedHolidays","article_publisher":"http:\/\/www.facebook.com\/checkedholidays","article_modified_time":"2026-02-23T13:22:04+00:00","twitter_card":"summary_large_image","twitter_site":"@checkedholidays","twitter_misc":{"Szacowany czas czytania":"1 minuta"},"schema":{"@context":"https:\/\/schema.org","@graph":[{"@type":"WebPage","@id":"https:\/\/www.checkedholidays.com\/pl\/","url":"https:\/\/www.checkedholidays.com\/pl\/","name":"Znajd\u017a swoje idealne wakacje na hiszpa\u0144skich wyspach","isPartOf":{"@id":"https:\/\/www.checkedholidays.com\/pl\/#website"},"datePublished":"2022-11-11T18:21:38+00:00","dateModified":"2026-02-23T13:22:04+00:00","description":"Odkryj swoje idealne wakacje na Wyspach Hiszpa\u0144skich pod okiem eksperta z ponad 20-letnim do\u015bwiadczeniem.","breadcrumb":{"@id":"https:\/\/www.checkedholidays.com\/pl\/#breadcrumb"},"inLanguage":"pl-PL","potentialAction":[{"@type":"ReadAction","target":["https:\/\/www.checkedholidays.com\/pl\/"]}]},{"@type":"BreadcrumbList","@id":"https:\/\/www.checkedholidays.com\/pl\/#breadcrumb","itemListElement":[{"@type":"ListItem","position":1,"name":"Home","item":"https:\/\/www.checkedholidays.com\/pl\/"},{"@type":"ListItem","position":2,"name":"Strona g\u0142\u00f3wna"}]},{"@type":"WebSite","@id":"https:\/\/www.checkedholidays.com\/pl\/#website","url":"https:\/\/www.checkedholidays.com\/pl\/","name":"CheckedHolidays","description":"Spanish island holidays... but better!","potentialAction":[{"@type":"SearchAction","target":{"@type":"EntryPoint","urlTemplate":"https:\/\/www.checkedholidays.com\/pl\/?s={search_term_string}"},"query-input":{"@type":"PropertyValueSpecification","valueRequired":true,"valueName":"search_term_string"}}],"inLanguage":"pl-PL"}]}},"jetpack_sharing_enabled":true,"_links":{"self":[{"href":"https:\/\/www.checkedholidays.com\/pl\/wp-json\/wp\/v2\/pages\/32137","targetHints":{"allow":["GET"]}}],"collection":[{"href":"https:\/\/www.checkedholidays.com\/pl\/wp-json\/wp\/v2\/pages"}],"about":[{"href":"https:\/\/www.checkedholidays.com\/pl\/wp-json\/wp\/v2\/types\/page"}],"author":[{"embeddable":true,"href":"https:\/\/www.checkedholidays.com\/pl\/wp-json\/wp\/v2\/users\/1"}],"replies":[{"embeddable":true,"href":"https:\/\/www.checkedholidays.com\/pl\/wp-json\/wp\/v2\/comments?post=32137"}],"version-history":[{"count":5,"href":"https:\/\/www.checkedholidays.com\/pl\/wp-json\/wp\/v2\/pages\/32137\/revisions"}],"predecessor-version":[{"id":113857,"href":"https:\/\/www.checkedholidays.com\/pl\/wp-json\/wp\/v2\/pages\/32137\/revisions\/113857"}],"wp:attachment":[{"href":"https:\/\/www.checkedholidays.com\/pl\/wp-json\/wp\/v2\/media?parent=32137"}],"curies":[{"name":"wp","href":"https:\/\/api.w.org\/{rel}","templated":true}]}}