{"id":29012,"date":"2022-10-19T11:39:24","date_gmt":"2022-10-19T11:39:24","guid":{"rendered":"https:\/\/www.checkedholidays.com\/about\/"},"modified":"2022-10-19T11:39:58","modified_gmt":"2022-10-19T11:39:58","slug":"about","status":"publish","type":"page","link":"https:\/\/www.checkedholidays.com\/pl\/about\/","title":{"rendered":"O mnie"},"content":{"rendered":"\n<p class=\"has-text-align-left wp-block-paragraph\">Tak, CheckHolidays to ja, przeci\u0119tna osoba z prawdziwego zdarzenia&#8230; moje prawdziwe imi\u0119 to Ive. Wszystkie moje przewodniki wakacyjne (w 99%) pisz\u0119, filmuj\u0119, montuj\u0119, tworz\u0119 i publikuj\u0119 samodzielnie. Ale kiedy zaczyna\u0142am, chcia\u0142am mie\u0107 imi\u0119, kt\u00f3re wygl\u0105da\u0142oby &#8220;profesjonalnie&#8221;&#8230; teraz utkn\u0119\u0142am w tym. Na tej stronie chc\u0119 ci opowiedzie\u0107 troch\u0119 wi\u0119cej o sobie i pokaza\u0107, \u017ce jestem zwyk\u0142ym cz\u0142owiekiem, kt\u00f3ry dzi\u0119ki okoliczno\u015bciom sta\u0142 si\u0119 jednym z najbardziej znanych doradc\u00f3w wakacyjnych na Wyspach Hiszpa\u0144skich.  <\/p>\n<div class=\"wp-block-image\">\n<figure class=\"aligncenter is-resized\"><img loading=\"lazy\" decoding=\"async\" src=\"https:\/\/i1.wp.com\/www.checkedholidays.com\/wp-content\/uploads\/2019\/03\/IMG_20141017_152816-MOTION.gif?fit=768%2C1024&amp;ssl=1\" alt=\"\" class=\"wp-image-3075\" width=\"384\" height=\"512\"\/><figcaption class=\"wp-element-caption\">15 lat w Hiszpanii: Przypadkowe p\u0142ywanie<\/figcaption><\/figure>\n<\/div>\n<p class=\"has-text-align-left wp-block-paragraph\">Wszystko to zacz\u0119\u0142o si\u0119 po tym, jak przez ponad 15 lat mieszka\u0142em i pracowa\u0142em w ca\u0142ej Hiszpanii jako animator hotelowy, barman, kamerzysta i d\u017awi\u0119kowiec. Jednak po wielu latach wykonywania r\u00f3\u017cnych prac na wyspach hiszpa\u0144skich trudno by\u0142o mi znale\u017a\u0107 co\u015b, co sprawia\u0142oby mi przyjemno\u015b\u0107 i by\u0142o moj\u0105 pasj\u0105.<\/p>\n\n<p class=\"has-text-align-left wp-block-paragraph\">Usiad\u0142em wi\u0119c i spr\u00f3bowa\u0142em dowiedzie\u0107 si\u0119, co lubi\u0119 robi\u0107. Patrz\u0105c wstecz na zadania, kt\u00f3re ju\u017c wykonywa\u0142em, doszed\u0142em do wniosku, \u017ce dwie rzeczy naprawd\u0119 mi si\u0119 podoba\u0142y. Dawa\u0142y one ludziom wspania\u0142e wakacje i tworzy\u0142y r\u00f3\u017cne rzeczy. Obie te rzeczy robi\u0142em w poprzednich miejscach pracy, ale oczywi\u015bcie nie mog\u0142em wiecznie pracowa\u0107 jako animator hotelowy w wieku 30+. Po pewnym czasie robi si\u0119 to dziwne. Postanowi\u0142em wi\u0119c ca\u0142kowicie po\u015bwi\u0119ci\u0107 si\u0119 mojemu kana\u0142owi na YouTube i nagra\u0107 tylko 5 film\u00f3w o Majorce, \u017ceby sprawdzi\u0107, czy to si\u0119 uda, czy nie.<\/p>\n\n<p class=\"has-text-align-left wp-block-paragraph\">Zaj\u0119\u0142o to kilka lat, ale obecnie (2022) pomagam ponad <strong>\n  <u>4 miliony ludzi ka\u017cdego roku<\/u>\n  <span style=\"text-decoration: underline;\">na wakacje do Hiszpanii.<\/span>\n<\/strong> To wspania\u0142e, ale dla mnie nie chodzi o liczby. Chodzi o udzielanie uczciwych porad wakacyjnych, kt\u00f3re trudno znale\u017a\u0107 w internecie. Wi\u0119kszo\u015b\u0107 stron firm turystycznych, bloger\u00f3w i modeli z Instagrama, kt\u00f3rzy staraj\u0105 si\u0119, by wszystko wygl\u0105da\u0142o idealnie, jest dok\u0142adnie odwrotna. Poka\u017c\u0119 ci go w takim stanie, w jakim jest, aby\u015b m\u00f3g\u0142 zdecydowa\u0107, czy jest dla ciebie odpowiedni.  <\/p>\n","protected":false},"excerpt":{"rendered":"<p>Tak, CheckHolidays to ja, przeci\u0119tna osoba z prawdziwego zdarzenia&#8230; moje prawdziwe imi\u0119 to Ive. Wszystkie moje przewodniki wakacyjne (w 99%) pisz\u0119, filmuj\u0119, montuj\u0119, tworz\u0119 i publikuj\u0119 samodzielnie. Ale kiedy zaczyna\u0142am, chcia\u0142am mie\u0107 imi\u0119, kt\u00f3re wygl\u0105da\u0142oby &#8220;profesjonalnie&#8221;&#8230; teraz utkn\u0119\u0142am w tym. Na tej stronie chc\u0119 ci opowiedzie\u0107 troch\u0119 wi\u0119cej o sobie i pokaza\u0107, \u017ce jestem zwyk\u0142ym [&hellip;]<\/p>\n","protected":false},"author":1,"featured_media":25060,"parent":0,"menu_order":0,"comment_status":"closed","ping_status":"closed","template":"template-authors.php","meta":{"_crdt_document":"","footnotes":""},"class_list":["post-29012","page","type-page","status-publish","has-post-thumbnail","hentry"],"yoast_head":"<!-- This site is optimized with the Yoast SEO plugin v27.5 - https:\/\/yoast.com\/product\/yoast-seo-wordpress\/ -->\n<title>O mnie<\/title>\n<meta name=\"robots\" content=\"index, follow, max-snippet:-1, max-image-preview:large, max-video-preview:-1\" \/>\n<link rel=\"canonical\" href=\"https:\/\/www.checkedholidays.com\/pl\/about\/\" \/>\n<meta property=\"og:locale\" content=\"pl_PL\" \/>\n<meta property=\"og:type\" content=\"article\" \/>\n<meta property=\"og:title\" content=\"O mnie\" \/>\n<meta property=\"og:description\" content=\"Tak, CheckHolidays to ja, przeci\u0119tna osoba z prawdziwego zdarzenia&#8230; moje prawdziwe imi\u0119 to Ive. Wszystkie moje przewodniki wakacyjne (w 99%) pisz\u0119, filmuj\u0119, montuj\u0119, tworz\u0119 i publikuj\u0119 samodzielnie. Ale kiedy zaczyna\u0142am, chcia\u0142am mie\u0107 imi\u0119, kt\u00f3re wygl\u0105da\u0142oby &#8220;profesjonalnie&#8221;&#8230; teraz utkn\u0119\u0142am w tym. Na tej stronie chc\u0119 ci opowiedzie\u0107 troch\u0119 wi\u0119cej o sobie i pokaza\u0107, \u017ce jestem zwyk\u0142ym [&hellip;]\" \/>\n<meta property=\"og:url\" content=\"https:\/\/www.checkedholidays.com\/pl\/about\/\" \/>\n<meta property=\"og:site_name\" content=\"CheckedHolidays\" \/>\n<meta property=\"article:publisher\" content=\"http:\/\/www.facebook.com\/checkedholidays\" \/>\n<meta property=\"article:modified_time\" content=\"2022-10-19T11:39:58+00:00\" \/>\n<meta property=\"og:image\" content=\"https:\/\/i0.wp.com\/www.checkedholidays.com\/wp-content\/uploads\/2018\/12\/IMG_20141011_135122-600x450.jpg?fit=600%2C450&ssl=1\" \/>\n\t<meta property=\"og:image:width\" content=\"600\" \/>\n\t<meta property=\"og:image:height\" content=\"450\" \/>\n\t<meta property=\"og:image:type\" content=\"image\/jpeg\" \/>\n<meta name=\"twitter:card\" content=\"summary_large_image\" \/>\n<meta name=\"twitter:site\" content=\"@checkedholidays\" \/>\n<meta name=\"twitter:label1\" content=\"Szacowany czas czytania\" \/>\n\t<meta name=\"twitter:data1\" content=\"2 minuty\" \/>\n<script type=\"application\/ld+json\" class=\"yoast-schema-graph\">{\"@context\":\"https:\\\/\\\/schema.org\",\"@graph\":[{\"@type\":\"WebPage\",\"@id\":\"https:\\\/\\\/www.checkedholidays.com\\\/pl\\\/about\\\/\",\"url\":\"https:\\\/\\\/www.checkedholidays.com\\\/pl\\\/about\\\/\",\"name\":\"O mnie\",\"isPartOf\":{\"@id\":\"https:\\\/\\\/www.checkedholidays.com\\\/pl\\\/#website\"},\"primaryImageOfPage\":{\"@id\":\"https:\\\/\\\/www.checkedholidays.com\\\/pl\\\/about\\\/#primaryimage\"},\"image\":{\"@id\":\"https:\\\/\\\/www.checkedholidays.com\\\/pl\\\/about\\\/#primaryimage\"},\"thumbnailUrl\":\"https:\\\/\\\/i0.wp.com\\\/www.checkedholidays.com\\\/wp-content\\\/uploads\\\/2018\\\/12\\\/IMG_20141011_135122-600x450.jpg?fit=600%2C450&ssl=1\",\"datePublished\":\"2022-10-19T11:39:24+00:00\",\"dateModified\":\"2022-10-19T11:39:58+00:00\",\"breadcrumb\":{\"@id\":\"https:\\\/\\\/www.checkedholidays.com\\\/pl\\\/about\\\/#breadcrumb\"},\"inLanguage\":\"pl-PL\",\"potentialAction\":[{\"@type\":\"ReadAction\",\"target\":[\"https:\\\/\\\/www.checkedholidays.com\\\/pl\\\/about\\\/\"]}]},{\"@type\":\"ImageObject\",\"inLanguage\":\"pl-PL\",\"@id\":\"https:\\\/\\\/www.checkedholidays.com\\\/pl\\\/about\\\/#primaryimage\",\"url\":\"https:\\\/\\\/i0.wp.com\\\/www.checkedholidays.com\\\/wp-content\\\/uploads\\\/2018\\\/12\\\/IMG_20141011_135122-600x450.jpg?fit=600%2C450&ssl=1\",\"contentUrl\":\"https:\\\/\\\/i0.wp.com\\\/www.checkedholidays.com\\\/wp-content\\\/uploads\\\/2018\\\/12\\\/IMG_20141011_135122-600x450.jpg?fit=600%2C450&ssl=1\",\"width\":600,\"height\":450},{\"@type\":\"BreadcrumbList\",\"@id\":\"https:\\\/\\\/www.checkedholidays.com\\\/pl\\\/about\\\/#breadcrumb\",\"itemListElement\":[{\"@type\":\"ListItem\",\"position\":1,\"name\":\"Home\",\"item\":\"https:\\\/\\\/www.checkedholidays.com\\\/pl\\\/\"},{\"@type\":\"ListItem\",\"position\":2,\"name\":\"O mnie\"}]},{\"@type\":\"WebSite\",\"@id\":\"https:\\\/\\\/www.checkedholidays.com\\\/pl\\\/#website\",\"url\":\"https:\\\/\\\/www.checkedholidays.com\\\/pl\\\/\",\"name\":\"CheckedHolidays\",\"description\":\"Spanish island holidays... but better!\",\"potentialAction\":[{\"@type\":\"SearchAction\",\"target\":{\"@type\":\"EntryPoint\",\"urlTemplate\":\"https:\\\/\\\/www.checkedholidays.com\\\/pl\\\/?s={search_term_string}\"},\"query-input\":{\"@type\":\"PropertyValueSpecification\",\"valueRequired\":true,\"valueName\":\"search_term_string\"}}],\"inLanguage\":\"pl-PL\"}]}<\/script>\n<!-- \/ Yoast SEO plugin. -->","yoast_head_json":{"title":"O mnie","robots":{"index":"index","follow":"follow","max-snippet":"max-snippet:-1","max-image-preview":"max-image-preview:large","max-video-preview":"max-video-preview:-1"},"canonical":"https:\/\/www.checkedholidays.com\/pl\/about\/","og_locale":"pl_PL","og_type":"article","og_title":"O mnie","og_description":"Tak, CheckHolidays to ja, przeci\u0119tna osoba z prawdziwego zdarzenia&#8230; moje prawdziwe imi\u0119 to Ive. Wszystkie moje przewodniki wakacyjne (w 99%) pisz\u0119, filmuj\u0119, montuj\u0119, tworz\u0119 i publikuj\u0119 samodzielnie. Ale kiedy zaczyna\u0142am, chcia\u0142am mie\u0107 imi\u0119, kt\u00f3re wygl\u0105da\u0142oby &#8220;profesjonalnie&#8221;&#8230; teraz utkn\u0119\u0142am w tym. Na tej stronie chc\u0119 ci opowiedzie\u0107 troch\u0119 wi\u0119cej o sobie i pokaza\u0107, \u017ce jestem zwyk\u0142ym [&hellip;]","og_url":"https:\/\/www.checkedholidays.com\/pl\/about\/","og_site_name":"CheckedHolidays","article_publisher":"http:\/\/www.facebook.com\/checkedholidays","article_modified_time":"2022-10-19T11:39:58+00:00","og_image":[{"width":600,"height":450,"url":"https:\/\/i0.wp.com\/www.checkedholidays.com\/wp-content\/uploads\/2018\/12\/IMG_20141011_135122-600x450.jpg?fit=600%2C450&ssl=1","type":"image\/jpeg"}],"twitter_card":"summary_large_image","twitter_site":"@checkedholidays","twitter_misc":{"Szacowany czas czytania":"2 minuty"},"schema":{"@context":"https:\/\/schema.org","@graph":[{"@type":"WebPage","@id":"https:\/\/www.checkedholidays.com\/pl\/about\/","url":"https:\/\/www.checkedholidays.com\/pl\/about\/","name":"O mnie","isPartOf":{"@id":"https:\/\/www.checkedholidays.com\/pl\/#website"},"primaryImageOfPage":{"@id":"https:\/\/www.checkedholidays.com\/pl\/about\/#primaryimage"},"image":{"@id":"https:\/\/www.checkedholidays.com\/pl\/about\/#primaryimage"},"thumbnailUrl":"https:\/\/i0.wp.com\/www.checkedholidays.com\/wp-content\/uploads\/2018\/12\/IMG_20141011_135122-600x450.jpg?fit=600%2C450&ssl=1","datePublished":"2022-10-19T11:39:24+00:00","dateModified":"2022-10-19T11:39:58+00:00","breadcrumb":{"@id":"https:\/\/www.checkedholidays.com\/pl\/about\/#breadcrumb"},"inLanguage":"pl-PL","potentialAction":[{"@type":"ReadAction","target":["https:\/\/www.checkedholidays.com\/pl\/about\/"]}]},{"@type":"ImageObject","inLanguage":"pl-PL","@id":"https:\/\/www.checkedholidays.com\/pl\/about\/#primaryimage","url":"https:\/\/i0.wp.com\/www.checkedholidays.com\/wp-content\/uploads\/2018\/12\/IMG_20141011_135122-600x450.jpg?fit=600%2C450&ssl=1","contentUrl":"https:\/\/i0.wp.com\/www.checkedholidays.com\/wp-content\/uploads\/2018\/12\/IMG_20141011_135122-600x450.jpg?fit=600%2C450&ssl=1","width":600,"height":450},{"@type":"BreadcrumbList","@id":"https:\/\/www.checkedholidays.com\/pl\/about\/#breadcrumb","itemListElement":[{"@type":"ListItem","position":1,"name":"Home","item":"https:\/\/www.checkedholidays.com\/pl\/"},{"@type":"ListItem","position":2,"name":"O mnie"}]},{"@type":"WebSite","@id":"https:\/\/www.checkedholidays.com\/pl\/#website","url":"https:\/\/www.checkedholidays.com\/pl\/","name":"CheckedHolidays","description":"Spanish island holidays... but better!","potentialAction":[{"@type":"SearchAction","target":{"@type":"EntryPoint","urlTemplate":"https:\/\/www.checkedholidays.com\/pl\/?s={search_term_string}"},"query-input":{"@type":"PropertyValueSpecification","valueRequired":true,"valueName":"search_term_string"}}],"inLanguage":"pl-PL"}]}},"jetpack_sharing_enabled":true,"_links":{"self":[{"href":"https:\/\/www.checkedholidays.com\/pl\/wp-json\/wp\/v2\/pages\/29012","targetHints":{"allow":["GET"]}}],"collection":[{"href":"https:\/\/www.checkedholidays.com\/pl\/wp-json\/wp\/v2\/pages"}],"about":[{"href":"https:\/\/www.checkedholidays.com\/pl\/wp-json\/wp\/v2\/types\/page"}],"author":[{"embeddable":true,"href":"https:\/\/www.checkedholidays.com\/pl\/wp-json\/wp\/v2\/users\/1"}],"replies":[{"embeddable":true,"href":"https:\/\/www.checkedholidays.com\/pl\/wp-json\/wp\/v2\/comments?post=29012"}],"version-history":[{"count":3,"href":"https:\/\/www.checkedholidays.com\/pl\/wp-json\/wp\/v2\/pages\/29012\/revisions"}],"predecessor-version":[{"id":29015,"href":"https:\/\/www.checkedholidays.com\/pl\/wp-json\/wp\/v2\/pages\/29012\/revisions\/29015"}],"wp:featuredmedia":[{"embeddable":true,"href":"https:\/\/www.checkedholidays.com\/pl\/wp-json\/wp\/v2\/media\/25060"}],"wp:attachment":[{"href":"https:\/\/www.checkedholidays.com\/pl\/wp-json\/wp\/v2\/media?parent=29012"}],"curies":[{"name":"wp","href":"https:\/\/api.w.org\/{rel}","templated":true}]}}