{"id":28940,"date":"2022-10-19T11:36:40","date_gmt":"2022-10-19T11:36:40","guid":{"rendered":"https:\/\/www.checkedholidays.com\/about-checkedholidays\/"},"modified":"2023-12-02T12:35:47","modified_gmt":"2023-12-02T12:35:47","slug":"about-checkedholidays","status":"publish","type":"page","link":"https:\/\/www.checkedholidays.com\/pl\/about-checkedholidays\/","title":{"rendered":"O CheckedHolidays"},"content":{"rendered":"\n<p class=\"wp-block-paragraph\">CheckedHolidays zosta\u0142o za\u0142o\u017cone w 2012 roku po zauwa\u017ceniu wielu b\u0142\u0119dnych informacji w Internecie na temat wakacji na Wyspach Hiszpa\u0144skich. Ta dezinformacja negatywnie wp\u0142yn\u0119\u0142a na wakacje ludzi, wi\u0119c nagrali\u015bmy film na YouTube, aby sprostowa\u0107 te b\u0142\u0119dne informacje. Po tym, jak zosta\u0142 przyj\u0119ty i umieszczony w Expressie, osi\u0105gn\u0105\u0142 ponad 100 000 widz\u00f3w. Stamt\u0105d czerpali\u015bmy inspiracj\u0119, by robi\u0107 wi\u0119cej!<\/p>\n\n<p class=\"has-text-align-center has-large-font-size wp-block-paragraph\"><strong>Kontakt<\/strong><\/p>\n\n<p class=\"has-text-align-center has-large-font-size wp-block-paragraph\"><strong>info(at)CheckedHolidays.com<\/strong><\/p>\n\n<h2 class=\"wp-block-heading\">Strona<\/h2>\n\n<p class=\"wp-block-paragraph\">Rok 2019 by\u0142 pierwszym pe\u0142nym rokiem dla strony internetowej, docieraj\u0105cej do oko\u0142o 1 000 czytelnik\u00f3w ka\u017cdego miesi\u0105ca. Teraz, w 2022 r., ka\u017cdego miesi\u0105ca przybywa ponad 30 000 unikalnych czytelnik\u00f3w w j\u0119zyku angielskim.  <\/p>\n\n<p class=\"wp-block-paragraph\">Od sierpnia 2022 r. strona jest dost\u0119pna we wszystkich g\u0142\u00f3wnych j\u0119zykach europejskich, dzi\u0119ki czemu liczba czytelnik\u00f3w ro\u015bnie jeszcze szybciej.<\/p>\n\n<p class=\"wp-block-paragraph\">Celem tej strony internetowej w 2023 r. jest pomoc ponad <strong>\n  <span style=\"text-decoration: underline;\">P\u00d3\u0141 MILIONA<\/span>\n<\/strong> ludzi mia\u0142o lepsze wakacje!<\/p>\n\n<figure class=\"wp-block-image size-large\"><img data-recalc-dims=\"1\" loading=\"lazy\" decoding=\"async\" width=\"1024\" height=\"233\" src=\"https:\/\/i0.wp.com\/www.checkedholidays.com\/wp-content\/uploads\/2023\/01\/Screenshot-2023-01-28-at-20.09.55.png?resize=1024%2C233&#038;ssl=1\" alt=\"\" class=\"wp-image-37413\" srcset=\"https:\/\/i0.wp.com\/www.checkedholidays.com\/wp-content\/uploads\/2023\/01\/Screenshot-2023-01-28-at-20.09.55.png?resize=1024%2C233&amp;ssl=1 1024w, https:\/\/i0.wp.com\/www.checkedholidays.com\/wp-content\/uploads\/2023\/01\/Screenshot-2023-01-28-at-20.09.55.png?resize=300%2C68&amp;ssl=1 300w, https:\/\/i0.wp.com\/www.checkedholidays.com\/wp-content\/uploads\/2023\/01\/Screenshot-2023-01-28-at-20.09.55.png?resize=768%2C175&amp;ssl=1 768w, https:\/\/i0.wp.com\/www.checkedholidays.com\/wp-content\/uploads\/2023\/01\/Screenshot-2023-01-28-at-20.09.55.png?resize=1536%2C350&amp;ssl=1 1536w, https:\/\/i0.wp.com\/www.checkedholidays.com\/wp-content\/uploads\/2023\/01\/Screenshot-2023-01-28-at-20.09.55.png?resize=1920%2C437&amp;ssl=1 1920w, https:\/\/i0.wp.com\/www.checkedholidays.com\/wp-content\/uploads\/2023\/01\/Screenshot-2023-01-28-at-20.09.55.png?resize=600%2C137&amp;ssl=1 600w, https:\/\/i0.wp.com\/www.checkedholidays.com\/wp-content\/uploads\/2023\/01\/Screenshot-2023-01-28-at-20.09.55.png?resize=800%2C182&amp;ssl=1 800w, https:\/\/i0.wp.com\/www.checkedholidays.com\/wp-content\/uploads\/2023\/01\/Screenshot-2023-01-28-at-20.09.55.png?w=1968&amp;ssl=1 1968w\" sizes=\"auto, (max-width: 1024px) 100vw, 1024px\" \/><\/figure>\n\n<h2 class=\"wp-block-heading\">YouTube<\/h2>\n\n<p class=\"wp-block-paragraph\">Kana\u0142 na <a href=\"http:\/\/youtube.com\/checkedholidays\">YouTube<\/a> rozpocz\u0105\u0142 dzia\u0142alno\u015b\u0107 w 2012 roku, ale w 2015 roku przyby\u0142o na nim wi\u0119cej film\u00f3w, a w 2018 jeszcze wi\u0119cej. Po ogromnym spadku ogl\u0105dalno\u015bci w 2020 r. z powodu ogranicze\u0144 w podr\u00f3\u017cowaniu, obecnie osi\u0105ga ponad 125 000 widz\u00f3w ka\u017cdego miesi\u0105ca i ro\u015bnie.<\/p>\n\n<figure class=\"wp-block-image size-large\"><img data-recalc-dims=\"1\" loading=\"lazy\" decoding=\"async\" width=\"1024\" height=\"230\" src=\"https:\/\/i0.wp.com\/www.checkedholidays.com\/wp-content\/uploads\/2023\/01\/Screenshot-2023-01-28-at-20.14.02.png?resize=1024%2C230&#038;ssl=1\" alt=\"\" class=\"wp-image-37429\" srcset=\"https:\/\/i0.wp.com\/www.checkedholidays.com\/wp-content\/uploads\/2023\/01\/Screenshot-2023-01-28-at-20.14.02.png?resize=1024%2C230&amp;ssl=1 1024w, https:\/\/i0.wp.com\/www.checkedholidays.com\/wp-content\/uploads\/2023\/01\/Screenshot-2023-01-28-at-20.14.02.png?resize=300%2C67&amp;ssl=1 300w, https:\/\/i0.wp.com\/www.checkedholidays.com\/wp-content\/uploads\/2023\/01\/Screenshot-2023-01-28-at-20.14.02.png?resize=768%2C172&amp;ssl=1 768w, https:\/\/i0.wp.com\/www.checkedholidays.com\/wp-content\/uploads\/2023\/01\/Screenshot-2023-01-28-at-20.14.02.png?resize=1536%2C345&amp;ssl=1 1536w, https:\/\/i0.wp.com\/www.checkedholidays.com\/wp-content\/uploads\/2023\/01\/Screenshot-2023-01-28-at-20.14.02.png?resize=2048%2C460&amp;ssl=1 2048w, https:\/\/i0.wp.com\/www.checkedholidays.com\/wp-content\/uploads\/2023\/01\/Screenshot-2023-01-28-at-20.14.02.png?resize=1920%2C431&amp;ssl=1 1920w, https:\/\/i0.wp.com\/www.checkedholidays.com\/wp-content\/uploads\/2023\/01\/Screenshot-2023-01-28-at-20.14.02.png?resize=600%2C135&amp;ssl=1 600w, https:\/\/i0.wp.com\/www.checkedholidays.com\/wp-content\/uploads\/2023\/01\/Screenshot-2023-01-28-at-20.14.02.png?resize=800%2C180&amp;ssl=1 800w, https:\/\/i0.wp.com\/www.checkedholidays.com\/wp-content\/uploads\/2023\/01\/Screenshot-2023-01-28-at-20.14.02.png?w=2388&amp;ssl=1 2388w\" sizes=\"auto, (max-width: 1024px) 100vw, 1024px\" \/><\/figure>\n\n<h2 class=\"wp-block-heading\">Wsp\u00f3\u0142praca i reklama<\/h2>\n\n<p class=\"wp-block-paragraph\">Na CheckedHolidays.com rozmawiamy o z\u0142ych i dobrych stronach wakacyjnych destynacji, aby udzieli\u0107 Ci najlepszych wakacyjnych porad. Jest to jeden z powod\u00f3w, dla kt\u00f3rych nasza strona cieszy si\u0119<strong> zaufaniem i sympati\u0105 coraz wi\u0119kszej liczby czytelnik\u00f3w<\/strong>. Aby nadal oferowa\u0107 wysokiej jako\u015bci niezale\u017cne porady wakacyjne, nie prowadzimy p\u0142atnych promocji produkt\u00f3w lub us\u0142ug, w kt\u00f3re nie wierzymy. Je\u015bli jednak uwa\u017casz, \u017ce przeoczyli\u015bmy Tw\u00f3j hotel, o\u015brodek, atrakcj\u0119, wycieczk\u0119 lub us\u0142ug\u0119 i chcesz, aby\u015bmy umie\u015bcili je bezp\u0142atnie na stronie internetowej. Skontaktuj si\u0119 z nami, a po osobistej weryfikacji mo\u017cesz zosta\u0107 uwzgl\u0119dniony.<\/p>\n\n<p class=\"has-text-align-center has-large-font-size wp-block-paragraph\"><strong>Kontakt<\/strong><\/p>\n\n<p class=\"has-text-align-center has-large-font-size wp-block-paragraph\"><strong>info(at)CheckedHolidays.com<\/strong><\/p>\n","protected":false},"excerpt":{"rendered":"<p>CheckedHolidays zosta\u0142o za\u0142o\u017cone w 2012 roku po zauwa\u017ceniu wielu b\u0142\u0119dnych informacji w Internecie na temat wakacji na Wyspach Hiszpa\u0144skich. Ta dezinformacja negatywnie wp\u0142yn\u0119\u0142a na wakacje ludzi, wi\u0119c nagrali\u015bmy film na YouTube, aby sprostowa\u0107 te b\u0142\u0119dne informacje. Po tym, jak zosta\u0142 przyj\u0119ty i umieszczony w Expressie, osi\u0105gn\u0105\u0142 ponad 100 000 widz\u00f3w. Stamt\u0105d czerpali\u015bmy inspiracj\u0119, by robi\u0107 [&hellip;]<\/p>\n","protected":false},"author":1,"featured_media":25941,"parent":0,"menu_order":0,"comment_status":"closed","ping_status":"closed","template":"","meta":{"_crdt_document":"","footnotes":""},"class_list":["post-28940","page","type-page","status-publish","has-post-thumbnail","hentry"],"yoast_head":"<!-- This site is optimized with the Yoast SEO plugin v27.5 - https:\/\/yoast.com\/product\/yoast-seo-wordpress\/ -->\n<title>O CheckedHolidays<\/title>\n<meta name=\"robots\" content=\"index, follow, max-snippet:-1, max-image-preview:large, max-video-preview:-1\" \/>\n<link rel=\"canonical\" href=\"https:\/\/www.checkedholidays.com\/pl\/about-checkedholidays\/\" \/>\n<meta property=\"og:locale\" content=\"pl_PL\" \/>\n<meta property=\"og:type\" content=\"article\" \/>\n<meta property=\"og:title\" content=\"O CheckedHolidays\" \/>\n<meta property=\"og:description\" content=\"CheckedHolidays zosta\u0142o za\u0142o\u017cone w 2012 roku po zauwa\u017ceniu wielu b\u0142\u0119dnych informacji w Internecie na temat wakacji na Wyspach Hiszpa\u0144skich. Ta dezinformacja negatywnie wp\u0142yn\u0119\u0142a na wakacje ludzi, wi\u0119c nagrali\u015bmy film na YouTube, aby sprostowa\u0107 te b\u0142\u0119dne informacje. Po tym, jak zosta\u0142 przyj\u0119ty i umieszczony w Expressie, osi\u0105gn\u0105\u0142 ponad 100 000 widz\u00f3w. Stamt\u0105d czerpali\u015bmy inspiracj\u0119, by robi\u0107 [&hellip;]\" \/>\n<meta property=\"og:url\" content=\"https:\/\/www.checkedholidays.com\/pl\/about-checkedholidays\/\" \/>\n<meta property=\"og:site_name\" content=\"CheckedHolidays\" \/>\n<meta property=\"article:publisher\" content=\"http:\/\/www.facebook.com\/checkedholidays\" \/>\n<meta property=\"article:modified_time\" content=\"2023-12-02T12:35:47+00:00\" \/>\n<meta property=\"og:image\" content=\"https:\/\/i0.wp.com\/www.checkedholidays.com\/wp-content\/uploads\/2022\/06\/Website-growth.png?fit=1874%2C452&ssl=1\" \/>\n\t<meta property=\"og:image:width\" content=\"1874\" \/>\n\t<meta property=\"og:image:height\" content=\"452\" \/>\n\t<meta property=\"og:image:type\" content=\"image\/png\" \/>\n<meta name=\"twitter:card\" content=\"summary_large_image\" \/>\n<meta name=\"twitter:site\" content=\"@checkedholidays\" \/>\n<meta name=\"twitter:label1\" content=\"Szacowany czas czytania\" \/>\n\t<meta name=\"twitter:data1\" content=\"2 minuty\" \/>\n<script type=\"application\/ld+json\" class=\"yoast-schema-graph\">{\"@context\":\"https:\\\/\\\/schema.org\",\"@graph\":[{\"@type\":\"WebPage\",\"@id\":\"https:\\\/\\\/www.checkedholidays.com\\\/pl\\\/about-checkedholidays\\\/\",\"url\":\"https:\\\/\\\/www.checkedholidays.com\\\/pl\\\/about-checkedholidays\\\/\",\"name\":\"O CheckedHolidays\",\"isPartOf\":{\"@id\":\"https:\\\/\\\/www.checkedholidays.com\\\/pl\\\/#website\"},\"primaryImageOfPage\":{\"@id\":\"https:\\\/\\\/www.checkedholidays.com\\\/pl\\\/about-checkedholidays\\\/#primaryimage\"},\"image\":{\"@id\":\"https:\\\/\\\/www.checkedholidays.com\\\/pl\\\/about-checkedholidays\\\/#primaryimage\"},\"thumbnailUrl\":\"https:\\\/\\\/i0.wp.com\\\/www.checkedholidays.com\\\/wp-content\\\/uploads\\\/2022\\\/06\\\/Website-growth.png?fit=1874%2C452&ssl=1\",\"datePublished\":\"2022-10-19T11:36:40+00:00\",\"dateModified\":\"2023-12-02T12:35:47+00:00\",\"breadcrumb\":{\"@id\":\"https:\\\/\\\/www.checkedholidays.com\\\/pl\\\/about-checkedholidays\\\/#breadcrumb\"},\"inLanguage\":\"pl-PL\",\"potentialAction\":[{\"@type\":\"ReadAction\",\"target\":[\"https:\\\/\\\/www.checkedholidays.com\\\/pl\\\/about-checkedholidays\\\/\"]}]},{\"@type\":\"ImageObject\",\"inLanguage\":\"pl-PL\",\"@id\":\"https:\\\/\\\/www.checkedholidays.com\\\/pl\\\/about-checkedholidays\\\/#primaryimage\",\"url\":\"https:\\\/\\\/i0.wp.com\\\/www.checkedholidays.com\\\/wp-content\\\/uploads\\\/2022\\\/06\\\/Website-growth.png?fit=1874%2C452&ssl=1\",\"contentUrl\":\"https:\\\/\\\/i0.wp.com\\\/www.checkedholidays.com\\\/wp-content\\\/uploads\\\/2022\\\/06\\\/Website-growth.png?fit=1874%2C452&ssl=1\",\"width\":1874,\"height\":452},{\"@type\":\"BreadcrumbList\",\"@id\":\"https:\\\/\\\/www.checkedholidays.com\\\/pl\\\/about-checkedholidays\\\/#breadcrumb\",\"itemListElement\":[{\"@type\":\"ListItem\",\"position\":1,\"name\":\"Home\",\"item\":\"https:\\\/\\\/www.checkedholidays.com\\\/pl\\\/\"},{\"@type\":\"ListItem\",\"position\":2,\"name\":\"O CheckedHolidays\"}]},{\"@type\":\"WebSite\",\"@id\":\"https:\\\/\\\/www.checkedholidays.com\\\/pl\\\/#website\",\"url\":\"https:\\\/\\\/www.checkedholidays.com\\\/pl\\\/\",\"name\":\"CheckedHolidays\",\"description\":\"Spanish island holidays... but better!\",\"potentialAction\":[{\"@type\":\"SearchAction\",\"target\":{\"@type\":\"EntryPoint\",\"urlTemplate\":\"https:\\\/\\\/www.checkedholidays.com\\\/pl\\\/?s={search_term_string}\"},\"query-input\":{\"@type\":\"PropertyValueSpecification\",\"valueRequired\":true,\"valueName\":\"search_term_string\"}}],\"inLanguage\":\"pl-PL\"}]}<\/script>\n<!-- \/ Yoast SEO plugin. -->","yoast_head_json":{"title":"O CheckedHolidays","robots":{"index":"index","follow":"follow","max-snippet":"max-snippet:-1","max-image-preview":"max-image-preview:large","max-video-preview":"max-video-preview:-1"},"canonical":"https:\/\/www.checkedholidays.com\/pl\/about-checkedholidays\/","og_locale":"pl_PL","og_type":"article","og_title":"O CheckedHolidays","og_description":"CheckedHolidays zosta\u0142o za\u0142o\u017cone w 2012 roku po zauwa\u017ceniu wielu b\u0142\u0119dnych informacji w Internecie na temat wakacji na Wyspach Hiszpa\u0144skich. Ta dezinformacja negatywnie wp\u0142yn\u0119\u0142a na wakacje ludzi, wi\u0119c nagrali\u015bmy film na YouTube, aby sprostowa\u0107 te b\u0142\u0119dne informacje. Po tym, jak zosta\u0142 przyj\u0119ty i umieszczony w Expressie, osi\u0105gn\u0105\u0142 ponad 100 000 widz\u00f3w. Stamt\u0105d czerpali\u015bmy inspiracj\u0119, by robi\u0107 [&hellip;]","og_url":"https:\/\/www.checkedholidays.com\/pl\/about-checkedholidays\/","og_site_name":"CheckedHolidays","article_publisher":"http:\/\/www.facebook.com\/checkedholidays","article_modified_time":"2023-12-02T12:35:47+00:00","og_image":[{"width":1874,"height":452,"url":"https:\/\/i0.wp.com\/www.checkedholidays.com\/wp-content\/uploads\/2022\/06\/Website-growth.png?fit=1874%2C452&ssl=1","type":"image\/png"}],"twitter_card":"summary_large_image","twitter_site":"@checkedholidays","twitter_misc":{"Szacowany czas czytania":"2 minuty"},"schema":{"@context":"https:\/\/schema.org","@graph":[{"@type":"WebPage","@id":"https:\/\/www.checkedholidays.com\/pl\/about-checkedholidays\/","url":"https:\/\/www.checkedholidays.com\/pl\/about-checkedholidays\/","name":"O CheckedHolidays","isPartOf":{"@id":"https:\/\/www.checkedholidays.com\/pl\/#website"},"primaryImageOfPage":{"@id":"https:\/\/www.checkedholidays.com\/pl\/about-checkedholidays\/#primaryimage"},"image":{"@id":"https:\/\/www.checkedholidays.com\/pl\/about-checkedholidays\/#primaryimage"},"thumbnailUrl":"https:\/\/i0.wp.com\/www.checkedholidays.com\/wp-content\/uploads\/2022\/06\/Website-growth.png?fit=1874%2C452&ssl=1","datePublished":"2022-10-19T11:36:40+00:00","dateModified":"2023-12-02T12:35:47+00:00","breadcrumb":{"@id":"https:\/\/www.checkedholidays.com\/pl\/about-checkedholidays\/#breadcrumb"},"inLanguage":"pl-PL","potentialAction":[{"@type":"ReadAction","target":["https:\/\/www.checkedholidays.com\/pl\/about-checkedholidays\/"]}]},{"@type":"ImageObject","inLanguage":"pl-PL","@id":"https:\/\/www.checkedholidays.com\/pl\/about-checkedholidays\/#primaryimage","url":"https:\/\/i0.wp.com\/www.checkedholidays.com\/wp-content\/uploads\/2022\/06\/Website-growth.png?fit=1874%2C452&ssl=1","contentUrl":"https:\/\/i0.wp.com\/www.checkedholidays.com\/wp-content\/uploads\/2022\/06\/Website-growth.png?fit=1874%2C452&ssl=1","width":1874,"height":452},{"@type":"BreadcrumbList","@id":"https:\/\/www.checkedholidays.com\/pl\/about-checkedholidays\/#breadcrumb","itemListElement":[{"@type":"ListItem","position":1,"name":"Home","item":"https:\/\/www.checkedholidays.com\/pl\/"},{"@type":"ListItem","position":2,"name":"O CheckedHolidays"}]},{"@type":"WebSite","@id":"https:\/\/www.checkedholidays.com\/pl\/#website","url":"https:\/\/www.checkedholidays.com\/pl\/","name":"CheckedHolidays","description":"Spanish island holidays... but better!","potentialAction":[{"@type":"SearchAction","target":{"@type":"EntryPoint","urlTemplate":"https:\/\/www.checkedholidays.com\/pl\/?s={search_term_string}"},"query-input":{"@type":"PropertyValueSpecification","valueRequired":true,"valueName":"search_term_string"}}],"inLanguage":"pl-PL"}]}},"jetpack_sharing_enabled":true,"_links":{"self":[{"href":"https:\/\/www.checkedholidays.com\/pl\/wp-json\/wp\/v2\/pages\/28940","targetHints":{"allow":["GET"]}}],"collection":[{"href":"https:\/\/www.checkedholidays.com\/pl\/wp-json\/wp\/v2\/pages"}],"about":[{"href":"https:\/\/www.checkedholidays.com\/pl\/wp-json\/wp\/v2\/types\/page"}],"author":[{"embeddable":true,"href":"https:\/\/www.checkedholidays.com\/pl\/wp-json\/wp\/v2\/users\/1"}],"replies":[{"embeddable":true,"href":"https:\/\/www.checkedholidays.com\/pl\/wp-json\/wp\/v2\/comments?post=28940"}],"version-history":[{"count":5,"href":"https:\/\/www.checkedholidays.com\/pl\/wp-json\/wp\/v2\/pages\/28940\/revisions"}],"predecessor-version":[{"id":78413,"href":"https:\/\/www.checkedholidays.com\/pl\/wp-json\/wp\/v2\/pages\/28940\/revisions\/78413"}],"wp:featuredmedia":[{"embeddable":true,"href":"https:\/\/www.checkedholidays.com\/pl\/wp-json\/wp\/v2\/media\/25941"}],"wp:attachment":[{"href":"https:\/\/www.checkedholidays.com\/pl\/wp-json\/wp\/v2\/media?parent=28940"}],"curies":[{"name":"wp","href":"https:\/\/api.w.org\/{rel}","templated":true}]}}