{"id":111858,"date":"2026-01-13T11:54:27","date_gmt":"2026-01-13T11:54:27","guid":{"rendered":"https:\/\/www.checkedholidays.com\/home\/"},"modified":"2026-02-23T13:22:05","modified_gmt":"2026-02-23T13:22:05","slug":"home","status":"publish","type":"page","link":"https:\/\/www.checkedholidays.com\/no\/","title":{"rendered":"Hjemmeside"},"content":{"rendered":"\n<h2 class=\"wp-block-heading has-text-align-center\"><strong>Finn din ideelle ferie p\u00e5 de spanske \u00f8yene<\/strong><\/h2>\n\n<p class=\"wp-block-paragraph\">Flott hele \u00e5ret rundt<\/p>\n\n<ul class=\"wp-block-list\">\n<li><strong><u><a href=\"https:\/\/www.checkedholidays.com\/no\/guide\/tenerife-no\/\" type=\"category\" id=\"59\">Tenerife<\/a><\/u><\/strong> &#8211; Best for familier som \u00f8nsker variasjon, attraksjoner og bekvemmelighet.<\/li>\n\n\n\n<li><strong><u><a href=\"https:\/\/www.checkedholidays.com\/no\/tag\/gran-canaria-no\/\" type=\"category\" id=\"60\">Gran Canaria<\/a><\/u><\/strong> &#8211; Best for par og voksne som \u00f8nsker natteliv, restauranter og shopping.<\/li>\n\n\n\n<li><strong><u><a href=\"https:\/\/www.checkedholidays.com\/no\/tag\/lanzarote-no\/\" type=\"category\" id=\"61\">Lanzarote<\/a><\/u><\/strong> &#8211; Best for all-inclusive-ferier og avslappende ferier.<\/li>\n\n\n\n<li><strong><u><a href=\"https:\/\/www.checkedholidays.com\/no\/guide\/fuerteventura-no\/\" type=\"category\" id=\"309\">Fuerteventura<\/a><\/u><\/strong> &#8211; Best for strandferier med mye plass.<\/li>\n<\/ul>\n\n<p class=\"wp-block-paragraph\">Best fra mai til oktober<\/p>\n\n<ul class=\"wp-block-list\">\n<li><strong><u><a href=\"https:\/\/www.checkedholidays.com\/no\/tag\/mallorca-no\/\" type=\"category\" id=\"57\">Mallorca<\/a><\/u><\/strong> &#8211; Passer best for familier og de som \u00f8nsker strand, utflukter og mange valgmuligheter.<\/li>\n\n\n\n<li><strong><u><a href=\"https:\/\/www.checkedholidays.com\/no\/guide\/menorca-no\/\" type=\"category\" id=\"91\">Menorca<\/a><\/u><\/strong> &#8211; Best for roligere, avslappede og familievennlige ferier med autentisk sjarm.  <\/li>\n\n\n\n<li><strong><u><a href=\"https:\/\/www.checkedholidays.com\/no\/guide\/ibiza-no\/\" type=\"category\" id=\"633\">Ibiza<\/a><\/u><\/strong> &#8211; Best for voksne, par, natteliv, strandklubber og stilige feriedestinasjoner.<\/li>\n<\/ul>\n","protected":false},"excerpt":{"rendered":"<p>Finn din ideelle ferie p\u00e5 de spanske \u00f8yene Flott hele \u00e5ret rundt Best fra mai til oktober<\/p>\n","protected":false},"author":1,"featured_media":0,"parent":0,"menu_order":0,"comment_status":"closed","ping_status":"closed","template":"","meta":{"_crdt_document":"","footnotes":""},"class_list":["post-111858","page","type-page","status-publish","hentry"],"yoast_head":"<!-- This site is optimized with the Yoast SEO plugin v27.2 - https:\/\/yoast.com\/product\/yoast-seo-wordpress\/ -->\n<title>Finn din ideelle ferie p\u00e5 de spanske \u00f8yene<\/title>\n<meta name=\"description\" content=\"Oppdag din ideelle ferie p\u00e5 de spanske \u00f8yene, guidet av en ekspert med over 20 \u00e5rs erfaring.\" \/>\n<meta name=\"robots\" content=\"index, follow, max-snippet:-1, max-image-preview:large, max-video-preview:-1\" \/>\n<link rel=\"canonical\" href=\"https:\/\/www.checkedholidays.com\/no\/\" \/>\n<meta property=\"og:locale\" content=\"nb_NO\" \/>\n<meta property=\"og:type\" content=\"article\" \/>\n<meta property=\"og:title\" content=\"Finn din ideelle ferie p\u00e5 de spanske \u00f8yene\" \/>\n<meta property=\"og:description\" content=\"Oppdag din ideelle ferie p\u00e5 de spanske \u00f8yene, guidet av en ekspert med over 20 \u00e5rs erfaring.\" \/>\n<meta property=\"og:url\" content=\"https:\/\/www.checkedholidays.com\/no\/\" \/>\n<meta property=\"og:site_name\" content=\"CheckedHolidays\" \/>\n<meta property=\"article:publisher\" content=\"http:\/\/www.facebook.com\/checkedholidays\" \/>\n<meta property=\"article:modified_time\" content=\"2026-02-23T13:22:05+00:00\" \/>\n<meta name=\"twitter:card\" content=\"summary_large_image\" \/>\n<meta name=\"twitter:site\" content=\"@checkedholidays\" \/>\n<script type=\"application\/ld+json\" class=\"yoast-schema-graph\">{\"@context\":\"https:\/\/schema.org\",\"@graph\":[{\"@type\":\"WebPage\",\"@id\":\"https:\/\/www.checkedholidays.com\/no\/\",\"url\":\"https:\/\/www.checkedholidays.com\/no\/\",\"name\":\"Finn din ideelle ferie p\u00e5 de spanske \u00f8yene\",\"isPartOf\":{\"@id\":\"https:\/\/www.checkedholidays.com\/no\/#website\"},\"datePublished\":\"2026-01-13T11:54:27+00:00\",\"dateModified\":\"2026-02-23T13:22:05+00:00\",\"description\":\"Oppdag din ideelle ferie p\u00e5 de spanske \u00f8yene, guidet av en ekspert med over 20 \u00e5rs erfaring.\",\"breadcrumb\":{\"@id\":\"https:\/\/www.checkedholidays.com\/no\/#breadcrumb\"},\"inLanguage\":\"nb-NO\",\"potentialAction\":[{\"@type\":\"ReadAction\",\"target\":[\"https:\/\/www.checkedholidays.com\/no\/\"]}]},{\"@type\":\"BreadcrumbList\",\"@id\":\"https:\/\/www.checkedholidays.com\/no\/#breadcrumb\",\"itemListElement\":[{\"@type\":\"ListItem\",\"position\":1,\"name\":\"Home\",\"item\":\"https:\/\/www.checkedholidays.com\/no\/\"},{\"@type\":\"ListItem\",\"position\":2,\"name\":\"Hjemmeside\"}]},{\"@type\":\"WebSite\",\"@id\":\"https:\/\/www.checkedholidays.com\/no\/#website\",\"url\":\"https:\/\/www.checkedholidays.com\/no\/\",\"name\":\"CheckedHolidays\",\"description\":\"Spanish island holidays... but better!\",\"potentialAction\":[{\"@type\":\"SearchAction\",\"target\":{\"@type\":\"EntryPoint\",\"urlTemplate\":\"https:\/\/www.checkedholidays.com\/no\/?s={search_term_string}\"},\"query-input\":{\"@type\":\"PropertyValueSpecification\",\"valueRequired\":true,\"valueName\":\"search_term_string\"}}],\"inLanguage\":\"nb-NO\"}]}<\/script>\n<!-- \/ Yoast SEO plugin. -->","yoast_head_json":{"title":"Finn din ideelle ferie p\u00e5 de spanske \u00f8yene","description":"Oppdag din ideelle ferie p\u00e5 de spanske \u00f8yene, guidet av en ekspert med over 20 \u00e5rs erfaring.","robots":{"index":"index","follow":"follow","max-snippet":"max-snippet:-1","max-image-preview":"max-image-preview:large","max-video-preview":"max-video-preview:-1"},"canonical":"https:\/\/www.checkedholidays.com\/no\/","og_locale":"nb_NO","og_type":"article","og_title":"Finn din ideelle ferie p\u00e5 de spanske \u00f8yene","og_description":"Oppdag din ideelle ferie p\u00e5 de spanske \u00f8yene, guidet av en ekspert med over 20 \u00e5rs erfaring.","og_url":"https:\/\/www.checkedholidays.com\/no\/","og_site_name":"CheckedHolidays","article_publisher":"http:\/\/www.facebook.com\/checkedholidays","article_modified_time":"2026-02-23T13:22:05+00:00","twitter_card":"summary_large_image","twitter_site":"@checkedholidays","schema":{"@context":"https:\/\/schema.org","@graph":[{"@type":"WebPage","@id":"https:\/\/www.checkedholidays.com\/no\/","url":"https:\/\/www.checkedholidays.com\/no\/","name":"Finn din ideelle ferie p\u00e5 de spanske \u00f8yene","isPartOf":{"@id":"https:\/\/www.checkedholidays.com\/no\/#website"},"datePublished":"2026-01-13T11:54:27+00:00","dateModified":"2026-02-23T13:22:05+00:00","description":"Oppdag din ideelle ferie p\u00e5 de spanske \u00f8yene, guidet av en ekspert med over 20 \u00e5rs erfaring.","breadcrumb":{"@id":"https:\/\/www.checkedholidays.com\/no\/#breadcrumb"},"inLanguage":"nb-NO","potentialAction":[{"@type":"ReadAction","target":["https:\/\/www.checkedholidays.com\/no\/"]}]},{"@type":"BreadcrumbList","@id":"https:\/\/www.checkedholidays.com\/no\/#breadcrumb","itemListElement":[{"@type":"ListItem","position":1,"name":"Home","item":"https:\/\/www.checkedholidays.com\/no\/"},{"@type":"ListItem","position":2,"name":"Hjemmeside"}]},{"@type":"WebSite","@id":"https:\/\/www.checkedholidays.com\/no\/#website","url":"https:\/\/www.checkedholidays.com\/no\/","name":"CheckedHolidays","description":"Spanish island holidays... but better!","potentialAction":[{"@type":"SearchAction","target":{"@type":"EntryPoint","urlTemplate":"https:\/\/www.checkedholidays.com\/no\/?s={search_term_string}"},"query-input":{"@type":"PropertyValueSpecification","valueRequired":true,"valueName":"search_term_string"}}],"inLanguage":"nb-NO"}]}},"jetpack_sharing_enabled":true,"_links":{"self":[{"href":"https:\/\/www.checkedholidays.com\/no\/wp-json\/wp\/v2\/pages\/111858","targetHints":{"allow":["GET"]}}],"collection":[{"href":"https:\/\/www.checkedholidays.com\/no\/wp-json\/wp\/v2\/pages"}],"about":[{"href":"https:\/\/www.checkedholidays.com\/no\/wp-json\/wp\/v2\/types\/page"}],"author":[{"embeddable":true,"href":"https:\/\/www.checkedholidays.com\/no\/wp-json\/wp\/v2\/users\/1"}],"replies":[{"embeddable":true,"href":"https:\/\/www.checkedholidays.com\/no\/wp-json\/wp\/v2\/comments?post=111858"}],"version-history":[{"count":5,"href":"https:\/\/www.checkedholidays.com\/no\/wp-json\/wp\/v2\/pages\/111858\/revisions"}],"predecessor-version":[{"id":113858,"href":"https:\/\/www.checkedholidays.com\/no\/wp-json\/wp\/v2\/pages\/111858\/revisions\/113858"}],"wp:attachment":[{"href":"https:\/\/www.checkedholidays.com\/no\/wp-json\/wp\/v2\/media?parent=111858"}],"curies":[{"name":"wp","href":"https:\/\/api.w.org\/{rel}","templated":true}]}}