{"id":63320,"date":"2023-09-12T12:24:41","date_gmt":"2023-09-12T12:24:41","guid":{"rendered":"https:\/\/www.checkedholidays.com\/affiliate-disclaimer\/"},"modified":"2023-09-12T12:24:45","modified_gmt":"2023-09-12T12:24:45","slug":"affiliate-disclaimer","status":"publish","type":"page","link":"https:\/\/www.checkedholidays.com\/lv\/affiliate-disclaimer\/","title":{"rendered":"\u0160aj\u0101 vietn\u0113 tiek izmantotas fili\u0101\u013cu saites"},"content":{"rendered":"\n<p class=\"wp-block-paragraph\">Ja jums pal\u012bdz mans Youtube kan\u0101ls, t\u012bmek\u013ca vietne <g class=\"gr_ gr_4 gr-alert gr_gramm gr_inline_cards gr_disable_anim_appear Punctuation only-ins replaceWithoutSep\" id=\"4\" data-gr-id=\"4\">un<\/g> ce\u013cve\u017ei, un v\u0113laties <strong>pal\u012bdz\u0113t man, pal\u012bdz\u0113t jums<\/strong>&#8230; tad, izmantojot manu fili\u0101\u013cu saites ir lab\u0101kais <strong>BEZMAKSAS<\/strong> veids, k\u0101 to izdar\u012bt.<\/p>\n\n<p class=\"wp-block-paragraph\">Fili\u0101\u013cu saites ir \u013coti standarta un pla\u0161i izmantotas, ta\u010du, manupr\u0101t, ir svar\u012bgi, lai j\u016bs par t\u0101m b\u016btu inform\u0113ti.<\/p>\n\n<p class=\"wp-block-paragraph\">Affiliate saites izskat\u0101s k\u0101 parast\u0101s saites, ta\u010du inform\u0113 vietni, uz kuru dodaties, ka esat n\u0101cis no manas vietnes. Ja j\u016bs ieg\u0101d\u0101jaties kaut ko vietn\u0113, uz kuru esmu izveidojis saiti, es sa\u0146em\u0161u nelielu komisijas maksu, lai pal\u012bdz\u0113tu uztur\u0113t \u0161o t\u012bmek\u013ca vietni darb\u012bb\u0101.  <\/p>\n\n<p class=\"wp-block-paragraph\">Tom\u0113r j\u016bs vienm\u0113r maks\u0101siet to pa\u0161u cenu, ko parasti maks\u0101jat, un da\u017ereiz jums pat tiek pie\u0161\u0137irta atlaide vai priek\u0161roc\u012bbas, ja izmantojat manas fili\u0101\u013cu saites. Komisijas maksu maks\u0101 citas vietnes \u012bpa\u0161nieks, nevis j\u016bs.<\/p>\n\n<p class=\"wp-block-paragraph\">Liels paldies, ka izmantojat manas partneru saites un \u013caujat man, vietnei un YouTube kan\u0101lam pal\u012bdz\u0113t miljoniem citu cilv\u0113ku, piem\u0113ram, jums, pavad\u012bt v\u0113l lab\u0101kas br\u012bvdienas!<\/p>\n\n<p class=\"wp-block-paragraph\"><g class=\"gr_ gr_4 gr-alert gr_spell gr_inline_cards gr_run_anim ContextualSpelling ins-del multiReplace\" id=\"4\" data-gr-id=\"4\"><a href=\"https:\/\/www.checkedholidays.com\/lv\/about\/\">Ive<\/a><\/g><\/p>\n","protected":false},"excerpt":{"rendered":"<p>Ja jums pal\u012bdz mans Youtube kan\u0101ls, t\u012bmek\u013ca vietne un ce\u013cve\u017ei, un v\u0113laties pal\u012bdz\u0113t man, pal\u012bdz\u0113t jums&#8230; tad, izmantojot manu fili\u0101\u013cu saites ir lab\u0101kais BEZMAKSAS veids, k\u0101 to izdar\u012bt. Fili\u0101\u013cu saites ir \u013coti standarta un pla\u0161i izmantotas, ta\u010du, manupr\u0101t, ir svar\u012bgi, lai j\u016bs par t\u0101m b\u016btu inform\u0113ti. Affiliate saites izskat\u0101s k\u0101 parast\u0101s saites, ta\u010du inform\u0113 vietni, [&hellip;]<\/p>\n","protected":false},"author":1,"featured_media":0,"parent":0,"menu_order":0,"comment_status":"closed","ping_status":"closed","template":"","meta":{"_crdt_document":"","footnotes":""},"class_list":["post-63320","page","type-page","status-publish","hentry"],"yoast_head":"<!-- This site is optimized with the Yoast SEO plugin v27.2 - https:\/\/yoast.com\/product\/yoast-seo-wordpress\/ -->\n<title>\u0160aj\u0101 vietn\u0113 tiek izmantotas fili\u0101\u013cu saites - CheckedHolidays<\/title>\n<meta name=\"robots\" content=\"index, follow, max-snippet:-1, max-image-preview:large, max-video-preview:-1\" \/>\n<link rel=\"canonical\" href=\"https:\/\/www.checkedholidays.com\/lv\/affiliate-disclaimer\/\" \/>\n<meta property=\"og:locale\" content=\"lv_LV\" \/>\n<meta property=\"og:type\" content=\"article\" \/>\n<meta property=\"og:title\" content=\"\u0160aj\u0101 vietn\u0113 tiek izmantotas fili\u0101\u013cu saites - CheckedHolidays\" \/>\n<meta property=\"og:description\" content=\"Ja jums pal\u012bdz mans Youtube kan\u0101ls, t\u012bmek\u013ca vietne un ce\u013cve\u017ei, un v\u0113laties pal\u012bdz\u0113t man, pal\u012bdz\u0113t jums&#8230; tad, izmantojot manu fili\u0101\u013cu saites ir lab\u0101kais BEZMAKSAS veids, k\u0101 to izdar\u012bt. Fili\u0101\u013cu saites ir \u013coti standarta un pla\u0161i izmantotas, ta\u010du, manupr\u0101t, ir svar\u012bgi, lai j\u016bs par t\u0101m b\u016btu inform\u0113ti. Affiliate saites izskat\u0101s k\u0101 parast\u0101s saites, ta\u010du inform\u0113 vietni, [&hellip;]\" \/>\n<meta property=\"og:url\" content=\"https:\/\/www.checkedholidays.com\/lv\/affiliate-disclaimer\/\" \/>\n<meta property=\"og:site_name\" content=\"CheckedHolidays\" \/>\n<meta property=\"article:publisher\" content=\"http:\/\/www.facebook.com\/checkedholidays\" \/>\n<meta property=\"article:modified_time\" content=\"2023-09-12T12:24:45+00:00\" \/>\n<meta name=\"twitter:card\" content=\"summary_large_image\" \/>\n<meta name=\"twitter:site\" content=\"@checkedholidays\" \/>\n<meta name=\"twitter:label1\" content=\"Est. reading time\" \/>\n\t<meta name=\"twitter:data1\" content=\"1 minute\" \/>\n<script type=\"application\/ld+json\" class=\"yoast-schema-graph\">{\"@context\":\"https:\/\/schema.org\",\"@graph\":[{\"@type\":\"WebPage\",\"@id\":\"https:\/\/www.checkedholidays.com\/lv\/affiliate-disclaimer\/\",\"url\":\"https:\/\/www.checkedholidays.com\/lv\/affiliate-disclaimer\/\",\"name\":\"\u0160aj\u0101 vietn\u0113 tiek izmantotas fili\u0101\u013cu saites - CheckedHolidays\",\"isPartOf\":{\"@id\":\"https:\/\/www.checkedholidays.com\/lv\/#website\"},\"datePublished\":\"2023-09-12T12:24:41+00:00\",\"dateModified\":\"2023-09-12T12:24:45+00:00\",\"breadcrumb\":{\"@id\":\"https:\/\/www.checkedholidays.com\/lv\/affiliate-disclaimer\/#breadcrumb\"},\"inLanguage\":\"lv-LV\",\"potentialAction\":[{\"@type\":\"ReadAction\",\"target\":[\"https:\/\/www.checkedholidays.com\/lv\/affiliate-disclaimer\/\"]}]},{\"@type\":\"BreadcrumbList\",\"@id\":\"https:\/\/www.checkedholidays.com\/lv\/affiliate-disclaimer\/#breadcrumb\",\"itemListElement\":[{\"@type\":\"ListItem\",\"position\":1,\"name\":\"Home\",\"item\":\"https:\/\/www.checkedholidays.com\/lv\/\"},{\"@type\":\"ListItem\",\"position\":2,\"name\":\"\u0160aj\u0101 vietn\u0113 tiek izmantotas fili\u0101\u013cu saites\"}]},{\"@type\":\"WebSite\",\"@id\":\"https:\/\/www.checkedholidays.com\/lv\/#website\",\"url\":\"https:\/\/www.checkedholidays.com\/lv\/\",\"name\":\"CheckedHolidays\",\"description\":\"Spanish island holidays... but better!\",\"potentialAction\":[{\"@type\":\"SearchAction\",\"target\":{\"@type\":\"EntryPoint\",\"urlTemplate\":\"https:\/\/www.checkedholidays.com\/lv\/?s={search_term_string}\"},\"query-input\":{\"@type\":\"PropertyValueSpecification\",\"valueRequired\":true,\"valueName\":\"search_term_string\"}}],\"inLanguage\":\"lv-LV\"}]}<\/script>\n<!-- \/ Yoast SEO plugin. -->","yoast_head_json":{"title":"\u0160aj\u0101 vietn\u0113 tiek izmantotas fili\u0101\u013cu saites - CheckedHolidays","robots":{"index":"index","follow":"follow","max-snippet":"max-snippet:-1","max-image-preview":"max-image-preview:large","max-video-preview":"max-video-preview:-1"},"canonical":"https:\/\/www.checkedholidays.com\/lv\/affiliate-disclaimer\/","og_locale":"lv_LV","og_type":"article","og_title":"\u0160aj\u0101 vietn\u0113 tiek izmantotas fili\u0101\u013cu saites - CheckedHolidays","og_description":"Ja jums pal\u012bdz mans Youtube kan\u0101ls, t\u012bmek\u013ca vietne un ce\u013cve\u017ei, un v\u0113laties pal\u012bdz\u0113t man, pal\u012bdz\u0113t jums&#8230; tad, izmantojot manu fili\u0101\u013cu saites ir lab\u0101kais BEZMAKSAS veids, k\u0101 to izdar\u012bt. Fili\u0101\u013cu saites ir \u013coti standarta un pla\u0161i izmantotas, ta\u010du, manupr\u0101t, ir svar\u012bgi, lai j\u016bs par t\u0101m b\u016btu inform\u0113ti. Affiliate saites izskat\u0101s k\u0101 parast\u0101s saites, ta\u010du inform\u0113 vietni, [&hellip;]","og_url":"https:\/\/www.checkedholidays.com\/lv\/affiliate-disclaimer\/","og_site_name":"CheckedHolidays","article_publisher":"http:\/\/www.facebook.com\/checkedholidays","article_modified_time":"2023-09-12T12:24:45+00:00","twitter_card":"summary_large_image","twitter_site":"@checkedholidays","twitter_misc":{"Est. reading time":"1 minute"},"schema":{"@context":"https:\/\/schema.org","@graph":[{"@type":"WebPage","@id":"https:\/\/www.checkedholidays.com\/lv\/affiliate-disclaimer\/","url":"https:\/\/www.checkedholidays.com\/lv\/affiliate-disclaimer\/","name":"\u0160aj\u0101 vietn\u0113 tiek izmantotas fili\u0101\u013cu saites - CheckedHolidays","isPartOf":{"@id":"https:\/\/www.checkedholidays.com\/lv\/#website"},"datePublished":"2023-09-12T12:24:41+00:00","dateModified":"2023-09-12T12:24:45+00:00","breadcrumb":{"@id":"https:\/\/www.checkedholidays.com\/lv\/affiliate-disclaimer\/#breadcrumb"},"inLanguage":"lv-LV","potentialAction":[{"@type":"ReadAction","target":["https:\/\/www.checkedholidays.com\/lv\/affiliate-disclaimer\/"]}]},{"@type":"BreadcrumbList","@id":"https:\/\/www.checkedholidays.com\/lv\/affiliate-disclaimer\/#breadcrumb","itemListElement":[{"@type":"ListItem","position":1,"name":"Home","item":"https:\/\/www.checkedholidays.com\/lv\/"},{"@type":"ListItem","position":2,"name":"\u0160aj\u0101 vietn\u0113 tiek izmantotas fili\u0101\u013cu saites"}]},{"@type":"WebSite","@id":"https:\/\/www.checkedholidays.com\/lv\/#website","url":"https:\/\/www.checkedholidays.com\/lv\/","name":"CheckedHolidays","description":"Spanish island holidays... but better!","potentialAction":[{"@type":"SearchAction","target":{"@type":"EntryPoint","urlTemplate":"https:\/\/www.checkedholidays.com\/lv\/?s={search_term_string}"},"query-input":{"@type":"PropertyValueSpecification","valueRequired":true,"valueName":"search_term_string"}}],"inLanguage":"lv-LV"}]}},"jetpack_sharing_enabled":true,"_links":{"self":[{"href":"https:\/\/www.checkedholidays.com\/lv\/wp-json\/wp\/v2\/pages\/63320","targetHints":{"allow":["GET"]}}],"collection":[{"href":"https:\/\/www.checkedholidays.com\/lv\/wp-json\/wp\/v2\/pages"}],"about":[{"href":"https:\/\/www.checkedholidays.com\/lv\/wp-json\/wp\/v2\/types\/page"}],"author":[{"embeddable":true,"href":"https:\/\/www.checkedholidays.com\/lv\/wp-json\/wp\/v2\/users\/1"}],"replies":[{"embeddable":true,"href":"https:\/\/www.checkedholidays.com\/lv\/wp-json\/wp\/v2\/comments?post=63320"}],"version-history":[{"count":1,"href":"https:\/\/www.checkedholidays.com\/lv\/wp-json\/wp\/v2\/pages\/63320\/revisions"}],"predecessor-version":[{"id":63321,"href":"https:\/\/www.checkedholidays.com\/lv\/wp-json\/wp\/v2\/pages\/63320\/revisions\/63321"}],"wp:attachment":[{"href":"https:\/\/www.checkedholidays.com\/lv\/wp-json\/wp\/v2\/media?parent=63320"}],"curies":[{"name":"wp","href":"https:\/\/api.w.org\/{rel}","templated":true}]}}