{"id":63309,"date":"2023-09-12T12:23:14","date_gmt":"2023-09-12T12:23:14","guid":{"rendered":"https:\/\/www.checkedholidays.com\/home\/"},"modified":"2026-02-23T13:21:47","modified_gmt":"2026-02-23T13:21:47","slug":"home","status":"publish","type":"page","link":"https:\/\/www.checkedholidays.com\/lv\/","title":{"rendered":"M\u0101jas lapa"},"content":{"rendered":"\n<h2 class=\"wp-block-heading has-text-align-center\"><strong>Atrodiet savu ide\u0101lo br\u012bvdienu Sp\u0101nijas sal\u0101s<\/strong><\/h2>\n\n<p class=\"wp-block-paragraph\">Lieliski visu gadu<\/p>\n\n<ul class=\"wp-block-list\">\n<li><strong><u><a href=\"https:\/\/www.checkedholidays.com\/lv\/tag\/tenerife-lv\/\" type=\"category\" id=\"59\">Tenerife<\/a><\/u><\/strong> &#8211; Vislab\u0101k piem\u0113rots \u0123imen\u0113m, kas v\u0113las daudzveid\u012bbu, atrakcijas un \u0113rt\u012bbas.<\/li>\n\n\n\n<li><strong><u><a href=\"https:\/\/www.checkedholidays.com\/lv\/tag\/grankanarija\/\" type=\"category\" id=\"60\">Grankan\u0101rija<\/a><\/u><\/strong> &#8211; Vislab\u0101k piem\u0113rots p\u0101riem un pieaugu\u0161ajiem, kas v\u0113las baud\u012bt naktsdz\u012bvi, ietur\u0113t malt\u012btes un iepirkties.<\/li>\n\n\n\n<li><strong><u><a href=\"https:\/\/www.checkedholidays.com\/lv\/tag\/lansarote\/\" type=\"category\" id=\"61\">Lansarote<\/a><\/u><\/strong> &#8211; Vislab\u0101k piem\u0113rotas &#8220;viss iek\u013cauts&#8221; br\u012bvdien\u0101m un vieglai atp\u016btai.<\/li>\n\n\n\n<li><strong><u><a href=\"https:\/\/www.checkedholidays.com\/lv\/tag\/fuerteventura-lv\/\" type=\"category\" id=\"309\">Fuerteventura<\/a><\/u><\/strong> &#8211; Lab\u0101kais pludmales br\u012bvdien\u0101m ar daudz vietas.<\/li>\n<\/ul>\n\n<p class=\"wp-block-paragraph\">Vislab\u0101k no maija l\u012bdz oktobrim<\/p>\n\n<ul class=\"wp-block-list\">\n<li><strong><u><a href=\"https:\/\/www.checkedholidays.com\/lv\/tag\/maljorka\/\" type=\"category\" id=\"57\">Maljorka<\/a><\/u><\/strong> &#8211; Vislab\u0101k piem\u0113rots \u0123imen\u0113m un daudzveid\u012bbas mekl\u0113t\u0101jiem, kas v\u0113las pludmales, ekskursijas un pla\u0161u izv\u0113li.<\/li>\n\n\n\n<li><strong><u><a href=\"https:\/\/www.checkedholidays.com\/lv\/tag\/menorka\/\" type=\"category\" id=\"91\">Menorka<\/a><\/u><\/strong> &#8211; Vislab\u0101k piem\u0113rota klus\u0101k\u0101m, mier\u012bg\u0101m, \u0123imenei draudz\u012bg\u0101m br\u012bvdien\u0101m ar autentisku \u0161armu.  <\/li>\n\n\n\n<li><strong><u><a href=\"https:\/\/www.checkedholidays.com\/lv\/guide\/ibiza-lv\/\" type=\"category\" id=\"633\">Ibiza<\/a><\/u><\/strong> &#8211; Lab\u0101kais galam\u0113r\u0137is pieaugu\u0161ajiem, p\u0101riem, nakts dz\u012bvei, pludmales klubiem un stil\u012bgiem br\u012bvdienu galam\u0113r\u0137iem.<\/li>\n<\/ul>\n","protected":false},"excerpt":{"rendered":"<p>Atrodiet savu ide\u0101lo br\u012bvdienu Sp\u0101nijas sal\u0101s Lieliski visu gadu Vislab\u0101k no maija l\u012bdz oktobrim<\/p>\n","protected":false},"author":1,"featured_media":0,"parent":0,"menu_order":0,"comment_status":"closed","ping_status":"closed","template":"","meta":{"_crdt_document":"","footnotes":""},"class_list":["post-63309","page","type-page","status-publish","hentry"],"yoast_head":"<!-- This site is optimized with the Yoast SEO plugin v27.2 - https:\/\/yoast.com\/product\/yoast-seo-wordpress\/ -->\n<title>Atrodiet savu ide\u0101lo br\u012bvdienu Sp\u0101nijas sal\u0101s<\/title>\n<meta name=\"description\" content=\"Atkl\u0101jiet savas ide\u0101l\u0101s br\u012bvdienas Sp\u0101nijas sal\u0101s, kuras jums pal\u012bdz\u0113s pavad\u012bt eksperts ar vair\u0101k nek\u0101 20 gadu pieredzi.\" \/>\n<meta name=\"robots\" content=\"index, follow, max-snippet:-1, max-image-preview:large, max-video-preview:-1\" \/>\n<link rel=\"canonical\" href=\"https:\/\/www.checkedholidays.com\/lv\/\" \/>\n<meta property=\"og:locale\" content=\"lv_LV\" \/>\n<meta property=\"og:type\" content=\"article\" \/>\n<meta property=\"og:title\" content=\"Atrodiet savu ide\u0101lo br\u012bvdienu Sp\u0101nijas sal\u0101s\" \/>\n<meta property=\"og:description\" content=\"Atkl\u0101jiet savas ide\u0101l\u0101s br\u012bvdienas Sp\u0101nijas sal\u0101s, kuras jums pal\u012bdz\u0113s pavad\u012bt eksperts ar vair\u0101k nek\u0101 20 gadu pieredzi.\" \/>\n<meta property=\"og:url\" content=\"https:\/\/www.checkedholidays.com\/lv\/\" \/>\n<meta property=\"og:site_name\" content=\"CheckedHolidays\" \/>\n<meta property=\"article:publisher\" content=\"http:\/\/www.facebook.com\/checkedholidays\" \/>\n<meta property=\"article:modified_time\" content=\"2026-02-23T13:21:47+00:00\" \/>\n<meta name=\"twitter:card\" content=\"summary_large_image\" \/>\n<meta name=\"twitter:site\" content=\"@checkedholidays\" \/>\n<meta name=\"twitter:label1\" content=\"Est. reading time\" \/>\n\t<meta name=\"twitter:data1\" content=\"1 minute\" \/>\n<script type=\"application\/ld+json\" class=\"yoast-schema-graph\">{\"@context\":\"https:\/\/schema.org\",\"@graph\":[{\"@type\":\"WebPage\",\"@id\":\"https:\/\/www.checkedholidays.com\/lv\/\",\"url\":\"https:\/\/www.checkedholidays.com\/lv\/\",\"name\":\"Atrodiet savu ide\u0101lo br\u012bvdienu Sp\u0101nijas sal\u0101s\",\"isPartOf\":{\"@id\":\"https:\/\/www.checkedholidays.com\/lv\/#website\"},\"datePublished\":\"2023-09-12T12:23:14+00:00\",\"dateModified\":\"2026-02-23T13:21:47+00:00\",\"description\":\"Atkl\u0101jiet savas ide\u0101l\u0101s br\u012bvdienas Sp\u0101nijas sal\u0101s, kuras jums pal\u012bdz\u0113s pavad\u012bt eksperts ar vair\u0101k nek\u0101 20 gadu pieredzi.\",\"breadcrumb\":{\"@id\":\"https:\/\/www.checkedholidays.com\/lv\/#breadcrumb\"},\"inLanguage\":\"lv-LV\",\"potentialAction\":[{\"@type\":\"ReadAction\",\"target\":[\"https:\/\/www.checkedholidays.com\/lv\/\"]}]},{\"@type\":\"BreadcrumbList\",\"@id\":\"https:\/\/www.checkedholidays.com\/lv\/#breadcrumb\",\"itemListElement\":[{\"@type\":\"ListItem\",\"position\":1,\"name\":\"Home\",\"item\":\"https:\/\/www.checkedholidays.com\/lv\/\"},{\"@type\":\"ListItem\",\"position\":2,\"name\":\"M\u0101jas lapa\"}]},{\"@type\":\"WebSite\",\"@id\":\"https:\/\/www.checkedholidays.com\/lv\/#website\",\"url\":\"https:\/\/www.checkedholidays.com\/lv\/\",\"name\":\"CheckedHolidays\",\"description\":\"Spanish island holidays... but better!\",\"potentialAction\":[{\"@type\":\"SearchAction\",\"target\":{\"@type\":\"EntryPoint\",\"urlTemplate\":\"https:\/\/www.checkedholidays.com\/lv\/?s={search_term_string}\"},\"query-input\":{\"@type\":\"PropertyValueSpecification\",\"valueRequired\":true,\"valueName\":\"search_term_string\"}}],\"inLanguage\":\"lv-LV\"}]}<\/script>\n<!-- \/ Yoast SEO plugin. -->","yoast_head_json":{"title":"Atrodiet savu ide\u0101lo br\u012bvdienu Sp\u0101nijas sal\u0101s","description":"Atkl\u0101jiet savas ide\u0101l\u0101s br\u012bvdienas Sp\u0101nijas sal\u0101s, kuras jums pal\u012bdz\u0113s pavad\u012bt eksperts ar vair\u0101k nek\u0101 20 gadu pieredzi.","robots":{"index":"index","follow":"follow","max-snippet":"max-snippet:-1","max-image-preview":"max-image-preview:large","max-video-preview":"max-video-preview:-1"},"canonical":"https:\/\/www.checkedholidays.com\/lv\/","og_locale":"lv_LV","og_type":"article","og_title":"Atrodiet savu ide\u0101lo br\u012bvdienu Sp\u0101nijas sal\u0101s","og_description":"Atkl\u0101jiet savas ide\u0101l\u0101s br\u012bvdienas Sp\u0101nijas sal\u0101s, kuras jums pal\u012bdz\u0113s pavad\u012bt eksperts ar vair\u0101k nek\u0101 20 gadu pieredzi.","og_url":"https:\/\/www.checkedholidays.com\/lv\/","og_site_name":"CheckedHolidays","article_publisher":"http:\/\/www.facebook.com\/checkedholidays","article_modified_time":"2026-02-23T13:21:47+00:00","twitter_card":"summary_large_image","twitter_site":"@checkedholidays","twitter_misc":{"Est. reading time":"1 minute"},"schema":{"@context":"https:\/\/schema.org","@graph":[{"@type":"WebPage","@id":"https:\/\/www.checkedholidays.com\/lv\/","url":"https:\/\/www.checkedholidays.com\/lv\/","name":"Atrodiet savu ide\u0101lo br\u012bvdienu Sp\u0101nijas sal\u0101s","isPartOf":{"@id":"https:\/\/www.checkedholidays.com\/lv\/#website"},"datePublished":"2023-09-12T12:23:14+00:00","dateModified":"2026-02-23T13:21:47+00:00","description":"Atkl\u0101jiet savas ide\u0101l\u0101s br\u012bvdienas Sp\u0101nijas sal\u0101s, kuras jums pal\u012bdz\u0113s pavad\u012bt eksperts ar vair\u0101k nek\u0101 20 gadu pieredzi.","breadcrumb":{"@id":"https:\/\/www.checkedholidays.com\/lv\/#breadcrumb"},"inLanguage":"lv-LV","potentialAction":[{"@type":"ReadAction","target":["https:\/\/www.checkedholidays.com\/lv\/"]}]},{"@type":"BreadcrumbList","@id":"https:\/\/www.checkedholidays.com\/lv\/#breadcrumb","itemListElement":[{"@type":"ListItem","position":1,"name":"Home","item":"https:\/\/www.checkedholidays.com\/lv\/"},{"@type":"ListItem","position":2,"name":"M\u0101jas lapa"}]},{"@type":"WebSite","@id":"https:\/\/www.checkedholidays.com\/lv\/#website","url":"https:\/\/www.checkedholidays.com\/lv\/","name":"CheckedHolidays","description":"Spanish island holidays... but better!","potentialAction":[{"@type":"SearchAction","target":{"@type":"EntryPoint","urlTemplate":"https:\/\/www.checkedholidays.com\/lv\/?s={search_term_string}"},"query-input":{"@type":"PropertyValueSpecification","valueRequired":true,"valueName":"search_term_string"}}],"inLanguage":"lv-LV"}]}},"jetpack_sharing_enabled":true,"_links":{"self":[{"href":"https:\/\/www.checkedholidays.com\/lv\/wp-json\/wp\/v2\/pages\/63309","targetHints":{"allow":["GET"]}}],"collection":[{"href":"https:\/\/www.checkedholidays.com\/lv\/wp-json\/wp\/v2\/pages"}],"about":[{"href":"https:\/\/www.checkedholidays.com\/lv\/wp-json\/wp\/v2\/types\/page"}],"author":[{"embeddable":true,"href":"https:\/\/www.checkedholidays.com\/lv\/wp-json\/wp\/v2\/users\/1"}],"replies":[{"embeddable":true,"href":"https:\/\/www.checkedholidays.com\/lv\/wp-json\/wp\/v2\/comments?post=63309"}],"version-history":[{"count":5,"href":"https:\/\/www.checkedholidays.com\/lv\/wp-json\/wp\/v2\/pages\/63309\/revisions"}],"predecessor-version":[{"id":113856,"href":"https:\/\/www.checkedholidays.com\/lv\/wp-json\/wp\/v2\/pages\/63309\/revisions\/113856"}],"wp:attachment":[{"href":"https:\/\/www.checkedholidays.com\/lv\/wp-json\/wp\/v2\/media?parent=63309"}],"curies":[{"name":"wp","href":"https:\/\/api.w.org\/{rel}","templated":true}]}}