{"id":63282,"date":"2023-09-12T12:22:01","date_gmt":"2023-09-12T12:22:01","guid":{"rendered":"https:\/\/www.checkedholidays.com\/about\/"},"modified":"2024-01-28T21:42:58","modified_gmt":"2024-01-28T21:42:58","slug":"about","status":"publish","type":"page","link":"https:\/\/www.checkedholidays.com\/lv\/about\/","title":{"rendered":"Par mani"},"content":{"rendered":"\n<p class=\"has-text-align-left wp-block-paragraph\">J\u0101, CheckHolidays esmu es, vidusm\u0113ra re\u0101ls cilv\u0113ks&#8230; mans \u012bstais v\u0101rds ir Ive. Es pats rakstu, film\u0113ju, redi\u0123\u0113ju, veidoju un public\u0113ju visus savus br\u012bvdienu ce\u013cve\u017eus (99%). Bet, kad es s\u0101ku, es grib\u0113ju v\u0101rdu, kas izskat\u012btos &#8220;profesion\u0101ls&#8221;&#8230; tagad man tas ir iestr\u0113dzis. T\u0101p\u0113c \u0161aj\u0101 lap\u0101 es v\u0113los jums past\u0101st\u012bt nedaudz vair\u0101k par sevi un par\u0101d\u012bt, ka esmu tikai parasts cilv\u0113ks, kur\u0161, pateicoties apst\u0101k\u013ciem, k\u013cuva par vienu no iev\u0113rojam\u0101kajiem br\u012bvdienu konsultantiem par Sp\u0101nijas sal\u0101m.  <\/p>\n<div class=\"wp-block-image\">\n<figure class=\"aligncenter is-resized\"><img loading=\"lazy\" decoding=\"async\" src=\"https:\/\/i1.wp.com\/www.checkedholidays.com\/wp-content\/uploads\/2019\/03\/IMG_20141017_152816-MOTION.gif?fit=768%2C1024&amp;ssl=1\" alt=\"\" class=\"wp-image-3075\" width=\"384\" height=\"512\"\/><figcaption class=\"wp-element-caption\">15 gadi Sp\u0101nij\u0101: Nejau\u0161s peld\u0113jums<\/figcaption><\/figure>\n<\/div>\n<p class=\"has-text-align-left wp-block-paragraph\">Tas viss s\u0101k\u0101s p\u0113c tam, kad vair\u0101k nek\u0101 15 gadus dz\u012bvoju un str\u0101d\u0101ju vis\u0101 Sp\u0101nij\u0101 par viesn\u012bcu izklaid\u0113t\u0101ju, b\u0101rmeni, operatoru un ska\u0146u tehni\u0137i. Ta\u010du p\u0113c daudziem gadiem, str\u0101d\u0101jot da\u017e\u0101dus darbus vis\u0101 Sp\u0101nijas salu teritorij\u0101, man bija gr\u016bti atrast kaut ko t\u0101du, kas man sag\u0101d\u0101tu prieku un ko es dar\u012btu ar aizraut\u012bbu.<\/p>\n\n<p class=\"has-text-align-left wp-block-paragraph\">T\u0101p\u0113c es aps\u0113dos un m\u0113\u0123in\u0101ju noskaidrot, ko man pat\u012bk dar\u012bt. Atskatoties uz jau paveiktajiem darbiem, es paman\u012bju divas lietas, kas man \u013coti patika. Tie cilv\u0113kiem sag\u0101d\u0101ja lieliskus sv\u0113tkus un rad\u012bja jaunas lietas. Abas \u0161\u012bs lietas es dar\u012bju savos iepriek\u0161\u0113jos darbos, bet, protams, es nevar\u0113ju m\u016b\u017e\u012bgi str\u0101d\u0101t par viesn\u012bcas izklaid\u0113t\u0101ju, kam ir vair\u0101k nek\u0101 30 gadu. P\u0113c k\u0101da laika tas k\u013c\u016bst d\u012bvaini. T\u0101p\u0113c es nol\u0113mu piln\u012bb\u0101 piev\u0113rsties savam YouTube kan\u0101lam, taj\u0101 laik\u0101 izveidojot tikai 5 videoklipus par Maljorku, lai redz\u0113tu, vai tas izdosies vai n\u0113.<\/p>\n\n<p class=\"has-text-align-left wp-block-paragraph\">Pag\u0101ja da\u017ei gadi, bet \u0161obr\u012bd (2022. gad\u0101) es pal\u012bdzu vair\u0101k nek\u0101 <strong>\n  <u>4 miljoniem cilv\u0113ku katru gadu.<\/u>\n  <span style=\"text-decoration: underline;\">atva\u013cin\u0101jumu Sp\u0101nij\u0101.<\/span>\n<\/strong> Lai gan tas ir lieliski, man galvenais nav skait\u013ci. T\u0101 m\u0113r\u0137is ir sniegt god\u012bgus padomus par atva\u013cin\u0101jumu, kurus ir gr\u016bti atrast internet\u0101. T\u0101 k\u0101 liel\u0101k\u0101 da\u013ca lapu ir no ce\u013cojumu komp\u0101nij\u0101m, blogeriem vai Instagram mode\u013ciem, kuri v\u0113las, lai viss izskat\u012btos perfekti, es cen\u0161os r\u012bkoties tie\u0161i pret\u0113ji. Es jums to par\u0101d\u012b\u0161u tie\u0161i t\u0101du, k\u0101ds tas ir, lai j\u016bs var\u0113tu izlemt, vai tas ir piem\u0113rots tie\u0161i jums.  <\/p>\n","protected":false},"excerpt":{"rendered":"<p>J\u0101, CheckHolidays esmu es, vidusm\u0113ra re\u0101ls cilv\u0113ks&#8230; mans \u012bstais v\u0101rds ir Ive. Es pats rakstu, film\u0113ju, redi\u0123\u0113ju, veidoju un public\u0113ju visus savus br\u012bvdienu ce\u013cve\u017eus (99%). Bet, kad es s\u0101ku, es grib\u0113ju v\u0101rdu, kas izskat\u012btos &#8220;profesion\u0101ls&#8221;&#8230; tagad man tas ir iestr\u0113dzis. T\u0101p\u0113c \u0161aj\u0101 lap\u0101 es v\u0113los jums past\u0101st\u012bt nedaudz vair\u0101k par sevi un par\u0101d\u012bt, ka esmu [&hellip;]<\/p>\n","protected":false},"author":1,"featured_media":63288,"parent":0,"menu_order":0,"comment_status":"closed","ping_status":"closed","template":"template-authors.php","meta":{"_crdt_document":"","footnotes":""},"class_list":["post-63282","page","type-page","status-publish","has-post-thumbnail","hentry"],"yoast_head":"<!-- This site is optimized with the Yoast SEO plugin v27.2 - https:\/\/yoast.com\/product\/yoast-seo-wordpress\/ -->\n<title>Par mani<\/title>\n<meta name=\"robots\" content=\"index, follow, max-snippet:-1, max-image-preview:large, max-video-preview:-1\" \/>\n<link rel=\"canonical\" href=\"https:\/\/www.checkedholidays.com\/lv\/about\/\" \/>\n<meta property=\"og:locale\" content=\"lv_LV\" \/>\n<meta property=\"og:type\" content=\"article\" \/>\n<meta property=\"og:title\" content=\"Par mani\" \/>\n<meta property=\"og:description\" content=\"J\u0101, CheckHolidays esmu es, vidusm\u0113ra re\u0101ls cilv\u0113ks&#8230; mans \u012bstais v\u0101rds ir Ive. Es pats rakstu, film\u0113ju, redi\u0123\u0113ju, veidoju un public\u0113ju visus savus br\u012bvdienu ce\u013cve\u017eus (99%). Bet, kad es s\u0101ku, es grib\u0113ju v\u0101rdu, kas izskat\u012btos &#8220;profesion\u0101ls&#8221;&#8230; tagad man tas ir iestr\u0113dzis. T\u0101p\u0113c \u0161aj\u0101 lap\u0101 es v\u0113los jums past\u0101st\u012bt nedaudz vair\u0101k par sevi un par\u0101d\u012bt, ka esmu [&hellip;]\" \/>\n<meta property=\"og:url\" content=\"https:\/\/www.checkedholidays.com\/lv\/about\/\" \/>\n<meta property=\"og:site_name\" content=\"CheckedHolidays\" \/>\n<meta property=\"article:publisher\" content=\"http:\/\/www.facebook.com\/checkedholidays\" \/>\n<meta property=\"article:modified_time\" content=\"2024-01-28T21:42:58+00:00\" \/>\n<meta property=\"og:image\" content=\"https:\/\/www.checkedholidays.com\/wp-content\/uploads\/2018\/12\/IMG_20141011_135122-600x450.jpg\" \/>\n\t<meta property=\"og:image:width\" content=\"600\" \/>\n\t<meta property=\"og:image:height\" content=\"450\" \/>\n\t<meta property=\"og:image:type\" content=\"image\/jpeg\" \/>\n<meta name=\"twitter:card\" content=\"summary_large_image\" \/>\n<meta name=\"twitter:site\" content=\"@checkedholidays\" \/>\n<meta name=\"twitter:label1\" content=\"Est. reading time\" \/>\n\t<meta name=\"twitter:data1\" content=\"2 minutes\" \/>\n<script type=\"application\/ld+json\" class=\"yoast-schema-graph\">{\"@context\":\"https:\/\/schema.org\",\"@graph\":[{\"@type\":\"WebPage\",\"@id\":\"https:\/\/www.checkedholidays.com\/lv\/about\/\",\"url\":\"https:\/\/www.checkedholidays.com\/lv\/about\/\",\"name\":\"Par mani\",\"isPartOf\":{\"@id\":\"https:\/\/www.checkedholidays.com\/lv\/#website\"},\"primaryImageOfPage\":{\"@id\":\"https:\/\/www.checkedholidays.com\/lv\/about\/#primaryimage\"},\"image\":{\"@id\":\"https:\/\/www.checkedholidays.com\/lv\/about\/#primaryimage\"},\"thumbnailUrl\":\"https:\/\/i0.wp.com\/www.checkedholidays.com\/wp-content\/uploads\/2018\/12\/IMG_20141011_135122-600x450.jpg?fit=600%2C450&ssl=1\",\"datePublished\":\"2023-09-12T12:22:01+00:00\",\"dateModified\":\"2024-01-28T21:42:58+00:00\",\"breadcrumb\":{\"@id\":\"https:\/\/www.checkedholidays.com\/lv\/about\/#breadcrumb\"},\"inLanguage\":\"lv-LV\",\"potentialAction\":[{\"@type\":\"ReadAction\",\"target\":[\"https:\/\/www.checkedholidays.com\/lv\/about\/\"]}]},{\"@type\":\"ImageObject\",\"inLanguage\":\"lv-LV\",\"@id\":\"https:\/\/www.checkedholidays.com\/lv\/about\/#primaryimage\",\"url\":\"https:\/\/i0.wp.com\/www.checkedholidays.com\/wp-content\/uploads\/2018\/12\/IMG_20141011_135122-600x450.jpg?fit=600%2C450&ssl=1\",\"contentUrl\":\"https:\/\/i0.wp.com\/www.checkedholidays.com\/wp-content\/uploads\/2018\/12\/IMG_20141011_135122-600x450.jpg?fit=600%2C450&ssl=1\",\"width\":600,\"height\":450},{\"@type\":\"BreadcrumbList\",\"@id\":\"https:\/\/www.checkedholidays.com\/lv\/about\/#breadcrumb\",\"itemListElement\":[{\"@type\":\"ListItem\",\"position\":1,\"name\":\"Home\",\"item\":\"https:\/\/www.checkedholidays.com\/lv\/\"},{\"@type\":\"ListItem\",\"position\":2,\"name\":\"Par mani\"}]},{\"@type\":\"WebSite\",\"@id\":\"https:\/\/www.checkedholidays.com\/lv\/#website\",\"url\":\"https:\/\/www.checkedholidays.com\/lv\/\",\"name\":\"CheckedHolidays\",\"description\":\"Spanish island holidays... but better!\",\"potentialAction\":[{\"@type\":\"SearchAction\",\"target\":{\"@type\":\"EntryPoint\",\"urlTemplate\":\"https:\/\/www.checkedholidays.com\/lv\/?s={search_term_string}\"},\"query-input\":{\"@type\":\"PropertyValueSpecification\",\"valueRequired\":true,\"valueName\":\"search_term_string\"}}],\"inLanguage\":\"lv-LV\"}]}<\/script>\n<!-- \/ Yoast SEO plugin. -->","yoast_head_json":{"title":"Par mani","robots":{"index":"index","follow":"follow","max-snippet":"max-snippet:-1","max-image-preview":"max-image-preview:large","max-video-preview":"max-video-preview:-1"},"canonical":"https:\/\/www.checkedholidays.com\/lv\/about\/","og_locale":"lv_LV","og_type":"article","og_title":"Par mani","og_description":"J\u0101, CheckHolidays esmu es, vidusm\u0113ra re\u0101ls cilv\u0113ks&#8230; mans \u012bstais v\u0101rds ir Ive. Es pats rakstu, film\u0113ju, redi\u0123\u0113ju, veidoju un public\u0113ju visus savus br\u012bvdienu ce\u013cve\u017eus (99%). Bet, kad es s\u0101ku, es grib\u0113ju v\u0101rdu, kas izskat\u012btos &#8220;profesion\u0101ls&#8221;&#8230; tagad man tas ir iestr\u0113dzis. T\u0101p\u0113c \u0161aj\u0101 lap\u0101 es v\u0113los jums past\u0101st\u012bt nedaudz vair\u0101k par sevi un par\u0101d\u012bt, ka esmu [&hellip;]","og_url":"https:\/\/www.checkedholidays.com\/lv\/about\/","og_site_name":"CheckedHolidays","article_publisher":"http:\/\/www.facebook.com\/checkedholidays","article_modified_time":"2024-01-28T21:42:58+00:00","og_image":[{"width":600,"height":450,"url":"https:\/\/www.checkedholidays.com\/wp-content\/uploads\/2018\/12\/IMG_20141011_135122-600x450.jpg","type":"image\/jpeg"}],"twitter_card":"summary_large_image","twitter_site":"@checkedholidays","twitter_misc":{"Est. reading time":"2 minutes"},"schema":{"@context":"https:\/\/schema.org","@graph":[{"@type":"WebPage","@id":"https:\/\/www.checkedholidays.com\/lv\/about\/","url":"https:\/\/www.checkedholidays.com\/lv\/about\/","name":"Par mani","isPartOf":{"@id":"https:\/\/www.checkedholidays.com\/lv\/#website"},"primaryImageOfPage":{"@id":"https:\/\/www.checkedholidays.com\/lv\/about\/#primaryimage"},"image":{"@id":"https:\/\/www.checkedholidays.com\/lv\/about\/#primaryimage"},"thumbnailUrl":"https:\/\/i0.wp.com\/www.checkedholidays.com\/wp-content\/uploads\/2018\/12\/IMG_20141011_135122-600x450.jpg?fit=600%2C450&ssl=1","datePublished":"2023-09-12T12:22:01+00:00","dateModified":"2024-01-28T21:42:58+00:00","breadcrumb":{"@id":"https:\/\/www.checkedholidays.com\/lv\/about\/#breadcrumb"},"inLanguage":"lv-LV","potentialAction":[{"@type":"ReadAction","target":["https:\/\/www.checkedholidays.com\/lv\/about\/"]}]},{"@type":"ImageObject","inLanguage":"lv-LV","@id":"https:\/\/www.checkedholidays.com\/lv\/about\/#primaryimage","url":"https:\/\/i0.wp.com\/www.checkedholidays.com\/wp-content\/uploads\/2018\/12\/IMG_20141011_135122-600x450.jpg?fit=600%2C450&ssl=1","contentUrl":"https:\/\/i0.wp.com\/www.checkedholidays.com\/wp-content\/uploads\/2018\/12\/IMG_20141011_135122-600x450.jpg?fit=600%2C450&ssl=1","width":600,"height":450},{"@type":"BreadcrumbList","@id":"https:\/\/www.checkedholidays.com\/lv\/about\/#breadcrumb","itemListElement":[{"@type":"ListItem","position":1,"name":"Home","item":"https:\/\/www.checkedholidays.com\/lv\/"},{"@type":"ListItem","position":2,"name":"Par mani"}]},{"@type":"WebSite","@id":"https:\/\/www.checkedholidays.com\/lv\/#website","url":"https:\/\/www.checkedholidays.com\/lv\/","name":"CheckedHolidays","description":"Spanish island holidays... but better!","potentialAction":[{"@type":"SearchAction","target":{"@type":"EntryPoint","urlTemplate":"https:\/\/www.checkedholidays.com\/lv\/?s={search_term_string}"},"query-input":{"@type":"PropertyValueSpecification","valueRequired":true,"valueName":"search_term_string"}}],"inLanguage":"lv-LV"}]}},"jetpack_sharing_enabled":true,"_links":{"self":[{"href":"https:\/\/www.checkedholidays.com\/lv\/wp-json\/wp\/v2\/pages\/63282","targetHints":{"allow":["GET"]}}],"collection":[{"href":"https:\/\/www.checkedholidays.com\/lv\/wp-json\/wp\/v2\/pages"}],"about":[{"href":"https:\/\/www.checkedholidays.com\/lv\/wp-json\/wp\/v2\/types\/page"}],"author":[{"embeddable":true,"href":"https:\/\/www.checkedholidays.com\/lv\/wp-json\/wp\/v2\/users\/1"}],"replies":[{"embeddable":true,"href":"https:\/\/www.checkedholidays.com\/lv\/wp-json\/wp\/v2\/comments?post=63282"}],"version-history":[{"count":1,"href":"https:\/\/www.checkedholidays.com\/lv\/wp-json\/wp\/v2\/pages\/63282\/revisions"}],"predecessor-version":[{"id":63289,"href":"https:\/\/www.checkedholidays.com\/lv\/wp-json\/wp\/v2\/pages\/63282\/revisions\/63289"}],"wp:featuredmedia":[{"embeddable":true,"href":"https:\/\/www.checkedholidays.com\/lv\/wp-json\/wp\/v2\/media\/63288"}],"wp:attachment":[{"href":"https:\/\/www.checkedholidays.com\/lv\/wp-json\/wp\/v2\/media?parent=63282"}],"curies":[{"name":"wp","href":"https:\/\/api.w.org\/{rel}","templated":true}]}}