{"id":63247,"date":"2023-09-12T12:20:34","date_gmt":"2023-09-12T12:20:34","guid":{"rendered":"https:\/\/www.checkedholidays.com\/about-checkedholidays\/"},"modified":"2023-12-02T12:35:16","modified_gmt":"2023-12-02T12:35:16","slug":"about-checkedholidays","status":"publish","type":"page","link":"https:\/\/www.checkedholidays.com\/lv\/about-checkedholidays\/","title":{"rendered":"Par CheckedHolidays"},"content":{"rendered":"\n<p class=\"wp-block-paragraph\">CheckedHolidays tika dibin\u0101ts 2012. gad\u0101 p\u0113c tam, kad internet\u0101 tika paman\u012bts daudz dezinform\u0101cijas par br\u012bvdien\u0101m Sp\u0101nijas sal\u0101s. \u0160\u012b dezinform\u0101cija negat\u012bvi ietekm\u0113ja cilv\u0113ku br\u012bvdienas, t\u0101p\u0113c m\u0113s izveidoj\u0101m YouTube videoklipu, lai labotu \u0161o dezinform\u0101ciju. P\u0113c tam, kad tas tika p\u0101r\u0146emts un atspogu\u013cots Express, to noskat\u012bj\u0101s vair\u0101k nek\u0101 100 000 skat\u012bt\u0101ju. No turienes m\u0113s guv\u0101m iedvesmu dar\u012bt vair\u0101k!<\/p>\n\n<p class=\"has-text-align-center has-large-font-size wp-block-paragraph\"><strong>Sazinieties ar<\/strong><\/p>\n\n<p class=\"has-text-align-center has-large-font-size wp-block-paragraph\"><strong>info(at)CheckedHolidays.com<\/strong><\/p>\n\n<h2 class=\"wp-block-heading\">T\u012bmek\u013ca vietne<\/h2>\n\n<p class=\"wp-block-paragraph\">2019. gads vietnei bija pirmais pilnais gads, un katru m\u0113nesi t\u0101 sasniedza aptuveni 1 000 las\u012bt\u0101ju. Tagad, 2022. gad\u0101, katru m\u0113nesi ir vair\u0101k nek\u0101 30 000 unik\u0101lu las\u012bt\u0101ju ang\u013cu valod\u0101.  <\/p>\n\n<p class=\"wp-block-paragraph\">Kop\u0161 2022. gada augusta t\u012bmek\u013ca vietne ir pieejama vis\u0101s liel\u0101kaj\u0101s Eiropas valod\u0101s, t\u0101d\u0113j\u0101di v\u0113l strauj\u0101k palielinot las\u012bt\u0101ju skaitu.<\/p>\n\n<p class=\"wp-block-paragraph\">\u0160\u012bs vietnes m\u0113r\u0137is 2023. gad\u0101 ir pal\u012bdz\u0113t vair\u0101k nek\u0101 <strong>\n  <span style=\"text-decoration: underline;\">PUSMILJONU<\/span>\n<\/strong> cilv\u0113kiem nodro\u0161in\u0101t lab\u0101kas br\u012bvdienas!<\/p>\n\n<figure class=\"wp-block-image size-large\"><img data-recalc-dims=\"1\" loading=\"lazy\" decoding=\"async\" width=\"1024\" height=\"233\" src=\"https:\/\/i0.wp.com\/www.checkedholidays.com\/wp-content\/uploads\/2023\/01\/Screenshot-2023-01-28-at-20.09.55.png?resize=1024%2C233&#038;ssl=1\" alt=\"\" class=\"wp-image-37413\" srcset=\"https:\/\/i0.wp.com\/www.checkedholidays.com\/wp-content\/uploads\/2023\/01\/Screenshot-2023-01-28-at-20.09.55.png?resize=1024%2C233&amp;ssl=1 1024w, https:\/\/i0.wp.com\/www.checkedholidays.com\/wp-content\/uploads\/2023\/01\/Screenshot-2023-01-28-at-20.09.55.png?resize=300%2C68&amp;ssl=1 300w, https:\/\/i0.wp.com\/www.checkedholidays.com\/wp-content\/uploads\/2023\/01\/Screenshot-2023-01-28-at-20.09.55.png?resize=768%2C175&amp;ssl=1 768w, https:\/\/i0.wp.com\/www.checkedholidays.com\/wp-content\/uploads\/2023\/01\/Screenshot-2023-01-28-at-20.09.55.png?resize=1536%2C350&amp;ssl=1 1536w, https:\/\/i0.wp.com\/www.checkedholidays.com\/wp-content\/uploads\/2023\/01\/Screenshot-2023-01-28-at-20.09.55.png?resize=1920%2C437&amp;ssl=1 1920w, https:\/\/i0.wp.com\/www.checkedholidays.com\/wp-content\/uploads\/2023\/01\/Screenshot-2023-01-28-at-20.09.55.png?resize=600%2C137&amp;ssl=1 600w, https:\/\/i0.wp.com\/www.checkedholidays.com\/wp-content\/uploads\/2023\/01\/Screenshot-2023-01-28-at-20.09.55.png?resize=800%2C182&amp;ssl=1 800w, https:\/\/i0.wp.com\/www.checkedholidays.com\/wp-content\/uploads\/2023\/01\/Screenshot-2023-01-28-at-20.09.55.png?w=1968&amp;ssl=1 1968w\" sizes=\"auto, (max-width: 1024px) 100vw, 1024px\" \/><\/figure>\n\n<h2 class=\"wp-block-heading\">YouTube<\/h2>\n\n<p class=\"wp-block-paragraph\"><a href=\"http:\/\/youtube.com\/checkedholidays\">YouTube<\/a> kan\u0101ls tika izveidots 2012. gad\u0101, bet tikai 2015. gad\u0101 un 2018. gad\u0101 videoklipu k\u013cuva v\u0113l vair\u0101k. P\u0113c tam, kad 2020. gad\u0101 ce\u013co\u0161anas ierobe\u017eojumu d\u0113\u013c bija v\u0113rojams milz\u012bgs skat\u012bjumu kritums, pa\u0161laik to katru m\u0113nesi skat\u0101s vair\u0101k nek\u0101 125 000 skat\u012bt\u0101ju, un to skaits turpina pieaugt.<\/p>\n\n<figure class=\"wp-block-image size-large\"><img data-recalc-dims=\"1\" loading=\"lazy\" decoding=\"async\" width=\"1024\" height=\"230\" src=\"https:\/\/i0.wp.com\/www.checkedholidays.com\/wp-content\/uploads\/2023\/01\/Screenshot-2023-01-28-at-20.14.02.png?resize=1024%2C230&#038;ssl=1\" alt=\"\" class=\"wp-image-37429\" srcset=\"https:\/\/i0.wp.com\/www.checkedholidays.com\/wp-content\/uploads\/2023\/01\/Screenshot-2023-01-28-at-20.14.02.png?resize=1024%2C230&amp;ssl=1 1024w, https:\/\/i0.wp.com\/www.checkedholidays.com\/wp-content\/uploads\/2023\/01\/Screenshot-2023-01-28-at-20.14.02.png?resize=300%2C67&amp;ssl=1 300w, https:\/\/i0.wp.com\/www.checkedholidays.com\/wp-content\/uploads\/2023\/01\/Screenshot-2023-01-28-at-20.14.02.png?resize=768%2C172&amp;ssl=1 768w, https:\/\/i0.wp.com\/www.checkedholidays.com\/wp-content\/uploads\/2023\/01\/Screenshot-2023-01-28-at-20.14.02.png?resize=1536%2C345&amp;ssl=1 1536w, https:\/\/i0.wp.com\/www.checkedholidays.com\/wp-content\/uploads\/2023\/01\/Screenshot-2023-01-28-at-20.14.02.png?resize=2048%2C460&amp;ssl=1 2048w, https:\/\/i0.wp.com\/www.checkedholidays.com\/wp-content\/uploads\/2023\/01\/Screenshot-2023-01-28-at-20.14.02.png?resize=1920%2C431&amp;ssl=1 1920w, https:\/\/i0.wp.com\/www.checkedholidays.com\/wp-content\/uploads\/2023\/01\/Screenshot-2023-01-28-at-20.14.02.png?resize=600%2C135&amp;ssl=1 600w, https:\/\/i0.wp.com\/www.checkedholidays.com\/wp-content\/uploads\/2023\/01\/Screenshot-2023-01-28-at-20.14.02.png?resize=800%2C180&amp;ssl=1 800w, https:\/\/i0.wp.com\/www.checkedholidays.com\/wp-content\/uploads\/2023\/01\/Screenshot-2023-01-28-at-20.14.02.png?w=2388&amp;ssl=1 2388w\" sizes=\"auto, (max-width: 1024px) 100vw, 1024px\" \/><\/figure>\n\n<h2 class=\"wp-block-heading\">Sadarb\u012bba un rekl\u0101ma<\/h2>\n\n<p class=\"wp-block-paragraph\">CheckedHolidays.com m\u0113s run\u0101jam par sliktaj\u0101m un labaj\u0101m atva\u013cin\u0101juma galam\u0113r\u0137u pus\u0113m, lai sniegtu lab\u0101kos padomus par atva\u013cin\u0101jumu. Tas ir viens no iemesliem, k\u0101d\u0113\u013c m\u016bsu vietnei<strong> uzticas un m\u012bl arvien vair\u0101k las\u012bt\u0101ju<\/strong>. Lai ar\u012b turpm\u0101k pied\u0101v\u0101tu augstas kvalit\u0101tes un neatkar\u012bgus padomus par br\u012bvdien\u0101m, m\u0113s nesniedzam apmaks\u0101tas rekl\u0101mas par produktiem vai pakalpojumiem, kuriem neticam. Tom\u0113r, ja j\u016bs uzskat\u0101t, ka m\u0113s neesam paman\u012bju\u0161i j\u016bsu viesn\u012bcu, k\u016brortu, atrakciju, ekskursiju vai pakalpojumu, un v\u0113laties, lai m\u0113s to bez maksas iek\u013caujam t\u012bmek\u013ca vietn\u0113. Sazinieties ar mums, un p\u0113c personiskas p\u0101rbaudes j\u016bs, iesp\u0113jams, tiksiet iek\u013cauts.<\/p>\n\n<p class=\"has-text-align-center has-large-font-size wp-block-paragraph\"><strong>Sazinieties ar<\/strong><\/p>\n\n<p class=\"has-text-align-center has-large-font-size wp-block-paragraph\"><strong>info(at)CheckedHolidays.com<\/strong><\/p>\n","protected":false},"excerpt":{"rendered":"<p>CheckedHolidays tika dibin\u0101ts 2012. gad\u0101 p\u0113c tam, kad internet\u0101 tika paman\u012bts daudz dezinform\u0101cijas par br\u012bvdien\u0101m Sp\u0101nijas sal\u0101s. \u0160\u012b dezinform\u0101cija negat\u012bvi ietekm\u0113ja cilv\u0113ku br\u012bvdienas, t\u0101p\u0113c m\u0113s izveidoj\u0101m YouTube videoklipu, lai labotu \u0161o dezinform\u0101ciju. P\u0113c tam, kad tas tika p\u0101r\u0146emts un atspogu\u013cots Express, to noskat\u012bj\u0101s vair\u0101k nek\u0101 100 000 skat\u012bt\u0101ju. No turienes m\u0113s guv\u0101m iedvesmu dar\u012bt vair\u0101k! [&hellip;]<\/p>\n","protected":false},"author":1,"featured_media":63250,"parent":0,"menu_order":0,"comment_status":"closed","ping_status":"closed","template":"","meta":{"_crdt_document":"","footnotes":""},"class_list":["post-63247","page","type-page","status-publish","has-post-thumbnail","hentry"],"yoast_head":"<!-- This site is optimized with the Yoast SEO plugin v27.2 - https:\/\/yoast.com\/product\/yoast-seo-wordpress\/ -->\n<title>Par CheckedHolidays<\/title>\n<meta name=\"robots\" content=\"index, follow, max-snippet:-1, max-image-preview:large, max-video-preview:-1\" \/>\n<link rel=\"canonical\" href=\"https:\/\/www.checkedholidays.com\/lv\/about-checkedholidays\/\" \/>\n<meta property=\"og:locale\" content=\"lv_LV\" \/>\n<meta property=\"og:type\" content=\"article\" \/>\n<meta property=\"og:title\" content=\"Par CheckedHolidays\" \/>\n<meta property=\"og:description\" content=\"CheckedHolidays tika dibin\u0101ts 2012. gad\u0101 p\u0113c tam, kad internet\u0101 tika paman\u012bts daudz dezinform\u0101cijas par br\u012bvdien\u0101m Sp\u0101nijas sal\u0101s. \u0160\u012b dezinform\u0101cija negat\u012bvi ietekm\u0113ja cilv\u0113ku br\u012bvdienas, t\u0101p\u0113c m\u0113s izveidoj\u0101m YouTube videoklipu, lai labotu \u0161o dezinform\u0101ciju. P\u0113c tam, kad tas tika p\u0101r\u0146emts un atspogu\u013cots Express, to noskat\u012bj\u0101s vair\u0101k nek\u0101 100 000 skat\u012bt\u0101ju. No turienes m\u0113s guv\u0101m iedvesmu dar\u012bt vair\u0101k! [&hellip;]\" \/>\n<meta property=\"og:url\" content=\"https:\/\/www.checkedholidays.com\/lv\/about-checkedholidays\/\" \/>\n<meta property=\"og:site_name\" content=\"CheckedHolidays\" \/>\n<meta property=\"article:publisher\" content=\"http:\/\/www.facebook.com\/checkedholidays\" \/>\n<meta property=\"article:modified_time\" content=\"2023-12-02T12:35:16+00:00\" \/>\n<meta property=\"og:image\" content=\"https:\/\/i0.wp.com\/www.checkedholidays.com\/wp-content\/uploads\/2022\/06\/Website-growth.png?fit=1874%2C452&ssl=1\" \/>\n\t<meta property=\"og:image:width\" content=\"1874\" \/>\n\t<meta property=\"og:image:height\" content=\"452\" \/>\n\t<meta property=\"og:image:type\" content=\"image\/png\" \/>\n<meta name=\"twitter:card\" content=\"summary_large_image\" \/>\n<meta name=\"twitter:site\" content=\"@checkedholidays\" \/>\n<meta name=\"twitter:label1\" content=\"Est. reading time\" \/>\n\t<meta name=\"twitter:data1\" content=\"2 minutes\" \/>\n<script type=\"application\/ld+json\" class=\"yoast-schema-graph\">{\"@context\":\"https:\/\/schema.org\",\"@graph\":[{\"@type\":\"WebPage\",\"@id\":\"https:\/\/www.checkedholidays.com\/lv\/about-checkedholidays\/\",\"url\":\"https:\/\/www.checkedholidays.com\/lv\/about-checkedholidays\/\",\"name\":\"Par CheckedHolidays\",\"isPartOf\":{\"@id\":\"https:\/\/www.checkedholidays.com\/lv\/#website\"},\"primaryImageOfPage\":{\"@id\":\"https:\/\/www.checkedholidays.com\/lv\/about-checkedholidays\/#primaryimage\"},\"image\":{\"@id\":\"https:\/\/www.checkedholidays.com\/lv\/about-checkedholidays\/#primaryimage\"},\"thumbnailUrl\":\"https:\/\/i0.wp.com\/www.checkedholidays.com\/wp-content\/uploads\/2022\/06\/Website-growth.png?fit=1874%2C452&ssl=1\",\"datePublished\":\"2023-09-12T12:20:34+00:00\",\"dateModified\":\"2023-12-02T12:35:16+00:00\",\"breadcrumb\":{\"@id\":\"https:\/\/www.checkedholidays.com\/lv\/about-checkedholidays\/#breadcrumb\"},\"inLanguage\":\"lv-LV\",\"potentialAction\":[{\"@type\":\"ReadAction\",\"target\":[\"https:\/\/www.checkedholidays.com\/lv\/about-checkedholidays\/\"]}]},{\"@type\":\"ImageObject\",\"inLanguage\":\"lv-LV\",\"@id\":\"https:\/\/www.checkedholidays.com\/lv\/about-checkedholidays\/#primaryimage\",\"url\":\"https:\/\/i0.wp.com\/www.checkedholidays.com\/wp-content\/uploads\/2022\/06\/Website-growth.png?fit=1874%2C452&ssl=1\",\"contentUrl\":\"https:\/\/i0.wp.com\/www.checkedholidays.com\/wp-content\/uploads\/2022\/06\/Website-growth.png?fit=1874%2C452&ssl=1\",\"width\":1874,\"height\":452},{\"@type\":\"BreadcrumbList\",\"@id\":\"https:\/\/www.checkedholidays.com\/lv\/about-checkedholidays\/#breadcrumb\",\"itemListElement\":[{\"@type\":\"ListItem\",\"position\":1,\"name\":\"Home\",\"item\":\"https:\/\/www.checkedholidays.com\/lv\/\"},{\"@type\":\"ListItem\",\"position\":2,\"name\":\"Par CheckedHolidays\"}]},{\"@type\":\"WebSite\",\"@id\":\"https:\/\/www.checkedholidays.com\/lv\/#website\",\"url\":\"https:\/\/www.checkedholidays.com\/lv\/\",\"name\":\"CheckedHolidays\",\"description\":\"Spanish island holidays... but better!\",\"potentialAction\":[{\"@type\":\"SearchAction\",\"target\":{\"@type\":\"EntryPoint\",\"urlTemplate\":\"https:\/\/www.checkedholidays.com\/lv\/?s={search_term_string}\"},\"query-input\":{\"@type\":\"PropertyValueSpecification\",\"valueRequired\":true,\"valueName\":\"search_term_string\"}}],\"inLanguage\":\"lv-LV\"}]}<\/script>\n<!-- \/ Yoast SEO plugin. -->","yoast_head_json":{"title":"Par CheckedHolidays","robots":{"index":"index","follow":"follow","max-snippet":"max-snippet:-1","max-image-preview":"max-image-preview:large","max-video-preview":"max-video-preview:-1"},"canonical":"https:\/\/www.checkedholidays.com\/lv\/about-checkedholidays\/","og_locale":"lv_LV","og_type":"article","og_title":"Par CheckedHolidays","og_description":"CheckedHolidays tika dibin\u0101ts 2012. gad\u0101 p\u0113c tam, kad internet\u0101 tika paman\u012bts daudz dezinform\u0101cijas par br\u012bvdien\u0101m Sp\u0101nijas sal\u0101s. \u0160\u012b dezinform\u0101cija negat\u012bvi ietekm\u0113ja cilv\u0113ku br\u012bvdienas, t\u0101p\u0113c m\u0113s izveidoj\u0101m YouTube videoklipu, lai labotu \u0161o dezinform\u0101ciju. P\u0113c tam, kad tas tika p\u0101r\u0146emts un atspogu\u013cots Express, to noskat\u012bj\u0101s vair\u0101k nek\u0101 100 000 skat\u012bt\u0101ju. No turienes m\u0113s guv\u0101m iedvesmu dar\u012bt vair\u0101k! [&hellip;]","og_url":"https:\/\/www.checkedholidays.com\/lv\/about-checkedholidays\/","og_site_name":"CheckedHolidays","article_publisher":"http:\/\/www.facebook.com\/checkedholidays","article_modified_time":"2023-12-02T12:35:16+00:00","og_image":[{"width":1874,"height":452,"url":"https:\/\/i0.wp.com\/www.checkedholidays.com\/wp-content\/uploads\/2022\/06\/Website-growth.png?fit=1874%2C452&ssl=1","type":"image\/png"}],"twitter_card":"summary_large_image","twitter_site":"@checkedholidays","twitter_misc":{"Est. reading time":"2 minutes"},"schema":{"@context":"https:\/\/schema.org","@graph":[{"@type":"WebPage","@id":"https:\/\/www.checkedholidays.com\/lv\/about-checkedholidays\/","url":"https:\/\/www.checkedholidays.com\/lv\/about-checkedholidays\/","name":"Par CheckedHolidays","isPartOf":{"@id":"https:\/\/www.checkedholidays.com\/lv\/#website"},"primaryImageOfPage":{"@id":"https:\/\/www.checkedholidays.com\/lv\/about-checkedholidays\/#primaryimage"},"image":{"@id":"https:\/\/www.checkedholidays.com\/lv\/about-checkedholidays\/#primaryimage"},"thumbnailUrl":"https:\/\/i0.wp.com\/www.checkedholidays.com\/wp-content\/uploads\/2022\/06\/Website-growth.png?fit=1874%2C452&ssl=1","datePublished":"2023-09-12T12:20:34+00:00","dateModified":"2023-12-02T12:35:16+00:00","breadcrumb":{"@id":"https:\/\/www.checkedholidays.com\/lv\/about-checkedholidays\/#breadcrumb"},"inLanguage":"lv-LV","potentialAction":[{"@type":"ReadAction","target":["https:\/\/www.checkedholidays.com\/lv\/about-checkedholidays\/"]}]},{"@type":"ImageObject","inLanguage":"lv-LV","@id":"https:\/\/www.checkedholidays.com\/lv\/about-checkedholidays\/#primaryimage","url":"https:\/\/i0.wp.com\/www.checkedholidays.com\/wp-content\/uploads\/2022\/06\/Website-growth.png?fit=1874%2C452&ssl=1","contentUrl":"https:\/\/i0.wp.com\/www.checkedholidays.com\/wp-content\/uploads\/2022\/06\/Website-growth.png?fit=1874%2C452&ssl=1","width":1874,"height":452},{"@type":"BreadcrumbList","@id":"https:\/\/www.checkedholidays.com\/lv\/about-checkedholidays\/#breadcrumb","itemListElement":[{"@type":"ListItem","position":1,"name":"Home","item":"https:\/\/www.checkedholidays.com\/lv\/"},{"@type":"ListItem","position":2,"name":"Par CheckedHolidays"}]},{"@type":"WebSite","@id":"https:\/\/www.checkedholidays.com\/lv\/#website","url":"https:\/\/www.checkedholidays.com\/lv\/","name":"CheckedHolidays","description":"Spanish island holidays... but better!","potentialAction":[{"@type":"SearchAction","target":{"@type":"EntryPoint","urlTemplate":"https:\/\/www.checkedholidays.com\/lv\/?s={search_term_string}"},"query-input":{"@type":"PropertyValueSpecification","valueRequired":true,"valueName":"search_term_string"}}],"inLanguage":"lv-LV"}]}},"jetpack_sharing_enabled":true,"_links":{"self":[{"href":"https:\/\/www.checkedholidays.com\/lv\/wp-json\/wp\/v2\/pages\/63247","targetHints":{"allow":["GET"]}}],"collection":[{"href":"https:\/\/www.checkedholidays.com\/lv\/wp-json\/wp\/v2\/pages"}],"about":[{"href":"https:\/\/www.checkedholidays.com\/lv\/wp-json\/wp\/v2\/types\/page"}],"author":[{"embeddable":true,"href":"https:\/\/www.checkedholidays.com\/lv\/wp-json\/wp\/v2\/users\/1"}],"replies":[{"embeddable":true,"href":"https:\/\/www.checkedholidays.com\/lv\/wp-json\/wp\/v2\/comments?post=63247"}],"version-history":[{"count":4,"href":"https:\/\/www.checkedholidays.com\/lv\/wp-json\/wp\/v2\/pages\/63247\/revisions"}],"predecessor-version":[{"id":78412,"href":"https:\/\/www.checkedholidays.com\/lv\/wp-json\/wp\/v2\/pages\/63247\/revisions\/78412"}],"wp:featuredmedia":[{"embeddable":true,"href":"https:\/\/www.checkedholidays.com\/lv\/wp-json\/wp\/v2\/media\/63250"}],"wp:attachment":[{"href":"https:\/\/www.checkedholidays.com\/lv\/wp-json\/wp\/v2\/media?parent=63247"}],"curies":[{"name":"wp","href":"https:\/\/api.w.org\/{rel}","templated":true}]}}