{"id":72744,"date":"2023-10-28T09:24:50","date_gmt":"2023-10-28T09:24:50","guid":{"rendered":"https:\/\/www.checkedholidays.com\/cookie-policy\/"},"modified":"2025-03-17T09:57:04","modified_gmt":"2025-03-17T09:57:04","slug":"cookie-policy","status":"publish","type":"page","link":"https:\/\/www.checkedholidays.com\/lt\/cookie-policy\/","title":{"rendered":"Slapuk\u0173 politika"},"content":{"rendered":"\n<h2 class=\"wp-block-heading\">Kas yra slapukai?<\/h2>\n\n<p class=\"wp-block-paragraph\">\u0160ioje slapuk\u0173 politikoje paai\u0161kinama, kas yra slapukai ir kaip juos naudojame, kokius slapuk\u0173 tipus naudojame, t. y. koki\u0105 informacij\u0105 renkame naudodami slapukus ir kaip ji naudojama, taip pat kaip tvarkyti slapuk\u0173 nustatymus.<\/p>\n\n<p class=\"wp-block-paragraph\">Slapukai &#8211; tai ma\u017ei tekstiniai failai, kuriuose saugoma nedidel\u0117 informacija. Jie i\u0161saugomi j\u016bs\u0173 \u012frenginyje, kai svetain\u0117 \u012fkeliama \u012f nar\u0161ykl\u0119. \u0160ie slapukai padeda mums u\u017etikrinti, kad svetain\u0117 tinkamai veikt\u0173, b\u016bt\u0173 saugesn\u0117, u\u017etikrint\u0173 geresn\u0119 naudotoj\u0173 patirt\u012f, pad\u0117t\u0173 suprasti, kaip svetain\u0117 veikia, ir analizuoti, kas joje veikia ir kur j\u0105 reikia tobulinti.<\/p>\n\n<h2 class=\"wp-block-heading\">Kaip naudojame slapukus?<\/h2>\n\n<p class=\"wp-block-paragraph\">Kaip ir dauguma internetini\u0173 paslaug\u0173, m\u016bs\u0173 svetain\u0117 naudoja pirmosios ir tre\u010diosios \u0161alies slapukus keliais tikslais. Pirmosios \u0161alies slapukai da\u017eniausiai reikalingi tam, kad svetain\u0117 tinkamai veikt\u0173, ir jie nerenka joki\u0173 j\u016bs\u0173 asmenini\u0173 duomen\u0173.<\/p>\n\n<p class=\"wp-block-paragraph\">Tre\u010di\u0173j\u0173 \u0161ali\u0173 slapukai, naudojami m\u016bs\u0173 svetain\u0117je, daugiausia skirti suprasti, kaip veikia svetain\u0117, kaip s\u0105veikaujate su m\u016bs\u0173 svetaine, u\u017etikrinti m\u016bs\u0173 paslaug\u0173 saugum\u0105, pateikti jums aktuali\u0105 reklam\u0105 ir apskritai suteikti jums geresn\u0119 ir tobulesn\u0119 naudotojo patirt\u012f bei pagreitinti j\u016bs\u0173 b\u016bsim\u0105 s\u0105veik\u0105 su m\u016bs\u0173 svetaine.<\/p>\n\n<h2 class=\"wp-block-heading\">M\u016bs\u0173 naudojam\u0173 slapuk\u0173 tipai<\/h2>\n\n<style>\n    a.cky-banner-element {\n        padding: 8px 30px;\n        background: #F8F9FA;\n        color: #858A8F;\n        border: 1px solid #DEE2E6;\n        box-sizing: border-box;\n        border-radius: 2px;\n        cursor: pointer;\n}\n<\/style>\n\n    <div class=\"cky-audit-table-element\"><\/div>\n\n<h2 class=\"wp-block-heading\">Tvarkyti slapuk\u0173 nuostatas<\/h2>\n\n<a class=\"cky-banner-element\">Slapuk\u0173 nustatymai<\/a> <br\/>\n<p>\n<\/p>\n<p class=\"wp-block-paragraph\">Slapuk\u0173 nuostatas galite bet kada pakeisti spustel\u0117j\u0119 auk\u0161\u010diau esant\u012f mygtuk\u0105. Taip gal\u0117site i\u0161 naujo apsilankyti slapuk\u0173 sutikimo baneryje ir pakeisti savo nuostatas arba i\u0161 karto at\u0161aukti savo sutikim\u0105.   <\/p>\n\n<p class=\"wp-block-paragraph\">Be to, skirtingose nar\u0161ykl\u0117se pateikiami skirtingi b\u016bdai, kaip blokuoti ir i\u0161trinti svetaini\u0173 naudojamus slapukus. Galite pakeisti savo nar\u0161ykl\u0117s nustatymus ir blokuoti arba i\u0161trinti slapukus.  <\/p>\n","protected":false},"excerpt":{"rendered":"<p>Kas yra slapukai? \u0160ioje slapuk\u0173 politikoje paai\u0161kinama, kas yra slapukai ir kaip juos naudojame, kokius slapuk\u0173 tipus naudojame, t. y. koki\u0105 informacij\u0105 renkame naudodami slapukus ir kaip ji naudojama, taip pat kaip tvarkyti slapuk\u0173 nustatymus. Slapukai &#8211; tai ma\u017ei tekstiniai failai, kuriuose saugoma nedidel\u0117 informacija. Jie i\u0161saugomi j\u016bs\u0173 \u012frenginyje, kai svetain\u0117 \u012fkeliama \u012f nar\u0161ykl\u0119. \u0160ie [&hellip;]<\/p>\n","protected":false},"author":1,"featured_media":0,"parent":0,"menu_order":0,"comment_status":"closed","ping_status":"closed","template":"","meta":{"_crdt_document":"","footnotes":""},"class_list":["post-72744","page","type-page","status-publish","hentry"],"yoast_head":"<!-- This site is optimized with the Yoast SEO plugin v27.6 - https:\/\/yoast.com\/product\/yoast-seo-wordpress\/ -->\n<title>Slapuk\u0173 politika<\/title>\n<meta name=\"robots\" content=\"index, follow, max-snippet:-1, max-image-preview:large, max-video-preview:-1\" \/>\n<link rel=\"canonical\" href=\"https:\/\/www.checkedholidays.com\/lt\/cookie-policy\/\" \/>\n<meta property=\"og:locale\" content=\"lt_LT\" \/>\n<meta property=\"og:type\" content=\"article\" \/>\n<meta property=\"og:title\" content=\"Slapuk\u0173 politika\" \/>\n<meta property=\"og:description\" content=\"Kas yra slapukai? \u0160ioje slapuk\u0173 politikoje paai\u0161kinama, kas yra slapukai ir kaip juos naudojame, kokius slapuk\u0173 tipus naudojame, t. y. koki\u0105 informacij\u0105 renkame naudodami slapukus ir kaip ji naudojama, taip pat kaip tvarkyti slapuk\u0173 nustatymus. Slapukai &#8211; tai ma\u017ei tekstiniai failai, kuriuose saugoma nedidel\u0117 informacija. Jie i\u0161saugomi j\u016bs\u0173 \u012frenginyje, kai svetain\u0117 \u012fkeliama \u012f nar\u0161ykl\u0119. \u0160ie [&hellip;]\" \/>\n<meta property=\"og:url\" content=\"https:\/\/www.checkedholidays.com\/lt\/cookie-policy\/\" \/>\n<meta property=\"og:site_name\" content=\"CheckedHolidays\" \/>\n<meta property=\"article:publisher\" content=\"http:\/\/www.facebook.com\/checkedholidays\" \/>\n<meta property=\"article:modified_time\" content=\"2025-03-17T09:57:04+00:00\" \/>\n<meta name=\"twitter:card\" content=\"summary_large_image\" \/>\n<meta name=\"twitter:site\" content=\"@checkedholidays\" \/>\n<meta name=\"twitter:label1\" content=\"Est. reading time\" \/>\n\t<meta name=\"twitter:data1\" content=\"1 minut\u0117\" \/>\n<script type=\"application\/ld+json\" class=\"yoast-schema-graph\">{\"@context\":\"https:\\\/\\\/schema.org\",\"@graph\":[{\"@type\":\"WebPage\",\"@id\":\"https:\\\/\\\/www.checkedholidays.com\\\/lt\\\/cookie-policy\\\/\",\"url\":\"https:\\\/\\\/www.checkedholidays.com\\\/lt\\\/cookie-policy\\\/\",\"name\":\"Slapuk\u0173 politika\",\"isPartOf\":{\"@id\":\"https:\\\/\\\/www.checkedholidays.com\\\/lt\\\/#website\"},\"datePublished\":\"2023-10-28T09:24:50+00:00\",\"dateModified\":\"2025-03-17T09:57:04+00:00\",\"breadcrumb\":{\"@id\":\"https:\\\/\\\/www.checkedholidays.com\\\/lt\\\/cookie-policy\\\/#breadcrumb\"},\"inLanguage\":\"lt-LT\",\"potentialAction\":[{\"@type\":\"ReadAction\",\"target\":[\"https:\\\/\\\/www.checkedholidays.com\\\/lt\\\/cookie-policy\\\/\"]}]},{\"@type\":\"BreadcrumbList\",\"@id\":\"https:\\\/\\\/www.checkedholidays.com\\\/lt\\\/cookie-policy\\\/#breadcrumb\",\"itemListElement\":[{\"@type\":\"ListItem\",\"position\":1,\"name\":\"Home\",\"item\":\"https:\\\/\\\/www.checkedholidays.com\\\/lt\\\/\"},{\"@type\":\"ListItem\",\"position\":2,\"name\":\"Slapuk\u0173 politika\"}]},{\"@type\":\"WebSite\",\"@id\":\"https:\\\/\\\/www.checkedholidays.com\\\/lt\\\/#website\",\"url\":\"https:\\\/\\\/www.checkedholidays.com\\\/lt\\\/\",\"name\":\"CheckedHolidays\",\"description\":\"Spanish island holidays... but better!\",\"potentialAction\":[{\"@type\":\"SearchAction\",\"target\":{\"@type\":\"EntryPoint\",\"urlTemplate\":\"https:\\\/\\\/www.checkedholidays.com\\\/lt\\\/?s={search_term_string}\"},\"query-input\":{\"@type\":\"PropertyValueSpecification\",\"valueRequired\":true,\"valueName\":\"search_term_string\"}}],\"inLanguage\":\"lt-LT\"}]}<\/script>\n<!-- \/ Yoast SEO plugin. -->","yoast_head_json":{"title":"Slapuk\u0173 politika","robots":{"index":"index","follow":"follow","max-snippet":"max-snippet:-1","max-image-preview":"max-image-preview:large","max-video-preview":"max-video-preview:-1"},"canonical":"https:\/\/www.checkedholidays.com\/lt\/cookie-policy\/","og_locale":"lt_LT","og_type":"article","og_title":"Slapuk\u0173 politika","og_description":"Kas yra slapukai? \u0160ioje slapuk\u0173 politikoje paai\u0161kinama, kas yra slapukai ir kaip juos naudojame, kokius slapuk\u0173 tipus naudojame, t. y. koki\u0105 informacij\u0105 renkame naudodami slapukus ir kaip ji naudojama, taip pat kaip tvarkyti slapuk\u0173 nustatymus. Slapukai &#8211; tai ma\u017ei tekstiniai failai, kuriuose saugoma nedidel\u0117 informacija. Jie i\u0161saugomi j\u016bs\u0173 \u012frenginyje, kai svetain\u0117 \u012fkeliama \u012f nar\u0161ykl\u0119. \u0160ie [&hellip;]","og_url":"https:\/\/www.checkedholidays.com\/lt\/cookie-policy\/","og_site_name":"CheckedHolidays","article_publisher":"http:\/\/www.facebook.com\/checkedholidays","article_modified_time":"2025-03-17T09:57:04+00:00","twitter_card":"summary_large_image","twitter_site":"@checkedholidays","twitter_misc":{"Est. reading time":"1 minut\u0117"},"schema":{"@context":"https:\/\/schema.org","@graph":[{"@type":"WebPage","@id":"https:\/\/www.checkedholidays.com\/lt\/cookie-policy\/","url":"https:\/\/www.checkedholidays.com\/lt\/cookie-policy\/","name":"Slapuk\u0173 politika","isPartOf":{"@id":"https:\/\/www.checkedholidays.com\/lt\/#website"},"datePublished":"2023-10-28T09:24:50+00:00","dateModified":"2025-03-17T09:57:04+00:00","breadcrumb":{"@id":"https:\/\/www.checkedholidays.com\/lt\/cookie-policy\/#breadcrumb"},"inLanguage":"lt-LT","potentialAction":[{"@type":"ReadAction","target":["https:\/\/www.checkedholidays.com\/lt\/cookie-policy\/"]}]},{"@type":"BreadcrumbList","@id":"https:\/\/www.checkedholidays.com\/lt\/cookie-policy\/#breadcrumb","itemListElement":[{"@type":"ListItem","position":1,"name":"Home","item":"https:\/\/www.checkedholidays.com\/lt\/"},{"@type":"ListItem","position":2,"name":"Slapuk\u0173 politika"}]},{"@type":"WebSite","@id":"https:\/\/www.checkedholidays.com\/lt\/#website","url":"https:\/\/www.checkedholidays.com\/lt\/","name":"CheckedHolidays","description":"Spanish island holidays... but better!","potentialAction":[{"@type":"SearchAction","target":{"@type":"EntryPoint","urlTemplate":"https:\/\/www.checkedholidays.com\/lt\/?s={search_term_string}"},"query-input":{"@type":"PropertyValueSpecification","valueRequired":true,"valueName":"search_term_string"}}],"inLanguage":"lt-LT"}]}},"jetpack_sharing_enabled":true,"_links":{"self":[{"href":"https:\/\/www.checkedholidays.com\/lt\/wp-json\/wp\/v2\/pages\/72744","targetHints":{"allow":["GET"]}}],"collection":[{"href":"https:\/\/www.checkedholidays.com\/lt\/wp-json\/wp\/v2\/pages"}],"about":[{"href":"https:\/\/www.checkedholidays.com\/lt\/wp-json\/wp\/v2\/types\/page"}],"author":[{"embeddable":true,"href":"https:\/\/www.checkedholidays.com\/lt\/wp-json\/wp\/v2\/users\/1"}],"replies":[{"embeddable":true,"href":"https:\/\/www.checkedholidays.com\/lt\/wp-json\/wp\/v2\/comments?post=72744"}],"version-history":[{"count":2,"href":"https:\/\/www.checkedholidays.com\/lt\/wp-json\/wp\/v2\/pages\/72744\/revisions"}],"predecessor-version":[{"id":103231,"href":"https:\/\/www.checkedholidays.com\/lt\/wp-json\/wp\/v2\/pages\/72744\/revisions\/103231"}],"wp:attachment":[{"href":"https:\/\/www.checkedholidays.com\/lt\/wp-json\/wp\/v2\/media?parent=72744"}],"curies":[{"name":"wp","href":"https:\/\/api.w.org\/{rel}","templated":true}]}}