{"id":63322,"date":"2023-09-12T12:24:44","date_gmt":"2023-09-12T12:24:44","guid":{"rendered":"https:\/\/www.checkedholidays.com\/affiliate-disclaimer\/"},"modified":"2023-09-12T12:24:45","modified_gmt":"2023-09-12T12:24:45","slug":"affiliate-disclaimer","status":"publish","type":"page","link":"https:\/\/www.checkedholidays.com\/lt\/affiliate-disclaimer\/","title":{"rendered":"\u0160ioje svetain\u0117je naudojamos partneri\u0173 nuorodos"},"content":{"rendered":"\n<p class=\"wp-block-paragraph\">Jei jums padeda mano &#8220;Youtube&#8221; kanalas, svetain\u0117 <g class=\"gr_ gr_4 gr-alert gr_gramm gr_inline_cards gr_disable_anim_appear Punctuation only-ins replaceWithoutSep\" id=\"4\" data-gr-id=\"4\">ir<\/g> vadovai ir norite <strong>pad\u0117ti man, pad\u0117ti jums<\/strong>&#8230; tada mano partneri\u0173 nuorod\u0173 naudojimas yra geriausias <strong>NEMOKAMAS<\/strong> b\u016bdas tai padaryti.<\/p>\n\n<p class=\"wp-block-paragraph\">Partneri\u0173 nuorodos yra labai standartin\u0117s ir pla\u010diai naudojamos, ta\u010diau, manau, svarbu, kad apie jas \u017einotum\u0117te.<\/p>\n\n<p class=\"wp-block-paragraph\">Partnerin\u0117s nuorodos atrodo kaip \u012fprastos nuorodos, ta\u010diau informuoja svetain\u0119, \u012f kuri\u0105 einate, kad at\u0117jote i\u0161 mano svetain\u0117s. Jei k\u0105 nors nusipirksite svetain\u0117je, \u012f kuri\u0105 pateikiau nuorod\u0105, gausiu nedidel\u012f komisin\u012f mokest\u012f, kuris pad\u0117s i\u0161laikyti \u0161i\u0105 svetain\u0119.  <\/p>\n\n<p class=\"wp-block-paragraph\">Ta\u010diau visada mok\u0117site t\u0105 pa\u010di\u0105 kain\u0105, kaip ir \u012fprastai, o kartais, jei naudosit\u0117s mano partneri\u0173 nuorodomis, gausite nuolaid\u0105 ar naud\u0105. Komisinius moka kitos svetain\u0117s savininkas, o ne j\u016bs.<\/p>\n\n<p class=\"wp-block-paragraph\">Labai a\u010di\u016b, kad naudojat\u0117s mano partneri\u0173 nuorodomis ir leid\u017eiate man, svetainei ir &#8220;YouTube&#8221; kanalui pad\u0117ti milijonams kit\u0173 \u017emoni\u0173, toki\u0173 kaip j\u016bs, tur\u0117ti dar geresnes atostogas!<\/p>\n\n<p class=\"wp-block-paragraph\"><g class=\"gr_ gr_4 gr-alert gr_spell gr_inline_cards gr_run_anim ContextualSpelling ins-del multiReplace\" id=\"4\" data-gr-id=\"4\"><a href=\"https:\/\/www.checkedholidays.com\/lt\/about\/\">Ive<\/a><\/g><\/p>\n","protected":false},"excerpt":{"rendered":"<p>Jei jums padeda mano &#8220;Youtube&#8221; kanalas, svetain\u0117 ir vadovai ir norite pad\u0117ti man, pad\u0117ti jums&#8230; tada mano partneri\u0173 nuorod\u0173 naudojimas yra geriausias NEMOKAMAS b\u016bdas tai padaryti. Partneri\u0173 nuorodos yra labai standartin\u0117s ir pla\u010diai naudojamos, ta\u010diau, manau, svarbu, kad apie jas \u017einotum\u0117te. Partnerin\u0117s nuorodos atrodo kaip \u012fprastos nuorodos, ta\u010diau informuoja svetain\u0119, \u012f kuri\u0105 einate, kad at\u0117jote [&hellip;]<\/p>\n","protected":false},"author":1,"featured_media":0,"parent":0,"menu_order":0,"comment_status":"closed","ping_status":"closed","template":"","meta":{"_crdt_document":"","footnotes":""},"class_list":["post-63322","page","type-page","status-publish","hentry"],"yoast_head":"<!-- This site is optimized with the Yoast SEO plugin v27.5 - https:\/\/yoast.com\/product\/yoast-seo-wordpress\/ -->\n<title>\u0160ioje svetain\u0117je naudojamos partneri\u0173 nuorodos - CheckedHolidays<\/title>\n<meta name=\"robots\" content=\"index, follow, max-snippet:-1, max-image-preview:large, max-video-preview:-1\" \/>\n<link rel=\"canonical\" href=\"https:\/\/www.checkedholidays.com\/lt\/affiliate-disclaimer\/\" \/>\n<meta property=\"og:locale\" content=\"lt_LT\" \/>\n<meta property=\"og:type\" content=\"article\" \/>\n<meta property=\"og:title\" content=\"\u0160ioje svetain\u0117je naudojamos partneri\u0173 nuorodos - CheckedHolidays\" \/>\n<meta property=\"og:description\" content=\"Jei jums padeda mano &#8220;Youtube&#8221; kanalas, svetain\u0117 ir vadovai ir norite pad\u0117ti man, pad\u0117ti jums&#8230; tada mano partneri\u0173 nuorod\u0173 naudojimas yra geriausias NEMOKAMAS b\u016bdas tai padaryti. Partneri\u0173 nuorodos yra labai standartin\u0117s ir pla\u010diai naudojamos, ta\u010diau, manau, svarbu, kad apie jas \u017einotum\u0117te. Partnerin\u0117s nuorodos atrodo kaip \u012fprastos nuorodos, ta\u010diau informuoja svetain\u0119, \u012f kuri\u0105 einate, kad at\u0117jote [&hellip;]\" \/>\n<meta property=\"og:url\" content=\"https:\/\/www.checkedholidays.com\/lt\/affiliate-disclaimer\/\" \/>\n<meta property=\"og:site_name\" content=\"CheckedHolidays\" \/>\n<meta property=\"article:publisher\" content=\"http:\/\/www.facebook.com\/checkedholidays\" \/>\n<meta property=\"article:modified_time\" content=\"2023-09-12T12:24:45+00:00\" \/>\n<meta name=\"twitter:card\" content=\"summary_large_image\" \/>\n<meta name=\"twitter:site\" content=\"@checkedholidays\" \/>\n<meta name=\"twitter:label1\" content=\"Est. reading time\" \/>\n\t<meta name=\"twitter:data1\" content=\"1 minut\u0117\" \/>\n<script type=\"application\/ld+json\" class=\"yoast-schema-graph\">{\"@context\":\"https:\\\/\\\/schema.org\",\"@graph\":[{\"@type\":\"WebPage\",\"@id\":\"https:\\\/\\\/www.checkedholidays.com\\\/lt\\\/affiliate-disclaimer\\\/\",\"url\":\"https:\\\/\\\/www.checkedholidays.com\\\/lt\\\/affiliate-disclaimer\\\/\",\"name\":\"\u0160ioje svetain\u0117je naudojamos partneri\u0173 nuorodos - CheckedHolidays\",\"isPartOf\":{\"@id\":\"https:\\\/\\\/www.checkedholidays.com\\\/lt\\\/#website\"},\"datePublished\":\"2023-09-12T12:24:44+00:00\",\"dateModified\":\"2023-09-12T12:24:45+00:00\",\"breadcrumb\":{\"@id\":\"https:\\\/\\\/www.checkedholidays.com\\\/lt\\\/affiliate-disclaimer\\\/#breadcrumb\"},\"inLanguage\":\"lt-LT\",\"potentialAction\":[{\"@type\":\"ReadAction\",\"target\":[\"https:\\\/\\\/www.checkedholidays.com\\\/lt\\\/affiliate-disclaimer\\\/\"]}]},{\"@type\":\"BreadcrumbList\",\"@id\":\"https:\\\/\\\/www.checkedholidays.com\\\/lt\\\/affiliate-disclaimer\\\/#breadcrumb\",\"itemListElement\":[{\"@type\":\"ListItem\",\"position\":1,\"name\":\"Home\",\"item\":\"https:\\\/\\\/www.checkedholidays.com\\\/lt\\\/\"},{\"@type\":\"ListItem\",\"position\":2,\"name\":\"\u0160ioje svetain\u0117je naudojamos partneri\u0173 nuorodos\"}]},{\"@type\":\"WebSite\",\"@id\":\"https:\\\/\\\/www.checkedholidays.com\\\/lt\\\/#website\",\"url\":\"https:\\\/\\\/www.checkedholidays.com\\\/lt\\\/\",\"name\":\"CheckedHolidays\",\"description\":\"Spanish island holidays... but better!\",\"potentialAction\":[{\"@type\":\"SearchAction\",\"target\":{\"@type\":\"EntryPoint\",\"urlTemplate\":\"https:\\\/\\\/www.checkedholidays.com\\\/lt\\\/?s={search_term_string}\"},\"query-input\":{\"@type\":\"PropertyValueSpecification\",\"valueRequired\":true,\"valueName\":\"search_term_string\"}}],\"inLanguage\":\"lt-LT\"}]}<\/script>\n<!-- \/ Yoast SEO plugin. -->","yoast_head_json":{"title":"\u0160ioje svetain\u0117je naudojamos partneri\u0173 nuorodos - CheckedHolidays","robots":{"index":"index","follow":"follow","max-snippet":"max-snippet:-1","max-image-preview":"max-image-preview:large","max-video-preview":"max-video-preview:-1"},"canonical":"https:\/\/www.checkedholidays.com\/lt\/affiliate-disclaimer\/","og_locale":"lt_LT","og_type":"article","og_title":"\u0160ioje svetain\u0117je naudojamos partneri\u0173 nuorodos - CheckedHolidays","og_description":"Jei jums padeda mano &#8220;Youtube&#8221; kanalas, svetain\u0117 ir vadovai ir norite pad\u0117ti man, pad\u0117ti jums&#8230; tada mano partneri\u0173 nuorod\u0173 naudojimas yra geriausias NEMOKAMAS b\u016bdas tai padaryti. Partneri\u0173 nuorodos yra labai standartin\u0117s ir pla\u010diai naudojamos, ta\u010diau, manau, svarbu, kad apie jas \u017einotum\u0117te. Partnerin\u0117s nuorodos atrodo kaip \u012fprastos nuorodos, ta\u010diau informuoja svetain\u0119, \u012f kuri\u0105 einate, kad at\u0117jote [&hellip;]","og_url":"https:\/\/www.checkedholidays.com\/lt\/affiliate-disclaimer\/","og_site_name":"CheckedHolidays","article_publisher":"http:\/\/www.facebook.com\/checkedholidays","article_modified_time":"2023-09-12T12:24:45+00:00","twitter_card":"summary_large_image","twitter_site":"@checkedholidays","twitter_misc":{"Est. reading time":"1 minut\u0117"},"schema":{"@context":"https:\/\/schema.org","@graph":[{"@type":"WebPage","@id":"https:\/\/www.checkedholidays.com\/lt\/affiliate-disclaimer\/","url":"https:\/\/www.checkedholidays.com\/lt\/affiliate-disclaimer\/","name":"\u0160ioje svetain\u0117je naudojamos partneri\u0173 nuorodos - CheckedHolidays","isPartOf":{"@id":"https:\/\/www.checkedholidays.com\/lt\/#website"},"datePublished":"2023-09-12T12:24:44+00:00","dateModified":"2023-09-12T12:24:45+00:00","breadcrumb":{"@id":"https:\/\/www.checkedholidays.com\/lt\/affiliate-disclaimer\/#breadcrumb"},"inLanguage":"lt-LT","potentialAction":[{"@type":"ReadAction","target":["https:\/\/www.checkedholidays.com\/lt\/affiliate-disclaimer\/"]}]},{"@type":"BreadcrumbList","@id":"https:\/\/www.checkedholidays.com\/lt\/affiliate-disclaimer\/#breadcrumb","itemListElement":[{"@type":"ListItem","position":1,"name":"Home","item":"https:\/\/www.checkedholidays.com\/lt\/"},{"@type":"ListItem","position":2,"name":"\u0160ioje svetain\u0117je naudojamos partneri\u0173 nuorodos"}]},{"@type":"WebSite","@id":"https:\/\/www.checkedholidays.com\/lt\/#website","url":"https:\/\/www.checkedholidays.com\/lt\/","name":"CheckedHolidays","description":"Spanish island holidays... but better!","potentialAction":[{"@type":"SearchAction","target":{"@type":"EntryPoint","urlTemplate":"https:\/\/www.checkedholidays.com\/lt\/?s={search_term_string}"},"query-input":{"@type":"PropertyValueSpecification","valueRequired":true,"valueName":"search_term_string"}}],"inLanguage":"lt-LT"}]}},"jetpack_sharing_enabled":true,"_links":{"self":[{"href":"https:\/\/www.checkedholidays.com\/lt\/wp-json\/wp\/v2\/pages\/63322","targetHints":{"allow":["GET"]}}],"collection":[{"href":"https:\/\/www.checkedholidays.com\/lt\/wp-json\/wp\/v2\/pages"}],"about":[{"href":"https:\/\/www.checkedholidays.com\/lt\/wp-json\/wp\/v2\/types\/page"}],"author":[{"embeddable":true,"href":"https:\/\/www.checkedholidays.com\/lt\/wp-json\/wp\/v2\/users\/1"}],"replies":[{"embeddable":true,"href":"https:\/\/www.checkedholidays.com\/lt\/wp-json\/wp\/v2\/comments?post=63322"}],"version-history":[{"count":1,"href":"https:\/\/www.checkedholidays.com\/lt\/wp-json\/wp\/v2\/pages\/63322\/revisions"}],"predecessor-version":[{"id":63323,"href":"https:\/\/www.checkedholidays.com\/lt\/wp-json\/wp\/v2\/pages\/63322\/revisions\/63323"}],"wp:attachment":[{"href":"https:\/\/www.checkedholidays.com\/lt\/wp-json\/wp\/v2\/media?parent=63322"}],"curies":[{"name":"wp","href":"https:\/\/api.w.org\/{rel}","templated":true}]}}