{"id":63312,"date":"2023-09-12T12:23:25","date_gmt":"2023-09-12T12:23:25","guid":{"rendered":"https:\/\/www.checkedholidays.com\/home\/"},"modified":"2026-02-23T13:20:30","modified_gmt":"2026-02-23T13:20:30","slug":"home","status":"publish","type":"page","link":"https:\/\/www.checkedholidays.com\/lt\/","title":{"rendered":"Prad\u017eia"},"content":{"rendered":"\n<h2 class=\"wp-block-heading has-text-align-center\"><strong>Raskite idealias atostogas Ispanijos salose<\/strong><\/h2>\n\n<p class=\"wp-block-paragraph\">Puikiai tinka i\u0161tisus metus<\/p>\n\n<ul class=\"wp-block-list\">\n<li><strong><u><a href=\"https:\/\/www.checkedholidays.com\/lt\/tag\/tenerife-lt\/\" type=\"category\" id=\"59\">Tenerif\u0117<\/a><\/u><\/strong> &#8211; Geriausia \u0161eimoms, norin\u010dioms \u012fvairov\u0117s, pramog\u0173 ir patogumo.<\/li>\n\n\n\n<li><strong><u><a href=\"https:\/\/www.checkedholidays.com\/lt\/tag\/gran-kanarija\/\" type=\"category\" id=\"60\">Gran Kanarija<\/a><\/u><\/strong> &#8211; Geriausiai tinka poroms ir suaugusiesiems, norintiems naktinio gyvenimo, restoran\u0173 ir apsipirkimo.<\/li>\n\n\n\n<li><strong><u><a href=\"https:\/\/www.checkedholidays.com\/lt\/tag\/lansarote-lt\/\" type=\"category\" id=\"61\">Lansarot\u0117<\/a><\/u><\/strong> &#8211; Geriausia vieta atostogoms &#8220;viskas \u012fskai\u010diuota&#8221; ir lengvoms poilsio atostogoms.<\/li>\n\n\n\n<li><strong><u><a href=\"https:\/\/www.checkedholidays.com\/lt\/tag\/fuerteventura-lt\/\" type=\"category\" id=\"309\">Fuerteventura<\/a><\/u><\/strong> &#8211; Geriausiai tinka papl\u016bdimio atostogoms, kai yra daug erdv\u0117s.<\/li>\n<\/ul>\n\n<p class=\"wp-block-paragraph\">Geriausia nuo gegu\u017e\u0117s iki spalio m\u0117n.<\/p>\n\n<ul class=\"wp-block-list\">\n<li><strong><u><a href=\"https:\/\/www.checkedholidays.com\/lt\/tag\/maljorka-lt\/\" type=\"category\" id=\"57\">Maljorka<\/a><\/u><\/strong> &#8211; Geriausia \u0161eimoms ir ie\u0161kantiems \u012fvairov\u0117s, norintiems papl\u016bdimi\u0173, ekskursij\u0173 ir didelio pasirinkimo.<\/li>\n\n\n\n<li><strong><u><a href=\"https:\/\/www.checkedholidays.com\/lt\/tag\/menorka-lt\/\" type=\"category\" id=\"91\">Menorka<\/a><\/u><\/strong> &#8211; Geriausiai tinka ramesn\u0117ms, atsipalaidavusioms, \u0161eimai draugi\u0161koms atostogoms, pasi\u017eymin\u010dioms autenti\u0161ku \u017eavesiu.  <\/li>\n\n\n\n<li><strong><u><a href=\"https:\/\/www.checkedholidays.com\/lt\/guide\/ibiza-lt\/\" type=\"category\" id=\"633\">Ibiza<\/a><\/u><\/strong> &#8211; Geriausia vieta suaugusiesiems, poroms, naktiniam gyvenimui, papl\u016bdimio klubams ir stilingoms atostogoms.<\/li>\n<\/ul>\n","protected":false},"excerpt":{"rendered":"<p>Raskite idealias atostogas Ispanijos salose Puikiai tinka i\u0161tisus metus Geriausia nuo gegu\u017e\u0117s iki spalio m\u0117n.<\/p>\n","protected":false},"author":1,"featured_media":0,"parent":0,"menu_order":0,"comment_status":"closed","ping_status":"closed","template":"","meta":{"_crdt_document":"","footnotes":""},"class_list":["post-63312","page","type-page","status-publish","hentry"],"yoast_head":"<!-- This site is optimized with the Yoast SEO plugin v27.2 - https:\/\/yoast.com\/product\/yoast-seo-wordpress\/ -->\n<title>Raskite idealias atostogas Ispanijos salose<\/title>\n<meta name=\"description\" content=\"Atraskite savo idealias atostogas Ispanijos salose, vadovaujami daugiau nei 20 met\u0173 patirties turin\u010dio eksperto.\" \/>\n<meta name=\"robots\" content=\"index, follow, max-snippet:-1, max-image-preview:large, max-video-preview:-1\" \/>\n<link rel=\"canonical\" href=\"https:\/\/www.checkedholidays.com\/lt\/\" \/>\n<meta property=\"og:locale\" content=\"lt_LT\" \/>\n<meta property=\"og:type\" content=\"article\" \/>\n<meta property=\"og:title\" content=\"Raskite idealias atostogas Ispanijos salose\" \/>\n<meta property=\"og:description\" content=\"Atraskite savo idealias atostogas Ispanijos salose, vadovaujami daugiau nei 20 met\u0173 patirties turin\u010dio eksperto.\" \/>\n<meta property=\"og:url\" content=\"https:\/\/www.checkedholidays.com\/lt\/\" \/>\n<meta property=\"og:site_name\" content=\"CheckedHolidays\" \/>\n<meta property=\"article:publisher\" content=\"http:\/\/www.facebook.com\/checkedholidays\" \/>\n<meta property=\"article:modified_time\" content=\"2026-02-23T13:20:30+00:00\" \/>\n<meta name=\"twitter:card\" content=\"summary_large_image\" \/>\n<meta name=\"twitter:site\" content=\"@checkedholidays\" \/>\n<meta name=\"twitter:label1\" content=\"Est. reading time\" \/>\n\t<meta name=\"twitter:data1\" content=\"1 minut\u0117\" \/>\n<script type=\"application\/ld+json\" class=\"yoast-schema-graph\">{\"@context\":\"https:\/\/schema.org\",\"@graph\":[{\"@type\":\"WebPage\",\"@id\":\"https:\/\/www.checkedholidays.com\/lt\/\",\"url\":\"https:\/\/www.checkedholidays.com\/lt\/\",\"name\":\"Raskite idealias atostogas Ispanijos salose\",\"isPartOf\":{\"@id\":\"https:\/\/www.checkedholidays.com\/lt\/#website\"},\"datePublished\":\"2023-09-12T12:23:25+00:00\",\"dateModified\":\"2026-02-23T13:20:30+00:00\",\"description\":\"Atraskite savo idealias atostogas Ispanijos salose, vadovaujami daugiau nei 20 met\u0173 patirties turin\u010dio eksperto.\",\"breadcrumb\":{\"@id\":\"https:\/\/www.checkedholidays.com\/lt\/#breadcrumb\"},\"inLanguage\":\"lt-LT\",\"potentialAction\":[{\"@type\":\"ReadAction\",\"target\":[\"https:\/\/www.checkedholidays.com\/lt\/\"]}]},{\"@type\":\"BreadcrumbList\",\"@id\":\"https:\/\/www.checkedholidays.com\/lt\/#breadcrumb\",\"itemListElement\":[{\"@type\":\"ListItem\",\"position\":1,\"name\":\"Home\",\"item\":\"https:\/\/www.checkedholidays.com\/lt\/\"},{\"@type\":\"ListItem\",\"position\":2,\"name\":\"Prad\u017eia\"}]},{\"@type\":\"WebSite\",\"@id\":\"https:\/\/www.checkedholidays.com\/lt\/#website\",\"url\":\"https:\/\/www.checkedholidays.com\/lt\/\",\"name\":\"CheckedHolidays\",\"description\":\"Spanish island holidays... but better!\",\"potentialAction\":[{\"@type\":\"SearchAction\",\"target\":{\"@type\":\"EntryPoint\",\"urlTemplate\":\"https:\/\/www.checkedholidays.com\/lt\/?s={search_term_string}\"},\"query-input\":{\"@type\":\"PropertyValueSpecification\",\"valueRequired\":true,\"valueName\":\"search_term_string\"}}],\"inLanguage\":\"lt-LT\"}]}<\/script>\n<!-- \/ Yoast SEO plugin. -->","yoast_head_json":{"title":"Raskite idealias atostogas Ispanijos salose","description":"Atraskite savo idealias atostogas Ispanijos salose, vadovaujami daugiau nei 20 met\u0173 patirties turin\u010dio eksperto.","robots":{"index":"index","follow":"follow","max-snippet":"max-snippet:-1","max-image-preview":"max-image-preview:large","max-video-preview":"max-video-preview:-1"},"canonical":"https:\/\/www.checkedholidays.com\/lt\/","og_locale":"lt_LT","og_type":"article","og_title":"Raskite idealias atostogas Ispanijos salose","og_description":"Atraskite savo idealias atostogas Ispanijos salose, vadovaujami daugiau nei 20 met\u0173 patirties turin\u010dio eksperto.","og_url":"https:\/\/www.checkedholidays.com\/lt\/","og_site_name":"CheckedHolidays","article_publisher":"http:\/\/www.facebook.com\/checkedholidays","article_modified_time":"2026-02-23T13:20:30+00:00","twitter_card":"summary_large_image","twitter_site":"@checkedholidays","twitter_misc":{"Est. reading time":"1 minut\u0117"},"schema":{"@context":"https:\/\/schema.org","@graph":[{"@type":"WebPage","@id":"https:\/\/www.checkedholidays.com\/lt\/","url":"https:\/\/www.checkedholidays.com\/lt\/","name":"Raskite idealias atostogas Ispanijos salose","isPartOf":{"@id":"https:\/\/www.checkedholidays.com\/lt\/#website"},"datePublished":"2023-09-12T12:23:25+00:00","dateModified":"2026-02-23T13:20:30+00:00","description":"Atraskite savo idealias atostogas Ispanijos salose, vadovaujami daugiau nei 20 met\u0173 patirties turin\u010dio eksperto.","breadcrumb":{"@id":"https:\/\/www.checkedholidays.com\/lt\/#breadcrumb"},"inLanguage":"lt-LT","potentialAction":[{"@type":"ReadAction","target":["https:\/\/www.checkedholidays.com\/lt\/"]}]},{"@type":"BreadcrumbList","@id":"https:\/\/www.checkedholidays.com\/lt\/#breadcrumb","itemListElement":[{"@type":"ListItem","position":1,"name":"Home","item":"https:\/\/www.checkedholidays.com\/lt\/"},{"@type":"ListItem","position":2,"name":"Prad\u017eia"}]},{"@type":"WebSite","@id":"https:\/\/www.checkedholidays.com\/lt\/#website","url":"https:\/\/www.checkedholidays.com\/lt\/","name":"CheckedHolidays","description":"Spanish island holidays... but better!","potentialAction":[{"@type":"SearchAction","target":{"@type":"EntryPoint","urlTemplate":"https:\/\/www.checkedholidays.com\/lt\/?s={search_term_string}"},"query-input":{"@type":"PropertyValueSpecification","valueRequired":true,"valueName":"search_term_string"}}],"inLanguage":"lt-LT"}]}},"jetpack_sharing_enabled":true,"_links":{"self":[{"href":"https:\/\/www.checkedholidays.com\/lt\/wp-json\/wp\/v2\/pages\/63312","targetHints":{"allow":["GET"]}}],"collection":[{"href":"https:\/\/www.checkedholidays.com\/lt\/wp-json\/wp\/v2\/pages"}],"about":[{"href":"https:\/\/www.checkedholidays.com\/lt\/wp-json\/wp\/v2\/types\/page"}],"author":[{"embeddable":true,"href":"https:\/\/www.checkedholidays.com\/lt\/wp-json\/wp\/v2\/users\/1"}],"replies":[{"embeddable":true,"href":"https:\/\/www.checkedholidays.com\/lt\/wp-json\/wp\/v2\/comments?post=63312"}],"version-history":[{"count":5,"href":"https:\/\/www.checkedholidays.com\/lt\/wp-json\/wp\/v2\/pages\/63312\/revisions"}],"predecessor-version":[{"id":113853,"href":"https:\/\/www.checkedholidays.com\/lt\/wp-json\/wp\/v2\/pages\/63312\/revisions\/113853"}],"wp:attachment":[{"href":"https:\/\/www.checkedholidays.com\/lt\/wp-json\/wp\/v2\/media?parent=63312"}],"curies":[{"name":"wp","href":"https:\/\/api.w.org\/{rel}","templated":true}]}}