{"id":63290,"date":"2023-09-12T12:22:06","date_gmt":"2023-09-12T12:22:06","guid":{"rendered":"https:\/\/www.checkedholidays.com\/about\/"},"modified":"2024-01-28T21:42:56","modified_gmt":"2024-01-28T21:42:56","slug":"about","status":"publish","type":"page","link":"https:\/\/www.checkedholidays.com\/lt\/about\/","title":{"rendered":"Apie mane"},"content":{"rendered":"\n<p class=\"has-text-align-left wp-block-paragraph\">Taip, &#8220;CheckHolidays&#8221; esu a\u0161, paprastas realus \u017emogus&#8230; mano tikrasis vardas yra Ive. Visus savo atostog\u0173 gidus (99 %) ra\u0161au, filmuoju, redaguoju, kuriu ir skelbiu pats. Bet kai prad\u0117jau, nor\u0117jau profesionalaus vardo&#8230; dabar esu su juo \u012fstrigusi. Taigi \u0161iame puslapyje noriu papasakoti \u0161iek tiek daugiau apie save ir parodyti, kad esu paprastas \u017emogus, kuris d\u0117l susiklos\u010diusi\u0173 aplinkybi\u0173 tapo vienu \u017eymiausi\u0173 atostog\u0173 patar\u0117j\u0173 apie Ispanijos salas.  <\/p>\n<div class=\"wp-block-image\">\n<figure class=\"aligncenter is-resized\"><img loading=\"lazy\" decoding=\"async\" src=\"https:\/\/i1.wp.com\/www.checkedholidays.com\/wp-content\/uploads\/2019\/03\/IMG_20141017_152816-MOTION.gif?fit=768%2C1024&amp;ssl=1\" alt=\"\" class=\"wp-image-3075\" width=\"384\" height=\"512\"\/><figcaption class=\"wp-element-caption\">15 met\u0173 Ispanijoje: Atsitiktinis plaukimas<\/figcaption><\/figure>\n<\/div>\n<p class=\"has-text-align-left wp-block-paragraph\">Visa tai prasid\u0117jo po to, kai daugiau nei 15 met\u0173 gyveno ir dirbo visoje Ispanijoje vie\u0161bu\u010dio animatoriumi, barmenu, operatoriumi ir garso techniku. Ta\u010diau po daugelio met\u0173, praleist\u0173 dirbant \u012fvairius darbus Ispanijos salose, man buvo sunku rasti tai, kas man patikt\u0173 ir patikt\u0173.<\/p>\n\n<p class=\"has-text-align-left wp-block-paragraph\">Taigi atsis\u0117dau ir paband\u017eiau i\u0161siai\u0161kinti, k\u0105 m\u0117gstu daryti. Ap\u017evelgdamas jau atliktus darbus, i\u0161skyriau du dalykus, kurie man labai patiko. Jie suteik\u0117 \u017emon\u0117ms puiki\u0173 atostog\u0173 ir k\u016br\u0117 daiktus. Abu \u0161iuos darbus dirbau ankstesniuose darbuose, bet, \u017einoma, negal\u0117jau am\u017einai dirbti 30+ met\u0173 vie\u0161bu\u010dio animatoriumi. Po kurio laiko tai tampa keista. Tod\u0117l nusprend\u017eiau visi\u0161kai \u012fsitraukti \u012f savo &#8220;YouTube&#8221; kanal\u0105, kuriame tuo metu buvo tik 5 vaizdo \u012fra\u0161ai apie Maljork\u0105, ir pa\u017ei\u016br\u0117ti, ar tai pasiteisins, ar ne.<\/p>\n\n<p class=\"has-text-align-left wp-block-paragraph\">Prireik\u0117 keleri\u0173 met\u0173, bet \u0161iuo metu (2022 m.) padedu per <strong>\n  <u>4 mln. \u017emoni\u0173 kasmet.<\/u>\n  <span style=\"text-decoration: underline;\">j\u0173 atostogas Ispanijoje.<\/span>\n<\/strong> Nors tai puiku, man svarbiausia ne skai\u010diai. Tai s\u0105\u017einingas atostog\u0173 patarimas, kur\u012f sunku rasti internete. Kadangi dauguma puslapi\u0173 yra kelioni\u0173 bendrovi\u0173, tinklara\u0161tinink\u0173 ar &#8220;Instagram&#8221; modeli\u0173, kurie nori, kad viskas atrodyt\u0173 tobulai, a\u0161 stengiuosi elgtis visi\u0161kai prie\u0161ingai. Parodysiu jums j\u012f tok\u012f, koks jis yra, kad gal\u0117tum\u0117te nuspr\u0119sti, ar jis jums tinka, ar ne.  <\/p>\n","protected":false},"excerpt":{"rendered":"<p>Taip, &#8220;CheckHolidays&#8221; esu a\u0161, paprastas realus \u017emogus&#8230; mano tikrasis vardas yra Ive. Visus savo atostog\u0173 gidus (99 %) ra\u0161au, filmuoju, redaguoju, kuriu ir skelbiu pats. Bet kai prad\u0117jau, nor\u0117jau profesionalaus vardo&#8230; dabar esu su juo \u012fstrigusi. Taigi \u0161iame puslapyje noriu papasakoti \u0161iek tiek daugiau apie save ir parodyti, kad esu paprastas \u017emogus, kuris d\u0117l susiklos\u010diusi\u0173 [&hellip;]<\/p>\n","protected":false},"author":1,"featured_media":63296,"parent":0,"menu_order":0,"comment_status":"closed","ping_status":"closed","template":"template-authors.php","meta":{"_crdt_document":"","footnotes":""},"class_list":["post-63290","page","type-page","status-publish","has-post-thumbnail","hentry"],"yoast_head":"<!-- This site is optimized with the Yoast SEO plugin v27.2 - https:\/\/yoast.com\/product\/yoast-seo-wordpress\/ -->\n<title>Apie mane<\/title>\n<meta name=\"robots\" content=\"index, follow, max-snippet:-1, max-image-preview:large, max-video-preview:-1\" \/>\n<link rel=\"canonical\" href=\"https:\/\/www.checkedholidays.com\/lt\/about\/\" \/>\n<meta property=\"og:locale\" content=\"lt_LT\" \/>\n<meta property=\"og:type\" content=\"article\" \/>\n<meta property=\"og:title\" content=\"Apie mane\" \/>\n<meta property=\"og:description\" content=\"Taip, &#8220;CheckHolidays&#8221; esu a\u0161, paprastas realus \u017emogus&#8230; mano tikrasis vardas yra Ive. Visus savo atostog\u0173 gidus (99 %) ra\u0161au, filmuoju, redaguoju, kuriu ir skelbiu pats. Bet kai prad\u0117jau, nor\u0117jau profesionalaus vardo&#8230; dabar esu su juo \u012fstrigusi. Taigi \u0161iame puslapyje noriu papasakoti \u0161iek tiek daugiau apie save ir parodyti, kad esu paprastas \u017emogus, kuris d\u0117l susiklos\u010diusi\u0173 [&hellip;]\" \/>\n<meta property=\"og:url\" content=\"https:\/\/www.checkedholidays.com\/lt\/about\/\" \/>\n<meta property=\"og:site_name\" content=\"CheckedHolidays\" \/>\n<meta property=\"article:publisher\" content=\"http:\/\/www.facebook.com\/checkedholidays\" \/>\n<meta property=\"article:modified_time\" content=\"2024-01-28T21:42:56+00:00\" \/>\n<meta property=\"og:image\" content=\"https:\/\/www.checkedholidays.com\/wp-content\/uploads\/2018\/12\/IMG_20141011_135122-600x450.jpg\" \/>\n\t<meta property=\"og:image:width\" content=\"600\" \/>\n\t<meta property=\"og:image:height\" content=\"450\" \/>\n\t<meta property=\"og:image:type\" content=\"image\/jpeg\" \/>\n<meta name=\"twitter:card\" content=\"summary_large_image\" \/>\n<meta name=\"twitter:site\" content=\"@checkedholidays\" \/>\n<meta name=\"twitter:label1\" content=\"Est. reading time\" \/>\n\t<meta name=\"twitter:data1\" content=\"1 minut\u0117\" \/>\n<script type=\"application\/ld+json\" class=\"yoast-schema-graph\">{\"@context\":\"https:\/\/schema.org\",\"@graph\":[{\"@type\":\"WebPage\",\"@id\":\"https:\/\/www.checkedholidays.com\/lt\/about\/\",\"url\":\"https:\/\/www.checkedholidays.com\/lt\/about\/\",\"name\":\"Apie mane\",\"isPartOf\":{\"@id\":\"https:\/\/www.checkedholidays.com\/lt\/#website\"},\"primaryImageOfPage\":{\"@id\":\"https:\/\/www.checkedholidays.com\/lt\/about\/#primaryimage\"},\"image\":{\"@id\":\"https:\/\/www.checkedholidays.com\/lt\/about\/#primaryimage\"},\"thumbnailUrl\":\"https:\/\/i0.wp.com\/www.checkedholidays.com\/wp-content\/uploads\/2018\/12\/IMG_20141011_135122-600x450.jpg?fit=600%2C450&ssl=1\",\"datePublished\":\"2023-09-12T12:22:06+00:00\",\"dateModified\":\"2024-01-28T21:42:56+00:00\",\"breadcrumb\":{\"@id\":\"https:\/\/www.checkedholidays.com\/lt\/about\/#breadcrumb\"},\"inLanguage\":\"lt-LT\",\"potentialAction\":[{\"@type\":\"ReadAction\",\"target\":[\"https:\/\/www.checkedholidays.com\/lt\/about\/\"]}]},{\"@type\":\"ImageObject\",\"inLanguage\":\"lt-LT\",\"@id\":\"https:\/\/www.checkedholidays.com\/lt\/about\/#primaryimage\",\"url\":\"https:\/\/i0.wp.com\/www.checkedholidays.com\/wp-content\/uploads\/2018\/12\/IMG_20141011_135122-600x450.jpg?fit=600%2C450&ssl=1\",\"contentUrl\":\"https:\/\/i0.wp.com\/www.checkedholidays.com\/wp-content\/uploads\/2018\/12\/IMG_20141011_135122-600x450.jpg?fit=600%2C450&ssl=1\",\"width\":600,\"height\":450},{\"@type\":\"BreadcrumbList\",\"@id\":\"https:\/\/www.checkedholidays.com\/lt\/about\/#breadcrumb\",\"itemListElement\":[{\"@type\":\"ListItem\",\"position\":1,\"name\":\"Home\",\"item\":\"https:\/\/www.checkedholidays.com\/lt\/\"},{\"@type\":\"ListItem\",\"position\":2,\"name\":\"Apie mane\"}]},{\"@type\":\"WebSite\",\"@id\":\"https:\/\/www.checkedholidays.com\/lt\/#website\",\"url\":\"https:\/\/www.checkedholidays.com\/lt\/\",\"name\":\"CheckedHolidays\",\"description\":\"Spanish island holidays... but better!\",\"potentialAction\":[{\"@type\":\"SearchAction\",\"target\":{\"@type\":\"EntryPoint\",\"urlTemplate\":\"https:\/\/www.checkedholidays.com\/lt\/?s={search_term_string}\"},\"query-input\":{\"@type\":\"PropertyValueSpecification\",\"valueRequired\":true,\"valueName\":\"search_term_string\"}}],\"inLanguage\":\"lt-LT\"}]}<\/script>\n<!-- \/ Yoast SEO plugin. -->","yoast_head_json":{"title":"Apie mane","robots":{"index":"index","follow":"follow","max-snippet":"max-snippet:-1","max-image-preview":"max-image-preview:large","max-video-preview":"max-video-preview:-1"},"canonical":"https:\/\/www.checkedholidays.com\/lt\/about\/","og_locale":"lt_LT","og_type":"article","og_title":"Apie mane","og_description":"Taip, &#8220;CheckHolidays&#8221; esu a\u0161, paprastas realus \u017emogus&#8230; mano tikrasis vardas yra Ive. Visus savo atostog\u0173 gidus (99 %) ra\u0161au, filmuoju, redaguoju, kuriu ir skelbiu pats. Bet kai prad\u0117jau, nor\u0117jau profesionalaus vardo&#8230; dabar esu su juo \u012fstrigusi. Taigi \u0161iame puslapyje noriu papasakoti \u0161iek tiek daugiau apie save ir parodyti, kad esu paprastas \u017emogus, kuris d\u0117l susiklos\u010diusi\u0173 [&hellip;]","og_url":"https:\/\/www.checkedholidays.com\/lt\/about\/","og_site_name":"CheckedHolidays","article_publisher":"http:\/\/www.facebook.com\/checkedholidays","article_modified_time":"2024-01-28T21:42:56+00:00","og_image":[{"width":600,"height":450,"url":"https:\/\/www.checkedholidays.com\/wp-content\/uploads\/2018\/12\/IMG_20141011_135122-600x450.jpg","type":"image\/jpeg"}],"twitter_card":"summary_large_image","twitter_site":"@checkedholidays","twitter_misc":{"Est. reading time":"1 minut\u0117"},"schema":{"@context":"https:\/\/schema.org","@graph":[{"@type":"WebPage","@id":"https:\/\/www.checkedholidays.com\/lt\/about\/","url":"https:\/\/www.checkedholidays.com\/lt\/about\/","name":"Apie mane","isPartOf":{"@id":"https:\/\/www.checkedholidays.com\/lt\/#website"},"primaryImageOfPage":{"@id":"https:\/\/www.checkedholidays.com\/lt\/about\/#primaryimage"},"image":{"@id":"https:\/\/www.checkedholidays.com\/lt\/about\/#primaryimage"},"thumbnailUrl":"https:\/\/i0.wp.com\/www.checkedholidays.com\/wp-content\/uploads\/2018\/12\/IMG_20141011_135122-600x450.jpg?fit=600%2C450&ssl=1","datePublished":"2023-09-12T12:22:06+00:00","dateModified":"2024-01-28T21:42:56+00:00","breadcrumb":{"@id":"https:\/\/www.checkedholidays.com\/lt\/about\/#breadcrumb"},"inLanguage":"lt-LT","potentialAction":[{"@type":"ReadAction","target":["https:\/\/www.checkedholidays.com\/lt\/about\/"]}]},{"@type":"ImageObject","inLanguage":"lt-LT","@id":"https:\/\/www.checkedholidays.com\/lt\/about\/#primaryimage","url":"https:\/\/i0.wp.com\/www.checkedholidays.com\/wp-content\/uploads\/2018\/12\/IMG_20141011_135122-600x450.jpg?fit=600%2C450&ssl=1","contentUrl":"https:\/\/i0.wp.com\/www.checkedholidays.com\/wp-content\/uploads\/2018\/12\/IMG_20141011_135122-600x450.jpg?fit=600%2C450&ssl=1","width":600,"height":450},{"@type":"BreadcrumbList","@id":"https:\/\/www.checkedholidays.com\/lt\/about\/#breadcrumb","itemListElement":[{"@type":"ListItem","position":1,"name":"Home","item":"https:\/\/www.checkedholidays.com\/lt\/"},{"@type":"ListItem","position":2,"name":"Apie mane"}]},{"@type":"WebSite","@id":"https:\/\/www.checkedholidays.com\/lt\/#website","url":"https:\/\/www.checkedholidays.com\/lt\/","name":"CheckedHolidays","description":"Spanish island holidays... but better!","potentialAction":[{"@type":"SearchAction","target":{"@type":"EntryPoint","urlTemplate":"https:\/\/www.checkedholidays.com\/lt\/?s={search_term_string}"},"query-input":{"@type":"PropertyValueSpecification","valueRequired":true,"valueName":"search_term_string"}}],"inLanguage":"lt-LT"}]}},"jetpack_sharing_enabled":true,"_links":{"self":[{"href":"https:\/\/www.checkedholidays.com\/lt\/wp-json\/wp\/v2\/pages\/63290","targetHints":{"allow":["GET"]}}],"collection":[{"href":"https:\/\/www.checkedholidays.com\/lt\/wp-json\/wp\/v2\/pages"}],"about":[{"href":"https:\/\/www.checkedholidays.com\/lt\/wp-json\/wp\/v2\/types\/page"}],"author":[{"embeddable":true,"href":"https:\/\/www.checkedholidays.com\/lt\/wp-json\/wp\/v2\/users\/1"}],"replies":[{"embeddable":true,"href":"https:\/\/www.checkedholidays.com\/lt\/wp-json\/wp\/v2\/comments?post=63290"}],"version-history":[{"count":1,"href":"https:\/\/www.checkedholidays.com\/lt\/wp-json\/wp\/v2\/pages\/63290\/revisions"}],"predecessor-version":[{"id":63297,"href":"https:\/\/www.checkedholidays.com\/lt\/wp-json\/wp\/v2\/pages\/63290\/revisions\/63297"}],"wp:featuredmedia":[{"embeddable":true,"href":"https:\/\/www.checkedholidays.com\/lt\/wp-json\/wp\/v2\/media\/63296"}],"wp:attachment":[{"href":"https:\/\/www.checkedholidays.com\/lt\/wp-json\/wp\/v2\/media?parent=63290"}],"curies":[{"name":"wp","href":"https:\/\/api.w.org\/{rel}","templated":true}]}}