{"id":63256,"date":"2023-09-12T12:20:52","date_gmt":"2023-09-12T12:20:52","guid":{"rendered":"https:\/\/www.checkedholidays.com\/about-checkedholidays\/"},"modified":"2023-12-02T12:35:47","modified_gmt":"2023-12-02T12:35:47","slug":"about-checkedholidays","status":"publish","type":"page","link":"https:\/\/www.checkedholidays.com\/lt\/about-checkedholidays\/","title":{"rendered":"Apie &#8220;CheckedHolidays"},"content":{"rendered":"\n<p class=\"wp-block-paragraph\">&#8220;CheckedHolidays&#8221; buvo \u012fkurta 2012 m., pasteb\u0117jus daug klaidingos informacijos internete apie atostogas Ispanijos salose. \u0160i dezinformacija neigiamai paveik\u0117 \u017emoni\u0173 atostogas, tod\u0117l suk\u016br\u0117me &#8220;YouTube&#8221; vaizdo \u012fra\u0161\u0105, kad i\u0161taisytume \u0161i\u0105 dezinformacij\u0105. Po to, kai jis buvo paimtas ir pristatytas &#8220;Express&#8221;, j\u012f pamat\u0117 daugiau nei 100 000 \u017ei\u016brov\u0173. I\u0161 ten gavome \u012fkv\u0117pimo padaryti daugiau!<\/p>\n\n<p class=\"has-text-align-center has-large-font-size wp-block-paragraph\"><strong>Susisiekite su<\/strong><\/p>\n\n<p class=\"has-text-align-center has-large-font-size wp-block-paragraph\"><strong>info(at)CheckedHolidays.com<\/strong><\/p>\n\n<h2 class=\"wp-block-heading\">Svetain\u0117<\/h2>\n\n<p class=\"wp-block-paragraph\">2019 m. buvo pirmieji i\u0161tisi metai, kai svetain\u0117 pasiekdavo apie 1 000 skaitytoj\u0173 per m\u0117nes\u012f. Dabar, 2022 m., kiekvien\u0105 m\u0117nes\u012f angl\u0173 kalba skaito daugiau nei 30 000 unikali\u0173 skaitytoj\u0173.  <\/p>\n\n<p class=\"wp-block-paragraph\">Nuo 2022 m. rugpj\u016b\u010dio m\u0117n. svetain\u0117 prieinama visomis pagrindin\u0117mis Europos kalbomis, tod\u0117l skaitytoj\u0173 skai\u010dius auga dar spar\u010diau.<\/p>\n\n<p class=\"wp-block-paragraph\">\u0160ios svetain\u0117s tikslas 2023 m. &#8211; pad\u0117ti daugiau nei <strong>\n  <span style=\"text-decoration: underline;\">PUS\u0118 MILIJONO<\/span>\n<\/strong> \u017emoni\u0173 tur\u0117ti geresnes atostogas!<\/p>\n\n<figure class=\"wp-block-image size-large\"><img data-recalc-dims=\"1\" loading=\"lazy\" decoding=\"async\" width=\"1024\" height=\"233\" src=\"https:\/\/i0.wp.com\/www.checkedholidays.com\/wp-content\/uploads\/2023\/01\/Screenshot-2023-01-28-at-20.09.55.png?resize=1024%2C233&#038;ssl=1\" alt=\"\" class=\"wp-image-37413\" srcset=\"https:\/\/i0.wp.com\/www.checkedholidays.com\/wp-content\/uploads\/2023\/01\/Screenshot-2023-01-28-at-20.09.55.png?resize=1024%2C233&amp;ssl=1 1024w, https:\/\/i0.wp.com\/www.checkedholidays.com\/wp-content\/uploads\/2023\/01\/Screenshot-2023-01-28-at-20.09.55.png?resize=300%2C68&amp;ssl=1 300w, https:\/\/i0.wp.com\/www.checkedholidays.com\/wp-content\/uploads\/2023\/01\/Screenshot-2023-01-28-at-20.09.55.png?resize=768%2C175&amp;ssl=1 768w, https:\/\/i0.wp.com\/www.checkedholidays.com\/wp-content\/uploads\/2023\/01\/Screenshot-2023-01-28-at-20.09.55.png?resize=1536%2C350&amp;ssl=1 1536w, https:\/\/i0.wp.com\/www.checkedholidays.com\/wp-content\/uploads\/2023\/01\/Screenshot-2023-01-28-at-20.09.55.png?resize=1920%2C437&amp;ssl=1 1920w, https:\/\/i0.wp.com\/www.checkedholidays.com\/wp-content\/uploads\/2023\/01\/Screenshot-2023-01-28-at-20.09.55.png?resize=600%2C137&amp;ssl=1 600w, https:\/\/i0.wp.com\/www.checkedholidays.com\/wp-content\/uploads\/2023\/01\/Screenshot-2023-01-28-at-20.09.55.png?resize=800%2C182&amp;ssl=1 800w, https:\/\/i0.wp.com\/www.checkedholidays.com\/wp-content\/uploads\/2023\/01\/Screenshot-2023-01-28-at-20.09.55.png?w=1968&amp;ssl=1 1968w\" sizes=\"auto, (max-width: 1024px) 100vw, 1024px\" \/><\/figure>\n\n<h2 class=\"wp-block-heading\">&#8220;YouTube&#8221;<\/h2>\n\n<p class=\"wp-block-paragraph\">&#8221; <a href=\"http:\/\/youtube.com\/checkedholidays\">YouTube&#8221;<\/a> kanalas prad\u0117tas kurti 2012 m., ta\u010diau daugiau vaizdo \u012fra\u0161\u0173 atsirado tik 2015 m., o 2018 m. &#8211; dar daugiau. Po to, kai 2020 m. d\u0117l kelioni\u0173 apribojim\u0173 labai suma\u017e\u0117jo \u017ei\u016brov\u0173 skai\u010dius, \u0161iuo metu j\u012f kas m\u0117nes\u012f pamato daugiau nei 125 000 \u017ei\u016brov\u0173 ir j\u0173 vis daug\u0117ja.<\/p>\n\n<figure class=\"wp-block-image size-large\"><img data-recalc-dims=\"1\" loading=\"lazy\" decoding=\"async\" width=\"1024\" height=\"230\" src=\"https:\/\/i0.wp.com\/www.checkedholidays.com\/wp-content\/uploads\/2023\/01\/Screenshot-2023-01-28-at-20.14.02.png?resize=1024%2C230&#038;ssl=1\" alt=\"\" class=\"wp-image-37429\" srcset=\"https:\/\/i0.wp.com\/www.checkedholidays.com\/wp-content\/uploads\/2023\/01\/Screenshot-2023-01-28-at-20.14.02.png?resize=1024%2C230&amp;ssl=1 1024w, https:\/\/i0.wp.com\/www.checkedholidays.com\/wp-content\/uploads\/2023\/01\/Screenshot-2023-01-28-at-20.14.02.png?resize=300%2C67&amp;ssl=1 300w, https:\/\/i0.wp.com\/www.checkedholidays.com\/wp-content\/uploads\/2023\/01\/Screenshot-2023-01-28-at-20.14.02.png?resize=768%2C172&amp;ssl=1 768w, https:\/\/i0.wp.com\/www.checkedholidays.com\/wp-content\/uploads\/2023\/01\/Screenshot-2023-01-28-at-20.14.02.png?resize=1536%2C345&amp;ssl=1 1536w, https:\/\/i0.wp.com\/www.checkedholidays.com\/wp-content\/uploads\/2023\/01\/Screenshot-2023-01-28-at-20.14.02.png?resize=2048%2C460&amp;ssl=1 2048w, https:\/\/i0.wp.com\/www.checkedholidays.com\/wp-content\/uploads\/2023\/01\/Screenshot-2023-01-28-at-20.14.02.png?resize=1920%2C431&amp;ssl=1 1920w, https:\/\/i0.wp.com\/www.checkedholidays.com\/wp-content\/uploads\/2023\/01\/Screenshot-2023-01-28-at-20.14.02.png?resize=600%2C135&amp;ssl=1 600w, https:\/\/i0.wp.com\/www.checkedholidays.com\/wp-content\/uploads\/2023\/01\/Screenshot-2023-01-28-at-20.14.02.png?resize=800%2C180&amp;ssl=1 800w, https:\/\/i0.wp.com\/www.checkedholidays.com\/wp-content\/uploads\/2023\/01\/Screenshot-2023-01-28-at-20.14.02.png?w=2388&amp;ssl=1 2388w\" sizes=\"auto, (max-width: 1024px) 100vw, 1024px\" \/><\/figure>\n\n<h2 class=\"wp-block-heading\">Bendradarbiavimas ir reklama<\/h2>\n\n<p class=\"wp-block-paragraph\">CheckedHolidays.com kalbame apie blog\u0105sias ir ger\u0105sias atostog\u0173 vietas, kad gal\u0117tume pateikti geriausius atostog\u0173 patarimus. Tai viena i\u0161 prie\u017eas\u010di\u0173, kod\u0117l m\u016bs\u0173 svetaine<strong> pasitiki ir<\/strong> j\u0105<strong> m\u0117gsta vis daugiau skaitytoj\u0173<\/strong>. Kad ir toliau teiktume auk\u0161tos kokyb\u0117s ir nepriklausomus patarimus atostog\u0173 klausimais, nerengiame mokam\u0173 reklamini\u0173 akcij\u0173 produktams ar paslaugoms, kuriais netikime. Ta\u010diau jei manote, kad nepasteb\u0117jome j\u016bs\u0173 vie\u0161bu\u010dio, kurorto, lankytino objekto, ekskursijos ar paslaugos, ir norite, kad nemokamai \u012ftrauktume juos \u012f svetain\u0119. Susisiekite su mumis, ir po asmenin\u0117s per\u017ei\u016bros galite b\u016bti \u012ftrauktas \u012f s\u0105ra\u0161\u0105.<\/p>\n\n<p class=\"has-text-align-center has-large-font-size wp-block-paragraph\"><strong>Susisiekite su<\/strong><\/p>\n\n<p class=\"has-text-align-center has-large-font-size wp-block-paragraph\"><strong>info(at)CheckedHolidays.com<\/strong><\/p>\n","protected":false},"excerpt":{"rendered":"<p>&#8220;CheckedHolidays&#8221; buvo \u012fkurta 2012 m., pasteb\u0117jus daug klaidingos informacijos internete apie atostogas Ispanijos salose. \u0160i dezinformacija neigiamai paveik\u0117 \u017emoni\u0173 atostogas, tod\u0117l suk\u016br\u0117me &#8220;YouTube&#8221; vaizdo \u012fra\u0161\u0105, kad i\u0161taisytume \u0161i\u0105 dezinformacij\u0105. Po to, kai jis buvo paimtas ir pristatytas &#8220;Express&#8221;, j\u012f pamat\u0117 daugiau nei 100 000 \u017ei\u016brov\u0173. I\u0161 ten gavome \u012fkv\u0117pimo padaryti daugiau! Susisiekite su info(at)CheckedHolidays.com Svetain\u0117 [&hellip;]<\/p>\n","protected":false},"author":1,"featured_media":63259,"parent":0,"menu_order":0,"comment_status":"closed","ping_status":"closed","template":"","meta":{"_crdt_document":"","footnotes":""},"class_list":["post-63256","page","type-page","status-publish","has-post-thumbnail","hentry"],"yoast_head":"<!-- This site is optimized with the Yoast SEO plugin v27.2 - https:\/\/yoast.com\/product\/yoast-seo-wordpress\/ -->\n<title>Apie &quot;CheckedHolidays<\/title>\n<meta name=\"robots\" content=\"index, follow, max-snippet:-1, max-image-preview:large, max-video-preview:-1\" \/>\n<link rel=\"canonical\" href=\"https:\/\/www.checkedholidays.com\/lt\/about-checkedholidays\/\" \/>\n<meta property=\"og:locale\" content=\"lt_LT\" \/>\n<meta property=\"og:type\" content=\"article\" \/>\n<meta property=\"og:title\" content=\"Apie &quot;CheckedHolidays\" \/>\n<meta property=\"og:description\" content=\"&#8220;CheckedHolidays&#8221; buvo \u012fkurta 2012 m., pasteb\u0117jus daug klaidingos informacijos internete apie atostogas Ispanijos salose. \u0160i dezinformacija neigiamai paveik\u0117 \u017emoni\u0173 atostogas, tod\u0117l suk\u016br\u0117me &#8220;YouTube&#8221; vaizdo \u012fra\u0161\u0105, kad i\u0161taisytume \u0161i\u0105 dezinformacij\u0105. Po to, kai jis buvo paimtas ir pristatytas &#8220;Express&#8221;, j\u012f pamat\u0117 daugiau nei 100 000 \u017ei\u016brov\u0173. I\u0161 ten gavome \u012fkv\u0117pimo padaryti daugiau! Susisiekite su info(at)CheckedHolidays.com Svetain\u0117 [&hellip;]\" \/>\n<meta property=\"og:url\" content=\"https:\/\/www.checkedholidays.com\/lt\/about-checkedholidays\/\" \/>\n<meta property=\"og:site_name\" content=\"CheckedHolidays\" \/>\n<meta property=\"article:publisher\" content=\"http:\/\/www.facebook.com\/checkedholidays\" \/>\n<meta property=\"article:modified_time\" content=\"2023-12-02T12:35:47+00:00\" \/>\n<meta property=\"og:image\" content=\"https:\/\/i0.wp.com\/www.checkedholidays.com\/wp-content\/uploads\/2022\/06\/Website-growth.png?fit=1874%2C452&ssl=1\" \/>\n\t<meta property=\"og:image:width\" content=\"1874\" \/>\n\t<meta property=\"og:image:height\" content=\"452\" \/>\n\t<meta property=\"og:image:type\" content=\"image\/png\" \/>\n<meta name=\"twitter:card\" content=\"summary_large_image\" \/>\n<meta name=\"twitter:site\" content=\"@checkedholidays\" \/>\n<meta name=\"twitter:label1\" content=\"Est. reading time\" \/>\n\t<meta name=\"twitter:data1\" content=\"1 minut\u0117\" \/>\n<script type=\"application\/ld+json\" class=\"yoast-schema-graph\">{\"@context\":\"https:\/\/schema.org\",\"@graph\":[{\"@type\":\"WebPage\",\"@id\":\"https:\/\/www.checkedholidays.com\/lt\/about-checkedholidays\/\",\"url\":\"https:\/\/www.checkedholidays.com\/lt\/about-checkedholidays\/\",\"name\":\"Apie \\\"CheckedHolidays\",\"isPartOf\":{\"@id\":\"https:\/\/www.checkedholidays.com\/lt\/#website\"},\"primaryImageOfPage\":{\"@id\":\"https:\/\/www.checkedholidays.com\/lt\/about-checkedholidays\/#primaryimage\"},\"image\":{\"@id\":\"https:\/\/www.checkedholidays.com\/lt\/about-checkedholidays\/#primaryimage\"},\"thumbnailUrl\":\"https:\/\/i0.wp.com\/www.checkedholidays.com\/wp-content\/uploads\/2022\/06\/Website-growth.png?fit=1874%2C452&ssl=1\",\"datePublished\":\"2023-09-12T12:20:52+00:00\",\"dateModified\":\"2023-12-02T12:35:47+00:00\",\"breadcrumb\":{\"@id\":\"https:\/\/www.checkedholidays.com\/lt\/about-checkedholidays\/#breadcrumb\"},\"inLanguage\":\"lt-LT\",\"potentialAction\":[{\"@type\":\"ReadAction\",\"target\":[\"https:\/\/www.checkedholidays.com\/lt\/about-checkedholidays\/\"]}]},{\"@type\":\"ImageObject\",\"inLanguage\":\"lt-LT\",\"@id\":\"https:\/\/www.checkedholidays.com\/lt\/about-checkedholidays\/#primaryimage\",\"url\":\"https:\/\/i0.wp.com\/www.checkedholidays.com\/wp-content\/uploads\/2022\/06\/Website-growth.png?fit=1874%2C452&ssl=1\",\"contentUrl\":\"https:\/\/i0.wp.com\/www.checkedholidays.com\/wp-content\/uploads\/2022\/06\/Website-growth.png?fit=1874%2C452&ssl=1\",\"width\":1874,\"height\":452},{\"@type\":\"BreadcrumbList\",\"@id\":\"https:\/\/www.checkedholidays.com\/lt\/about-checkedholidays\/#breadcrumb\",\"itemListElement\":[{\"@type\":\"ListItem\",\"position\":1,\"name\":\"Home\",\"item\":\"https:\/\/www.checkedholidays.com\/lt\/\"},{\"@type\":\"ListItem\",\"position\":2,\"name\":\"Apie &#8220;CheckedHolidays\"}]},{\"@type\":\"WebSite\",\"@id\":\"https:\/\/www.checkedholidays.com\/lt\/#website\",\"url\":\"https:\/\/www.checkedholidays.com\/lt\/\",\"name\":\"CheckedHolidays\",\"description\":\"Spanish island holidays... but better!\",\"potentialAction\":[{\"@type\":\"SearchAction\",\"target\":{\"@type\":\"EntryPoint\",\"urlTemplate\":\"https:\/\/www.checkedholidays.com\/lt\/?s={search_term_string}\"},\"query-input\":{\"@type\":\"PropertyValueSpecification\",\"valueRequired\":true,\"valueName\":\"search_term_string\"}}],\"inLanguage\":\"lt-LT\"}]}<\/script>\n<!-- \/ Yoast SEO plugin. -->","yoast_head_json":{"title":"Apie \"CheckedHolidays","robots":{"index":"index","follow":"follow","max-snippet":"max-snippet:-1","max-image-preview":"max-image-preview:large","max-video-preview":"max-video-preview:-1"},"canonical":"https:\/\/www.checkedholidays.com\/lt\/about-checkedholidays\/","og_locale":"lt_LT","og_type":"article","og_title":"Apie \"CheckedHolidays","og_description":"&#8220;CheckedHolidays&#8221; buvo \u012fkurta 2012 m., pasteb\u0117jus daug klaidingos informacijos internete apie atostogas Ispanijos salose. \u0160i dezinformacija neigiamai paveik\u0117 \u017emoni\u0173 atostogas, tod\u0117l suk\u016br\u0117me &#8220;YouTube&#8221; vaizdo \u012fra\u0161\u0105, kad i\u0161taisytume \u0161i\u0105 dezinformacij\u0105. Po to, kai jis buvo paimtas ir pristatytas &#8220;Express&#8221;, j\u012f pamat\u0117 daugiau nei 100 000 \u017ei\u016brov\u0173. I\u0161 ten gavome \u012fkv\u0117pimo padaryti daugiau! Susisiekite su info(at)CheckedHolidays.com Svetain\u0117 [&hellip;]","og_url":"https:\/\/www.checkedholidays.com\/lt\/about-checkedholidays\/","og_site_name":"CheckedHolidays","article_publisher":"http:\/\/www.facebook.com\/checkedholidays","article_modified_time":"2023-12-02T12:35:47+00:00","og_image":[{"width":1874,"height":452,"url":"https:\/\/i0.wp.com\/www.checkedholidays.com\/wp-content\/uploads\/2022\/06\/Website-growth.png?fit=1874%2C452&ssl=1","type":"image\/png"}],"twitter_card":"summary_large_image","twitter_site":"@checkedholidays","twitter_misc":{"Est. reading time":"1 minut\u0117"},"schema":{"@context":"https:\/\/schema.org","@graph":[{"@type":"WebPage","@id":"https:\/\/www.checkedholidays.com\/lt\/about-checkedholidays\/","url":"https:\/\/www.checkedholidays.com\/lt\/about-checkedholidays\/","name":"Apie \"CheckedHolidays","isPartOf":{"@id":"https:\/\/www.checkedholidays.com\/lt\/#website"},"primaryImageOfPage":{"@id":"https:\/\/www.checkedholidays.com\/lt\/about-checkedholidays\/#primaryimage"},"image":{"@id":"https:\/\/www.checkedholidays.com\/lt\/about-checkedholidays\/#primaryimage"},"thumbnailUrl":"https:\/\/i0.wp.com\/www.checkedholidays.com\/wp-content\/uploads\/2022\/06\/Website-growth.png?fit=1874%2C452&ssl=1","datePublished":"2023-09-12T12:20:52+00:00","dateModified":"2023-12-02T12:35:47+00:00","breadcrumb":{"@id":"https:\/\/www.checkedholidays.com\/lt\/about-checkedholidays\/#breadcrumb"},"inLanguage":"lt-LT","potentialAction":[{"@type":"ReadAction","target":["https:\/\/www.checkedholidays.com\/lt\/about-checkedholidays\/"]}]},{"@type":"ImageObject","inLanguage":"lt-LT","@id":"https:\/\/www.checkedholidays.com\/lt\/about-checkedholidays\/#primaryimage","url":"https:\/\/i0.wp.com\/www.checkedholidays.com\/wp-content\/uploads\/2022\/06\/Website-growth.png?fit=1874%2C452&ssl=1","contentUrl":"https:\/\/i0.wp.com\/www.checkedholidays.com\/wp-content\/uploads\/2022\/06\/Website-growth.png?fit=1874%2C452&ssl=1","width":1874,"height":452},{"@type":"BreadcrumbList","@id":"https:\/\/www.checkedholidays.com\/lt\/about-checkedholidays\/#breadcrumb","itemListElement":[{"@type":"ListItem","position":1,"name":"Home","item":"https:\/\/www.checkedholidays.com\/lt\/"},{"@type":"ListItem","position":2,"name":"Apie &#8220;CheckedHolidays"}]},{"@type":"WebSite","@id":"https:\/\/www.checkedholidays.com\/lt\/#website","url":"https:\/\/www.checkedholidays.com\/lt\/","name":"CheckedHolidays","description":"Spanish island holidays... but better!","potentialAction":[{"@type":"SearchAction","target":{"@type":"EntryPoint","urlTemplate":"https:\/\/www.checkedholidays.com\/lt\/?s={search_term_string}"},"query-input":{"@type":"PropertyValueSpecification","valueRequired":true,"valueName":"search_term_string"}}],"inLanguage":"lt-LT"}]}},"jetpack_sharing_enabled":true,"_links":{"self":[{"href":"https:\/\/www.checkedholidays.com\/lt\/wp-json\/wp\/v2\/pages\/63256","targetHints":{"allow":["GET"]}}],"collection":[{"href":"https:\/\/www.checkedholidays.com\/lt\/wp-json\/wp\/v2\/pages"}],"about":[{"href":"https:\/\/www.checkedholidays.com\/lt\/wp-json\/wp\/v2\/types\/page"}],"author":[{"embeddable":true,"href":"https:\/\/www.checkedholidays.com\/lt\/wp-json\/wp\/v2\/users\/1"}],"replies":[{"embeddable":true,"href":"https:\/\/www.checkedholidays.com\/lt\/wp-json\/wp\/v2\/comments?post=63256"}],"version-history":[{"count":4,"href":"https:\/\/www.checkedholidays.com\/lt\/wp-json\/wp\/v2\/pages\/63256\/revisions"}],"predecessor-version":[{"id":78414,"href":"https:\/\/www.checkedholidays.com\/lt\/wp-json\/wp\/v2\/pages\/63256\/revisions\/78414"}],"wp:featuredmedia":[{"embeddable":true,"href":"https:\/\/www.checkedholidays.com\/lt\/wp-json\/wp\/v2\/media\/63259"}],"wp:attachment":[{"href":"https:\/\/www.checkedholidays.com\/lt\/wp-json\/wp\/v2\/media?parent=63256"}],"curies":[{"name":"wp","href":"https:\/\/api.w.org\/{rel}","templated":true}]}}