{"id":24482,"date":"2022-09-05T12:38:25","date_gmt":"2022-09-05T12:38:25","guid":{"rendered":"https:\/\/www.checkedholidays.com\/about-checkedholidays\/"},"modified":"2023-12-02T12:35:07","modified_gmt":"2023-12-02T12:35:07","slug":"about-checkedholidays","status":"publish","type":"page","link":"https:\/\/www.checkedholidays.com\/it\/about-checkedholidays\/","title":{"rendered":"Informazioni su CheckedHolidays"},"content":{"rendered":"\n<p class=\"wp-block-paragraph\">CheckedHolidays \u00e8 stata fondata nel 2012 dopo aver notato una grande disinformazione su internet riguardo alle vacanze nelle isole spagnole. Questa disinformazione ha avuto un impatto negativo sulle vacanze delle persone, quindi abbiamo realizzato un video su YouTube per correggere questa disinformazione. Dopo essere stato ripreso e pubblicato su Express, ha raggiunto oltre 100.000 spettatori. Da l\u00ec siamo stati ispirati a fare di pi\u00f9!<\/p>\n\n<p class=\"has-text-align-center has-large-font-size wp-block-paragraph\"><strong>Contatto<\/strong><\/p>\n\n<p class=\"has-text-align-center has-large-font-size wp-block-paragraph\"><strong>info(at)CheckedHolidays.com<\/strong><\/p>\n\n<h2 class=\"wp-block-heading\">Sito web<\/h2>\n\n<p class=\"wp-block-paragraph\">Il 2019 \u00e8 stato il primo anno completo per il sito, che ha raggiunto circa 1.000 lettori ogni mese. Ora, nel 2022, ci sono oltre 30.000 lettori unici in lingua inglese ogni mese.  <\/p>\n\n<p class=\"wp-block-paragraph\">Dall&#8217;agosto 2022, il sito \u00e8 disponibile in tutte le principali lingue europee, facendo crescere il numero di lettori ancora pi\u00f9 velocemente.<\/p>\n\n<p class=\"wp-block-paragraph\">L&#8217;obiettivo di questo sito web nel 2023 \u00e8 quello di aiutare oltre <strong>\n  <span style=\"text-decoration: underline;\">MEZZO MILIONE<\/span>\n<\/strong> persone a trascorrere vacanze migliori!<\/p>\n\n<figure class=\"wp-block-image size-large\"><img data-recalc-dims=\"1\" loading=\"lazy\" decoding=\"async\" width=\"1024\" height=\"233\" src=\"https:\/\/i0.wp.com\/www.checkedholidays.com\/wp-content\/uploads\/2023\/01\/Screenshot-2023-01-28-at-20.09.55.png?resize=1024%2C233&#038;ssl=1\" alt=\"\" class=\"wp-image-37413\" srcset=\"https:\/\/i0.wp.com\/www.checkedholidays.com\/wp-content\/uploads\/2023\/01\/Screenshot-2023-01-28-at-20.09.55.png?resize=1024%2C233&amp;ssl=1 1024w, https:\/\/i0.wp.com\/www.checkedholidays.com\/wp-content\/uploads\/2023\/01\/Screenshot-2023-01-28-at-20.09.55.png?resize=300%2C68&amp;ssl=1 300w, https:\/\/i0.wp.com\/www.checkedholidays.com\/wp-content\/uploads\/2023\/01\/Screenshot-2023-01-28-at-20.09.55.png?resize=768%2C175&amp;ssl=1 768w, https:\/\/i0.wp.com\/www.checkedholidays.com\/wp-content\/uploads\/2023\/01\/Screenshot-2023-01-28-at-20.09.55.png?resize=1536%2C350&amp;ssl=1 1536w, https:\/\/i0.wp.com\/www.checkedholidays.com\/wp-content\/uploads\/2023\/01\/Screenshot-2023-01-28-at-20.09.55.png?resize=1920%2C437&amp;ssl=1 1920w, https:\/\/i0.wp.com\/www.checkedholidays.com\/wp-content\/uploads\/2023\/01\/Screenshot-2023-01-28-at-20.09.55.png?resize=600%2C137&amp;ssl=1 600w, https:\/\/i0.wp.com\/www.checkedholidays.com\/wp-content\/uploads\/2023\/01\/Screenshot-2023-01-28-at-20.09.55.png?resize=800%2C182&amp;ssl=1 800w, https:\/\/i0.wp.com\/www.checkedholidays.com\/wp-content\/uploads\/2023\/01\/Screenshot-2023-01-28-at-20.09.55.png?w=1968&amp;ssl=1 1968w\" sizes=\"auto, (max-width: 1024px) 100vw, 1024px\" \/><\/figure>\n\n<h2 class=\"wp-block-heading\">YouTube<\/h2>\n\n<p class=\"wp-block-paragraph\">Il canale <a href=\"http:\/\/youtube.com\/checkedholidays\">YouTube<\/a> \u00e8 nato nel 2012 ma si \u00e8 arricchito di nuovi video solo nel 2015 e ancora di pi\u00f9 nel 2018. Dopo un enorme calo di visualizzazioni nel 2020 a causa delle restrizioni ai viaggi, attualmente raggiunge oltre 125.000 spettatori al mese e sta crescendo.<\/p>\n\n<figure class=\"wp-block-image size-large\"><img data-recalc-dims=\"1\" loading=\"lazy\" decoding=\"async\" width=\"1024\" height=\"230\" src=\"https:\/\/i0.wp.com\/www.checkedholidays.com\/wp-content\/uploads\/2023\/01\/Screenshot-2023-01-28-at-20.14.02.png?resize=1024%2C230&#038;ssl=1\" alt=\"\" class=\"wp-image-37429\" srcset=\"https:\/\/i0.wp.com\/www.checkedholidays.com\/wp-content\/uploads\/2023\/01\/Screenshot-2023-01-28-at-20.14.02.png?resize=1024%2C230&amp;ssl=1 1024w, https:\/\/i0.wp.com\/www.checkedholidays.com\/wp-content\/uploads\/2023\/01\/Screenshot-2023-01-28-at-20.14.02.png?resize=300%2C67&amp;ssl=1 300w, https:\/\/i0.wp.com\/www.checkedholidays.com\/wp-content\/uploads\/2023\/01\/Screenshot-2023-01-28-at-20.14.02.png?resize=768%2C172&amp;ssl=1 768w, https:\/\/i0.wp.com\/www.checkedholidays.com\/wp-content\/uploads\/2023\/01\/Screenshot-2023-01-28-at-20.14.02.png?resize=1536%2C345&amp;ssl=1 1536w, https:\/\/i0.wp.com\/www.checkedholidays.com\/wp-content\/uploads\/2023\/01\/Screenshot-2023-01-28-at-20.14.02.png?resize=2048%2C460&amp;ssl=1 2048w, https:\/\/i0.wp.com\/www.checkedholidays.com\/wp-content\/uploads\/2023\/01\/Screenshot-2023-01-28-at-20.14.02.png?resize=1920%2C431&amp;ssl=1 1920w, https:\/\/i0.wp.com\/www.checkedholidays.com\/wp-content\/uploads\/2023\/01\/Screenshot-2023-01-28-at-20.14.02.png?resize=600%2C135&amp;ssl=1 600w, https:\/\/i0.wp.com\/www.checkedholidays.com\/wp-content\/uploads\/2023\/01\/Screenshot-2023-01-28-at-20.14.02.png?resize=800%2C180&amp;ssl=1 800w, https:\/\/i0.wp.com\/www.checkedholidays.com\/wp-content\/uploads\/2023\/01\/Screenshot-2023-01-28-at-20.14.02.png?w=2388&amp;ssl=1 2388w\" sizes=\"auto, (max-width: 1024px) 100vw, 1024px\" \/><\/figure>\n\n<h2 class=\"wp-block-heading\">Collaborazioni e pubblicit\u00e0<\/h2>\n\n<p class=\"wp-block-paragraph\">Su CheckedHolidays.com parliamo degli aspetti negativi e positivi delle destinazioni turistiche per dare i migliori consigli per le vacanze. \u00c8 uno dei motivi per cui il nostro sito \u00e8<strong> fidato e amato da un pubblico di lettori sempre pi\u00f9 numeroso<\/strong>. Per continuare a offrire una consulenza indipendente e di alta qualit\u00e0 sulle vacanze, non facciamo promozioni a pagamento per prodotti o servizi in cui non crediamo. Tuttavia, se ritieni che abbiamo trascurato il tuo hotel, resort, attrazione, escursione o servizio e vuoi che lo inseriamo gratuitamente nel sito web. Contattaci e, dopo una verifica di persona, potresti essere incluso.<\/p>\n\n<p class=\"has-text-align-center has-large-font-size wp-block-paragraph\"><strong>Contatto<\/strong><\/p>\n\n<p class=\"has-text-align-center has-large-font-size wp-block-paragraph\"><strong>info(at)CheckedHolidays.com<\/strong><\/p>\n","protected":false},"excerpt":{"rendered":"<p>CheckedHolidays \u00e8 stata fondata nel 2012 dopo aver notato una grande disinformazione su internet riguardo alle vacanze nelle isole spagnole. Questa disinformazione ha avuto un impatto negativo sulle vacanze delle persone, quindi abbiamo realizzato un video su YouTube per correggere questa disinformazione. Dopo essere stato ripreso e pubblicato su Express, ha raggiunto oltre 100.000 spettatori. [&hellip;]<\/p>\n","protected":false},"author":1,"featured_media":18803,"parent":0,"menu_order":0,"comment_status":"closed","ping_status":"closed","template":"","meta":{"_crdt_document":"","footnotes":""},"class_list":["post-24482","page","type-page","status-publish","has-post-thumbnail","hentry"],"yoast_head":"<!-- This site is optimized with the Yoast SEO plugin v27.5 - https:\/\/yoast.com\/product\/yoast-seo-wordpress\/ -->\n<title>Informazioni su CheckedHolidays<\/title>\n<meta name=\"robots\" content=\"index, follow, max-snippet:-1, max-image-preview:large, max-video-preview:-1\" \/>\n<link rel=\"canonical\" href=\"https:\/\/www.checkedholidays.com\/it\/about-checkedholidays\/\" \/>\n<meta property=\"og:locale\" content=\"it_IT\" \/>\n<meta property=\"og:type\" content=\"article\" \/>\n<meta property=\"og:title\" content=\"Informazioni su CheckedHolidays\" \/>\n<meta property=\"og:description\" content=\"CheckedHolidays \u00e8 stata fondata nel 2012 dopo aver notato una grande disinformazione su internet riguardo alle vacanze nelle isole spagnole. Questa disinformazione ha avuto un impatto negativo sulle vacanze delle persone, quindi abbiamo realizzato un video su YouTube per correggere questa disinformazione. Dopo essere stato ripreso e pubblicato su Express, ha raggiunto oltre 100.000 spettatori. [&hellip;]\" \/>\n<meta property=\"og:url\" content=\"https:\/\/www.checkedholidays.com\/it\/about-checkedholidays\/\" \/>\n<meta property=\"og:site_name\" content=\"CheckedHolidays\" \/>\n<meta property=\"article:publisher\" content=\"http:\/\/www.facebook.com\/checkedholidays\" \/>\n<meta property=\"article:modified_time\" content=\"2023-12-02T12:35:07+00:00\" \/>\n<meta property=\"og:image\" content=\"https:\/\/i0.wp.com\/www.checkedholidays.com\/wp-content\/uploads\/2022\/06\/Website-growth.png?fit=1874%2C452&ssl=1\" \/>\n\t<meta property=\"og:image:width\" content=\"1874\" \/>\n\t<meta property=\"og:image:height\" content=\"452\" \/>\n\t<meta property=\"og:image:type\" content=\"image\/png\" \/>\n<meta name=\"twitter:card\" content=\"summary_large_image\" \/>\n<meta name=\"twitter:site\" content=\"@checkedholidays\" \/>\n<meta name=\"twitter:label1\" content=\"Tempo di lettura stimato\" \/>\n\t<meta name=\"twitter:data1\" content=\"1 minuto\" \/>\n<script type=\"application\/ld+json\" class=\"yoast-schema-graph\">{\"@context\":\"https:\\\/\\\/schema.org\",\"@graph\":[{\"@type\":\"WebPage\",\"@id\":\"https:\\\/\\\/www.checkedholidays.com\\\/it\\\/about-checkedholidays\\\/\",\"url\":\"https:\\\/\\\/www.checkedholidays.com\\\/it\\\/about-checkedholidays\\\/\",\"name\":\"Informazioni su CheckedHolidays\",\"isPartOf\":{\"@id\":\"https:\\\/\\\/www.checkedholidays.com\\\/it\\\/#website\"},\"primaryImageOfPage\":{\"@id\":\"https:\\\/\\\/www.checkedholidays.com\\\/it\\\/about-checkedholidays\\\/#primaryimage\"},\"image\":{\"@id\":\"https:\\\/\\\/www.checkedholidays.com\\\/it\\\/about-checkedholidays\\\/#primaryimage\"},\"thumbnailUrl\":\"https:\\\/\\\/i0.wp.com\\\/www.checkedholidays.com\\\/wp-content\\\/uploads\\\/2022\\\/06\\\/Website-growth.png?fit=1874%2C452&ssl=1\",\"datePublished\":\"2022-09-05T12:38:25+00:00\",\"dateModified\":\"2023-12-02T12:35:07+00:00\",\"breadcrumb\":{\"@id\":\"https:\\\/\\\/www.checkedholidays.com\\\/it\\\/about-checkedholidays\\\/#breadcrumb\"},\"inLanguage\":\"it-IT\",\"potentialAction\":[{\"@type\":\"ReadAction\",\"target\":[\"https:\\\/\\\/www.checkedholidays.com\\\/it\\\/about-checkedholidays\\\/\"]}]},{\"@type\":\"ImageObject\",\"inLanguage\":\"it-IT\",\"@id\":\"https:\\\/\\\/www.checkedholidays.com\\\/it\\\/about-checkedholidays\\\/#primaryimage\",\"url\":\"https:\\\/\\\/i0.wp.com\\\/www.checkedholidays.com\\\/wp-content\\\/uploads\\\/2022\\\/06\\\/Website-growth.png?fit=1874%2C452&ssl=1\",\"contentUrl\":\"https:\\\/\\\/i0.wp.com\\\/www.checkedholidays.com\\\/wp-content\\\/uploads\\\/2022\\\/06\\\/Website-growth.png?fit=1874%2C452&ssl=1\",\"width\":1874,\"height\":452},{\"@type\":\"BreadcrumbList\",\"@id\":\"https:\\\/\\\/www.checkedholidays.com\\\/it\\\/about-checkedholidays\\\/#breadcrumb\",\"itemListElement\":[{\"@type\":\"ListItem\",\"position\":1,\"name\":\"Home\",\"item\":\"https:\\\/\\\/www.checkedholidays.com\\\/it\\\/\"},{\"@type\":\"ListItem\",\"position\":2,\"name\":\"Informazioni su CheckedHolidays\"}]},{\"@type\":\"WebSite\",\"@id\":\"https:\\\/\\\/www.checkedholidays.com\\\/it\\\/#website\",\"url\":\"https:\\\/\\\/www.checkedholidays.com\\\/it\\\/\",\"name\":\"CheckedHolidays\",\"description\":\"Spanish island holidays... but better!\",\"potentialAction\":[{\"@type\":\"SearchAction\",\"target\":{\"@type\":\"EntryPoint\",\"urlTemplate\":\"https:\\\/\\\/www.checkedholidays.com\\\/it\\\/?s={search_term_string}\"},\"query-input\":{\"@type\":\"PropertyValueSpecification\",\"valueRequired\":true,\"valueName\":\"search_term_string\"}}],\"inLanguage\":\"it-IT\"}]}<\/script>\n<!-- \/ Yoast SEO plugin. -->","yoast_head_json":{"title":"Informazioni su CheckedHolidays","robots":{"index":"index","follow":"follow","max-snippet":"max-snippet:-1","max-image-preview":"max-image-preview:large","max-video-preview":"max-video-preview:-1"},"canonical":"https:\/\/www.checkedholidays.com\/it\/about-checkedholidays\/","og_locale":"it_IT","og_type":"article","og_title":"Informazioni su CheckedHolidays","og_description":"CheckedHolidays \u00e8 stata fondata nel 2012 dopo aver notato una grande disinformazione su internet riguardo alle vacanze nelle isole spagnole. Questa disinformazione ha avuto un impatto negativo sulle vacanze delle persone, quindi abbiamo realizzato un video su YouTube per correggere questa disinformazione. Dopo essere stato ripreso e pubblicato su Express, ha raggiunto oltre 100.000 spettatori. [&hellip;]","og_url":"https:\/\/www.checkedholidays.com\/it\/about-checkedholidays\/","og_site_name":"CheckedHolidays","article_publisher":"http:\/\/www.facebook.com\/checkedholidays","article_modified_time":"2023-12-02T12:35:07+00:00","og_image":[{"width":1874,"height":452,"url":"https:\/\/i0.wp.com\/www.checkedholidays.com\/wp-content\/uploads\/2022\/06\/Website-growth.png?fit=1874%2C452&ssl=1","type":"image\/png"}],"twitter_card":"summary_large_image","twitter_site":"@checkedholidays","twitter_misc":{"Tempo di lettura stimato":"1 minuto"},"schema":{"@context":"https:\/\/schema.org","@graph":[{"@type":"WebPage","@id":"https:\/\/www.checkedholidays.com\/it\/about-checkedholidays\/","url":"https:\/\/www.checkedholidays.com\/it\/about-checkedholidays\/","name":"Informazioni su CheckedHolidays","isPartOf":{"@id":"https:\/\/www.checkedholidays.com\/it\/#website"},"primaryImageOfPage":{"@id":"https:\/\/www.checkedholidays.com\/it\/about-checkedholidays\/#primaryimage"},"image":{"@id":"https:\/\/www.checkedholidays.com\/it\/about-checkedholidays\/#primaryimage"},"thumbnailUrl":"https:\/\/i0.wp.com\/www.checkedholidays.com\/wp-content\/uploads\/2022\/06\/Website-growth.png?fit=1874%2C452&ssl=1","datePublished":"2022-09-05T12:38:25+00:00","dateModified":"2023-12-02T12:35:07+00:00","breadcrumb":{"@id":"https:\/\/www.checkedholidays.com\/it\/about-checkedholidays\/#breadcrumb"},"inLanguage":"it-IT","potentialAction":[{"@type":"ReadAction","target":["https:\/\/www.checkedholidays.com\/it\/about-checkedholidays\/"]}]},{"@type":"ImageObject","inLanguage":"it-IT","@id":"https:\/\/www.checkedholidays.com\/it\/about-checkedholidays\/#primaryimage","url":"https:\/\/i0.wp.com\/www.checkedholidays.com\/wp-content\/uploads\/2022\/06\/Website-growth.png?fit=1874%2C452&ssl=1","contentUrl":"https:\/\/i0.wp.com\/www.checkedholidays.com\/wp-content\/uploads\/2022\/06\/Website-growth.png?fit=1874%2C452&ssl=1","width":1874,"height":452},{"@type":"BreadcrumbList","@id":"https:\/\/www.checkedholidays.com\/it\/about-checkedholidays\/#breadcrumb","itemListElement":[{"@type":"ListItem","position":1,"name":"Home","item":"https:\/\/www.checkedholidays.com\/it\/"},{"@type":"ListItem","position":2,"name":"Informazioni su CheckedHolidays"}]},{"@type":"WebSite","@id":"https:\/\/www.checkedholidays.com\/it\/#website","url":"https:\/\/www.checkedholidays.com\/it\/","name":"CheckedHolidays","description":"Spanish island holidays... but better!","potentialAction":[{"@type":"SearchAction","target":{"@type":"EntryPoint","urlTemplate":"https:\/\/www.checkedholidays.com\/it\/?s={search_term_string}"},"query-input":{"@type":"PropertyValueSpecification","valueRequired":true,"valueName":"search_term_string"}}],"inLanguage":"it-IT"}]}},"jetpack_sharing_enabled":true,"_links":{"self":[{"href":"https:\/\/www.checkedholidays.com\/it\/wp-json\/wp\/v2\/pages\/24482","targetHints":{"allow":["GET"]}}],"collection":[{"href":"https:\/\/www.checkedholidays.com\/it\/wp-json\/wp\/v2\/pages"}],"about":[{"href":"https:\/\/www.checkedholidays.com\/it\/wp-json\/wp\/v2\/types\/page"}],"author":[{"embeddable":true,"href":"https:\/\/www.checkedholidays.com\/it\/wp-json\/wp\/v2\/users\/1"}],"replies":[{"embeddable":true,"href":"https:\/\/www.checkedholidays.com\/it\/wp-json\/wp\/v2\/comments?post=24482"}],"version-history":[{"count":4,"href":"https:\/\/www.checkedholidays.com\/it\/wp-json\/wp\/v2\/pages\/24482\/revisions"}],"predecessor-version":[{"id":78411,"href":"https:\/\/www.checkedholidays.com\/it\/wp-json\/wp\/v2\/pages\/24482\/revisions\/78411"}],"wp:featuredmedia":[{"embeddable":true,"href":"https:\/\/www.checkedholidays.com\/it\/wp-json\/wp\/v2\/media\/18803"}],"wp:attachment":[{"href":"https:\/\/www.checkedholidays.com\/it\/wp-json\/wp\/v2\/media?parent=24482"}],"curies":[{"name":"wp","href":"https:\/\/api.w.org\/{rel}","templated":true}]}}