{"id":24460,"date":"2022-09-05T12:35:33","date_gmt":"2022-09-05T12:35:33","guid":{"rendered":"https:\/\/www.checkedholidays.com\/circa\/"},"modified":"2022-09-05T12:35:36","modified_gmt":"2022-09-05T12:35:36","slug":"circa","status":"publish","type":"page","link":"https:\/\/www.checkedholidays.com\/it\/circa\/","title":{"rendered":"Su di me"},"content":{"rendered":"\n<p class=\"has-text-align-left wp-block-paragraph\">S\u00ec, CheckHolidays sono io, una persona comune nella vita reale&#8230; il mio vero nome \u00e8 Ive. Scrivo, filmo, edito, creo e pubblico tutte le mie guide alle vacanze (al 99%) da sola. Ma quando ho iniziato, volevo un nome che sembrasse &#8220;professionale&#8221;&#8230; ora sono bloccato da questo. In questa pagina, quindi, voglio raccontarti qualcosa di pi\u00f9 su di me e dimostrarti che sono una persona normale che, grazie alle circostanze, \u00e8 diventata una delle pi\u00f9 importanti consulenti per le vacanze sulle Isole Spagnole.  <\/p>\n<div class=\"wp-block-image\">\n<figure class=\"aligncenter is-resized\"><img loading=\"lazy\" decoding=\"async\" src=\"https:\/\/i1.wp.com\/www.checkedholidays.com\/wp-content\/uploads\/2019\/03\/IMG_20141017_152816-MOTION.gif?fit=768%2C1024&amp;ssl=1\" alt=\"\" class=\"wp-image-3075\" width=\"384\" height=\"512\"\/><figcaption class=\"wp-element-caption\">15 anni in Spagna: Nuoto casuale<\/figcaption><\/figure>\n<\/div>\n<p class=\"has-text-align-left wp-block-paragraph\">Tutto questo \u00e8 iniziato dopo aver vissuto e lavorato in tutta la Spagna come animatore di hotel, barista, cameraman e tecnico del suono per oltre 15 anni. Ma dopo aver fatto per anni diversi lavori in tutte le isole spagnole, ho avuto difficolt\u00e0 a trovare qualcosa che mi piacesse e mi appassionasse.<\/p>\n\n<p class=\"has-text-align-left wp-block-paragraph\">Cos\u00ec mi sono seduto e ho cercato di capire cosa mi piacesse fare. Ripensando ai lavori che avevo gi\u00e0 svolto, mi sono venute in mente due cose che mi sono piaciute molto. Queste persone stavano regalando alle persone una grande vacanza e stavano creando delle cose. Entrambe le cose le ho fatte nei miei lavori precedenti, ma ovviamente non potevo lavorare per sempre come animatore di hotel con pi\u00f9 di 30 anni. Dopo un po&#8217; diventa strano. Cos\u00ec ho deciso di lanciarmi completamente nel mio canale YouTube con solo 5 video su Maiorca per vedere se avrebbe funzionato o meno.<\/p>\n\n<p class=\"has-text-align-left wp-block-paragraph\">Ci sono voluti alcuni anni ma attualmente (2022), sto aiutando oltre <strong>\n  <u>4 milioni di persone ogni anno con<\/u>\n  <span style=\"text-decoration: underline;\">e le loro vacanze in Spagna.<\/span>\n<\/strong> Sebbene questo sia un risultato fantastico, per me non si tratta di numeri. Si tratta di dare consigli onesti sulle vacanze che \u00e8 difficile trovare su internet. Con la maggior parte delle pagine in circolazione di compagnie di viaggio, blogger o modelle di Instagram che amano far sembrare tutto perfetto, io cerco di fare l&#8217;esatto contrario. Te lo mostrer\u00f2 cos\u00ec com&#8217;\u00e8, in modo che tu possa decidere se \u00e8 giusto o meno per te.  <\/p>\n","protected":false},"excerpt":{"rendered":"<p>S\u00ec, CheckHolidays sono io, una persona comune nella vita reale&#8230; il mio vero nome \u00e8 Ive. Scrivo, filmo, edito, creo e pubblico tutte le mie guide alle vacanze (al 99%) da sola. Ma quando ho iniziato, volevo un nome che sembrasse &#8220;professionale&#8221;&#8230; ora sono bloccato da questo. In questa pagina, quindi, voglio raccontarti qualcosa di [&hellip;]<\/p>\n","protected":false},"author":1,"featured_media":13206,"parent":0,"menu_order":0,"comment_status":"closed","ping_status":"closed","template":"template-authors.php","meta":{"_crdt_document":"","footnotes":""},"class_list":["post-24460","page","type-page","status-publish","has-post-thumbnail","hentry"],"yoast_head":"<!-- This site is optimized with the Yoast SEO plugin v27.2 - https:\/\/yoast.com\/product\/yoast-seo-wordpress\/ -->\n<title>Su di me<\/title>\n<meta name=\"robots\" content=\"index, follow, max-snippet:-1, max-image-preview:large, max-video-preview:-1\" \/>\n<link rel=\"canonical\" href=\"https:\/\/www.checkedholidays.com\/it\/circa\/\" \/>\n<meta property=\"og:locale\" content=\"it_IT\" \/>\n<meta property=\"og:type\" content=\"article\" \/>\n<meta property=\"og:title\" content=\"Su di me\" \/>\n<meta property=\"og:description\" content=\"S\u00ec, CheckHolidays sono io, una persona comune nella vita reale&#8230; il mio vero nome \u00e8 Ive. Scrivo, filmo, edito, creo e pubblico tutte le mie guide alle vacanze (al 99%) da sola. Ma quando ho iniziato, volevo un nome che sembrasse &#8220;professionale&#8221;&#8230; ora sono bloccato da questo. In questa pagina, quindi, voglio raccontarti qualcosa di [&hellip;]\" \/>\n<meta property=\"og:url\" content=\"https:\/\/www.checkedholidays.com\/it\/circa\/\" \/>\n<meta property=\"og:site_name\" content=\"CheckedHolidays\" \/>\n<meta property=\"article:publisher\" content=\"http:\/\/www.facebook.com\/checkedholidays\" \/>\n<meta property=\"article:modified_time\" content=\"2022-09-05T12:35:36+00:00\" \/>\n<meta property=\"og:image\" content=\"https:\/\/i0.wp.com\/www.checkedholidays.com\/wp-content\/uploads\/2018\/12\/IMG_20141011_135122-600x450.jpg?fit=600%2C450&ssl=1\" \/>\n\t<meta property=\"og:image:width\" content=\"600\" \/>\n\t<meta property=\"og:image:height\" content=\"450\" \/>\n\t<meta property=\"og:image:type\" content=\"image\/jpeg\" \/>\n<meta name=\"twitter:card\" content=\"summary_large_image\" \/>\n<meta name=\"twitter:site\" content=\"@checkedholidays\" \/>\n<meta name=\"twitter:label1\" content=\"Tempo di lettura stimato\" \/>\n\t<meta name=\"twitter:data1\" content=\"2 minuti\" \/>\n<script type=\"application\/ld+json\" class=\"yoast-schema-graph\">{\"@context\":\"https:\/\/schema.org\",\"@graph\":[{\"@type\":\"WebPage\",\"@id\":\"https:\/\/www.checkedholidays.com\/it\/circa\/\",\"url\":\"https:\/\/www.checkedholidays.com\/it\/circa\/\",\"name\":\"Su di me\",\"isPartOf\":{\"@id\":\"https:\/\/www.checkedholidays.com\/it\/#website\"},\"primaryImageOfPage\":{\"@id\":\"https:\/\/www.checkedholidays.com\/it\/circa\/#primaryimage\"},\"image\":{\"@id\":\"https:\/\/www.checkedholidays.com\/it\/circa\/#primaryimage\"},\"thumbnailUrl\":\"https:\/\/i0.wp.com\/www.checkedholidays.com\/wp-content\/uploads\/2018\/12\/IMG_20141011_135122-600x450.jpg?fit=600%2C450&ssl=1\",\"datePublished\":\"2022-09-05T12:35:33+00:00\",\"dateModified\":\"2022-09-05T12:35:36+00:00\",\"breadcrumb\":{\"@id\":\"https:\/\/www.checkedholidays.com\/it\/circa\/#breadcrumb\"},\"inLanguage\":\"it-IT\",\"potentialAction\":[{\"@type\":\"ReadAction\",\"target\":[\"https:\/\/www.checkedholidays.com\/it\/circa\/\"]}]},{\"@type\":\"ImageObject\",\"inLanguage\":\"it-IT\",\"@id\":\"https:\/\/www.checkedholidays.com\/it\/circa\/#primaryimage\",\"url\":\"https:\/\/i0.wp.com\/www.checkedholidays.com\/wp-content\/uploads\/2018\/12\/IMG_20141011_135122-600x450.jpg?fit=600%2C450&ssl=1\",\"contentUrl\":\"https:\/\/i0.wp.com\/www.checkedholidays.com\/wp-content\/uploads\/2018\/12\/IMG_20141011_135122-600x450.jpg?fit=600%2C450&ssl=1\",\"width\":600,\"height\":450},{\"@type\":\"BreadcrumbList\",\"@id\":\"https:\/\/www.checkedholidays.com\/it\/circa\/#breadcrumb\",\"itemListElement\":[{\"@type\":\"ListItem\",\"position\":1,\"name\":\"Home\",\"item\":\"https:\/\/www.checkedholidays.com\/it\/\"},{\"@type\":\"ListItem\",\"position\":2,\"name\":\"Su di me\"}]},{\"@type\":\"WebSite\",\"@id\":\"https:\/\/www.checkedholidays.com\/it\/#website\",\"url\":\"https:\/\/www.checkedholidays.com\/it\/\",\"name\":\"CheckedHolidays\",\"description\":\"Spanish island holidays... but better!\",\"potentialAction\":[{\"@type\":\"SearchAction\",\"target\":{\"@type\":\"EntryPoint\",\"urlTemplate\":\"https:\/\/www.checkedholidays.com\/it\/?s={search_term_string}\"},\"query-input\":{\"@type\":\"PropertyValueSpecification\",\"valueRequired\":true,\"valueName\":\"search_term_string\"}}],\"inLanguage\":\"it-IT\"}]}<\/script>\n<!-- \/ Yoast SEO plugin. -->","yoast_head_json":{"title":"Su di me","robots":{"index":"index","follow":"follow","max-snippet":"max-snippet:-1","max-image-preview":"max-image-preview:large","max-video-preview":"max-video-preview:-1"},"canonical":"https:\/\/www.checkedholidays.com\/it\/circa\/","og_locale":"it_IT","og_type":"article","og_title":"Su di me","og_description":"S\u00ec, CheckHolidays sono io, una persona comune nella vita reale&#8230; il mio vero nome \u00e8 Ive. Scrivo, filmo, edito, creo e pubblico tutte le mie guide alle vacanze (al 99%) da sola. Ma quando ho iniziato, volevo un nome che sembrasse &#8220;professionale&#8221;&#8230; ora sono bloccato da questo. In questa pagina, quindi, voglio raccontarti qualcosa di [&hellip;]","og_url":"https:\/\/www.checkedholidays.com\/it\/circa\/","og_site_name":"CheckedHolidays","article_publisher":"http:\/\/www.facebook.com\/checkedholidays","article_modified_time":"2022-09-05T12:35:36+00:00","og_image":[{"width":600,"height":450,"url":"https:\/\/i0.wp.com\/www.checkedholidays.com\/wp-content\/uploads\/2018\/12\/IMG_20141011_135122-600x450.jpg?fit=600%2C450&ssl=1","type":"image\/jpeg"}],"twitter_card":"summary_large_image","twitter_site":"@checkedholidays","twitter_misc":{"Tempo di lettura stimato":"2 minuti"},"schema":{"@context":"https:\/\/schema.org","@graph":[{"@type":"WebPage","@id":"https:\/\/www.checkedholidays.com\/it\/circa\/","url":"https:\/\/www.checkedholidays.com\/it\/circa\/","name":"Su di me","isPartOf":{"@id":"https:\/\/www.checkedholidays.com\/it\/#website"},"primaryImageOfPage":{"@id":"https:\/\/www.checkedholidays.com\/it\/circa\/#primaryimage"},"image":{"@id":"https:\/\/www.checkedholidays.com\/it\/circa\/#primaryimage"},"thumbnailUrl":"https:\/\/i0.wp.com\/www.checkedholidays.com\/wp-content\/uploads\/2018\/12\/IMG_20141011_135122-600x450.jpg?fit=600%2C450&ssl=1","datePublished":"2022-09-05T12:35:33+00:00","dateModified":"2022-09-05T12:35:36+00:00","breadcrumb":{"@id":"https:\/\/www.checkedholidays.com\/it\/circa\/#breadcrumb"},"inLanguage":"it-IT","potentialAction":[{"@type":"ReadAction","target":["https:\/\/www.checkedholidays.com\/it\/circa\/"]}]},{"@type":"ImageObject","inLanguage":"it-IT","@id":"https:\/\/www.checkedholidays.com\/it\/circa\/#primaryimage","url":"https:\/\/i0.wp.com\/www.checkedholidays.com\/wp-content\/uploads\/2018\/12\/IMG_20141011_135122-600x450.jpg?fit=600%2C450&ssl=1","contentUrl":"https:\/\/i0.wp.com\/www.checkedholidays.com\/wp-content\/uploads\/2018\/12\/IMG_20141011_135122-600x450.jpg?fit=600%2C450&ssl=1","width":600,"height":450},{"@type":"BreadcrumbList","@id":"https:\/\/www.checkedholidays.com\/it\/circa\/#breadcrumb","itemListElement":[{"@type":"ListItem","position":1,"name":"Home","item":"https:\/\/www.checkedholidays.com\/it\/"},{"@type":"ListItem","position":2,"name":"Su di me"}]},{"@type":"WebSite","@id":"https:\/\/www.checkedholidays.com\/it\/#website","url":"https:\/\/www.checkedholidays.com\/it\/","name":"CheckedHolidays","description":"Spanish island holidays... but better!","potentialAction":[{"@type":"SearchAction","target":{"@type":"EntryPoint","urlTemplate":"https:\/\/www.checkedholidays.com\/it\/?s={search_term_string}"},"query-input":{"@type":"PropertyValueSpecification","valueRequired":true,"valueName":"search_term_string"}}],"inLanguage":"it-IT"}]}},"jetpack_sharing_enabled":true,"_links":{"self":[{"href":"https:\/\/www.checkedholidays.com\/it\/wp-json\/wp\/v2\/pages\/24460","targetHints":{"allow":["GET"]}}],"collection":[{"href":"https:\/\/www.checkedholidays.com\/it\/wp-json\/wp\/v2\/pages"}],"about":[{"href":"https:\/\/www.checkedholidays.com\/it\/wp-json\/wp\/v2\/types\/page"}],"author":[{"embeddable":true,"href":"https:\/\/www.checkedholidays.com\/it\/wp-json\/wp\/v2\/users\/1"}],"replies":[{"embeddable":true,"href":"https:\/\/www.checkedholidays.com\/it\/wp-json\/wp\/v2\/comments?post=24460"}],"version-history":[{"count":3,"href":"https:\/\/www.checkedholidays.com\/it\/wp-json\/wp\/v2\/pages\/24460\/revisions"}],"predecessor-version":[{"id":24463,"href":"https:\/\/www.checkedholidays.com\/it\/wp-json\/wp\/v2\/pages\/24460\/revisions\/24463"}],"wp:featuredmedia":[{"embeddable":true,"href":"https:\/\/www.checkedholidays.com\/it\/wp-json\/wp\/v2\/media\/13206"}],"wp:attachment":[{"href":"https:\/\/www.checkedholidays.com\/it\/wp-json\/wp\/v2\/media?parent=24460"}],"curies":[{"name":"wp","href":"https:\/\/api.w.org\/{rel}","templated":true}]}}