{"id":42239,"date":"2023-05-07T12:48:51","date_gmt":"2023-05-07T12:48:51","guid":{"rendered":"https:\/\/www.checkedholidays.com\/affiliate-disclaimer\/"},"modified":"2023-05-07T12:48:52","modified_gmt":"2023-05-07T12:48:52","slug":"affiliate-disclaimer","status":"publish","type":"page","link":"https:\/\/www.checkedholidays.com\/hu\/affiliate-disclaimer\/","title":{"rendered":"Ez a weboldal affiliate linkeket haszn\u00e1l"},"content":{"rendered":"\n<p class=\"wp-block-paragraph\">Ha seg\u00edt a Youtube csatorn\u00e1m, a weboldalam <g class=\"gr_ gr_4 gr-alert gr_gramm gr_inline_cards gr_disable_anim_appear Punctuation only-ins replaceWithoutSep\" id=\"4\" data-gr-id=\"4\">\u00e9s<\/g> az \u00fatmutat\u00f3k, \u00e9s <strong>seg\u00edteni<\/strong> akarsz <strong>nekem, seg\u00edteni neked<\/strong>&#8230; akkor az affiliate linkjeim haszn\u00e1lata a legjobb <strong>INGYENES<\/strong> m\u00f3dja ennek.<\/p>\n\n<p class=\"wp-block-paragraph\">Az affiliate linkek nagyon szabv\u00e1nyosak \u00e9s sz\u00e9les k\u00f6rben haszn\u00e1latosak, de \u00fagy gondolom, hogy fontos, hogy t\u00e1j\u00e9koz\u00f3djon r\u00f3luk.<\/p>\n\n<p class=\"wp-block-paragraph\">Az affiliate linkek \u00fagy n\u00e9znek ki, mint a hagyom\u00e1nyos linkek, de t\u00e1j\u00e9koztatj\u00e1k a weboldalt, ahov\u00e1 eljutsz, hogy az \u00e9n weboldalamr\u00f3l j\u00f6tt\u00e9l. Ha v\u00e1s\u00e1rolsz valamit az \u00e1ltalam linkelt weboldalon, kapok egy kis jutal\u00e9kot, hogy seg\u00edtsek fenntartani ezt a weboldalt.  <\/p>\n\n<p class=\"wp-block-paragraph\">Azonban mindig ugyanazt az \u00e1rat fogja fizetni, mint \u00e1ltal\u00e1ban, \u00e9s n\u00e9ha m\u00e9g kedvezm\u00e9nyt vagy el\u0151nyt is kap, ha haszn\u00e1lja az affiliate linkjeimet. A jutal\u00e9kot a m\u00e1sik weboldal tulajdonosa fizeti, nem \u00d6n.<\/p>\n\n<p class=\"wp-block-paragraph\">K\u00f6sz\u00f6n\u00f6m sz\u00e9pen, hogy haszn\u00e1lod a partneri linkjeimet, \u00e9s lehet\u0151v\u00e9 teszed sz\u00e1momra, a weboldalnak \u00e9s a YouTube csatorn\u00e1nak, hogy hozz\u00e1d hasonl\u00f3an t\u00f6bb milli\u00f3 embernek seg\u00edtsek egy m\u00e9g jobb nyaral\u00e1sban!<\/p>\n\n<p class=\"wp-block-paragraph\"><g class=\"gr_ gr_4 gr-alert gr_spell gr_inline_cards gr_run_anim ContextualSpelling ins-del multiReplace\" id=\"4\" data-gr-id=\"4\"><a href=\"https:\/\/www.checkedholidays.com\/hu\/about\/\">Ive<\/a><\/g><\/p>\n","protected":false},"excerpt":{"rendered":"<p>Ha seg\u00edt a Youtube csatorn\u00e1m, a weboldalam \u00e9s az \u00fatmutat\u00f3k, \u00e9s seg\u00edteni akarsz nekem, seg\u00edteni neked&#8230; akkor az affiliate linkjeim haszn\u00e1lata a legjobb INGYENES m\u00f3dja ennek. Az affiliate linkek nagyon szabv\u00e1nyosak \u00e9s sz\u00e9les k\u00f6rben haszn\u00e1latosak, de \u00fagy gondolom, hogy fontos, hogy t\u00e1j\u00e9koz\u00f3djon r\u00f3luk. Az affiliate linkek \u00fagy n\u00e9znek ki, mint a hagyom\u00e1nyos linkek, de t\u00e1j\u00e9koztatj\u00e1k [&hellip;]<\/p>\n","protected":false},"author":1,"featured_media":0,"parent":0,"menu_order":0,"comment_status":"closed","ping_status":"closed","template":"","meta":{"_crdt_document":"","footnotes":""},"class_list":["post-42239","page","type-page","status-publish","hentry"],"yoast_head":"<!-- This site is optimized with the Yoast SEO plugin v27.2 - https:\/\/yoast.com\/product\/yoast-seo-wordpress\/ -->\n<title>Ez a weboldal affiliate linkeket haszn\u00e1l - CheckedHolidays<\/title>\n<meta name=\"robots\" content=\"index, follow, max-snippet:-1, max-image-preview:large, max-video-preview:-1\" \/>\n<link rel=\"canonical\" href=\"https:\/\/www.checkedholidays.com\/hu\/affiliate-disclaimer\/\" \/>\n<meta property=\"og:locale\" content=\"hu_HU\" \/>\n<meta property=\"og:type\" content=\"article\" \/>\n<meta property=\"og:title\" content=\"Ez a weboldal affiliate linkeket haszn\u00e1l - CheckedHolidays\" \/>\n<meta property=\"og:description\" content=\"Ha seg\u00edt a Youtube csatorn\u00e1m, a weboldalam \u00e9s az \u00fatmutat\u00f3k, \u00e9s seg\u00edteni akarsz nekem, seg\u00edteni neked&#8230; akkor az affiliate linkjeim haszn\u00e1lata a legjobb INGYENES m\u00f3dja ennek. Az affiliate linkek nagyon szabv\u00e1nyosak \u00e9s sz\u00e9les k\u00f6rben haszn\u00e1latosak, de \u00fagy gondolom, hogy fontos, hogy t\u00e1j\u00e9koz\u00f3djon r\u00f3luk. Az affiliate linkek \u00fagy n\u00e9znek ki, mint a hagyom\u00e1nyos linkek, de t\u00e1j\u00e9koztatj\u00e1k [&hellip;]\" \/>\n<meta property=\"og:url\" content=\"https:\/\/www.checkedholidays.com\/hu\/affiliate-disclaimer\/\" \/>\n<meta property=\"og:site_name\" content=\"CheckedHolidays\" \/>\n<meta property=\"article:publisher\" content=\"http:\/\/www.facebook.com\/checkedholidays\" \/>\n<meta property=\"article:modified_time\" content=\"2023-05-07T12:48:52+00:00\" \/>\n<meta name=\"twitter:card\" content=\"summary_large_image\" \/>\n<meta name=\"twitter:site\" content=\"@checkedholidays\" \/>\n<meta name=\"twitter:label1\" content=\"Becs\u00fclt olvas\u00e1si id\u0151\" \/>\n\t<meta name=\"twitter:data1\" content=\"1 perc\" \/>\n<script type=\"application\/ld+json\" class=\"yoast-schema-graph\">{\"@context\":\"https:\/\/schema.org\",\"@graph\":[{\"@type\":\"WebPage\",\"@id\":\"https:\/\/www.checkedholidays.com\/hu\/affiliate-disclaimer\/\",\"url\":\"https:\/\/www.checkedholidays.com\/hu\/affiliate-disclaimer\/\",\"name\":\"Ez a weboldal affiliate linkeket haszn\u00e1l - CheckedHolidays\",\"isPartOf\":{\"@id\":\"https:\/\/www.checkedholidays.com\/hu\/#website\"},\"datePublished\":\"2023-05-07T12:48:51+00:00\",\"dateModified\":\"2023-05-07T12:48:52+00:00\",\"breadcrumb\":{\"@id\":\"https:\/\/www.checkedholidays.com\/hu\/affiliate-disclaimer\/#breadcrumb\"},\"inLanguage\":\"hu\",\"potentialAction\":[{\"@type\":\"ReadAction\",\"target\":[\"https:\/\/www.checkedholidays.com\/hu\/affiliate-disclaimer\/\"]}]},{\"@type\":\"BreadcrumbList\",\"@id\":\"https:\/\/www.checkedholidays.com\/hu\/affiliate-disclaimer\/#breadcrumb\",\"itemListElement\":[{\"@type\":\"ListItem\",\"position\":1,\"name\":\"Home\",\"item\":\"https:\/\/www.checkedholidays.com\/hu\/\"},{\"@type\":\"ListItem\",\"position\":2,\"name\":\"Ez a weboldal affiliate linkeket haszn\u00e1l\"}]},{\"@type\":\"WebSite\",\"@id\":\"https:\/\/www.checkedholidays.com\/hu\/#website\",\"url\":\"https:\/\/www.checkedholidays.com\/hu\/\",\"name\":\"CheckedHolidays\",\"description\":\"Spanish island holidays... but better!\",\"potentialAction\":[{\"@type\":\"SearchAction\",\"target\":{\"@type\":\"EntryPoint\",\"urlTemplate\":\"https:\/\/www.checkedholidays.com\/hu\/?s={search_term_string}\"},\"query-input\":{\"@type\":\"PropertyValueSpecification\",\"valueRequired\":true,\"valueName\":\"search_term_string\"}}],\"inLanguage\":\"hu\"}]}<\/script>\n<!-- \/ Yoast SEO plugin. -->","yoast_head_json":{"title":"Ez a weboldal affiliate linkeket haszn\u00e1l - CheckedHolidays","robots":{"index":"index","follow":"follow","max-snippet":"max-snippet:-1","max-image-preview":"max-image-preview:large","max-video-preview":"max-video-preview:-1"},"canonical":"https:\/\/www.checkedholidays.com\/hu\/affiliate-disclaimer\/","og_locale":"hu_HU","og_type":"article","og_title":"Ez a weboldal affiliate linkeket haszn\u00e1l - CheckedHolidays","og_description":"Ha seg\u00edt a Youtube csatorn\u00e1m, a weboldalam \u00e9s az \u00fatmutat\u00f3k, \u00e9s seg\u00edteni akarsz nekem, seg\u00edteni neked&#8230; akkor az affiliate linkjeim haszn\u00e1lata a legjobb INGYENES m\u00f3dja ennek. Az affiliate linkek nagyon szabv\u00e1nyosak \u00e9s sz\u00e9les k\u00f6rben haszn\u00e1latosak, de \u00fagy gondolom, hogy fontos, hogy t\u00e1j\u00e9koz\u00f3djon r\u00f3luk. Az affiliate linkek \u00fagy n\u00e9znek ki, mint a hagyom\u00e1nyos linkek, de t\u00e1j\u00e9koztatj\u00e1k [&hellip;]","og_url":"https:\/\/www.checkedholidays.com\/hu\/affiliate-disclaimer\/","og_site_name":"CheckedHolidays","article_publisher":"http:\/\/www.facebook.com\/checkedholidays","article_modified_time":"2023-05-07T12:48:52+00:00","twitter_card":"summary_large_image","twitter_site":"@checkedholidays","twitter_misc":{"Becs\u00fclt olvas\u00e1si id\u0151":"1 perc"},"schema":{"@context":"https:\/\/schema.org","@graph":[{"@type":"WebPage","@id":"https:\/\/www.checkedholidays.com\/hu\/affiliate-disclaimer\/","url":"https:\/\/www.checkedholidays.com\/hu\/affiliate-disclaimer\/","name":"Ez a weboldal affiliate linkeket haszn\u00e1l - CheckedHolidays","isPartOf":{"@id":"https:\/\/www.checkedholidays.com\/hu\/#website"},"datePublished":"2023-05-07T12:48:51+00:00","dateModified":"2023-05-07T12:48:52+00:00","breadcrumb":{"@id":"https:\/\/www.checkedholidays.com\/hu\/affiliate-disclaimer\/#breadcrumb"},"inLanguage":"hu","potentialAction":[{"@type":"ReadAction","target":["https:\/\/www.checkedholidays.com\/hu\/affiliate-disclaimer\/"]}]},{"@type":"BreadcrumbList","@id":"https:\/\/www.checkedholidays.com\/hu\/affiliate-disclaimer\/#breadcrumb","itemListElement":[{"@type":"ListItem","position":1,"name":"Home","item":"https:\/\/www.checkedholidays.com\/hu\/"},{"@type":"ListItem","position":2,"name":"Ez a weboldal affiliate linkeket haszn\u00e1l"}]},{"@type":"WebSite","@id":"https:\/\/www.checkedholidays.com\/hu\/#website","url":"https:\/\/www.checkedholidays.com\/hu\/","name":"CheckedHolidays","description":"Spanish island holidays... but better!","potentialAction":[{"@type":"SearchAction","target":{"@type":"EntryPoint","urlTemplate":"https:\/\/www.checkedholidays.com\/hu\/?s={search_term_string}"},"query-input":{"@type":"PropertyValueSpecification","valueRequired":true,"valueName":"search_term_string"}}],"inLanguage":"hu"}]}},"jetpack_sharing_enabled":true,"_links":{"self":[{"href":"https:\/\/www.checkedholidays.com\/hu\/wp-json\/wp\/v2\/pages\/42239","targetHints":{"allow":["GET"]}}],"collection":[{"href":"https:\/\/www.checkedholidays.com\/hu\/wp-json\/wp\/v2\/pages"}],"about":[{"href":"https:\/\/www.checkedholidays.com\/hu\/wp-json\/wp\/v2\/types\/page"}],"author":[{"embeddable":true,"href":"https:\/\/www.checkedholidays.com\/hu\/wp-json\/wp\/v2\/users\/1"}],"replies":[{"embeddable":true,"href":"https:\/\/www.checkedholidays.com\/hu\/wp-json\/wp\/v2\/comments?post=42239"}],"version-history":[{"count":1,"href":"https:\/\/www.checkedholidays.com\/hu\/wp-json\/wp\/v2\/pages\/42239\/revisions"}],"predecessor-version":[{"id":42240,"href":"https:\/\/www.checkedholidays.com\/hu\/wp-json\/wp\/v2\/pages\/42239\/revisions\/42240"}],"wp:attachment":[{"href":"https:\/\/www.checkedholidays.com\/hu\/wp-json\/wp\/v2\/media?parent=42239"}],"curies":[{"name":"wp","href":"https:\/\/api.w.org\/{rel}","templated":true}]}}