{"id":42234,"date":"2023-05-07T12:48:12","date_gmt":"2023-05-07T12:48:12","guid":{"rendered":"https:\/\/www.checkedholidays.com\/cookie-policy\/"},"modified":"2025-03-17T10:00:15","modified_gmt":"2025-03-17T10:00:15","slug":"cookie-policy","status":"publish","type":"page","link":"https:\/\/www.checkedholidays.com\/hu\/cookie-policy\/","title":{"rendered":"Cookie szab\u00e1lyzat"},"content":{"rendered":"\n<h2 class=\"wp-block-heading\">Mik azok a s\u00fctik?<\/h2>\n\n<p class=\"wp-block-paragraph\">Ez a Cookie-szab\u00e1lyzat elmagyar\u00e1zza, hogy mik azok a cookie-k \u00e9s hogyan haszn\u00e1ljuk \u0151ket, milyen t\u00edpus\u00fa cookie-kat haszn\u00e1lunk, azaz milyen inform\u00e1ci\u00f3kat gy\u0171jt\u00fcnk a cookie-k seg\u00edts\u00e9g\u00e9vel \u00e9s hogyan haszn\u00e1ljuk fel ezeket az inform\u00e1ci\u00f3kat, valamint hogyan kezelheti a cookie-be\u00e1ll\u00edt\u00e1sokat.<\/p>\n\n<p class=\"wp-block-paragraph\">A s\u00fctik olyan kis sz\u00f6veges f\u00e1jlok, amelyek kis inform\u00e1ci\u00f3k t\u00e1rol\u00e1s\u00e1ra szolg\u00e1lnak. Ezek az \u00d6n eszk\u00f6z\u00e9n t\u00e1rol\u00f3dnak, amikor a weboldal bet\u00f6lt\u0151dik a b\u00f6ng\u00e9sz\u0151j\u00e9be. Ezek a s\u00fctik seg\u00edtenek nek\u00fcnk abban, hogy a weboldal megfelel\u0151en m\u0171k\u00f6dj\u00f6n, biztons\u00e1gosabb\u00e1 tegy\u00fck, jobb felhaszn\u00e1l\u00f3i \u00e9lm\u00e9nyt ny\u00fajtsunk, \u00e9s hogy meg\u00e9rts\u00fck, hogyan m\u0171k\u00f6dik a weboldal, valamint hogy elemezz\u00fck, mi m\u0171k\u00f6dik, \u00e9s hol van sz\u00fcks\u00e9g fejleszt\u00e9sre.<\/p>\n\n<h2 class=\"wp-block-heading\">Hogyan haszn\u00e1ljuk a s\u00fctiket?<\/h2>\n\n<p class=\"wp-block-paragraph\">Mint a legt\u00f6bb online szolg\u00e1ltat\u00e1s, weboldalunk is t\u00f6bbf\u00e9le c\u00e9lb\u00f3l haszn\u00e1l els\u0151 \u00e9s harmadik f\u00e9lt\u0151l sz\u00e1rmaz\u00f3 s\u00fctiket. Az els\u0151 f\u00e9lt\u0151l sz\u00e1rmaz\u00f3 s\u00fctik t\u00f6bbnyire sz\u00fcks\u00e9gesek a weboldal megfelel\u0151 m\u0171k\u00f6d\u00e9s\u00e9hez, \u00e9s nem gy\u0171jtenek semmilyen szem\u00e9lyes adatot.<\/p>\n\n<p class=\"wp-block-paragraph\">A weboldalunkon haszn\u00e1lt harmadik f\u00e9lt\u0151l sz\u00e1rmaz\u00f3 s\u00fctik els\u0151sorban a weboldal teljes\u00edtm\u00e9ny\u00e9nek meg\u00e9rt\u00e9s\u00e9t, a weboldalunkkal val\u00f3 interakci\u00f3kat, a szolg\u00e1ltat\u00e1saink biztons\u00e1g\u00e1nak fenntart\u00e1s\u00e1t, az \u00d6n sz\u00e1m\u00e1ra relev\u00e1ns hirdet\u00e9sek biztos\u00edt\u00e1s\u00e1t, valamint \u00f6sszess\u00e9g\u00e9ben a jobb \u00e9s jobb felhaszn\u00e1l\u00f3i \u00e9lm\u00e9nyt \u00e9s a weboldalunkkal val\u00f3 j\u00f6v\u0151beli interakci\u00f3k felgyors\u00edt\u00e1s\u00e1t szolg\u00e1lj\u00e1k.<\/p>\n\n<h2 class=\"wp-block-heading\">Az \u00e1ltalunk haszn\u00e1lt s\u00fctik t\u00edpusai<\/h2>\n\n<style>\n    a.cky-banner-element {\n        padding: 8px 30px;\n        background: #F8F9FA;\n        color: #858A8F;\n        border: 1px solid #DEE2E6;\n        box-sizing: border-box;\n        border-radius: 2px;\n        cursor: pointer;\n}\n<\/style>\n\n    <div class=\"cky-audit-table-element\"><\/div>\n\n<h2 class=\"wp-block-heading\">A cookie-be\u00e1ll\u00edt\u00e1sok kezel\u00e9se<\/h2>\n\n<a class=\"cky-banner-element\">Cookie be\u00e1ll\u00edt\u00e1sok<\/a> <br\/>\n<p>\n<\/p>\n<p class=\"wp-block-paragraph\">A fenti gombra kattintva b\u00e1rmikor megv\u00e1ltoztathatja a s\u00fctikre vonatkoz\u00f3 be\u00e1ll\u00edt\u00e1sait. Ez lehet\u0151v\u00e9 teszi, hogy \u00fajra megn\u00e9zze a cookie-hozz\u00e1j\u00e1rul\u00e1s bannert, \u00e9s megv\u00e1ltoztassa a preferenci\u00e1it, vagy azonnal visszavonja a hozz\u00e1j\u00e1rul\u00e1s\u00e1t.   <\/p>\n\n<p class=\"wp-block-paragraph\">Ezen t\u00falmen\u0151en a k\u00fcl\u00f6nb\u00f6z\u0151 b\u00f6ng\u00e9sz\u0151k k\u00fcl\u00f6nb\u00f6z\u0151 m\u00f3dszereket biztos\u00edtanak a weboldalak \u00e1ltal haszn\u00e1lt s\u00fctik blokkol\u00e1s\u00e1ra \u00e9s t\u00f6rl\u00e9s\u00e9re. Megv\u00e1ltoztathatja b\u00f6ng\u00e9sz\u0151je be\u00e1ll\u00edt\u00e1sait a s\u00fctik blokkol\u00e1sa\/t\u00f6rl\u00e9se \u00e9rdek\u00e9ben.  <\/p>\n","protected":false},"excerpt":{"rendered":"<p>Mik azok a s\u00fctik? Ez a Cookie-szab\u00e1lyzat elmagyar\u00e1zza, hogy mik azok a cookie-k \u00e9s hogyan haszn\u00e1ljuk \u0151ket, milyen t\u00edpus\u00fa cookie-kat haszn\u00e1lunk, azaz milyen inform\u00e1ci\u00f3kat gy\u0171jt\u00fcnk a cookie-k seg\u00edts\u00e9g\u00e9vel \u00e9s hogyan haszn\u00e1ljuk fel ezeket az inform\u00e1ci\u00f3kat, valamint hogyan kezelheti a cookie-be\u00e1ll\u00edt\u00e1sokat. A s\u00fctik olyan kis sz\u00f6veges f\u00e1jlok, amelyek kis inform\u00e1ci\u00f3k t\u00e1rol\u00e1s\u00e1ra szolg\u00e1lnak. Ezek az \u00d6n eszk\u00f6z\u00e9n [&hellip;]<\/p>\n","protected":false},"author":1,"featured_media":0,"parent":0,"menu_order":0,"comment_status":"closed","ping_status":"closed","template":"","meta":{"_crdt_document":"","footnotes":""},"class_list":["post-42234","page","type-page","status-publish","hentry"],"yoast_head":"<!-- This site is optimized with the Yoast SEO plugin v27.5 - https:\/\/yoast.com\/product\/yoast-seo-wordpress\/ -->\n<title>Cookie-szab\u00e1lyzat<\/title>\n<meta name=\"robots\" content=\"index, follow, max-snippet:-1, max-image-preview:large, max-video-preview:-1\" \/>\n<link rel=\"canonical\" href=\"https:\/\/www.checkedholidays.com\/hu\/cookie-policy\/\" \/>\n<meta property=\"og:locale\" content=\"hu_HU\" \/>\n<meta property=\"og:type\" content=\"article\" \/>\n<meta property=\"og:title\" content=\"Cookie-szab\u00e1lyzat\" \/>\n<meta property=\"og:description\" content=\"Mik azok a s\u00fctik? Ez a Cookie-szab\u00e1lyzat elmagyar\u00e1zza, hogy mik azok a cookie-k \u00e9s hogyan haszn\u00e1ljuk \u0151ket, milyen t\u00edpus\u00fa cookie-kat haszn\u00e1lunk, azaz milyen inform\u00e1ci\u00f3kat gy\u0171jt\u00fcnk a cookie-k seg\u00edts\u00e9g\u00e9vel \u00e9s hogyan haszn\u00e1ljuk fel ezeket az inform\u00e1ci\u00f3kat, valamint hogyan kezelheti a cookie-be\u00e1ll\u00edt\u00e1sokat. A s\u00fctik olyan kis sz\u00f6veges f\u00e1jlok, amelyek kis inform\u00e1ci\u00f3k t\u00e1rol\u00e1s\u00e1ra szolg\u00e1lnak. Ezek az \u00d6n eszk\u00f6z\u00e9n [&hellip;]\" \/>\n<meta property=\"og:url\" content=\"https:\/\/www.checkedholidays.com\/hu\/cookie-policy\/\" \/>\n<meta property=\"og:site_name\" content=\"CheckedHolidays\" \/>\n<meta property=\"article:publisher\" content=\"http:\/\/www.facebook.com\/checkedholidays\" \/>\n<meta property=\"article:modified_time\" content=\"2025-03-17T10:00:15+00:00\" \/>\n<meta name=\"twitter:card\" content=\"summary_large_image\" \/>\n<meta name=\"twitter:site\" content=\"@checkedholidays\" \/>\n<meta name=\"twitter:label1\" content=\"Becs\u00fclt olvas\u00e1si id\u0151\" \/>\n\t<meta name=\"twitter:data1\" content=\"2 perc\" \/>\n<script type=\"application\/ld+json\" class=\"yoast-schema-graph\">{\"@context\":\"https:\\\/\\\/schema.org\",\"@graph\":[{\"@type\":\"WebPage\",\"@id\":\"https:\\\/\\\/www.checkedholidays.com\\\/hu\\\/cookie-policy\\\/\",\"url\":\"https:\\\/\\\/www.checkedholidays.com\\\/hu\\\/cookie-policy\\\/\",\"name\":\"Cookie-szab\u00e1lyzat\",\"isPartOf\":{\"@id\":\"https:\\\/\\\/www.checkedholidays.com\\\/hu\\\/#website\"},\"datePublished\":\"2023-05-07T12:48:12+00:00\",\"dateModified\":\"2025-03-17T10:00:15+00:00\",\"breadcrumb\":{\"@id\":\"https:\\\/\\\/www.checkedholidays.com\\\/hu\\\/cookie-policy\\\/#breadcrumb\"},\"inLanguage\":\"hu\",\"potentialAction\":[{\"@type\":\"ReadAction\",\"target\":[\"https:\\\/\\\/www.checkedholidays.com\\\/hu\\\/cookie-policy\\\/\"]}]},{\"@type\":\"BreadcrumbList\",\"@id\":\"https:\\\/\\\/www.checkedholidays.com\\\/hu\\\/cookie-policy\\\/#breadcrumb\",\"itemListElement\":[{\"@type\":\"ListItem\",\"position\":1,\"name\":\"Home\",\"item\":\"https:\\\/\\\/www.checkedholidays.com\\\/hu\\\/\"},{\"@type\":\"ListItem\",\"position\":2,\"name\":\"Cookie szab\u00e1lyzat\"}]},{\"@type\":\"WebSite\",\"@id\":\"https:\\\/\\\/www.checkedholidays.com\\\/hu\\\/#website\",\"url\":\"https:\\\/\\\/www.checkedholidays.com\\\/hu\\\/\",\"name\":\"CheckedHolidays\",\"description\":\"Spanish island holidays... but better!\",\"potentialAction\":[{\"@type\":\"SearchAction\",\"target\":{\"@type\":\"EntryPoint\",\"urlTemplate\":\"https:\\\/\\\/www.checkedholidays.com\\\/hu\\\/?s={search_term_string}\"},\"query-input\":{\"@type\":\"PropertyValueSpecification\",\"valueRequired\":true,\"valueName\":\"search_term_string\"}}],\"inLanguage\":\"hu\"}]}<\/script>\n<!-- \/ Yoast SEO plugin. -->","yoast_head_json":{"title":"Cookie-szab\u00e1lyzat","robots":{"index":"index","follow":"follow","max-snippet":"max-snippet:-1","max-image-preview":"max-image-preview:large","max-video-preview":"max-video-preview:-1"},"canonical":"https:\/\/www.checkedholidays.com\/hu\/cookie-policy\/","og_locale":"hu_HU","og_type":"article","og_title":"Cookie-szab\u00e1lyzat","og_description":"Mik azok a s\u00fctik? Ez a Cookie-szab\u00e1lyzat elmagyar\u00e1zza, hogy mik azok a cookie-k \u00e9s hogyan haszn\u00e1ljuk \u0151ket, milyen t\u00edpus\u00fa cookie-kat haszn\u00e1lunk, azaz milyen inform\u00e1ci\u00f3kat gy\u0171jt\u00fcnk a cookie-k seg\u00edts\u00e9g\u00e9vel \u00e9s hogyan haszn\u00e1ljuk fel ezeket az inform\u00e1ci\u00f3kat, valamint hogyan kezelheti a cookie-be\u00e1ll\u00edt\u00e1sokat. A s\u00fctik olyan kis sz\u00f6veges f\u00e1jlok, amelyek kis inform\u00e1ci\u00f3k t\u00e1rol\u00e1s\u00e1ra szolg\u00e1lnak. Ezek az \u00d6n eszk\u00f6z\u00e9n [&hellip;]","og_url":"https:\/\/www.checkedholidays.com\/hu\/cookie-policy\/","og_site_name":"CheckedHolidays","article_publisher":"http:\/\/www.facebook.com\/checkedholidays","article_modified_time":"2025-03-17T10:00:15+00:00","twitter_card":"summary_large_image","twitter_site":"@checkedholidays","twitter_misc":{"Becs\u00fclt olvas\u00e1si id\u0151":"2 perc"},"schema":{"@context":"https:\/\/schema.org","@graph":[{"@type":"WebPage","@id":"https:\/\/www.checkedholidays.com\/hu\/cookie-policy\/","url":"https:\/\/www.checkedholidays.com\/hu\/cookie-policy\/","name":"Cookie-szab\u00e1lyzat","isPartOf":{"@id":"https:\/\/www.checkedholidays.com\/hu\/#website"},"datePublished":"2023-05-07T12:48:12+00:00","dateModified":"2025-03-17T10:00:15+00:00","breadcrumb":{"@id":"https:\/\/www.checkedholidays.com\/hu\/cookie-policy\/#breadcrumb"},"inLanguage":"hu","potentialAction":[{"@type":"ReadAction","target":["https:\/\/www.checkedholidays.com\/hu\/cookie-policy\/"]}]},{"@type":"BreadcrumbList","@id":"https:\/\/www.checkedholidays.com\/hu\/cookie-policy\/#breadcrumb","itemListElement":[{"@type":"ListItem","position":1,"name":"Home","item":"https:\/\/www.checkedholidays.com\/hu\/"},{"@type":"ListItem","position":2,"name":"Cookie szab\u00e1lyzat"}]},{"@type":"WebSite","@id":"https:\/\/www.checkedholidays.com\/hu\/#website","url":"https:\/\/www.checkedholidays.com\/hu\/","name":"CheckedHolidays","description":"Spanish island holidays... but better!","potentialAction":[{"@type":"SearchAction","target":{"@type":"EntryPoint","urlTemplate":"https:\/\/www.checkedholidays.com\/hu\/?s={search_term_string}"},"query-input":{"@type":"PropertyValueSpecification","valueRequired":true,"valueName":"search_term_string"}}],"inLanguage":"hu"}]}},"jetpack_sharing_enabled":true,"_links":{"self":[{"href":"https:\/\/www.checkedholidays.com\/hu\/wp-json\/wp\/v2\/pages\/42234","targetHints":{"allow":["GET"]}}],"collection":[{"href":"https:\/\/www.checkedholidays.com\/hu\/wp-json\/wp\/v2\/pages"}],"about":[{"href":"https:\/\/www.checkedholidays.com\/hu\/wp-json\/wp\/v2\/types\/page"}],"author":[{"embeddable":true,"href":"https:\/\/www.checkedholidays.com\/hu\/wp-json\/wp\/v2\/users\/1"}],"replies":[{"embeddable":true,"href":"https:\/\/www.checkedholidays.com\/hu\/wp-json\/wp\/v2\/comments?post=42234"}],"version-history":[{"count":2,"href":"https:\/\/www.checkedholidays.com\/hu\/wp-json\/wp\/v2\/pages\/42234\/revisions"}],"predecessor-version":[{"id":103242,"href":"https:\/\/www.checkedholidays.com\/hu\/wp-json\/wp\/v2\/pages\/42234\/revisions\/103242"}],"wp:attachment":[{"href":"https:\/\/www.checkedholidays.com\/hu\/wp-json\/wp\/v2\/media?parent=42234"}],"curies":[{"name":"wp","href":"https:\/\/api.w.org\/{rel}","templated":true}]}}