{"id":42230,"date":"2023-05-07T12:47:40","date_gmt":"2023-05-07T12:47:40","guid":{"rendered":"https:\/\/www.checkedholidays.com\/about-checkedholidays\/"},"modified":"2023-12-02T12:34:19","modified_gmt":"2023-12-02T12:34:19","slug":"about-checkedholidays","status":"publish","type":"page","link":"https:\/\/www.checkedholidays.com\/hu\/about-checkedholidays\/","title":{"rendered":"A CheckedHolidays-r\u0151l"},"content":{"rendered":"\n<p class=\"wp-block-paragraph\">A CheckedHolidays 2012-ben alakult, miut\u00e1n az interneten sok t\u00e9ves inform\u00e1ci\u00f3t tal\u00e1ltunk a spanyol szigeteki nyaral\u00e1sokr\u00f3l. Ez a t\u00e9ves inform\u00e1ci\u00f3 negat\u00edvan befoly\u00e1solta az emberek nyaral\u00e1s\u00e1t, ez\u00e9rt k\u00e9sz\u00edtett\u00fcnk egy YouTube-vide\u00f3t, hogy helyreigaz\u00edtsuk ezt a t\u00e9ves inform\u00e1ci\u00f3t. Miut\u00e1n az Express felvette \u00e9s bemutatta, t\u00f6bb mint 100 000 n\u00e9z\u0151t \u00e9rt el. Onnan kaptunk ihletet, hogy t\u00f6bbet tegy\u00fcnk!<\/p>\n\n<p class=\"has-text-align-center has-large-font-size wp-block-paragraph\"><strong>Kapcsolat<\/strong><\/p>\n\n<p class=\"has-text-align-center has-large-font-size wp-block-paragraph\"><strong>info(at)CheckedHolidays.com<\/strong><\/p>\n\n<h2 class=\"wp-block-heading\">Honlap<\/h2>\n\n<p class=\"wp-block-paragraph\">2019 volt a weboldal els\u0151 teljes \u00e9ve, \u00e9s havonta mintegy 1 000 olvas\u00f3t \u00e9rt el. Most, 2022-ben, havonta t\u00f6bb mint 30 000 egyedi angol nyelv\u0171 olvas\u00f3 van.  <\/p>\n\n<p class=\"wp-block-paragraph\">2022 augusztusa \u00f3ta a weboldal az \u00f6sszes f\u0151bb eur\u00f3pai nyelven el\u00e9rhet\u0151, \u00edgy az olvas\u00f3k sz\u00e1ma m\u00e9g gyorsabban n\u00f6vekszik.<\/p>\n\n<p class=\"wp-block-paragraph\">A weboldal c\u00e9lja 2023-ban az, hogy t\u00f6bb mint <strong>\n  <span style=\"text-decoration: underline;\">F\u00c9LMILLI\u00d3NAK<\/span>\n<\/strong> embereknek jobb nyaral\u00e1st biztos\u00edtani!<\/p>\n\n<figure class=\"wp-block-image size-large\"><img data-recalc-dims=\"1\" loading=\"lazy\" decoding=\"async\" width=\"1024\" height=\"233\" src=\"https:\/\/i0.wp.com\/www.checkedholidays.com\/wp-content\/uploads\/2023\/01\/Screenshot-2023-01-28-at-20.09.55.png?resize=1024%2C233&#038;ssl=1\" alt=\"\" class=\"wp-image-37413\" srcset=\"https:\/\/i0.wp.com\/www.checkedholidays.com\/wp-content\/uploads\/2023\/01\/Screenshot-2023-01-28-at-20.09.55.png?resize=1024%2C233&amp;ssl=1 1024w, https:\/\/i0.wp.com\/www.checkedholidays.com\/wp-content\/uploads\/2023\/01\/Screenshot-2023-01-28-at-20.09.55.png?resize=300%2C68&amp;ssl=1 300w, https:\/\/i0.wp.com\/www.checkedholidays.com\/wp-content\/uploads\/2023\/01\/Screenshot-2023-01-28-at-20.09.55.png?resize=768%2C175&amp;ssl=1 768w, https:\/\/i0.wp.com\/www.checkedholidays.com\/wp-content\/uploads\/2023\/01\/Screenshot-2023-01-28-at-20.09.55.png?resize=1536%2C350&amp;ssl=1 1536w, https:\/\/i0.wp.com\/www.checkedholidays.com\/wp-content\/uploads\/2023\/01\/Screenshot-2023-01-28-at-20.09.55.png?resize=1920%2C437&amp;ssl=1 1920w, https:\/\/i0.wp.com\/www.checkedholidays.com\/wp-content\/uploads\/2023\/01\/Screenshot-2023-01-28-at-20.09.55.png?resize=600%2C137&amp;ssl=1 600w, https:\/\/i0.wp.com\/www.checkedholidays.com\/wp-content\/uploads\/2023\/01\/Screenshot-2023-01-28-at-20.09.55.png?resize=800%2C182&amp;ssl=1 800w, https:\/\/i0.wp.com\/www.checkedholidays.com\/wp-content\/uploads\/2023\/01\/Screenshot-2023-01-28-at-20.09.55.png?w=1968&amp;ssl=1 1968w\" sizes=\"auto, (max-width: 1024px) 100vw, 1024px\" \/><\/figure>\n\n<h2 class=\"wp-block-heading\">YouTube<\/h2>\n\n<p class=\"wp-block-paragraph\">A <a href=\"http:\/\/youtube.com\/checkedholidays\">YouTube-csatorna<\/a> 2012-ben indult, de csak 2015-ben lett t\u00f6bb vide\u00f3ja, 2018-ban pedig m\u00e9g t\u00f6bb. Miut\u00e1n 2020-ban az utaz\u00e1si korl\u00e1toz\u00e1sok miatt nagym\u00e9rt\u00e9kben visszaesett a n\u00e9zetts\u00e9g, jelenleg havonta t\u00f6bb mint 125 000 n\u00e9z\u0151t \u00e9r el, \u00e9s egyre n\u00f6vekszik.<\/p>\n\n<figure class=\"wp-block-image size-large\"><img data-recalc-dims=\"1\" loading=\"lazy\" decoding=\"async\" width=\"1024\" height=\"230\" src=\"https:\/\/i0.wp.com\/www.checkedholidays.com\/wp-content\/uploads\/2023\/01\/Screenshot-2023-01-28-at-20.14.02.png?resize=1024%2C230&#038;ssl=1\" alt=\"\" class=\"wp-image-37429\" srcset=\"https:\/\/i0.wp.com\/www.checkedholidays.com\/wp-content\/uploads\/2023\/01\/Screenshot-2023-01-28-at-20.14.02.png?resize=1024%2C230&amp;ssl=1 1024w, https:\/\/i0.wp.com\/www.checkedholidays.com\/wp-content\/uploads\/2023\/01\/Screenshot-2023-01-28-at-20.14.02.png?resize=300%2C67&amp;ssl=1 300w, https:\/\/i0.wp.com\/www.checkedholidays.com\/wp-content\/uploads\/2023\/01\/Screenshot-2023-01-28-at-20.14.02.png?resize=768%2C172&amp;ssl=1 768w, https:\/\/i0.wp.com\/www.checkedholidays.com\/wp-content\/uploads\/2023\/01\/Screenshot-2023-01-28-at-20.14.02.png?resize=1536%2C345&amp;ssl=1 1536w, https:\/\/i0.wp.com\/www.checkedholidays.com\/wp-content\/uploads\/2023\/01\/Screenshot-2023-01-28-at-20.14.02.png?resize=2048%2C460&amp;ssl=1 2048w, https:\/\/i0.wp.com\/www.checkedholidays.com\/wp-content\/uploads\/2023\/01\/Screenshot-2023-01-28-at-20.14.02.png?resize=1920%2C431&amp;ssl=1 1920w, https:\/\/i0.wp.com\/www.checkedholidays.com\/wp-content\/uploads\/2023\/01\/Screenshot-2023-01-28-at-20.14.02.png?resize=600%2C135&amp;ssl=1 600w, https:\/\/i0.wp.com\/www.checkedholidays.com\/wp-content\/uploads\/2023\/01\/Screenshot-2023-01-28-at-20.14.02.png?resize=800%2C180&amp;ssl=1 800w, https:\/\/i0.wp.com\/www.checkedholidays.com\/wp-content\/uploads\/2023\/01\/Screenshot-2023-01-28-at-20.14.02.png?w=2388&amp;ssl=1 2388w\" sizes=\"auto, (max-width: 1024px) 100vw, 1024px\" \/><\/figure>\n\n<h2 class=\"wp-block-heading\">Egy\u00fcttm\u0171k\u00f6d\u00e9sek \u00e9s rekl\u00e1m<\/h2>\n\n<p class=\"wp-block-paragraph\">A CheckedHolidays.com-on a nyaral\u00e1si c\u00e9lpontok rossz \u00e9s j\u00f3 tulajdons\u00e1gair\u00f3l besz\u00e9l\u00fcnk, hogy a legjobb nyaral\u00e1si tan\u00e1csokat adjuk. Ez az egyik oka annak, hogy oldalunk<strong> egyre n\u00f6vekv\u0151 olvas\u00f3k\u00f6z\u00f6ns\u00e9ge megb\u00edzik \u00e9s szereti<\/strong>. Annak \u00e9rdek\u00e9ben, hogy tov\u00e1bbra is magas sz\u00ednvonal\u00fa \u00e9s f\u00fcggetlen \u00fcd\u00fcl\u00e9si tan\u00e1csad\u00e1st ny\u00fajtsunk, nem v\u00e9gz\u00fcnk fizetett prom\u00f3ci\u00f3kat olyan term\u00e9kek vagy szolg\u00e1ltat\u00e1sok sz\u00e1m\u00e1ra, amelyekben nem hisz\u00fcnk. Ha azonban \u00fagy gondolja, hogy nem vett\u00fck figyelembe az \u00d6n sz\u00e1llod\u00e1j\u00e1t, \u00fcd\u00fcl\u0151hely\u00e9t, l\u00e1tnival\u00f3j\u00e1t, kir\u00e1ndul\u00e1s\u00e1t vagy szolg\u00e1ltat\u00e1s\u00e1t, \u00e9s szeretn\u00e9, ha ingyenesen felvenn\u00e9nk a weboldalra. K\u00e9rj\u00fck, vegye fel vel\u00fcnk a kapcsolatot, \u00e9s egy szem\u00e9lyes megtekint\u00e9s ut\u00e1n esetleg felvehetj\u00fck \u00d6nt is.<\/p>\n\n<p class=\"has-text-align-center has-large-font-size wp-block-paragraph\"><strong>Kapcsolat<\/strong><\/p>\n\n<p class=\"has-text-align-center has-large-font-size wp-block-paragraph\"><strong>info(at)CheckedHolidays.com<\/strong><\/p>\n","protected":false},"excerpt":{"rendered":"<p>A CheckedHolidays 2012-ben alakult, miut\u00e1n az interneten sok t\u00e9ves inform\u00e1ci\u00f3t tal\u00e1ltunk a spanyol szigeteki nyaral\u00e1sokr\u00f3l. Ez a t\u00e9ves inform\u00e1ci\u00f3 negat\u00edvan befoly\u00e1solta az emberek nyaral\u00e1s\u00e1t, ez\u00e9rt k\u00e9sz\u00edtett\u00fcnk egy YouTube-vide\u00f3t, hogy helyreigaz\u00edtsuk ezt a t\u00e9ves inform\u00e1ci\u00f3t. Miut\u00e1n az Express felvette \u00e9s bemutatta, t\u00f6bb mint 100 000 n\u00e9z\u0151t \u00e9rt el. Onnan kaptunk ihletet, hogy t\u00f6bbet tegy\u00fcnk! Kapcsolat info(at)CheckedHolidays.com [&hellip;]<\/p>\n","protected":false},"author":1,"featured_media":29749,"parent":0,"menu_order":0,"comment_status":"closed","ping_status":"closed","template":"","meta":{"_crdt_document":"","footnotes":""},"class_list":["post-42230","page","type-page","status-publish","has-post-thumbnail","hentry"],"yoast_head":"<!-- This site is optimized with the Yoast SEO plugin v27.2 - https:\/\/yoast.com\/product\/yoast-seo-wordpress\/ -->\n<title>A CheckedHolidays-r\u0151l<\/title>\n<meta name=\"robots\" content=\"index, follow, max-snippet:-1, max-image-preview:large, max-video-preview:-1\" \/>\n<link rel=\"canonical\" href=\"https:\/\/www.checkedholidays.com\/hu\/about-checkedholidays\/\" \/>\n<meta property=\"og:locale\" content=\"hu_HU\" \/>\n<meta property=\"og:type\" content=\"article\" \/>\n<meta property=\"og:title\" content=\"A CheckedHolidays-r\u0151l\" \/>\n<meta property=\"og:description\" content=\"A CheckedHolidays 2012-ben alakult, miut\u00e1n az interneten sok t\u00e9ves inform\u00e1ci\u00f3t tal\u00e1ltunk a spanyol szigeteki nyaral\u00e1sokr\u00f3l. Ez a t\u00e9ves inform\u00e1ci\u00f3 negat\u00edvan befoly\u00e1solta az emberek nyaral\u00e1s\u00e1t, ez\u00e9rt k\u00e9sz\u00edtett\u00fcnk egy YouTube-vide\u00f3t, hogy helyreigaz\u00edtsuk ezt a t\u00e9ves inform\u00e1ci\u00f3t. Miut\u00e1n az Express felvette \u00e9s bemutatta, t\u00f6bb mint 100 000 n\u00e9z\u0151t \u00e9rt el. Onnan kaptunk ihletet, hogy t\u00f6bbet tegy\u00fcnk! Kapcsolat info(at)CheckedHolidays.com [&hellip;]\" \/>\n<meta property=\"og:url\" content=\"https:\/\/www.checkedholidays.com\/hu\/about-checkedholidays\/\" \/>\n<meta property=\"og:site_name\" content=\"CheckedHolidays\" \/>\n<meta property=\"article:publisher\" content=\"http:\/\/www.facebook.com\/checkedholidays\" \/>\n<meta property=\"article:modified_time\" content=\"2023-12-02T12:34:19+00:00\" \/>\n<meta property=\"og:image\" content=\"https:\/\/i0.wp.com\/www.checkedholidays.com\/wp-content\/uploads\/2022\/06\/Website-growth.png?fit=1874%2C452&ssl=1\" \/>\n\t<meta property=\"og:image:width\" content=\"1874\" \/>\n\t<meta property=\"og:image:height\" content=\"452\" \/>\n\t<meta property=\"og:image:type\" content=\"image\/png\" \/>\n<meta name=\"twitter:card\" content=\"summary_large_image\" \/>\n<meta name=\"twitter:site\" content=\"@checkedholidays\" \/>\n<meta name=\"twitter:label1\" content=\"Becs\u00fclt olvas\u00e1si id\u0151\" \/>\n\t<meta name=\"twitter:data1\" content=\"2 perc\" \/>\n<script type=\"application\/ld+json\" class=\"yoast-schema-graph\">{\"@context\":\"https:\/\/schema.org\",\"@graph\":[{\"@type\":\"WebPage\",\"@id\":\"https:\/\/www.checkedholidays.com\/hu\/about-checkedholidays\/\",\"url\":\"https:\/\/www.checkedholidays.com\/hu\/about-checkedholidays\/\",\"name\":\"A CheckedHolidays-r\u0151l\",\"isPartOf\":{\"@id\":\"https:\/\/www.checkedholidays.com\/hu\/#website\"},\"primaryImageOfPage\":{\"@id\":\"https:\/\/www.checkedholidays.com\/hu\/about-checkedholidays\/#primaryimage\"},\"image\":{\"@id\":\"https:\/\/www.checkedholidays.com\/hu\/about-checkedholidays\/#primaryimage\"},\"thumbnailUrl\":\"https:\/\/i0.wp.com\/www.checkedholidays.com\/wp-content\/uploads\/2022\/06\/Website-growth.png?fit=1874%2C452&ssl=1\",\"datePublished\":\"2023-05-07T12:47:40+00:00\",\"dateModified\":\"2023-12-02T12:34:19+00:00\",\"breadcrumb\":{\"@id\":\"https:\/\/www.checkedholidays.com\/hu\/about-checkedholidays\/#breadcrumb\"},\"inLanguage\":\"hu\",\"potentialAction\":[{\"@type\":\"ReadAction\",\"target\":[\"https:\/\/www.checkedholidays.com\/hu\/about-checkedholidays\/\"]}]},{\"@type\":\"ImageObject\",\"inLanguage\":\"hu\",\"@id\":\"https:\/\/www.checkedholidays.com\/hu\/about-checkedholidays\/#primaryimage\",\"url\":\"https:\/\/i0.wp.com\/www.checkedholidays.com\/wp-content\/uploads\/2022\/06\/Website-growth.png?fit=1874%2C452&ssl=1\",\"contentUrl\":\"https:\/\/i0.wp.com\/www.checkedholidays.com\/wp-content\/uploads\/2022\/06\/Website-growth.png?fit=1874%2C452&ssl=1\",\"width\":1874,\"height\":452},{\"@type\":\"BreadcrumbList\",\"@id\":\"https:\/\/www.checkedholidays.com\/hu\/about-checkedholidays\/#breadcrumb\",\"itemListElement\":[{\"@type\":\"ListItem\",\"position\":1,\"name\":\"Home\",\"item\":\"https:\/\/www.checkedholidays.com\/hu\/\"},{\"@type\":\"ListItem\",\"position\":2,\"name\":\"A CheckedHolidays-r\u0151l\"}]},{\"@type\":\"WebSite\",\"@id\":\"https:\/\/www.checkedholidays.com\/hu\/#website\",\"url\":\"https:\/\/www.checkedholidays.com\/hu\/\",\"name\":\"CheckedHolidays\",\"description\":\"Spanish island holidays... but better!\",\"potentialAction\":[{\"@type\":\"SearchAction\",\"target\":{\"@type\":\"EntryPoint\",\"urlTemplate\":\"https:\/\/www.checkedholidays.com\/hu\/?s={search_term_string}\"},\"query-input\":{\"@type\":\"PropertyValueSpecification\",\"valueRequired\":true,\"valueName\":\"search_term_string\"}}],\"inLanguage\":\"hu\"}]}<\/script>\n<!-- \/ Yoast SEO plugin. -->","yoast_head_json":{"title":"A CheckedHolidays-r\u0151l","robots":{"index":"index","follow":"follow","max-snippet":"max-snippet:-1","max-image-preview":"max-image-preview:large","max-video-preview":"max-video-preview:-1"},"canonical":"https:\/\/www.checkedholidays.com\/hu\/about-checkedholidays\/","og_locale":"hu_HU","og_type":"article","og_title":"A CheckedHolidays-r\u0151l","og_description":"A CheckedHolidays 2012-ben alakult, miut\u00e1n az interneten sok t\u00e9ves inform\u00e1ci\u00f3t tal\u00e1ltunk a spanyol szigeteki nyaral\u00e1sokr\u00f3l. Ez a t\u00e9ves inform\u00e1ci\u00f3 negat\u00edvan befoly\u00e1solta az emberek nyaral\u00e1s\u00e1t, ez\u00e9rt k\u00e9sz\u00edtett\u00fcnk egy YouTube-vide\u00f3t, hogy helyreigaz\u00edtsuk ezt a t\u00e9ves inform\u00e1ci\u00f3t. Miut\u00e1n az Express felvette \u00e9s bemutatta, t\u00f6bb mint 100 000 n\u00e9z\u0151t \u00e9rt el. Onnan kaptunk ihletet, hogy t\u00f6bbet tegy\u00fcnk! Kapcsolat info(at)CheckedHolidays.com [&hellip;]","og_url":"https:\/\/www.checkedholidays.com\/hu\/about-checkedholidays\/","og_site_name":"CheckedHolidays","article_publisher":"http:\/\/www.facebook.com\/checkedholidays","article_modified_time":"2023-12-02T12:34:19+00:00","og_image":[{"width":1874,"height":452,"url":"https:\/\/i0.wp.com\/www.checkedholidays.com\/wp-content\/uploads\/2022\/06\/Website-growth.png?fit=1874%2C452&ssl=1","type":"image\/png"}],"twitter_card":"summary_large_image","twitter_site":"@checkedholidays","twitter_misc":{"Becs\u00fclt olvas\u00e1si id\u0151":"2 perc"},"schema":{"@context":"https:\/\/schema.org","@graph":[{"@type":"WebPage","@id":"https:\/\/www.checkedholidays.com\/hu\/about-checkedholidays\/","url":"https:\/\/www.checkedholidays.com\/hu\/about-checkedholidays\/","name":"A CheckedHolidays-r\u0151l","isPartOf":{"@id":"https:\/\/www.checkedholidays.com\/hu\/#website"},"primaryImageOfPage":{"@id":"https:\/\/www.checkedholidays.com\/hu\/about-checkedholidays\/#primaryimage"},"image":{"@id":"https:\/\/www.checkedholidays.com\/hu\/about-checkedholidays\/#primaryimage"},"thumbnailUrl":"https:\/\/i0.wp.com\/www.checkedholidays.com\/wp-content\/uploads\/2022\/06\/Website-growth.png?fit=1874%2C452&ssl=1","datePublished":"2023-05-07T12:47:40+00:00","dateModified":"2023-12-02T12:34:19+00:00","breadcrumb":{"@id":"https:\/\/www.checkedholidays.com\/hu\/about-checkedholidays\/#breadcrumb"},"inLanguage":"hu","potentialAction":[{"@type":"ReadAction","target":["https:\/\/www.checkedholidays.com\/hu\/about-checkedholidays\/"]}]},{"@type":"ImageObject","inLanguage":"hu","@id":"https:\/\/www.checkedholidays.com\/hu\/about-checkedholidays\/#primaryimage","url":"https:\/\/i0.wp.com\/www.checkedholidays.com\/wp-content\/uploads\/2022\/06\/Website-growth.png?fit=1874%2C452&ssl=1","contentUrl":"https:\/\/i0.wp.com\/www.checkedholidays.com\/wp-content\/uploads\/2022\/06\/Website-growth.png?fit=1874%2C452&ssl=1","width":1874,"height":452},{"@type":"BreadcrumbList","@id":"https:\/\/www.checkedholidays.com\/hu\/about-checkedholidays\/#breadcrumb","itemListElement":[{"@type":"ListItem","position":1,"name":"Home","item":"https:\/\/www.checkedholidays.com\/hu\/"},{"@type":"ListItem","position":2,"name":"A CheckedHolidays-r\u0151l"}]},{"@type":"WebSite","@id":"https:\/\/www.checkedholidays.com\/hu\/#website","url":"https:\/\/www.checkedholidays.com\/hu\/","name":"CheckedHolidays","description":"Spanish island holidays... but better!","potentialAction":[{"@type":"SearchAction","target":{"@type":"EntryPoint","urlTemplate":"https:\/\/www.checkedholidays.com\/hu\/?s={search_term_string}"},"query-input":{"@type":"PropertyValueSpecification","valueRequired":true,"valueName":"search_term_string"}}],"inLanguage":"hu"}]}},"jetpack_sharing_enabled":true,"_links":{"self":[{"href":"https:\/\/www.checkedholidays.com\/hu\/wp-json\/wp\/v2\/pages\/42230","targetHints":{"allow":["GET"]}}],"collection":[{"href":"https:\/\/www.checkedholidays.com\/hu\/wp-json\/wp\/v2\/pages"}],"about":[{"href":"https:\/\/www.checkedholidays.com\/hu\/wp-json\/wp\/v2\/types\/page"}],"author":[{"embeddable":true,"href":"https:\/\/www.checkedholidays.com\/hu\/wp-json\/wp\/v2\/users\/1"}],"replies":[{"embeddable":true,"href":"https:\/\/www.checkedholidays.com\/hu\/wp-json\/wp\/v2\/comments?post=42230"}],"version-history":[{"count":5,"href":"https:\/\/www.checkedholidays.com\/hu\/wp-json\/wp\/v2\/pages\/42230\/revisions"}],"predecessor-version":[{"id":78410,"href":"https:\/\/www.checkedholidays.com\/hu\/wp-json\/wp\/v2\/pages\/42230\/revisions\/78410"}],"wp:featuredmedia":[{"embeddable":true,"href":"https:\/\/www.checkedholidays.com\/hu\/wp-json\/wp\/v2\/media\/29749"}],"wp:attachment":[{"href":"https:\/\/www.checkedholidays.com\/hu\/wp-json\/wp\/v2\/media?parent=42230"}],"curies":[{"name":"wp","href":"https:\/\/api.w.org\/{rel}","templated":true}]}}