{"id":24568,"date":"2022-09-05T14:27:46","date_gmt":"2022-09-05T14:27:46","guid":{"rendered":"https:\/\/www.checkedholidays.com\/home\/"},"modified":"2026-02-23T13:09:40","modified_gmt":"2026-02-23T13:09:40","slug":"home","status":"publish","type":"page","link":"https:\/\/www.checkedholidays.com\/fr\/","title":{"rendered":"Page d&#8217;accueil"},"content":{"rendered":"\n<h2 class=\"wp-block-heading has-text-align-center\"><strong>Trouve tes vacances id\u00e9ales sur les \u00eeles espagnoles.<\/strong><\/h2>\n\n<p class=\"wp-block-paragraph\">Superbe tout au long de l&#8217;ann\u00e9e<\/p>\n\n<ul class=\"wp-block-list\">\n<li><strong><u><a href=\"https:\/\/www.checkedholidays.com\/fr\/tag\/tenerife-fr\/\" type=\"category\" id=\"59\">Tenerife<\/a><\/u><\/strong> &#8211; Le meilleur pour les familles qui recherchent la vari\u00e9t\u00e9, les attractions et la commodit\u00e9.<\/li>\n\n\n\n<li><strong><u><a href=\"https:\/\/www.checkedholidays.com\/fr\/tag\/gran-canaria-fr\/\" type=\"category\" id=\"60\">Gran Canaria<\/a><\/u><\/strong> &#8211; Le meilleur pour les couples et les adultes qui veulent une vie nocturne, des restaurants et du shopping.<\/li>\n\n\n\n<li><strong><u><a href=\"https:\/\/www.checkedholidays.com\/fr\/tag\/lanzarote-fr\/\" type=\"category\" id=\"61\">Lanzarote<\/a><\/u><\/strong> &#8211; Le meilleur pour les vacances tout compris et les vacances de d\u00e9tente faciles.<\/li>\n\n\n\n<li><strong><u><a href=\"https:\/\/www.checkedholidays.com\/fr\/guide\/fuerteventura-fr\/\" type=\"category\" id=\"309\">Fuerteventura<\/a><\/u><\/strong> &#8211; Le meilleur pour les vacances \u00e0 la plage avec beaucoup d&#8217;espace.<\/li>\n<\/ul>\n\n<p class=\"wp-block-paragraph\">Meilleur de mai \u00e0 octobre<\/p>\n\n<ul class=\"wp-block-list\">\n<li><strong><u><a href=\"https:\/\/www.checkedholidays.com\/fr\/guide\/majorque-fr\/\" type=\"category\" id=\"57\">Majorque<\/a><\/u><\/strong> &#8211; Le mieux pour les familles et les amateurs de vari\u00e9t\u00e9 qui veulent des plages, des excursions et beaucoup de choix.<\/li>\n\n\n\n<li><strong><u><a href=\"https:\/\/www.checkedholidays.com\/fr\/tag\/minorque\/\" type=\"category\" id=\"91\">Minorque<\/a><\/u><\/strong> &#8211; Le meilleur pour des vacances plus calmes, d\u00e9tendues et familiales au charme authentique.  <\/li>\n\n\n\n<li><strong><u><a href=\"https:\/\/www.checkedholidays.com\/fr\/guide\/ibiza-fr\/\" type=\"category\" id=\"633\">Ibiza<\/a><\/u><\/strong> &#8211; Le meilleur pour les adultes, les couples, la vie nocturne, les clubs de plage et les destinations de vacances \u00e9l\u00e9gantes.<\/li>\n<\/ul>\n","protected":false},"excerpt":{"rendered":"<p>Trouve tes vacances id\u00e9ales sur les \u00eeles espagnoles. Superbe tout au long de l&#8217;ann\u00e9e Meilleur de mai \u00e0 octobre<\/p>\n","protected":false},"author":1,"featured_media":0,"parent":0,"menu_order":0,"comment_status":"closed","ping_status":"closed","template":"","meta":{"_crdt_document":"","footnotes":""},"class_list":["post-24568","page","type-page","status-publish","hentry"],"yoast_head":"<!-- This site is optimized with the Yoast SEO plugin v27.5 - https:\/\/yoast.com\/product\/yoast-seo-wordpress\/ -->\n<title>Trouve tes vacances id\u00e9ales sur les \u00eeles espagnoles.<\/title>\n<meta name=\"description\" content=\"D\u00e9couvre tes vacances id\u00e9ales sur les \u00eeles espagnoles, guid\u00e9es par un expert ayant plus de 20 ans d&#039;exp\u00e9rience.\" \/>\n<meta name=\"robots\" content=\"index, follow, max-snippet:-1, max-image-preview:large, max-video-preview:-1\" \/>\n<link rel=\"canonical\" href=\"https:\/\/www.checkedholidays.com\/fr\/\" \/>\n<meta property=\"og:locale\" content=\"fr_FR\" \/>\n<meta property=\"og:type\" content=\"article\" \/>\n<meta property=\"og:title\" content=\"Trouve tes vacances id\u00e9ales sur les \u00eeles espagnoles.\" \/>\n<meta property=\"og:description\" content=\"D\u00e9couvre tes vacances id\u00e9ales sur les \u00eeles espagnoles, guid\u00e9es par un expert ayant plus de 20 ans d&#039;exp\u00e9rience.\" \/>\n<meta property=\"og:url\" content=\"https:\/\/www.checkedholidays.com\/fr\/\" \/>\n<meta property=\"og:site_name\" content=\"CheckedHolidays\" \/>\n<meta property=\"article:publisher\" content=\"http:\/\/www.facebook.com\/checkedholidays\" \/>\n<meta property=\"article:modified_time\" content=\"2026-02-23T13:09:40+00:00\" \/>\n<meta name=\"twitter:card\" content=\"summary_large_image\" \/>\n<meta name=\"twitter:site\" content=\"@checkedholidays\" \/>\n<meta name=\"twitter:label1\" content=\"Dur\u00e9e de lecture estim\u00e9e\" \/>\n\t<meta name=\"twitter:data1\" content=\"1 minute\" \/>\n<script type=\"application\/ld+json\" class=\"yoast-schema-graph\">{\"@context\":\"https:\\\/\\\/schema.org\",\"@graph\":[{\"@type\":\"WebPage\",\"@id\":\"https:\\\/\\\/www.checkedholidays.com\\\/fr\\\/\",\"url\":\"https:\\\/\\\/www.checkedholidays.com\\\/fr\\\/\",\"name\":\"Trouve tes vacances id\u00e9ales sur les \u00eeles espagnoles.\",\"isPartOf\":{\"@id\":\"https:\\\/\\\/www.checkedholidays.com\\\/fr\\\/#website\"},\"datePublished\":\"2022-09-05T14:27:46+00:00\",\"dateModified\":\"2026-02-23T13:09:40+00:00\",\"description\":\"D\u00e9couvre tes vacances id\u00e9ales sur les \u00eeles espagnoles, guid\u00e9es par un expert ayant plus de 20 ans d'exp\u00e9rience.\",\"breadcrumb\":{\"@id\":\"https:\\\/\\\/www.checkedholidays.com\\\/fr\\\/#breadcrumb\"},\"inLanguage\":\"fr-FR\",\"potentialAction\":[{\"@type\":\"ReadAction\",\"target\":[\"https:\\\/\\\/www.checkedholidays.com\\\/fr\\\/\"]}]},{\"@type\":\"BreadcrumbList\",\"@id\":\"https:\\\/\\\/www.checkedholidays.com\\\/fr\\\/#breadcrumb\",\"itemListElement\":[{\"@type\":\"ListItem\",\"position\":1,\"name\":\"Home\",\"item\":\"https:\\\/\\\/www.checkedholidays.com\\\/fr\\\/\"},{\"@type\":\"ListItem\",\"position\":2,\"name\":\"Page d&#8217;accueil\"}]},{\"@type\":\"WebSite\",\"@id\":\"https:\\\/\\\/www.checkedholidays.com\\\/fr\\\/#website\",\"url\":\"https:\\\/\\\/www.checkedholidays.com\\\/fr\\\/\",\"name\":\"CheckedHolidays\",\"description\":\"Spanish island holidays... but better!\",\"potentialAction\":[{\"@type\":\"SearchAction\",\"target\":{\"@type\":\"EntryPoint\",\"urlTemplate\":\"https:\\\/\\\/www.checkedholidays.com\\\/fr\\\/?s={search_term_string}\"},\"query-input\":{\"@type\":\"PropertyValueSpecification\",\"valueRequired\":true,\"valueName\":\"search_term_string\"}}],\"inLanguage\":\"fr-FR\"}]}<\/script>\n<!-- \/ Yoast SEO plugin. -->","yoast_head_json":{"title":"Trouve tes vacances id\u00e9ales sur les \u00eeles espagnoles.","description":"D\u00e9couvre tes vacances id\u00e9ales sur les \u00eeles espagnoles, guid\u00e9es par un expert ayant plus de 20 ans d'exp\u00e9rience.","robots":{"index":"index","follow":"follow","max-snippet":"max-snippet:-1","max-image-preview":"max-image-preview:large","max-video-preview":"max-video-preview:-1"},"canonical":"https:\/\/www.checkedholidays.com\/fr\/","og_locale":"fr_FR","og_type":"article","og_title":"Trouve tes vacances id\u00e9ales sur les \u00eeles espagnoles.","og_description":"D\u00e9couvre tes vacances id\u00e9ales sur les \u00eeles espagnoles, guid\u00e9es par un expert ayant plus de 20 ans d'exp\u00e9rience.","og_url":"https:\/\/www.checkedholidays.com\/fr\/","og_site_name":"CheckedHolidays","article_publisher":"http:\/\/www.facebook.com\/checkedholidays","article_modified_time":"2026-02-23T13:09:40+00:00","twitter_card":"summary_large_image","twitter_site":"@checkedholidays","twitter_misc":{"Dur\u00e9e de lecture estim\u00e9e":"1 minute"},"schema":{"@context":"https:\/\/schema.org","@graph":[{"@type":"WebPage","@id":"https:\/\/www.checkedholidays.com\/fr\/","url":"https:\/\/www.checkedholidays.com\/fr\/","name":"Trouve tes vacances id\u00e9ales sur les \u00eeles espagnoles.","isPartOf":{"@id":"https:\/\/www.checkedholidays.com\/fr\/#website"},"datePublished":"2022-09-05T14:27:46+00:00","dateModified":"2026-02-23T13:09:40+00:00","description":"D\u00e9couvre tes vacances id\u00e9ales sur les \u00eeles espagnoles, guid\u00e9es par un expert ayant plus de 20 ans d'exp\u00e9rience.","breadcrumb":{"@id":"https:\/\/www.checkedholidays.com\/fr\/#breadcrumb"},"inLanguage":"fr-FR","potentialAction":[{"@type":"ReadAction","target":["https:\/\/www.checkedholidays.com\/fr\/"]}]},{"@type":"BreadcrumbList","@id":"https:\/\/www.checkedholidays.com\/fr\/#breadcrumb","itemListElement":[{"@type":"ListItem","position":1,"name":"Home","item":"https:\/\/www.checkedholidays.com\/fr\/"},{"@type":"ListItem","position":2,"name":"Page d&#8217;accueil"}]},{"@type":"WebSite","@id":"https:\/\/www.checkedholidays.com\/fr\/#website","url":"https:\/\/www.checkedholidays.com\/fr\/","name":"CheckedHolidays","description":"Spanish island holidays... but better!","potentialAction":[{"@type":"SearchAction","target":{"@type":"EntryPoint","urlTemplate":"https:\/\/www.checkedholidays.com\/fr\/?s={search_term_string}"},"query-input":{"@type":"PropertyValueSpecification","valueRequired":true,"valueName":"search_term_string"}}],"inLanguage":"fr-FR"}]}},"jetpack_sharing_enabled":true,"_links":{"self":[{"href":"https:\/\/www.checkedholidays.com\/fr\/wp-json\/wp\/v2\/pages\/24568","targetHints":{"allow":["GET"]}}],"collection":[{"href":"https:\/\/www.checkedholidays.com\/fr\/wp-json\/wp\/v2\/pages"}],"about":[{"href":"https:\/\/www.checkedholidays.com\/fr\/wp-json\/wp\/v2\/types\/page"}],"author":[{"embeddable":true,"href":"https:\/\/www.checkedholidays.com\/fr\/wp-json\/wp\/v2\/users\/1"}],"replies":[{"embeddable":true,"href":"https:\/\/www.checkedholidays.com\/fr\/wp-json\/wp\/v2\/comments?post=24568"}],"version-history":[{"count":5,"href":"https:\/\/www.checkedholidays.com\/fr\/wp-json\/wp\/v2\/pages\/24568\/revisions"}],"predecessor-version":[{"id":113849,"href":"https:\/\/www.checkedholidays.com\/fr\/wp-json\/wp\/v2\/pages\/24568\/revisions\/113849"}],"wp:attachment":[{"href":"https:\/\/www.checkedholidays.com\/fr\/wp-json\/wp\/v2\/media?parent=24568"}],"curies":[{"name":"wp","href":"https:\/\/api.w.org\/{rel}","templated":true}]}}