{"id":24512,"date":"2022-09-05T12:49:44","date_gmt":"2022-09-05T12:49:44","guid":{"rendered":"https:\/\/www.checkedholidays.com\/affiliate-disclaimer\/"},"modified":"2022-09-05T12:49:44","modified_gmt":"2022-09-05T12:49:44","slug":"affiliate-disclaimer","status":"publish","type":"page","link":"https:\/\/www.checkedholidays.com\/fr\/affiliate-disclaimer\/","title":{"rendered":"Ce site Web utilise des liens affili\u00e9s"},"content":{"rendered":"\n<p class=\"wp-block-paragraph\">Si tu es aid\u00e9 par ma cha\u00eene Youtube, mon site Web <g class=\"gr_ gr_4 gr-alert gr_gramm gr_inline_cards gr_disable_anim_appear Punctuation only-ins replaceWithoutSep\" id=\"4\" data-gr-id=\"4\">et mes<\/g> guides et que tu veux <strong>m&#8217;aider, t&#8217;aider<\/strong>&#8230; alors utiliser mes liens d&#8217;affiliation est le meilleur moyen <strong>GRATUIT<\/strong> de le faire.<\/p>\n\n<p class=\"wp-block-paragraph\">Les liens d&#8217;affiliation sont tr\u00e8s standard et largement utilis\u00e9s, mais je pense qu&#8217;il est important que tu sois inform\u00e9 \u00e0 leur sujet.<\/p>\n\n<p class=\"wp-block-paragraph\">Les liens d&#8217;affiliation ressemblent \u00e0 des liens ordinaires mais informent le site Web sur lequel tu vas que tu viens de mon site Web. Si tu ach\u00e8tes quelque chose sur le site Web vers lequel j&#8217;ai cr\u00e9\u00e9 un lien, je recevrai une petite commission pour aider \u00e0 maintenir ce site Web en activit\u00e9.  <\/p>\n\n<p class=\"wp-block-paragraph\">Cependant, tu paieras toujours le m\u00eame prix que d&#8217;habitude et parfois, il y a m\u00eame une r\u00e9duction ou un avantage pour toi si tu utilises mes liens d&#8217;affiliation. La commission est pay\u00e9e par l&#8217;autre propri\u00e9taire du site Web, pas par toi.<\/p>\n\n<p class=\"wp-block-paragraph\">Merci beaucoup d&#8217;utiliser mes liens d&#8217;affiliation et de permettre \u00e0 moi, au site Web et \u00e0 la cha\u00eene YouTube d&#8217;aider des millions d&#8217;autres personnes comme toi \u00e0 passer des vacances encore meilleures !<\/p>\n\n<p class=\"wp-block-paragraph\"><g class=\"gr_ gr_4 gr-alert gr_spell gr_inline_cards gr_run_anim ContextualSpelling ins-del multiReplace\" id=\"4\" data-gr-id=\"4\"><a href=\"https:\/\/www.checkedholidays.com\/fr\/a-propos-de\/\">Ive<\/a><\/g><\/p>\n","protected":false},"excerpt":{"rendered":"<p>Si tu es aid\u00e9 par ma cha\u00eene Youtube, mon site Web et mes guides et que tu veux m&#8217;aider, t&#8217;aider&#8230; alors utiliser mes liens d&#8217;affiliation est le meilleur moyen GRATUIT de le faire. Les liens d&#8217;affiliation sont tr\u00e8s standard et largement utilis\u00e9s, mais je pense qu&#8217;il est important que tu sois inform\u00e9 \u00e0 leur sujet. [&hellip;]<\/p>\n","protected":false},"author":1,"featured_media":0,"parent":0,"menu_order":0,"comment_status":"closed","ping_status":"closed","template":"","meta":{"_crdt_document":"","footnotes":""},"class_list":["post-24512","page","type-page","status-publish","hentry"],"yoast_head":"<!-- This site is optimized with the Yoast SEO plugin v27.2 - https:\/\/yoast.com\/product\/yoast-seo-wordpress\/ -->\n<title>Ce site Web utilise des liens affili\u00e9s - CheckedHolidays<\/title>\n<meta name=\"robots\" content=\"index, follow, max-snippet:-1, max-image-preview:large, max-video-preview:-1\" \/>\n<link rel=\"canonical\" href=\"https:\/\/www.checkedholidays.com\/fr\/affiliate-disclaimer\/\" \/>\n<meta property=\"og:locale\" content=\"fr_FR\" \/>\n<meta property=\"og:type\" content=\"article\" \/>\n<meta property=\"og:title\" content=\"Ce site Web utilise des liens affili\u00e9s - CheckedHolidays\" \/>\n<meta property=\"og:description\" content=\"Si tu es aid\u00e9 par ma cha\u00eene Youtube, mon site Web et mes guides et que tu veux m&#8217;aider, t&#8217;aider&#8230; alors utiliser mes liens d&#8217;affiliation est le meilleur moyen GRATUIT de le faire. Les liens d&#8217;affiliation sont tr\u00e8s standard et largement utilis\u00e9s, mais je pense qu&#8217;il est important que tu sois inform\u00e9 \u00e0 leur sujet. [&hellip;]\" \/>\n<meta property=\"og:url\" content=\"https:\/\/www.checkedholidays.com\/fr\/affiliate-disclaimer\/\" \/>\n<meta property=\"og:site_name\" content=\"CheckedHolidays\" \/>\n<meta property=\"article:publisher\" content=\"http:\/\/www.facebook.com\/checkedholidays\" \/>\n<meta name=\"twitter:card\" content=\"summary_large_image\" \/>\n<meta name=\"twitter:site\" content=\"@checkedholidays\" \/>\n<meta name=\"twitter:label1\" content=\"Dur\u00e9e de lecture estim\u00e9e\" \/>\n\t<meta name=\"twitter:data1\" content=\"1 minute\" \/>\n<script type=\"application\/ld+json\" class=\"yoast-schema-graph\">{\"@context\":\"https:\/\/schema.org\",\"@graph\":[{\"@type\":\"WebPage\",\"@id\":\"https:\/\/www.checkedholidays.com\/fr\/affiliate-disclaimer\/\",\"url\":\"https:\/\/www.checkedholidays.com\/fr\/affiliate-disclaimer\/\",\"name\":\"Ce site Web utilise des liens affili\u00e9s - CheckedHolidays\",\"isPartOf\":{\"@id\":\"https:\/\/www.checkedholidays.com\/fr\/#website\"},\"datePublished\":\"2022-09-05T12:49:44+00:00\",\"breadcrumb\":{\"@id\":\"https:\/\/www.checkedholidays.com\/fr\/affiliate-disclaimer\/#breadcrumb\"},\"inLanguage\":\"fr-FR\",\"potentialAction\":[{\"@type\":\"ReadAction\",\"target\":[\"https:\/\/www.checkedholidays.com\/fr\/affiliate-disclaimer\/\"]}]},{\"@type\":\"BreadcrumbList\",\"@id\":\"https:\/\/www.checkedholidays.com\/fr\/affiliate-disclaimer\/#breadcrumb\",\"itemListElement\":[{\"@type\":\"ListItem\",\"position\":1,\"name\":\"Home\",\"item\":\"https:\/\/www.checkedholidays.com\/fr\/\"},{\"@type\":\"ListItem\",\"position\":2,\"name\":\"Ce site Web utilise des liens affili\u00e9s\"}]},{\"@type\":\"WebSite\",\"@id\":\"https:\/\/www.checkedholidays.com\/fr\/#website\",\"url\":\"https:\/\/www.checkedholidays.com\/fr\/\",\"name\":\"CheckedHolidays\",\"description\":\"Spanish island holidays... but better!\",\"potentialAction\":[{\"@type\":\"SearchAction\",\"target\":{\"@type\":\"EntryPoint\",\"urlTemplate\":\"https:\/\/www.checkedholidays.com\/fr\/?s={search_term_string}\"},\"query-input\":{\"@type\":\"PropertyValueSpecification\",\"valueRequired\":true,\"valueName\":\"search_term_string\"}}],\"inLanguage\":\"fr-FR\"}]}<\/script>\n<!-- \/ Yoast SEO plugin. -->","yoast_head_json":{"title":"Ce site Web utilise des liens affili\u00e9s - CheckedHolidays","robots":{"index":"index","follow":"follow","max-snippet":"max-snippet:-1","max-image-preview":"max-image-preview:large","max-video-preview":"max-video-preview:-1"},"canonical":"https:\/\/www.checkedholidays.com\/fr\/affiliate-disclaimer\/","og_locale":"fr_FR","og_type":"article","og_title":"Ce site Web utilise des liens affili\u00e9s - CheckedHolidays","og_description":"Si tu es aid\u00e9 par ma cha\u00eene Youtube, mon site Web et mes guides et que tu veux m&#8217;aider, t&#8217;aider&#8230; alors utiliser mes liens d&#8217;affiliation est le meilleur moyen GRATUIT de le faire. Les liens d&#8217;affiliation sont tr\u00e8s standard et largement utilis\u00e9s, mais je pense qu&#8217;il est important que tu sois inform\u00e9 \u00e0 leur sujet. [&hellip;]","og_url":"https:\/\/www.checkedholidays.com\/fr\/affiliate-disclaimer\/","og_site_name":"CheckedHolidays","article_publisher":"http:\/\/www.facebook.com\/checkedholidays","twitter_card":"summary_large_image","twitter_site":"@checkedholidays","twitter_misc":{"Dur\u00e9e de lecture estim\u00e9e":"1 minute"},"schema":{"@context":"https:\/\/schema.org","@graph":[{"@type":"WebPage","@id":"https:\/\/www.checkedholidays.com\/fr\/affiliate-disclaimer\/","url":"https:\/\/www.checkedholidays.com\/fr\/affiliate-disclaimer\/","name":"Ce site Web utilise des liens affili\u00e9s - CheckedHolidays","isPartOf":{"@id":"https:\/\/www.checkedholidays.com\/fr\/#website"},"datePublished":"2022-09-05T12:49:44+00:00","breadcrumb":{"@id":"https:\/\/www.checkedholidays.com\/fr\/affiliate-disclaimer\/#breadcrumb"},"inLanguage":"fr-FR","potentialAction":[{"@type":"ReadAction","target":["https:\/\/www.checkedholidays.com\/fr\/affiliate-disclaimer\/"]}]},{"@type":"BreadcrumbList","@id":"https:\/\/www.checkedholidays.com\/fr\/affiliate-disclaimer\/#breadcrumb","itemListElement":[{"@type":"ListItem","position":1,"name":"Home","item":"https:\/\/www.checkedholidays.com\/fr\/"},{"@type":"ListItem","position":2,"name":"Ce site Web utilise des liens affili\u00e9s"}]},{"@type":"WebSite","@id":"https:\/\/www.checkedholidays.com\/fr\/#website","url":"https:\/\/www.checkedholidays.com\/fr\/","name":"CheckedHolidays","description":"Spanish island holidays... but better!","potentialAction":[{"@type":"SearchAction","target":{"@type":"EntryPoint","urlTemplate":"https:\/\/www.checkedholidays.com\/fr\/?s={search_term_string}"},"query-input":{"@type":"PropertyValueSpecification","valueRequired":true,"valueName":"search_term_string"}}],"inLanguage":"fr-FR"}]}},"jetpack_sharing_enabled":true,"_links":{"self":[{"href":"https:\/\/www.checkedholidays.com\/fr\/wp-json\/wp\/v2\/pages\/24512","targetHints":{"allow":["GET"]}}],"collection":[{"href":"https:\/\/www.checkedholidays.com\/fr\/wp-json\/wp\/v2\/pages"}],"about":[{"href":"https:\/\/www.checkedholidays.com\/fr\/wp-json\/wp\/v2\/types\/page"}],"author":[{"embeddable":true,"href":"https:\/\/www.checkedholidays.com\/fr\/wp-json\/wp\/v2\/users\/1"}],"replies":[{"embeddable":true,"href":"https:\/\/www.checkedholidays.com\/fr\/wp-json\/wp\/v2\/comments?post=24512"}],"version-history":[{"count":1,"href":"https:\/\/www.checkedholidays.com\/fr\/wp-json\/wp\/v2\/pages\/24512\/revisions"}],"predecessor-version":[{"id":24513,"href":"https:\/\/www.checkedholidays.com\/fr\/wp-json\/wp\/v2\/pages\/24512\/revisions\/24513"}],"wp:attachment":[{"href":"https:\/\/www.checkedholidays.com\/fr\/wp-json\/wp\/v2\/media?parent=24512"}],"curies":[{"name":"wp","href":"https:\/\/api.w.org\/{rel}","templated":true}]}}