{"id":24499,"date":"2022-09-05T12:41:54","date_gmt":"2022-09-05T12:41:54","guid":{"rendered":"https:\/\/www.checkedholidays.com\/cookie-policy\/"},"modified":"2025-03-17T09:59:33","modified_gmt":"2025-03-17T09:59:33","slug":"cookie-policy","status":"publish","type":"page","link":"https:\/\/www.checkedholidays.com\/fr\/cookie-policy\/","title":{"rendered":"Politique en mati\u00e8re de cookies"},"content":{"rendered":"\n<h2 class=\"wp-block-heading\">Qu&#8217;est-ce qu&#8217;un cookie ?<\/h2>\n\n<p class=\"wp-block-paragraph\">Cette politique sur les cookies explique ce que sont les cookies et comment nous les utilisons, les types de cookies que nous utilisons c&#8217;est-\u00e0-dire les informations que nous collectons \u00e0 l&#8217;aide des cookies et comment ces informations sont utilis\u00e9es, et comment g\u00e9rer les param\u00e8tres des cookies.<\/p>\n\n<p class=\"wp-block-paragraph\">Les cookies sont de petits fichiers texte qui sont utilis\u00e9s pour stocker de petits \u00e9l\u00e9ments d&#8217;information. Ils sont stock\u00e9s sur ton appareil lorsque le site Web est charg\u00e9 sur ton navigateur. Ces cookies nous aident \u00e0 faire fonctionner le site Web correctement, \u00e0 le rendre plus s\u00fbr, \u00e0 offrir une meilleure exp\u00e9rience utilisateur et \u00e0 comprendre comment le site Web fonctionne et \u00e0 analyser ce qui fonctionne et ce qui doit \u00eatre am\u00e9lior\u00e9.<\/p>\n\n<h2 class=\"wp-block-heading\">Comment utilisons-nous les cookies ?<\/h2>\n\n<p class=\"wp-block-paragraph\">Comme la plupart des services en ligne, notre site Web utilise des cookies de premi\u00e8re partie et de tierce partie \u00e0 plusieurs fins. Les cookies de premi\u00e8re partie sont principalement n\u00e9cessaires pour que le site Web fonctionne correctement, et ils ne collectent aucune de tes donn\u00e9es personnelles identifiables.<\/p>\n\n<p class=\"wp-block-paragraph\">Les cookies tiers utilis\u00e9s sur notre site Web servent principalement \u00e0 comprendre les performances du site Web, la fa\u00e7on dont tu interagis avec notre site Web, \u00e0 assurer la s\u00e9curit\u00e9 de nos services, \u00e0 fournir des publicit\u00e9s pertinentes pour toi et, dans l&#8217;ensemble, \u00e0 te fournir une exp\u00e9rience utilisateur meilleure et am\u00e9lior\u00e9e et \u00e0 contribuer \u00e0 acc\u00e9l\u00e9rer tes interactions futures avec notre site Web.<\/p>\n\n<h2 class=\"wp-block-heading\">Types de cookies que nous utilisons<\/h2>\n\n<style>\n    a.cky-banner-element {\n        padding: 8px 30px;\n        background: #F8F9FA;\n        color: #858A8F;\n        border: 1px solid #DEE2E6;\n        box-sizing: border-box;\n        border-radius: 2px;\n        cursor: pointer;\n}\n<\/style>\n\n    <div class=\"cky-audit-table-element\"><\/div>\n\n<h2 class=\"wp-block-heading\">G\u00e9rer les pr\u00e9f\u00e9rences en mati\u00e8re de cookies<\/h2>\n\n<a class=\"cky-banner-element\">Param\u00e8tres des cookies<\/a> <br\/>\n<p>\n<\/p>\n<p class=\"wp-block-paragraph\">Tu peux modifier tes pr\u00e9f\u00e9rences en mati\u00e8re de cookies \u00e0 tout moment en cliquant sur le bouton ci-dessus. Cela te permettra de revenir sur la banni\u00e8re de consentement aux cookies et de modifier tes pr\u00e9f\u00e9rences ou de retirer ton consentement imm\u00e9diatement.   <\/p>\n\n<p class=\"wp-block-paragraph\">En plus de cela, diff\u00e9rents navigateurs fournissent diff\u00e9rentes m\u00e9thodes pour bloquer et supprimer les cookies utilis\u00e9s par les sites Web. Tu peux modifier les param\u00e8tres de ton navigateur pour bloquer\/supprimer les cookies. <\/p>\n","protected":false},"excerpt":{"rendered":"<p>Qu&#8217;est-ce qu&#8217;un cookie ? Cette politique sur les cookies explique ce que sont les cookies et comment nous les utilisons, les types de cookies que nous utilisons c&#8217;est-\u00e0-dire les informations que nous collectons \u00e0 l&#8217;aide des cookies et comment ces informations sont utilis\u00e9es, et comment g\u00e9rer les param\u00e8tres des cookies. Les cookies sont de petits [&hellip;]<\/p>\n","protected":false},"author":1,"featured_media":0,"parent":0,"menu_order":0,"comment_status":"closed","ping_status":"closed","template":"","meta":{"_crdt_document":"","footnotes":""},"class_list":["post-24499","page","type-page","status-publish","hentry"],"yoast_head":"<!-- This site is optimized with the Yoast SEO plugin v27.6 - https:\/\/yoast.com\/product\/yoast-seo-wordpress\/ -->\n<title>Politique en mati\u00e8re de cookies<\/title>\n<meta name=\"robots\" content=\"index, follow, max-snippet:-1, max-image-preview:large, max-video-preview:-1\" \/>\n<link rel=\"canonical\" href=\"https:\/\/www.checkedholidays.com\/fr\/cookie-policy\/\" \/>\n<meta property=\"og:locale\" content=\"fr_FR\" \/>\n<meta property=\"og:type\" content=\"article\" \/>\n<meta property=\"og:title\" content=\"Politique en mati\u00e8re de cookies\" \/>\n<meta property=\"og:description\" content=\"Qu&#8217;est-ce qu&#8217;un cookie ? Cette politique sur les cookies explique ce que sont les cookies et comment nous les utilisons, les types de cookies que nous utilisons c&#8217;est-\u00e0-dire les informations que nous collectons \u00e0 l&#8217;aide des cookies et comment ces informations sont utilis\u00e9es, et comment g\u00e9rer les param\u00e8tres des cookies. Les cookies sont de petits [&hellip;]\" \/>\n<meta property=\"og:url\" content=\"https:\/\/www.checkedholidays.com\/fr\/cookie-policy\/\" \/>\n<meta property=\"og:site_name\" content=\"CheckedHolidays\" \/>\n<meta property=\"article:publisher\" content=\"http:\/\/www.facebook.com\/checkedholidays\" \/>\n<meta property=\"article:modified_time\" content=\"2025-03-17T09:59:33+00:00\" \/>\n<meta name=\"twitter:card\" content=\"summary_large_image\" \/>\n<meta name=\"twitter:site\" content=\"@checkedholidays\" \/>\n<meta name=\"twitter:label1\" content=\"Dur\u00e9e de lecture estim\u00e9e\" \/>\n\t<meta name=\"twitter:data1\" content=\"2 minutes\" \/>\n<script type=\"application\/ld+json\" class=\"yoast-schema-graph\">{\"@context\":\"https:\\\/\\\/schema.org\",\"@graph\":[{\"@type\":\"WebPage\",\"@id\":\"https:\\\/\\\/www.checkedholidays.com\\\/fr\\\/cookie-policy\\\/\",\"url\":\"https:\\\/\\\/www.checkedholidays.com\\\/fr\\\/cookie-policy\\\/\",\"name\":\"Politique en mati\u00e8re de cookies\",\"isPartOf\":{\"@id\":\"https:\\\/\\\/www.checkedholidays.com\\\/fr\\\/#website\"},\"datePublished\":\"2022-09-05T12:41:54+00:00\",\"dateModified\":\"2025-03-17T09:59:33+00:00\",\"breadcrumb\":{\"@id\":\"https:\\\/\\\/www.checkedholidays.com\\\/fr\\\/cookie-policy\\\/#breadcrumb\"},\"inLanguage\":\"fr-FR\",\"potentialAction\":[{\"@type\":\"ReadAction\",\"target\":[\"https:\\\/\\\/www.checkedholidays.com\\\/fr\\\/cookie-policy\\\/\"]}]},{\"@type\":\"BreadcrumbList\",\"@id\":\"https:\\\/\\\/www.checkedholidays.com\\\/fr\\\/cookie-policy\\\/#breadcrumb\",\"itemListElement\":[{\"@type\":\"ListItem\",\"position\":1,\"name\":\"Home\",\"item\":\"https:\\\/\\\/www.checkedholidays.com\\\/fr\\\/\"},{\"@type\":\"ListItem\",\"position\":2,\"name\":\"Politique en mati\u00e8re de cookies\"}]},{\"@type\":\"WebSite\",\"@id\":\"https:\\\/\\\/www.checkedholidays.com\\\/fr\\\/#website\",\"url\":\"https:\\\/\\\/www.checkedholidays.com\\\/fr\\\/\",\"name\":\"CheckedHolidays\",\"description\":\"Spanish island holidays... but better!\",\"potentialAction\":[{\"@type\":\"SearchAction\",\"target\":{\"@type\":\"EntryPoint\",\"urlTemplate\":\"https:\\\/\\\/www.checkedholidays.com\\\/fr\\\/?s={search_term_string}\"},\"query-input\":{\"@type\":\"PropertyValueSpecification\",\"valueRequired\":true,\"valueName\":\"search_term_string\"}}],\"inLanguage\":\"fr-FR\"}]}<\/script>\n<!-- \/ Yoast SEO plugin. -->","yoast_head_json":{"title":"Politique en mati\u00e8re de cookies","robots":{"index":"index","follow":"follow","max-snippet":"max-snippet:-1","max-image-preview":"max-image-preview:large","max-video-preview":"max-video-preview:-1"},"canonical":"https:\/\/www.checkedholidays.com\/fr\/cookie-policy\/","og_locale":"fr_FR","og_type":"article","og_title":"Politique en mati\u00e8re de cookies","og_description":"Qu&#8217;est-ce qu&#8217;un cookie ? Cette politique sur les cookies explique ce que sont les cookies et comment nous les utilisons, les types de cookies que nous utilisons c&#8217;est-\u00e0-dire les informations que nous collectons \u00e0 l&#8217;aide des cookies et comment ces informations sont utilis\u00e9es, et comment g\u00e9rer les param\u00e8tres des cookies. Les cookies sont de petits [&hellip;]","og_url":"https:\/\/www.checkedholidays.com\/fr\/cookie-policy\/","og_site_name":"CheckedHolidays","article_publisher":"http:\/\/www.facebook.com\/checkedholidays","article_modified_time":"2025-03-17T09:59:33+00:00","twitter_card":"summary_large_image","twitter_site":"@checkedholidays","twitter_misc":{"Dur\u00e9e de lecture estim\u00e9e":"2 minutes"},"schema":{"@context":"https:\/\/schema.org","@graph":[{"@type":"WebPage","@id":"https:\/\/www.checkedholidays.com\/fr\/cookie-policy\/","url":"https:\/\/www.checkedholidays.com\/fr\/cookie-policy\/","name":"Politique en mati\u00e8re de cookies","isPartOf":{"@id":"https:\/\/www.checkedholidays.com\/fr\/#website"},"datePublished":"2022-09-05T12:41:54+00:00","dateModified":"2025-03-17T09:59:33+00:00","breadcrumb":{"@id":"https:\/\/www.checkedholidays.com\/fr\/cookie-policy\/#breadcrumb"},"inLanguage":"fr-FR","potentialAction":[{"@type":"ReadAction","target":["https:\/\/www.checkedholidays.com\/fr\/cookie-policy\/"]}]},{"@type":"BreadcrumbList","@id":"https:\/\/www.checkedholidays.com\/fr\/cookie-policy\/#breadcrumb","itemListElement":[{"@type":"ListItem","position":1,"name":"Home","item":"https:\/\/www.checkedholidays.com\/fr\/"},{"@type":"ListItem","position":2,"name":"Politique en mati\u00e8re de cookies"}]},{"@type":"WebSite","@id":"https:\/\/www.checkedholidays.com\/fr\/#website","url":"https:\/\/www.checkedholidays.com\/fr\/","name":"CheckedHolidays","description":"Spanish island holidays... but better!","potentialAction":[{"@type":"SearchAction","target":{"@type":"EntryPoint","urlTemplate":"https:\/\/www.checkedholidays.com\/fr\/?s={search_term_string}"},"query-input":{"@type":"PropertyValueSpecification","valueRequired":true,"valueName":"search_term_string"}}],"inLanguage":"fr-FR"}]}},"jetpack_sharing_enabled":true,"_links":{"self":[{"href":"https:\/\/www.checkedholidays.com\/fr\/wp-json\/wp\/v2\/pages\/24499","targetHints":{"allow":["GET"]}}],"collection":[{"href":"https:\/\/www.checkedholidays.com\/fr\/wp-json\/wp\/v2\/pages"}],"about":[{"href":"https:\/\/www.checkedholidays.com\/fr\/wp-json\/wp\/v2\/types\/page"}],"author":[{"embeddable":true,"href":"https:\/\/www.checkedholidays.com\/fr\/wp-json\/wp\/v2\/users\/1"}],"replies":[{"embeddable":true,"href":"https:\/\/www.checkedholidays.com\/fr\/wp-json\/wp\/v2\/comments?post=24499"}],"version-history":[{"count":2,"href":"https:\/\/www.checkedholidays.com\/fr\/wp-json\/wp\/v2\/pages\/24499\/revisions"}],"predecessor-version":[{"id":103237,"href":"https:\/\/www.checkedholidays.com\/fr\/wp-json\/wp\/v2\/pages\/24499\/revisions\/103237"}],"wp:attachment":[{"href":"https:\/\/www.checkedholidays.com\/fr\/wp-json\/wp\/v2\/media?parent=24499"}],"curies":[{"name":"wp","href":"https:\/\/api.w.org\/{rel}","templated":true}]}}