{"id":24478,"date":"2022-09-05T12:37:56","date_gmt":"2022-09-05T12:37:56","guid":{"rendered":"https:\/\/www.checkedholidays.com\/about-checkedholidays\/"},"modified":"2023-12-02T12:33:41","modified_gmt":"2023-12-02T12:33:41","slug":"about-checkedholidays","status":"publish","type":"page","link":"https:\/\/www.checkedholidays.com\/fr\/about-checkedholidays\/","title":{"rendered":"\u00c0 propos de CheckedHolidays"},"content":{"rendered":"\n<p class=\"wp-block-paragraph\">CheckedHolidays a \u00e9t\u00e9 fond\u00e9 en 2012 apr\u00e8s avoir remarqu\u00e9 beaucoup d&#8217;informations erron\u00e9es sur Internet \u00e0 propos des vacances dans les \u00eeles espagnoles. Cette d\u00e9sinformation a eu un impact n\u00e9gatif sur les vacances des gens, c&#8217;est pourquoi nous avons r\u00e9alis\u00e9 une vid\u00e9o YouTube pour corriger ces informations erron\u00e9es. Apr\u00e8s avoir \u00e9t\u00e9 reprise et pr\u00e9sent\u00e9e dans l&#8217;Express, elle a atteint plus de 100 000 spectateurs. \u00c0 partir de l\u00e0, nous avons \u00e9t\u00e9 inspir\u00e9s pour en faire plus !<\/p>\n\n<p class=\"has-text-align-center has-large-font-size wp-block-paragraph\"><strong>Contact<\/strong><\/p>\n\n<p class=\"has-text-align-center has-large-font-size wp-block-paragraph\"><strong>info(at)CheckedHolidays.com<\/strong><\/p>\n\n<h2 class=\"wp-block-heading\">Site Web<\/h2>\n\n<p class=\"wp-block-paragraph\">2019 a \u00e9t\u00e9 la premi\u00e8re ann\u00e9e compl\u00e8te pour le site web, atteignant environ 1 000 lecteurs chaque mois. Aujourd&#8217;hui, en 2022, il y a plus de 30 000 lecteurs uniques de langue anglaise chaque mois.  <\/p>\n\n<p class=\"wp-block-paragraph\">Depuis ao\u00fbt 2022, le site Web est disponible dans toutes les principales langues europ\u00e9ennes, ce qui fait cro\u00eetre le nombre de lecteurs encore plus rapidement.<\/p>\n\n<p class=\"wp-block-paragraph\">L&#8217;objectif de ce site web en 2023 est d&#8217;aider plus d&#8217;un million de personnes. <strong>\n  <span style=\"text-decoration: underline;\">DEMI MILLIONS<\/span>\n<\/strong> personnes \u00e0 passer de meilleures vacances !<\/p>\n\n<figure class=\"wp-block-image size-large\"><img data-recalc-dims=\"1\" loading=\"lazy\" decoding=\"async\" width=\"1024\" height=\"233\" src=\"https:\/\/i0.wp.com\/www.checkedholidays.com\/wp-content\/uploads\/2023\/01\/Screenshot-2023-01-28-at-20.09.55.png?resize=1024%2C233&#038;ssl=1\" alt=\"\" class=\"wp-image-37413\" srcset=\"https:\/\/i0.wp.com\/www.checkedholidays.com\/wp-content\/uploads\/2023\/01\/Screenshot-2023-01-28-at-20.09.55.png?resize=1024%2C233&amp;ssl=1 1024w, https:\/\/i0.wp.com\/www.checkedholidays.com\/wp-content\/uploads\/2023\/01\/Screenshot-2023-01-28-at-20.09.55.png?resize=300%2C68&amp;ssl=1 300w, https:\/\/i0.wp.com\/www.checkedholidays.com\/wp-content\/uploads\/2023\/01\/Screenshot-2023-01-28-at-20.09.55.png?resize=768%2C175&amp;ssl=1 768w, https:\/\/i0.wp.com\/www.checkedholidays.com\/wp-content\/uploads\/2023\/01\/Screenshot-2023-01-28-at-20.09.55.png?resize=1536%2C350&amp;ssl=1 1536w, https:\/\/i0.wp.com\/www.checkedholidays.com\/wp-content\/uploads\/2023\/01\/Screenshot-2023-01-28-at-20.09.55.png?resize=1920%2C437&amp;ssl=1 1920w, https:\/\/i0.wp.com\/www.checkedholidays.com\/wp-content\/uploads\/2023\/01\/Screenshot-2023-01-28-at-20.09.55.png?resize=600%2C137&amp;ssl=1 600w, https:\/\/i0.wp.com\/www.checkedholidays.com\/wp-content\/uploads\/2023\/01\/Screenshot-2023-01-28-at-20.09.55.png?resize=800%2C182&amp;ssl=1 800w, https:\/\/i0.wp.com\/www.checkedholidays.com\/wp-content\/uploads\/2023\/01\/Screenshot-2023-01-28-at-20.09.55.png?w=1968&amp;ssl=1 1968w\" sizes=\"auto, (max-width: 1024px) 100vw, 1024px\" \/><\/figure>\n\n<h2 class=\"wp-block-heading\">YouTube<\/h2>\n\n<p class=\"wp-block-paragraph\">La cha\u00eene <a href=\"http:\/\/youtube.com\/checkedholidays\">YouTube<\/a> a commenc\u00e9 en 2012 mais n&#8217;a obtenu que des vid\u00e9os suppl\u00e9mentaires en 2015 et encore plus en 2018. Apr\u00e8s une \u00e9norme baisse des vues en 2020 en raison des restrictions de voyage, il atteint actuellement plus de 125 000 t\u00e9l\u00e9spectateurs chaque mois et ne cesse de cro\u00eetre.<\/p>\n\n<figure class=\"wp-block-image size-large\"><img data-recalc-dims=\"1\" loading=\"lazy\" decoding=\"async\" width=\"1024\" height=\"230\" src=\"https:\/\/i0.wp.com\/www.checkedholidays.com\/wp-content\/uploads\/2023\/01\/Screenshot-2023-01-28-at-20.14.02.png?resize=1024%2C230&#038;ssl=1\" alt=\"\" class=\"wp-image-37429\" srcset=\"https:\/\/i0.wp.com\/www.checkedholidays.com\/wp-content\/uploads\/2023\/01\/Screenshot-2023-01-28-at-20.14.02.png?resize=1024%2C230&amp;ssl=1 1024w, https:\/\/i0.wp.com\/www.checkedholidays.com\/wp-content\/uploads\/2023\/01\/Screenshot-2023-01-28-at-20.14.02.png?resize=300%2C67&amp;ssl=1 300w, https:\/\/i0.wp.com\/www.checkedholidays.com\/wp-content\/uploads\/2023\/01\/Screenshot-2023-01-28-at-20.14.02.png?resize=768%2C172&amp;ssl=1 768w, https:\/\/i0.wp.com\/www.checkedholidays.com\/wp-content\/uploads\/2023\/01\/Screenshot-2023-01-28-at-20.14.02.png?resize=1536%2C345&amp;ssl=1 1536w, https:\/\/i0.wp.com\/www.checkedholidays.com\/wp-content\/uploads\/2023\/01\/Screenshot-2023-01-28-at-20.14.02.png?resize=2048%2C460&amp;ssl=1 2048w, https:\/\/i0.wp.com\/www.checkedholidays.com\/wp-content\/uploads\/2023\/01\/Screenshot-2023-01-28-at-20.14.02.png?resize=1920%2C431&amp;ssl=1 1920w, https:\/\/i0.wp.com\/www.checkedholidays.com\/wp-content\/uploads\/2023\/01\/Screenshot-2023-01-28-at-20.14.02.png?resize=600%2C135&amp;ssl=1 600w, https:\/\/i0.wp.com\/www.checkedholidays.com\/wp-content\/uploads\/2023\/01\/Screenshot-2023-01-28-at-20.14.02.png?resize=800%2C180&amp;ssl=1 800w, https:\/\/i0.wp.com\/www.checkedholidays.com\/wp-content\/uploads\/2023\/01\/Screenshot-2023-01-28-at-20.14.02.png?w=2388&amp;ssl=1 2388w\" sizes=\"auto, (max-width: 1024px) 100vw, 1024px\" \/><\/figure>\n\n<h2 class=\"wp-block-heading\">Collaborations et publicit\u00e9<\/h2>\n\n<p class=\"wp-block-paragraph\">Sur CheckedHolidays.com, nous parlons des mauvais et des bons c\u00f4t\u00e9s des destinations de vacances pour donner les meilleurs conseils de vacances. C&#8217;est l&#8217;une des raisons pour lesquelles notre site<strong> b\u00e9n\u00e9ficie de la confiance et de l&#8217;amour d&#8217;un lectorat toujours plus nombreux<\/strong>. Pour continuer \u00e0 offrir des conseils de vacances de qualit\u00e9 et ind\u00e9pendants, nous ne faisons pas de promotions payantes pour des produits ou services auxquels nous ne croyons pas. Cependant, si tu penses que nous avons n\u00e9glig\u00e9 ton h\u00f4tel, ton lieu de vill\u00e9giature, ton attraction, ton excursion ou ton service et que tu souhaites que nous l&#8217;incluions gratuitement sur le site Internet. Contacte-nous, et apr\u00e8s un examen en personne, tu pourrais \u00eatre inclus.<\/p>\n\n<p class=\"has-text-align-center has-large-font-size wp-block-paragraph\"><strong>Contact<\/strong><\/p>\n\n<p class=\"has-text-align-center has-large-font-size wp-block-paragraph\"><strong>info(at)CheckedHolidays.com<\/strong><\/p>\n","protected":false},"excerpt":{"rendered":"<p>CheckedHolidays a \u00e9t\u00e9 fond\u00e9 en 2012 apr\u00e8s avoir remarqu\u00e9 beaucoup d&#8217;informations erron\u00e9es sur Internet \u00e0 propos des vacances dans les \u00eeles espagnoles. Cette d\u00e9sinformation a eu un impact n\u00e9gatif sur les vacances des gens, c&#8217;est pourquoi nous avons r\u00e9alis\u00e9 une vid\u00e9o YouTube pour corriger ces informations erron\u00e9es. Apr\u00e8s avoir \u00e9t\u00e9 reprise et pr\u00e9sent\u00e9e dans l&#8217;Express, [&hellip;]<\/p>\n","protected":false},"author":1,"featured_media":18801,"parent":0,"menu_order":0,"comment_status":"closed","ping_status":"closed","template":"","meta":{"_crdt_document":"","footnotes":""},"class_list":["post-24478","page","type-page","status-publish","has-post-thumbnail","hentry"],"yoast_head":"<!-- This site is optimized with the Yoast SEO plugin v27.2 - https:\/\/yoast.com\/product\/yoast-seo-wordpress\/ -->\n<title>\u00c0 propos de CheckedHolidays<\/title>\n<meta name=\"robots\" content=\"index, follow, max-snippet:-1, max-image-preview:large, max-video-preview:-1\" \/>\n<link rel=\"canonical\" href=\"https:\/\/www.checkedholidays.com\/fr\/about-checkedholidays\/\" \/>\n<meta property=\"og:locale\" content=\"fr_FR\" \/>\n<meta property=\"og:type\" content=\"article\" \/>\n<meta property=\"og:title\" content=\"\u00c0 propos de CheckedHolidays\" \/>\n<meta property=\"og:description\" content=\"CheckedHolidays a \u00e9t\u00e9 fond\u00e9 en 2012 apr\u00e8s avoir remarqu\u00e9 beaucoup d&#8217;informations erron\u00e9es sur Internet \u00e0 propos des vacances dans les \u00eeles espagnoles. Cette d\u00e9sinformation a eu un impact n\u00e9gatif sur les vacances des gens, c&#8217;est pourquoi nous avons r\u00e9alis\u00e9 une vid\u00e9o YouTube pour corriger ces informations erron\u00e9es. Apr\u00e8s avoir \u00e9t\u00e9 reprise et pr\u00e9sent\u00e9e dans l&#8217;Express, [&hellip;]\" \/>\n<meta property=\"og:url\" content=\"https:\/\/www.checkedholidays.com\/fr\/about-checkedholidays\/\" \/>\n<meta property=\"og:site_name\" content=\"CheckedHolidays\" \/>\n<meta property=\"article:publisher\" content=\"http:\/\/www.facebook.com\/checkedholidays\" \/>\n<meta property=\"article:modified_time\" content=\"2023-12-02T12:33:41+00:00\" \/>\n<meta property=\"og:image\" content=\"https:\/\/i0.wp.com\/www.checkedholidays.com\/wp-content\/uploads\/2022\/06\/Website-growth.png?fit=1874%2C452&ssl=1\" \/>\n\t<meta property=\"og:image:width\" content=\"1874\" \/>\n\t<meta property=\"og:image:height\" content=\"452\" \/>\n\t<meta property=\"og:image:type\" content=\"image\/png\" \/>\n<meta name=\"twitter:card\" content=\"summary_large_image\" \/>\n<meta name=\"twitter:site\" content=\"@checkedholidays\" \/>\n<meta name=\"twitter:label1\" content=\"Dur\u00e9e de lecture estim\u00e9e\" \/>\n\t<meta name=\"twitter:data1\" content=\"2 minutes\" \/>\n<script type=\"application\/ld+json\" class=\"yoast-schema-graph\">{\"@context\":\"https:\/\/schema.org\",\"@graph\":[{\"@type\":\"WebPage\",\"@id\":\"https:\/\/www.checkedholidays.com\/fr\/about-checkedholidays\/\",\"url\":\"https:\/\/www.checkedholidays.com\/fr\/about-checkedholidays\/\",\"name\":\"\u00c0 propos de CheckedHolidays\",\"isPartOf\":{\"@id\":\"https:\/\/www.checkedholidays.com\/fr\/#website\"},\"primaryImageOfPage\":{\"@id\":\"https:\/\/www.checkedholidays.com\/fr\/about-checkedholidays\/#primaryimage\"},\"image\":{\"@id\":\"https:\/\/www.checkedholidays.com\/fr\/about-checkedholidays\/#primaryimage\"},\"thumbnailUrl\":\"https:\/\/i0.wp.com\/www.checkedholidays.com\/wp-content\/uploads\/2022\/06\/Website-growth.png?fit=1874%2C452&ssl=1\",\"datePublished\":\"2022-09-05T12:37:56+00:00\",\"dateModified\":\"2023-12-02T12:33:41+00:00\",\"breadcrumb\":{\"@id\":\"https:\/\/www.checkedholidays.com\/fr\/about-checkedholidays\/#breadcrumb\"},\"inLanguage\":\"fr-FR\",\"potentialAction\":[{\"@type\":\"ReadAction\",\"target\":[\"https:\/\/www.checkedholidays.com\/fr\/about-checkedholidays\/\"]}]},{\"@type\":\"ImageObject\",\"inLanguage\":\"fr-FR\",\"@id\":\"https:\/\/www.checkedholidays.com\/fr\/about-checkedholidays\/#primaryimage\",\"url\":\"https:\/\/i0.wp.com\/www.checkedholidays.com\/wp-content\/uploads\/2022\/06\/Website-growth.png?fit=1874%2C452&ssl=1\",\"contentUrl\":\"https:\/\/i0.wp.com\/www.checkedholidays.com\/wp-content\/uploads\/2022\/06\/Website-growth.png?fit=1874%2C452&ssl=1\",\"width\":1874,\"height\":452},{\"@type\":\"BreadcrumbList\",\"@id\":\"https:\/\/www.checkedholidays.com\/fr\/about-checkedholidays\/#breadcrumb\",\"itemListElement\":[{\"@type\":\"ListItem\",\"position\":1,\"name\":\"Home\",\"item\":\"https:\/\/www.checkedholidays.com\/fr\/\"},{\"@type\":\"ListItem\",\"position\":2,\"name\":\"\u00c0 propos de CheckedHolidays\"}]},{\"@type\":\"WebSite\",\"@id\":\"https:\/\/www.checkedholidays.com\/fr\/#website\",\"url\":\"https:\/\/www.checkedholidays.com\/fr\/\",\"name\":\"CheckedHolidays\",\"description\":\"Spanish island holidays... but better!\",\"potentialAction\":[{\"@type\":\"SearchAction\",\"target\":{\"@type\":\"EntryPoint\",\"urlTemplate\":\"https:\/\/www.checkedholidays.com\/fr\/?s={search_term_string}\"},\"query-input\":{\"@type\":\"PropertyValueSpecification\",\"valueRequired\":true,\"valueName\":\"search_term_string\"}}],\"inLanguage\":\"fr-FR\"}]}<\/script>\n<!-- \/ Yoast SEO plugin. -->","yoast_head_json":{"title":"\u00c0 propos de CheckedHolidays","robots":{"index":"index","follow":"follow","max-snippet":"max-snippet:-1","max-image-preview":"max-image-preview:large","max-video-preview":"max-video-preview:-1"},"canonical":"https:\/\/www.checkedholidays.com\/fr\/about-checkedholidays\/","og_locale":"fr_FR","og_type":"article","og_title":"\u00c0 propos de CheckedHolidays","og_description":"CheckedHolidays a \u00e9t\u00e9 fond\u00e9 en 2012 apr\u00e8s avoir remarqu\u00e9 beaucoup d&#8217;informations erron\u00e9es sur Internet \u00e0 propos des vacances dans les \u00eeles espagnoles. Cette d\u00e9sinformation a eu un impact n\u00e9gatif sur les vacances des gens, c&#8217;est pourquoi nous avons r\u00e9alis\u00e9 une vid\u00e9o YouTube pour corriger ces informations erron\u00e9es. Apr\u00e8s avoir \u00e9t\u00e9 reprise et pr\u00e9sent\u00e9e dans l&#8217;Express, [&hellip;]","og_url":"https:\/\/www.checkedholidays.com\/fr\/about-checkedholidays\/","og_site_name":"CheckedHolidays","article_publisher":"http:\/\/www.facebook.com\/checkedholidays","article_modified_time":"2023-12-02T12:33:41+00:00","og_image":[{"width":1874,"height":452,"url":"https:\/\/i0.wp.com\/www.checkedholidays.com\/wp-content\/uploads\/2022\/06\/Website-growth.png?fit=1874%2C452&ssl=1","type":"image\/png"}],"twitter_card":"summary_large_image","twitter_site":"@checkedholidays","twitter_misc":{"Dur\u00e9e de lecture estim\u00e9e":"2 minutes"},"schema":{"@context":"https:\/\/schema.org","@graph":[{"@type":"WebPage","@id":"https:\/\/www.checkedholidays.com\/fr\/about-checkedholidays\/","url":"https:\/\/www.checkedholidays.com\/fr\/about-checkedholidays\/","name":"\u00c0 propos de CheckedHolidays","isPartOf":{"@id":"https:\/\/www.checkedholidays.com\/fr\/#website"},"primaryImageOfPage":{"@id":"https:\/\/www.checkedholidays.com\/fr\/about-checkedholidays\/#primaryimage"},"image":{"@id":"https:\/\/www.checkedholidays.com\/fr\/about-checkedholidays\/#primaryimage"},"thumbnailUrl":"https:\/\/i0.wp.com\/www.checkedholidays.com\/wp-content\/uploads\/2022\/06\/Website-growth.png?fit=1874%2C452&ssl=1","datePublished":"2022-09-05T12:37:56+00:00","dateModified":"2023-12-02T12:33:41+00:00","breadcrumb":{"@id":"https:\/\/www.checkedholidays.com\/fr\/about-checkedholidays\/#breadcrumb"},"inLanguage":"fr-FR","potentialAction":[{"@type":"ReadAction","target":["https:\/\/www.checkedholidays.com\/fr\/about-checkedholidays\/"]}]},{"@type":"ImageObject","inLanguage":"fr-FR","@id":"https:\/\/www.checkedholidays.com\/fr\/about-checkedholidays\/#primaryimage","url":"https:\/\/i0.wp.com\/www.checkedholidays.com\/wp-content\/uploads\/2022\/06\/Website-growth.png?fit=1874%2C452&ssl=1","contentUrl":"https:\/\/i0.wp.com\/www.checkedholidays.com\/wp-content\/uploads\/2022\/06\/Website-growth.png?fit=1874%2C452&ssl=1","width":1874,"height":452},{"@type":"BreadcrumbList","@id":"https:\/\/www.checkedholidays.com\/fr\/about-checkedholidays\/#breadcrumb","itemListElement":[{"@type":"ListItem","position":1,"name":"Home","item":"https:\/\/www.checkedholidays.com\/fr\/"},{"@type":"ListItem","position":2,"name":"\u00c0 propos de CheckedHolidays"}]},{"@type":"WebSite","@id":"https:\/\/www.checkedholidays.com\/fr\/#website","url":"https:\/\/www.checkedholidays.com\/fr\/","name":"CheckedHolidays","description":"Spanish island holidays... but better!","potentialAction":[{"@type":"SearchAction","target":{"@type":"EntryPoint","urlTemplate":"https:\/\/www.checkedholidays.com\/fr\/?s={search_term_string}"},"query-input":{"@type":"PropertyValueSpecification","valueRequired":true,"valueName":"search_term_string"}}],"inLanguage":"fr-FR"}]}},"jetpack_sharing_enabled":true,"_links":{"self":[{"href":"https:\/\/www.checkedholidays.com\/fr\/wp-json\/wp\/v2\/pages\/24478","targetHints":{"allow":["GET"]}}],"collection":[{"href":"https:\/\/www.checkedholidays.com\/fr\/wp-json\/wp\/v2\/pages"}],"about":[{"href":"https:\/\/www.checkedholidays.com\/fr\/wp-json\/wp\/v2\/types\/page"}],"author":[{"embeddable":true,"href":"https:\/\/www.checkedholidays.com\/fr\/wp-json\/wp\/v2\/users\/1"}],"replies":[{"embeddable":true,"href":"https:\/\/www.checkedholidays.com\/fr\/wp-json\/wp\/v2\/comments?post=24478"}],"version-history":[{"count":4,"href":"https:\/\/www.checkedholidays.com\/fr\/wp-json\/wp\/v2\/pages\/24478\/revisions"}],"predecessor-version":[{"id":78406,"href":"https:\/\/www.checkedholidays.com\/fr\/wp-json\/wp\/v2\/pages\/24478\/revisions\/78406"}],"wp:featuredmedia":[{"embeddable":true,"href":"https:\/\/www.checkedholidays.com\/fr\/wp-json\/wp\/v2\/media\/18801"}],"wp:attachment":[{"href":"https:\/\/www.checkedholidays.com\/fr\/wp-json\/wp\/v2\/media?parent=24478"}],"curies":[{"name":"wp","href":"https:\/\/api.w.org\/{rel}","templated":true}]}}