{"id":24454,"date":"2022-09-05T12:34:34","date_gmt":"2022-09-05T12:34:34","guid":{"rendered":"https:\/\/www.checkedholidays.com\/a-propos-de\/"},"modified":"2022-09-05T12:34:35","modified_gmt":"2022-09-05T12:34:35","slug":"a-propos-de","status":"publish","type":"page","link":"https:\/\/www.checkedholidays.com\/fr\/a-propos-de\/","title":{"rendered":"\u00c0 propos de moi"},"content":{"rendered":"\n<p class=\"has-text-align-left wp-block-paragraph\">Oui, CheckHolidays, c&#8217;est moi, une personne moyenne dans la vie r\u00e9elle&#8230; mon vrai nom est Ive. J&#8217;\u00e9cris, filme, monte, cr\u00e9e et publie tous mes guides de vacances (99%) par moi-m\u00eame. Mais quand j&#8217;ai commenc\u00e9, je voulais un nom qui ait l&#8217;air &#8220;professionnel&#8221;&#8230; maintenant je suis coinc\u00e9e avec \u00e7a. Sur cette page, je veux donc te parler un peu plus de moi et te montrer que je ne suis qu&#8217;une personne ordinaire qui, par le biais des circonstances, est devenue l&#8217;un des conseillers en vacances les plus en vue sur les \u00eeles espagnoles.  <\/p>\n<div class=\"wp-block-image\">\n<figure class=\"aligncenter is-resized\"><img loading=\"lazy\" decoding=\"async\" src=\"https:\/\/i1.wp.com\/www.checkedholidays.com\/wp-content\/uploads\/2019\/03\/IMG_20141017_152816-MOTION.gif?fit=768%2C1024&amp;ssl=1\" alt=\"\" class=\"wp-image-3075\" width=\"384\" height=\"512\"\/><figcaption class=\"wp-element-caption\">15 ans en Espagne : Nage al\u00e9atoire<\/figcaption><\/figure>\n<\/div>\n<p class=\"has-text-align-left wp-block-paragraph\">Tout cela a commenc\u00e9 apr\u00e8s avoir v\u00e9cu et travaill\u00e9 dans toute l&#8217;Espagne comme animateur d&#8217;h\u00f4tel, barman, cam\u00e9raman et technicien du son pendant plus de 15 ans. Mais apr\u00e8s de nombreuses ann\u00e9es \u00e0 faire divers travaux dans toutes les \u00eeles espagnoles, j&#8217;ai eu du mal \u00e0 trouver quelque chose que j&#8217;aimais faire et qui me passionnait.<\/p>\n\n<p class=\"has-text-align-left wp-block-paragraph\">Je me suis donc assise et j&#8217;ai essay\u00e9 de trouver ce que j&#8217;aimais faire. En repensant aux emplois que j&#8217;avais d\u00e9j\u00e0 occup\u00e9s, j&#8217;ai trouv\u00e9 deux choses qui me plaisaient vraiment. Ceux-ci offraient aux gens de superbes vacances et cr\u00e9aient des choses. J&#8217;ai fait ces deux choses dans mes emplois pr\u00e9c\u00e9dents, mais bien s\u00fbr, je ne pouvais pas travailler \u00e9ternellement en tant qu&#8217;animatrice d&#8217;h\u00f4tel de plus de 30 ans. Au bout d&#8217;un moment, \u00e7a devient bizarre. J&#8217;ai donc d\u00e9cid\u00e9 de me lancer enti\u00e8rement sur ma cha\u00eene YouTube avec seulement 5 vid\u00e9os sur Majorque \u00e0 l&#8217;\u00e9poque pour voir si \u00e7a marcherait ou pas.<\/p>\n\n<p class=\"has-text-align-left wp-block-paragraph\">Cela a pris quelques ann\u00e9es mais actuellement (2022), j&#8217;aide plus de <strong>\n  <u>4 millions de personnes chaque ann\u00e9e avec<\/u>\n  <span style=\"text-decoration: underline;\">leurs vacances en Espagne.<\/span>\n<\/strong> Bien que ce soit formidable, ce ne sont pas les chiffres qui comptent pour moi. Il s&#8217;agit de donner des conseils de vacances honn\u00eates qu&#8217;il est difficile de trouver sur Internet. Comme la plupart des pages qui existent proviennent d&#8217;entreprises de voyage, de blogueurs ou de mod\u00e8les Instagram qui aiment que tout soit parfait, j&#8217;essaie de faire exactement le contraire. Je te la montrerai telle qu&#8217;elle est, pour que tu puisses d\u00e9cider si elle te convient ou non.  <\/p>\n","protected":false},"excerpt":{"rendered":"<p>Oui, CheckHolidays, c&#8217;est moi, une personne moyenne dans la vie r\u00e9elle&#8230; mon vrai nom est Ive. J&#8217;\u00e9cris, filme, monte, cr\u00e9e et publie tous mes guides de vacances (99%) par moi-m\u00eame. Mais quand j&#8217;ai commenc\u00e9, je voulais un nom qui ait l&#8217;air &#8220;professionnel&#8221;&#8230; maintenant je suis coinc\u00e9e avec \u00e7a. Sur cette page, je veux donc te [&hellip;]<\/p>\n","protected":false},"author":1,"featured_media":13204,"parent":0,"menu_order":0,"comment_status":"closed","ping_status":"closed","template":"template-authors.php","meta":{"_crdt_document":"","footnotes":""},"class_list":["post-24454","page","type-page","status-publish","has-post-thumbnail","hentry"],"yoast_head":"<!-- This site is optimized with the Yoast SEO plugin v27.5 - https:\/\/yoast.com\/product\/yoast-seo-wordpress\/ -->\n<title>\u00c0 propos de moi<\/title>\n<meta name=\"robots\" content=\"index, follow, max-snippet:-1, max-image-preview:large, max-video-preview:-1\" \/>\n<link rel=\"canonical\" href=\"https:\/\/www.checkedholidays.com\/fr\/a-propos-de\/\" \/>\n<meta property=\"og:locale\" content=\"fr_FR\" \/>\n<meta property=\"og:type\" content=\"article\" \/>\n<meta property=\"og:title\" content=\"\u00c0 propos de moi\" \/>\n<meta property=\"og:description\" content=\"Oui, CheckHolidays, c&#8217;est moi, une personne moyenne dans la vie r\u00e9elle&#8230; mon vrai nom est Ive. J&#8217;\u00e9cris, filme, monte, cr\u00e9e et publie tous mes guides de vacances (99%) par moi-m\u00eame. Mais quand j&#8217;ai commenc\u00e9, je voulais un nom qui ait l&#8217;air &#8220;professionnel&#8221;&#8230; maintenant je suis coinc\u00e9e avec \u00e7a. Sur cette page, je veux donc te [&hellip;]\" \/>\n<meta property=\"og:url\" content=\"https:\/\/www.checkedholidays.com\/fr\/a-propos-de\/\" \/>\n<meta property=\"og:site_name\" content=\"CheckedHolidays\" \/>\n<meta property=\"article:publisher\" content=\"http:\/\/www.facebook.com\/checkedholidays\" \/>\n<meta property=\"article:modified_time\" content=\"2022-09-05T12:34:35+00:00\" \/>\n<meta property=\"og:image\" content=\"https:\/\/i0.wp.com\/www.checkedholidays.com\/wp-content\/uploads\/2018\/12\/IMG_20141011_135122-600x450.jpg?fit=600%2C450&ssl=1\" \/>\n\t<meta property=\"og:image:width\" content=\"600\" \/>\n\t<meta property=\"og:image:height\" content=\"450\" \/>\n\t<meta property=\"og:image:type\" content=\"image\/jpeg\" \/>\n<meta name=\"twitter:card\" content=\"summary_large_image\" \/>\n<meta name=\"twitter:site\" content=\"@checkedholidays\" \/>\n<meta name=\"twitter:label1\" content=\"Dur\u00e9e de lecture estim\u00e9e\" \/>\n\t<meta name=\"twitter:data1\" content=\"2 minutes\" \/>\n<script type=\"application\/ld+json\" class=\"yoast-schema-graph\">{\"@context\":\"https:\\\/\\\/schema.org\",\"@graph\":[{\"@type\":\"WebPage\",\"@id\":\"https:\\\/\\\/www.checkedholidays.com\\\/fr\\\/a-propos-de\\\/\",\"url\":\"https:\\\/\\\/www.checkedholidays.com\\\/fr\\\/a-propos-de\\\/\",\"name\":\"\u00c0 propos de moi\",\"isPartOf\":{\"@id\":\"https:\\\/\\\/www.checkedholidays.com\\\/fr\\\/#website\"},\"primaryImageOfPage\":{\"@id\":\"https:\\\/\\\/www.checkedholidays.com\\\/fr\\\/a-propos-de\\\/#primaryimage\"},\"image\":{\"@id\":\"https:\\\/\\\/www.checkedholidays.com\\\/fr\\\/a-propos-de\\\/#primaryimage\"},\"thumbnailUrl\":\"https:\\\/\\\/i0.wp.com\\\/www.checkedholidays.com\\\/wp-content\\\/uploads\\\/2018\\\/12\\\/IMG_20141011_135122-600x450.jpg?fit=600%2C450&ssl=1\",\"datePublished\":\"2022-09-05T12:34:34+00:00\",\"dateModified\":\"2022-09-05T12:34:35+00:00\",\"breadcrumb\":{\"@id\":\"https:\\\/\\\/www.checkedholidays.com\\\/fr\\\/a-propos-de\\\/#breadcrumb\"},\"inLanguage\":\"fr-FR\",\"potentialAction\":[{\"@type\":\"ReadAction\",\"target\":[\"https:\\\/\\\/www.checkedholidays.com\\\/fr\\\/a-propos-de\\\/\"]}]},{\"@type\":\"ImageObject\",\"inLanguage\":\"fr-FR\",\"@id\":\"https:\\\/\\\/www.checkedholidays.com\\\/fr\\\/a-propos-de\\\/#primaryimage\",\"url\":\"https:\\\/\\\/i0.wp.com\\\/www.checkedholidays.com\\\/wp-content\\\/uploads\\\/2018\\\/12\\\/IMG_20141011_135122-600x450.jpg?fit=600%2C450&ssl=1\",\"contentUrl\":\"https:\\\/\\\/i0.wp.com\\\/www.checkedholidays.com\\\/wp-content\\\/uploads\\\/2018\\\/12\\\/IMG_20141011_135122-600x450.jpg?fit=600%2C450&ssl=1\",\"width\":600,\"height\":450},{\"@type\":\"BreadcrumbList\",\"@id\":\"https:\\\/\\\/www.checkedholidays.com\\\/fr\\\/a-propos-de\\\/#breadcrumb\",\"itemListElement\":[{\"@type\":\"ListItem\",\"position\":1,\"name\":\"Home\",\"item\":\"https:\\\/\\\/www.checkedholidays.com\\\/fr\\\/\"},{\"@type\":\"ListItem\",\"position\":2,\"name\":\"\u00c0 propos de moi\"}]},{\"@type\":\"WebSite\",\"@id\":\"https:\\\/\\\/www.checkedholidays.com\\\/fr\\\/#website\",\"url\":\"https:\\\/\\\/www.checkedholidays.com\\\/fr\\\/\",\"name\":\"CheckedHolidays\",\"description\":\"Spanish island holidays... but better!\",\"potentialAction\":[{\"@type\":\"SearchAction\",\"target\":{\"@type\":\"EntryPoint\",\"urlTemplate\":\"https:\\\/\\\/www.checkedholidays.com\\\/fr\\\/?s={search_term_string}\"},\"query-input\":{\"@type\":\"PropertyValueSpecification\",\"valueRequired\":true,\"valueName\":\"search_term_string\"}}],\"inLanguage\":\"fr-FR\"}]}<\/script>\n<!-- \/ Yoast SEO plugin. -->","yoast_head_json":{"title":"\u00c0 propos de moi","robots":{"index":"index","follow":"follow","max-snippet":"max-snippet:-1","max-image-preview":"max-image-preview:large","max-video-preview":"max-video-preview:-1"},"canonical":"https:\/\/www.checkedholidays.com\/fr\/a-propos-de\/","og_locale":"fr_FR","og_type":"article","og_title":"\u00c0 propos de moi","og_description":"Oui, CheckHolidays, c&#8217;est moi, une personne moyenne dans la vie r\u00e9elle&#8230; mon vrai nom est Ive. J&#8217;\u00e9cris, filme, monte, cr\u00e9e et publie tous mes guides de vacances (99%) par moi-m\u00eame. Mais quand j&#8217;ai commenc\u00e9, je voulais un nom qui ait l&#8217;air &#8220;professionnel&#8221;&#8230; maintenant je suis coinc\u00e9e avec \u00e7a. Sur cette page, je veux donc te [&hellip;]","og_url":"https:\/\/www.checkedholidays.com\/fr\/a-propos-de\/","og_site_name":"CheckedHolidays","article_publisher":"http:\/\/www.facebook.com\/checkedholidays","article_modified_time":"2022-09-05T12:34:35+00:00","og_image":[{"width":600,"height":450,"url":"https:\/\/i0.wp.com\/www.checkedholidays.com\/wp-content\/uploads\/2018\/12\/IMG_20141011_135122-600x450.jpg?fit=600%2C450&ssl=1","type":"image\/jpeg"}],"twitter_card":"summary_large_image","twitter_site":"@checkedholidays","twitter_misc":{"Dur\u00e9e de lecture estim\u00e9e":"2 minutes"},"schema":{"@context":"https:\/\/schema.org","@graph":[{"@type":"WebPage","@id":"https:\/\/www.checkedholidays.com\/fr\/a-propos-de\/","url":"https:\/\/www.checkedholidays.com\/fr\/a-propos-de\/","name":"\u00c0 propos de moi","isPartOf":{"@id":"https:\/\/www.checkedholidays.com\/fr\/#website"},"primaryImageOfPage":{"@id":"https:\/\/www.checkedholidays.com\/fr\/a-propos-de\/#primaryimage"},"image":{"@id":"https:\/\/www.checkedholidays.com\/fr\/a-propos-de\/#primaryimage"},"thumbnailUrl":"https:\/\/i0.wp.com\/www.checkedholidays.com\/wp-content\/uploads\/2018\/12\/IMG_20141011_135122-600x450.jpg?fit=600%2C450&ssl=1","datePublished":"2022-09-05T12:34:34+00:00","dateModified":"2022-09-05T12:34:35+00:00","breadcrumb":{"@id":"https:\/\/www.checkedholidays.com\/fr\/a-propos-de\/#breadcrumb"},"inLanguage":"fr-FR","potentialAction":[{"@type":"ReadAction","target":["https:\/\/www.checkedholidays.com\/fr\/a-propos-de\/"]}]},{"@type":"ImageObject","inLanguage":"fr-FR","@id":"https:\/\/www.checkedholidays.com\/fr\/a-propos-de\/#primaryimage","url":"https:\/\/i0.wp.com\/www.checkedholidays.com\/wp-content\/uploads\/2018\/12\/IMG_20141011_135122-600x450.jpg?fit=600%2C450&ssl=1","contentUrl":"https:\/\/i0.wp.com\/www.checkedholidays.com\/wp-content\/uploads\/2018\/12\/IMG_20141011_135122-600x450.jpg?fit=600%2C450&ssl=1","width":600,"height":450},{"@type":"BreadcrumbList","@id":"https:\/\/www.checkedholidays.com\/fr\/a-propos-de\/#breadcrumb","itemListElement":[{"@type":"ListItem","position":1,"name":"Home","item":"https:\/\/www.checkedholidays.com\/fr\/"},{"@type":"ListItem","position":2,"name":"\u00c0 propos de moi"}]},{"@type":"WebSite","@id":"https:\/\/www.checkedholidays.com\/fr\/#website","url":"https:\/\/www.checkedholidays.com\/fr\/","name":"CheckedHolidays","description":"Spanish island holidays... but better!","potentialAction":[{"@type":"SearchAction","target":{"@type":"EntryPoint","urlTemplate":"https:\/\/www.checkedholidays.com\/fr\/?s={search_term_string}"},"query-input":{"@type":"PropertyValueSpecification","valueRequired":true,"valueName":"search_term_string"}}],"inLanguage":"fr-FR"}]}},"jetpack_sharing_enabled":true,"_links":{"self":[{"href":"https:\/\/www.checkedholidays.com\/fr\/wp-json\/wp\/v2\/pages\/24454","targetHints":{"allow":["GET"]}}],"collection":[{"href":"https:\/\/www.checkedholidays.com\/fr\/wp-json\/wp\/v2\/pages"}],"about":[{"href":"https:\/\/www.checkedholidays.com\/fr\/wp-json\/wp\/v2\/types\/page"}],"author":[{"embeddable":true,"href":"https:\/\/www.checkedholidays.com\/fr\/wp-json\/wp\/v2\/users\/1"}],"replies":[{"embeddable":true,"href":"https:\/\/www.checkedholidays.com\/fr\/wp-json\/wp\/v2\/comments?post=24454"}],"version-history":[{"count":1,"href":"https:\/\/www.checkedholidays.com\/fr\/wp-json\/wp\/v2\/pages\/24454\/revisions"}],"predecessor-version":[{"id":24457,"href":"https:\/\/www.checkedholidays.com\/fr\/wp-json\/wp\/v2\/pages\/24454\/revisions\/24457"}],"wp:featuredmedia":[{"embeddable":true,"href":"https:\/\/www.checkedholidays.com\/fr\/wp-json\/wp\/v2\/media\/13204"}],"wp:attachment":[{"href":"https:\/\/www.checkedholidays.com\/fr\/wp-json\/wp\/v2\/media?parent=24454"}],"curies":[{"name":"wp","href":"https:\/\/api.w.org\/{rel}","templated":true}]}}