{"id":24566,"date":"2022-09-05T14:27:07","date_gmt":"2022-09-05T14:27:07","guid":{"rendered":"https:\/\/www.checkedholidays.com\/home\/"},"modified":"2026-02-23T13:09:00","modified_gmt":"2026-02-23T13:09:00","slug":"home","status":"publish","type":"page","link":"https:\/\/www.checkedholidays.com\/fi\/","title":{"rendered":"Kotisivu"},"content":{"rendered":"\n<h2 class=\"wp-block-heading has-text-align-center\"><strong>L\u00f6yd\u00e4 ihanteellinen loma Espanjan saarilla<\/strong><\/h2>\n\n<p class=\"wp-block-paragraph\">Suuri ymp\u00e4ri vuoden<\/p>\n\n<ul class=\"wp-block-list\">\n<li><strong><u><a href=\"https:\/\/www.checkedholidays.com\/fi\/tag\/teneriffa-fi\/\" type=\"category\" id=\"59\">Teneriffa<\/a><\/u><\/strong> &#8211; Paras vaihtoehto perheille, jotka haluavat vaihtelua, n\u00e4ht\u00e4vyyksi\u00e4 ja mukavuutta.<\/li>\n\n\n\n<li><strong><u><a href=\"https:\/\/www.checkedholidays.com\/fi\/tag\/gran-canaria-fi\/\" type=\"category\" id=\"60\">Gran Canaria<\/a><\/u><\/strong> &#8211; Paras pariskunnille ja aikuisille, jotka haluavat y\u00f6el\u00e4m\u00e4\u00e4, ruokailua ja ostoksia.<\/li>\n\n\n\n<li><strong><u><a href=\"https:\/\/www.checkedholidays.com\/fi\/tag\/lanzarote-fi\/\" type=\"category\" id=\"61\">Lanzarote<\/a><\/u><\/strong> &#8211; Paras all-inclusive-lomille ja helpoille rentouttaville lomille.<\/li>\n\n\n\n<li><strong><u><a href=\"https:\/\/www.checkedholidays.com\/fi\/tag\/fuerteventura-fi\/\" type=\"category\" id=\"309\">Fuerteventura<\/a><\/u><\/strong> &#8211; Paras rantalomalle, jossa on paljon tilaa.<\/li>\n<\/ul>\n\n<p class=\"wp-block-paragraph\">Parhaimmillaan toukokuusta lokakuuhun<\/p>\n\n<ul class=\"wp-block-list\">\n<li><strong><u><a href=\"https:\/\/www.checkedholidays.com\/fi\/tag\/mallorca-fi\/\" type=\"category\" id=\"57\">Mallorca<\/a><\/u><\/strong> &#8211; Parhaiten sopii perheille ja vaihtelua kaipaaville, jotka haluavat rantoja, retki\u00e4 ja paljon valinnanvaraa.<\/li>\n\n\n\n<li><strong><u><a href=\"https:\/\/www.checkedholidays.com\/fi\/tag\/menorca-fi\/\" type=\"category\" id=\"91\">Menorca<\/a><\/u><\/strong> &#8211; Paras paikka rauhalliselle, rennolle ja perheyst\u00e4v\u00e4lliselle lomalle, jossa on aitoa charmia.  <\/li>\n\n\n\n<li><strong><u><a href=\"https:\/\/www.checkedholidays.com\/fi\/guide\/ibiza-fi\/\" type=\"category\" id=\"633\">Ibiza<\/a><\/u><\/strong> &#8211; Paras aikuisille, pariskunnille, y\u00f6el\u00e4m\u00e4lle, rantaklubeille ja tyylikk\u00e4ille lomakohteille.<\/li>\n<\/ul>\n","protected":false},"excerpt":{"rendered":"<p>L\u00f6yd\u00e4 ihanteellinen loma Espanjan saarilla Suuri ymp\u00e4ri vuoden Parhaimmillaan toukokuusta lokakuuhun<\/p>\n","protected":false},"author":1,"featured_media":0,"parent":0,"menu_order":0,"comment_status":"closed","ping_status":"closed","template":"","meta":{"_crdt_document":"","footnotes":""},"class_list":["post-24566","page","type-page","status-publish","hentry"],"yoast_head":"<!-- This site is optimized with the Yoast SEO plugin v27.2 - https:\/\/yoast.com\/product\/yoast-seo-wordpress\/ -->\n<title>L\u00f6yd\u00e4 ihanteellinen loma Espanjan saarilla<\/title>\n<meta name=\"description\" content=\"L\u00f6yd\u00e4 ihanteellinen lomasi Espanjan saarilla yli 20 vuoden kokemuksella varustetun asiantuntijan opastuksella.\" \/>\n<meta name=\"robots\" content=\"index, follow, max-snippet:-1, max-image-preview:large, max-video-preview:-1\" \/>\n<link rel=\"canonical\" href=\"https:\/\/www.checkedholidays.com\/fi\/\" \/>\n<meta property=\"og:locale\" content=\"fi_FI\" \/>\n<meta property=\"og:type\" content=\"article\" \/>\n<meta property=\"og:title\" content=\"L\u00f6yd\u00e4 ihanteellinen loma Espanjan saarilla\" \/>\n<meta property=\"og:description\" content=\"L\u00f6yd\u00e4 ihanteellinen lomasi Espanjan saarilla yli 20 vuoden kokemuksella varustetun asiantuntijan opastuksella.\" \/>\n<meta property=\"og:url\" content=\"https:\/\/www.checkedholidays.com\/fi\/\" \/>\n<meta property=\"og:site_name\" content=\"CheckedHolidays\" \/>\n<meta property=\"article:publisher\" content=\"http:\/\/www.facebook.com\/checkedholidays\" \/>\n<meta property=\"article:modified_time\" content=\"2026-02-23T13:09:00+00:00\" \/>\n<meta name=\"twitter:card\" content=\"summary_large_image\" \/>\n<meta name=\"twitter:site\" content=\"@checkedholidays\" \/>\n<meta name=\"twitter:label1\" content=\"Arvioitu lukuaika\" \/>\n\t<meta name=\"twitter:data1\" content=\"1 minuutti\" \/>\n<script type=\"application\/ld+json\" class=\"yoast-schema-graph\">{\"@context\":\"https:\/\/schema.org\",\"@graph\":[{\"@type\":\"WebPage\",\"@id\":\"https:\/\/www.checkedholidays.com\/fi\/\",\"url\":\"https:\/\/www.checkedholidays.com\/fi\/\",\"name\":\"L\u00f6yd\u00e4 ihanteellinen loma Espanjan saarilla\",\"isPartOf\":{\"@id\":\"https:\/\/www.checkedholidays.com\/fi\/#website\"},\"datePublished\":\"2022-09-05T14:27:07+00:00\",\"dateModified\":\"2026-02-23T13:09:00+00:00\",\"description\":\"L\u00f6yd\u00e4 ihanteellinen lomasi Espanjan saarilla yli 20 vuoden kokemuksella varustetun asiantuntijan opastuksella.\",\"breadcrumb\":{\"@id\":\"https:\/\/www.checkedholidays.com\/fi\/#breadcrumb\"},\"inLanguage\":\"fi\",\"potentialAction\":[{\"@type\":\"ReadAction\",\"target\":[\"https:\/\/www.checkedholidays.com\/fi\/\"]}]},{\"@type\":\"BreadcrumbList\",\"@id\":\"https:\/\/www.checkedholidays.com\/fi\/#breadcrumb\",\"itemListElement\":[{\"@type\":\"ListItem\",\"position\":1,\"name\":\"Home\",\"item\":\"https:\/\/www.checkedholidays.com\/fi\/\"},{\"@type\":\"ListItem\",\"position\":2,\"name\":\"Kotisivu\"}]},{\"@type\":\"WebSite\",\"@id\":\"https:\/\/www.checkedholidays.com\/fi\/#website\",\"url\":\"https:\/\/www.checkedholidays.com\/fi\/\",\"name\":\"CheckedHolidays\",\"description\":\"Spanish island holidays... but better!\",\"potentialAction\":[{\"@type\":\"SearchAction\",\"target\":{\"@type\":\"EntryPoint\",\"urlTemplate\":\"https:\/\/www.checkedholidays.com\/fi\/?s={search_term_string}\"},\"query-input\":{\"@type\":\"PropertyValueSpecification\",\"valueRequired\":true,\"valueName\":\"search_term_string\"}}],\"inLanguage\":\"fi\"}]}<\/script>\n<!-- \/ Yoast SEO plugin. -->","yoast_head_json":{"title":"L\u00f6yd\u00e4 ihanteellinen loma Espanjan saarilla","description":"L\u00f6yd\u00e4 ihanteellinen lomasi Espanjan saarilla yli 20 vuoden kokemuksella varustetun asiantuntijan opastuksella.","robots":{"index":"index","follow":"follow","max-snippet":"max-snippet:-1","max-image-preview":"max-image-preview:large","max-video-preview":"max-video-preview:-1"},"canonical":"https:\/\/www.checkedholidays.com\/fi\/","og_locale":"fi_FI","og_type":"article","og_title":"L\u00f6yd\u00e4 ihanteellinen loma Espanjan saarilla","og_description":"L\u00f6yd\u00e4 ihanteellinen lomasi Espanjan saarilla yli 20 vuoden kokemuksella varustetun asiantuntijan opastuksella.","og_url":"https:\/\/www.checkedholidays.com\/fi\/","og_site_name":"CheckedHolidays","article_publisher":"http:\/\/www.facebook.com\/checkedholidays","article_modified_time":"2026-02-23T13:09:00+00:00","twitter_card":"summary_large_image","twitter_site":"@checkedholidays","twitter_misc":{"Arvioitu lukuaika":"1 minuutti"},"schema":{"@context":"https:\/\/schema.org","@graph":[{"@type":"WebPage","@id":"https:\/\/www.checkedholidays.com\/fi\/","url":"https:\/\/www.checkedholidays.com\/fi\/","name":"L\u00f6yd\u00e4 ihanteellinen loma Espanjan saarilla","isPartOf":{"@id":"https:\/\/www.checkedholidays.com\/fi\/#website"},"datePublished":"2022-09-05T14:27:07+00:00","dateModified":"2026-02-23T13:09:00+00:00","description":"L\u00f6yd\u00e4 ihanteellinen lomasi Espanjan saarilla yli 20 vuoden kokemuksella varustetun asiantuntijan opastuksella.","breadcrumb":{"@id":"https:\/\/www.checkedholidays.com\/fi\/#breadcrumb"},"inLanguage":"fi","potentialAction":[{"@type":"ReadAction","target":["https:\/\/www.checkedholidays.com\/fi\/"]}]},{"@type":"BreadcrumbList","@id":"https:\/\/www.checkedholidays.com\/fi\/#breadcrumb","itemListElement":[{"@type":"ListItem","position":1,"name":"Home","item":"https:\/\/www.checkedholidays.com\/fi\/"},{"@type":"ListItem","position":2,"name":"Kotisivu"}]},{"@type":"WebSite","@id":"https:\/\/www.checkedholidays.com\/fi\/#website","url":"https:\/\/www.checkedholidays.com\/fi\/","name":"CheckedHolidays","description":"Spanish island holidays... but better!","potentialAction":[{"@type":"SearchAction","target":{"@type":"EntryPoint","urlTemplate":"https:\/\/www.checkedholidays.com\/fi\/?s={search_term_string}"},"query-input":{"@type":"PropertyValueSpecification","valueRequired":true,"valueName":"search_term_string"}}],"inLanguage":"fi"}]}},"jetpack_sharing_enabled":true,"_links":{"self":[{"href":"https:\/\/www.checkedholidays.com\/fi\/wp-json\/wp\/v2\/pages\/24566","targetHints":{"allow":["GET"]}}],"collection":[{"href":"https:\/\/www.checkedholidays.com\/fi\/wp-json\/wp\/v2\/pages"}],"about":[{"href":"https:\/\/www.checkedholidays.com\/fi\/wp-json\/wp\/v2\/types\/page"}],"author":[{"embeddable":true,"href":"https:\/\/www.checkedholidays.com\/fi\/wp-json\/wp\/v2\/users\/1"}],"replies":[{"embeddable":true,"href":"https:\/\/www.checkedholidays.com\/fi\/wp-json\/wp\/v2\/comments?post=24566"}],"version-history":[{"count":5,"href":"https:\/\/www.checkedholidays.com\/fi\/wp-json\/wp\/v2\/pages\/24566\/revisions"}],"predecessor-version":[{"id":113848,"href":"https:\/\/www.checkedholidays.com\/fi\/wp-json\/wp\/v2\/pages\/24566\/revisions\/113848"}],"wp:attachment":[{"href":"https:\/\/www.checkedholidays.com\/fi\/wp-json\/wp\/v2\/media?parent=24566"}],"curies":[{"name":"wp","href":"https:\/\/api.w.org\/{rel}","templated":true}]}}