{"id":24510,"date":"2022-09-05T12:49:20","date_gmt":"2022-09-05T12:49:20","guid":{"rendered":"https:\/\/www.checkedholidays.com\/affiliate-disclaimer\/"},"modified":"2022-09-05T12:49:20","modified_gmt":"2022-09-05T12:49:20","slug":"affiliate-disclaimer","status":"publish","type":"page","link":"https:\/\/www.checkedholidays.com\/fi\/affiliate-disclaimer\/","title":{"rendered":"T\u00e4m\u00e4 sivusto k\u00e4ytt\u00e4\u00e4 affiliate-linkkej\u00e4"},"content":{"rendered":"\n<p class=\"wp-block-paragraph\">Jos Youtube-kanavani, verkkosivustoni <g class=\"gr_ gr_4 gr-alert gr_gramm gr_inline_cards gr_disable_anim_appear Punctuation only-ins replaceWithoutSep\" id=\"4\" data-gr-id=\"4\">ja<\/g> oppaani auttavat sinua ja haluat <strong>auttaa minua, auttaa sinua<\/strong>&#8230; niin affiliate-linkkieni k\u00e4ytt\u00e4minen on paras <strong>ILMAINEN<\/strong> tapa tehd\u00e4 niin.<\/p>\n\n<p class=\"wp-block-paragraph\">Kumppanuuslinkit ovat hyvin tavallisia ja laajalti k\u00e4ytettyj\u00e4, mutta mielest\u00e4ni on t\u00e4rke\u00e4\u00e4, ett\u00e4 olet tietoinen niist\u00e4.<\/p>\n\n<p class=\"wp-block-paragraph\">Affiliate-linkit n\u00e4ytt\u00e4v\u00e4t tavallisilta linkeilt\u00e4, mutta ne ilmoittavat sivustolle, jolle olet menossa, ett\u00e4 olet tullut minun sivustoltani. Jos ostat jotain sivustolta, johon olen linkitt\u00e4nyt, saan pienen palkkion, joka auttaa pit\u00e4m\u00e4\u00e4n t\u00e4m\u00e4n sivuston toiminnassa.  <\/p>\n\n<p class=\"wp-block-paragraph\">Maksat kuitenkin aina saman hinnan kuin tavallisesti, ja joskus saat jopa alennusta tai etua, jos k\u00e4yt\u00e4t affiliate-linkkej\u00e4ni. Palkkion maksaa toinen verkkosivuston omistaja, et sin\u00e4.<\/p>\n\n<p class=\"wp-block-paragraph\">Kiitos paljon, ett\u00e4 k\u00e4yt\u00e4tte affiliate-linkkej\u00e4ni ja mahdollistatte sen, ett\u00e4 min\u00e4, verkkosivusto ja YouTube-kanava voimme auttaa miljoonia muita kaltaisiasi ihmisi\u00e4 viett\u00e4m\u00e4\u00e4n entist\u00e4kin parempaa lomaa!<\/p>\n\n<p class=\"wp-block-paragraph\"><g class=\"gr_ gr_4 gr-alert gr_spell gr_inline_cards gr_run_anim ContextualSpelling ins-del multiReplace\" id=\"4\" data-gr-id=\"4\"><a href=\"https:\/\/www.checkedholidays.com\/fi\/tietoja\/\">Ive<\/a><\/g><\/p>\n","protected":false},"excerpt":{"rendered":"<p>Jos Youtube-kanavani, verkkosivustoni ja oppaani auttavat sinua ja haluat auttaa minua, auttaa sinua&#8230; niin affiliate-linkkieni k\u00e4ytt\u00e4minen on paras ILMAINEN tapa tehd\u00e4 niin. Kumppanuuslinkit ovat hyvin tavallisia ja laajalti k\u00e4ytettyj\u00e4, mutta mielest\u00e4ni on t\u00e4rke\u00e4\u00e4, ett\u00e4 olet tietoinen niist\u00e4. Affiliate-linkit n\u00e4ytt\u00e4v\u00e4t tavallisilta linkeilt\u00e4, mutta ne ilmoittavat sivustolle, jolle olet menossa, ett\u00e4 olet tullut minun sivustoltani. Jos ostat [&hellip;]<\/p>\n","protected":false},"author":1,"featured_media":0,"parent":0,"menu_order":0,"comment_status":"closed","ping_status":"closed","template":"","meta":{"_crdt_document":"","footnotes":""},"class_list":["post-24510","page","type-page","status-publish","hentry"],"yoast_head":"<!-- This site is optimized with the Yoast SEO plugin v27.2 - https:\/\/yoast.com\/product\/yoast-seo-wordpress\/ -->\n<title>T\u00e4m\u00e4 sivusto k\u00e4ytt\u00e4\u00e4 affiliate-linkkej\u00e4 - CheckedHolidays<\/title>\n<meta name=\"robots\" content=\"index, follow, max-snippet:-1, max-image-preview:large, max-video-preview:-1\" \/>\n<link rel=\"canonical\" href=\"https:\/\/www.checkedholidays.com\/fi\/affiliate-disclaimer\/\" \/>\n<meta property=\"og:locale\" content=\"fi_FI\" \/>\n<meta property=\"og:type\" content=\"article\" \/>\n<meta property=\"og:title\" content=\"T\u00e4m\u00e4 sivusto k\u00e4ytt\u00e4\u00e4 affiliate-linkkej\u00e4 - CheckedHolidays\" \/>\n<meta property=\"og:description\" content=\"Jos Youtube-kanavani, verkkosivustoni ja oppaani auttavat sinua ja haluat auttaa minua, auttaa sinua&#8230; niin affiliate-linkkieni k\u00e4ytt\u00e4minen on paras ILMAINEN tapa tehd\u00e4 niin. Kumppanuuslinkit ovat hyvin tavallisia ja laajalti k\u00e4ytettyj\u00e4, mutta mielest\u00e4ni on t\u00e4rke\u00e4\u00e4, ett\u00e4 olet tietoinen niist\u00e4. Affiliate-linkit n\u00e4ytt\u00e4v\u00e4t tavallisilta linkeilt\u00e4, mutta ne ilmoittavat sivustolle, jolle olet menossa, ett\u00e4 olet tullut minun sivustoltani. Jos ostat [&hellip;]\" \/>\n<meta property=\"og:url\" content=\"https:\/\/www.checkedholidays.com\/fi\/affiliate-disclaimer\/\" \/>\n<meta property=\"og:site_name\" content=\"CheckedHolidays\" \/>\n<meta property=\"article:publisher\" content=\"http:\/\/www.facebook.com\/checkedholidays\" \/>\n<meta name=\"twitter:card\" content=\"summary_large_image\" \/>\n<meta name=\"twitter:site\" content=\"@checkedholidays\" \/>\n<meta name=\"twitter:label1\" content=\"Arvioitu lukuaika\" \/>\n\t<meta name=\"twitter:data1\" content=\"1 minuutti\" \/>\n<script type=\"application\/ld+json\" class=\"yoast-schema-graph\">{\"@context\":\"https:\/\/schema.org\",\"@graph\":[{\"@type\":\"WebPage\",\"@id\":\"https:\/\/www.checkedholidays.com\/fi\/affiliate-disclaimer\/\",\"url\":\"https:\/\/www.checkedholidays.com\/fi\/affiliate-disclaimer\/\",\"name\":\"T\u00e4m\u00e4 sivusto k\u00e4ytt\u00e4\u00e4 affiliate-linkkej\u00e4 - CheckedHolidays\",\"isPartOf\":{\"@id\":\"https:\/\/www.checkedholidays.com\/fi\/#website\"},\"datePublished\":\"2022-09-05T12:49:20+00:00\",\"breadcrumb\":{\"@id\":\"https:\/\/www.checkedholidays.com\/fi\/affiliate-disclaimer\/#breadcrumb\"},\"inLanguage\":\"fi\",\"potentialAction\":[{\"@type\":\"ReadAction\",\"target\":[\"https:\/\/www.checkedholidays.com\/fi\/affiliate-disclaimer\/\"]}]},{\"@type\":\"BreadcrumbList\",\"@id\":\"https:\/\/www.checkedholidays.com\/fi\/affiliate-disclaimer\/#breadcrumb\",\"itemListElement\":[{\"@type\":\"ListItem\",\"position\":1,\"name\":\"Home\",\"item\":\"https:\/\/www.checkedholidays.com\/fi\/\"},{\"@type\":\"ListItem\",\"position\":2,\"name\":\"T\u00e4m\u00e4 sivusto k\u00e4ytt\u00e4\u00e4 affiliate-linkkej\u00e4\"}]},{\"@type\":\"WebSite\",\"@id\":\"https:\/\/www.checkedholidays.com\/fi\/#website\",\"url\":\"https:\/\/www.checkedholidays.com\/fi\/\",\"name\":\"CheckedHolidays\",\"description\":\"Spanish island holidays... but better!\",\"potentialAction\":[{\"@type\":\"SearchAction\",\"target\":{\"@type\":\"EntryPoint\",\"urlTemplate\":\"https:\/\/www.checkedholidays.com\/fi\/?s={search_term_string}\"},\"query-input\":{\"@type\":\"PropertyValueSpecification\",\"valueRequired\":true,\"valueName\":\"search_term_string\"}}],\"inLanguage\":\"fi\"}]}<\/script>\n<!-- \/ Yoast SEO plugin. -->","yoast_head_json":{"title":"T\u00e4m\u00e4 sivusto k\u00e4ytt\u00e4\u00e4 affiliate-linkkej\u00e4 - CheckedHolidays","robots":{"index":"index","follow":"follow","max-snippet":"max-snippet:-1","max-image-preview":"max-image-preview:large","max-video-preview":"max-video-preview:-1"},"canonical":"https:\/\/www.checkedholidays.com\/fi\/affiliate-disclaimer\/","og_locale":"fi_FI","og_type":"article","og_title":"T\u00e4m\u00e4 sivusto k\u00e4ytt\u00e4\u00e4 affiliate-linkkej\u00e4 - CheckedHolidays","og_description":"Jos Youtube-kanavani, verkkosivustoni ja oppaani auttavat sinua ja haluat auttaa minua, auttaa sinua&#8230; niin affiliate-linkkieni k\u00e4ytt\u00e4minen on paras ILMAINEN tapa tehd\u00e4 niin. Kumppanuuslinkit ovat hyvin tavallisia ja laajalti k\u00e4ytettyj\u00e4, mutta mielest\u00e4ni on t\u00e4rke\u00e4\u00e4, ett\u00e4 olet tietoinen niist\u00e4. Affiliate-linkit n\u00e4ytt\u00e4v\u00e4t tavallisilta linkeilt\u00e4, mutta ne ilmoittavat sivustolle, jolle olet menossa, ett\u00e4 olet tullut minun sivustoltani. Jos ostat [&hellip;]","og_url":"https:\/\/www.checkedholidays.com\/fi\/affiliate-disclaimer\/","og_site_name":"CheckedHolidays","article_publisher":"http:\/\/www.facebook.com\/checkedholidays","twitter_card":"summary_large_image","twitter_site":"@checkedholidays","twitter_misc":{"Arvioitu lukuaika":"1 minuutti"},"schema":{"@context":"https:\/\/schema.org","@graph":[{"@type":"WebPage","@id":"https:\/\/www.checkedholidays.com\/fi\/affiliate-disclaimer\/","url":"https:\/\/www.checkedholidays.com\/fi\/affiliate-disclaimer\/","name":"T\u00e4m\u00e4 sivusto k\u00e4ytt\u00e4\u00e4 affiliate-linkkej\u00e4 - CheckedHolidays","isPartOf":{"@id":"https:\/\/www.checkedholidays.com\/fi\/#website"},"datePublished":"2022-09-05T12:49:20+00:00","breadcrumb":{"@id":"https:\/\/www.checkedholidays.com\/fi\/affiliate-disclaimer\/#breadcrumb"},"inLanguage":"fi","potentialAction":[{"@type":"ReadAction","target":["https:\/\/www.checkedholidays.com\/fi\/affiliate-disclaimer\/"]}]},{"@type":"BreadcrumbList","@id":"https:\/\/www.checkedholidays.com\/fi\/affiliate-disclaimer\/#breadcrumb","itemListElement":[{"@type":"ListItem","position":1,"name":"Home","item":"https:\/\/www.checkedholidays.com\/fi\/"},{"@type":"ListItem","position":2,"name":"T\u00e4m\u00e4 sivusto k\u00e4ytt\u00e4\u00e4 affiliate-linkkej\u00e4"}]},{"@type":"WebSite","@id":"https:\/\/www.checkedholidays.com\/fi\/#website","url":"https:\/\/www.checkedholidays.com\/fi\/","name":"CheckedHolidays","description":"Spanish island holidays... but better!","potentialAction":[{"@type":"SearchAction","target":{"@type":"EntryPoint","urlTemplate":"https:\/\/www.checkedholidays.com\/fi\/?s={search_term_string}"},"query-input":{"@type":"PropertyValueSpecification","valueRequired":true,"valueName":"search_term_string"}}],"inLanguage":"fi"}]}},"jetpack_sharing_enabled":true,"_links":{"self":[{"href":"https:\/\/www.checkedholidays.com\/fi\/wp-json\/wp\/v2\/pages\/24510","targetHints":{"allow":["GET"]}}],"collection":[{"href":"https:\/\/www.checkedholidays.com\/fi\/wp-json\/wp\/v2\/pages"}],"about":[{"href":"https:\/\/www.checkedholidays.com\/fi\/wp-json\/wp\/v2\/types\/page"}],"author":[{"embeddable":true,"href":"https:\/\/www.checkedholidays.com\/fi\/wp-json\/wp\/v2\/users\/1"}],"replies":[{"embeddable":true,"href":"https:\/\/www.checkedholidays.com\/fi\/wp-json\/wp\/v2\/comments?post=24510"}],"version-history":[{"count":1,"href":"https:\/\/www.checkedholidays.com\/fi\/wp-json\/wp\/v2\/pages\/24510\/revisions"}],"predecessor-version":[{"id":24511,"href":"https:\/\/www.checkedholidays.com\/fi\/wp-json\/wp\/v2\/pages\/24510\/revisions\/24511"}],"wp:attachment":[{"href":"https:\/\/www.checkedholidays.com\/fi\/wp-json\/wp\/v2\/media?parent=24510"}],"curies":[{"name":"wp","href":"https:\/\/api.w.org\/{rel}","templated":true}]}}