{"id":24498,"date":"2022-09-05T12:41:32","date_gmt":"2022-09-05T12:41:32","guid":{"rendered":"https:\/\/www.checkedholidays.com\/cookie-policy\/"},"modified":"2025-03-17T10:02:17","modified_gmt":"2025-03-17T10:02:17","slug":"cookie-policy","status":"publish","type":"page","link":"https:\/\/www.checkedholidays.com\/fi\/cookie-policy\/","title":{"rendered":"Ev\u00e4stek\u00e4yt\u00e4nt\u00f6"},"content":{"rendered":"\n<h2 class=\"wp-block-heading\">Mit\u00e4 ev\u00e4steet ovat?<\/h2>\n\n<p class=\"wp-block-paragraph\">T\u00e4ss\u00e4 ev\u00e4stek\u00e4yt\u00e4nn\u00f6ss\u00e4 selitet\u00e4\u00e4n, mit\u00e4 ev\u00e4steet ovat ja miten k\u00e4yt\u00e4mme niit\u00e4, mink\u00e4 tyyppisi\u00e4 ev\u00e4steit\u00e4 k\u00e4yt\u00e4mme eli mit\u00e4 tietoja ker\u00e4\u00e4mme ev\u00e4steiden avulla ja miten n\u00e4it\u00e4 tietoja k\u00e4ytet\u00e4\u00e4n sek\u00e4 miten ev\u00e4steasetuksia voidaan hallita.<\/p>\n\n<p class=\"wp-block-paragraph\">Ev\u00e4steet ovat pieni\u00e4 tekstitiedostoja, joita k\u00e4ytet\u00e4\u00e4n pienten tietojen tallentamiseen. Ne tallennetaan laitteeseesi, kun verkkosivusto ladataan selaimeesi. N\u00e4m\u00e4 ev\u00e4steet auttavat meit\u00e4 saamaan verkkosivuston toimimaan oikein, tekem\u00e4\u00e4n siit\u00e4 turvallisemman, tarjoamaan paremman k\u00e4ytt\u00e4j\u00e4kokemuksen ja ymm\u00e4rt\u00e4m\u00e4\u00e4n, miten verkkosivusto toimii, sek\u00e4 analysoimaan, mik\u00e4 toimii ja miss\u00e4 asioissa tarvitaan parannuksia.<\/p>\n\n<h2 class=\"wp-block-heading\">Miten k\u00e4yt\u00e4mme ev\u00e4steit\u00e4?<\/h2>\n\n<p class=\"wp-block-paragraph\">Kuten useimmat verkkopalvelut, verkkosivustomme k\u00e4ytt\u00e4\u00e4 ensimm\u00e4isen osapuolen ja kolmannen osapuolen ev\u00e4steit\u00e4 useisiin eri tarkoituksiin. Ensimm\u00e4isen osapuolen ev\u00e4steet ovat useimmiten v\u00e4ltt\u00e4m\u00e4tt\u00f6mi\u00e4, jotta verkkosivusto toimisi oikein, eiv\u00e4tk\u00e4 ne ker\u00e4\u00e4 mit\u00e4\u00e4n henkil\u00f6kohtaisesti tunnistettavia tietojasi.<\/p>\n\n<p class=\"wp-block-paragraph\">Verkkosivustollamme k\u00e4ytett\u00e4vien kolmannen osapuolen ev\u00e4steiden tarkoituksena on p\u00e4\u00e4asiassa ymm\u00e4rt\u00e4\u00e4, miten verkkosivusto toimii, miten olet vuorovaikutuksessa verkkosivustomme kanssa, pit\u00e4\u00e4 palvelumme turvallisena, tarjota sinulle sopivia mainoksia ja kaiken kaikkiaan tarjota sinulle parempi ja parannettu k\u00e4ytt\u00f6kokemus ja nopeuttaa tulevaa vuorovaikutustasi verkkosivustomme kanssa.<\/p>\n\n<h2 class=\"wp-block-heading\">K\u00e4ytt\u00e4miemme ev\u00e4steiden tyypit<\/h2>\n\n<style>\n    a.cky-banner-element {\n        padding: 8px 30px;\n        background: #F8F9FA;\n        color: #858A8F;\n        border: 1px solid #DEE2E6;\n        box-sizing: border-box;\n        border-radius: 2px;\n        cursor: pointer;\n}\n<\/style>\n\n    <div class=\"cky-audit-table-element\"><\/div>\n\n<h2 class=\"wp-block-heading\">Hallitse ev\u00e4steasetuksia<\/h2>\n\n<a class=\"cky-banner-element\">Ev\u00e4steasetukset<\/a> <br\/>\n<p>\n<\/p>\n<p class=\"wp-block-paragraph\">Voit muuttaa ev\u00e4steasetuksiasi milloin tahansa napsauttamalla yll\u00e4 olevaa painiketta. T\u00e4m\u00e4n avulla voit palata ev\u00e4steiden suostumuspalkkiin ja muuttaa mieltymyksi\u00e4si tai peruuttaa suostumuksesi heti.   <\/p>\n\n<p class=\"wp-block-paragraph\">Lis\u00e4ksi eri selaimet tarjoavat erilaisia menetelmi\u00e4 verkkosivustojen k\u00e4ytt\u00e4mien ev\u00e4steiden est\u00e4miseen ja poistamiseen. Voit muuttaa selaimesi asetuksia ev\u00e4steiden est\u00e4miseksi tai poistamiseksi.  <\/p>\n","protected":false},"excerpt":{"rendered":"<p>Mit\u00e4 ev\u00e4steet ovat? T\u00e4ss\u00e4 ev\u00e4stek\u00e4yt\u00e4nn\u00f6ss\u00e4 selitet\u00e4\u00e4n, mit\u00e4 ev\u00e4steet ovat ja miten k\u00e4yt\u00e4mme niit\u00e4, mink\u00e4 tyyppisi\u00e4 ev\u00e4steit\u00e4 k\u00e4yt\u00e4mme eli mit\u00e4 tietoja ker\u00e4\u00e4mme ev\u00e4steiden avulla ja miten n\u00e4it\u00e4 tietoja k\u00e4ytet\u00e4\u00e4n sek\u00e4 miten ev\u00e4steasetuksia voidaan hallita. Ev\u00e4steet ovat pieni\u00e4 tekstitiedostoja, joita k\u00e4ytet\u00e4\u00e4n pienten tietojen tallentamiseen. Ne tallennetaan laitteeseesi, kun verkkosivusto ladataan selaimeesi. N\u00e4m\u00e4 ev\u00e4steet auttavat meit\u00e4 saamaan verkkosivuston [&hellip;]<\/p>\n","protected":false},"author":1,"featured_media":0,"parent":0,"menu_order":0,"comment_status":"closed","ping_status":"closed","template":"","meta":{"_crdt_document":"","footnotes":""},"class_list":["post-24498","page","type-page","status-publish","hentry"],"yoast_head":"<!-- This site is optimized with the Yoast SEO plugin v27.2 - https:\/\/yoast.com\/product\/yoast-seo-wordpress\/ -->\n<title>Ev\u00e4stek\u00e4yt\u00e4nt\u00f6<\/title>\n<meta name=\"robots\" content=\"index, follow, max-snippet:-1, max-image-preview:large, max-video-preview:-1\" \/>\n<link rel=\"canonical\" href=\"https:\/\/www.checkedholidays.com\/fi\/cookie-policy\/\" \/>\n<meta property=\"og:locale\" content=\"fi_FI\" \/>\n<meta property=\"og:type\" content=\"article\" \/>\n<meta property=\"og:title\" content=\"Ev\u00e4stek\u00e4yt\u00e4nt\u00f6\" \/>\n<meta property=\"og:description\" content=\"Mit\u00e4 ev\u00e4steet ovat? T\u00e4ss\u00e4 ev\u00e4stek\u00e4yt\u00e4nn\u00f6ss\u00e4 selitet\u00e4\u00e4n, mit\u00e4 ev\u00e4steet ovat ja miten k\u00e4yt\u00e4mme niit\u00e4, mink\u00e4 tyyppisi\u00e4 ev\u00e4steit\u00e4 k\u00e4yt\u00e4mme eli mit\u00e4 tietoja ker\u00e4\u00e4mme ev\u00e4steiden avulla ja miten n\u00e4it\u00e4 tietoja k\u00e4ytet\u00e4\u00e4n sek\u00e4 miten ev\u00e4steasetuksia voidaan hallita. Ev\u00e4steet ovat pieni\u00e4 tekstitiedostoja, joita k\u00e4ytet\u00e4\u00e4n pienten tietojen tallentamiseen. Ne tallennetaan laitteeseesi, kun verkkosivusto ladataan selaimeesi. N\u00e4m\u00e4 ev\u00e4steet auttavat meit\u00e4 saamaan verkkosivuston [&hellip;]\" \/>\n<meta property=\"og:url\" content=\"https:\/\/www.checkedholidays.com\/fi\/cookie-policy\/\" \/>\n<meta property=\"og:site_name\" content=\"CheckedHolidays\" \/>\n<meta property=\"article:publisher\" content=\"http:\/\/www.facebook.com\/checkedholidays\" \/>\n<meta property=\"article:modified_time\" content=\"2025-03-17T10:02:17+00:00\" \/>\n<meta name=\"twitter:card\" content=\"summary_large_image\" \/>\n<meta name=\"twitter:site\" content=\"@checkedholidays\" \/>\n<meta name=\"twitter:label1\" content=\"Arvioitu lukuaika\" \/>\n\t<meta name=\"twitter:data1\" content=\"1 minuutti\" \/>\n<script type=\"application\/ld+json\" class=\"yoast-schema-graph\">{\"@context\":\"https:\/\/schema.org\",\"@graph\":[{\"@type\":\"WebPage\",\"@id\":\"https:\/\/www.checkedholidays.com\/fi\/cookie-policy\/\",\"url\":\"https:\/\/www.checkedholidays.com\/fi\/cookie-policy\/\",\"name\":\"Ev\u00e4stek\u00e4yt\u00e4nt\u00f6\",\"isPartOf\":{\"@id\":\"https:\/\/www.checkedholidays.com\/fi\/#website\"},\"datePublished\":\"2022-09-05T12:41:32+00:00\",\"dateModified\":\"2025-03-17T10:02:17+00:00\",\"breadcrumb\":{\"@id\":\"https:\/\/www.checkedholidays.com\/fi\/cookie-policy\/#breadcrumb\"},\"inLanguage\":\"fi\",\"potentialAction\":[{\"@type\":\"ReadAction\",\"target\":[\"https:\/\/www.checkedholidays.com\/fi\/cookie-policy\/\"]}]},{\"@type\":\"BreadcrumbList\",\"@id\":\"https:\/\/www.checkedholidays.com\/fi\/cookie-policy\/#breadcrumb\",\"itemListElement\":[{\"@type\":\"ListItem\",\"position\":1,\"name\":\"Home\",\"item\":\"https:\/\/www.checkedholidays.com\/fi\/\"},{\"@type\":\"ListItem\",\"position\":2,\"name\":\"Ev\u00e4stek\u00e4yt\u00e4nt\u00f6\"}]},{\"@type\":\"WebSite\",\"@id\":\"https:\/\/www.checkedholidays.com\/fi\/#website\",\"url\":\"https:\/\/www.checkedholidays.com\/fi\/\",\"name\":\"CheckedHolidays\",\"description\":\"Spanish island holidays... but better!\",\"potentialAction\":[{\"@type\":\"SearchAction\",\"target\":{\"@type\":\"EntryPoint\",\"urlTemplate\":\"https:\/\/www.checkedholidays.com\/fi\/?s={search_term_string}\"},\"query-input\":{\"@type\":\"PropertyValueSpecification\",\"valueRequired\":true,\"valueName\":\"search_term_string\"}}],\"inLanguage\":\"fi\"}]}<\/script>\n<!-- \/ Yoast SEO plugin. -->","yoast_head_json":{"title":"Ev\u00e4stek\u00e4yt\u00e4nt\u00f6","robots":{"index":"index","follow":"follow","max-snippet":"max-snippet:-1","max-image-preview":"max-image-preview:large","max-video-preview":"max-video-preview:-1"},"canonical":"https:\/\/www.checkedholidays.com\/fi\/cookie-policy\/","og_locale":"fi_FI","og_type":"article","og_title":"Ev\u00e4stek\u00e4yt\u00e4nt\u00f6","og_description":"Mit\u00e4 ev\u00e4steet ovat? T\u00e4ss\u00e4 ev\u00e4stek\u00e4yt\u00e4nn\u00f6ss\u00e4 selitet\u00e4\u00e4n, mit\u00e4 ev\u00e4steet ovat ja miten k\u00e4yt\u00e4mme niit\u00e4, mink\u00e4 tyyppisi\u00e4 ev\u00e4steit\u00e4 k\u00e4yt\u00e4mme eli mit\u00e4 tietoja ker\u00e4\u00e4mme ev\u00e4steiden avulla ja miten n\u00e4it\u00e4 tietoja k\u00e4ytet\u00e4\u00e4n sek\u00e4 miten ev\u00e4steasetuksia voidaan hallita. Ev\u00e4steet ovat pieni\u00e4 tekstitiedostoja, joita k\u00e4ytet\u00e4\u00e4n pienten tietojen tallentamiseen. Ne tallennetaan laitteeseesi, kun verkkosivusto ladataan selaimeesi. N\u00e4m\u00e4 ev\u00e4steet auttavat meit\u00e4 saamaan verkkosivuston [&hellip;]","og_url":"https:\/\/www.checkedholidays.com\/fi\/cookie-policy\/","og_site_name":"CheckedHolidays","article_publisher":"http:\/\/www.facebook.com\/checkedholidays","article_modified_time":"2025-03-17T10:02:17+00:00","twitter_card":"summary_large_image","twitter_site":"@checkedholidays","twitter_misc":{"Arvioitu lukuaika":"1 minuutti"},"schema":{"@context":"https:\/\/schema.org","@graph":[{"@type":"WebPage","@id":"https:\/\/www.checkedholidays.com\/fi\/cookie-policy\/","url":"https:\/\/www.checkedholidays.com\/fi\/cookie-policy\/","name":"Ev\u00e4stek\u00e4yt\u00e4nt\u00f6","isPartOf":{"@id":"https:\/\/www.checkedholidays.com\/fi\/#website"},"datePublished":"2022-09-05T12:41:32+00:00","dateModified":"2025-03-17T10:02:17+00:00","breadcrumb":{"@id":"https:\/\/www.checkedholidays.com\/fi\/cookie-policy\/#breadcrumb"},"inLanguage":"fi","potentialAction":[{"@type":"ReadAction","target":["https:\/\/www.checkedholidays.com\/fi\/cookie-policy\/"]}]},{"@type":"BreadcrumbList","@id":"https:\/\/www.checkedholidays.com\/fi\/cookie-policy\/#breadcrumb","itemListElement":[{"@type":"ListItem","position":1,"name":"Home","item":"https:\/\/www.checkedholidays.com\/fi\/"},{"@type":"ListItem","position":2,"name":"Ev\u00e4stek\u00e4yt\u00e4nt\u00f6"}]},{"@type":"WebSite","@id":"https:\/\/www.checkedholidays.com\/fi\/#website","url":"https:\/\/www.checkedholidays.com\/fi\/","name":"CheckedHolidays","description":"Spanish island holidays... but better!","potentialAction":[{"@type":"SearchAction","target":{"@type":"EntryPoint","urlTemplate":"https:\/\/www.checkedholidays.com\/fi\/?s={search_term_string}"},"query-input":{"@type":"PropertyValueSpecification","valueRequired":true,"valueName":"search_term_string"}}],"inLanguage":"fi"}]}},"jetpack_sharing_enabled":true,"_links":{"self":[{"href":"https:\/\/www.checkedholidays.com\/fi\/wp-json\/wp\/v2\/pages\/24498","targetHints":{"allow":["GET"]}}],"collection":[{"href":"https:\/\/www.checkedholidays.com\/fi\/wp-json\/wp\/v2\/pages"}],"about":[{"href":"https:\/\/www.checkedholidays.com\/fi\/wp-json\/wp\/v2\/types\/page"}],"author":[{"embeddable":true,"href":"https:\/\/www.checkedholidays.com\/fi\/wp-json\/wp\/v2\/users\/1"}],"replies":[{"embeddable":true,"href":"https:\/\/www.checkedholidays.com\/fi\/wp-json\/wp\/v2\/comments?post=24498"}],"version-history":[{"count":2,"href":"https:\/\/www.checkedholidays.com\/fi\/wp-json\/wp\/v2\/pages\/24498\/revisions"}],"predecessor-version":[{"id":103248,"href":"https:\/\/www.checkedholidays.com\/fi\/wp-json\/wp\/v2\/pages\/24498\/revisions\/103248"}],"wp:attachment":[{"href":"https:\/\/www.checkedholidays.com\/fi\/wp-json\/wp\/v2\/media?parent=24498"}],"curies":[{"name":"wp","href":"https:\/\/api.w.org\/{rel}","templated":true}]}}